{"id":673586,"date":"2023-07-26T16:17:58","date_gmt":"2023-07-26T13:17:58","guid":{"rendered":"https:\/\/www.etoro.com\/customer-service\/trading-restriction\/"},"modified":"2023-10-19T18:10:18","modified_gmt":"2023-10-19T15:10:18","slug":"trading-restriction","status":"publish","type":"page","link":"https:\/\/www.etoro.com\/es\/customer-service\/terms-conditions\/trading-restriction\/","title":{"rendered":"Actualizaci\u00f3n: Trading"},"content":{"rendered":"\n<section class=\"wp-block-group wp-block-group-boxed has-white-background-color has-background\"><div class=\"wp-block-group-inner is-layout-flow wp-block-group-is-layout-flow\">\n<div class=\"wp-block-columns are-vertically-aligned-top wp-block-columns-1 wp-block-columns-size-14 is-layout-flex wp-container-core-columns-is-layout-1 wp-block-columns-is-layout-flex\">\n<div class=\"wp-block-column wp-block-column-align-desktop-center wp-block-column-align-mobile-left is-layout-flow wp-block-column-is-layout-flow\">\n<h2 class=\"wp-block-heading has-text-align-center\">Restricci\u00f3n de trading de criptomonedas<\/h2>\n\n\n\n<p class=\"has-text-align-center\">Debido a las p\u00e9rdidas potenciales, la Autoridad de Conducta Financiera (FCA) considera que esta inversi\u00f3n es de alto riesgo.<\/p>\n<\/div>\n<\/div>\n<\/div><\/section>\n\n\n\n<section class=\"wp-block-group wp-block-group-boxed\"><div class=\"wp-block-group-inner is-layout-flow wp-block-group-is-layout-flow\">\n<div class=\"wp-block-columns are-vertically-aligned-top wp-block-columns-1 wp-block-columns-size-14 is-layout-flex wp-container-core-columns-is-layout-2 wp-block-columns-is-layout-flex\">\n<div class=\"wp-block-column is-layout-flow wp-block-column-is-layout-flow\">\n<h2 class=\"wp-block-heading\">\u00bfCu\u00e1les son <strong>los riesgos principales?<\/strong><\/h2>\n\n\n\n<h3 class=\"wp-block-heading\">1. Podr\u00eda perder todo el dinero que invierte<\/h3>\n\n\n\n<ul class=\"wp-block-list wp-block-list-circle\">\n<li>El rendimiento de la mayor\u00eda de los criptoactivos puede ser muy vol\u00e1til, ya que su valor cae tan r\u00e1pido como puede aumentar. Debe estar preparado para perder todo el dinero que invierte en criptoactivos.<\/li>\n\n\n\n<li>El mercado de criptoactivos en general no est\u00e1 regulado. Existe el riesgo de perder dinero o cualquier criptoactivo que compre debido a riesgos como ataques cibern\u00e9ticos, delitos financieros y quiebras de empresas.<\/li>\n<\/ul>\n<\/div>\n<\/div>\n<\/div><\/section>\n\n\n\n<section class=\"wp-block-group wp-block-group-boxed has-white-background-color has-background\"><div class=\"wp-block-group-inner is-layout-flow wp-block-group-is-layout-flow\">\n<div class=\"wp-block-columns are-vertically-aligned-top wp-block-columns-1 wp-block-columns-size-14 is-layout-flex wp-container-core-columns-is-layout-3 wp-block-columns-is-layout-flex\">\n<div class=\"wp-block-column is-layout-flow wp-block-column-is-layout-flow\">\n<h3 class=\"wp-block-heading\">2. No debe esperar estar protegido si algo sale mal<\/h3>\n\n\n\n<ul class=\"wp-block-list wp-block-list-circle\">\n<li>El Esquema de Compensaci\u00f3n de Servicios Financieros (FSCS) no protege este tipo de inversi\u00f3n porque no es una \u00abinversi\u00f3n espec\u00edfica\u00bb bajo el r\u00e9gimen regulatorio del Reino Unido; en otras palabras, este tipo de inversi\u00f3n no se reconoce como uno de los tipos que el FSCS puede proteger. Para saber m\u00e1s, consulte el verificador de inversiones protegidas de FSCS aqu\u00ed. [<a href=\"https:\/\/www.fscs.org.uk\/check\/investment-protection-checker\" rel=\"nofollow noopener noreferrer\" >https:\/\/www.fscs.org.uk\/check\/investment-protection-checker<\/a>].<\/li>\n\n\n\n<li>El Servicio del Defensor Financiero (FOS) no podr\u00e1 considerar quejas relacionadas con esta empresa, o la Protecci\u00f3n del Servicio del Defensor Financiero (FOS) no cubrir\u00e1 el bajo rendimiento de la inversi\u00f3n. Si tiene una queja contra una empresa regulada por la FCA, es posible que el FOS pueda considerarla. Obtenga m\u00e1s informaci\u00f3n sobre la protecci\u00f3n FOS aqu\u00ed. [<a href=\"https:\/\/www.financial-ombudsman.org.uk\/consumers\" rel=\"nofollow noopener noreferrer\" >https:\/\/www.financial-ombudsman.org.uk\/consumers<\/a>].<\/li>\n<\/ul>\n<\/div>\n<\/div>\n<\/div><\/section>\n\n\n\n<section class=\"wp-block-group wp-block-group-boxed\"><div class=\"wp-block-group-inner is-layout-flow wp-block-group-is-layout-flow\">\n<div class=\"wp-block-columns are-vertically-aligned-top wp-block-columns-1 wp-block-columns-size-14 is-layout-flex wp-container-core-columns-is-layout-4 wp-block-columns-is-layout-flex\">\n<div class=\"wp-block-column is-layout-flow wp-block-column-is-layout-flow\">\n<h3 class=\"wp-block-heading\">3. Es posible que no pueda vender su inversi\u00f3n cuando lo desee<\/h3>\n\n\n\n<ul class=\"wp-block-list wp-block-list-circle\">\n<li>No hay garant\u00eda de que las inversiones en criptoactivos puedan venderse f\u00e1cilmente en un momento dado. La capacidad de vender un criptoactivo depende de varios factores, incluyendo la oferta y la demanda en el mercado en ese momento.<\/li>\n\n\n\n<li>Los errores operativos, como las interrupciones de la tecnolog\u00eda, los ataques cibern\u00e9ticos y la combinaci\u00f3n de fondos, podr\u00edan provocar demoras no deseadas y es posible que no pueda vender sus criptoactivos cuando lo considere oportuno.<\/li>\n<\/ul>\n<\/div>\n<\/div>\n<\/div><\/section>\n\n\n\n<section class=\"wp-block-group wp-block-group-boxed has-white-background-color has-background\"><div class=\"wp-block-group-inner is-layout-flow wp-block-group-is-layout-flow\">\n<div class=\"wp-block-columns are-vertically-aligned-top wp-block-columns-1 wp-block-columns-size-14 is-layout-flex wp-container-core-columns-is-layout-5 wp-block-columns-is-layout-flex\">\n<div class=\"wp-block-column is-layout-flow wp-block-column-is-layout-flow\">\n<h3 class=\"wp-block-heading\">4. Las inversiones en criptoactivos pueden ser complejas<\/h3>\n\n\n\n<ul class=\"wp-block-list wp-block-list-circle\">\n<li>Las inversiones en criptoactivos pueden ser complejas, lo que dificulta la comprensi\u00f3n de los riesgos asociados con la inversi\u00f3n.<\/li>\n\n\n\n<li>Debe investigar por su cuenta antes de invertir. Si algo parece demasiado bueno para ser verdad, probablemente lo sea.<\/li>\n<\/ul>\n<\/div>\n<\/div>\n<\/div><\/section>\n\n\n\n<section class=\"wp-block-group wp-block-group-boxed\"><div class=\"wp-block-group-inner is-layout-flow wp-block-group-is-layout-flow\">\n<div class=\"wp-block-columns are-vertically-aligned-top wp-block-columns-1 wp-block-columns-size-14 is-layout-flex wp-container-core-columns-is-layout-6 wp-block-columns-is-layout-flex\">\n<div class=\"wp-block-column is-layout-flow wp-block-column-is-layout-flow\">\n<h3 class=\"wp-block-heading\">5. No ponga todos sus huevos en la misma canasta<\/h3>\n\n\n\n<ul class=\"wp-block-list wp-block-list-circle\">\n<li>Poner todo su dinero en un solo tipo de inversi\u00f3n es arriesgado. En cambio, distribuir su dinero en varias inversiones lo hace menos dependiente a que cualquiera de ellas tenga \u00e9xito.<\/li>\n\n\n\n<li>Una buena regla general es no invertir m\u00e1s del 10 % de su dinero en inversiones de alto riesgo. [<a href=\"https:\/\/www.fca.org.uk\/investsmart\/5-questions-ask-you-invest\" rel=\"nofollow noopener noreferrer\" >https:\/\/www.fca.org.uk\/investsmart\/5-questions-ask-you-invest<\/a>]<\/li>\n<\/ul>\n\n\n\n<p class=\"is-style-default\">Si est\u00e1 interesado en saber m\u00e1s sobre c\u00f3mo protegerse, visite el sitio web de la FCA. [<a href=\"https:\/\/www.fca.org.uk\/investsmart\" rel=\"nofollow noopener noreferrer\" >https:\/\/www.fca.org.uk\/investsmart<\/a>]<\/p>\n\n\n\n<p class=\"is-style-default\">Para obtener m\u00e1s informaci\u00f3n sobre los criptoactivos, visite el sitio web de la FCA. [<a href=\"https:\/\/www.fca.org.uk\/investsmart\/crypto-basics\" rel=\"nofollow noopener noreferrer\" >https:\/\/www.fca.org.uk\/investsmart\/crypto-basics<\/a>]<\/p>\n<\/div>\n<\/div>\n<\/div><\/section>\n","protected":false},"excerpt":{"rendered":"<p>Restricci\u00f3n de trading de criptomonedas Debido a las p\u00e9rdidas potenciales, la Autoridad de Conducta Financiera (FCA) considera que esta inversi\u00f3n es de alto riesgo. \u00bfCu\u00e1les son los riesgos principales? 1. Podr\u00eda perder todo el dinero que invierte 2. No debe esperar estar protegido si algo sale mal 3. Es posible que no pueda vender su&hellip;<\/p>\n","protected":false},"author":119,"featured_media":673687,"parent":10772,"menu_order":0,"comment_status":"closed","ping_status":"closed","template":"","meta":{"_acf_changed":false,"inline_featured_image":false,"sticky_cta_settings":"","footnotes":""},"asset_type":[],"class_list":["post-673586","page","type-page","status-publish","has-post-thumbnail","hentry"],"acf":[],"yoast_head":"<title>Actualizaci\u00f3n: Trading - eToro<\/title>\n<meta name=\"robots\" content=\"noindex, nofollow\" \/>\n<meta property=\"og:locale\" content=\"es_ES\" \/>\n<meta property=\"og:type\" content=\"article\" \/>\n<meta property=\"og:title\" content=\"Actualizaci\u00f3n: Trading - eToro\" \/>\n<meta property=\"og:description\" content=\"Restricci\u00f3n de trading de criptomonedas Debido a las p\u00e9rdidas potenciales, la Autoridad de Conducta Financiera (FCA) considera que esta inversi\u00f3n es de alto riesgo. \u00bfCu\u00e1les son los riesgos principales? 1. Podr\u00eda perder todo el dinero que invierte 2. No debe esperar estar protegido si algo sale mal 3. Es posible que no pueda vender su&hellip;\" \/>\n<meta property=\"og:url\" content=\"https:\/\/www.etoro.com\/es\/wp-json\/wp\/v2\/pages\/673586\" \/>\n<meta property=\"og:site_name\" content=\"eToro\" \/>\n<meta property=\"article:publisher\" content=\"https:\/\/www.facebook.com\/eToro\/\" \/>\n<meta property=\"article:modified_time\" content=\"2023-10-19T15:10:18+00:00\" \/>\n<meta property=\"og:image\" content=\"https:\/\/www.etoro.com\/wp-content\/uploads\/2023\/08\/Featured-image-1200x630-1.png\" \/>\n\t<meta property=\"og:image:width\" content=\"1200\" \/>\n\t<meta property=\"og:image:height\" content=\"630\" \/>\n\t<meta property=\"og:image:type\" content=\"image\/png\" \/>\n<meta name=\"twitter:card\" content=\"summary_large_image\" \/>\n<meta name=\"twitter:site\" content=\"@eToro\" \/>\n<meta name=\"twitter:label1\" content=\"Est. reading time\" \/>\n\t<meta name=\"twitter:data1\" content=\"3 minutes\" \/>\n<script type=\"application\/ld+json\" class=\"yoast-schema-graph\">{\"@context\":\"https:\/\/schema.org\",\"@graph\":[{\"@type\":\"WebPage\",\"@id\":\"https:\/\/www.etoro.com\/es\/customer-service\/terms-conditions\/trading-restriction\/\",\"url\":\"https:\/\/www.etoro.com\/es\/customer-service\/terms-conditions\/trading-restriction\/\",\"name\":\"Actualizaci\u00f3n: Trading - eToro\",\"isPartOf\":{\"@id\":\"https:\/\/www.etoro.com\/es\/#website\"},\"primaryImageOfPage\":{\"@id\":\"https:\/\/www.etoro.com\/es\/customer-service\/terms-conditions\/trading-restriction\/#primaryimage\"},\"image\":{\"@id\":\"https:\/\/www.etoro.com\/es\/customer-service\/terms-conditions\/trading-restriction\/#primaryimage\"},\"thumbnailUrl\":\"https:\/\/www.etoro.com\/wp-content\/uploads\/2023\/08\/Featured-image-1200x630-1.png\",\"datePublished\":\"2023-07-26T13:17:58+00:00\",\"dateModified\":\"2023-10-19T15:10:18+00:00\",\"breadcrumb\":{\"@id\":\"https:\/\/www.etoro.com\/es\/customer-service\/terms-conditions\/trading-restriction\/#breadcrumb\"},\"inLanguage\":\"es\",\"potentialAction\":[{\"@type\":\"ReadAction\",\"target\":[\"https:\/\/www.etoro.com\/es\/customer-service\/terms-conditions\/trading-restriction\/\"]}]},{\"@type\":\"ImageObject\",\"inLanguage\":\"es\",\"@id\":\"https:\/\/www.etoro.com\/es\/customer-service\/terms-conditions\/trading-restriction\/#primaryimage\",\"url\":\"https:\/\/www.etoro.com\/wp-content\/uploads\/2023\/08\/Featured-image-1200x630-1.png\",\"contentUrl\":\"https:\/\/www.etoro.com\/wp-content\/uploads\/2023\/08\/Featured-image-1200x630-1.png\",\"width\":1200,\"height\":630,\"caption\":\"Trading Update\"},{\"@type\":\"BreadcrumbList\",\"@id\":\"https:\/\/www.etoro.com\/es\/customer-service\/terms-conditions\/trading-restriction\/#breadcrumb\",\"itemListElement\":[{\"@type\":\"ListItem\",\"position\":1,\"name\":\"Inicio\",\"item\":\"https:\/\/www.etoro.com\/es\/\"},{\"@type\":\"ListItem\",\"position\":2,\"name\":\"ATENCI\u00d3N AL CLIENTE\",\"item\":\"https:\/\/www.etoro.com\/es\/customer-service\/\"},{\"@type\":\"ListItem\",\"position\":3,\"name\":\"T\u00c9RMINOS Y CONDICIONES\",\"item\":\"https:\/\/www.etoro.com\/es\/customer-service\/terms-conditions\/\"},{\"@type\":\"ListItem\",\"position\":4,\"name\":\"Actualizaci\u00f3n: Trading\"}]},{\"@type\":\"WebSite\",\"@id\":\"https:\/\/www.etoro.com\/es\/#website\",\"url\":\"https:\/\/www.etoro.com\/es\/\",\"name\":\"eToro\",\"description\":\"\",\"publisher\":{\"@id\":\"https:\/\/www.etoro.com\/es\/#organization\"},\"potentialAction\":[{\"@type\":\"SearchAction\",\"target\":{\"@type\":\"EntryPoint\",\"urlTemplate\":\"https:\/\/www.etoro.com\/es\/?s={search_term_string}\"},\"query-input\":{\"@type\":\"PropertyValueSpecification\",\"valueRequired\":true,\"valueName\":\"search_term_string\"}}],\"inLanguage\":\"es\"},[]]}<\/script>","yoast_head_json":{"title":"Actualizaci\u00f3n: Trading - eToro","robots":{"index":"noindex","follow":"nofollow"},"og_locale":"es_ES","og_type":"article","og_title":"Actualizaci\u00f3n: Trading - eToro","og_description":"Restricci\u00f3n de trading de criptomonedas Debido a las p\u00e9rdidas potenciales, la Autoridad de Conducta Financiera (FCA) considera que esta inversi\u00f3n es de alto riesgo. \u00bfCu\u00e1les son los riesgos principales? 1. Podr\u00eda perder todo el dinero que invierte 2. No debe esperar estar protegido si algo sale mal 3. Es posible que no pueda vender su&hellip;","og_url":"https:\/\/www.etoro.com\/es\/wp-json\/wp\/v2\/pages\/673586","og_site_name":"eToro","article_publisher":"https:\/\/www.facebook.com\/eToro\/","article_modified_time":"2023-10-19T15:10:18+00:00","og_image":[{"width":1200,"height":630,"url":"https:\/\/www.etoro.com\/wp-content\/uploads\/2023\/08\/Featured-image-1200x630-1.png","type":"image\/png"}],"twitter_card":"summary_large_image","twitter_site":"@eToro","twitter_misc":{"Est. reading time":"3 minutes"},"schema":{"@context":"https:\/\/schema.org","@graph":[{"@type":"WebPage","@id":"https:\/\/www.etoro.com\/es\/customer-service\/terms-conditions\/trading-restriction\/","url":"https:\/\/www.etoro.com\/es\/customer-service\/terms-conditions\/trading-restriction\/","name":"Actualizaci\u00f3n: Trading - eToro","isPartOf":{"@id":"https:\/\/www.etoro.com\/es\/#website"},"primaryImageOfPage":{"@id":"https:\/\/www.etoro.com\/es\/customer-service\/terms-conditions\/trading-restriction\/#primaryimage"},"image":{"@id":"https:\/\/www.etoro.com\/es\/customer-service\/terms-conditions\/trading-restriction\/#primaryimage"},"thumbnailUrl":"https:\/\/www.etoro.com\/wp-content\/uploads\/2023\/08\/Featured-image-1200x630-1.png","datePublished":"2023-07-26T13:17:58+00:00","dateModified":"2023-10-19T15:10:18+00:00","breadcrumb":{"@id":"https:\/\/www.etoro.com\/es\/customer-service\/terms-conditions\/trading-restriction\/#breadcrumb"},"inLanguage":"es","potentialAction":[{"@type":"ReadAction","target":["https:\/\/www.etoro.com\/es\/customer-service\/terms-conditions\/trading-restriction\/"]}]},{"@type":"ImageObject","inLanguage":"es","@id":"https:\/\/www.etoro.com\/es\/customer-service\/terms-conditions\/trading-restriction\/#primaryimage","url":"https:\/\/www.etoro.com\/wp-content\/uploads\/2023\/08\/Featured-image-1200x630-1.png","contentUrl":"https:\/\/www.etoro.com\/wp-content\/uploads\/2023\/08\/Featured-image-1200x630-1.png","width":1200,"height":630,"caption":"Trading Update"},{"@type":"BreadcrumbList","@id":"https:\/\/www.etoro.com\/es\/customer-service\/terms-conditions\/trading-restriction\/#breadcrumb","itemListElement":[{"@type":"ListItem","position":1,"name":"Inicio","item":"https:\/\/www.etoro.com\/es\/"},{"@type":"ListItem","position":2,"name":"ATENCI\u00d3N AL CLIENTE","item":"https:\/\/www.etoro.com\/es\/customer-service\/"},{"@type":"ListItem","position":3,"name":"T\u00c9RMINOS Y CONDICIONES","item":"https:\/\/www.etoro.com\/es\/customer-service\/terms-conditions\/"},{"@type":"ListItem","position":4,"name":"Actualizaci\u00f3n: Trading"}]},{"@type":"WebSite","@id":"https:\/\/www.etoro.com\/es\/#website","url":"https:\/\/www.etoro.com\/es\/","name":"eToro","description":"","publisher":{"@id":"https:\/\/www.etoro.com\/es\/#organization"},"potentialAction":[{"@type":"SearchAction","target":{"@type":"EntryPoint","urlTemplate":"https:\/\/www.etoro.com\/es\/?s={search_term_string}"},"query-input":{"@type":"PropertyValueSpecification","valueRequired":true,"valueName":"search_term_string"}}],"inLanguage":"es"},[]]}},"_links":{"self":[{"href":"https:\/\/www.etoro.com\/es\/wp-json\/wp\/v2\/pages\/673586"}],"collection":[{"href":"https:\/\/www.etoro.com\/es\/wp-json\/wp\/v2\/pages"}],"about":[{"href":"https:\/\/www.etoro.com\/es\/wp-json\/wp\/v2\/types\/page"}],"author":[{"embeddable":true,"href":"https:\/\/www.etoro.com\/es\/wp-json\/wp\/v2\/users\/119"}],"replies":[{"embeddable":true,"href":"https:\/\/www.etoro.com\/es\/wp-json\/wp\/v2\/comments?post=673586"}],"version-history":[{"count":0,"href":"https:\/\/www.etoro.com\/es\/wp-json\/wp\/v2\/pages\/673586\/revisions"}],"up":[{"embeddable":true,"href":"https:\/\/www.etoro.com\/es\/wp-json\/wp\/v2\/pages\/10772"}],"wp:featuredmedia":[{"embeddable":true,"href":"https:\/\/www.etoro.com\/es\/wp-json\/wp\/v2\/media\/673687"}],"wp:attachment":[{"href":"https:\/\/www.etoro.com\/es\/wp-json\/wp\/v2\/media?parent=673586"}],"wp:term":[{"taxonomy":"asset_type","embeddable":true,"href":"https:\/\/www.etoro.com\/es\/wp-json\/wp\/v2\/asset_type?post=673586"}],"curies":[{"name":"wp","href":"https:\/\/api.w.org\/{rel}","templated":true}]}}