{"id":6905,"date":"2017-10-24T08:45:44","date_gmt":"2017-10-24T05:45:44","guid":{"rendered":"\/etoro\/community-guidelines\/"},"modified":"2025-07-10T16:11:57","modified_gmt":"2025-07-10T13:11:57","slug":"community-guidelines","status":"publish","type":"page","link":"https:\/\/www.etoro.com\/es\/customer-service\/community-guidelines\/","title":{"rendered":"Normas de la comunidad de eToro"},"content":{"rendered":"\n<section class=\"wp-block-group wp-block-group-boxed\"><div class=\"wp-block-group-inner is-layout-flow wp-block-group-is-layout-flow\">\n<div class=\"wp-block-columns are-vertically-aligned-top wp-block-columns-1 is-layout-flex wp-container-core-columns-is-layout-1 wp-block-columns-is-layout-flex\">\n<div class=\"wp-block-column is-layout-flow wp-block-column-is-layout-flow\">\n<h2 class=\"wp-block-heading\">C\u00f3mo utilizar eToro<\/h2>\n\n\n\n<p>eToro es una plataforma de operaciones en l\u00ednea. Alberga a millones de usuarios de todo el mundo, que la utilizan para gestionar sus finanzas y realizar operaciones. Sin embargo, eToro tambi\u00e9n es una red social, en la que los usuarios pueden intercambiar reflexiones, ideas, estrategias y mucho m\u00e1s. Como muchas otras redes sociales, eToro tambi\u00e9n es una plataforma que propicia el debate, que, en su mayor parte, se lleva a cabo con tranquilidad y educaci\u00f3n.<\/p>\n\n\n\n<p>Las siguientes normas le ayudar\u00e1n a entender qu\u00e9 tipo de intercambio de opiniones aceptamos en eToro, y qu\u00e9 tipo de contenido est\u00e1 desaconsejado y puede denunciarse, eliminarse o dar lugar a un acceso restringido.<\/p>\n\n\n\n<h2 class=\"wp-block-heading\">Por qu\u00e9 hemos redactado normas para la comunidad<\/h2>\n\n\n\n<p>eToro es, ante todo, una comunidad de entusiastas de las finanzas. La comunidad de eToro es realmente diversa: en ella, participan usuarios de decenas de pa\u00edses de todo el mundo en m\u00e1s de 20 idiomas. Dado su gran alcance, es inevitable que algunos usuarios hagan un mal uso de los aspectos sociales de la plataforma en ciertas ocasiones. Unos pocos lo hacen con mala intenci\u00f3n, pero la mayor\u00eda de las veces simplemente es producto del desconocimiento de las normas de la comunidad. Por esta raz\u00f3n, hemos creado esta gu\u00eda detallada, para que los usuarios de eToro puedan mantener una comunidad sana y beneficiosa para todos.<\/p>\n\n\n\n<h2 class=\"wp-block-heading\">El objetivo de estas normas es el siguiente:<\/h2>\n\n\n\n<ul class=\"wp-block-list wp-block-list wp-block-list-circle\">\n<li><b>Seguridad:<\/b> Aspiramos a garantizar la seguridad y el bienestar de todos los usuarios de eToro. Seguir estas normas garantiza la seguridad de los usuarios.<\/li>\n\n\n\n<li><b>Dignidad<\/b>: eToro es un lugar para personas y todas las personas merecen mantener su dignidad. Seguir estas normas nos permitir\u00e1 asegurarnos de que la dignidad de nuestros usuarios no se vea perjudicada.<\/li>\n<\/ul>\n\n\n\n<p><b><i>Descargo de responsabilidad:<\/i><\/b><i> Tenga en cuenta que la versi\u00f3n en ingl\u00e9s de las normas de la comunidad es la que refleja el conjunto de normas m\u00e1s reciente y es la que debe utilizarse como documento maestro.<\/i><\/p>\n\n\n\n<h2 class=\"wp-block-heading\">Violencia e incitaci\u00f3n<\/h2>\n\n\n\n<p>Los usuarios de eToro nunca deben actuar de forma violenta, ni fomentar comportamientos violentos, directa o indirectamente. Esto incluye el uso de insultos, blasfemias, trolling, abuso, fraude o requerimientos il\u00edcitos, entre otros.<\/p>\n\n\n\n<h2 class=\"wp-block-heading\">Trolling<\/h2>\n\n\n\n<p>Los usuarios de eToro nunca deben incitar intencionadamente al conflicto, provocar ni molestar a otros usuarios a prop\u00f3sito. Todas las discusiones deben ser educadas y el prop\u00f3sito debe ser claro.<\/p>\n\n\n\n<h2 class=\"wp-block-heading\">Enga\u00f1o y suplantaci\u00f3n de identidad<\/h2>\n\n\n\n<p>No debe inducir al enga\u00f1o haci\u00e9ndose pasar por otro utilizando el logotipo de eToro o cualquier otra marca en su avatar o en sus publicaciones.<\/p>\n\n\n\n<h2 class=\"wp-block-heading\">Requerimientos il\u00edcitos<\/h2>\n\n\n\n<p>Tenga en cuenta que los usuarios son responsables de la publicidad de terceros que pueda incluir el contenido que compartan. Por ejemplo, no puede publicar, compartir o mostrar en nuestra plataforma sin nuestro consentimiento previo ning\u00fan contenido de v\u00eddeo que incluya publicidad de terceros, como anuncios de v\u00eddeo pre-roll o material gr\u00e1fico de patrocinio.<\/p>\n\n\n\n<h2 class=\"wp-block-heading\">T\u00e1cticas de manipulaci\u00f3n del mercado<\/h2>\n\n\n\n<ul class=\"wp-block-list wp-block-list wp-block-list-circle\">\n<li>Informaci\u00f3n falsa: No publique informaci\u00f3n enga\u00f1osa sobre su cuenta ni sus habilidades para realizar operaciones.<\/li>\n\n\n\n<li>Asesoramiento de inversi\u00f3n: No ofrezca nunca ning\u00fan consejo directo de inversi\u00f3n ni nada que pueda interpretarse como un consejo de inversi\u00f3n. No haga ninguna propuesta de actuaci\u00f3n directa (como &#8220;Invierta en X&#8221;).<\/li>\n\n\n\n<li>Manipulaci\u00f3n del mercado: No haga falsas promesas ni incite a otros a operar\/invertir, ni intente crear situaciones de mercado vol\u00e1tiles.<\/li>\n\n\n\n<li>No organice ni ejecute estrategias coordinadas para operar o cursar \u00f3rdenes en determinadas condiciones y momentos para influir en el precio de una acci\u00f3n, ya que esto constituye una manipulaci\u00f3n del mercado.<\/li>\n\n\n\n<li>Manipulaci\u00f3n del usuario: No ofrezca instrucciones sobre operaciones espec\u00edficas o sobre c\u00f3mo operar.<\/li>\n\n\n\n<li>Noticias falsas: No comparta ni difunda informaci\u00f3n falsa, informaci\u00f3n que no pueda verificar o rumores.<\/li>\n\n\n\n<li>Spam: No utilice pr\u00e1cticas de colusi\u00f3n y manipulaci\u00f3n, y evite transferir informaci\u00f3n falsa con el fin de distorsionar los mercados financieros, o publicar la misma informaci\u00f3n varias veces en varios posts.<\/li>\n<\/ul>\n\n\n\n<h2 class=\"wp-block-heading\">Servicio de atenci\u00f3n al cliente de eToro<\/h2>\n\n\n\n<p>No publique en el feed preguntas ni informaci\u00f3n t\u00e9cnica o relacionada con cuentas. Si tiene alguna pregunta de este tipo o necesita ayuda, puede ponerse en contacto con el servicio de atenci\u00f3n al cliente en cualquier momento a trav\u00e9s del chat o <a href=\"https:\/\/www.etoro.com\/es\/customer-service\/\">abriendo un ticket<\/a>. Tambi\u00e9n puede consultar el <a href=\"https:\/\/help.etoro.com\/s\/?language=es\">Centro de ayuda de eToro<\/a>.<\/p>\n\n\n\n<h2 class=\"wp-block-heading\">Datos personales<\/h2>\n\n\n\n<p>Nunca comparta sus datos personales en el feed de noticias de eToro y no anime a otros a hacerlo.<\/p>\n\n\n\n<h2 class=\"wp-block-heading\">Temas que debe evitar<\/h2>\n\n\n\n<p>Nunca discuta, mencione o comparta ning\u00fan contenido relacionado con lo siguiente:<\/p>\n\n\n\n<ul class=\"wp-block-list wp-block-list wp-block-list-circle\">\n<li>Suicidio y autolesiones<\/li>\n\n\n\n<li>Explotaci\u00f3n sexual infantil, abuso y desnudez<\/li>\n\n\n\n<li>Intimidaci\u00f3n y acoso<\/li>\n\n\n\n<li>Manipulaci\u00f3n de la plataforma (utilizar la plataforma de eToro con el objetivo de ampliar o suprimir informaci\u00f3n artificialmente)<\/li>\n\n\n\n<li>Medios sint\u00e9ticos y manipulados (compartir de forma enga\u00f1osa medios sint\u00e9ticos o manipulados que puedan causar da\u00f1o)<\/li>\n<\/ul>\n\n\n\n<h2 class=\"wp-block-heading\">Consecuencias de no seguir las normas de la comunidad<\/h2>\n\n\n\n<p>eToro podr\u00e1 editar o eliminar las publicaciones, los comentarios, los avatares y las biograf\u00edas que no sigan las normas especificadas anteriormente. El abuso continuado de estas normas provocar\u00e1 la restricci\u00f3n o bloqueo de su acceso. Si un miembro del equipo o de la comunidad de eToro informa de alguna de las cuestiones anteriores en relaci\u00f3n con un usuario espec\u00edfico y descubrimos que el comportamiento persiste, esto tambi\u00e9n dar\u00e1 motivo para eliminar el contenido o restringir el acceso de ese usuario. Si su acceso se ha restringido y no est\u00e1 seguro de cu\u00e1l es la causa de esta restricci\u00f3n, p\u00f3ngase en contacto con nuestro equipo de atenci\u00f3n al cliente.<\/p>\n\n\n\n<h2 class=\"wp-block-heading\">Comportamientos aceptados:<\/h2>\n\n\n\n<h3 class=\"wp-block-heading\">Sea constructivo<\/h3>\n\n\n\n<p>En nuestra plataforma participan operadores de diferentes edades, culturas, estilos de vida y opiniones, pero todos comparten un inter\u00e9s com\u00fan por operar en los mercados. Sea educado y respetuoso con las opiniones, los comentarios o la actividad de los dem\u00e1s, aunque no comparta sus mismas ideas. Le animamos a que comparta sus ideas y comentarios, pero le rogamos que sea respetuoso y no acose a nadie.<\/p>\n\n\n\n<h3 class=\"wp-block-heading\">Fomente el debate<\/h3>\n\n\n\n<p>Le animamos a debatir y a cuestionar las ideas, las estrategias y los acontecimientos del mercado a medida que se producen.<\/p>\n\n\n\n<h3 class=\"wp-block-heading\">Mantenga la relevancia<\/h3>\n\n\n\n<p>Si no est\u00e1 seguro de algo, haga preguntas, pero sin desviarse del tema. Mantenga el hilo de las discusiones y coloque la informaci\u00f3n en el lugar correcto. No interrumpa las conversaciones de los dem\u00e1s ni utilice los feeds del mercado para publicar informaci\u00f3n personal o irrelevante. Esto incluye etiquetar feeds del mercado en sus historias, utilizarlos para promocionar sus propios resultados (consulte Spam) o hacer preguntas generales en discusiones sobre otros temas.<\/p>\n\n\n\n<h3 class=\"wp-block-heading\">No sea t\u00edmido si est\u00e1 empezando<\/h3>\n\n\n\n<p>Pregunte e indague sobre los acontecimientos si no est\u00e1 seguro de su significado o de cu\u00e1l es el resultado que todo el mundo prev\u00e9 y por qu\u00e9.<\/p>\n\n\n\n<h3 class=\"wp-block-heading\">Aumente la exposici\u00f3n de su cartera a la comunidad<\/h3>\n\n\n\n<p>Si desea tener seguidores en eToro, no dude en seguir estos consejos:<\/p>\n\n\n\n<ul class=\"wp-block-list wp-block-list wp-block-list-circle\">\n<li>Suba una foto suya y ponga su nombre.<\/li>\n\n\n\n<li>eToro fomenta las operaciones responsables. Pres\u00e9ntese como un operador responsable ante aquellas personas que visiten su perfil. Comparta opiniones y explicaciones sobre sus operaciones en su feed de noticias. De esta forma, reforzar\u00e1 su reputaci\u00f3n y proporcionar\u00e1 informaci\u00f3n a otras personas que podr\u00edan copiar sus operaciones.<\/li>\n\n\n\n<li>Participe en conversaciones y responda las preguntas de otros usuarios.<\/li>\n\n\n\n<li>Comparta sus acciones y publicaciones en Facebook y Twitter para atraer a otras personas que podr\u00edan copiar sus operaciones. Compruebe qu\u00e9 promociones est\u00e1n disponibles para todas las regiones y comp\u00e1rtalas con sus amigos.<\/li>\n<\/ul>\n<\/div>\n<\/div>\n<\/div><\/section>\n","protected":false},"excerpt":{"rendered":"<p>C\u00f3mo utilizar eToro eToro es una plataforma de operaciones en l\u00ednea. Alberga a millones de usuarios de todo el mundo, que la utilizan para gestionar sus finanzas y realizar operaciones. Sin embargo, eToro tambi\u00e9n es una red social, en la que los usuarios pueden intercambiar reflexiones, ideas, estrategias y mucho m\u00e1s. Como muchas otras redes&hellip;<\/p>\n","protected":false},"author":1,"featured_media":812588,"parent":6961,"menu_order":1543,"comment_status":"closed","ping_status":"closed","template":"","meta":{"_acf_changed":false,"inline_featured_image":false,"sticky_cta_settings":"","footnotes":""},"asset_type":[],"class_list":["post-6905","page","type-page","status-publish","has-post-thumbnail","hentry"],"acf":[],"yoast_head":"<title>Normas de la comunidad de trading social<\/title>\n<meta name=\"description\" content=\"eToro cuenta con una red de m\u00e1s de seis millones de inversores. Estas normas garantizan un ambiente cordial dentro de la comunidad de trading social.\" \/>\n<meta name=\"robots\" content=\"index, follow, max-snippet:-1, max-image-preview:large, max-video-preview:-1\" \/>\n<link rel=\"canonical\" href=\"https:\/\/www.etoro.com\/es\/wp-json\/wp\/v2\/pages\/6905\" \/>\n<meta property=\"og:locale\" content=\"es_ES\" \/>\n<meta property=\"og:type\" content=\"article\" \/>\n<meta property=\"og:title\" content=\"Normas de la comunidad de trading social\" \/>\n<meta property=\"og:description\" content=\"eToro cuenta con una red de m\u00e1s de seis millones de inversores. Estas normas garantizan un ambiente cordial dentro de la comunidad de trading social.\" \/>\n<meta property=\"og:url\" content=\"https:\/\/www.etoro.com\/es\/wp-json\/wp\/v2\/pages\/6905\" \/>\n<meta property=\"og:site_name\" content=\"eToro\" \/>\n<meta property=\"article:publisher\" content=\"https:\/\/www.facebook.com\/eToro\/\" \/>\n<meta property=\"article:modified_time\" content=\"2025-07-10T13:11:57+00:00\" \/>\n<meta property=\"og:image\" content=\"https:\/\/www.etoro.com\/wp-content\/uploads\/2023\/12\/ES_eToro-Community-Guidelines_Featured-image-1200x630-1.png\" \/>\n\t<meta property=\"og:image:width\" content=\"1200\" \/>\n\t<meta property=\"og:image:height\" content=\"630\" \/>\n\t<meta property=\"og:image:type\" content=\"image\/png\" \/>\n<meta name=\"twitter:card\" content=\"summary_large_image\" \/>\n<meta name=\"twitter:site\" content=\"@eToro\" \/>\n<meta name=\"twitter:label1\" content=\"Est. reading time\" \/>\n\t<meta name=\"twitter:data1\" content=\"6 minutes\" \/>\n<script type=\"application\/ld+json\" class=\"yoast-schema-graph\">{\"@context\":\"https:\/\/schema.org\",\"@graph\":[{\"@type\":\"WebPage\",\"@id\":\"https:\/\/www.etoro.com\/es\/customer-service\/community-guidelines\/\",\"url\":\"https:\/\/www.etoro.com\/es\/customer-service\/community-guidelines\/\",\"name\":\"Normas de la comunidad de trading social\",\"isPartOf\":{\"@id\":\"https:\/\/www.etoro.com\/es\/#website\"},\"primaryImageOfPage\":{\"@id\":\"https:\/\/www.etoro.com\/es\/customer-service\/community-guidelines\/#primaryimage\"},\"image\":{\"@id\":\"https:\/\/www.etoro.com\/es\/customer-service\/community-guidelines\/#primaryimage\"},\"thumbnailUrl\":\"https:\/\/www.etoro.com\/wp-content\/uploads\/2023\/12\/ES_eToro-Community-Guidelines_Featured-image-1200x630-1.png\",\"datePublished\":\"2017-10-24T05:45:44+00:00\",\"dateModified\":\"2025-07-10T13:11:57+00:00\",\"description\":\"eToro cuenta con una red de m\u00e1s de seis millones de inversores. Estas normas garantizan un ambiente cordial dentro de la comunidad de trading social.\",\"breadcrumb\":{\"@id\":\"https:\/\/www.etoro.com\/es\/customer-service\/community-guidelines\/#breadcrumb\"},\"inLanguage\":\"es\",\"potentialAction\":[{\"@type\":\"ReadAction\",\"target\":[\"https:\/\/www.etoro.com\/es\/customer-service\/community-guidelines\/\"]}]},{\"@type\":\"ImageObject\",\"inLanguage\":\"es\",\"@id\":\"https:\/\/www.etoro.com\/es\/customer-service\/community-guidelines\/#primaryimage\",\"url\":\"https:\/\/www.etoro.com\/wp-content\/uploads\/2023\/12\/ES_eToro-Community-Guidelines_Featured-image-1200x630-1.png\",\"contentUrl\":\"https:\/\/www.etoro.com\/wp-content\/uploads\/2023\/12\/ES_eToro-Community-Guidelines_Featured-image-1200x630-1.png\",\"width\":1200,\"height\":630,\"caption\":\"Community Guidelines\"},{\"@type\":\"BreadcrumbList\",\"@id\":\"https:\/\/www.etoro.com\/es\/customer-service\/community-guidelines\/#breadcrumb\",\"itemListElement\":[{\"@type\":\"ListItem\",\"position\":1,\"name\":\"Inicio\",\"item\":\"https:\/\/www.etoro.com\/es\/\"},{\"@type\":\"ListItem\",\"position\":2,\"name\":\"ATENCI\u00d3N AL CLIENTE\",\"item\":\"https:\/\/www.etoro.com\/es\/customer-service\/\"},{\"@type\":\"ListItem\",\"position\":3,\"name\":\"DIRECTRICES COMUNITARIAS\"}]},{\"@type\":\"WebSite\",\"@id\":\"https:\/\/www.etoro.com\/es\/#website\",\"url\":\"https:\/\/www.etoro.com\/es\/\",\"name\":\"eToro\",\"description\":\"\",\"publisher\":{\"@id\":\"https:\/\/www.etoro.com\/es\/#organization\"},\"potentialAction\":[{\"@type\":\"SearchAction\",\"target\":{\"@type\":\"EntryPoint\",\"urlTemplate\":\"https:\/\/www.etoro.com\/es\/?s={search_term_string}\"},\"query-input\":{\"@type\":\"PropertyValueSpecification\",\"valueRequired\":true,\"valueName\":\"search_term_string\"}}],\"inLanguage\":\"es\"},[]]}<\/script>","yoast_head_json":{"title":"Normas de la comunidad de trading social","description":"eToro cuenta con una red de m\u00e1s de seis millones de inversores. Estas normas garantizan un ambiente cordial dentro de la comunidad de trading social.","robots":{"index":"index","follow":"follow","max-snippet":"max-snippet:-1","max-image-preview":"max-image-preview:large","max-video-preview":"max-video-preview:-1"},"canonical":"https:\/\/www.etoro.com\/es\/wp-json\/wp\/v2\/pages\/6905","og_locale":"es_ES","og_type":"article","og_title":"Normas de la comunidad de trading social","og_description":"eToro cuenta con una red de m\u00e1s de seis millones de inversores. Estas normas garantizan un ambiente cordial dentro de la comunidad de trading social.","og_url":"https:\/\/www.etoro.com\/es\/wp-json\/wp\/v2\/pages\/6905","og_site_name":"eToro","article_publisher":"https:\/\/www.facebook.com\/eToro\/","article_modified_time":"2025-07-10T13:11:57+00:00","og_image":[{"width":1200,"height":630,"url":"https:\/\/www.etoro.com\/wp-content\/uploads\/2023\/12\/ES_eToro-Community-Guidelines_Featured-image-1200x630-1.png","type":"image\/png"}],"twitter_card":"summary_large_image","twitter_site":"@eToro","twitter_misc":{"Est. reading time":"6 minutes"},"schema":{"@context":"https:\/\/schema.org","@graph":[{"@type":"WebPage","@id":"https:\/\/www.etoro.com\/es\/customer-service\/community-guidelines\/","url":"https:\/\/www.etoro.com\/es\/customer-service\/community-guidelines\/","name":"Normas de la comunidad de trading social","isPartOf":{"@id":"https:\/\/www.etoro.com\/es\/#website"},"primaryImageOfPage":{"@id":"https:\/\/www.etoro.com\/es\/customer-service\/community-guidelines\/#primaryimage"},"image":{"@id":"https:\/\/www.etoro.com\/es\/customer-service\/community-guidelines\/#primaryimage"},"thumbnailUrl":"https:\/\/www.etoro.com\/wp-content\/uploads\/2023\/12\/ES_eToro-Community-Guidelines_Featured-image-1200x630-1.png","datePublished":"2017-10-24T05:45:44+00:00","dateModified":"2025-07-10T13:11:57+00:00","description":"eToro cuenta con una red de m\u00e1s de seis millones de inversores. Estas normas garantizan un ambiente cordial dentro de la comunidad de trading social.","breadcrumb":{"@id":"https:\/\/www.etoro.com\/es\/customer-service\/community-guidelines\/#breadcrumb"},"inLanguage":"es","potentialAction":[{"@type":"ReadAction","target":["https:\/\/www.etoro.com\/es\/customer-service\/community-guidelines\/"]}]},{"@type":"ImageObject","inLanguage":"es","@id":"https:\/\/www.etoro.com\/es\/customer-service\/community-guidelines\/#primaryimage","url":"https:\/\/www.etoro.com\/wp-content\/uploads\/2023\/12\/ES_eToro-Community-Guidelines_Featured-image-1200x630-1.png","contentUrl":"https:\/\/www.etoro.com\/wp-content\/uploads\/2023\/12\/ES_eToro-Community-Guidelines_Featured-image-1200x630-1.png","width":1200,"height":630,"caption":"Community Guidelines"},{"@type":"BreadcrumbList","@id":"https:\/\/www.etoro.com\/es\/customer-service\/community-guidelines\/#breadcrumb","itemListElement":[{"@type":"ListItem","position":1,"name":"Inicio","item":"https:\/\/www.etoro.com\/es\/"},{"@type":"ListItem","position":2,"name":"ATENCI\u00d3N AL CLIENTE","item":"https:\/\/www.etoro.com\/es\/customer-service\/"},{"@type":"ListItem","position":3,"name":"DIRECTRICES COMUNITARIAS"}]},{"@type":"WebSite","@id":"https:\/\/www.etoro.com\/es\/#website","url":"https:\/\/www.etoro.com\/es\/","name":"eToro","description":"","publisher":{"@id":"https:\/\/www.etoro.com\/es\/#organization"},"potentialAction":[{"@type":"SearchAction","target":{"@type":"EntryPoint","urlTemplate":"https:\/\/www.etoro.com\/es\/?s={search_term_string}"},"query-input":{"@type":"PropertyValueSpecification","valueRequired":true,"valueName":"search_term_string"}}],"inLanguage":"es"},[]]}},"_links":{"self":[{"href":"https:\/\/www.etoro.com\/es\/wp-json\/wp\/v2\/pages\/6905"}],"collection":[{"href":"https:\/\/www.etoro.com\/es\/wp-json\/wp\/v2\/pages"}],"about":[{"href":"https:\/\/www.etoro.com\/es\/wp-json\/wp\/v2\/types\/page"}],"author":[{"embeddable":true,"href":"https:\/\/www.etoro.com\/es\/wp-json\/wp\/v2\/users\/1"}],"replies":[{"embeddable":true,"href":"https:\/\/www.etoro.com\/es\/wp-json\/wp\/v2\/comments?post=6905"}],"version-history":[{"count":0,"href":"https:\/\/www.etoro.com\/es\/wp-json\/wp\/v2\/pages\/6905\/revisions"}],"up":[{"embeddable":true,"href":"https:\/\/www.etoro.com\/es\/wp-json\/wp\/v2\/pages\/6961"}],"wp:featuredmedia":[{"embeddable":true,"href":"https:\/\/www.etoro.com\/es\/wp-json\/wp\/v2\/media\/812588"}],"wp:attachment":[{"href":"https:\/\/www.etoro.com\/es\/wp-json\/wp\/v2\/media?parent=6905"}],"wp:term":[{"taxonomy":"asset_type","embeddable":true,"href":"https:\/\/www.etoro.com\/es\/wp-json\/wp\/v2\/asset_type?post=6905"}],"curies":[{"name":"wp","href":"https:\/\/api.w.org\/{rel}","templated":true}]}}