{"id":6961,"date":"2017-08-30T15:15:26","date_gmt":"2017-08-30T12:15:26","guid":{"rendered":"\/etoro\/customer-service\/"},"modified":"2018-11-26T16:26:59","modified_gmt":"2018-11-26T14:26:59","slug":"customer-service","status":"publish","type":"page","link":"https:\/\/www.etoro.com\/es\/customer-service\/","title":{"rendered":"Atenci\u00f3n Al Cliente"},"content":{"rendered":"<h1>Centro de atenci\u00f3n al cliente<\/h1>\n<p>Bienvenido al Centro de atenci\u00f3n al cliente, su ventana \u00abtodo en uno\u00bb donde realizar el seguimiento de sus incidencias abiertas, conservar los registros de temas cerrados, buscar respuestas a sus preguntas en la base de datos y enviar preguntas y comentarios directamente a nuestro equipo.<\/p>\n","protected":false},"excerpt":{"rendered":"<p>Centro de atenci\u00f3n al cliente Bienvenido al Centro de atenci\u00f3n al cliente, su ventana \u00abtodo en uno\u00bb donde realizar el seguimiento de sus incidencias abiertas, conservar los registros de temas cerrados, buscar respuestas a sus preguntas en la base de datos y enviar preguntas y comentarios directamente a nuestro equipo.<\/p>\n","protected":false},"author":1,"featured_media":0,"parent":0,"menu_order":1749,"comment_status":"closed","ping_status":"closed","template":"template-support.php","meta":{"_acf_changed":false,"inline_featured_image":false,"sticky_cta_settings":"","footnotes":""},"asset_type":[],"class_list":["post-6961","page","type-page","status-publish","hentry"],"acf":[],"yoast_head":"<title>Atenci\u00f3n Al Cliente | eToro<\/title>\n<meta name=\"description\" content=\"\u00bfTiene alguna pregunta o necesita ayuda con la plataforma eToro? En esta p\u00e1gina, encontrar\u00e1 diversos modos de ponerse en contacto con Atenci\u00f3n al cliente, donde estar\u00e1n encantados de ayudarle.\" \/>\n<meta name=\"robots\" content=\"index, follow, max-snippet:-1, max-image-preview:large, max-video-preview:-1\" \/>\n<link rel=\"canonical\" href=\"https:\/\/www.etoro.com\/es\/wp-json\/wp\/v2\/pages\/6961\" \/>\n<meta property=\"og:locale\" content=\"es_ES\" \/>\n<meta property=\"og:type\" content=\"article\" \/>\n<meta property=\"og:title\" content=\"Atenci\u00f3n Al Cliente | eToro\" \/>\n<meta property=\"og:description\" content=\"\u00bfTiene alguna pregunta o necesita ayuda con la plataforma eToro? En esta p\u00e1gina, encontrar\u00e1 diversos modos de ponerse en contacto con Atenci\u00f3n al cliente, donde estar\u00e1n encantados de ayudarle.\" \/>\n<meta property=\"og:url\" content=\"https:\/\/www.etoro.com\/es\/wp-json\/wp\/v2\/pages\/6961\" \/>\n<meta property=\"og:site_name\" content=\"eToro\" \/>\n<meta property=\"article:publisher\" content=\"https:\/\/www.facebook.com\/eToro\/\" \/>\n<meta property=\"article:modified_time\" content=\"2018-11-26T14:26:59+00:00\" \/>\n<meta property=\"og:image\" content=\"https:\/\/www.etoro.com\/wp-content\/uploads\/2019\/12\/etoro_logo_social_share1.png\" \/>\n\t<meta property=\"og:image:width\" content=\"240\" \/>\n\t<meta property=\"og:image:height\" content=\"240\" \/>\n\t<meta property=\"og:image:type\" content=\"image\/png\" \/>\n<meta name=\"twitter:card\" content=\"summary_large_image\" \/>\n<meta name=\"twitter:site\" content=\"@eToro\" \/>\n<script type=\"application\/ld+json\" class=\"yoast-schema-graph\">{\"@context\":\"https:\/\/schema.org\",\"@graph\":[{\"@type\":\"WebPage\",\"@id\":\"https:\/\/www.etoro.com\/es\/customer-service\/\",\"url\":\"https:\/\/www.etoro.com\/es\/customer-service\/\",\"name\":\"Atenci\u00f3n Al Cliente | eToro\",\"isPartOf\":{\"@id\":\"https:\/\/www.etoro.com\/es\/#website\"},\"datePublished\":\"2017-08-30T12:15:26+00:00\",\"dateModified\":\"2018-11-26T14:26:59+00:00\",\"description\":\"\u00bfTiene alguna pregunta o necesita ayuda con la plataforma eToro? En esta p\u00e1gina, encontrar\u00e1 diversos modos de ponerse en contacto con Atenci\u00f3n al cliente, donde estar\u00e1n encantados de ayudarle.\",\"breadcrumb\":{\"@id\":\"https:\/\/www.etoro.com\/es\/customer-service\/#breadcrumb\"},\"inLanguage\":\"es\",\"potentialAction\":[{\"@type\":\"ReadAction\",\"target\":[\"https:\/\/www.etoro.com\/es\/customer-service\/\"]}]},{\"@type\":\"BreadcrumbList\",\"@id\":\"https:\/\/www.etoro.com\/es\/customer-service\/#breadcrumb\",\"itemListElement\":[{\"@type\":\"ListItem\",\"position\":1,\"name\":\"Inicio\",\"item\":\"https:\/\/www.etoro.com\/es\/\"},{\"@type\":\"ListItem\",\"position\":2,\"name\":\"ATENCI\u00d3N AL CLIENTE\"}]},{\"@type\":\"WebSite\",\"@id\":\"https:\/\/www.etoro.com\/es\/#website\",\"url\":\"https:\/\/www.etoro.com\/es\/\",\"name\":\"eToro\",\"description\":\"\",\"publisher\":{\"@id\":\"https:\/\/www.etoro.com\/es\/#organization\"},\"potentialAction\":[{\"@type\":\"SearchAction\",\"target\":{\"@type\":\"EntryPoint\",\"urlTemplate\":\"https:\/\/www.etoro.com\/es\/?s={search_term_string}\"},\"query-input\":{\"@type\":\"PropertyValueSpecification\",\"valueRequired\":true,\"valueName\":\"search_term_string\"}}],\"inLanguage\":\"es\"},[]]}<\/script>","yoast_head_json":{"title":"Atenci\u00f3n Al Cliente | eToro","description":"\u00bfTiene alguna pregunta o necesita ayuda con la plataforma eToro? En esta p\u00e1gina, encontrar\u00e1 diversos modos de ponerse en contacto con Atenci\u00f3n al cliente, donde estar\u00e1n encantados de ayudarle.","robots":{"index":"index","follow":"follow","max-snippet":"max-snippet:-1","max-image-preview":"max-image-preview:large","max-video-preview":"max-video-preview:-1"},"canonical":"https:\/\/www.etoro.com\/es\/wp-json\/wp\/v2\/pages\/6961","og_locale":"es_ES","og_type":"article","og_title":"Atenci\u00f3n Al Cliente | eToro","og_description":"\u00bfTiene alguna pregunta o necesita ayuda con la plataforma eToro? En esta p\u00e1gina, encontrar\u00e1 diversos modos de ponerse en contacto con Atenci\u00f3n al cliente, donde estar\u00e1n encantados de ayudarle.","og_url":"https:\/\/www.etoro.com\/es\/wp-json\/wp\/v2\/pages\/6961","og_site_name":"eToro","article_publisher":"https:\/\/www.facebook.com\/eToro\/","article_modified_time":"2018-11-26T14:26:59+00:00","og_image":[{"width":240,"height":240,"url":"https:\/\/www.etoro.com\/wp-content\/uploads\/2019\/12\/etoro_logo_social_share1.png","type":"image\/png"}],"twitter_card":"summary_large_image","twitter_site":"@eToro","schema":{"@context":"https:\/\/schema.org","@graph":[{"@type":"WebPage","@id":"https:\/\/www.etoro.com\/es\/customer-service\/","url":"https:\/\/www.etoro.com\/es\/customer-service\/","name":"Atenci\u00f3n Al Cliente | eToro","isPartOf":{"@id":"https:\/\/www.etoro.com\/es\/#website"},"datePublished":"2017-08-30T12:15:26+00:00","dateModified":"2018-11-26T14:26:59+00:00","description":"\u00bfTiene alguna pregunta o necesita ayuda con la plataforma eToro? En esta p\u00e1gina, encontrar\u00e1 diversos modos de ponerse en contacto con Atenci\u00f3n al cliente, donde estar\u00e1n encantados de ayudarle.","breadcrumb":{"@id":"https:\/\/www.etoro.com\/es\/customer-service\/#breadcrumb"},"inLanguage":"es","potentialAction":[{"@type":"ReadAction","target":["https:\/\/www.etoro.com\/es\/customer-service\/"]}]},{"@type":"BreadcrumbList","@id":"https:\/\/www.etoro.com\/es\/customer-service\/#breadcrumb","itemListElement":[{"@type":"ListItem","position":1,"name":"Inicio","item":"https:\/\/www.etoro.com\/es\/"},{"@type":"ListItem","position":2,"name":"ATENCI\u00d3N AL CLIENTE"}]},{"@type":"WebSite","@id":"https:\/\/www.etoro.com\/es\/#website","url":"https:\/\/www.etoro.com\/es\/","name":"eToro","description":"","publisher":{"@id":"https:\/\/www.etoro.com\/es\/#organization"},"potentialAction":[{"@type":"SearchAction","target":{"@type":"EntryPoint","urlTemplate":"https:\/\/www.etoro.com\/es\/?s={search_term_string}"},"query-input":{"@type":"PropertyValueSpecification","valueRequired":true,"valueName":"search_term_string"}}],"inLanguage":"es"},[]]}},"_links":{"self":[{"href":"https:\/\/www.etoro.com\/es\/wp-json\/wp\/v2\/pages\/6961"}],"collection":[{"href":"https:\/\/www.etoro.com\/es\/wp-json\/wp\/v2\/pages"}],"about":[{"href":"https:\/\/www.etoro.com\/es\/wp-json\/wp\/v2\/types\/page"}],"author":[{"embeddable":true,"href":"https:\/\/www.etoro.com\/es\/wp-json\/wp\/v2\/users\/1"}],"replies":[{"embeddable":true,"href":"https:\/\/www.etoro.com\/es\/wp-json\/wp\/v2\/comments?post=6961"}],"version-history":[{"count":0,"href":"https:\/\/www.etoro.com\/es\/wp-json\/wp\/v2\/pages\/6961\/revisions"}],"wp:attachment":[{"href":"https:\/\/www.etoro.com\/es\/wp-json\/wp\/v2\/media?parent=6961"}],"wp:term":[{"taxonomy":"asset_type","embeddable":true,"href":"https:\/\/www.etoro.com\/es\/wp-json\/wp\/v2\/asset_type?post=6961"}],"curies":[{"name":"wp","href":"https:\/\/api.w.org\/{rel}","templated":true}]}}