{"id":6983,"date":"2017-10-17T14:49:19","date_gmt":"2017-10-17T11:49:19","guid":{"rendered":"\/etoro\/copy-mirror\/"},"modified":"2021-10-04T11:28:20","modified_gmt":"2021-10-04T08:28:20","slug":"copy-vs-mirror","status":"publish","type":"page","link":"https:\/\/www.etoro.com\/es\/copytrader\/copy-vs-mirror\/","title":{"rendered":"El sistema Copy Trading revoluciona el concepto de \u00abTrading reflejado\u00bb"},"content":{"rendered":"<p>Ha decidido comenzar a invertir en l\u00ednea. Ha le\u00eddo informaci\u00f3n acerca de diversas plataformas y sabe que puede reflejar operaciones de inversi\u00f3n. Pero, \u00bfqu\u00e9 le parece el sistema Copy Trading? Se trata de uno de los m\u00e9todos m\u00e1s sencillos de invertir en l\u00ednea. \u00bfHa pensado en probarlo?<\/p>\n<p>Esta p\u00e1gina le explicar\u00e1 las diferencias entre estos dos conceptos: \u00abTrading reflejado\u00bb y el sistema CopyTrading de eToro.<\/p>\n<h2>\u00bfQu\u00e9 es el \u00abTrading reflejado\u00bb?<\/h2>\n<p>El \u00abtrading reflejado\u00bb lleva emple\u00e1ndose en el mercado de divisas desde el inicio del siglo XXI. B\u00e1sicamente consiste en copiar las operaciones de otro inversor y se ha vuelto cada vez m\u00e1s popular entre las peque\u00f1as empresas del sector de la inversi\u00f3n en l\u00ednea en divisas. \u00bfQu\u00e9 puede ser m\u00e1s sencillo que los mejores inversores del mundo gestionen sus operaciones y pueda automatizar por completo su experiencia inversora? No se requiere ninguna intervenci\u00f3n por parte del cliente, pues la plataforma controla toda la actividad de la cuenta. Basta con que inicie sesi\u00f3n una vez a la semana para ver el saldo de su cuenta.<\/p>\n<p>Algunas plataformas pueden ofrecer \u00abTrading reflejado\u00bb porque re\u00fanen a experimentados inversores de diversas partes del mundo. Proporcionan a esos inversores cuentas de inversi\u00f3n gratuitas, que permiten a esas plataformas mostrar unos impresionantes historiales de rendimiento cuando se les somete a auditor\u00edas o pruebas. De forma paralela, estas empresas de \u00abtrading reflejado\u00bb contin\u00faan mostrando los historiales de rendimiento de estos inversores y actualiz\u00e1ndolos de forma regular en sus sitios web.<\/p>\n<p>En sus programas, estas empresas incluyen acuerdos establecidos con varios agentes de corretaje. Las empresas integran muchas de las cuentas del agente en una sola \u00abcuenta maestra\u00bb controlada por la empresa. El agente es el titular de las cuentas individuales, pero la empresa es la titular de la \u00abcuenta maestra\u00bb. La empresa concede la cuenta maestra a los inversores de mejor rendimiento, y sus movimientos se reflejan en otras cuentas relacionadas.<\/p>\n<p>Una vez que el cliente elige un inversor para que gestione su cuenta, se le aconseja abrir una cuenta con el agente de corretaje recomendado para esta cuenta maestra. Una vez que se ha abierto esta cuenta, se configura de forma autom\u00e1tica conforme a la cuenta maestra del inversor seleccionado. A partir de ese momento, todo lo que el inversor realice en su propia cuenta se replica\/refleja autom\u00e1ticamente en la cuenta del cliente. El cliente tiene libertad de seleccionar sus propios par\u00e1metros de gesti\u00f3n de riesgos, de ah\u00ed que posibles p\u00e9rdidas ocasionales o fracasos en operaciones inversoras no tienen por qu\u00e9 reflejarse en la cuenta del cliente.<\/p>\n<p>Teniendo en cuenta lo que acaba de leer, veamos ahora c\u00f3mo ha revolucionado eToro este concepto de \u00abtrading reflejado\u00bb al darle un toque de trading social y, de paso, convertirlo en un sistema m\u00e1s sencillo.<\/p>\n<h2>\u00bfQu\u00e9 es el Copy Trading?<\/h2>\n<p>eToro ha liderado el concepto de Copy Trading, que permite copiar autom\u00e1ticamente a los inversores que elija para replicar todo lo que hacen en sus propias cuentas. En lenguaje sencillo, se trata de invertir en los mercados financieros haciendo que otros inversores de todo el mundo inviertan en nombre suyo.<\/p>\n<p>A continuaci\u00f3n, echemos un vistazo a las funciones sociales de eToro que han revolucionado la inversi\u00f3n en l\u00ednea. En el canal de la <a href=\"https:\/\/www.etoro.com\/es\/trading\/platforms\/\" target=\"_blank\" rel=\"noopener noreferrer\">plataforma inversora<\/a> de eToro, puede ver los componentes b\u00e1sicos que constituyen el trading social, como ver lo que otros inversores hacen en tiempo real, seguir a los mejores inversores o copiar a los inversores que le gusten.<\/p>\n<p>Al iniciar sesi\u00f3n en eToro, advertir\u00e1 inmediatamente que esta plataforma inversora no se parece nada a otras que operan en el \u00e1mbito de la inversi\u00f3n en l\u00ednea hoy en d\u00eda. Las gr\u00e1ficas, de por s\u00ed complicadas, se presentan de una forma f\u00e1cil de entender, y ciertas partes de la plataforma parecen m\u00e1s una red social que una plataforma inversora. Solo en eToro puede seguir a otros inversores y ver su actividad reciente en su lista de vigilancia: un canal de inversi\u00f3n en directo que incluye las personas y activos que decide seguir.<\/p>\n<p>Otra funci\u00f3n pr\u00e1ctica es el Copy Trading (basada en CopyTrader\u2122, la tecnolog\u00eda patentada de eToro). Esta herramienta le permite copiar autom\u00e1ticamente a inversores de \u00e9xito y abrir las mismas posiciones que ellos. De esta forma, puede crear su propio portafolio basado en personas. Esta funci\u00f3n es una gran soluci\u00f3n para quienes desean participar en la industria de la inversi\u00f3n en l\u00ednea, pero carecen de tiempo para invertir o para empezar a estudiar finanzas. Puede copiar a sus inversores favoritos y beneficiarse de sus conocimientos y experiencia.<\/p>\n<h2>\u00bfC\u00f3mo comenzar a utilizar la funci\u00f3n Copy Trading?<\/h2>\n<p>En primer lugar, recomendamos analizar a los Popular Investors que aparecen en la secci\u00f3n Elecci\u00f3n del editor. Los inversores incluidos han mantenido una clasificaci\u00f3n de riesgo baja y han registrado ganancias en los \u00faltimos meses. Tambi\u00e9n puede utilizar la herramienta B\u00fasqueda de personas para buscar m\u00e1s inversores a quienes copiar.<\/p>\n<p>Los resultados de la b\u00fasqueda se pueden filtrar por ganancias, clasificaci\u00f3n de riesgo o pa\u00eds de origen, entre otros criterios. Si encuentra a alguien a quien desea copiar, haga clic en su perfil e inmediatamente ver\u00e1 sus estad\u00edsticas recientes, biograf\u00eda, estrategia inversora y otras estad\u00edsticas \u00fatiles. Si decide que quiere copiar a este inversor, solo tiene que hacer clic en \u00abCopiar\u00bb y decidir la cantidad que desea asignar del saldo total que tiene en su cuenta. Todas las ejecuciones se realizan de forma proporcional, lo que significa que si asigna $1,000 para copiar a un inversor que tiene una cuenta inversora de $10,000, cuando abra una posici\u00f3n de $1,000, en su cuenta se crear\u00e1 un posici\u00f3n copiada de $100. Esto le permite no solo copiar la direcci\u00f3n de la posici\u00f3n, sino tambi\u00e9n la estrategia inversora que ha aplicado el inversor. Recuerde: una de las cosas m\u00e1s importantes que debe saber es diversificar con inteligencia sus inversiones y riesgos entre una amplia variedad de activos. Con el sistema Copy Trading, sus inversiones estar\u00e1n diversificadas de forma inherente con respecto al riesgo, siempre que el inversor copiado gestione su riesgo de la misma forma. Animamos a nuestros clientes a gestionar sus riesgos como parte de nuestra pol\u00edtica de\u00a0<a href=\"https:\/\/www.etoro.com\/es\/customer-service\/responsible-trading\/\">Inversi\u00f3n responsable<\/a>.<\/p>\n<p>A lo largo de los a\u00f1os, hemos comprobado que los sistemas CopyTrader y Copy Trading han revolucionado la manera en que las personas invierten a corto y largo plazo. Si no tiene una cuenta de eToro, puede probar el sistema Copy Trading de forma GRATUITA utilizando una cuenta de inversi\u00f3n virtual con $100,000.<\/p>\n","protected":false},"excerpt":{"rendered":"<p>Ha decidido comenzar a invertir en l\u00ednea. Ha le\u00eddo informaci\u00f3n acerca de diversas plataformas y sabe que puede reflejar operaciones de inversi\u00f3n. Pero, \u00bfqu\u00e9 le parece el sistema Copy Trading? Se trata de uno de los m\u00e9todos m\u00e1s sencillos de invertir en l\u00ednea. \u00bfHa pensado en probarlo? Esta p\u00e1gina le explicar\u00e1 las diferencias entre estos&hellip;<\/p>\n","protected":false},"author":45,"featured_media":0,"parent":34679,"menu_order":1565,"comment_status":"closed","ping_status":"closed","template":"","meta":{"_acf_changed":false,"inline_featured_image":false,"sticky_cta_settings":"","footnotes":""},"asset_type":[],"class_list":["post-6983","page","type-page","status-publish","hentry"],"acf":[],"yoast_head":"<title>El CopyTrading de eToro reinventa el \u00abtrading reflejado\u00bb<\/title>\n<meta name=\"description\" content=\"El CopyTrading mejora el concepto de \u00abtrading reflejado\u00bb, permiti\u00e9ndole copiar a casi cualquier persona en la plataforma.\" \/>\n<meta name=\"robots\" content=\"index, follow, max-snippet:-1, max-image-preview:large, max-video-preview:-1\" \/>\n<link rel=\"canonical\" href=\"https:\/\/www.etoro.com\/es\/wp-json\/wp\/v2\/pages\/6983\" \/>\n<meta property=\"og:locale\" content=\"es_ES\" \/>\n<meta property=\"og:type\" content=\"article\" \/>\n<meta property=\"og:title\" content=\"El CopyTrading de eToro reinventa el \u00abtrading reflejado\u00bb\" \/>\n<meta property=\"og:description\" content=\"El CopyTrading mejora el concepto de \u00abtrading reflejado\u00bb, permiti\u00e9ndole copiar a casi cualquier persona en la plataforma.\" \/>\n<meta property=\"og:url\" content=\"https:\/\/www.etoro.com\/es\/wp-json\/wp\/v2\/pages\/6983\" \/>\n<meta property=\"og:site_name\" content=\"eToro\" \/>\n<meta property=\"article:publisher\" content=\"https:\/\/www.facebook.com\/eToro\/\" \/>\n<meta property=\"article:modified_time\" content=\"2021-10-04T08:28:20+00:00\" \/>\n<meta property=\"og:image\" content=\"https:\/\/www.etoro.com\/wp-content\/uploads\/2019\/12\/etoro_logo_social_share1.png\" \/>\n\t<meta property=\"og:image:width\" content=\"240\" \/>\n\t<meta property=\"og:image:height\" content=\"240\" \/>\n\t<meta property=\"og:image:type\" content=\"image\/png\" \/>\n<meta name=\"twitter:card\" content=\"summary_large_image\" \/>\n<meta name=\"twitter:site\" content=\"@eToro\" \/>\n<meta name=\"twitter:label1\" content=\"Est. reading time\" \/>\n\t<meta name=\"twitter:data1\" content=\"6 minutes\" \/>\n<script type=\"application\/ld+json\" class=\"yoast-schema-graph\">{\"@context\":\"https:\/\/schema.org\",\"@graph\":[{\"@type\":\"WebPage\",\"@id\":\"https:\/\/www.etoro.com\/es\/copytrader\/copy-vs-mirror\/\",\"url\":\"https:\/\/www.etoro.com\/es\/copytrader\/copy-vs-mirror\/\",\"name\":\"El CopyTrading de eToro reinventa el \u00abtrading reflejado\u00bb\",\"isPartOf\":{\"@id\":\"https:\/\/www.etoro.com\/es\/#website\"},\"datePublished\":\"2017-10-17T11:49:19+00:00\",\"dateModified\":\"2021-10-04T08:28:20+00:00\",\"description\":\"El CopyTrading mejora el concepto de \u00abtrading reflejado\u00bb, permiti\u00e9ndole copiar a casi cualquier persona en la plataforma.\",\"breadcrumb\":{\"@id\":\"https:\/\/www.etoro.com\/es\/copytrader\/copy-vs-mirror\/#breadcrumb\"},\"inLanguage\":\"es\",\"potentialAction\":[{\"@type\":\"ReadAction\",\"target\":[\"https:\/\/www.etoro.com\/es\/copytrader\/copy-vs-mirror\/\"]}]},{\"@type\":\"BreadcrumbList\",\"@id\":\"https:\/\/www.etoro.com\/es\/copytrader\/copy-vs-mirror\/#breadcrumb\",\"itemListElement\":[{\"@type\":\"ListItem\",\"position\":1,\"name\":\"Inicio\",\"item\":\"https:\/\/www.etoro.com\/es\/\"},{\"@type\":\"ListItem\",\"position\":2,\"name\":\"CopyTrader\",\"item\":\"https:\/\/www.etoro.com\/es\/copytrader\/\"},{\"@type\":\"ListItem\",\"position\":3,\"name\":\"COPYTRADING VS. REFLEJADO\"}]},{\"@type\":\"WebSite\",\"@id\":\"https:\/\/www.etoro.com\/es\/#website\",\"url\":\"https:\/\/www.etoro.com\/es\/\",\"name\":\"eToro\",\"description\":\"\",\"publisher\":{\"@id\":\"https:\/\/www.etoro.com\/es\/#organization\"},\"potentialAction\":[{\"@type\":\"SearchAction\",\"target\":{\"@type\":\"EntryPoint\",\"urlTemplate\":\"https:\/\/www.etoro.com\/es\/?s={search_term_string}\"},\"query-input\":{\"@type\":\"PropertyValueSpecification\",\"valueRequired\":true,\"valueName\":\"search_term_string\"}}],\"inLanguage\":\"es\"},[]]}<\/script>","yoast_head_json":{"title":"El CopyTrading de eToro reinventa el \u00abtrading reflejado\u00bb","description":"El CopyTrading mejora el concepto de \u00abtrading reflejado\u00bb, permiti\u00e9ndole copiar a casi cualquier persona en la plataforma.","robots":{"index":"index","follow":"follow","max-snippet":"max-snippet:-1","max-image-preview":"max-image-preview:large","max-video-preview":"max-video-preview:-1"},"canonical":"https:\/\/www.etoro.com\/es\/wp-json\/wp\/v2\/pages\/6983","og_locale":"es_ES","og_type":"article","og_title":"El CopyTrading de eToro reinventa el \u00abtrading reflejado\u00bb","og_description":"El CopyTrading mejora el concepto de \u00abtrading reflejado\u00bb, permiti\u00e9ndole copiar a casi cualquier persona en la plataforma.","og_url":"https:\/\/www.etoro.com\/es\/wp-json\/wp\/v2\/pages\/6983","og_site_name":"eToro","article_publisher":"https:\/\/www.facebook.com\/eToro\/","article_modified_time":"2021-10-04T08:28:20+00:00","og_image":[{"width":240,"height":240,"url":"https:\/\/www.etoro.com\/wp-content\/uploads\/2019\/12\/etoro_logo_social_share1.png","type":"image\/png"}],"twitter_card":"summary_large_image","twitter_site":"@eToro","twitter_misc":{"Est. reading time":"6 minutes"},"schema":{"@context":"https:\/\/schema.org","@graph":[{"@type":"WebPage","@id":"https:\/\/www.etoro.com\/es\/copytrader\/copy-vs-mirror\/","url":"https:\/\/www.etoro.com\/es\/copytrader\/copy-vs-mirror\/","name":"El CopyTrading de eToro reinventa el \u00abtrading reflejado\u00bb","isPartOf":{"@id":"https:\/\/www.etoro.com\/es\/#website"},"datePublished":"2017-10-17T11:49:19+00:00","dateModified":"2021-10-04T08:28:20+00:00","description":"El CopyTrading mejora el concepto de \u00abtrading reflejado\u00bb, permiti\u00e9ndole copiar a casi cualquier persona en la plataforma.","breadcrumb":{"@id":"https:\/\/www.etoro.com\/es\/copytrader\/copy-vs-mirror\/#breadcrumb"},"inLanguage":"es","potentialAction":[{"@type":"ReadAction","target":["https:\/\/www.etoro.com\/es\/copytrader\/copy-vs-mirror\/"]}]},{"@type":"BreadcrumbList","@id":"https:\/\/www.etoro.com\/es\/copytrader\/copy-vs-mirror\/#breadcrumb","itemListElement":[{"@type":"ListItem","position":1,"name":"Inicio","item":"https:\/\/www.etoro.com\/es\/"},{"@type":"ListItem","position":2,"name":"CopyTrader","item":"https:\/\/www.etoro.com\/es\/copytrader\/"},{"@type":"ListItem","position":3,"name":"COPYTRADING VS. REFLEJADO"}]},{"@type":"WebSite","@id":"https:\/\/www.etoro.com\/es\/#website","url":"https:\/\/www.etoro.com\/es\/","name":"eToro","description":"","publisher":{"@id":"https:\/\/www.etoro.com\/es\/#organization"},"potentialAction":[{"@type":"SearchAction","target":{"@type":"EntryPoint","urlTemplate":"https:\/\/www.etoro.com\/es\/?s={search_term_string}"},"query-input":{"@type":"PropertyValueSpecification","valueRequired":true,"valueName":"search_term_string"}}],"inLanguage":"es"},[]]}},"_links":{"self":[{"href":"https:\/\/www.etoro.com\/es\/wp-json\/wp\/v2\/pages\/6983"}],"collection":[{"href":"https:\/\/www.etoro.com\/es\/wp-json\/wp\/v2\/pages"}],"about":[{"href":"https:\/\/www.etoro.com\/es\/wp-json\/wp\/v2\/types\/page"}],"author":[{"embeddable":true,"href":"https:\/\/www.etoro.com\/es\/wp-json\/wp\/v2\/users\/45"}],"replies":[{"embeddable":true,"href":"https:\/\/www.etoro.com\/es\/wp-json\/wp\/v2\/comments?post=6983"}],"version-history":[{"count":0,"href":"https:\/\/www.etoro.com\/es\/wp-json\/wp\/v2\/pages\/6983\/revisions"}],"up":[{"embeddable":true,"href":"https:\/\/www.etoro.com\/es\/wp-json\/wp\/v2\/pages\/34679"}],"wp:attachment":[{"href":"https:\/\/www.etoro.com\/es\/wp-json\/wp\/v2\/media?parent=6983"}],"wp:term":[{"taxonomy":"asset_type","embeddable":true,"href":"https:\/\/www.etoro.com\/es\/wp-json\/wp\/v2\/asset_type?post=6983"}],"curies":[{"name":"wp","href":"https:\/\/api.w.org\/{rel}","templated":true}]}}