{"id":712608,"date":"2023-08-30T14:27:33","date_gmt":"2023-08-30T11:27:33","guid":{"rendered":"https:\/\/www.etoro.com\/investing\/etf\/"},"modified":"2025-06-19T09:44:58","modified_gmt":"2025-06-19T06:44:58","slug":"etf","status":"publish","type":"page","link":"https:\/\/www.etoro.com\/es\/investing\/etf\/","title":{"rendered":"ETF"},"content":{"rendered":"\n<div class=\"wp-block-etoro-half-cover has-white-background-color\">\n<div class=\"wp-block-etoro-half-cover-left\"><p id=\"breadcrumbs\" class=\"gray-dark\"><span><span><a href=\"https:\/\/www.etoro.com\/es\/\">Inicio<\/a><\/span><\/span><\/p>\n<h1 class=\"wp-block-heading is-style-banner-title\">Invierte en <strong>ETFs<\/strong><\/h1>\n\n\n\n<p>Con m\u00e1s de 300 ETFs a tu disposici\u00f3n, tienes acceso a inversiones diversificadas.<\/p>\n\n\n\n<div class=\"wp-block-buttons is-layout-flex wp-block-buttons-is-layout-flex\">\n<a class=\"e-cta e-cta-primary\" href=\"https:\/\/etoro.com\/es\/accounts\/sign-up\" rel=\"nofollow noopener noreferrer\" >Comienza ahora<\/a>\n<\/div>\n<\/div>\n\n\n\n<div class=\"wp-block-etoro-half-cover-right\">\n<img decoding=\"async\" src=\"https:\/\/www.etoro.com\/wp-content\/uploads\/2025\/04\/ETF_desktop.png\" alt=\"\" class=\"wp-block-etoro-half-cover-media\"\/><img decoding=\"async\" src=\"https:\/\/www.etoro.com\/wp-content\/uploads\/2025\/06\/ETF_640x450.png\" alt=\"\" class=\"wp-block-etoro-half-cover-media-desktop\"\/><img decoding=\"async\" src=\"https:\/\/www.etoro.com\/wp-content\/uploads\/2025\/06\/ETF_960x480.png\" alt=\"\" class=\"wp-block-etoro-half-cover-media-tablet\"\/><img decoding=\"async\" src=\"https:\/\/www.etoro.com\/wp-content\/uploads\/2025\/04\/ETFmobile.png\" alt=\"\" class=\"wp-block-etoro-half-cover-media-mobile\"\/>\n<\/div>\n<\/div>\n\n\n\n<section class=\"wp-block-group wp-block-group-boxed has-white-background-color has-background\"><div class=\"wp-block-group-inner is-layout-flow wp-block-group-is-layout-flow\">\n<div class=\"wp-block-columns are-vertically-aligned-top wp-block-columns-1 is-layout-flex wp-container-core-columns-is-layout-1 wp-block-columns-is-layout-flex\">\n<div class=\"wp-block-column wp-block-column-align-mobile-left is-layout-flow wp-block-column-is-layout-flow\">\n<h2 class=\"wp-block-heading has-text-align-center\"><span>\u00bfPor qu\u00e9 elegir <strong>ETFs<\/strong>?<\/span><\/h2>\n\n\n\n<p class=\"has-text-align-center\">Un ETF, o fondo cotizado en bolsa, es un fondo de inversi\u00f3n dise\u00f1ado para replicar el rendimiento de un \u00edndice burs\u00e1til, sector o activo espec\u00edfico.<\/p>\n<\/div>\n<\/div>\n\n\n\n<div class=\"wp-block-columns are-vertically-aligned-top wp-block-columns-3 is-layout-flex wp-container-core-columns-is-layout-2 wp-block-columns-is-layout-flex\">\n<div class=\"wp-block-column is-layout-flow wp-block-column-is-layout-flow\">\n<div class=\"wp-block-etoro-card wp-block-etoro-card-size-small wp-block-etoro-card-thumbnail-position-above wp-block-etoro-card-default\"><img decoding=\"async\" src=\"https:\/\/www.etoro.com\/wp-content\/uploads\/2023\/08\/Diversified.png\" alt=\"Diversificaci\u00f3n\" class=\"wp-block-etoro-card-thumbnail\"\/><div class=\"wp-block-etoro-card-body\"><div class=\"wp-block-etoro-card-title\"><strong>Diversificaci\u00f3n<\/strong><\/div><div class=\"wp-block-etoro-card-content\">\n<p>Con un solo ETF, puedes obtener exposici\u00f3n a m\u00faltiples activos simult\u00e1neamente<\/p>\n\n\n\n<p><\/p>\n<\/div><\/div><\/div>\n<\/div>\n\n\n\n<div class=\"wp-block-column is-layout-flow wp-block-column-is-layout-flow\">\n<div class=\"wp-block-etoro-card wp-block-etoro-card-size-small wp-block-etoro-card-thumbnail-position-above wp-block-etoro-card-default\"><img decoding=\"async\" src=\"https:\/\/www.etoro.com\/wp-content\/uploads\/2023\/08\/simplify.png\" alt=\"Simplicidad\" class=\"wp-block-etoro-card-thumbnail\"\/><div class=\"wp-block-etoro-card-body\"><div class=\"wp-block-etoro-card-title\"><strong>Simplicidad<\/strong><\/div><div class=\"wp-block-etoro-card-content\">\n<p>Los ETFs ofrecen una soluci\u00f3n lista para invertir sin la complicaci\u00f3n de escoger activos por separado.<\/p>\n<\/div><\/div><\/div>\n<\/div>\n\n\n\n<div class=\"wp-block-column is-layout-flow wp-block-column-is-layout-flow\">\n<div class=\"wp-block-etoro-card wp-block-etoro-card-size-small wp-block-etoro-card-thumbnail-position-above wp-block-etoro-card-default\"><img decoding=\"async\" src=\"https:\/\/www.etoro.com\/wp-content\/uploads\/2023\/08\/Save-money.png\" alt=\"Ahorro\" class=\"wp-block-etoro-card-thumbnail\"\/><div class=\"wp-block-etoro-card-body\"><div class=\"wp-block-etoro-card-title\"><strong>Ahorro<\/strong><\/div><div class=\"wp-block-etoro-card-content\">\n<p>Comparativamente, los ETFs suelen ser menos costosos que los fondos gestionados activamente.<\/p>\n<\/div><\/div><\/div>\n<\/div>\n<\/div>\n<\/div><\/section>\n\n\n\n<section class=\"wp-block-group wp-block-group-boxed has-dark-blue-background-color has-background\"><div class=\"wp-block-group-inner is-layout-flow wp-block-group-is-layout-flow\">\n<div class=\"wp-block-columns are-vertically-aligned-top wp-block-columns-1 is-layout-flex wp-container-core-columns-is-layout-3 wp-block-columns-is-layout-flex\">\n<div class=\"wp-block-column wp-block-column-align-mobile-left is-layout-flow wp-block-column-is-layout-flow\">\n<h2 class=\"wp-block-heading has-text-align-center\"><span>Elige el ETF <strong>que se ajuste a tus objetivos<\/strong><\/span><\/h2>\n\n\n\n<p><\/p>\n\n\n\n<div id=\"swiper1582954202\" class=\"wp-block-etoro-cards\"><div class=\"swiper-wrapper\">\n<div class=\"wp-block-etoro-card wp-block-etoro-card-size-small wp-block-etoro-card-thumbnail-position-above wp-block-etoro-card-default\"><img decoding=\"async\" src=\"https:\/\/www.etoro.com\/wp-content\/uploads\/2023\/08\/Index.png\" alt=\"ETFs de \u00edndices\" class=\"wp-block-etoro-card-thumbnail\"\/><div class=\"wp-block-etoro-card-body\"><div class=\"wp-block-etoro-card-title\">ETFs de \u00edndices<\/div><div class=\"wp-block-etoro-card-content\">\n<p>que siguen el comportamiento de un \u00edndice de referencia.<\/p>\n<\/div><\/div><\/div>\n\n\n\n<div class=\"wp-block-etoro-card wp-block-etoro-card-size-small wp-block-etoro-card-thumbnail-position-above wp-block-etoro-card-default\"><img decoding=\"async\" src=\"https:\/\/www.etoro.com\/wp-content\/uploads\/2023\/08\/Wallet.png\" alt=\"ETFs de dividendos\" class=\"wp-block-etoro-card-thumbnail\"\/><div class=\"wp-block-etoro-card-body\"><div class=\"wp-block-etoro-card-title\">ETFs de dividendos<\/div><div class=\"wp-block-etoro-card-content\">\n<p>que poseen acciones con un historial comprobado de pago de dividendos.<\/p>\n<\/div><\/div><\/div>\n\n\n\n<div class=\"wp-block-etoro-card wp-block-etoro-card-size-small wp-block-etoro-card-thumbnail-position-above wp-block-etoro-card-default\"><img decoding=\"async\" src=\"https:\/\/www.etoro.com\/wp-content\/uploads\/2023\/08\/Handshake-1.png\" alt=\"ETFs de bonos\" class=\"wp-block-etoro-card-thumbnail\"\/><div class=\"wp-block-etoro-card-body\"><div class=\"wp-block-etoro-card-title\">ETFs de bonos<\/div><div class=\"wp-block-etoro-card-content\">\n<p>que representan una alternativa con potencialmente menor riesgo.<\/p>\n<\/div><\/div><\/div>\n\n\n\n<div class=\"wp-block-etoro-card wp-block-etoro-card-size-small wp-block-etoro-card-thumbnail-position-above wp-block-etoro-card-default\"><img decoding=\"async\" src=\"https:\/\/www.etoro.com\/wp-content\/uploads\/2023\/08\/Commodities.png\" alt=\"ETFs de materias primas\" class=\"wp-block-etoro-card-thumbnail\"\/><div class=\"wp-block-etoro-card-body\"><div class=\"wp-block-etoro-card-title\">ETFs de materias primas<\/div><div class=\"wp-block-etoro-card-content\">\n<p>que te brindan exposici\u00f3n a las fluctuaciones de precios de materias primas.<\/p>\n<\/div><\/div><\/div>\n<\/div><\/div>\n<\/div>\n<\/div>\n<\/div><\/section>\n\n\n\n<section class=\"wp-block-group wp-block-group-boxed has-white-background-color has-background\"><div class=\"wp-block-group-inner is-layout-flow wp-block-group-is-layout-flow\">\n<div class=\"wp-block-columns are-vertically-aligned-top wp-block-columns-1 is-layout-flex wp-container-core-columns-is-layout-4 wp-block-columns-is-layout-flex\">\n<div class=\"wp-block-column is-layout-flow wp-block-column-is-layout-flow\">\n<h2 class=\"wp-block-heading has-text-align-center\"><span>C\u00f3mo comprar <strong>ETFs en eToro<\/strong><\/span><\/h2>\n<\/div>\n<\/div>\n\n\n\n<div class=\"wp-block-columns are-vertically-aligned-top wp-block-columns-3 is-layout-flex wp-container-core-columns-is-layout-5 wp-block-columns-is-layout-flex\">\n<div class=\"wp-block-column is-layout-flow wp-block-column-is-layout-flow\">\n<div class=\"wp-block-etoro-card wp-block-etoro-card-size-medium wp-block-etoro-card-thumbnail-position-above wp-block-etoro-card-default\"><img decoding=\"async\" src=\"https:\/\/www.etoro.com\/wp-content\/uploads\/2023\/08\/Ido-Guy-about-two-pa.png\" alt=\"Elige un ETF\" class=\"wp-block-etoro-card-thumbnail\"\/><div class=\"wp-block-etoro-card-body\"><div class=\"wp-block-etoro-card-title\"><strong>Elige un ETF<\/strong><\/div><div class=\"wp-block-etoro-card-content\">\n<p>Selecciona el ETF en el que deseas invertir y haz clic en \u00abInvertir\u00bb.<\/p>\n<\/div><\/div><\/div>\n<\/div>\n\n\n\n<div class=\"wp-block-column is-layout-flow wp-block-column-is-layout-flow\">\n<div class=\"wp-block-etoro-card wp-block-etoro-card-size-medium wp-block-etoro-card-thumbnail-position-above wp-block-etoro-card-default\"><img decoding=\"async\" src=\"https:\/\/www.etoro.com\/wp-content\/uploads\/2023\/08\/Ido-Guy-about-two-pa-1.png\" alt=\"Establece tu cantidad\" class=\"wp-block-etoro-card-thumbnail\"\/><div class=\"wp-block-etoro-card-body\"><div class=\"wp-block-etoro-card-title\"><strong>Establece tu cantidad<\/strong><\/div><div class=\"wp-block-etoro-card-content\">\n<p>Ingresa el monto o n\u00famero de unidades para invertir.<\/p>\n<\/div><\/div><\/div>\n<\/div>\n\n\n\n<div class=\"wp-block-column is-layout-flow wp-block-column-is-layout-flow\">\n<div class=\"wp-block-etoro-card wp-block-etoro-card-size-medium wp-block-etoro-card-thumbnail-position-above wp-block-etoro-card-default\"><img decoding=\"async\" src=\"https:\/\/www.etoro.com\/wp-content\/uploads\/2023\/08\/Ido-Guy-about-two-pa-2.png\" alt=\"Abre tu posici\u00f3n\" class=\"wp-block-etoro-card-thumbnail\"\/><div class=\"wp-block-etoro-card-body\"><div class=\"wp-block-etoro-card-title\"><strong>Abre tu posici\u00f3n<\/strong><\/div><div class=\"wp-block-etoro-card-content\">\n<p>Despu\u00e9s de definir tus par\u00e1metros, haz clic en \u00abEstablecer orden\u00bb.<\/p>\n<\/div><\/div><\/div>\n<\/div>\n<\/div>\n\n\n\n<div class=\"wp-block-buttons is-content-justification-center is-layout-flex wp-container-core-buttons-is-layout-2 wp-block-buttons-is-layout-flex\">\n<a class=\"e-cta e-cta-primary\" href=\"https:\/\/www.etoro.com\/accounts\/sign-up\"><strong>Empezar<\/strong><\/a>\n<\/div>\n<\/div><\/section>\n\n\n\n<section class=\"wp-block-group wp-block-group-boxed has-dark-blue-background-color has-background\"><div class=\"wp-block-group-inner is-layout-flow wp-block-group-is-layout-flow\">\n<div class=\"wp-block-columns are-vertically-aligned-center wp-block-columns-2 is-swapped-on-mobile is-layout-flex wp-container-core-columns-is-layout-6 wp-block-columns-is-layout-flex\">\n<div class=\"wp-block-column is-layout-flow wp-block-column-is-layout-flow\">\n<h2 class=\"wp-block-heading\"><span>Fortalece tu habilidad para <strong>invertir en ETFs<\/strong><\/span><\/h2>\n\n\n\n<p>\u00bfDeseas afinar tus habilidades de trading a tu ritmo y sin riesgo? Prueba el portafolio de demostraci\u00f3n gratis con $100.000 en fondos virtuales y explora todas las herramientas que eToro pone a tu disposici\u00f3n.<\/p>\n\n\n\n<div class=\"wp-block-buttons is-layout-flex wp-block-buttons-is-layout-flex\">\n<a class=\"e-cta e-cta-primary\" href=\"https:\/\/www.etoro.com\/es\/accounts\/sign-up\">Cuenta demo gratis<\/a>\n<\/div>\n<\/div>\n\n\n\n<div class=\"wp-block-column is-layout-flow wp-block-column-is-layout-flow\">\n<figure class=\"wp-block-image size-full\"><img loading=\"lazy\" decoding=\"async\" width=\"576\" height=\"520\" src=\"https:\/\/www.etoro.com\/wp-content\/uploads\/2023\/08\/iPhone-13-Pro.png\" alt=\"\" class=\"wp-image-691827 wp-image-desktop\" srcset=\"https:\/\/www.etoro.com\/wp-content\/uploads\/2023\/08\/iPhone-13-Pro-300x271.png 300w, https:\/\/www.etoro.com\/wp-content\/uploads\/2023\/08\/iPhone-13-Pro.png 576w\" sizes=\"(max-width: 576px) 100vw, 576px\" \/><\/figure>\n<\/div>\n<\/div>\n<\/div><\/section>\n\n\n\n<section class=\"wp-block-group wp-block-group-boxed\"><div class=\"wp-block-group-inner is-layout-flow wp-block-group-is-layout-flow\">\n<dl class=\"wp-block-etoro-faq\">\n<div class=\"wp-block-etoro-faq-item\"><dt class=\"wp-block-etoro-faq-item-question\">\u00bfQu\u00e9 es un ETF?<\/dt><dd class=\"wp-block-etoro-faq-item-answer\">\n<p>Un ETF, o fondo cotizado en bolsa, es un instrumento financiero que replica el comportamiento de un \u00edndice burs\u00e1til espec\u00edfico, sector industrial o activo.<\/p>\n<\/dd><\/div>\n\n\n\n<div class=\"wp-block-etoro-faq-item\"><dt class=\"wp-block-etoro-faq-item-question\">\u00bfLos ETFs son adecuados para principiantes?<\/dt><dd class=\"wp-block-etoro-faq-item-answer\">\n<p>Los ETFs te ofrecen una manera sencilla de acceder a una variedad de activos financieros, desde materias primas hasta bienes ra\u00edces. Muchos prefieren invertir en ETFs en lugar de fondos mutuos debido a que poseen menores tarifas y ofrecen la flexibilidad de abrir y cerrar posiciones m\u00faltiples veces al d\u00eda, similar a las acciones.<br><br>Si quieres profundizar en el mundo de los ETFs, haz clic <a target=\"_blank\" href=\"https:\/\/help.etoro.com\/s\/article\/what-do-i-purchase-when-i-buy-etfs-on-etoro?language=es\" rel=\"noreferrer noopener\">aqu\u00ed<\/a> para aprender m\u00e1s.<\/p>\n<\/dd><\/div>\n\n\n\n<div class=\"wp-block-etoro-faq-item\"><dt class=\"wp-block-etoro-faq-item-question\">\u00bfCu\u00e1les son las tarifas asociadas al invertir en ETFs?<\/dt><dd class=\"wp-block-etoro-faq-item-answer\">\n<p>Visita nuestra <a href=\"https:\/\/www.etoro.com\/es\/trading\/fees\/\" target=\"_blank\" rel=\"noreferrer noopener\">p\u00e1gina de tarifas<\/a> para obtener informaci\u00f3n detallada.<\/p>\n<\/dd><\/div>\n\n\n\n<div class=\"wp-block-etoro-faq-item\"><dt class=\"wp-block-etoro-faq-item-question\">\u00bfLos ETFs pagan dividendos?<\/dt><dd class=\"wp-block-etoro-faq-item-answer\">\n<p>Los dividendos son pagos en efectivo que ciertas empresas otorgan a sus inversores derivados de sus ganancias. No todas las empresas distribuyen dividendos, pero muchas compa\u00f1\u00edas consolidadas si lo hacen. Si posees un ETF con acciones de empresas que normalmente distribuyen dividendos, recibir\u00e1s esos dividendos. Consulta <a href=\"https:\/\/www.etoro.com\/es\/investing\/what-are-dividends\/\" target=\"_blank\" rel=\"noreferrer noopener\">nuestra gu\u00eda<\/a> para m\u00e1s detalles sobre los dividendos.<\/p>\n<\/dd><\/div>\n\n\n\n<div class=\"wp-block-etoro-faq-item\"><dt class=\"wp-block-etoro-faq-item-question\">\u00bfLos ETFs son adecuados para invertir a largo plazo?<\/dt><dd class=\"wp-block-etoro-faq-item-answer\">\n<p>Adoptar una estrategia a largo plazo con ETFs puede ser una forma de minimizar riesgos. Toma como ejemplo los ETFs de \u00edndices burs\u00e1tiles. Las acciones pueden mostrar alta volatilidad a corto plazo, pero hist\u00f3ricamente, el mercado tiende a tener un comportamiento ascendente a largo plazo. As\u00ed, a mayor tiempo de permanencia, es posible que disminuyas la probabilidad de resultados adversos.<\/p>\n<\/dd><\/div>\n\n\n\n<div class=\"wp-block-etoro-faq-item\"><dt class=\"wp-block-etoro-faq-item-question\">\u00bfLos ETFs se negocian 24\/7?<\/dt><dd class=\"wp-block-etoro-faq-item-answer\">\n<p>Los ETFs se negocian durante el horario regular de los mercados, al igual que las acciones. Aunque puedes crear \u00f3rdenes para ETFs en cualquier momento, incluso fuera del horario comercial, estas se concretar\u00e1n cuando el mercado abra. Puedes revisar el horario espec\u00edfico <a href=\"https:\/\/www.etoro.com\/es\/trading\/market-hours-and-events\/\" target=\"_blank\" rel=\"noreferrer noopener\">aqu\u00ed<\/a>.<\/p>\n<\/dd><\/div>\n\n\n\n<div class=\"wp-block-etoro-faq-item\"><dt class=\"wp-block-etoro-faq-item-question\">\u00bfCu\u00e1l es la diferencia entre ETFs y fondos mutuos?<\/dt><dd class=\"wp-block-etoro-faq-item-answer\">\n<p>Tanto los ETFs como los fondos mutuos agrupan activos, como bonos o acciones individuales. Sin embargo, tienen diferencias significativas.<br><br>Los fondos mutuos generalmente se gestionan de manera activa, mientras que los ETFs solo replican de forma pasiva un \u00edndice burs\u00e1til. Debido a esa gesti\u00f3n activa, los fondos mutuos acarrean comisiones de gesti\u00f3n y a menudo exigen montos m\u00e1s elevados para empezar a invertir.<br><br>Adem\u00e1s, los ETFs te proporcionan m\u00e1s control sobre el precio en el que inviertes, pues te permiten comprar y vender a precios cambiantes a lo largo del d\u00eda. En contraste, si inviertes en un fondo mutuo, recibir\u00e1s el mismo precio que cualquier otro inversor ese d\u00eda, ya que su valor se determina solo al cierre de la jornada burs\u00e1til.<\/p>\n<\/dd><\/div>\n<\/dl>\n<\/div><\/section>\n","protected":false},"excerpt":{"rendered":"<p>\u00bfPor qu\u00e9 elegir ETFs? Un ETF, o fondo cotizado en bolsa, es un fondo de inversi\u00f3n dise\u00f1ado para replicar el rendimiento de un \u00edndice burs\u00e1til, sector o activo espec\u00edfico. Elige el ETF que se ajuste a tus objetivos C\u00f3mo comprar ETFs en eToro Fortalece tu habilidad para invertir en ETFs \u00bfDeseas afinar tus habilidades de&hellip;<\/p>\n","protected":false},"author":119,"featured_media":1048439,"parent":19770,"menu_order":0,"comment_status":"closed","ping_status":"closed","template":"","meta":{"_acf_changed":true,"inline_featured_image":false,"sticky_cta_settings":"","footnotes":""},"asset_type":[],"class_list":["post-712608","page","type-page","status-publish","has-post-thumbnail","hentry"],"acf":[],"yoast_head":"<title>Invierte en fondos cotizados en bolsa (ETFs) en eToro<\/title>\n<meta name=\"description\" content=\"Los ETFs te brindan acceso a una amplia gama de activos, desde acciones hasta materias primas.\" \/>\n<meta name=\"robots\" content=\"index, follow, max-snippet:-1, max-image-preview:large, max-video-preview:-1\" \/>\n<link rel=\"canonical\" href=\"https:\/\/www.etoro.com\/es\/wp-json\/wp\/v2\/pages\/712608\" \/>\n<meta property=\"og:locale\" content=\"es_ES\" \/>\n<meta property=\"og:type\" content=\"article\" \/>\n<meta property=\"og:title\" content=\"Invierte en fondos cotizados en bolsa (ETFs) en eToro\" \/>\n<meta property=\"og:description\" content=\"Los ETFs te brindan acceso a una amplia gama de activos, desde acciones hasta materias primas.\" \/>\n<meta property=\"og:url\" content=\"https:\/\/www.etoro.com\/es\/wp-json\/wp\/v2\/pages\/712608\" \/>\n<meta property=\"og:site_name\" content=\"eToro\" \/>\n<meta property=\"article:publisher\" content=\"https:\/\/www.facebook.com\/eToro\/\" \/>\n<meta property=\"article:modified_time\" content=\"2025-06-19T06:44:58+00:00\" \/>\n<meta property=\"og:image\" content=\"https:\/\/www.etoro.com\/wp-content\/uploads\/2025\/04\/Featured-image-ETF_1200x630.png\" \/>\n\t<meta property=\"og:image:width\" content=\"1200\" \/>\n\t<meta property=\"og:image:height\" content=\"630\" \/>\n\t<meta property=\"og:image:type\" content=\"image\/png\" \/>\n<meta name=\"twitter:card\" content=\"summary_large_image\" \/>\n<meta name=\"twitter:site\" content=\"@eToro\" \/>\n<meta name=\"twitter:label1\" content=\"Est. reading time\" \/>\n\t<meta name=\"twitter:data1\" content=\"4 minutes\" \/>\n<script type=\"application\/ld+json\" class=\"yoast-schema-graph\">{\"@context\":\"https:\/\/schema.org\",\"@graph\":[{\"@type\":\"WebPage\",\"@id\":\"https:\/\/www.etoro.com\/es\/investing\/etf\/\",\"url\":\"https:\/\/www.etoro.com\/es\/investing\/etf\/\",\"name\":\"Invierte en fondos cotizados en bolsa (ETFs) en eToro\",\"isPartOf\":{\"@id\":\"https:\/\/www.etoro.com\/es\/#website\"},\"primaryImageOfPage\":{\"@id\":\"https:\/\/www.etoro.com\/es\/investing\/etf\/#primaryimage\"},\"image\":{\"@id\":\"https:\/\/www.etoro.com\/es\/investing\/etf\/#primaryimage\"},\"thumbnailUrl\":\"https:\/\/www.etoro.com\/wp-content\/uploads\/2025\/04\/Featured-image-ETF_1200x630.png\",\"datePublished\":\"2023-08-30T11:27:33+00:00\",\"dateModified\":\"2025-06-19T06:44:58+00:00\",\"description\":\"Los ETFs te brindan acceso a una amplia gama de activos, desde acciones hasta materias primas.\",\"breadcrumb\":{\"@id\":\"https:\/\/www.etoro.com\/es\/investing\/etf\/#breadcrumb\"},\"inLanguage\":\"es\",\"potentialAction\":[{\"@type\":\"ReadAction\",\"target\":[\"https:\/\/www.etoro.com\/es\/investing\/etf\/\"]}]},{\"@type\":\"ImageObject\",\"inLanguage\":\"es\",\"@id\":\"https:\/\/www.etoro.com\/es\/investing\/etf\/#primaryimage\",\"url\":\"https:\/\/www.etoro.com\/wp-content\/uploads\/2025\/04\/Featured-image-ETF_1200x630.png\",\"contentUrl\":\"https:\/\/www.etoro.com\/wp-content\/uploads\/2025\/04\/Featured-image-ETF_1200x630.png\",\"width\":1200,\"height\":630,\"caption\":\"Invest in exchange-traded funds\"},{\"@type\":\"BreadcrumbList\",\"@id\":\"https:\/\/www.etoro.com\/es\/investing\/etf\/#breadcrumb\",\"itemListElement\":[{\"@type\":\"ListItem\",\"position\":1,\"name\":\"Inicio\",\"item\":\"https:\/\/www.etoro.com\/es\/\"},{\"@type\":\"ListItem\",\"position\":2,\"name\":\"Invirtiendo\",\"item\":\"https:\/\/www.etoro.com\/es\/investing\/\"},{\"@type\":\"ListItem\",\"position\":3,\"name\":\"ETF\"}]},{\"@type\":\"WebSite\",\"@id\":\"https:\/\/www.etoro.com\/es\/#website\",\"url\":\"https:\/\/www.etoro.com\/es\/\",\"name\":\"eToro\",\"description\":\"\",\"publisher\":{\"@id\":\"https:\/\/www.etoro.com\/es\/#organization\"},\"potentialAction\":[{\"@type\":\"SearchAction\",\"target\":{\"@type\":\"EntryPoint\",\"urlTemplate\":\"https:\/\/www.etoro.com\/es\/?s={search_term_string}\"},\"query-input\":{\"@type\":\"PropertyValueSpecification\",\"valueRequired\":true,\"valueName\":\"search_term_string\"}}],\"inLanguage\":\"es\"},[]]}<\/script>","yoast_head_json":{"title":"Invierte en fondos cotizados en bolsa (ETFs) en eToro","description":"Los ETFs te brindan acceso a una amplia gama de activos, desde acciones hasta materias primas.","robots":{"index":"index","follow":"follow","max-snippet":"max-snippet:-1","max-image-preview":"max-image-preview:large","max-video-preview":"max-video-preview:-1"},"canonical":"https:\/\/www.etoro.com\/es\/wp-json\/wp\/v2\/pages\/712608","og_locale":"es_ES","og_type":"article","og_title":"Invierte en fondos cotizados en bolsa (ETFs) en eToro","og_description":"Los ETFs te brindan acceso a una amplia gama de activos, desde acciones hasta materias primas.","og_url":"https:\/\/www.etoro.com\/es\/wp-json\/wp\/v2\/pages\/712608","og_site_name":"eToro","article_publisher":"https:\/\/www.facebook.com\/eToro\/","article_modified_time":"2025-06-19T06:44:58+00:00","og_image":[{"width":1200,"height":630,"url":"https:\/\/www.etoro.com\/wp-content\/uploads\/2025\/04\/Featured-image-ETF_1200x630.png","type":"image\/png"}],"twitter_card":"summary_large_image","twitter_site":"@eToro","twitter_misc":{"Est. reading time":"4 minutes"},"schema":{"@context":"https:\/\/schema.org","@graph":[{"@type":"WebPage","@id":"https:\/\/www.etoro.com\/es\/investing\/etf\/","url":"https:\/\/www.etoro.com\/es\/investing\/etf\/","name":"Invierte en fondos cotizados en bolsa (ETFs) en eToro","isPartOf":{"@id":"https:\/\/www.etoro.com\/es\/#website"},"primaryImageOfPage":{"@id":"https:\/\/www.etoro.com\/es\/investing\/etf\/#primaryimage"},"image":{"@id":"https:\/\/www.etoro.com\/es\/investing\/etf\/#primaryimage"},"thumbnailUrl":"https:\/\/www.etoro.com\/wp-content\/uploads\/2025\/04\/Featured-image-ETF_1200x630.png","datePublished":"2023-08-30T11:27:33+00:00","dateModified":"2025-06-19T06:44:58+00:00","description":"Los ETFs te brindan acceso a una amplia gama de activos, desde acciones hasta materias primas.","breadcrumb":{"@id":"https:\/\/www.etoro.com\/es\/investing\/etf\/#breadcrumb"},"inLanguage":"es","potentialAction":[{"@type":"ReadAction","target":["https:\/\/www.etoro.com\/es\/investing\/etf\/"]}]},{"@type":"ImageObject","inLanguage":"es","@id":"https:\/\/www.etoro.com\/es\/investing\/etf\/#primaryimage","url":"https:\/\/www.etoro.com\/wp-content\/uploads\/2025\/04\/Featured-image-ETF_1200x630.png","contentUrl":"https:\/\/www.etoro.com\/wp-content\/uploads\/2025\/04\/Featured-image-ETF_1200x630.png","width":1200,"height":630,"caption":"Invest in exchange-traded funds"},{"@type":"BreadcrumbList","@id":"https:\/\/www.etoro.com\/es\/investing\/etf\/#breadcrumb","itemListElement":[{"@type":"ListItem","position":1,"name":"Inicio","item":"https:\/\/www.etoro.com\/es\/"},{"@type":"ListItem","position":2,"name":"Invirtiendo","item":"https:\/\/www.etoro.com\/es\/investing\/"},{"@type":"ListItem","position":3,"name":"ETF"}]},{"@type":"WebSite","@id":"https:\/\/www.etoro.com\/es\/#website","url":"https:\/\/www.etoro.com\/es\/","name":"eToro","description":"","publisher":{"@id":"https:\/\/www.etoro.com\/es\/#organization"},"potentialAction":[{"@type":"SearchAction","target":{"@type":"EntryPoint","urlTemplate":"https:\/\/www.etoro.com\/es\/?s={search_term_string}"},"query-input":{"@type":"PropertyValueSpecification","valueRequired":true,"valueName":"search_term_string"}}],"inLanguage":"es"},[]]}},"_links":{"self":[{"href":"https:\/\/www.etoro.com\/es\/wp-json\/wp\/v2\/pages\/712608"}],"collection":[{"href":"https:\/\/www.etoro.com\/es\/wp-json\/wp\/v2\/pages"}],"about":[{"href":"https:\/\/www.etoro.com\/es\/wp-json\/wp\/v2\/types\/page"}],"author":[{"embeddable":true,"href":"https:\/\/www.etoro.com\/es\/wp-json\/wp\/v2\/users\/119"}],"replies":[{"embeddable":true,"href":"https:\/\/www.etoro.com\/es\/wp-json\/wp\/v2\/comments?post=712608"}],"version-history":[{"count":0,"href":"https:\/\/www.etoro.com\/es\/wp-json\/wp\/v2\/pages\/712608\/revisions"}],"up":[{"embeddable":true,"href":"https:\/\/www.etoro.com\/es\/wp-json\/wp\/v2\/pages\/19770"}],"wp:featuredmedia":[{"embeddable":true,"href":"https:\/\/www.etoro.com\/es\/wp-json\/wp\/v2\/media\/1048439"}],"wp:attachment":[{"href":"https:\/\/www.etoro.com\/es\/wp-json\/wp\/v2\/media?parent=712608"}],"wp:term":[{"taxonomy":"asset_type","embeddable":true,"href":"https:\/\/www.etoro.com\/es\/wp-json\/wp\/v2\/asset_type?post=712608"}],"curies":[{"name":"wp","href":"https:\/\/api.w.org\/{rel}","templated":true}]}}