{"id":719868,"date":"2023-09-27T19:03:23","date_gmt":"2023-09-27T16:03:23","guid":{"rendered":"https:\/\/www.etoro.com\/investing\/what-is-macroeconomics\/"},"modified":"2026-03-17T11:50:32","modified_gmt":"2026-03-17T09:50:32","slug":"what-is-macroeconomics","status":"publish","type":"page","link":"https:\/\/www.etoro.com\/es\/investing\/what-is-macroeconomics\/","title":{"rendered":"Macroeconom\u00eda: \u00bfQu\u00e9 es y para qu\u00e9 sirve?"},"content":{"rendered":"\n<p class=\"is-style-summary\">La macroeconom\u00eda te brinda perspectivas valiosas sobre los factores que influyen en los mercados financieros. Pero \u00bfqu\u00e9 es exactamente la macroeconom\u00eda? Aqu\u00ed te explicamos qu\u00e9 es, c\u00f3mo funciona y c\u00f3mo puedes usarla en tus inversiones<\/p>\n\n\n\n\n\n\n<hr class=\"wp-block-separator wp-block-separator-color-dark-grey wp-block-separator-spaces-medium wp-block-separator-weight-1\"\/>\n\n\n\n<p>La macroeconom\u00eda examina los <strong>motores de la econom\u00eda global<\/strong>, tales como oferta y demanda de bienes y servicios. Este enfoque hol\u00edstico ayuda tanto a <a href=\"https:\/\/www.etoro.com\/es\/academy\/investing\/\">inversores<\/a> como a <a href=\"https:\/\/www.etoro.com\/es\/academy\/trading\/\"><em>traders<\/em><\/a> a entender mejor la complejidad de los mercados financieros y tomar decisiones informadas.&nbsp;<\/p>\n\n\n\n<figure class=\"wp-block-image size-full\"><img loading=\"lazy\" decoding=\"async\" width=\"756\" height=\"400\" src=\"https:\/\/www.etoro.com\/wp-content\/uploads\/2023\/10\/Body-Image-1_-Macroeconomics-definition-2.png\" alt=\"\" class=\"wp-image-718831 wp-image-desktop\" srcset=\"https:\/\/www.etoro.com\/wp-content\/uploads\/2023\/10\/Body-Image-1_-Macroeconomics-definition-2.png 756w, https:\/\/www.etoro.com\/wp-content\/uploads\/2023\/10\/Body-Image-1_-Macroeconomics-definition-2-300x159.png 300w\" sizes=\"(max-width: 756px) 100vw, 756px\" \/><\/figure>\n\n\n\n<h2 class=\"wp-block-heading\">\u00bfQu\u00e9 es la macroeconom\u00eda?&nbsp;<\/h2>\n\n\n\n<p><mark>La macroeconom\u00eda es <strong>el estudio de las variables econ\u00f3micas y pol\u00edticas de alto nivel<\/strong>. Esta ciencia analiza datos nacionales, regionales o globales para ofrecer informaci\u00f3n sobre tendencias de crecimiento o declive, sus causas y posibles futuros cambios.<\/mark><\/p>\n\n\n\n<p><strong>La macroeconom\u00eda se centra en estudiar datos clave<\/strong> que ejercen una gran influencia en la econom\u00eda y los mercados, tales como los <strong><e-tip data-tooltip=\"El costo, expresado como porcentaje, que una persona o entidad incurre al tomar dinero prestado.\">tipos de inter\u00e9s<\/e-tip><\/strong> y de desempleo.&nbsp;<\/p>\n\n\n\n<p>Estos datos suelen expresarse en t\u00e9rminos sencillos<strong>, como una tasa de inter\u00e9s espec\u00edfica o el porcentaje de desempleo en la fuerza laboral.<\/strong><\/p>\n\n\n\n<figure class=\"wp-block-image size-full\"><img loading=\"lazy\" decoding=\"async\" width=\"756\" height=\"400\" src=\"https:\/\/www.etoro.com\/wp-content\/uploads\/2023\/10\/Body-Image-2_-What-does-macroeconomics-focus-on_-1.png\" alt=\"\" class=\"wp-image-718852 wp-image-desktop\" srcset=\"https:\/\/www.etoro.com\/wp-content\/uploads\/2023\/10\/Body-Image-2_-What-does-macroeconomics-focus-on_-1.png 756w, https:\/\/www.etoro.com\/wp-content\/uploads\/2023\/10\/Body-Image-2_-What-does-macroeconomics-focus-on_-1-300x159.png 300w\" sizes=\"(max-width: 756px) 100vw, 756px\" \/><\/figure>\n\n\n\n<h2 class=\"wp-block-heading\">\u00bfPara qu\u00e9 sirve la macroeconom\u00eda?<\/h2>\n\n\n\n<p>Por lo general, las empresas y l\u00edderes pol\u00edticos que usan la macroeconom\u00eda buscan <strong>crecimiento econ\u00f3mico, estabilidad de precios y cifras positivas de empleo.&nbsp;<\/strong><\/p>\n\n\n\n<p>En los an\u00e1lisis macroecon\u00f3micos se utilizan datos publicados por fuentes oficiales, tales como el <strong><e-tip data-tooltip=\"Representa el valor total de mercado de todos los bienes generados en un pa\u00eds durante un per\u00edodo determinado.\">producto interior bruto (PIB)<\/e-tip><\/strong>, el <strong><e-tip data-tooltip=\"Mide las fluctuaciones de precios de una canasta representativa de bienes y servicios con el tiempo.\">\u00edndice de precios de consumo (IPC)<\/e-tip><\/strong> y las cifras de empleo.&nbsp;<\/p>\n\n\n\n<div class=\"wp-block-etoro-tip wp-block-etoro-tip-border-yellow\"><span class=\"wp-block-etoro-tip-icon\"><\/span><div class=\"wp-block-etoro-tip-text\">\n<p><strong>Consejo: <\/strong>la macroeconom\u00eda no es una ciencia exacta. Economistas e inversores a menudo difieren en qu\u00e9 m\u00e9tricas son las m\u00e1s cruciales.<\/p>\n<\/div><\/div>\n\n\n\n<p>Cabe resaltar que existen factores que pueden afectar las metas de crecimiento, estabilidad y empleabilidad, incluyendo:<\/p>\n\n\n\n<ul class=\"wp-block-list wp-block-list wp-block-list-circle\">\n<li><strong>Pol\u00edtica fiscal: <\/strong>consiste en ajustar las condiciones econ\u00f3micas mediante el gasto gubernamental y pol\u00edticas fiscales<strong>.<\/strong><\/li>\n\n\n\n<li><strong>Pol\u00edtica monetaria: <\/strong>acciones que controlan la oferta monetaria de un pa\u00eds<strong>.<\/strong><\/li>\n\n\n\n<li><strong>Eventos geopol\u00edticos: <\/strong>incidencias pol\u00edticas que involucran a m\u00e1s de una naci\u00f3n.<\/li>\n<\/ul>\n\n\n\n<p>Adem\u00e1s, al estudiar datos macroecon\u00f3micos, puedes profundizar en otros factores como la oferta y demanda, la productividad laboral, el sentimiento del consumidor y las tendencias sociales. Con todo esto, <strong>puedes obtener un panorama m\u00e1s completo de la econom\u00eda.<\/strong><\/p>\n\n\n\n<blockquote class=\"wp-block-quote wp-block-quote-scheme-green is-layout-flow wp-block-quote-is-layout-flow\">\n<p>\u00abEs mejor estar aproximadamente en lo correcto que precisamente en lo incorrecto\u00bb<\/p>\n<cite><a href=\"https:\/\/www.connexpartners.com\/partner-insights\/22-inspiring-john-maynard-keynes-quotes\" rel=\"nofollow noopener noreferrer\" >John Maynard Keynes<\/a><\/cite><\/blockquote>\n\n\n\n<figure class=\"wp-block-image size-full\"><img loading=\"lazy\" decoding=\"async\" width=\"756\" height=\"400\" src=\"https:\/\/www.etoro.com\/wp-content\/uploads\/2023\/10\/Body-Image-3_-What-can-investors-and-traders-learn-from-macroeconomics_-1.png\" alt=\"\" class=\"wp-image-718873 wp-image-desktop\" srcset=\"https:\/\/www.etoro.com\/wp-content\/uploads\/2023\/10\/Body-Image-3_-What-can-investors-and-traders-learn-from-macroeconomics_-1.png 756w, https:\/\/www.etoro.com\/wp-content\/uploads\/2023\/10\/Body-Image-3_-What-can-investors-and-traders-learn-from-macroeconomics_-1-300x159.png 300w\" sizes=\"(max-width: 756px) 100vw, 756px\" \/><\/figure>\n\n\n\n<h2 class=\"wp-block-heading\">C\u00f3mo usar la macroeconom\u00eda para invertir y operar<\/h2>\n\n\n\n<p>Los datos macroecon\u00f3micos se publican en <strong>fechas preestablecidas<\/strong> y suelen recibir atenci\u00f3n por parte de los mercados financieros seg\u00fan su relevancia.<\/p>\n\n\n\n<p><mark>Los <a href=\"https:\/\/www.etoro.com\/es\/trading\/macro-effects-on-commodities\/\">factores macroecon\u00f3micos<\/a> (como los tipos de inter\u00e9s) pueden tardar cierto tiempo en afectar una econom\u00eda. Sin embargo, la sola publicaci\u00f3n de sus datos puede provocar <strong><e-tip data-tooltip=\"M\u00e9trica que mide las fluctuaciones inesperadas en los precios de los mercados o acciones durante un per\u00edodo espec\u00edfico.\">volatilidad<\/e-tip><\/strong> a corto plazo en los mercados.&nbsp;<\/mark><\/p>\n\n\n\n<p><mark>Los <em>traders<\/em> a menudo ajustan sus posiciones con base en el <strong>valor razonable<\/strong>  calculado tomando en cuenta la nueva informaci\u00f3n.<\/mark><\/p>\n\n\n\n<p>En el mundo del <em>trading<\/em> y las inversiones existen <strong>varias estrategias para las publicaciones de los informes macroecon\u00f3micos<\/strong>. Mientras algunos los usan para hallar oportunidades de inversi\u00f3n, otros evitan estos informes activamente.<\/p>\n\n\n\n<p>Si decides operar con informes macroecon\u00f3micos, <strong>debes tener en cuenta el riesgo de <em>whipsaws<\/em>.<\/strong> Estos son movimientos de precio bruscos y temporales. Los <em>whipsaws<\/em> puede activar prematuramente tus <a href=\"https:\/\/www.etoro.com\/es\/trading\/how-to-set-stop-loss-and-take-profit-targets\/\"><em>stop loss<\/em><\/a>, lo que puede hacerte incurrir en p\u00e9rdidas.<\/p>\n\n\n\n<div class=\"wp-block-etoro-tip wp-block-etoro-tip-border-yellow\"><span class=\"wp-block-etoro-tip-icon\"><\/span><div class=\"wp-block-etoro-tip-text\">\n<p><strong>Consejo: <\/strong>un cambio en el panorama macroecon\u00f3mico podr\u00eda impactar positivamente un activo mientras afecta negativamente a otro.<\/p>\n<\/div><\/div>\n\n\n\n<h2 class=\"wp-block-heading\">Reflexiones finales<\/h2>\n\n\n\n<p><strong>El an\u00e1lisis de datos macroecon\u00f3micos no es una ciencia exacta.<\/strong> Dada la complejidad e interconexi\u00f3n del sistema econ\u00f3mico global, los cambios en factores macroecon\u00f3micos pueden tener efectos imprevistos. Aun as\u00ed, es recomendable que est\u00e9s al tanto de los informes de datos macroecon\u00f3micos si te interesa el mundo financiero.<\/p>\n\n\n\n<p>Visita la <a href=\"https:\/\/www.etoro.com\/es\/academy\">Academia de eToro<\/a> para conocer m\u00e1s sobre los datos macroecon\u00f3micos.<\/p>\n\n\n\n<h2 class=\"wp-block-heading\">Cuestionario<\/h2>\n\n\n\n<div class=\"wp-block-etoro-quizzes\">\n<div class=\"wp-block-etoro-quiz\" data-answer=\"2\"><div class=\"wp-block-etoro-quiz-body\"><div class=\"wp-block-etoro-quiz-question\">\u00bfQu\u00e9 es la Macroeconom\u00eda?<\/div>\n<div class=\"wp-block-etoro-quiz-item\">El estudio de los estados financieros de una empresa<\/div>\n\n\n\n<div class=\"wp-block-etoro-quiz-item\">El estudio de variables espec\u00edficas de activos<\/div>\n\n\n\n<div class=\"wp-block-etoro-quiz-item\">El estudio de variables econ\u00f3micas y pol\u00edticas de alto nivel<\/div>\n<\/div><div class=\"wp-block-etoro-quiz-result\">\u00a0<\/div><\/div>\n<\/div>\n\n\n\n\n\n<h2 class=\"wp-block-heading is-style-heading-2\">Preguntas frecuentes<\/h2>\n\n\n\n<dl class=\"wp-block-etoro-faq\">\n<div class=\"wp-block-etoro-faq-item\"><dt class=\"wp-block-etoro-faq-item-question\">\u00bfQu\u00e9 clase de activo se ve m\u00e1s afectado por eventos macroecon\u00f3micos?<br><\/dt><dd class=\"wp-block-etoro-faq-item-answer\">\n<p>Algunos informes macroecon\u00f3micos pueden afectar a todas las <a href=\"https:\/\/www.etoro.com\/es\/investing\/how-to-choose-what-asset-class-to-invest-in\/\">clases de activos<\/a>. Por ejemplo, el reporte de las n\u00f3minas no agr\u00edcolas de Estados Unidos, que es publicado&nbsp; el primer viernes de cada mes, puede influir en varios mercados, como divisas, acciones e incluso criptomonedas. Otros informes, como los relacionados con el sentimiento de los fabricantes, pueden afectar sectores espec\u00edficos.&nbsp;<\/p>\n<\/dd><\/div>\n\n\n\n<div class=\"wp-block-etoro-faq-item\"><dt class=\"wp-block-etoro-faq-item-question\">\u00bfC\u00f3mo puedo seguir los eventos macroecon\u00f3micos?<br><\/dt><dd class=\"wp-block-etoro-faq-item-answer\">\n<p>Puedes hacerlo en un br\u00f3ker de buena reputaci\u00f3n con un <a href=\"https:\/\/www.etoro.com\/es\/trading\/economic-calendar\/\">calendario econ\u00f3mico<\/a>. Este calendario detalla eventos pr\u00f3ximos que puedes filtrar por pa\u00eds, regi\u00f3n o grado de impacto.<\/p>\n<\/dd><\/div>\n\n\n\n<div class=\"wp-block-etoro-faq-item\"><dt class=\"wp-block-etoro-faq-item-question\">\u00bfCu\u00e1l es la diferencia entre microeconom\u00eda y macroeconom\u00eda?<br><\/dt><dd class=\"wp-block-etoro-faq-item-answer\">\n<p>La macroeconom\u00eda analiza acciones en una poblaci\u00f3n considerable para ofrecer una visi\u00f3n general. Un ejemplo de esto es el reporte de ventas minoristas de una econom\u00eda determinada. Por otro lado, la <a href=\"https:\/\/www.bbva.com\/es\/que-es-la-microeconomia-y-como-nos-ayuda-a-comprender-nuestro-mundo\/\" rel=\"nofollow noopener noreferrer\" >microeconom\u00eda<\/a> se enfoca en decisiones individuales, por ejemplo, por qu\u00e9 un consumidor elige un producto sobre otro.<\/p>\n<\/dd><\/div>\n\n\n\n<div class=\"wp-block-etoro-faq-item\"><dt class=\"wp-block-etoro-faq-item-question\">\u00bfCu\u00e1les son los principales indicadores macroecon\u00f3micos?<\/dt><dd class=\"wp-block-etoro-faq-item-answer\">\n<p>Son datos que informan sobre la salud de una econom\u00eda, incluyendo el PIB (Producto Interior Bruto), la tasa de desempleo, la inflaci\u00f3n (IPC) y los tipos de inter\u00e9s de los bancos centrales.<\/p>\n<\/dd><\/div>\n\n\n\n<div class=\"wp-block-etoro-faq-item\"><dt class=\"wp-block-etoro-faq-item-question\">\u00bfPueden las tendencias macro predecir el comportamiento de la bolsa?<\/dt><dd class=\"wp-block-etoro-faq-item-answer\">\n<p>Tienen un impacto sustancial, pero no son infalibles. En las <a href=\"https:\/\/www.etoro.com\/es\/stocks\/trading-and-investing-in-stocks\/\">acciones<\/a>, el sentimiento del mercado puede tener m\u00e1s peso a corto plazo que los propios fundamentos macroecon\u00f3micos.<\/p>\n<\/dd><\/div>\n<\/dl>\n\n\n\n<hr class=\"wp-block-separator wp-block-separator-color-dark-grey wp-block-separator-spaces-medium wp-block-separator-weight-1\"\/>\n\n\n\n<p class=\"is-style-disclaimer\"><em>Este comunicado es solo para fines informativos y educacionales y no debe considerarse un consejo de inversi\u00f3n, recomendaci\u00f3n personal o una oferta o solicitud para comprar o vender instrumentos financieros.<\/em><\/p>\n\n\n\n<p class=\"is-style-disclaimer\"><em>Este material se ha preparado sin tener en cuenta los objetivos de inversi\u00f3n de una persona en concreto o situaci\u00f3n financiera en particular. No se ha preparado de acuerdo con los requisitos legales y reglamentarios para promover la investigaci\u00f3n independiente. Cualquier referencia al rendimiento previo o futuro de un instrumento financiero, \u00edndice o producto de inversi\u00f3n empaquetado no es, y no debe considerarse, un indicador confiable de resultados futuros.<\/em><\/p>\n\n\n\n<p class=\"is-style-disclaimer\"><em>eToro no se responsabiliza ni asume ninguna obligaci\u00f3n en cuanto a la precisi\u00f3n o integridad del contenido de esta publicaci\u00f3n.<\/em><\/p>\n\n\n\n<p class=\"is-style-disclaimer\"><em>Los CFD son instrumentos complejos y tienen un alto riesgo de perder dinero r\u00e1pidamente debido al apalancamiento. El 76% de las cuentas de inversionistas minoristas pierden dinero cuando intercambian CFD con este proveedor. Debe considerar si comprende c\u00f3mo funcionan los CFD y si puede permitirse asumir el alto riesgo de perder su dinero.<\/em><\/p>\n\n\n\n<p class=\"is-style-disclaimer\"><em>La inversi\u00f3n en criptoactivos es muy vol\u00e1til y no est\u00e1 regulada en el Reino Unido y algunos pa\u00edses de la UE. No hay protecci\u00f3n del consumidor. Pueden aplicarse impuestos sobre los beneficios.<\/em><\/p>\n","protected":false},"excerpt":{"rendered":"<p>La macroeconom\u00eda te brinda perspectivas valiosas sobre los factores que influyen en los mercados financieros. Pero \u00bfqu\u00e9 es exactamente la macroeconom\u00eda? Aqu\u00ed te explicamos qu\u00e9 es, c\u00f3mo funciona y c\u00f3mo puedes usarla en tus inversiones La macroeconom\u00eda examina los motores de la econom\u00eda global, tales como oferta y demanda de bienes y servicios. Este enfoque&hellip;<\/p>\n","protected":false},"author":101,"featured_media":720227,"parent":19770,"menu_order":0,"comment_status":"closed","ping_status":"closed","template":"","meta":{"_acf_changed":false,"inline_featured_image":false,"sticky_cta_settings":"","footnotes":""},"asset_type":[],"class_list":["post-719868","page","type-page","status-publish","has-post-thumbnail","hentry"],"acf":[],"yoast_head":"<title>Macroeconom\u00eda: qu\u00e9 es y c\u00f3mo usarla para invertir<\/title>\n<meta name=\"description\" content=\"\u00bfTe interesa la macroeconom\u00eda? Conoce qu\u00e9 es, para qu\u00e9 sirve y c\u00f3mo puede ayudarte a encontrar oportunidades de inversi\u00f3n.\" \/>\n<meta name=\"robots\" content=\"index, follow, max-snippet:-1, max-image-preview:large, max-video-preview:-1\" \/>\n<link rel=\"canonical\" href=\"https:\/\/www.etoro.com\/es\/wp-json\/wp\/v2\/pages\/719868\" \/>\n<meta property=\"og:locale\" content=\"es_ES\" \/>\n<meta property=\"og:type\" content=\"article\" \/>\n<meta property=\"og:title\" content=\"Macroeconom\u00eda: qu\u00e9 es y c\u00f3mo usarla para invertir\" \/>\n<meta property=\"og:description\" content=\"\u00bfTe interesa la macroeconom\u00eda? Conoce qu\u00e9 es, para qu\u00e9 sirve y c\u00f3mo puede ayudarte a encontrar oportunidades de inversi\u00f3n.\" \/>\n<meta property=\"og:url\" content=\"https:\/\/www.etoro.com\/es\/wp-json\/wp\/v2\/pages\/719868\" \/>\n<meta property=\"og:site_name\" content=\"eToro\" \/>\n<meta property=\"article:publisher\" content=\"https:\/\/www.facebook.com\/eToro\/\" \/>\n<meta property=\"article:modified_time\" content=\"2026-03-17T09:50:32+00:00\" \/>\n<meta property=\"og:image\" content=\"https:\/\/www.etoro.com\/wp-content\/uploads\/2023\/10\/ES-What-is-Macroeconomics-1200x630-3.png\" \/>\n\t<meta property=\"og:image:width\" content=\"1200\" \/>\n\t<meta property=\"og:image:height\" content=\"630\" \/>\n\t<meta property=\"og:image:type\" content=\"image\/png\" \/>\n<meta name=\"twitter:card\" content=\"summary_large_image\" \/>\n<meta name=\"twitter:site\" content=\"@eToro\" \/>\n<meta name=\"twitter:label1\" content=\"Est. reading time\" \/>\n\t<meta name=\"twitter:data1\" content=\"6 minutes\" \/>\n<script type=\"application\/ld+json\" class=\"yoast-schema-graph\">{\"@context\":\"https:\/\/schema.org\",\"@graph\":[{\"@type\":\"WebPage\",\"@id\":\"https:\/\/www.etoro.com\/es\/investing\/what-is-macroeconomics\/\",\"url\":\"https:\/\/www.etoro.com\/es\/investing\/what-is-macroeconomics\/\",\"name\":\"Macroeconom\u00eda: qu\u00e9 es y c\u00f3mo usarla para invertir\",\"isPartOf\":{\"@id\":\"https:\/\/www.etoro.com\/es\/#website\"},\"primaryImageOfPage\":{\"@id\":\"https:\/\/www.etoro.com\/es\/investing\/what-is-macroeconomics\/#primaryimage\"},\"image\":{\"@id\":\"https:\/\/www.etoro.com\/es\/investing\/what-is-macroeconomics\/#primaryimage\"},\"thumbnailUrl\":\"https:\/\/www.etoro.com\/wp-content\/uploads\/2023\/10\/ES-What-is-Macroeconomics-1200x630-3.png\",\"datePublished\":\"2023-09-27T16:03:23+00:00\",\"dateModified\":\"2026-03-17T09:50:32+00:00\",\"description\":\"\u00bfTe interesa la macroeconom\u00eda? Conoce qu\u00e9 es, para qu\u00e9 sirve y c\u00f3mo puede ayudarte a encontrar oportunidades de inversi\u00f3n.\",\"breadcrumb\":{\"@id\":\"https:\/\/www.etoro.com\/es\/investing\/what-is-macroeconomics\/#breadcrumb\"},\"inLanguage\":\"es\",\"potentialAction\":[{\"@type\":\"ReadAction\",\"target\":[\"https:\/\/www.etoro.com\/es\/investing\/what-is-macroeconomics\/\"]}]},{\"@type\":\"ImageObject\",\"inLanguage\":\"es\",\"@id\":\"https:\/\/www.etoro.com\/es\/investing\/what-is-macroeconomics\/#primaryimage\",\"url\":\"https:\/\/www.etoro.com\/wp-content\/uploads\/2023\/10\/ES-What-is-Macroeconomics-1200x630-3.png\",\"contentUrl\":\"https:\/\/www.etoro.com\/wp-content\/uploads\/2023\/10\/ES-What-is-Macroeconomics-1200x630-3.png\",\"width\":1200,\"height\":630},{\"@type\":\"BreadcrumbList\",\"@id\":\"https:\/\/www.etoro.com\/es\/investing\/what-is-macroeconomics\/#breadcrumb\",\"itemListElement\":[{\"@type\":\"ListItem\",\"position\":1,\"name\":\"Inicio\",\"item\":\"https:\/\/www.etoro.com\/es\/\"},{\"@type\":\"ListItem\",\"position\":2,\"name\":\"Invirtiendo\",\"item\":\"https:\/\/www.etoro.com\/es\/investing\/\"},{\"@type\":\"ListItem\",\"position\":3,\"name\":\"Macroeconom\u00eda: \u00bfQu\u00e9 es y para qu\u00e9 sirve?\"}]},{\"@type\":\"WebSite\",\"@id\":\"https:\/\/www.etoro.com\/es\/#website\",\"url\":\"https:\/\/www.etoro.com\/es\/\",\"name\":\"eToro\",\"description\":\"\",\"publisher\":{\"@id\":\"https:\/\/www.etoro.com\/es\/#organization\"},\"potentialAction\":[{\"@type\":\"SearchAction\",\"target\":{\"@type\":\"EntryPoint\",\"urlTemplate\":\"https:\/\/www.etoro.com\/es\/?s={search_term_string}\"},\"query-input\":{\"@type\":\"PropertyValueSpecification\",\"valueRequired\":true,\"valueName\":\"search_term_string\"}}],\"inLanguage\":\"es\"},[]]}<\/script>","yoast_head_json":{"title":"Macroeconom\u00eda: qu\u00e9 es y c\u00f3mo usarla para invertir","description":"\u00bfTe interesa la macroeconom\u00eda? Conoce qu\u00e9 es, para qu\u00e9 sirve y c\u00f3mo puede ayudarte a encontrar oportunidades de inversi\u00f3n.","robots":{"index":"index","follow":"follow","max-snippet":"max-snippet:-1","max-image-preview":"max-image-preview:large","max-video-preview":"max-video-preview:-1"},"canonical":"https:\/\/www.etoro.com\/es\/wp-json\/wp\/v2\/pages\/719868","og_locale":"es_ES","og_type":"article","og_title":"Macroeconom\u00eda: qu\u00e9 es y c\u00f3mo usarla para invertir","og_description":"\u00bfTe interesa la macroeconom\u00eda? Conoce qu\u00e9 es, para qu\u00e9 sirve y c\u00f3mo puede ayudarte a encontrar oportunidades de inversi\u00f3n.","og_url":"https:\/\/www.etoro.com\/es\/wp-json\/wp\/v2\/pages\/719868","og_site_name":"eToro","article_publisher":"https:\/\/www.facebook.com\/eToro\/","article_modified_time":"2026-03-17T09:50:32+00:00","og_image":[{"width":1200,"height":630,"url":"https:\/\/www.etoro.com\/wp-content\/uploads\/2023\/10\/ES-What-is-Macroeconomics-1200x630-3.png","type":"image\/png"}],"twitter_card":"summary_large_image","twitter_site":"@eToro","twitter_misc":{"Est. reading time":"6 minutes"},"schema":{"@context":"https:\/\/schema.org","@graph":[{"@type":"WebPage","@id":"https:\/\/www.etoro.com\/es\/investing\/what-is-macroeconomics\/","url":"https:\/\/www.etoro.com\/es\/investing\/what-is-macroeconomics\/","name":"Macroeconom\u00eda: qu\u00e9 es y c\u00f3mo usarla para invertir","isPartOf":{"@id":"https:\/\/www.etoro.com\/es\/#website"},"primaryImageOfPage":{"@id":"https:\/\/www.etoro.com\/es\/investing\/what-is-macroeconomics\/#primaryimage"},"image":{"@id":"https:\/\/www.etoro.com\/es\/investing\/what-is-macroeconomics\/#primaryimage"},"thumbnailUrl":"https:\/\/www.etoro.com\/wp-content\/uploads\/2023\/10\/ES-What-is-Macroeconomics-1200x630-3.png","datePublished":"2023-09-27T16:03:23+00:00","dateModified":"2026-03-17T09:50:32+00:00","description":"\u00bfTe interesa la macroeconom\u00eda? Conoce qu\u00e9 es, para qu\u00e9 sirve y c\u00f3mo puede ayudarte a encontrar oportunidades de inversi\u00f3n.","breadcrumb":{"@id":"https:\/\/www.etoro.com\/es\/investing\/what-is-macroeconomics\/#breadcrumb"},"inLanguage":"es","potentialAction":[{"@type":"ReadAction","target":["https:\/\/www.etoro.com\/es\/investing\/what-is-macroeconomics\/"]}]},{"@type":"ImageObject","inLanguage":"es","@id":"https:\/\/www.etoro.com\/es\/investing\/what-is-macroeconomics\/#primaryimage","url":"https:\/\/www.etoro.com\/wp-content\/uploads\/2023\/10\/ES-What-is-Macroeconomics-1200x630-3.png","contentUrl":"https:\/\/www.etoro.com\/wp-content\/uploads\/2023\/10\/ES-What-is-Macroeconomics-1200x630-3.png","width":1200,"height":630},{"@type":"BreadcrumbList","@id":"https:\/\/www.etoro.com\/es\/investing\/what-is-macroeconomics\/#breadcrumb","itemListElement":[{"@type":"ListItem","position":1,"name":"Inicio","item":"https:\/\/www.etoro.com\/es\/"},{"@type":"ListItem","position":2,"name":"Invirtiendo","item":"https:\/\/www.etoro.com\/es\/investing\/"},{"@type":"ListItem","position":3,"name":"Macroeconom\u00eda: \u00bfQu\u00e9 es y para qu\u00e9 sirve?"}]},{"@type":"WebSite","@id":"https:\/\/www.etoro.com\/es\/#website","url":"https:\/\/www.etoro.com\/es\/","name":"eToro","description":"","publisher":{"@id":"https:\/\/www.etoro.com\/es\/#organization"},"potentialAction":[{"@type":"SearchAction","target":{"@type":"EntryPoint","urlTemplate":"https:\/\/www.etoro.com\/es\/?s={search_term_string}"},"query-input":{"@type":"PropertyValueSpecification","valueRequired":true,"valueName":"search_term_string"}}],"inLanguage":"es"},[]]}},"_links":{"self":[{"href":"https:\/\/www.etoro.com\/es\/wp-json\/wp\/v2\/pages\/719868"}],"collection":[{"href":"https:\/\/www.etoro.com\/es\/wp-json\/wp\/v2\/pages"}],"about":[{"href":"https:\/\/www.etoro.com\/es\/wp-json\/wp\/v2\/types\/page"}],"author":[{"embeddable":true,"href":"https:\/\/www.etoro.com\/es\/wp-json\/wp\/v2\/users\/101"}],"replies":[{"embeddable":true,"href":"https:\/\/www.etoro.com\/es\/wp-json\/wp\/v2\/comments?post=719868"}],"version-history":[{"count":0,"href":"https:\/\/www.etoro.com\/es\/wp-json\/wp\/v2\/pages\/719868\/revisions"}],"up":[{"embeddable":true,"href":"https:\/\/www.etoro.com\/es\/wp-json\/wp\/v2\/pages\/19770"}],"wp:featuredmedia":[{"embeddable":true,"href":"https:\/\/www.etoro.com\/es\/wp-json\/wp\/v2\/media\/720227"}],"wp:attachment":[{"href":"https:\/\/www.etoro.com\/es\/wp-json\/wp\/v2\/media?parent=719868"}],"wp:term":[{"taxonomy":"asset_type","embeddable":true,"href":"https:\/\/www.etoro.com\/es\/wp-json\/wp\/v2\/asset_type?post=719868"}],"curies":[{"name":"wp","href":"https:\/\/api.w.org\/{rel}","templated":true}]}}