{"id":739966,"date":"2023-10-30T13:00:05","date_gmt":"2023-10-30T11:00:05","guid":{"rendered":"https:\/\/www.etoro.com\/?page_id=739966"},"modified":"2026-03-17T11:31:59","modified_gmt":"2026-03-17T09:31:59","slug":"3-financial-reports","status":"publish","type":"page","link":"https:\/\/www.etoro.com\/es\/investing\/3-financial-reports\/","title":{"rendered":"Estados financieros: gu\u00eda para invertir"},"content":{"rendered":"\n<p class=\"is-style-summary\">Los estados financieros ofrecen datos importantes para llevar a cabo tu an\u00e1lisis fundamental e identificar oportunidades de inversi\u00f3n. Conoce los tres estados financieros clave, aprende qu\u00e9 buscar en ellos y descubre d\u00f3nde encontrarlos.&nbsp;<\/p>\n\n\n\n\n\n\n<hr class=\"wp-block-separator wp-block-separator-color-dark-grey wp-block-separator-spaces-medium wp-block-separator-weight-1\"\/>\n\n\n\n<p>Los estados financieros contienen informaci\u00f3n importante sobre la salud y proyecci\u00f3n de una empresa. El <strong><e-tip data-tooltip=\"Estado financiero de los activos, los pasivos y el patrimonio en un momento determinado.\">balance general<\/e-tip><\/strong>, el <strong><e-tip data-tooltip=\"Informe que muestra los ingresos y gastos de una empresa.\">estado de resultados<\/e-tip><\/strong> y el <strong>flujo de efectivo<\/strong> conforman el n\u00facleo de los <strong>informes de ingresos trimestrales<\/strong> de las compa\u00f1\u00edas y te brindan una idea clara de su desempe\u00f1o.&nbsp;<\/p>\n\n\n\n<p>Estos se publican regularmente, por lo que te permiten identificar <a href=\"https:\/\/www.etoro.com\/es\/news-and-analysis\/etoro-updates\/the-trend-is-your-friend-an-easy-guide-to-trend-trading\/\"><strong>tendencias<\/strong><\/a><strong> y oportunidades de inversi\u00f3n<\/strong> que quiz\u00e1s puedas usar para alcanzar tu <a href=\"https:\/\/www.etoro.com\/es\/investing\/financial-independence\/\">independencia financiera<\/a>.<\/p>\n\n\n\n<blockquote class=\"wp-block-quote wp-block-quote-scheme-green is-layout-flow wp-block-quote-is-layout-flow\">\n<p>Si revisas tres veces los estados financieros, pero a\u00fan no entiendes c\u00f3mo una empresa gana su dinero, usualmente hay un motivo oculto<\/p>\n<cite><a href=\"https:\/\/www.elconfidencial.com\/mercados\/2022-11-10\/jim-chanos-quiebras-criptomonedas-desprevenidos-ftx_3520701\/\" target=\"_blank\" rel=\"noreferrer noopener\">James Chanos<\/a><\/cite><\/blockquote>\n\n\n\n<figure class=\"wp-block-image size-full\"><img loading=\"lazy\" decoding=\"async\" width=\"756\" height=\"400\" src=\"https:\/\/www.etoro.com\/wp-content\/uploads\/2023\/10\/Body-Image-1_-Three-key-financial-statements-3.png\" alt=\"\" class=\"wp-image-740128 wp-image-desktop\" srcset=\"https:\/\/www.etoro.com\/wp-content\/uploads\/2023\/10\/Body-Image-1_-Three-key-financial-statements-3.png 756w, https:\/\/www.etoro.com\/wp-content\/uploads\/2023\/10\/Body-Image-1_-Three-key-financial-statements-3-300x159.png 300w\" sizes=\"(max-width: 756px) 100vw, 756px\" \/><\/figure>\n\n\n\n<h2 class=\"wp-block-heading\">Los tres estados financieros clave<\/h2>\n\n\n\n<p>Cada trimestre, las empresas publican <strong>informes de ingresos<\/strong> que detallan su funcionamiento. Estos informes contienen datos cruciales que te permiten determinar si una acci\u00f3n cotiza a un <e-tip data-tooltip=\"El precio te\u00f3rico de un activo cuando ambas partes, comprador y vendedor, tienen pleno conocimiento de su valor.\">valor razonable de mercado<\/e-tip>. Y estos datos provienen de tres estados financieros clave.<\/p>\n\n\n\n<p>A continuaci\u00f3n, conocer\u00e1s los tres estados financieros a los que deber\u00edas prestar atenci\u00f3n.<\/p>\n\n\n\n<h3 class=\"wp-block-heading\">Balance general<\/h3>\n\n\n\n<p>El balance de una empresa proporciona informaci\u00f3n importante sobre los activos que posee, sus pasivos o<strong> <\/strong><e-tip data-tooltip=\"Una cantidad de dinero u otro activo que se adeuda o es exigible.\">deudas<\/e-tip>, y sus fuentes de <e-tip data-tooltip=\"Total de dinero disponible que tiene una empresa o una persona para poder comprar y vender activos.\">capital<\/e-tip>.<\/p>\n\n\n\n<p>Estos indicadores te ayudan a determinar <strong>la capacidad de la compa\u00f1\u00eda para<\/strong> <strong>cubrir gastos a corto plazo<\/strong>, atender obligaciones futuras y, quiz\u00e1, repartir <a href=\"https:\/\/www.etoro.com\/es\/investing\/what-are-dividends\/\">dividendos<\/a> a accionistas.<strong>&nbsp;<\/strong><\/p>\n\n\n\n<h3 class=\"wp-block-heading\">Estado de resultados<\/h3>\n\n\n\n<p>El estado de resultados te da <strong>una visi\u00f3n clara de la rentabilidad de una empresa<\/strong>. Este informe suma los <e-tip data-tooltip=\"Entradas econ\u00f3micas de una organizaci\u00f3n.\">ingresos<\/e-tip> y las ganancias de capital, mientras resta los gastos y p\u00e9rdidas, para obtener el <strong>ingreso neto<\/strong>. Esta cifra puede orientarte sobre el rendimiento financiero de la empresa.<\/p>\n\n\n\n<div class=\"wp-block-etoro-tip wp-block-etoro-tip-border-yellow\"><span class=\"wp-block-etoro-tip-icon\"><\/span><div class=\"wp-block-etoro-tip-text\">\n<p><strong>Consejo: <\/strong>los m\u00e1rgenes de beneficio porcentuales te permiten comparar f\u00e1cilmente distintas empresas.<\/p>\n<\/div><\/div>\n\n\n\n<h3 class=\"wp-block-heading\">Flujo de efectivo<\/h3>\n\n\n\n<p>Si quieres conocer los <strong>detalles del funcionamiento de una empresa<\/strong>, debes comenzar con el estado de <e-tip data-tooltip=\"Representa el efectivo y sus equivalentes, como valores, que una empresa genera o utiliza en un per\u00edodo espec\u00edfico.\">flujo de efectivo<\/e-tip>. Este informe te muestra cu\u00e1nto efectivo genera la empresa con sus operaciones centrales, adem\u00e1s de mostrar otros ingresos y gastos, como transacciones de activos y movimientos de inversiones y deudas.<\/p>\n\n\n\n<div class=\"wp-block-etoro-tip wp-block-etoro-tip-border-yellow\"><span class=\"wp-block-etoro-tip-icon\"><\/span><div class=\"wp-block-etoro-tip-text\">\n<p><strong>Consejo: <\/strong>aunque las empresas pueden presentarlos de maneras distintas, todos los estados financieros se rigen por principios contables estandarizados<strong>.<\/strong><\/p>\n<\/div><\/div>\n\n\n\n<figure class=\"wp-block-image size-full\"><img loading=\"lazy\" decoding=\"async\" width=\"756\" height=\"400\" src=\"https:\/\/www.etoro.com\/wp-content\/uploads\/2023\/10\/Body-Image-2_-What-should-investors-look-for-in-financial-reports_-3.png\" alt=\"\" class=\"wp-image-740255 wp-image-desktop\" srcset=\"https:\/\/www.etoro.com\/wp-content\/uploads\/2023\/10\/Body-Image-2_-What-should-investors-look-for-in-financial-reports_-3.png 756w, https:\/\/www.etoro.com\/wp-content\/uploads\/2023\/10\/Body-Image-2_-What-should-investors-look-for-in-financial-reports_-3-300x159.png 300w\" sizes=\"(max-width: 756px) 100vw, 756px\" \/><\/figure>\n\n\n\n<h2 class=\"wp-block-heading\">\u00bfQu\u00e9 debes buscar en los estados financieros?<\/h2>\n\n\n\n<p>Existen ciertas m\u00e9tricas clave que debes considerar cuando examinas los estados financieros. Si estudias los mismos datos que analizan los grandes inversores, <strong>podr\u00e1s prever cu\u00e1les acciones ganan o pierden popularidad.<\/strong><\/p>\n\n\n\n<p><mark> Es importante que analices el balance general y el flujo de efectivo, ya que as\u00ed <strong>determinas si la empresa puede sostener sus operaciones<\/strong>. Por otro lado, el estado de resultados te sirve para identificar la rentabilidad actual de la compa\u00f1\u00eda y su potencial de crecimiento. <\/mark><\/p>\n\n\n\n<h2 class=\"wp-block-heading\">\u00bfD\u00f3nde encontrar los estados financieros?<\/h2>\n\n\n\n<p>Generalmente, encontrar\u00e1s los estados financieros en la secci\u00f3n de \u00ab<a href=\"https:\/\/www.bloomberg.com\/latam\/expertos\/relaciones-con-inversores\/\" target=\"_blank\" rel=\"noreferrer noopener\">relaciones con inversores<\/a>\u00bb del <strong>sitio web de la empresa<\/strong> que quieras analizar. Aqu\u00ed hallar\u00e1s los datos m\u00e1s relevantes, como tambi\u00e9n comentarios de la junta directiva que quiz\u00e1s puedan serte de ayuda.<\/p>\n\n\n\n<p>Algunas compa\u00f1\u00edas incluso organizan <strong>sesiones de preguntas y respuestas<\/strong> con analistas y directivos.<\/p>\n\n\n\n<p>Adem\u00e1s, dada la importancia de los informes de ingresos, varias agencias de noticias y br\u00f3keres suelen ofrecer <strong>res\u00famenes acompa\u00f1ados de opiniones de expertos.<\/strong><\/p>\n\n\n\n<p>Si deseas conocer las <strong>opiniones de otros inversores<\/strong>, los <a href=\"https:\/\/www.etoro.com\/es\/news-and-analysis\/\">foros en l\u00ednea<\/a> son espacios ideales para compartir y debatir puntos de vista.<\/p>\n\n\n\n<div class=\"wp-block-etoro-tip wp-block-etoro-tip-border-yellow\"><span class=\"wp-block-etoro-tip-icon\"><\/span><div class=\"wp-block-etoro-tip-text\">\n<p><strong>Consejo: <\/strong>utiliza un <a href=\"https:\/\/www.etoro.com\/es\/investing\/earnings-reports\/\">calendario de informes de ingresos<\/a> para estar al tanto de las actualizaciones financieras de una empresa.<\/p>\n<\/div><\/div>\n\n\n\n<h2 class=\"wp-block-heading\">La importancia de los informes trimestrales<\/h2>\n\n\n\n<p><mark> Los informes de ingresos son tan importantes, que el periodo en que se publican se conoce como \u00ab<a href=\"https:\/\/www.etoro.com\/es\/stocks\/earnings-season\/\">temporada de ganancias<\/a>\u00bb. <\/mark><\/p>\n\n\n\n<p>En esta temporada, algunas empresas pueden sobresalir en su sector y convertirse en <strong>\u00abopciones de inversi\u00f3n atractivas\u00bb<\/strong>, lo que puede revalorizar sus <a href=\"https:\/\/www.etoro.com\/es\/discover\/markets\/stocks\">acciones<\/a>.<\/p>\n\n\n\n<p>Adem\u00e1s, durante la temporada de ganancias, puedes examinar varias empresas de un mismo sector y, de esa forma, <strong>tener una perspectiva general del mismo<\/strong>.<\/p>\n\n\n\n<p>Por \u00faltimo, puedes <strong>comparar las ganancias actuales de una empresa con las de los trimestres anteriores<\/strong>. Esto te permite identificar tendencias y evaluar el rumbo de la compa\u00f1\u00eda.<\/p>\n\n\n\n<div class=\"wp-block-etoro-tip wp-block-etoro-tip-border-yellow\"><span class=\"wp-block-etoro-tip-icon\"><\/span><div class=\"wp-block-etoro-tip-text\">\n<p><strong>Consejo: <\/strong>las noticias durante la temporada de ganancias en Estados Unidos pueden influir notoriamente en el mercado burs\u00e1til global.<\/p>\n<\/div><\/div>\n\n\n\n<figure class=\"wp-block-image size-full\"><img loading=\"lazy\" decoding=\"async\" width=\"756\" height=\"400\" src=\"https:\/\/www.etoro.com\/wp-content\/uploads\/2023\/10\/Body-Image-3_-Why-are-quarterly-reports-important-to-investors_-3.png\" alt=\"\" class=\"wp-image-740276 wp-image-desktop\" srcset=\"https:\/\/www.etoro.com\/wp-content\/uploads\/2023\/10\/Body-Image-3_-Why-are-quarterly-reports-important-to-investors_-3.png 756w, https:\/\/www.etoro.com\/wp-content\/uploads\/2023\/10\/Body-Image-3_-Why-are-quarterly-reports-important-to-investors_-3-300x159.png 300w\" sizes=\"(max-width: 756px) 100vw, 756px\" \/><\/figure>\n\n\n\n<h2 class=\"wp-block-heading\">Reflexiones finales<\/h2>\n\n\n\n<p>Una estrategia clara es esencial para poder invertir eficazmente y lograr tus metas financieras. En ese sentido, el <strong>an\u00e1lisis fundamental<\/strong> es tu aliado, pues te ayuda a descubrir oportunidades de inversi\u00f3n y te brinda la confianza necesaria para aprovecharlas.<\/p>\n\n\n\n<p>Cuando combinas los estados financieros con las presentaciones de resultados (reuniones entre la junta directiva de una empresa, los inversores y otros interesados) <strong>puedes obtener una visi\u00f3n completa para tomar tus decisiones de inversi\u00f3n.<\/strong><\/p>\n\n\n\n<p>Visita la <a href=\"https:\/\/www.etoro.com\/es\/academy\/\">Academia de eToro<\/a> para aprender a identificar oportunidades de inversi\u00f3n.<\/p>\n\n\n\n<h2 class=\"wp-block-heading\">Cuestionario<\/h2>\n\n\n\n<div class=\"wp-block-etoro-quizzes\">\n<div class=\"wp-block-etoro-quiz\" data-answer=\"1\"><div class=\"wp-block-etoro-quiz-body\"><div class=\"wp-block-etoro-quiz-question\">\u00bfCu\u00e1ndo suelen publicar los informes financieros las empresas estadounidenses?<\/div>\n<div class=\"wp-block-etoro-quiz-item\">Mensualmente<\/div>\n\n\n\n<div class=\"wp-block-etoro-quiz-item\">Trimestralmente<\/div>\n\n\n\n<div class=\"wp-block-etoro-quiz-item\">Anualmente<\/div>\n<\/div><div class=\"wp-block-etoro-quiz-result\">\u00a0<\/div><\/div>\n<\/div>\n\n\n\n\n\n<h2 class=\"wp-block-heading\">Preguntas frecuentes<\/h2>\n\n\n\n<dl class=\"wp-block-etoro-faq\">\n<div class=\"wp-block-etoro-faq-item\"><dt class=\"wp-block-etoro-faq-item-question\">\u00bfQu\u00e9 quiere decir cuando una empresa consigue \u00abganancias superiores a las esperadas\u00bb?<\/dt><dd class=\"wp-block-etoro-faq-item-answer\">\n<p>Previo a un anuncio de ganancias, los br\u00f3keres y analistas dan sus <a href=\"https:\/\/www.etoro.com\/es\/news-and-analysis\/market-insights\/\">estimaciones<\/a>. Las agencias de datos de mercado consolidan estas opiniones en un pron\u00f3stico general. Si las ganancias reales superan este pron\u00f3stico, se dice que la empresa obtuvo \u00abganancias superiores a las esperadas\u00bb.<\/p>\n<\/dd><\/div>\n\n\n\n<div class=\"wp-block-etoro-faq-item\"><dt class=\"wp-block-etoro-faq-item-question\">\u00bfCu\u00e1ntas empresas superan los pron\u00f3sticos de ganancias?<\/dt><dd class=\"wp-block-etoro-faq-item-answer\">\n<p>Hist\u00f3ricamente, alrededor del 66&nbsp;% de las empresas estadounidenses superan los pron\u00f3sticos de ganancias. Sin embargo, dado que estas <a href=\"https:\/\/es.finance.yahoo.com\/calendario\/\" target=\"_blank\" rel=\"noreferrer noopener\">expectativas<\/a> suelen ser conservadoras, esto no siempre indica un rendimiento excepcional.<\/p>\n<\/dd><\/div>\n\n\n\n<div class=\"wp-block-etoro-faq-item\"><dt class=\"wp-block-etoro-faq-item-question\">\u00bfCu\u00e1les son los riesgos al usar estados financieros para invertir?<\/dt><dd class=\"wp-block-etoro-faq-item-answer\">\n<p>Los estados financieros muestran datos pasados y no consideran <a href=\"https:\/\/www.esic.edu\/rethink\/management\/factores-economicos-de-una-empresa\" target=\"_blank\" rel=\"noreferrer noopener\">factores macroecon\u00f3micos<\/a>. Si bien son esenciales, no deben ser la \u00fanica fuente de tus decisiones. Para mejorar tu proceso de toma de decisiones, puedes considerar factores macroecon\u00f3micos y subjetivos, como la calidad de la junta directiva de la empresa.<\/p>\n<\/dd><\/div>\n\n\n\n<div class=\"wp-block-etoro-faq-item\"><dt class=\"wp-block-etoro-faq-item-question\">\u00bfQu\u00e9 patrones en el flujo de caja deben alertar a un inversor a largo plazo?<\/dt><dd class=\"wp-block-etoro-faq-item-answer\">\n<p>Un flujo de caja operativo negativo de forma recurrente es una se\u00f1al de alerta sobre la sostenibilidad del negocio. Vigila tambi\u00e9n si las m\u00e9tricas de valoraci\u00f3n son coherentes con el crecimiento hist\u00f3rico de la empresa.<\/p>\n<\/dd><\/div>\n\n\n\n<div class=\"wp-block-etoro-faq-item\"><dt class=\"wp-block-etoro-faq-item-question\">\u00bfC\u00f3mo analizo la salud de una empresa usando los tres informes financieros?<\/dt><dd class=\"wp-block-etoro-faq-item-answer\">\n<p>Cruzando el balance, la cuenta de resultados y el estado de flujos de efectivo. Esto permite evaluar no solo el beneficio, sino tambi\u00e9n la liquidez y la sostenibilidad a largo plazo.<\/p>\n<\/dd><\/div>\n<\/dl>\n\n\n\n<hr class=\"wp-block-separator wp-block-separator-color-dark-grey wp-block-separator-spaces-medium wp-block-separator-weight-1\"\/>\n\n\n\n\t\t<style>\n\t\t\t.rtl .etoro-block-shortcode-disclaimer {\n\t\t\t\ttext-align:right;\n\t\t\t}\n\t\t\t.etoro-block-shortcode-disclaimer {\n\t\t\t\tmargin-bottom:18px;\n\t\t\t\ttext-align:left;\n\t\t\t}\n\t\t\t.etoro-block-shortcode-disclaimer p{\n\t\t\t\tfont-size: 12px;\n\t\t\t\tline-height: 18px;\n\t\t\t}\n\t\t\t@media (min-width: 768px) {\n\t\t\t\t.etoro-block-shortcode-disclaimer {\n\t\t\t\t\tmax-width:1176px;\n\t\t\t\t\ttext-align:center;\n\t\t\t\t}\n\t\t\t\t.etoro-block-shortcode-disclaimer p {\n\t\t\t\t\tfont-size: 14px;\n\t\t\t\t\tline-height: 20px;\n\t\t\t\t}\n\t\t\t}\n\t\t<\/style>\n\t\t<div class='etoro-block-shortcode-disclaimer'><p>Esta informaci\u00f3n es \u00fanicamente para fines educativos y no debe interpretarse como un consejo de inversi\u00f3n, una recomendaci\u00f3n personalizada, una oferta o una solicitud para comprar o vender instrumentos financieros.<\/p>\n<p>Este material se ha preparado sin considerar objetivos de inversi\u00f3n o situaciones financieras particulares. Adem\u00e1s, no cumple con los requisitos legales y regulatorios que promueven la investigaci\u00f3n independiente.<\/p>\n<p><strong>No todos los servicios e instrumentos financieros mencionados est\u00e1n disponibles en eToro.<\/strong> Cualquier referencia al rendimiento pasado de un instrumento financiero, \u00edndice o producto de inversi\u00f3n consolidado no es, ni debe considerarse, un indicador fiable de resultados futuros. <strong>La disponibilidad de todos los productos y servicios mencionados puede variar seg\u00fan la jurisdicci\u00f3n y el pa\u00eds.<\/strong><\/p>\n<p>eToro no se responsabiliza ni asume ninguna obligaci\u00f3n por la precisi\u00f3n o integridad del contenido de esta gu\u00eda. Aseg\u00farate de comprender los riesgos asociados con la inversi\u00f3n antes de comprometer tu capital. Nunca arriesgues m\u00e1s de lo que puedas permitirte perder.<\/p>\n<\/div>\n","protected":false},"excerpt":{"rendered":"<p>Los estados financieros ofrecen datos importantes para llevar a cabo tu an\u00e1lisis fundamental e identificar oportunidades de inversi\u00f3n. Conoce los tres estados financieros clave, aprende qu\u00e9 buscar en ellos y descubre d\u00f3nde encontrarlos.&nbsp; Los estados financieros contienen informaci\u00f3n importante sobre la salud y proyecci\u00f3n de una empresa. El balance general, el estado de resultados y&hellip;<\/p>\n","protected":false},"author":107,"featured_media":747323,"parent":949,"menu_order":0,"comment_status":"closed","ping_status":"closed","template":"","meta":{"_acf_changed":true,"inline_featured_image":false,"sticky_cta_settings":"","footnotes":""},"asset_type":[],"class_list":["post-739966","page","type-page","status-publish","has-post-thumbnail","hentry"],"acf":[],"yoast_head":"<title>Gu\u00eda de estados financieros \u2014 C\u00f3mo usarlos para invertir<\/title>\n<meta name=\"description\" content=\"Descifra el potencial de una empresa con sus estados financieros. Incorpora los tres estados financieros clave en tu estrategia de inversi\u00f3n.\" \/>\n<meta name=\"robots\" content=\"index, follow, max-snippet:-1, max-image-preview:large, max-video-preview:-1\" \/>\n<link rel=\"canonical\" href=\"https:\/\/www.etoro.com\/es\/wp-json\/wp\/v2\/pages\/739966\" \/>\n<meta property=\"og:locale\" content=\"es_ES\" \/>\n<meta property=\"og:type\" content=\"article\" \/>\n<meta property=\"og:title\" content=\"Gu\u00eda de estados financieros \u2014 C\u00f3mo usarlos para invertir\" \/>\n<meta property=\"og:description\" content=\"Descifra el potencial de una empresa con sus estados financieros. Incorpora los tres estados financieros clave en tu estrategia de inversi\u00f3n.\" \/>\n<meta property=\"og:url\" content=\"https:\/\/www.etoro.com\/es\/wp-json\/wp\/v2\/pages\/739966\" \/>\n<meta property=\"og:site_name\" content=\"eToro\" \/>\n<meta property=\"article:publisher\" content=\"https:\/\/www.facebook.com\/eToro\/\" \/>\n<meta property=\"article:modified_time\" content=\"2026-03-17T09:31:59+00:00\" \/>\n<meta property=\"og:image\" content=\"https:\/\/www.etoro.com\/wp-content\/uploads\/2023\/10\/ES-3-Financial-Reports-1200x630-2.png\" \/>\n\t<meta property=\"og:image:width\" content=\"1200\" \/>\n\t<meta property=\"og:image:height\" content=\"630\" \/>\n\t<meta property=\"og:image:type\" content=\"image\/png\" \/>\n<meta name=\"twitter:card\" content=\"summary_large_image\" \/>\n<meta name=\"twitter:site\" content=\"@eToro\" \/>\n<meta name=\"twitter:label1\" content=\"Est. reading time\" \/>\n\t<meta name=\"twitter:data1\" content=\"6 minutes\" \/>\n<script type=\"application\/ld+json\" class=\"yoast-schema-graph\">{\"@context\":\"https:\/\/schema.org\",\"@graph\":[{\"@type\":\"WebPage\",\"@id\":\"https:\/\/www.etoro.com\/es\/investing\/3-financial-reports\/\",\"url\":\"https:\/\/www.etoro.com\/es\/investing\/3-financial-reports\/\",\"name\":\"Gu\u00eda de estados financieros \u2014 C\u00f3mo usarlos para invertir\",\"isPartOf\":{\"@id\":\"https:\/\/www.etoro.com\/es\/#website\"},\"primaryImageOfPage\":{\"@id\":\"https:\/\/www.etoro.com\/es\/investing\/3-financial-reports\/#primaryimage\"},\"image\":{\"@id\":\"https:\/\/www.etoro.com\/es\/investing\/3-financial-reports\/#primaryimage\"},\"thumbnailUrl\":\"https:\/\/www.etoro.com\/wp-content\/uploads\/2023\/10\/ES-3-Financial-Reports-1200x630-2.png\",\"datePublished\":\"2023-10-30T11:00:05+00:00\",\"dateModified\":\"2026-03-17T09:31:59+00:00\",\"description\":\"Descifra el potencial de una empresa con sus estados financieros. Incorpora los tres estados financieros clave en tu estrategia de inversi\u00f3n.\",\"breadcrumb\":{\"@id\":\"https:\/\/www.etoro.com\/es\/investing\/3-financial-reports\/#breadcrumb\"},\"inLanguage\":\"es\",\"potentialAction\":[{\"@type\":\"ReadAction\",\"target\":[\"https:\/\/www.etoro.com\/es\/investing\/3-financial-reports\/\"]}]},{\"@type\":\"ImageObject\",\"inLanguage\":\"es\",\"@id\":\"https:\/\/www.etoro.com\/es\/investing\/3-financial-reports\/#primaryimage\",\"url\":\"https:\/\/www.etoro.com\/wp-content\/uploads\/2023\/10\/ES-3-Financial-Reports-1200x630-2.png\",\"contentUrl\":\"https:\/\/www.etoro.com\/wp-content\/uploads\/2023\/10\/ES-3-Financial-Reports-1200x630-2.png\",\"width\":1200,\"height\":630},{\"@type\":\"BreadcrumbList\",\"@id\":\"https:\/\/www.etoro.com\/es\/investing\/3-financial-reports\/#breadcrumb\",\"itemListElement\":[{\"@type\":\"ListItem\",\"position\":1,\"name\":\"Inicio\",\"item\":\"https:\/\/www.etoro.com\/es\/\"},{\"@type\":\"ListItem\",\"position\":2,\"name\":\"Investing\",\"item\":\"https:\/\/www.etoro.com\/investing\/\"},{\"@type\":\"ListItem\",\"position\":3,\"name\":\"Estados financieros: gu\u00eda para invertir\"}]},{\"@type\":\"WebSite\",\"@id\":\"https:\/\/www.etoro.com\/es\/#website\",\"url\":\"https:\/\/www.etoro.com\/es\/\",\"name\":\"eToro\",\"description\":\"\",\"publisher\":{\"@id\":\"https:\/\/www.etoro.com\/es\/#organization\"},\"potentialAction\":[{\"@type\":\"SearchAction\",\"target\":{\"@type\":\"EntryPoint\",\"urlTemplate\":\"https:\/\/www.etoro.com\/es\/?s={search_term_string}\"},\"query-input\":{\"@type\":\"PropertyValueSpecification\",\"valueRequired\":true,\"valueName\":\"search_term_string\"}}],\"inLanguage\":\"es\"},[]]}<\/script>","yoast_head_json":{"title":"Gu\u00eda de estados financieros \u2014 C\u00f3mo usarlos para invertir","description":"Descifra el potencial de una empresa con sus estados financieros. Incorpora los tres estados financieros clave en tu estrategia de inversi\u00f3n.","robots":{"index":"index","follow":"follow","max-snippet":"max-snippet:-1","max-image-preview":"max-image-preview:large","max-video-preview":"max-video-preview:-1"},"canonical":"https:\/\/www.etoro.com\/es\/wp-json\/wp\/v2\/pages\/739966","og_locale":"es_ES","og_type":"article","og_title":"Gu\u00eda de estados financieros \u2014 C\u00f3mo usarlos para invertir","og_description":"Descifra el potencial de una empresa con sus estados financieros. Incorpora los tres estados financieros clave en tu estrategia de inversi\u00f3n.","og_url":"https:\/\/www.etoro.com\/es\/wp-json\/wp\/v2\/pages\/739966","og_site_name":"eToro","article_publisher":"https:\/\/www.facebook.com\/eToro\/","article_modified_time":"2026-03-17T09:31:59+00:00","og_image":[{"width":1200,"height":630,"url":"https:\/\/www.etoro.com\/wp-content\/uploads\/2023\/10\/ES-3-Financial-Reports-1200x630-2.png","type":"image\/png"}],"twitter_card":"summary_large_image","twitter_site":"@eToro","twitter_misc":{"Est. reading time":"6 minutes"},"schema":{"@context":"https:\/\/schema.org","@graph":[{"@type":"WebPage","@id":"https:\/\/www.etoro.com\/es\/investing\/3-financial-reports\/","url":"https:\/\/www.etoro.com\/es\/investing\/3-financial-reports\/","name":"Gu\u00eda de estados financieros \u2014 C\u00f3mo usarlos para invertir","isPartOf":{"@id":"https:\/\/www.etoro.com\/es\/#website"},"primaryImageOfPage":{"@id":"https:\/\/www.etoro.com\/es\/investing\/3-financial-reports\/#primaryimage"},"image":{"@id":"https:\/\/www.etoro.com\/es\/investing\/3-financial-reports\/#primaryimage"},"thumbnailUrl":"https:\/\/www.etoro.com\/wp-content\/uploads\/2023\/10\/ES-3-Financial-Reports-1200x630-2.png","datePublished":"2023-10-30T11:00:05+00:00","dateModified":"2026-03-17T09:31:59+00:00","description":"Descifra el potencial de una empresa con sus estados financieros. Incorpora los tres estados financieros clave en tu estrategia de inversi\u00f3n.","breadcrumb":{"@id":"https:\/\/www.etoro.com\/es\/investing\/3-financial-reports\/#breadcrumb"},"inLanguage":"es","potentialAction":[{"@type":"ReadAction","target":["https:\/\/www.etoro.com\/es\/investing\/3-financial-reports\/"]}]},{"@type":"ImageObject","inLanguage":"es","@id":"https:\/\/www.etoro.com\/es\/investing\/3-financial-reports\/#primaryimage","url":"https:\/\/www.etoro.com\/wp-content\/uploads\/2023\/10\/ES-3-Financial-Reports-1200x630-2.png","contentUrl":"https:\/\/www.etoro.com\/wp-content\/uploads\/2023\/10\/ES-3-Financial-Reports-1200x630-2.png","width":1200,"height":630},{"@type":"BreadcrumbList","@id":"https:\/\/www.etoro.com\/es\/investing\/3-financial-reports\/#breadcrumb","itemListElement":[{"@type":"ListItem","position":1,"name":"Inicio","item":"https:\/\/www.etoro.com\/es\/"},{"@type":"ListItem","position":2,"name":"Investing","item":"https:\/\/www.etoro.com\/investing\/"},{"@type":"ListItem","position":3,"name":"Estados financieros: gu\u00eda para invertir"}]},{"@type":"WebSite","@id":"https:\/\/www.etoro.com\/es\/#website","url":"https:\/\/www.etoro.com\/es\/","name":"eToro","description":"","publisher":{"@id":"https:\/\/www.etoro.com\/es\/#organization"},"potentialAction":[{"@type":"SearchAction","target":{"@type":"EntryPoint","urlTemplate":"https:\/\/www.etoro.com\/es\/?s={search_term_string}"},"query-input":{"@type":"PropertyValueSpecification","valueRequired":true,"valueName":"search_term_string"}}],"inLanguage":"es"},[]]}},"_links":{"self":[{"href":"https:\/\/www.etoro.com\/es\/wp-json\/wp\/v2\/pages\/739966"}],"collection":[{"href":"https:\/\/www.etoro.com\/es\/wp-json\/wp\/v2\/pages"}],"about":[{"href":"https:\/\/www.etoro.com\/es\/wp-json\/wp\/v2\/types\/page"}],"author":[{"embeddable":true,"href":"https:\/\/www.etoro.com\/es\/wp-json\/wp\/v2\/users\/107"}],"replies":[{"embeddable":true,"href":"https:\/\/www.etoro.com\/es\/wp-json\/wp\/v2\/comments?post=739966"}],"version-history":[{"count":0,"href":"https:\/\/www.etoro.com\/es\/wp-json\/wp\/v2\/pages\/739966\/revisions"}],"up":[{"embeddable":true,"href":"https:\/\/www.etoro.com\/es\/wp-json\/wp\/v2\/pages\/949"}],"wp:featuredmedia":[{"embeddable":true,"href":"https:\/\/www.etoro.com\/es\/wp-json\/wp\/v2\/media\/747323"}],"wp:attachment":[{"href":"https:\/\/www.etoro.com\/es\/wp-json\/wp\/v2\/media?parent=739966"}],"wp:term":[{"taxonomy":"asset_type","embeddable":true,"href":"https:\/\/www.etoro.com\/es\/wp-json\/wp\/v2\/asset_type?post=739966"}],"curies":[{"name":"wp","href":"https:\/\/api.w.org\/{rel}","templated":true}]}}