{"id":768088,"date":"2023-11-14T11:54:26","date_gmt":"2023-11-14T09:54:26","guid":{"rendered":"https:\/\/www.etoro.com\/investing\/commodity-stocks\/"},"modified":"2025-11-03T13:00:11","modified_gmt":"2025-11-03T11:00:11","slug":"commodity-stocks","status":"publish","type":"page","link":"https:\/\/www.etoro.com\/es\/investing\/commodity-stocks\/","title":{"rendered":"Acciones de materias primas Gu\u00eda del inversor"},"content":{"rendered":"\n<p class=\"is-style-summary\">Las acciones de materias primas son un m\u00e9todo popular para acceder al mercado de <em>commodities<\/em>. Descubre c\u00f3mo funcionan y en qu\u00e9 se diferencian de otros instrumentos de inversi\u00f3n.<\/p>\n\n\n\n\n\n\n<hr class=\"wp-block-separator wp-block-separator-color-dark-grey wp-block-separator-spaces-medium wp-block-separator-weight-1\"\/>\n\n\n\n<p><strong>Las acciones de materias primas son un instrumento pr\u00e1ctico para ingresar al mercado de <em>commodities<\/em>.<\/strong> Estas acciones son populares entre quienes buscan <a href=\"https:\/\/www.etoro.com\/es\/investing\/how-to-build-a-diversified-portfolio\/\">diversificar su portafolio<\/a>, aunque no debes olvidar su naturaleza <e-tip data-tooltip=\"M\u00e9trica que mide las fluctuaciones inesperadas en los precios de los mercados o acciones durante un per\u00edodo espec\u00edfico.\">vol\u00e1til<\/e-tip> que puede conllevar riesgos.<\/p>\n\n\n\n<figure class=\"wp-block-image size-full\"><img loading=\"lazy\" decoding=\"async\" width=\"756\" height=\"400\" src=\"https:\/\/www.etoro.com\/wp-content\/uploads\/2023\/11\/Body-Image-1_-What-are-commodity-stocks-3.png\" alt=\"\" class=\"wp-image-768094 wp-image-desktop\" srcset=\"https:\/\/www.etoro.com\/wp-content\/uploads\/2023\/11\/Body-Image-1_-What-are-commodity-stocks-3.png 756w, https:\/\/www.etoro.com\/wp-content\/uploads\/2023\/11\/Body-Image-1_-What-are-commodity-stocks-3-300x159.png 300w\" sizes=\"(max-width: 756px) 100vw, 756px\" \/><\/figure>\n\n\n\n<h2 class=\"wp-block-heading\">\u00bfQu\u00e9 son las acciones de materias primas?<\/h2>\n\n\n\n<p><mark><strong>Las acciones de materias primas son aquellas que pertenecen a empresas que participan en la producci\u00f3n, exploraci\u00f3n o distribuci\u00f3n de <\/strong><a href=\"https:\/\/www.etoro.com\/es\/discover\/markets\/commodities\"><strong>materias primas<\/strong><\/a><strong>. <\/strong>Estas empresas est\u00e1n listadas en las <a href=\"https:\/\/www.etoro.com\/es\/stocks\/most-popular-stock-exchanges\/\">bolsas de valores<\/a> y pueden operar en sectores como energ\u00eda, agricultura, metales y miner\u00eda.<\/mark><\/p>\n\n\n\n<p><strong>A trav\u00e9s de estas acciones, puedes especular sobre las variaciones de <a href=\"https:\/\/www.etoro.com\/es\/investing\/what-affects-commodity-prices\/\">precios de las materias primas<\/a> sin tener los activos f\u00edsicos. <\/strong>Por ejemplo, compa\u00f1\u00edas como <a href=\"https:\/\/www.etoro.com\/es\/markets\/bhp\">BHP Group<\/a> te ofrecen exposici\u00f3n a varios sectores de materias primas, mientras que otras como B2Gold Corp se centran en una materia espec\u00edfica, como el oro.&nbsp;<\/p>\n\n\n\n<div class=\"wp-block-etoro-tip wp-block-etoro-tip-border-yellow\"><span class=\"wp-block-etoro-tip-icon\"><\/span><div class=\"wp-block-etoro-tip-text\">\n<p><strong>Consejo: <\/strong>La frase \u00aben una fiebre del oro, vende palas\u00bb destaca la oportunidad de invertir en empresas que ofrecen bienes y servicios al sector de materias primas.<\/p>\n<\/div><\/div>\n\n\n\n<p><strong>Dentro de las acciones de materias primas tambi\u00e9n se encuentran empresas que desarrollan bienes y servicios para el sector<\/strong>. Un ejemplo es <a href=\"https:\/\/www.etoro.com\/es\/markets\/cat\">Caterpillar<\/a>, que produce maquinaria para miner\u00eda.<\/p>\n\n\n\n<figure class=\"wp-block-image size-full\"><img loading=\"lazy\" decoding=\"async\" width=\"756\" height=\"400\" src=\"https:\/\/www.etoro.com\/wp-content\/uploads\/2023\/11\/Body-Image-2_-How-to-identify-and-find-commodity-related-stocks-3.png\" alt=\"\" class=\"wp-image-768115 wp-image-desktop\" srcset=\"https:\/\/www.etoro.com\/wp-content\/uploads\/2023\/11\/Body-Image-2_-How-to-identify-and-find-commodity-related-stocks-3.png 756w, https:\/\/www.etoro.com\/wp-content\/uploads\/2023\/11\/Body-Image-2_-How-to-identify-and-find-commodity-related-stocks-3-300x159.png 300w\" sizes=\"(max-width: 756px) 100vw, 756px\" \/><\/figure>\n\n\n\n<h2 class=\"wp-block-heading\">C\u00f3mo identificar y elegir acciones de materias primas<\/h2>\n\n\n\n<p>Dado que el sector de <em>commodities<\/em> es cada vez m\u00e1s popular, actualmente es sencillo encontrar y adquirir acciones de materias primas. <strong>Las bolsas y br\u00f3keres clasifican las acciones por sector industrial<\/strong>,<strong> lo que te permite identificar acciones bajo categor\u00edas espec\u00edficas, como \u00ab<\/strong><a href=\"https:\/\/www.etoro.com\/es\/discover\/markets\/stocks\/industry\/basicmaterials\"><strong>materiales b\u00e1sicos<\/strong><\/a><strong>\u00bb.&nbsp;<\/strong><\/p>\n\n\n\n<p>Adem\u00e1s, hay una gran cantidad de informaci\u00f3n e investigaci\u00f3n en este campo. <strong>Las <\/strong><a href=\"https:\/\/www.etoro.com\/es\/trading\/trend-trading\/\"><strong>tendencias<\/strong><\/a><strong> en los mercados de materias primas suelen ser duraderas debido a ciclos econ\u00f3micos que se extienden por a\u00f1os<\/strong>. Dichas tendencias vienen reforzadas por retos log\u00edsticos para ajustar la oferta ante cambios en la demanda.<\/p>\n\n\n\n<div class=\"wp-block-etoro-tip wp-block-etoro-tip-border-yellow\"><span class=\"wp-block-etoro-tip-icon\"><\/span><div class=\"wp-block-etoro-tip-text\">\n<p><strong>Consejo: <\/strong>Los fondos de inversi\u00f3n institucionales a menudo recurren a acciones de materias primas como m\u00e9todo indirecto para obtener exposici\u00f3n a las <em>commodities<\/em>.<\/p>\n<\/div><\/div>\n\n\n\n<h2 class=\"wp-block-heading\">Por qu\u00e9 considerar acciones de <em>commodities<\/em><\/h2>\n\n\n\n<p><mark>Las acciones de materias primas tienen una gran ventaja: <strong>te permiten invertir simult\u00e1neamente en dos <a href=\"https:\/\/www.etoro.com\/es\/investing\/how-to-choose-what-asset-class-to-invest-in\/\">clases de activos<\/a>, que son las acciones y las materias primas.<\/strong> Un aumento en el inter\u00e9s hacia cualquiera de estos sectores puede influir positivamente en los precios de las acciones de <em>commodities<\/em>.<\/mark><\/p>\n\n\n\n<p><strong>Por ejemplo, hist\u00f3ricamente ha existido una correlaci\u00f3n inversa entre las acciones y el <\/strong><a href=\"https:\/\/www.etoro.com\/es\/markets\/oil\"><strong>petr\u00f3leo<\/strong><\/a><strong>.<\/strong> Sin embargo, si adquieres acciones de una empresa petrolera reconocida, como BP, podr\u00edas anticipar movimientos favorables si el precio del crudo sube abruptamente.<\/p>\n\n\n\n<p><strong>Otra ventaja del sector de materias primas es que te permite diversificar tu cartera y crear <e-tip data-tooltip=\"Estrategia que se adopta para reducir o eliminar el riesgo de sufrir p\u00e9rdidas en una inversi\u00f3n.\">coberturas<\/e-tip><\/strong> contra posibles ca\u00eddas de las acciones m\u00e1s tradicionales.&nbsp;<\/p>\n\n\n\n<div class=\"wp-block-etoro-tip wp-block-etoro-tip-border-yellow\"><span class=\"wp-block-etoro-tip-icon\"><\/span><div class=\"wp-block-etoro-tip-text\">\n<p><strong>Consejo: <\/strong>Al adquirir acciones de materias primas, te relacionas tanto con el sector de <em>commodities<\/em> como con las acciones.<\/p>\n<\/div><\/div>\n\n\n\n<p>Por \u00faltimo, <strong>las acciones de materias primas tienen otros beneficios que las convierten en un mejor veh\u00edculo de inversi\u00f3n que los futuros<\/strong>, las opciones u otros <strong><e-tip data-tooltip=\"Activo o conjunto de activos que pueden negociarse.\">instrumentos financieros<\/e-tip><\/strong>. Estos son:<\/p>\n\n\n\n<ul class=\"wp-block-list wp-block-list wp-block-list-circle\">\n<li><strong>Las acciones de <\/strong><strong><em>commodities<\/em><\/strong><strong> se cotizan en <\/strong><a href=\"https:\/\/www.etoro.com\/es\/stocks\/most-popular-stock-exchanges\/\"><strong>bolsas reguladas<\/strong><\/a>. Por lo tanto, deben adherirse a est\u00e1ndares rigurosos y ofrecer informes detallados y transparentes regularmente.<\/li>\n\n\n\n<li>Estas acciones son m\u00e1s sencillas de comprender que otros activos y pueden ser una buena puerta de entrada al mundo de la inversi\u00f3n. <strong>Usualmente, solo necesitas una <\/strong><a href=\"https:\/\/www.etoro.com\/es\/\"><strong>cuenta en un br\u00f3ker<\/strong><\/a><strong> para empezar.<\/strong><\/li>\n\n\n\n<li><strong>Gracias a su alto volumen, los mercados de acciones garantizan <e-tip data-tooltip=\"Indica la facilidad con la que se puede convertir activos en efectivo o acceder a financiamiento.\">liquidez<\/e-tip><\/strong> y <a href=\"https:\/\/www.etoro.com\/es\/trading\/fees\/\">tarifas<\/a> competitivas.<\/li>\n\n\n\n<li><strong>Algunas acciones de materias primas otorgan <\/strong><a href=\"https:\/\/www.etoro.com\/es\/investing\/what-are-dividends\/\"><strong>dividendos<\/strong><\/a>, lo que brinda beneficios adicionales a los inversores.<\/li>\n<\/ul>\n\n\n\n<h2 class=\"wp-block-heading\">Acciones de materias primas frente a otros instrumentos basados en <em>commodities<\/em><\/h2>\n\n\n\n<p><mark><strong>La correlaci\u00f3n entre las acciones de materias primas y la <em>commodity<\/em> subyacente no es tan fuerte como en los futuros. <\/strong>Si el <a href=\"https:\/\/www.etoro.com\/es\/investing\/psychology-of-investing\/\">sentimiento del mercado<\/a> de valores se torna bajista mientras los precios de las materias primas aumentan, es posible que los precios de las acciones de materias primas bajen en lugar de ir al alza.<\/mark><\/p>\n\n\n\n<p>Adquirir acciones es una manera accesible y pr\u00e1ctica de incursionar en un mercado espec\u00edfico. Con eso en cuenta, las acciones de materias primas son <strong>una buena manera de invertir en <em>commodities<\/em> sin la necesidad de operar con otros instrumentos<\/strong>, como los futuros.<\/p>\n\n\n\n<figure class=\"wp-block-image size-full\"><img loading=\"lazy\" decoding=\"async\" width=\"756\" height=\"400\" src=\"https:\/\/www.etoro.com\/wp-content\/uploads\/2023\/11\/Body-Image-3_-Commodity-stocks-vs-other-commodity-investments-3.png\" alt=\"\" class=\"wp-image-768136 wp-image-desktop\" srcset=\"https:\/\/www.etoro.com\/wp-content\/uploads\/2023\/11\/Body-Image-3_-Commodity-stocks-vs-other-commodity-investments-3.png 756w, https:\/\/www.etoro.com\/wp-content\/uploads\/2023\/11\/Body-Image-3_-Commodity-stocks-vs-other-commodity-investments-3-300x159.png 300w\" sizes=\"(max-width: 756px) 100vw, 756px\" \/><\/figure>\n\n\n\n<h2 class=\"wp-block-heading\">Reflexiones finales<\/h2>\n\n\n\n<p>Las acciones de materias primas te brindan exposici\u00f3n a las fluctuaciones en los mercados de <em>commodities<\/em>. Sin embargo, su comportamiento est\u00e1 m\u00e1s alineado con el mercado burs\u00e1til. No obstante,<strong> muchos consideran que estas acciones son un medio pr\u00e1ctico y efectivo de <a href=\"https:\/\/www.etoro.com\/es\/trading\/a-beginners-guide-to-commodity-trading\/\">invertir en materias primas<\/a>.<\/strong><\/p>\n\n\n\n<p>Visita la <a href=\"https:\/\/www.etoro.com\/es\/academy\/\">Academia de eToro<\/a> para aprender m\u00e1s sobre la inversi\u00f3n en <em>commodities<\/em>.<\/p>\n\n\n\n<h2 class=\"wp-block-heading\">Cuestionario<\/h2>\n\n\n\n<div class=\"wp-block-etoro-quizzes\">\n<div class=\"wp-block-etoro-quiz\" data-answer=\"3\"><div class=\"wp-block-etoro-quiz-body\"><div class=\"wp-block-etoro-quiz-question\">\u00bfPor qu\u00e9 podr\u00eda un inversor comprar acciones de materias primas?<\/div>\n<div class=\"wp-block-etoro-quiz-item\">Para aprovechar simult\u00e1neamente los mercados de valores y materias primas<\/div>\n\n\n\n<div class=\"wp-block-etoro-quiz-item\">Para diversificar un portafolio<\/div>\n\n\n\n<div class=\"wp-block-etoro-quiz-item\">Para protegerse contra ca\u00eddas en el valor de las acciones &#8220;tradicionales&#8221;<\/div>\n\n\n\n<div class=\"wp-block-etoro-quiz-item\">Todas las anteriores<\/div>\n<\/div><div class=\"wp-block-etoro-quiz-result\">\u00a0<\/div><\/div>\n<\/div>\n\n\n\n\n\n<h2 class=\"wp-block-heading\">Preguntas frecuentes<\/h2>\n\n\n\n<dl class=\"wp-block-etoro-faq\">\n<div class=\"wp-block-etoro-faq-item\"><dt class=\"wp-block-etoro-faq-item-question\">\u00bfCu\u00e1nto duran los ciclos de precios de las materias primas?<\/dt><dd class=\"wp-block-etoro-faq-item-answer\">\n<p>Los ciclos de precios de las materias primas, como el <a href=\"https:\/\/www.etoro.com\/es\/markets\/gold\">oro<\/a> o el ma\u00edz, suelen coincidir con los ritmos econ\u00f3micos generales. Hist\u00f3ricamente, algunos ciclos de precios de materias primas pueden extenderse entre 15 y 20 a\u00f1os.<\/p>\n<\/dd><\/div>\n\n\n\n<div class=\"wp-block-etoro-faq-item\"><dt class=\"wp-block-etoro-faq-item-question\">\u00bfEs mejor adquirir acciones de materias primas directamente o a trav\u00e9s de CFD?<\/dt><dd class=\"wp-block-etoro-faq-item-answer\">\n<p>Depende de tu tolerancia al riesgo. Los <a href=\"https:\/\/www.etoro.com\/es\/trading\/cfd\/what-is-cfd\/\">contratos por diferencia (CFD)<\/a> te permiten usar apalancamiento<strong> <\/strong>para aumentar el perfil de riesgo-recompensa o vender en corto. Las posiciones con apalancamiento tienen un riesgo m\u00e1s alto. Cabe destacar que los CFD tienen tarifas diarias que pueden reducir los rendimientos totales.<\/p>\n\n\n\n<p>Por lo tanto, los inversores del enfoque de comprar y mantener con un horizonte temporal de inversi\u00f3n m\u00e1s largo suelen optar por comprar acciones directamente.<\/p>\n<\/dd><\/div>\n\n\n\n<div class=\"wp-block-etoro-faq-item\"><dt class=\"wp-block-etoro-faq-item-question\">\u00bfC\u00f3mo creo una cartera diversificada de acciones de materias primas?<\/dt><dd class=\"wp-block-etoro-faq-item-answer\">\n<p>Los <a href=\"https:\/\/www.etoro.com\/es\/discover\/markets\/etf\">fondos cotizados en bolsa (ETF)<\/a> son una buena opci\u00f3n. Los ETF te permiten adquirir un conjunto diverso de activos de materias primas con una sola operaci\u00f3n, lo que te brinda diversificaci\u00f3n y practicidad.<\/p>\n<\/dd><\/div>\n<\/dl>\n\n\n\n\t\t<style>\n\t\t\t.rtl .etoro-block-shortcode-disclaimer {\n\t\t\t\ttext-align:right;\n\t\t\t}\n\t\t\t.etoro-block-shortcode-disclaimer {\n\t\t\t\tmargin-bottom:18px;\n\t\t\t\ttext-align:left;\n\t\t\t}\n\t\t\t.etoro-block-shortcode-disclaimer p{\n\t\t\t\tfont-size: 12px;\n\t\t\t\tline-height: 18px;\n\t\t\t}\n\t\t\t@media (min-width: 768px) {\n\t\t\t\t.etoro-block-shortcode-disclaimer {\n\t\t\t\t\tmax-width:1176px;\n\t\t\t\t\ttext-align:center;\n\t\t\t\t}\n\t\t\t\t.etoro-block-shortcode-disclaimer p {\n\t\t\t\t\tfont-size: 14px;\n\t\t\t\t\tline-height: 20px;\n\t\t\t\t}\n\t\t\t}\n\t\t<\/style>\n\t\t<div class='etoro-block-shortcode-disclaimer'><p>Esta informaci\u00f3n es \u00fanicamente para fines educativos y no debe interpretarse como un consejo de inversi\u00f3n, una recomendaci\u00f3n personalizada, una oferta o una solicitud para comprar o vender instrumentos financieros.<\/p>\n<p>Este material se ha preparado sin considerar objetivos de inversi\u00f3n o situaciones financieras particulares. Adem\u00e1s, no cumple con los requisitos legales y regulatorios que promueven la investigaci\u00f3n independiente.<\/p>\n<p><strong>No todos los servicios e instrumentos financieros mencionados est\u00e1n disponibles en eToro.<\/strong> Cualquier referencia al rendimiento pasado de un instrumento financiero, \u00edndice o producto de inversi\u00f3n consolidado no es, ni debe considerarse, un indicador fiable de resultados futuros. <strong>La disponibilidad de todos los productos y servicios mencionados puede variar seg\u00fan la jurisdicci\u00f3n y el pa\u00eds.<\/strong><\/p>\n<p>eToro no se responsabiliza ni asume ninguna obligaci\u00f3n por la precisi\u00f3n o integridad del contenido de esta gu\u00eda. Aseg\u00farate de comprender los riesgos asociados con la inversi\u00f3n antes de comprometer tu capital. Nunca arriesgues m\u00e1s de lo que puedas permitirte perder.<\/p>\n<\/div>\n","protected":false},"excerpt":{"rendered":"<p>Las acciones de materias primas son un m\u00e9todo popular para acceder al mercado de commodities. Descubre c\u00f3mo funcionan y en qu\u00e9 se diferencian de otros instrumentos de inversi\u00f3n. Las acciones de materias primas son un instrumento pr\u00e1ctico para ingresar al mercado de commodities. Estas acciones son populares entre quienes buscan diversificar su portafolio, aunque no&hellip;<\/p>\n","protected":false},"author":98,"featured_media":768159,"parent":19770,"menu_order":0,"comment_status":"closed","ping_status":"closed","template":"","meta":{"_acf_changed":true,"inline_featured_image":false,"sticky_cta_settings":"","footnotes":""},"asset_type":[6601],"class_list":["post-768088","page","type-page","status-publish","has-post-thumbnail","hentry","asset_type-is-cfd"],"acf":[],"yoast_head":"<title>\u00bfQu\u00e9 son las acciones de materias primas? Gu\u00eda de inversi\u00f3n<\/title>\n<meta name=\"description\" content=\"Las acciones de materias primas son otra manera de invertir en commodities. Descubre c\u00f3mo funcionan y por qu\u00e9 considerarlas para tu cartera.\" \/>\n<meta name=\"robots\" content=\"index, follow, max-snippet:-1, max-image-preview:large, max-video-preview:-1\" \/>\n<link rel=\"canonical\" href=\"https:\/\/www.etoro.com\/es\/wp-json\/wp\/v2\/pages\/768088\" \/>\n<meta property=\"og:locale\" content=\"es_ES\" \/>\n<meta property=\"og:type\" content=\"article\" \/>\n<meta property=\"og:title\" content=\"\u00bfQu\u00e9 son las acciones de materias primas? Gu\u00eda de inversi\u00f3n\" \/>\n<meta property=\"og:description\" content=\"Las acciones de materias primas son otra manera de invertir en commodities. Descubre c\u00f3mo funcionan y por qu\u00e9 considerarlas para tu cartera.\" \/>\n<meta property=\"og:url\" content=\"https:\/\/www.etoro.com\/es\/wp-json\/wp\/v2\/pages\/768088\" \/>\n<meta property=\"og:site_name\" content=\"eToro\" \/>\n<meta property=\"article:publisher\" content=\"https:\/\/www.facebook.com\/eToro\/\" \/>\n<meta property=\"article:modified_time\" content=\"2025-11-03T11:00:11+00:00\" \/>\n<meta property=\"og:image\" content=\"https:\/\/www.etoro.com\/wp-content\/uploads\/2023\/11\/ES-An-Investors-Guide-to-Commodity-Stocks-1200x630-1.png\" \/>\n\t<meta property=\"og:image:width\" content=\"1200\" \/>\n\t<meta property=\"og:image:height\" content=\"630\" \/>\n\t<meta property=\"og:image:type\" content=\"image\/png\" \/>\n<meta name=\"twitter:card\" content=\"summary_large_image\" \/>\n<meta name=\"twitter:site\" content=\"@eToro\" \/>\n<meta name=\"twitter:label1\" content=\"Est. reading time\" \/>\n\t<meta name=\"twitter:data1\" content=\"5 minutes\" \/>\n<script type=\"application\/ld+json\" class=\"yoast-schema-graph\">{\"@context\":\"https:\/\/schema.org\",\"@graph\":[{\"@type\":\"WebPage\",\"@id\":\"https:\/\/www.etoro.com\/es\/investing\/commodity-stocks\/\",\"url\":\"https:\/\/www.etoro.com\/es\/investing\/commodity-stocks\/\",\"name\":\"\u00bfQu\u00e9 son las acciones de materias primas? Gu\u00eda de inversi\u00f3n\",\"isPartOf\":{\"@id\":\"https:\/\/www.etoro.com\/es\/#website\"},\"primaryImageOfPage\":{\"@id\":\"https:\/\/www.etoro.com\/es\/investing\/commodity-stocks\/#primaryimage\"},\"image\":{\"@id\":\"https:\/\/www.etoro.com\/es\/investing\/commodity-stocks\/#primaryimage\"},\"thumbnailUrl\":\"https:\/\/www.etoro.com\/wp-content\/uploads\/2023\/11\/ES-An-Investors-Guide-to-Commodity-Stocks-1200x630-1.png\",\"datePublished\":\"2023-11-14T09:54:26+00:00\",\"dateModified\":\"2025-11-03T11:00:11+00:00\",\"description\":\"Las acciones de materias primas son otra manera de invertir en commodities. Descubre c\u00f3mo funcionan y por qu\u00e9 considerarlas para tu cartera.\",\"breadcrumb\":{\"@id\":\"https:\/\/www.etoro.com\/es\/investing\/commodity-stocks\/#breadcrumb\"},\"inLanguage\":\"es\",\"potentialAction\":[{\"@type\":\"ReadAction\",\"target\":[\"https:\/\/www.etoro.com\/es\/investing\/commodity-stocks\/\"]}]},{\"@type\":\"ImageObject\",\"inLanguage\":\"es\",\"@id\":\"https:\/\/www.etoro.com\/es\/investing\/commodity-stocks\/#primaryimage\",\"url\":\"https:\/\/www.etoro.com\/wp-content\/uploads\/2023\/11\/ES-An-Investors-Guide-to-Commodity-Stocks-1200x630-1.png\",\"contentUrl\":\"https:\/\/www.etoro.com\/wp-content\/uploads\/2023\/11\/ES-An-Investors-Guide-to-Commodity-Stocks-1200x630-1.png\",\"width\":1200,\"height\":630},{\"@type\":\"BreadcrumbList\",\"@id\":\"https:\/\/www.etoro.com\/es\/investing\/commodity-stocks\/#breadcrumb\",\"itemListElement\":[{\"@type\":\"ListItem\",\"position\":1,\"name\":\"Inicio\",\"item\":\"https:\/\/www.etoro.com\/es\/\"},{\"@type\":\"ListItem\",\"position\":2,\"name\":\"Invirtiendo\",\"item\":\"https:\/\/www.etoro.com\/es\/investing\/\"},{\"@type\":\"ListItem\",\"position\":3,\"name\":\"Acciones de materias primas Gu\u00eda del inversor\"}]},{\"@type\":\"WebSite\",\"@id\":\"https:\/\/www.etoro.com\/es\/#website\",\"url\":\"https:\/\/www.etoro.com\/es\/\",\"name\":\"eToro\",\"description\":\"\",\"publisher\":{\"@id\":\"https:\/\/www.etoro.com\/es\/#organization\"},\"potentialAction\":[{\"@type\":\"SearchAction\",\"target\":{\"@type\":\"EntryPoint\",\"urlTemplate\":\"https:\/\/www.etoro.com\/es\/?s={search_term_string}\"},\"query-input\":{\"@type\":\"PropertyValueSpecification\",\"valueRequired\":true,\"valueName\":\"search_term_string\"}}],\"inLanguage\":\"es\"},[]]}<\/script>","yoast_head_json":{"title":"\u00bfQu\u00e9 son las acciones de materias primas? Gu\u00eda de inversi\u00f3n","description":"Las acciones de materias primas son otra manera de invertir en commodities. Descubre c\u00f3mo funcionan y por qu\u00e9 considerarlas para tu cartera.","robots":{"index":"index","follow":"follow","max-snippet":"max-snippet:-1","max-image-preview":"max-image-preview:large","max-video-preview":"max-video-preview:-1"},"canonical":"https:\/\/www.etoro.com\/es\/wp-json\/wp\/v2\/pages\/768088","og_locale":"es_ES","og_type":"article","og_title":"\u00bfQu\u00e9 son las acciones de materias primas? Gu\u00eda de inversi\u00f3n","og_description":"Las acciones de materias primas son otra manera de invertir en commodities. Descubre c\u00f3mo funcionan y por qu\u00e9 considerarlas para tu cartera.","og_url":"https:\/\/www.etoro.com\/es\/wp-json\/wp\/v2\/pages\/768088","og_site_name":"eToro","article_publisher":"https:\/\/www.facebook.com\/eToro\/","article_modified_time":"2025-11-03T11:00:11+00:00","og_image":[{"width":1200,"height":630,"url":"https:\/\/www.etoro.com\/wp-content\/uploads\/2023\/11\/ES-An-Investors-Guide-to-Commodity-Stocks-1200x630-1.png","type":"image\/png"}],"twitter_card":"summary_large_image","twitter_site":"@eToro","twitter_misc":{"Est. reading time":"5 minutes"},"schema":{"@context":"https:\/\/schema.org","@graph":[{"@type":"WebPage","@id":"https:\/\/www.etoro.com\/es\/investing\/commodity-stocks\/","url":"https:\/\/www.etoro.com\/es\/investing\/commodity-stocks\/","name":"\u00bfQu\u00e9 son las acciones de materias primas? Gu\u00eda de inversi\u00f3n","isPartOf":{"@id":"https:\/\/www.etoro.com\/es\/#website"},"primaryImageOfPage":{"@id":"https:\/\/www.etoro.com\/es\/investing\/commodity-stocks\/#primaryimage"},"image":{"@id":"https:\/\/www.etoro.com\/es\/investing\/commodity-stocks\/#primaryimage"},"thumbnailUrl":"https:\/\/www.etoro.com\/wp-content\/uploads\/2023\/11\/ES-An-Investors-Guide-to-Commodity-Stocks-1200x630-1.png","datePublished":"2023-11-14T09:54:26+00:00","dateModified":"2025-11-03T11:00:11+00:00","description":"Las acciones de materias primas son otra manera de invertir en commodities. Descubre c\u00f3mo funcionan y por qu\u00e9 considerarlas para tu cartera.","breadcrumb":{"@id":"https:\/\/www.etoro.com\/es\/investing\/commodity-stocks\/#breadcrumb"},"inLanguage":"es","potentialAction":[{"@type":"ReadAction","target":["https:\/\/www.etoro.com\/es\/investing\/commodity-stocks\/"]}]},{"@type":"ImageObject","inLanguage":"es","@id":"https:\/\/www.etoro.com\/es\/investing\/commodity-stocks\/#primaryimage","url":"https:\/\/www.etoro.com\/wp-content\/uploads\/2023\/11\/ES-An-Investors-Guide-to-Commodity-Stocks-1200x630-1.png","contentUrl":"https:\/\/www.etoro.com\/wp-content\/uploads\/2023\/11\/ES-An-Investors-Guide-to-Commodity-Stocks-1200x630-1.png","width":1200,"height":630},{"@type":"BreadcrumbList","@id":"https:\/\/www.etoro.com\/es\/investing\/commodity-stocks\/#breadcrumb","itemListElement":[{"@type":"ListItem","position":1,"name":"Inicio","item":"https:\/\/www.etoro.com\/es\/"},{"@type":"ListItem","position":2,"name":"Invirtiendo","item":"https:\/\/www.etoro.com\/es\/investing\/"},{"@type":"ListItem","position":3,"name":"Acciones de materias primas Gu\u00eda del inversor"}]},{"@type":"WebSite","@id":"https:\/\/www.etoro.com\/es\/#website","url":"https:\/\/www.etoro.com\/es\/","name":"eToro","description":"","publisher":{"@id":"https:\/\/www.etoro.com\/es\/#organization"},"potentialAction":[{"@type":"SearchAction","target":{"@type":"EntryPoint","urlTemplate":"https:\/\/www.etoro.com\/es\/?s={search_term_string}"},"query-input":{"@type":"PropertyValueSpecification","valueRequired":true,"valueName":"search_term_string"}}],"inLanguage":"es"},[]]}},"_links":{"self":[{"href":"https:\/\/www.etoro.com\/es\/wp-json\/wp\/v2\/pages\/768088"}],"collection":[{"href":"https:\/\/www.etoro.com\/es\/wp-json\/wp\/v2\/pages"}],"about":[{"href":"https:\/\/www.etoro.com\/es\/wp-json\/wp\/v2\/types\/page"}],"author":[{"embeddable":true,"href":"https:\/\/www.etoro.com\/es\/wp-json\/wp\/v2\/users\/98"}],"replies":[{"embeddable":true,"href":"https:\/\/www.etoro.com\/es\/wp-json\/wp\/v2\/comments?post=768088"}],"version-history":[{"count":0,"href":"https:\/\/www.etoro.com\/es\/wp-json\/wp\/v2\/pages\/768088\/revisions"}],"up":[{"embeddable":true,"href":"https:\/\/www.etoro.com\/es\/wp-json\/wp\/v2\/pages\/19770"}],"wp:featuredmedia":[{"embeddable":true,"href":"https:\/\/www.etoro.com\/es\/wp-json\/wp\/v2\/media\/768159"}],"wp:attachment":[{"href":"https:\/\/www.etoro.com\/es\/wp-json\/wp\/v2\/media?parent=768088"}],"wp:term":[{"taxonomy":"asset_type","embeddable":true,"href":"https:\/\/www.etoro.com\/es\/wp-json\/wp\/v2\/asset_type?post=768088"}],"curies":[{"name":"wp","href":"https:\/\/api.w.org\/{rel}","templated":true}]}}