{"id":774949,"date":"2023-11-27T12:48:38","date_gmt":"2023-11-27T10:48:38","guid":{"rendered":"https:\/\/www.etoro.com\/?page_id=774949"},"modified":"2025-11-03T12:07:42","modified_gmt":"2025-11-03T10:07:42","slug":"investing-in-metals","status":"publish","type":"page","link":"https:\/\/www.etoro.com\/es\/investing\/investing-in-metals\/","title":{"rendered":"Gu\u00eda para invertir en metales preciosos"},"content":{"rendered":"\n<p class=\"is-style-summary\">Para empezar a invertir en metales preciosos, es vital que comprendas el mercado y los factores que influyen en los precios, especialmente los del oro y la plata. A continuaci\u00f3n, exploraremos las distintas alternativas para invertir en estos activos.<\/p>\n\n\n\n\n\n\n<hr class=\"wp-block-separator wp-block-separator-color-dark-grey wp-block-separator-spaces-medium wp-block-separator-weight-1\"\/>\n\n\n\n<p><strong>Los metales preciosos son uno de los m\u00e9todos m\u00e1s antiguos para tratar de obtener rendimientos<\/strong>. El oro y la plata, debido a su escasez, han atra\u00eddo hist\u00f3ricamente a inversores, mientras que otros metales raros, como el platino y el <a href=\"https:\/\/www.etoro.com\/es\/markets\/palladium\">paladio<\/a>, tambi\u00e9n se negocian ampliamente.&nbsp;<\/p>\n\n\n\n<p><strong>Conoce a continuaci\u00f3n <\/strong>c\u00f3mo invertir en estos metales.<\/p>\n\n\n\n<figure class=\"wp-block-image size-full\"><img loading=\"lazy\" decoding=\"async\" width=\"756\" height=\"400\" src=\"https:\/\/www.etoro.com\/wp-content\/uploads\/2023\/11\/Body-Image-1_-How-to-invest-in-the-precious-metals-market.png\" alt=\"\" class=\"wp-image-773870 wp-image-desktop\" srcset=\"https:\/\/www.etoro.com\/wp-content\/uploads\/2023\/11\/Body-Image-1_-How-to-invest-in-the-precious-metals-market.png 756w, https:\/\/www.etoro.com\/wp-content\/uploads\/2023\/11\/Body-Image-1_-How-to-invest-in-the-precious-metals-market-300x159.png 300w\" sizes=\"(max-width: 756px) 100vw, 756px\" \/><\/figure>\n\n\n\n<h2 class=\"wp-block-heading\">C\u00f3mo invertir en metales preciosos<\/h2>\n\n\n\n<p><strong>Los metales preciosos son instrumentos de inversi\u00f3n populares gracias a sus cualidades como reserva de valor y de cobertura<\/strong> contra riesgos como la <e-tip data-tooltip=\"Aumento generalizado y sostenido de los precios de bienes y servicios en un pa\u00eds durante un periodo de tiempo.\">inflaci\u00f3n<\/e-tip>.<\/p>\n\n\n\n<p>Existen varios <strong><e-tip data-tooltip=\"Activo o conjunto de activos que pueden negociarse.\">instrumentos financieros<\/e-tip> <\/strong>que te permiten invertir en metales preciosos. Las buenas noticias son que <strong>hay instrumentos tanto para principiantes como experimentados que se ajustan a diferentes <\/strong><a href=\"https:\/\/www.etoro.com\/es\/investing\/why-should-i-start-investing\/\"><strong>objetivos de inversi\u00f3n<\/strong><\/a><strong>.<\/strong><\/p>\n\n\n\n<p><strong>Con\u00f3celos a continuaci\u00f3n.<\/strong><\/p>\n\n\n\n<h3 class=\"wp-block-heading\">Acciones de metales preciosos<\/h3>\n\n\n\n<p><strong>Las acciones de empresas de miner\u00eda y extracci\u00f3n de metales preciosos tienen una fuerte correlaci\u00f3n con sus respectivos metales.<\/strong> Por ejemplo, puedes invertir en acciones de compa\u00f1\u00edas mineras como <a href=\"https:\/\/www.etoro.com\/es\/markets\/aal.l\">Anglo American<\/a> y AngloGold Ashanti para obtener exposici\u00f3n al mercado de metales preciosos sin tener que adquirir directamente las materias primas.<\/p>\n\n\n\n<div class=\"wp-block-etoro-tip wp-block-etoro-tip-border-yellow\"><span class=\"wp-block-etoro-tip-icon\"><\/span><div class=\"wp-block-etoro-tip-text\">\n<p><strong>Consejo: <\/strong>estudiar los <a href=\"https:\/\/www.etoro.com\/es\/investing\/earnings-reports\/\">informes para inversores<\/a> de una empresa te ayuda a determinar en qu\u00e9 metales preciosos se especializan.<\/p>\n<\/div><\/div>\n\n\n\n<p>Ten en cuenta que<strong> la correlaci\u00f3n entre la materia prima y <\/strong><a href=\"https:\/\/www.etoro.com\/es\/discover\/markets\/stocks\/\"><strong>el precio de las acciones<\/strong><\/a><strong> puede variar <\/strong>de una empresa a otra y probablemente cambie con el tiempo.&nbsp;<\/p>\n\n\n\n<h3 class=\"wp-block-heading\">Fondos cotizados en bolsa (ETF) y fondos mutuos<\/h3>\n\n\n\n<p><mark>Los <a href=\"https:\/\/www.etoro.com\/es\/investing\/what-is-etf\/\">fondos cotizados en bolsa<\/a> (ETF) y fondos mutuos son una forma sencilla de invertir en metales preciosos, especialmente si eres un principiante que busca <a href=\"https:\/\/www.etoro.com\/es\/investing\/how-to-build-a-diversified-portfolio\/\">diversificar<\/a>.<\/mark><\/p>\n\n\n\n<p>La <e-tip data-tooltip=\"Costo anual pagado a los gestores de fondos por los titulares de fondos mutuos o ETF.\">ratio de gastos<\/e-tip><strong> <\/strong>promedio para un ETF de acciones suele ser m\u00e1s baja que la de un fondo mutuo.<strong> Por lo tanto, los ETF son una opci\u00f3n m\u00e1s econ\u00f3mica.<\/strong><\/p>\n\n\n\n<p><strong>Esta diferencia en costos se explica porque los ETF son \u00abpasivos\u00bb y siguen al mercado,<\/strong> mientras que los fondos mutuos tienen gestores que adoptan un enfoque activo para tratar de superar al mercado.<\/p>\n\n\n\n<h3 class=\"wp-block-heading\">Futuros de metales preciosos<\/h3>\n\n\n\n<p><strong>Los futuros de metales preciosos se comercializan en bolsas especializadas como la <\/strong><a href=\"https:\/\/www.cmegroup.com\/es\/\" target=\"_blank\" rel=\"noreferrer noopener\"><strong>CME<\/strong><\/a><strong> <\/strong>y son cruciales para establecer los precios del mercado. No obstante, debes saber que el <em>trading<\/em> de futuros es t\u00e9cnicamente complejo y quiz\u00e1s no sea apto para principiantes.<\/p>\n\n\n\n<h3 class=\"wp-block-heading\">Inversi\u00f3n directa en f\u00edsico<\/h3>\n\n\n\n<p><strong>Los metales preciosos son tangibles y f\u00e1ciles de almacenar.<\/strong> Lo cual hace que algunos opten por invertir directamente en el activo f\u00edsico. Sin embargo, con este m\u00e9todo existe el riesgo de p\u00e9rdida o robo.<\/p>\n\n\n\n<figure class=\"wp-block-image size-full\"><img loading=\"lazy\" decoding=\"async\" width=\"756\" height=\"400\" src=\"https:\/\/www.etoro.com\/wp-content\/uploads\/2023\/11\/Body-Image-2_-Direct-physical-investment.png\" alt=\"\" class=\"wp-image-773892 wp-image-desktop\" srcset=\"https:\/\/www.etoro.com\/wp-content\/uploads\/2023\/11\/Body-Image-2_-Direct-physical-investment.png 756w, https:\/\/www.etoro.com\/wp-content\/uploads\/2023\/11\/Body-Image-2_-Direct-physical-investment-300x159.png 300w\" sizes=\"(max-width: 756px) 100vw, 756px\" \/><\/figure>\n\n\n\n<h2 class=\"wp-block-heading\">Inversi\u00f3n en oro y plata<\/h2>\n\n\n\n<p><mark><strong>El oro y la plata son algunas de las <\/strong><a href=\"https:\/\/www.etoro.com\/es\/discover\/markets\/commodities\"><strong>materias primas<\/strong><\/a><strong> m\u00e1s conocidas en el mundo de la inversi\u00f3n<\/strong>. La plata tiene un rol clave en la producci\u00f3n industrial, mientras que el oro se usa com\u00fanmente como cobertura contra la inflaci\u00f3n y <e-tip data-tooltip=\"Problemas o eventos pol\u00edticos que involucran al menos dos pa\u00edses.\">asuntos geopol\u00edticos<\/e-tip>.<\/mark><\/p>\n\n\n\n<p>Debido a su popularidad, hay varias opciones disponibles para <a href=\"https:\/\/www.etoro.com\/es\/trading\/how-to-buy-gold\/#how-to-invest-in-gold\">invertir en oro<\/a> y plata. Todos los instrumentos mencionados anteriormente, <strong>como las acciones de materias primas, los ETF y los futuros, sirven para invertir en estos metales preciosos<\/strong>. Adem\u00e1s, la inversi\u00f3n f\u00edsica tambi\u00e9n es una elecci\u00f3n particularmente popular.<\/p>\n\n\n\n<p><strong>Si quieres invertir en oro o plata<\/strong>, a continuaci\u00f3n, te presentamos algunos veh\u00edculos de inversi\u00f3n que podr\u00edan interesarte:<\/p>\n\n\n\n<figure class=\"wp-block-table\"><div class=\"wp-block-table-content\"><div class=\"wp-block-table-content-nav wp-block-table-content-nav-left\"><div class=\"wp-block-table-content-nav-arrow wp-block-table-content-nav-arrow-left\"><\/div><\/div><div class=\"wp-block-table-content-nav wp-block-table-content-nav-right\"><div class=\"wp-block-table-content-nav-arrow wp-block-table-content-nav-arrow-right\"><\/div><\/div><div class=\"wp-block-table-content-table\"><table><thead><tr><th class=\"has-text-align-center\" data-align=\"center\"><strong>Categor\u00eda<\/strong><\/th><th class=\"has-text-align-center\" data-align=\"center\"><strong>Metal<\/strong><\/th><th class=\"has-text-align-center\" data-align=\"center\"><strong>Empresa<\/strong><\/th><\/tr><\/thead><tbody><tr><td class=\"has-text-align-center\" data-align=\"center\">Acciones<\/td><td class=\"has-text-align-center\" data-align=\"center\">Oro<\/td><td class=\"has-text-align-center\" data-align=\"center\"><a href=\"https:\/\/www.etoro.com\/es\/markets\/agi\">Alamos Gold Inc<\/a><\/td><\/tr><tr><td class=\"has-text-align-center\" data-align=\"center\">Acciones<\/td><td class=\"has-text-align-center\" data-align=\"center\">Plata<\/td><td class=\"has-text-align-center\" data-align=\"center\"><a href=\"https:\/\/www.etoro.com\/es\/markets\/ag\">First Majestic Silver Corp<\/a><\/td><\/tr><tr><td class=\"has-text-align-center\" data-align=\"center\">ETF<\/td><td class=\"has-text-align-center\" data-align=\"center\">Oro<\/td><td class=\"has-text-align-center\" data-align=\"center\"><a href=\"https:\/\/www.etoro.com\/es\/markets\/gld\">SPDR Gold<\/a><\/td><\/tr><tr><td class=\"has-text-align-center\" data-align=\"center\">ETF<\/td><td class=\"has-text-align-center\" data-align=\"center\">Plata<\/td><td class=\"has-text-align-center\" data-align=\"center\"><a href=\"https:\/\/www.etoro.com\/es\/markets\/slv\">iShares Silver Trust<\/a><\/td><\/tr><\/tbody><\/table><\/div><\/div><\/figure>\n\n\n\n<h2 class=\"wp-block-heading\">Otras inversiones en metales preciosos<\/h2>\n\n\n\n<p><strong>Si te interesa el platino, puedes considerar acciones de empresas mineras como <\/strong>Sibanye Stillwater o comprar un <a href=\"https:\/\/www.etoro.com\/es\/trading\/cfd\/what-is-cfd\/\">CFD<\/a> vinculado a los futuros del platino.<\/p>\n\n\n\n<div class=\"wp-block-etoro-tip wp-block-etoro-tip-border-yellow\"><span class=\"wp-block-etoro-tip-icon\"><\/span><div class=\"wp-block-etoro-tip-text\">\n<p><strong>Consejo: <\/strong>aunque el paladio es 30 veces m\u00e1s escaso que el oro, su precio por onza es menor.<\/p>\n<\/div><\/div>\n\n\n\n<p>Otro metal precioso es el paladio, que se extrae principalmente en Rusia, Sud\u00e1frica y Canad\u00e1. <strong>Este metal se emplea en convertidores catal\u00edticos y joyer\u00eda<\/strong>. Si quieres invertir en el paladio, considera un CFD o el <a href=\"https:\/\/www.etoro.com\/es\/markets\/pall\">Abrdn Palladium ETF Trust<\/a>.<\/p>\n\n\n\n<figure class=\"wp-block-image size-full\"><img loading=\"lazy\" decoding=\"async\" width=\"756\" height=\"400\" src=\"https:\/\/www.etoro.com\/wp-content\/uploads\/2023\/11\/Body-Image-3_-Other-precious-metal-investments.png\" alt=\"\" class=\"wp-image-773913 wp-image-desktop\" srcset=\"https:\/\/www.etoro.com\/wp-content\/uploads\/2023\/11\/Body-Image-3_-Other-precious-metal-investments.png 756w, https:\/\/www.etoro.com\/wp-content\/uploads\/2023\/11\/Body-Image-3_-Other-precious-metal-investments-300x159.png 300w\" sizes=\"(max-width: 756px) 100vw, 756px\" \/><\/figure>\n\n\n\n<h2 class=\"wp-block-heading\">Reflexiones finales<\/h2>\n\n\n\n<p>La inversi\u00f3n en metales preciosos puede actuar como un<strong> contrapeso frente a los riesgos de activos convencionales, como acciones y bonos<\/strong>. Generalmente, estos metales muestran una correlaci\u00f3n negativa con tales activos, lo que permite una gesti\u00f3n de cartera m\u00e1s efectiva y una mejor <a href=\"https:\/\/www.etoro.com\/es\/investing\/risk-management\/\">gesti\u00f3n del riesgo<\/a>.&nbsp;<\/p>\n\n\n\n<p>Visita la <a href=\"https:\/\/www.etoro.com\/es\/academy\/\">Academia de eToro<\/a> para aprender m\u00e1s sobre el oro, la plata y otros <em>commodities<\/em>.<\/p>\n\n\n\n\n\n<h2 class=\"wp-block-heading\">Cuestionario<\/h2>\n\n\n\n<div class=\"wp-block-etoro-quizzes\">\n<div class=\"wp-block-etoro-quiz\" data-answer=\"3\"><div class=\"wp-block-etoro-quiz-body\"><div class=\"wp-block-etoro-quiz-question\">\u00bfPor qu\u00e9 los inversores podr\u00edan comprar metales preciosos?<\/div>\n<div class=\"wp-block-etoro-quiz-item\">Como protecci\u00f3n contra la inflaci\u00f3n<\/div>\n\n\n\n<div class=\"wp-block-etoro-quiz-item\">Como reserva de valor<\/div>\n\n\n\n<div class=\"wp-block-etoro-quiz-item\">Para diversificar una cartera<\/div>\n\n\n\n<div class=\"wp-block-etoro-quiz-item\">Todas las anteriores<\/div>\n<\/div><div class=\"wp-block-etoro-quiz-result\">\u00a0<\/div><\/div>\n<\/div>\n\n\n\n<h2 class=\"wp-block-heading\">Preguntas frecuentes<\/h2>\n\n\n\n<dl class=\"wp-block-etoro-faq\">\n<div class=\"wp-block-etoro-faq-item\"><dt class=\"wp-block-etoro-faq-item-question\">\u00bfQu\u00e9 son los metales base?<\/dt><dd class=\"wp-block-etoro-faq-item-answer\">\n<p>Aparte de los metales preciosos, existen los metales base, como el cobre, el n\u00edquel, el zinc, el aluminio y el <a href=\"https:\/\/www.etoro.com\/es\/markets\/lead\">plomo<\/a>. Estos se negocian en bolsas, y su valor est\u00e1 ligado a la salud de la econom\u00eda global. A diferencia de los metales preciosos, no se suelen usar como reserva de valor.<\/p>\n<\/dd><\/div>\n\n\n\n<div class=\"wp-block-etoro-faq-item\"><dt class=\"wp-block-etoro-faq-item-question\">\u00bfPor qu\u00e9 algunos inversores conservan el oro en forma f\u00edsica?<\/dt><dd class=\"wp-block-etoro-faq-item-answer\">\n<p>Algunos inversores optan por oro f\u00edsico, a pesar de los <a href=\"https:\/\/www.etoro.com\/es\/news-and-analysis\/trading\/arriesgar-o-arriesgar\/\">riesgos inherentes<\/a>. Esto lo hacen porque, en caso de una gran crisis financiera, las inversiones en activos m\u00e1s convencionales podr\u00edan ser vulnerables. Tener oro f\u00edsico podr\u00eda dar un mayor control en tales escenarios.&nbsp;<\/p>\n<\/dd><\/div>\n\n\n\n<div class=\"wp-block-etoro-faq-item\"><dt class=\"wp-block-etoro-faq-item-question\">\u00bfCu\u00e1l es el horario para negociar metales preciosos?<\/dt><dd class=\"wp-block-etoro-faq-item-answer\">\n<p>El <a href=\"https:\/\/www.etoro.com\/es\/trading\/market-hours-and-events\/\">horario<\/a> para negociar con metales preciosos var\u00eda seg\u00fan el br\u00f3ker. Algunos ofrecen la posibilidad de operar con estos metales todo el d\u00eda durante la semana laboral, lo que permite operaciones 24\/5.<\/p>\n<\/dd><\/div>\n<\/dl>\n\n\n\n\t\t<style>\n\t\t\t.rtl .etoro-block-shortcode-disclaimer {\n\t\t\t\ttext-align:right;\n\t\t\t}\n\t\t\t.etoro-block-shortcode-disclaimer {\n\t\t\t\tmargin-bottom:18px;\n\t\t\t\ttext-align:left;\n\t\t\t}\n\t\t\t.etoro-block-shortcode-disclaimer p{\n\t\t\t\tfont-size: 12px;\n\t\t\t\tline-height: 18px;\n\t\t\t}\n\t\t\t@media (min-width: 768px) {\n\t\t\t\t.etoro-block-shortcode-disclaimer {\n\t\t\t\t\tmax-width:1176px;\n\t\t\t\t\ttext-align:center;\n\t\t\t\t}\n\t\t\t\t.etoro-block-shortcode-disclaimer p {\n\t\t\t\t\tfont-size: 14px;\n\t\t\t\t\tline-height: 20px;\n\t\t\t\t}\n\t\t\t}\n\t\t<\/style>\n\t\t<div class='etoro-block-shortcode-disclaimer'><p>Esta informaci\u00f3n es \u00fanicamente para fines educativos y no debe interpretarse como un consejo de inversi\u00f3n, una recomendaci\u00f3n personalizada, una oferta o una solicitud para comprar o vender instrumentos financieros.<\/p>\n<p>Este material se ha preparado sin considerar objetivos de inversi\u00f3n o situaciones financieras particulares. Adem\u00e1s, no cumple con los requisitos legales y regulatorios que promueven la investigaci\u00f3n independiente.<\/p>\n<p><strong>No todos los servicios e instrumentos financieros mencionados est\u00e1n disponibles en eToro.<\/strong> Cualquier referencia al rendimiento pasado de un instrumento financiero, \u00edndice o producto de inversi\u00f3n consolidado no es, ni debe considerarse, un indicador fiable de resultados futuros. <strong>La disponibilidad de todos los productos y servicios mencionados puede variar seg\u00fan la jurisdicci\u00f3n y el pa\u00eds.<\/strong><\/p>\n<p>eToro no se responsabiliza ni asume ninguna obligaci\u00f3n por la precisi\u00f3n o integridad del contenido de esta gu\u00eda. Aseg\u00farate de comprender los riesgos asociados con la inversi\u00f3n antes de comprometer tu capital. Nunca arriesgues m\u00e1s de lo que puedas permitirte perder.<\/p>\n<\/div>\n","protected":false},"excerpt":{"rendered":"<p>Para empezar a invertir en metales preciosos, es vital que comprendas el mercado y los factores que influyen en los precios, especialmente los del oro y la plata. A continuaci\u00f3n, exploraremos las distintas alternativas para invertir en estos activos. Los metales preciosos son uno de los m\u00e9todos m\u00e1s antiguos para tratar de obtener rendimientos. El&hellip;<\/p>\n","protected":false},"author":101,"featured_media":774956,"parent":19770,"menu_order":0,"comment_status":"closed","ping_status":"closed","template":"","meta":{"_acf_changed":true,"inline_featured_image":false,"sticky_cta_settings":"","footnotes":""},"asset_type":[6601],"class_list":["post-774949","page","type-page","status-publish","has-post-thumbnail","hentry","asset_type-is-cfd"],"acf":[],"yoast_head":"<title>C\u00f3mo invertir en metales preciosos | Invierte en oro y plata<\/title>\n<meta name=\"description\" content=\"Descubre c\u00f3mo empezar a invertir en metales preciosos como el oro y la plata. Conoce los diferentes instrumentos de inversi\u00f3n disponibles.\" \/>\n<meta name=\"robots\" content=\"index, follow, max-snippet:-1, max-image-preview:large, max-video-preview:-1\" \/>\n<link rel=\"canonical\" href=\"https:\/\/www.etoro.com\/es\/wp-json\/wp\/v2\/pages\/774949\" \/>\n<meta property=\"og:locale\" content=\"es_ES\" \/>\n<meta property=\"og:type\" content=\"article\" \/>\n<meta property=\"og:title\" content=\"C\u00f3mo invertir en metales preciosos | Invierte en oro y plata\" \/>\n<meta property=\"og:description\" content=\"Descubre c\u00f3mo empezar a invertir en metales preciosos como el oro y la plata. Conoce los diferentes instrumentos de inversi\u00f3n disponibles.\" \/>\n<meta property=\"og:url\" content=\"https:\/\/www.etoro.com\/es\/wp-json\/wp\/v2\/pages\/774949\" \/>\n<meta property=\"og:site_name\" content=\"eToro\" \/>\n<meta property=\"article:publisher\" content=\"https:\/\/www.facebook.com\/eToro\/\" \/>\n<meta property=\"article:modified_time\" content=\"2025-11-03T10:07:42+00:00\" \/>\n<meta property=\"og:image\" content=\"https:\/\/www.etoro.com\/wp-content\/uploads\/2023\/11\/ES-An-insight-into-precious-metal-investing-1200x630-1.png\" \/>\n\t<meta property=\"og:image:width\" content=\"1200\" \/>\n\t<meta property=\"og:image:height\" content=\"630\" \/>\n\t<meta property=\"og:image:type\" content=\"image\/png\" \/>\n<meta name=\"twitter:card\" content=\"summary_large_image\" \/>\n<meta name=\"twitter:site\" content=\"@eToro\" \/>\n<meta name=\"twitter:label1\" content=\"Est. reading time\" \/>\n\t<meta name=\"twitter:data1\" content=\"5 minutes\" \/>\n<script type=\"application\/ld+json\" class=\"yoast-schema-graph\">{\"@context\":\"https:\/\/schema.org\",\"@graph\":[{\"@type\":\"WebPage\",\"@id\":\"https:\/\/www.etoro.com\/es\/investing\/investing-in-metals\/\",\"url\":\"https:\/\/www.etoro.com\/es\/investing\/investing-in-metals\/\",\"name\":\"C\u00f3mo invertir en metales preciosos | Invierte en oro y plata\",\"isPartOf\":{\"@id\":\"https:\/\/www.etoro.com\/es\/#website\"},\"primaryImageOfPage\":{\"@id\":\"https:\/\/www.etoro.com\/es\/investing\/investing-in-metals\/#primaryimage\"},\"image\":{\"@id\":\"https:\/\/www.etoro.com\/es\/investing\/investing-in-metals\/#primaryimage\"},\"thumbnailUrl\":\"https:\/\/www.etoro.com\/wp-content\/uploads\/2023\/11\/ES-An-insight-into-precious-metal-investing-1200x630-1.png\",\"datePublished\":\"2023-11-27T10:48:38+00:00\",\"dateModified\":\"2025-11-03T10:07:42+00:00\",\"description\":\"Descubre c\u00f3mo empezar a invertir en metales preciosos como el oro y la plata. Conoce los diferentes instrumentos de inversi\u00f3n disponibles.\",\"breadcrumb\":{\"@id\":\"https:\/\/www.etoro.com\/es\/investing\/investing-in-metals\/#breadcrumb\"},\"inLanguage\":\"es\",\"potentialAction\":[{\"@type\":\"ReadAction\",\"target\":[\"https:\/\/www.etoro.com\/es\/investing\/investing-in-metals\/\"]}]},{\"@type\":\"ImageObject\",\"inLanguage\":\"es\",\"@id\":\"https:\/\/www.etoro.com\/es\/investing\/investing-in-metals\/#primaryimage\",\"url\":\"https:\/\/www.etoro.com\/wp-content\/uploads\/2023\/11\/ES-An-insight-into-precious-metal-investing-1200x630-1.png\",\"contentUrl\":\"https:\/\/www.etoro.com\/wp-content\/uploads\/2023\/11\/ES-An-insight-into-precious-metal-investing-1200x630-1.png\",\"width\":1200,\"height\":630},{\"@type\":\"BreadcrumbList\",\"@id\":\"https:\/\/www.etoro.com\/es\/investing\/investing-in-metals\/#breadcrumb\",\"itemListElement\":[{\"@type\":\"ListItem\",\"position\":1,\"name\":\"Inicio\",\"item\":\"https:\/\/www.etoro.com\/es\/\"},{\"@type\":\"ListItem\",\"position\":2,\"name\":\"Invirtiendo\",\"item\":\"https:\/\/www.etoro.com\/es\/investing\/\"},{\"@type\":\"ListItem\",\"position\":3,\"name\":\"Gu\u00eda para invertir en metales preciosos\"}]},{\"@type\":\"WebSite\",\"@id\":\"https:\/\/www.etoro.com\/es\/#website\",\"url\":\"https:\/\/www.etoro.com\/es\/\",\"name\":\"eToro\",\"description\":\"\",\"publisher\":{\"@id\":\"https:\/\/www.etoro.com\/es\/#organization\"},\"potentialAction\":[{\"@type\":\"SearchAction\",\"target\":{\"@type\":\"EntryPoint\",\"urlTemplate\":\"https:\/\/www.etoro.com\/es\/?s={search_term_string}\"},\"query-input\":{\"@type\":\"PropertyValueSpecification\",\"valueRequired\":true,\"valueName\":\"search_term_string\"}}],\"inLanguage\":\"es\"},[]]}<\/script>","yoast_head_json":{"title":"C\u00f3mo invertir en metales preciosos | Invierte en oro y plata","description":"Descubre c\u00f3mo empezar a invertir en metales preciosos como el oro y la plata. Conoce los diferentes instrumentos de inversi\u00f3n disponibles.","robots":{"index":"index","follow":"follow","max-snippet":"max-snippet:-1","max-image-preview":"max-image-preview:large","max-video-preview":"max-video-preview:-1"},"canonical":"https:\/\/www.etoro.com\/es\/wp-json\/wp\/v2\/pages\/774949","og_locale":"es_ES","og_type":"article","og_title":"C\u00f3mo invertir en metales preciosos | Invierte en oro y plata","og_description":"Descubre c\u00f3mo empezar a invertir en metales preciosos como el oro y la plata. Conoce los diferentes instrumentos de inversi\u00f3n disponibles.","og_url":"https:\/\/www.etoro.com\/es\/wp-json\/wp\/v2\/pages\/774949","og_site_name":"eToro","article_publisher":"https:\/\/www.facebook.com\/eToro\/","article_modified_time":"2025-11-03T10:07:42+00:00","og_image":[{"width":1200,"height":630,"url":"https:\/\/www.etoro.com\/wp-content\/uploads\/2023\/11\/ES-An-insight-into-precious-metal-investing-1200x630-1.png","type":"image\/png"}],"twitter_card":"summary_large_image","twitter_site":"@eToro","twitter_misc":{"Est. reading time":"5 minutes"},"schema":{"@context":"https:\/\/schema.org","@graph":[{"@type":"WebPage","@id":"https:\/\/www.etoro.com\/es\/investing\/investing-in-metals\/","url":"https:\/\/www.etoro.com\/es\/investing\/investing-in-metals\/","name":"C\u00f3mo invertir en metales preciosos | Invierte en oro y plata","isPartOf":{"@id":"https:\/\/www.etoro.com\/es\/#website"},"primaryImageOfPage":{"@id":"https:\/\/www.etoro.com\/es\/investing\/investing-in-metals\/#primaryimage"},"image":{"@id":"https:\/\/www.etoro.com\/es\/investing\/investing-in-metals\/#primaryimage"},"thumbnailUrl":"https:\/\/www.etoro.com\/wp-content\/uploads\/2023\/11\/ES-An-insight-into-precious-metal-investing-1200x630-1.png","datePublished":"2023-11-27T10:48:38+00:00","dateModified":"2025-11-03T10:07:42+00:00","description":"Descubre c\u00f3mo empezar a invertir en metales preciosos como el oro y la plata. Conoce los diferentes instrumentos de inversi\u00f3n disponibles.","breadcrumb":{"@id":"https:\/\/www.etoro.com\/es\/investing\/investing-in-metals\/#breadcrumb"},"inLanguage":"es","potentialAction":[{"@type":"ReadAction","target":["https:\/\/www.etoro.com\/es\/investing\/investing-in-metals\/"]}]},{"@type":"ImageObject","inLanguage":"es","@id":"https:\/\/www.etoro.com\/es\/investing\/investing-in-metals\/#primaryimage","url":"https:\/\/www.etoro.com\/wp-content\/uploads\/2023\/11\/ES-An-insight-into-precious-metal-investing-1200x630-1.png","contentUrl":"https:\/\/www.etoro.com\/wp-content\/uploads\/2023\/11\/ES-An-insight-into-precious-metal-investing-1200x630-1.png","width":1200,"height":630},{"@type":"BreadcrumbList","@id":"https:\/\/www.etoro.com\/es\/investing\/investing-in-metals\/#breadcrumb","itemListElement":[{"@type":"ListItem","position":1,"name":"Inicio","item":"https:\/\/www.etoro.com\/es\/"},{"@type":"ListItem","position":2,"name":"Invirtiendo","item":"https:\/\/www.etoro.com\/es\/investing\/"},{"@type":"ListItem","position":3,"name":"Gu\u00eda para invertir en metales preciosos"}]},{"@type":"WebSite","@id":"https:\/\/www.etoro.com\/es\/#website","url":"https:\/\/www.etoro.com\/es\/","name":"eToro","description":"","publisher":{"@id":"https:\/\/www.etoro.com\/es\/#organization"},"potentialAction":[{"@type":"SearchAction","target":{"@type":"EntryPoint","urlTemplate":"https:\/\/www.etoro.com\/es\/?s={search_term_string}"},"query-input":{"@type":"PropertyValueSpecification","valueRequired":true,"valueName":"search_term_string"}}],"inLanguage":"es"},[]]}},"_links":{"self":[{"href":"https:\/\/www.etoro.com\/es\/wp-json\/wp\/v2\/pages\/774949"}],"collection":[{"href":"https:\/\/www.etoro.com\/es\/wp-json\/wp\/v2\/pages"}],"about":[{"href":"https:\/\/www.etoro.com\/es\/wp-json\/wp\/v2\/types\/page"}],"author":[{"embeddable":true,"href":"https:\/\/www.etoro.com\/es\/wp-json\/wp\/v2\/users\/101"}],"replies":[{"embeddable":true,"href":"https:\/\/www.etoro.com\/es\/wp-json\/wp\/v2\/comments?post=774949"}],"version-history":[{"count":0,"href":"https:\/\/www.etoro.com\/es\/wp-json\/wp\/v2\/pages\/774949\/revisions"}],"up":[{"embeddable":true,"href":"https:\/\/www.etoro.com\/es\/wp-json\/wp\/v2\/pages\/19770"}],"wp:featuredmedia":[{"embeddable":true,"href":"https:\/\/www.etoro.com\/es\/wp-json\/wp\/v2\/media\/774956"}],"wp:attachment":[{"href":"https:\/\/www.etoro.com\/es\/wp-json\/wp\/v2\/media?parent=774949"}],"wp:term":[{"taxonomy":"asset_type","embeddable":true,"href":"https:\/\/www.etoro.com\/es\/wp-json\/wp\/v2\/asset_type?post=774949"}],"curies":[{"name":"wp","href":"https:\/\/api.w.org\/{rel}","templated":true}]}}