{"id":777069,"date":"2023-11-27T15:57:54","date_gmt":"2023-11-27T13:57:54","guid":{"rendered":"https:\/\/www.etoro.com\/investing\/investing-in-gold\/"},"modified":"2026-02-12T11:10:02","modified_gmt":"2026-02-12T09:10:02","slug":"investing-in-gold","status":"publish","type":"page","link":"https:\/\/www.etoro.com\/es\/investing\/investing-in-gold\/","title":{"rendered":"Gu\u00eda de inversi\u00f3n en oro para principiantes"},"content":{"rendered":"\n<p class=\"is-style-summary\">El mercado del oro tiene unas caracter\u00edsticas particulares que conviene conocer antes de empezar a invertir. Aprende c\u00f3mo invertir en oro y responde a la pregunta clave: \u00bfel oro es una buena inversi\u00f3n?<\/p>\n\n\n\n\n\n\n<hr class=\"wp-block-separator wp-block-separator-color-dark-grey wp-block-separator-spaces-medium wp-block-separator-weight-1\"\/>\n\n\n\n<p>Invertir en oro es similar a hacerlo en otros activos, como las acciones, las divisas e, incluso, los criptoactivos. Con los br\u00f3keres multiactivo puedes abrir posiciones en oro no solo para <a href=\"https:\/\/www.etoro.com\/es\/investing\/how-to-build-a-diversified-portfolio\/\">diversificar tu cartera<\/a>, sino como <strong><e-tip data-tooltip=\"Estrategia que se adopta para reducir o eliminar el riesgo de sufrir p\u00e9rdidas en una inversi\u00f3n.\">cobertura<\/e-tip><\/strong> frente a la <strong><e-tip data-tooltip=\"Aumento generalizado y sostenido de los precios de bienes y servicios en un pa\u00eds durante un periodo de tiempo.\">inflaci\u00f3n<\/e-tip><\/strong> y los asuntos <e-tip data-tooltip=\"Problemas o eventos pol\u00edticos que involucran al menos dos pa\u00edses.\">geopol\u00edticos<\/e-tip>.<\/p>\n\n\n\n<p>Tanto si buscas reequilibrar tu cartera como si te atraen las propiedades del oro como inversi\u00f3n, <strong>existen distintas opciones a la hora de comprar e invertir en este metal.<\/strong><\/p>\n\n\n\n<figure class=\"wp-block-image size-full\"><img loading=\"lazy\" decoding=\"async\" width=\"756\" height=\"400\" src=\"https:\/\/www.etoro.com\/wp-content\/uploads\/2023\/11\/Body-Image-1-How-to-invest-in-gold.png\" alt=\"\" class=\"wp-image-776837 wp-image-desktop\" srcset=\"https:\/\/www.etoro.com\/wp-content\/uploads\/2023\/11\/Body-Image-1-How-to-invest-in-gold.png 756w, https:\/\/www.etoro.com\/wp-content\/uploads\/2023\/11\/Body-Image-1-How-to-invest-in-gold-300x159.png 300w\" sizes=\"(max-width: 756px) 100vw, 756px\" \/><\/figure>\n\n\n\n<h2 class=\"wp-block-heading\">\u00bfC\u00f3mo se puede invertir en oro?<\/h2>\n\n\n\n<p>Puedes hacerlo a trav\u00e9s de distintos instrumentos financieros, tales como <strong>acciones, ETF, futuros, oro f\u00edsico o, incluso, los Smart Portfolios de eToro<\/strong>:<\/p>\n\n\n\n<ul class=\"wp-block-list wp-block-list wp-block-list-circle\">\n<li><strong><a href=\"https:\/\/www.etoro.com\/es\/discover\/markets\/stocks?funnelFromId%3D71\">Acciones<\/a> de empresas mineras de oro:<\/strong> participaciones en empresas dedicadas a la extracci\u00f3n de oro. Los precios de estas acciones est\u00e1n, hasta cierto punto, correlacionados con el precio del metal.<\/li>\n\n\n\n<li><strong><a href=\"https:\/\/www.etoro.com\/es\/investing\/what-are-commodity-etfs\/\">ETF<\/a> de oro:<\/strong> fondos cotizados en la bolsa que agrupan una colecci\u00f3n de activos de oro.<\/li>\n\n\n\n<li><strong><a href=\"https:\/\/www.etoro.com\/es\/trading\/futures\/introduction-to-futures-trading\/\">Futuros<\/a> sobre el oro:<\/strong> instrumentos <strong><e-tip data-tooltip=\"Instrumento financiero cuyo precio o valor se calcula en relaci\u00f3n con otros activos cotizados en el mercado.\">derivados<\/e-tip><\/strong> que se negocian en las bolsas de materias primas.<\/li>\n\n\n\n<li><strong><a href=\"https:\/\/www.etoro.com\/es\/smartportfolios\/goldworldwide\/stats\">Smart Portfolios de oro<\/a>:<\/strong> fondos que invierten en un conjunto de empresas dedicadas a la exploraci\u00f3n, extracci\u00f3n o procesamiento de oro.<\/li>\n\n\n\n<li><strong>Oro f\u00edsico:<\/strong> en forma de lingotes o joyas.<\/li>\n<\/ul>\n\n\n\n<p><strong>Cabe mencionar que no hay una forma \u00abcorrecta\u00bb de invertir en oro. <\/strong>La decisi\u00f3n depender\u00e1 de tus circunstancias, incluyendo tus <a href=\"https:\/\/www.etoro.com\/es\/investing\/why-should-i-start-investing\/\">objetivos de inversi\u00f3n<\/a>, tu tolerancia al riesgo, tu estrategia y tu <strong><e-tip data-tooltip=\"Tiempo previsto para mantener una posici\u00f3n en un activo.\">horizonte de inversi\u00f3n<\/e-tip><\/strong>.<\/p>\n\n\n\n<div class=\"wp-block-etoro-tip wp-block-etoro-tip-border-yellow\"><span class=\"wp-block-etoro-tip-icon\"><\/span><div class=\"wp-block-etoro-tip-text\">\n<p><strong>Consejo:<\/strong> si tu enfoque es comprar y mantener, considera los costes continuos en los que incurrir\u00e1s por conservar oro.<\/p>\n<\/div><\/div>\n\n\n\n<h2 class=\"wp-block-heading\">\u00bfEl oro es una buena inversi\u00f3n?<\/h2>\n\n\n\n<p>El oro puede ser una buena inversi\u00f3n si buscas <strong>un activo estable para diversificar tu cartera o una cobertura contra la inflaci\u00f3n<\/strong>. Pero si buscas un rendimiento superior al del mercado, podr\u00edas considerar otros instrumentos, como las acciones.<\/p>\n\n\n\n<p>El mercado del oro es relativamente directo. Dado que este metal precioso no genera dividendos ni cupones, <strong>no tienes que considerar posibles ingresos pasivos<\/strong>.<\/p>\n\n\n\n<p>Por lo tanto, el rendimiento de cualquier inversi\u00f3n en oro solo depender\u00e1 de los movimientos de precios y los costes asociados con abrir y mantener la posici\u00f3n.<\/p>\n\n\n\n<p><mark> Aunque nadie puede predecir con certeza la direcci\u00f3n del precio del oro, <strong>la mec\u00e1nica de su negociaci\u00f3n es relativamente sencilla<\/strong>. El mercado del oro est\u00e1 muy consolidado, ofrece una alta liquidez y tiene costes de transacci\u00f3n generalmente bajos, lo que lo hace accesible para empezar a invertir. <\/mark><\/p>\n\n\n\n<figure class=\"wp-block-image size-full\"><img loading=\"lazy\" decoding=\"async\" width=\"756\" height=\"400\" src=\"https:\/\/www.etoro.com\/wp-content\/uploads\/2023\/11\/Body-Image-2-Is-gold-a-good-investment_.png\" alt=\"\" class=\"wp-image-776816 wp-image-desktop\" srcset=\"https:\/\/www.etoro.com\/wp-content\/uploads\/2023\/11\/Body-Image-2-Is-gold-a-good-investment_.png 756w, https:\/\/www.etoro.com\/wp-content\/uploads\/2023\/11\/Body-Image-2-Is-gold-a-good-investment_-300x159.png 300w\" sizes=\"(max-width: 756px) 100vw, 756px\" \/><\/figure>\n\n\n\n<h2 class=\"wp-block-heading\">\u00bfC\u00f3mo se realizan inversiones activas en oro?<\/h2>\n\n\n\n<p>Se hace a trav\u00e9s de <strong>estrategias activas<\/strong> que buscan aprovechar los movimientos de precios a corto y medio plazo. Entre estas est\u00e1n el <a href=\"https:\/\/www.etoro.com\/es\/trading\/types-of-traders\/\"><em>day trading<\/em>\u00a0y el <em>swing trading<\/em><\/a>, en las que los inversores mantienen posiciones por poco tiempo.<\/p>\n\n\n\n<p>Quienes compran e invierten activamente en oro suelen preferir los <strong>contratos por diferencia (<\/strong><a href=\"https:\/\/www.etoro.com\/es\/trading\/cfd\/what-is-cfd\/\"><strong>CFD<\/strong><\/a><strong>)<\/strong>. Estos son instrumentos derivados que reflejan los movimientos de precios de un activo subyacente, como una materia prima o una acci\u00f3n.<\/p>\n\n\n\n<p>Dado que un CFD es un acuerdo legal entre un broker y un cliente, puede configurarse con <strong>distintas cl\u00e1usulas<\/strong>.<\/p>\n\n\n\n<p>Por ejemplo, puedes usar CFD para <strong><a href=\"https:\/\/www.etoro.com\/es\/trading\/short-selling\/\">vender en corto<\/a><\/strong> si crees que el precio del activo subyacente disminuir\u00e1. Tambi\u00e9n puedes usar <strong><e-tip data-tooltip=\"Capital prestado por un br\u00f3ker a un operador para permitirle abrir una posici\u00f3n m\u00e1s grande.\">apalancamiento<\/e-tip><\/strong> para aumentar la <strong><e-tip data-tooltip=\"Postulado que indica que a un mayor riesgo podr\u00eda corresponder un mayor rendimiento potencial.\">relaci\u00f3n riesgo\/beneficio<\/e-tip><\/strong>.<\/p>\n\n\n\n<p>Sin embargo, ten en cuenta que <strong>invertir en CFD con apalancamiento es una operaci\u00f3n de alto riesgo<\/strong>. Por lo tanto, no es adecuado para principiantes ni para quienes invierten con un enfoque de comprar y mantener.<\/p>\n\n\n\n<figure class=\"wp-block-image size-full\"><img loading=\"lazy\" decoding=\"async\" width=\"756\" height=\"400\" src=\"https:\/\/www.etoro.com\/wp-content\/uploads\/2023\/11\/Body-Image-3-Risks-of-investing-in-gold.png\" alt=\"\" class=\"wp-image-776795 wp-image-desktop\" srcset=\"https:\/\/www.etoro.com\/wp-content\/uploads\/2023\/11\/Body-Image-3-Risks-of-investing-in-gold.png 756w, https:\/\/www.etoro.com\/wp-content\/uploads\/2023\/11\/Body-Image-3-Risks-of-investing-in-gold-300x159.png 300w\" sizes=\"(max-width: 756px) 100vw, 756px\" \/><\/figure>\n\n\n\n<h2 class=\"wp-block-heading\">\u00bfQu\u00e9 factores afectan el precio del oro?<\/h2>\n\n\n\n<p><strong>El oro se ve afectado por la oferta y la demanda. <\/strong>Por ende, vale la pena que estudies qu\u00e9 es lo que impulsa tanto a compradores como a vendedores.<\/p>\n\n\n\n<p>Para empezar, <strong>el oro es considerado como un activo refugio y <\/strong><a href=\"https:\/\/www.etoro.com\/es\/investing\/hedging-guide\/\"><strong>cobertura<\/strong><\/a><strong> contra la inflaci\u00f3n<\/strong>. Hist\u00f3ricamente, este metal ha visto un aumento en la demanda cuando hay mayor incertidumbre en los mercados o riesgo geopol\u00edtico.<\/p>\n\n\n\n<p>El oro tambi\u00e9n suele tener <strong>una correlaci\u00f3n inversa con el d\u00f3lar estadounidense<\/strong>. Eso significa que un d\u00f3lar m\u00e1s fuerte tiende a hacer bajar los precios del oro, y viceversa.<\/p>\n\n\n\n<p>En el corto plazo, <strong>la oferta de oro es relativamente <e-tip data-tooltip=\"Situaci\u00f3n en la que la demanda de un producto no var\u00eda significativamente ante cambios en su precio.\">inel\u00e1stica<\/e-tip><\/strong>, ya que el descubrimiento y desarrollo de nuevas minas de oro puede llevar a\u00f1os.<\/p>\n\n\n\n<h2 class=\"wp-block-heading\">\u00bfCu\u00e1les son los beneficios y riesgos de invertir en oro?<\/h2>\n\n\n\n<p>Un beneficio del oro es que puede ser una reserva de valor en caso de emergencia. En contraste, uno de sus riesgos es que su precio de mercado puede disminuir. <strong>Estos son los beneficios y riesgos m\u00e1s importantes.<\/strong><\/p>\n\n\n\n<div class=\"wp-block-columns are-vertically-aligned-top wp-block-columns-2 is-layout-flex wp-container-core-columns-is-layout-1 wp-block-columns-is-layout-flex\">\n<div class=\"wp-block-column is-layout-flow wp-block-column-is-layout-flow\">\n<div class=\"wp-block-etoro-pros-cons wp-block-etoro-pros\"><div class=\"wp-block-etoro-pros-cons-title\"><strong>Beneficios<\/strong><\/div><div class=\"wp-block-etoro-pros-cons-content\">\n<ul class=\"wp-block-list wp-block-list wp-block-list-check\">\n<li>El oro se distingue de muchos otros activos por ser una <strong>reserva de valor<\/strong> a la que se puede recurrir en caso de emergencia.<\/li>\n\n\n\n<li>El oro es considerado como un activo <strong>bastante estable<\/strong>. Los inversores buscan este metal precioso cuando otros activos pierden valor.<\/li>\n\n\n\n<li>Muchos inversores experimentados recomiendan usar oro para <strong>equilibrar el rendimiento general de una cartera<\/strong>.<\/li>\n<\/ul>\n<\/div><\/div>\n<\/div>\n\n\n\n<div class=\"wp-block-column is-layout-flow wp-block-column-is-layout-flow\">\n<div class=\"wp-block-etoro-pros-cons wp-block-etoro-cons\"><div class=\"wp-block-etoro-pros-cons-title\"><strong>Riesgos<\/strong><\/div><div class=\"wp-block-etoro-pros-cons-content\">\n<ul class=\"wp-block-list wp-block-list wp-block-list-cross\">\n<li>El principal riesgo de invertir en oro es el mismo que con otros activos: <strong>la posibilidad de una ca\u00edda en su precio de mercado.<\/strong><\/li>\n\n\n\n<li>Gran parte del valor del oro se basa en su <strong>reputaci\u00f3n como reserva de valor<\/strong>, m\u00e1s que en su uso como materia prima.<\/li>\n\n\n\n<li>Si el sentimiento del mercado cambiara y el oro perdiera su estatus de activo refugio, <strong>su precio podr\u00eda caer significativamente.<\/strong> Sin embargo, este escenario se ha debatido durante siglos sin que se materialice.<\/li>\n<\/ul>\n<\/div><\/div>\n<\/div>\n<\/div>\n\n\n\n<h2 class=\"wp-block-heading\">Reflexiones finales<\/h2>\n\n\n\n<p><strong>Pocos inversores optan por invertir exclusivamente en oro<\/strong>, dado que el metal no es conocido por generar un rendimiento superior al del mercado en condiciones t\u00edpicas.<\/p>\n\n\n\n<p>Sin embargo, como con cualquier activo, siempre habr\u00e1 <strong>especuladores<\/strong> que inviertan en este metal precioso considerando los movimientos de precios en el corto plazo.<\/p>\n\n\n\n<p>Desde la perspectiva de la inversi\u00f3n, el oro suele servir como <strong>una p\u00f3liza de seguro<\/strong> para cuando otros activos se desploman. Por esto, muchos inversores eligen asignar una parte de su cartera al oro.<\/p>\n\n\n\n<p>Visita la <a href=\"https:\/\/www.etoro.com\/es\/academy\/\">Academia de eToro<\/a> para aprender m\u00e1s sobre el oro y otros metales preciosos.<\/p>\n\n\n\n<h2 class=\"wp-block-heading\">Preguntas frecuentes<\/h2>\n\n\n\n<dl class=\"wp-block-etoro-faq\">\n<div class=\"wp-block-etoro-faq-item\"><dt class=\"wp-block-etoro-faq-item-question\">\u00bfQu\u00e9 es la ratio oro\/plata?<\/dt><dd class=\"wp-block-etoro-faq-item-answer\">\n<p>Es la relaci\u00f3n entre los valores comparativos del oro y la <a href=\"https:\/\/www.etoro.com\/es\/markets\/silver?funnelFromId%3D71\">plata<\/a>. Los analistas siguen de cerca esta ratio para intentar identificar posibles oportunidades de inversi\u00f3n. Aunque los precios del oro y la plata tienen una fuerte correlaci\u00f3n positiva en el largo plazo, la relaci\u00f3n de sus precios puede variar dr\u00e1sticamente en temporalidades m\u00e1s cortas.<\/p>\n<\/dd><\/div>\n\n\n\n<div class=\"wp-block-etoro-faq-item\"><dt class=\"wp-block-etoro-faq-item-question\">\u00bfCu\u00e1l es la diferencia entre la inversi\u00f3n en oro y el <em>trading<\/em> de oro?<\/dt><dd class=\"wp-block-etoro-faq-item-answer\">\n<p>La principal <a href=\"https:\/\/www.etoro.com\/es\/investing\/investing-vs-trading\/\">diferencia entre <em>trading<\/em>\u00a0e inversi\u00f3n<\/a> es la duraci\u00f3n de la posici\u00f3n. Tanto <em>traders<\/em> como inversores pueden usar las mismas estrategias en los mismos mercados, pero el <em>trading<\/em> implica un mayor grado de compromiso porque requiere un seguimiento continuo del mercado.<\/p>\n<\/dd><\/div>\n\n\n\n<div class=\"wp-block-etoro-faq-item\"><dt class=\"wp-block-etoro-faq-item-question\">\u00bfCu\u00e1les son los costes asociados con mantener posiciones de oro f\u00edsico?<\/dt><dd class=\"wp-block-etoro-faq-item-answer\">\n<p>Var\u00edan seg\u00fan el m\u00e9todo que adoptes. Si guardas el oro en formato f\u00edsico en tu casa, los costes de almacenamiento son te\u00f3ricamente cero, aunque debes preocuparte por la seguridad. Las tarifas de almacenamiento en b\u00f3vedas especializadas dependen de cu\u00e1nto oro quieras guardar, y estas pueden acumularse a lo largo del tiempo.<\/p>\n\n\n\n<p>Los desaf\u00edos y los costes de almacenar oro f\u00edsico hacen que algunos inversores opten por otros <a href=\"https:\/\/www.etoro.com\/es\/investing\/how-to-choose-what-asset-class-to-invest-in\/\">instrumentos financieros<\/a> m\u00e1s accesibles.<\/p>\n<\/dd><\/div>\n<\/dl>\n\n\n\n\t\t<style>\n\t\t\t.rtl .etoro-block-shortcode-disclaimer {\n\t\t\t\ttext-align:right;\n\t\t\t}\n\t\t\t.etoro-block-shortcode-disclaimer {\n\t\t\t\tmargin-bottom:18px;\n\t\t\t\ttext-align:left;\n\t\t\t}\n\t\t\t.etoro-block-shortcode-disclaimer p{\n\t\t\t\tfont-size: 12px;\n\t\t\t\tline-height: 18px;\n\t\t\t}\n\t\t\t@media (min-width: 768px) {\n\t\t\t\t.etoro-block-shortcode-disclaimer {\n\t\t\t\t\tmax-width:1176px;\n\t\t\t\t\ttext-align:center;\n\t\t\t\t}\n\t\t\t\t.etoro-block-shortcode-disclaimer p {\n\t\t\t\t\tfont-size: 14px;\n\t\t\t\t\tline-height: 20px;\n\t\t\t\t}\n\t\t\t}\n\t\t<\/style>\n\t\t<div class='etoro-block-shortcode-disclaimer'><p>Esta informaci\u00f3n es \u00fanicamente para fines educativos y no debe interpretarse como un consejo de inversi\u00f3n, una recomendaci\u00f3n personalizada, una oferta o una solicitud para comprar o vender instrumentos financieros.<\/p>\n<p>Este material se ha preparado sin considerar objetivos de inversi\u00f3n o situaciones financieras particulares. Adem\u00e1s, no cumple con los requisitos legales y regulatorios que promueven la investigaci\u00f3n independiente.<\/p>\n<p><strong>No todos los servicios e instrumentos financieros mencionados est\u00e1n disponibles en eToro.<\/strong> Cualquier referencia al rendimiento pasado de un instrumento financiero, \u00edndice o producto de inversi\u00f3n consolidado no es, ni debe considerarse, un indicador fiable de resultados futuros. <strong>La disponibilidad de todos los productos y servicios mencionados puede variar seg\u00fan la jurisdicci\u00f3n y el pa\u00eds.<\/strong><\/p>\n<p>eToro no se responsabiliza ni asume ninguna obligaci\u00f3n por la precisi\u00f3n o integridad del contenido de esta gu\u00eda. Aseg\u00farate de comprender los riesgos asociados con la inversi\u00f3n antes de comprometer tu capital. Nunca arriesgues m\u00e1s de lo que puedas permitirte perder.<\/p>\n<\/div>\n","protected":false},"excerpt":{"rendered":"<p>El mercado del oro tiene unas caracter\u00edsticas particulares que conviene conocer antes de empezar a invertir. Aprende c\u00f3mo invertir en oro y responde a la pregunta clave: \u00bfel oro es una buena inversi\u00f3n? Invertir en oro es similar a hacerlo en otros activos, como las acciones, las divisas e, incluso, los criptoactivos. Con los br\u00f3keres&hellip;<\/p>\n","protected":false},"author":101,"featured_media":1227786,"parent":19770,"menu_order":0,"comment_status":"closed","ping_status":"closed","template":"","meta":{"_acf_changed":true,"inline_featured_image":false,"sticky_cta_settings":"","footnotes":""},"asset_type":[6601],"class_list":["post-777069","page","type-page","status-publish","has-post-thumbnail","hentry","asset_type-is-cfd"],"acf":[],"yoast_head":"<title>C\u00f3mo invertir en oro | Una gu\u00eda para principiantes<\/title>\n<meta name=\"description\" content=\"\u00bfTe preguntas c\u00f3mo empezar a invertir en oro? Aprende por qu\u00e9 los inversores optan por el oro, sus riesgos y beneficios, y c\u00f3mo comenzar.\" \/>\n<meta name=\"robots\" content=\"index, follow, max-snippet:-1, max-image-preview:large, max-video-preview:-1\" \/>\n<link rel=\"canonical\" href=\"https:\/\/www.etoro.com\/es\/wp-json\/wp\/v2\/pages\/777069\" \/>\n<meta property=\"og:locale\" content=\"es_ES\" \/>\n<meta property=\"og:type\" content=\"article\" \/>\n<meta property=\"og:title\" content=\"C\u00f3mo invertir en oro | Una gu\u00eda para principiantes\" \/>\n<meta property=\"og:description\" content=\"\u00bfTe preguntas c\u00f3mo empezar a invertir en oro? Aprende por qu\u00e9 los inversores optan por el oro, sus riesgos y beneficios, y c\u00f3mo comenzar.\" \/>\n<meta property=\"og:url\" content=\"https:\/\/www.etoro.com\/es\/wp-json\/wp\/v2\/pages\/777069\" \/>\n<meta property=\"og:site_name\" content=\"eToro\" \/>\n<meta property=\"article:publisher\" content=\"https:\/\/www.facebook.com\/eToro\/\" \/>\n<meta property=\"article:modified_time\" content=\"2026-02-12T09:10:02+00:00\" \/>\n<meta property=\"og:image\" content=\"https:\/\/www.etoro.com\/wp-content\/uploads\/2026\/02\/ES-How-to-Invest-in-Gold-1200x630-1.png\" \/>\n\t<meta property=\"og:image:width\" content=\"1200\" \/>\n\t<meta property=\"og:image:height\" content=\"630\" \/>\n\t<meta property=\"og:image:type\" content=\"image\/png\" \/>\n<meta name=\"twitter:card\" content=\"summary_large_image\" \/>\n<meta name=\"twitter:site\" content=\"@eToro\" \/>\n<meta name=\"twitter:label1\" content=\"Est. reading time\" \/>\n\t<meta name=\"twitter:data1\" content=\"6 minutes\" \/>\n<script type=\"application\/ld+json\" class=\"yoast-schema-graph\">{\"@context\":\"https:\/\/schema.org\",\"@graph\":[{\"@type\":\"WebPage\",\"@id\":\"https:\/\/www.etoro.com\/es\/investing\/investing-in-gold\/\",\"url\":\"https:\/\/www.etoro.com\/es\/investing\/investing-in-gold\/\",\"name\":\"C\u00f3mo invertir en oro | Una gu\u00eda para principiantes\",\"isPartOf\":{\"@id\":\"https:\/\/www.etoro.com\/es\/#website\"},\"primaryImageOfPage\":{\"@id\":\"https:\/\/www.etoro.com\/es\/investing\/investing-in-gold\/#primaryimage\"},\"image\":{\"@id\":\"https:\/\/www.etoro.com\/es\/investing\/investing-in-gold\/#primaryimage\"},\"thumbnailUrl\":\"https:\/\/www.etoro.com\/wp-content\/uploads\/2026\/02\/ES-How-to-Invest-in-Gold-1200x630-1.png\",\"datePublished\":\"2023-11-27T13:57:54+00:00\",\"dateModified\":\"2026-02-12T09:10:02+00:00\",\"description\":\"\u00bfTe preguntas c\u00f3mo empezar a invertir en oro? Aprende por qu\u00e9 los inversores optan por el oro, sus riesgos y beneficios, y c\u00f3mo comenzar.\",\"breadcrumb\":{\"@id\":\"https:\/\/www.etoro.com\/es\/investing\/investing-in-gold\/#breadcrumb\"},\"inLanguage\":\"es\",\"potentialAction\":[{\"@type\":\"ReadAction\",\"target\":[\"https:\/\/www.etoro.com\/es\/investing\/investing-in-gold\/\"]}]},{\"@type\":\"ImageObject\",\"inLanguage\":\"es\",\"@id\":\"https:\/\/www.etoro.com\/es\/investing\/investing-in-gold\/#primaryimage\",\"url\":\"https:\/\/www.etoro.com\/wp-content\/uploads\/2026\/02\/ES-How-to-Invest-in-Gold-1200x630-1.png\",\"contentUrl\":\"https:\/\/www.etoro.com\/wp-content\/uploads\/2026\/02\/ES-How-to-Invest-in-Gold-1200x630-1.png\",\"width\":1200,\"height\":630},{\"@type\":\"BreadcrumbList\",\"@id\":\"https:\/\/www.etoro.com\/es\/investing\/investing-in-gold\/#breadcrumb\",\"itemListElement\":[{\"@type\":\"ListItem\",\"position\":1,\"name\":\"Inicio\",\"item\":\"https:\/\/www.etoro.com\/es\/\"},{\"@type\":\"ListItem\",\"position\":2,\"name\":\"Invirtiendo\",\"item\":\"https:\/\/www.etoro.com\/es\/investing\/\"},{\"@type\":\"ListItem\",\"position\":3,\"name\":\"Gu\u00eda de inversi\u00f3n en oro para principiantes\"}]},{\"@type\":\"WebSite\",\"@id\":\"https:\/\/www.etoro.com\/es\/#website\",\"url\":\"https:\/\/www.etoro.com\/es\/\",\"name\":\"eToro\",\"description\":\"\",\"publisher\":{\"@id\":\"https:\/\/www.etoro.com\/es\/#organization\"},\"potentialAction\":[{\"@type\":\"SearchAction\",\"target\":{\"@type\":\"EntryPoint\",\"urlTemplate\":\"https:\/\/www.etoro.com\/es\/?s={search_term_string}\"},\"query-input\":{\"@type\":\"PropertyValueSpecification\",\"valueRequired\":true,\"valueName\":\"search_term_string\"}}],\"inLanguage\":\"es\"},[]]}<\/script>","yoast_head_json":{"title":"C\u00f3mo invertir en oro | Una gu\u00eda para principiantes","description":"\u00bfTe preguntas c\u00f3mo empezar a invertir en oro? Aprende por qu\u00e9 los inversores optan por el oro, sus riesgos y beneficios, y c\u00f3mo comenzar.","robots":{"index":"index","follow":"follow","max-snippet":"max-snippet:-1","max-image-preview":"max-image-preview:large","max-video-preview":"max-video-preview:-1"},"canonical":"https:\/\/www.etoro.com\/es\/wp-json\/wp\/v2\/pages\/777069","og_locale":"es_ES","og_type":"article","og_title":"C\u00f3mo invertir en oro | Una gu\u00eda para principiantes","og_description":"\u00bfTe preguntas c\u00f3mo empezar a invertir en oro? Aprende por qu\u00e9 los inversores optan por el oro, sus riesgos y beneficios, y c\u00f3mo comenzar.","og_url":"https:\/\/www.etoro.com\/es\/wp-json\/wp\/v2\/pages\/777069","og_site_name":"eToro","article_publisher":"https:\/\/www.facebook.com\/eToro\/","article_modified_time":"2026-02-12T09:10:02+00:00","og_image":[{"width":1200,"height":630,"url":"https:\/\/www.etoro.com\/wp-content\/uploads\/2026\/02\/ES-How-to-Invest-in-Gold-1200x630-1.png","type":"image\/png"}],"twitter_card":"summary_large_image","twitter_site":"@eToro","twitter_misc":{"Est. reading time":"6 minutes"},"schema":{"@context":"https:\/\/schema.org","@graph":[{"@type":"WebPage","@id":"https:\/\/www.etoro.com\/es\/investing\/investing-in-gold\/","url":"https:\/\/www.etoro.com\/es\/investing\/investing-in-gold\/","name":"C\u00f3mo invertir en oro | Una gu\u00eda para principiantes","isPartOf":{"@id":"https:\/\/www.etoro.com\/es\/#website"},"primaryImageOfPage":{"@id":"https:\/\/www.etoro.com\/es\/investing\/investing-in-gold\/#primaryimage"},"image":{"@id":"https:\/\/www.etoro.com\/es\/investing\/investing-in-gold\/#primaryimage"},"thumbnailUrl":"https:\/\/www.etoro.com\/wp-content\/uploads\/2026\/02\/ES-How-to-Invest-in-Gold-1200x630-1.png","datePublished":"2023-11-27T13:57:54+00:00","dateModified":"2026-02-12T09:10:02+00:00","description":"\u00bfTe preguntas c\u00f3mo empezar a invertir en oro? Aprende por qu\u00e9 los inversores optan por el oro, sus riesgos y beneficios, y c\u00f3mo comenzar.","breadcrumb":{"@id":"https:\/\/www.etoro.com\/es\/investing\/investing-in-gold\/#breadcrumb"},"inLanguage":"es","potentialAction":[{"@type":"ReadAction","target":["https:\/\/www.etoro.com\/es\/investing\/investing-in-gold\/"]}]},{"@type":"ImageObject","inLanguage":"es","@id":"https:\/\/www.etoro.com\/es\/investing\/investing-in-gold\/#primaryimage","url":"https:\/\/www.etoro.com\/wp-content\/uploads\/2026\/02\/ES-How-to-Invest-in-Gold-1200x630-1.png","contentUrl":"https:\/\/www.etoro.com\/wp-content\/uploads\/2026\/02\/ES-How-to-Invest-in-Gold-1200x630-1.png","width":1200,"height":630},{"@type":"BreadcrumbList","@id":"https:\/\/www.etoro.com\/es\/investing\/investing-in-gold\/#breadcrumb","itemListElement":[{"@type":"ListItem","position":1,"name":"Inicio","item":"https:\/\/www.etoro.com\/es\/"},{"@type":"ListItem","position":2,"name":"Invirtiendo","item":"https:\/\/www.etoro.com\/es\/investing\/"},{"@type":"ListItem","position":3,"name":"Gu\u00eda de inversi\u00f3n en oro para principiantes"}]},{"@type":"WebSite","@id":"https:\/\/www.etoro.com\/es\/#website","url":"https:\/\/www.etoro.com\/es\/","name":"eToro","description":"","publisher":{"@id":"https:\/\/www.etoro.com\/es\/#organization"},"potentialAction":[{"@type":"SearchAction","target":{"@type":"EntryPoint","urlTemplate":"https:\/\/www.etoro.com\/es\/?s={search_term_string}"},"query-input":{"@type":"PropertyValueSpecification","valueRequired":true,"valueName":"search_term_string"}}],"inLanguage":"es"},[]]}},"_links":{"self":[{"href":"https:\/\/www.etoro.com\/es\/wp-json\/wp\/v2\/pages\/777069"}],"collection":[{"href":"https:\/\/www.etoro.com\/es\/wp-json\/wp\/v2\/pages"}],"about":[{"href":"https:\/\/www.etoro.com\/es\/wp-json\/wp\/v2\/types\/page"}],"author":[{"embeddable":true,"href":"https:\/\/www.etoro.com\/es\/wp-json\/wp\/v2\/users\/101"}],"replies":[{"embeddable":true,"href":"https:\/\/www.etoro.com\/es\/wp-json\/wp\/v2\/comments?post=777069"}],"version-history":[{"count":0,"href":"https:\/\/www.etoro.com\/es\/wp-json\/wp\/v2\/pages\/777069\/revisions"}],"up":[{"embeddable":true,"href":"https:\/\/www.etoro.com\/es\/wp-json\/wp\/v2\/pages\/19770"}],"wp:featuredmedia":[{"embeddable":true,"href":"https:\/\/www.etoro.com\/es\/wp-json\/wp\/v2\/media\/1227786"}],"wp:attachment":[{"href":"https:\/\/www.etoro.com\/es\/wp-json\/wp\/v2\/media?parent=777069"}],"wp:term":[{"taxonomy":"asset_type","embeddable":true,"href":"https:\/\/www.etoro.com\/es\/wp-json\/wp\/v2\/asset_type?post=777069"}],"curies":[{"name":"wp","href":"https:\/\/api.w.org\/{rel}","templated":true}]}}