{"id":8189,"date":"2017-09-11T09:47:51","date_gmt":"2017-09-11T06:47:51","guid":{"rendered":"\/etoro\/about\/etoro-economic-calendar\/"},"modified":"2024-01-10T15:54:40","modified_gmt":"2024-01-10T13:54:40","slug":"economic-calendar","status":"publish","type":"page","link":"https:\/\/www.etoro.com\/es\/trading\/economic-calendar\/","title":{"rendered":"El calendario econ\u00f3mico de eToro"},"content":{"rendered":"<p>Muchos activos se vuelven vol\u00e1tiles cuando se aproximan o tienen lugar determinados eventos financieros. Por ejemplo, el informe mensual de n\u00f3minas no agr\u00edcolas a menudo afecta al d\u00f3lar estadounidense. Para aprovechar las oportunidades id\u00f3neas cuando se mueve el mercado, es importante mantenerse al corriente de los acontecimientos recientes y los eventos inminentes en los mercados a nivel mundial. El calendario econ\u00f3mico de eToro incluye todos los eventos de relevancia y los detalles relativos a qu\u00e9 divisa podr\u00eda verse afectada, as\u00ed como su grado de importancia.<\/p>\n<h2>C\u00f3mo utilizar el calendario econ\u00f3mico:<\/h2>\n<ol>\n<li>Elija la zona horaria y las fechas que correspondan a sus operaciones (el valor por defecto ser\u00e1 su zona horaria y la semana actual)<\/li>\n<li>Compruebe qu\u00e9 eventos afectan a los activos en los que invierte<\/li>\n<li>Observe el impacto de cada evento<\/li>\n<li>Planifique su estrategia en consecuencia<\/li>\n<\/ol>\n<p><iframe loading=\"lazy\" src=\"https:\/\/sslecal2.forexprostools.com?columns=exc_flags,exc_currency,exc_importance,exc_actual,exc_forecast,exc_previous&amp;category=_employment,_economicActivity,_inflation,_credit,_centralBanks,_confidenceIndex,_balance,_Bonds&amp;importance=1,2,3&amp;features=datepicker,timezone&amp;countries=25,32,6,37,72,22,17,39,14,48,10,35,7,43,60,36,110,11,26,12,4,5&amp;calType=week&amp;lang=4\" width=\"100%\" height=\"950px\"><\/iframe><\/p>\n","protected":false},"excerpt":{"rendered":"<p>Muchos activos se vuelven vol\u00e1tiles cuando se aproximan o tienen lugar determinados eventos financieros. Por ejemplo, el informe mensual de n\u00f3minas no agr\u00edcolas a menudo afecta al d\u00f3lar estadounidense. Para aprovechar las oportunidades id\u00f3neas cuando se mueve el mercado, es importante mantenerse al corriente de los acontecimientos recientes y los eventos inminentes en los mercados&hellip;<\/p>\n","protected":false},"author":45,"featured_media":0,"parent":18392,"menu_order":1685,"comment_status":"closed","ping_status":"closed","template":"","meta":{"_acf_changed":false,"inline_featured_image":false,"sticky_cta_settings":"","footnotes":""},"asset_type":[],"class_list":["post-8189","page","type-page","status-publish","hentry"],"acf":[],"yoast_head":"<title>Calendario econ\u00f3mico: noticias financieras en vivo | eToro<\/title>\n<meta name=\"description\" content=\"Actualizaciones en tiempo real sobre todos los eventos financieros importantes y detalles sobre las divisas a las que afectan.\" \/>\n<meta name=\"robots\" content=\"index, follow, max-snippet:-1, max-image-preview:large, max-video-preview:-1\" \/>\n<link rel=\"canonical\" href=\"https:\/\/www.etoro.com\/es\/wp-json\/wp\/v2\/pages\/8189\" \/>\n<meta property=\"og:locale\" content=\"es_ES\" \/>\n<meta property=\"og:type\" content=\"article\" \/>\n<meta property=\"og:title\" content=\"Calendario econ\u00f3mico: noticias financieras en vivo | eToro\" \/>\n<meta property=\"og:description\" content=\"Actualizaciones en tiempo real sobre todos los eventos financieros importantes y detalles sobre las divisas a las que afectan.\" \/>\n<meta property=\"og:url\" content=\"https:\/\/www.etoro.com\/es\/wp-json\/wp\/v2\/pages\/8189\" \/>\n<meta property=\"og:site_name\" content=\"eToro\" \/>\n<meta property=\"article:publisher\" content=\"https:\/\/www.facebook.com\/eToro\/\" \/>\n<meta property=\"article:modified_time\" content=\"2024-01-10T13:54:40+00:00\" \/>\n<meta property=\"og:image\" content=\"https:\/\/www.etoro.com\/wp-content\/uploads\/2019\/12\/etoro_logo_social_share1.png\" \/>\n\t<meta property=\"og:image:width\" content=\"240\" \/>\n\t<meta property=\"og:image:height\" content=\"240\" \/>\n\t<meta property=\"og:image:type\" content=\"image\/png\" \/>\n<meta name=\"twitter:card\" content=\"summary_large_image\" \/>\n<meta name=\"twitter:site\" content=\"@eToro\" \/>\n<meta name=\"twitter:label1\" content=\"Est. reading time\" \/>\n\t<meta name=\"twitter:data1\" content=\"1 minute\" \/>\n<script type=\"application\/ld+json\" class=\"yoast-schema-graph\">{\"@context\":\"https:\/\/schema.org\",\"@graph\":[{\"@type\":\"WebPage\",\"@id\":\"https:\/\/www.etoro.com\/es\/trading\/economic-calendar\/\",\"url\":\"https:\/\/www.etoro.com\/es\/trading\/economic-calendar\/\",\"name\":\"Calendario econ\u00f3mico: noticias financieras en vivo | eToro\",\"isPartOf\":{\"@id\":\"https:\/\/www.etoro.com\/es\/#website\"},\"datePublished\":\"2017-09-11T06:47:51+00:00\",\"dateModified\":\"2024-01-10T13:54:40+00:00\",\"description\":\"Actualizaciones en tiempo real sobre todos los eventos financieros importantes y detalles sobre las divisas a las que afectan.\",\"breadcrumb\":{\"@id\":\"https:\/\/www.etoro.com\/es\/trading\/economic-calendar\/#breadcrumb\"},\"inLanguage\":\"es\",\"potentialAction\":[{\"@type\":\"ReadAction\",\"target\":[\"https:\/\/www.etoro.com\/es\/trading\/economic-calendar\/\"]}]},{\"@type\":\"BreadcrumbList\",\"@id\":\"https:\/\/www.etoro.com\/es\/trading\/economic-calendar\/#breadcrumb\",\"itemListElement\":[{\"@type\":\"ListItem\",\"position\":1,\"name\":\"Inicio\",\"item\":\"https:\/\/www.etoro.com\/es\/\"},{\"@type\":\"ListItem\",\"position\":2,\"name\":\"Trading\",\"item\":\"https:\/\/www.etoro.com\/es\/trading\/\"},{\"@type\":\"ListItem\",\"position\":3,\"name\":\"CALENDARIO ECON\u00d3MICO\"}]},{\"@type\":\"WebSite\",\"@id\":\"https:\/\/www.etoro.com\/es\/#website\",\"url\":\"https:\/\/www.etoro.com\/es\/\",\"name\":\"eToro\",\"description\":\"\",\"publisher\":{\"@id\":\"https:\/\/www.etoro.com\/es\/#organization\"},\"potentialAction\":[{\"@type\":\"SearchAction\",\"target\":{\"@type\":\"EntryPoint\",\"urlTemplate\":\"https:\/\/www.etoro.com\/es\/?s={search_term_string}\"},\"query-input\":{\"@type\":\"PropertyValueSpecification\",\"valueRequired\":true,\"valueName\":\"search_term_string\"}}],\"inLanguage\":\"es\"},[]]}<\/script>","yoast_head_json":{"title":"Calendario econ\u00f3mico: noticias financieras en vivo | eToro","description":"Actualizaciones en tiempo real sobre todos los eventos financieros importantes y detalles sobre las divisas a las que afectan.","robots":{"index":"index","follow":"follow","max-snippet":"max-snippet:-1","max-image-preview":"max-image-preview:large","max-video-preview":"max-video-preview:-1"},"canonical":"https:\/\/www.etoro.com\/es\/wp-json\/wp\/v2\/pages\/8189","og_locale":"es_ES","og_type":"article","og_title":"Calendario econ\u00f3mico: noticias financieras en vivo | eToro","og_description":"Actualizaciones en tiempo real sobre todos los eventos financieros importantes y detalles sobre las divisas a las que afectan.","og_url":"https:\/\/www.etoro.com\/es\/wp-json\/wp\/v2\/pages\/8189","og_site_name":"eToro","article_publisher":"https:\/\/www.facebook.com\/eToro\/","article_modified_time":"2024-01-10T13:54:40+00:00","og_image":[{"width":240,"height":240,"url":"https:\/\/www.etoro.com\/wp-content\/uploads\/2019\/12\/etoro_logo_social_share1.png","type":"image\/png"}],"twitter_card":"summary_large_image","twitter_site":"@eToro","twitter_misc":{"Est. reading time":"1 minute"},"schema":{"@context":"https:\/\/schema.org","@graph":[{"@type":"WebPage","@id":"https:\/\/www.etoro.com\/es\/trading\/economic-calendar\/","url":"https:\/\/www.etoro.com\/es\/trading\/economic-calendar\/","name":"Calendario econ\u00f3mico: noticias financieras en vivo | eToro","isPartOf":{"@id":"https:\/\/www.etoro.com\/es\/#website"},"datePublished":"2017-09-11T06:47:51+00:00","dateModified":"2024-01-10T13:54:40+00:00","description":"Actualizaciones en tiempo real sobre todos los eventos financieros importantes y detalles sobre las divisas a las que afectan.","breadcrumb":{"@id":"https:\/\/www.etoro.com\/es\/trading\/economic-calendar\/#breadcrumb"},"inLanguage":"es","potentialAction":[{"@type":"ReadAction","target":["https:\/\/www.etoro.com\/es\/trading\/economic-calendar\/"]}]},{"@type":"BreadcrumbList","@id":"https:\/\/www.etoro.com\/es\/trading\/economic-calendar\/#breadcrumb","itemListElement":[{"@type":"ListItem","position":1,"name":"Inicio","item":"https:\/\/www.etoro.com\/es\/"},{"@type":"ListItem","position":2,"name":"Trading","item":"https:\/\/www.etoro.com\/es\/trading\/"},{"@type":"ListItem","position":3,"name":"CALENDARIO ECON\u00d3MICO"}]},{"@type":"WebSite","@id":"https:\/\/www.etoro.com\/es\/#website","url":"https:\/\/www.etoro.com\/es\/","name":"eToro","description":"","publisher":{"@id":"https:\/\/www.etoro.com\/es\/#organization"},"potentialAction":[{"@type":"SearchAction","target":{"@type":"EntryPoint","urlTemplate":"https:\/\/www.etoro.com\/es\/?s={search_term_string}"},"query-input":{"@type":"PropertyValueSpecification","valueRequired":true,"valueName":"search_term_string"}}],"inLanguage":"es"},[]]}},"_links":{"self":[{"href":"https:\/\/www.etoro.com\/es\/wp-json\/wp\/v2\/pages\/8189"}],"collection":[{"href":"https:\/\/www.etoro.com\/es\/wp-json\/wp\/v2\/pages"}],"about":[{"href":"https:\/\/www.etoro.com\/es\/wp-json\/wp\/v2\/types\/page"}],"author":[{"embeddable":true,"href":"https:\/\/www.etoro.com\/es\/wp-json\/wp\/v2\/users\/45"}],"replies":[{"embeddable":true,"href":"https:\/\/www.etoro.com\/es\/wp-json\/wp\/v2\/comments?post=8189"}],"version-history":[{"count":0,"href":"https:\/\/www.etoro.com\/es\/wp-json\/wp\/v2\/pages\/8189\/revisions"}],"up":[{"embeddable":true,"href":"https:\/\/www.etoro.com\/es\/wp-json\/wp\/v2\/pages\/18392"}],"wp:attachment":[{"href":"https:\/\/www.etoro.com\/es\/wp-json\/wp\/v2\/media?parent=8189"}],"wp:term":[{"taxonomy":"asset_type","embeddable":true,"href":"https:\/\/www.etoro.com\/es\/wp-json\/wp\/v2\/asset_type?post=8189"}],"curies":[{"name":"wp","href":"https:\/\/api.w.org\/{rel}","templated":true}]}}