{"id":819759,"date":"2023-07-07T14:09:50","date_gmt":"2023-07-07T11:09:50","guid":{"rendered":"https:\/\/www.etoro.com\/crypto\/what-is-arbitrum\/"},"modified":"2025-10-22T11:49:50","modified_gmt":"2025-10-22T08:49:50","slug":"what-is-arbitrum","status":"publish","type":"page","link":"https:\/\/www.etoro.com\/es\/crypto\/what-is-arbitrum\/","title":{"rendered":"\u00bfQu\u00e9 es y c\u00f3mo funciona Arbitrum (ARB)?"},"content":{"rendered":"\n<p class=\"is-style-summary\">Arbitrum es una cadena de bloques de capa 2 dise\u00f1ada para potenciar la escalabilidad de la red de Ethereum. Exploremos la historia de Arbitrum, su criptomoneda nativa ARB y las caracter\u00edsticas que la diferencian en el competitivo mundo de los criptoactivos.<\/p>\n\n\n\n<hr class=\"wp-block-separator wp-block-separator-color-dark-grey wp-block-separator-spaces-medium wp-block-separator-weight-1\"\/>\n\n\n\n<p>Arbitrum es una cadena de bloques que <strong>busca solucionar los problemas de escalabilidad de Ethereum<\/strong>. Su token nativo, ARB, ha estado llamando la atenci\u00f3n de la industria de las cripto. A continuaci\u00f3n, te mostramos todo lo que debes saber de Arbitrum y ARB.<\/p>\n\n\n\n<h2 class=\"wp-block-heading\">\u00bfQu\u00e9 es y cu\u00e1l es el funcionamiento de Arbitrum?<\/h2>\n\n\n\n<p><strong>Arbitrum es una <\/strong><a href=\"https:\/\/www.etoro.com\/es\/crypto\/blockchain-guide\/\"><strong><em>blockchain<\/em><\/strong><\/a><strong> que mejora la \u00abescalabilidad\u00bb de Ethereum<\/strong>, es decir, permite procesar m\u00e1s transacciones de manera r\u00e1pida y econ\u00f3mica mediante <em>rollups<\/em> optimistas. Ellos agrupan varias transacciones ejecutadas fuera de Ethereum que luego se registran dentro de forma conjunta.<\/p>\n\n\n\n<figure class=\"wp-block-image size-full\"><img loading=\"lazy\" decoding=\"async\" width=\"756\" height=\"400\" src=\"https:\/\/www.etoro.com\/wp-content\/uploads\/2024\/01\/Body-Image-1_-How-does-Arbitrum-ARB-work_-2.png\" alt=\"\" class=\"wp-image-819847 wp-image-desktop\" srcset=\"https:\/\/www.etoro.com\/wp-content\/uploads\/2024\/01\/Body-Image-1_-How-does-Arbitrum-ARB-work_-2.png 756w, https:\/\/www.etoro.com\/wp-content\/uploads\/2024\/01\/Body-Image-1_-How-does-Arbitrum-ARB-work_-2-300x159.png 300w\" sizes=\"(max-width: 756px) 100vw, 756px\" \/><\/figure>\n\n\n\n<p>Arbitrum es como una \u00absegunda capa\u00bb (o <e-tip data-tooltip=\"Protocolo sobre una cadena de bloques de capa 1 para resolver problemas de velocidad y escalabilidad.\">capa 2<\/e-tip>) construida sobre <a href=\"https:\/\/www.etoro.com\/es\/markets\/eth\">Ethereum<\/a> para solucionar problemas de velocidad y capacidad. Gracias a esto, la cadena de bloques de <strong>Ethereum puede funcionar mejor cuando hay un gran n\u00famero de transacciones<\/strong>.<\/p>\n\n\n\n<p><mark>Arbitrum implementa una innovaci\u00f3n conocida como <e-tip data-tooltip=\"Soluci\u00f3n de escalabilidad para blockchains que asume que todas las transacciones son v\u00e1lidas por defecto.\"><em>rollups <\/em>optimistas<\/e-tip>. Esta tecnolog\u00eda efect\u00faa transacciones de Ethereum fuera de la cadena de bloques, lo que alivia la carga en la <em>mainnet<\/em> de Ethereum.<\/mark><\/p>\n\n\n\n<p><mark>Gracias a los <em>rollups<\/em> optimistas, Arbitrum logra reducir los costos y aumentar la capacidad de Ethereum, sin renunciar a su seguridad y ventajas.<\/mark><\/p>\n\n\n\n<p><strong>Arbitrum es la respuesta a los desaf\u00edos y limitaciones de anteriores <em>blockchains<\/em>.<\/strong> Su propuesta ha capturado el inter\u00e9s de desarrolladores, usuarios y expertos, ya que posee potencial como una plataforma de <e-tip data-tooltip=\"Programas almacenados en una cadena de bloques que se ejecutan cuando se cumplen condiciones predeterminadas.\">contratos inteligentes<\/e-tip> para crear <e-tip data-tooltip=\"Aplicaciones que funcionan sobre una blockchain con naturaleza descentralizada, sin una entidad de control central.\">aplicaciones descentralizadas (dApps)<\/e-tip>.<\/p>\n\n\n\n<p>A continuaci\u00f3n, profundizaremos en lo que hace \u00fanico a Arbitrum y las proyecciones del precio de ARB.<\/p>\n\n\n\n<h2 class=\"wp-block-heading\">\u00bfQu\u00e9 diferencia a Arbitrum de otros criptactivos?<\/h2>\n\n\n\n<p><strong>Si algo diferencia a Arbitrum es que mejora la escalabilidad de Ethereum sin sacrificar su <e-tip data-tooltip=\"En vez de depender de una \u00fanica autoridad central, el control y las decisiones recaen en una red de participantes.\">descentralizaci\u00f3n<\/e-tip>\u00a0ni compatibilidad.<\/strong> Esta capa adicional aprovecha la seguridad de la red principal de <a href=\"https:\/\/www.etoro.com\/es\/crypto\/what-is-ethereum\/\">Ethereum<\/a> para mejorar la velocidad y reducir los costes de las transacciones.<\/p>\n\n\n\n<figure class=\"wp-block-image size-full\"><img loading=\"lazy\" decoding=\"async\" width=\"756\" height=\"400\" src=\"https:\/\/www.etoro.com\/wp-content\/uploads\/2024\/01\/Body-Image-2_-Who-created-Arbitrum_-2.png\" alt=\"\" class=\"wp-image-819804 wp-image-desktop\" srcset=\"https:\/\/www.etoro.com\/wp-content\/uploads\/2024\/01\/Body-Image-2_-Who-created-Arbitrum_-2.png 756w, https:\/\/www.etoro.com\/wp-content\/uploads\/2024\/01\/Body-Image-2_-Who-created-Arbitrum_-2-300x159.png 300w\" sizes=\"(max-width: 756px) 100vw, 756px\" \/><\/figure>\n\n\n\n<p>Dado que Arbitrum es un complemento del ecosistema de Ethereum y sus herramientas, los desarrolladores y usuarios pueden migrar e integrarse f\u00e1cilmente. Esta plataforma busca ofrecer una <strong>soluci\u00f3n escalable, <\/strong><strong>interoperable<\/strong><strong> y adaptada para aplicaciones Web3.<\/strong><\/p>\n\n\n\n<p>La esencia de Arbitrum radica en su uso de <em>rollups<\/em> optimistas para potenciar la red de Ethereum. Estos <em>rollups<\/em> agrupan m\u00faltiples transacciones y las ejecutan en una cadena paralela (en este caso, Arbitrum), mientras registran un resumen en la cadena principal de Ethereum. <strong>Esta estrategia alivia la congesti\u00f3n y minimiza los costos por usar la red.<\/strong><\/p>\n\n\n\n<p>Dichos <em>rollups<\/em> se basan en pruebas de fraude para identificar y rectificar c\u00e1lculos err\u00f3neos en las transacciones, lo que garantiza la integridad de las operaciones en la red de Arbitrum.<\/p>\n\n\n\n<p>Como resultado de los <em>rollups<\/em> optimistas, <strong>la capacidad de transacciones de Arbitrum supera con creces a la de Ethereum<\/strong>, y los costos disminuyen significativamente para beneficiar tanto a usuarios como a desarrolladores.<\/p>\n\n\n\n<p>En el futuro, Arbitrum aspira a gestionarse a trav\u00e9s de una <strong><e-tip data-tooltip=\"Entidad gobernada por blockchain y propiedad de la comunidad donde las decisiones se toman  mediante votaci\u00f3n.\">organizaci\u00f3n aut\u00f3noma descentralizada (DAO)<\/e-tip>.<\/strong> <strong>Eso significa que los poseedores de ARB, el token nativo de Arbitrum, tendr\u00e1n voz y voto en las decisiones del ecosistema.<\/strong><\/p>\n\n\n\n<blockquote class=\"wp-block-quote wp-block-quote-scheme-green is-layout-flow wp-block-quote-is-layout-flow\">\n<p>\u00abLos votos de la DAO sobre acciones en la cadena se implementar\u00e1n y ejecutar\u00e1n directamente en la cadena, lo que elimina la necesidad de intermediarios\u00bb<\/p>\n<cite><a href=\"https:\/\/arbitrumfoundation.medium.com\/arbitrum-the-next-phase-of-decentralization-e7f8b37b5226\" target=\"_blank\" rel=\"noreferrer noopener\">The Arbitrum Foundation<\/a><\/cite><\/blockquote>\n\n\n\n<h2 class=\"wp-block-heading\">\u00bfC\u00f3mo ha sido el precio y cu\u00e1les son los pron\u00f3sticos de Arbitrum?<\/h2>\n\n\n\n<p><strong>El lanzamiento de ARB coincidi\u00f3 con una fase <\/strong><a href=\"https:\/\/www.etoro.com\/es\/investing\/bull-vs-bear-markets\/\"><strong>bajista<\/strong><\/a><strong> en el mercado<\/strong> de las criptomonedas, lo que en un principio le impidi\u00f3 experimentar una rgran evalorizaci\u00f3n. Si Arbitrum se mantiene a la vanguardia en la carrera por mejorar la escalabilidad de Ethereum, podr\u00eda ser positivo para el precio de ARB.<\/p>\n\n\n\n<div class=\"wp-block-etoro-tip wp-block-etoro-tip-border-yellow\"><span class=\"wp-block-etoro-tip-icon\"><\/span><div class=\"wp-block-etoro-tip-text\">\n<p><strong>Consejo: <\/strong>La distribuci\u00f3n de los primeros ARB se hizo mediante airdrop y no con una oferta inicial de monedas (ICO).<\/p>\n<\/div><\/div>\n\n\n\n<p><strong>Si nos remontamos a la historia de Arbitrum, fue el 23 de marzo de 2023 cuando se present\u00f3 su token nativo: <\/strong><a href=\"https:\/\/www.etoro.com\/es\/markets\/arb\"><strong>ARB<\/strong><\/a>. Aquellos usuarios que cumpl\u00edan determinados criterios tuvieron la oportunidad de obtener parte de un <em>airdrop<\/em> de 1 162&nbsp;000&nbsp;000 t\u00f3kenes ARB.<\/p>\n\n\n\n<p>Este <em>airdrop<\/em> buscaba reconocer y premiar a los pioneros y entusiastas, como tambi\u00e9n fortalecer la descentralizaci\u00f3n de la red.<\/p>\n\n\n\n<figure class=\"wp-block-image size-full\"><a href=\"https:\/\/www.etoro.com\/es\/markets\/arb\"><img loading=\"lazy\" decoding=\"async\" width=\"910\" height=\"628\" src=\"https:\/\/www.etoro.com\/wp-content\/uploads\/2025\/03\/Graph-screenshot.png\" alt=\"\" class=\"wp-image-1021672 wp-image-desktop\" srcset=\"https:\/\/www.etoro.com\/wp-content\/uploads\/2025\/03\/Graph-screenshot.png 910w, https:\/\/www.etoro.com\/wp-content\/uploads\/2025\/03\/Graph-screenshot-300x207.png 300w, https:\/\/www.etoro.com\/wp-content\/uploads\/2025\/03\/Graph-screenshot-768x530.png 768w\" sizes=\"(max-width: 910px) 100vw, 910px\" \/><\/a><\/figure>\n\n\n\n<p class=\"is-style-disclaimer\"><em>El desempe\u00f1o pasado no es un indicador de resultados futuros<\/em><\/p>\n\n\n\n<p>Fuente: <a href=\"https:\/\/www.etoro.com\/es\/markets\/arb\">eToro<\/a><\/p>\n\n\n\n<p>Las redes de capa 2, como Arbitrum, no solo buscan mejorar la escalabilidad de Ethereum, <strong>sino tambi\u00e9n preservar el valor de sus t\u00f3kenes<\/strong>. En ese sentido, Arbitrum ha demostrado una adopci\u00f3n alta, frente a otros competidores de capa 2.<\/p>\n\n\n\n<h2 class=\"wp-block-heading\">\u00bfQui\u00e9nes crearon Arbitrum?<\/h2>\n\n\n\n<p><strong>Arbitrum fue creada por Offchain Labs<\/strong>, una <em>startup<\/em> fundada en 2018 por tres cient\u00edficos computacionales de la Universidad de Princeton.<\/p>\n\n\n\n<figure class=\"wp-block-image size-full\"><img loading=\"lazy\" decoding=\"async\" width=\"756\" height=\"400\" src=\"https:\/\/www.etoro.com\/wp-content\/uploads\/2024\/01\/Body-Image-3_-Final-thoughts-on-investing-in-Arbitrum-ARB-2.png\" alt=\"\" class=\"wp-image-819783 wp-image-desktop\" srcset=\"https:\/\/www.etoro.com\/wp-content\/uploads\/2024\/01\/Body-Image-3_-Final-thoughts-on-investing-in-Arbitrum-ARB-2.png 756w, https:\/\/www.etoro.com\/wp-content\/uploads\/2024\/01\/Body-Image-3_-Final-thoughts-on-investing-in-Arbitrum-ARB-2-300x159.png 300w\" sizes=\"(max-width: 756px) 100vw, 756px\" \/><\/figure>\n\n\n\n<p>La red de Arbitrum se despleg\u00f3 en agosto de 2021 y estuvo respaldada por una lista blanca de m\u00e1s de 400 dApps. Entre estas, se encontraban reconocidos protocolos de <e-tip data-tooltip=\"Sistema financiero emergente que prescinde de intermediarios mediante la tecnolog\u00eda blockchain.\">finanzas descentralizadas (DeFi)<\/e-tip>\u00a0como:<\/p>\n\n\n\n<ul class=\"wp-block-list wp-block-list wp-block-list-circle\">\n<li><strong>Uniswap y Sushiswap: <\/strong><e-tip data-tooltip=\"Un mercado entre pares que permite transacciones de criptomonedas directamente entre usuarios sin intermediarios.\"><em>Exchanges<\/em> descentralizados (DEX)<\/e-tip><\/li>\n\n\n\n<li><strong>MakerDAO: <\/strong>Organizaci\u00f3n centrada en tecnolog\u00edas para ahorro, pr\u00e9stamo y endeudamiento.<\/li>\n\n\n\n<li><strong>Aave: <\/strong>Protocolo de liquidez para prestar o solicitar fondos.<\/li>\n<\/ul>\n\n\n\n<p>Arbitrum ha ganado tracci\u00f3n desde su lanzamiento. Por ejemplo, <strong>en febrero de 2023 super\u00f3 a Ethereum en n\u00famero de transacciones diarias<\/strong>, lo que permiti\u00f3 establecerse como l\u00edder en soluciones de escalabilidad de capa 2.<\/p>\n\n\n\n<p>Adem\u00e1s, en el ecosistema Arbitrum han aparecido diferentes aplicaciones financieras, como <strong>Camelot<\/strong>, <strong>Vela Exchange<\/strong> (<em>exchanges<\/em> descentralizados) y Radiant Capital (un protocolo de pr\u00e9stamos).<\/p>\n\n\n\n<h2 class=\"wp-block-heading\">Reflexiones finales sobre Arbitrum<\/h2>\n\n\n\n<p>Con el constante avance del sector de los criptoactivos, Arbitrum se perfila como una soluci\u00f3n vanguardista para potenciar aplicaciones descentralizadas en Ethereum.<\/p>\n\n\n\n<p>A trav\u00e9s de sus <em>rollups<\/em> optimistas, <strong>busca optimizar las <\/strong><strong><em>dApps<\/em><\/strong><strong> haci\u00e9ndolas m\u00e1s veloces, eficientes y escalables<\/strong>, sin sacrificar la seguridad y armon\u00eda con la <em>blockchain<\/em> de Ethereum.<\/p>\n\n\n\n<p>Desde los inicios que Arbitrum ha mostrado un ritmo de crecimiento s\u00f3lido que se refleja en un incremento en transacciones diarias y direcciones \u00fanicas. Esta soluci\u00f3n ha logrado alinearse con la creciente demanda de Ethereum. Sin embargo, antes de considerar cualquier acci\u00f3n relacionada con ARB siempre ser\u00e1 recomendable <strong>que te informes adecuadamente.<\/strong><\/p>\n\n\n\n<p>Visita la <a href=\"https:\/\/www.etoro.com\/es\/academy\/\">Academia de eToro<\/a> para aprender m\u00e1s sobre la inversi\u00f3n en criptoactivos.<\/p>\n\n\n\n<h2 class=\"wp-block-heading\">Preguntas frecuentes<\/h2>\n\n\n\n<dl class=\"wp-block-etoro-faq\">\n<div class=\"wp-block-etoro-faq-item\"><dt class=\"wp-block-etoro-faq-item-question\">\u00bfPara qu\u00e9 sirve ARB?<\/dt><dd class=\"wp-block-etoro-faq-item-answer\">\n<p>El token ARB les brinda a sus poseedores la oportunidad de participar en la gobernanza del protocolo Arbitrum. Si posees ARB, puedes proponer y votar modificaciones en el ecosistema de Arbitrum, incluidas actualizaciones de la red. Adem\u00e1s, este token permite la elecci\u00f3n del <a href=\"https:\/\/docs.arbitrum.foundation\/concepts\/security-council\" target=\"_blank\" rel=\"noreferrer noopener\">Consejo de seguridad<\/a>, un conjunto de participantes confiables que pueden actuar en situaciones cr\u00edticas.<\/p>\n<\/dd><\/div>\n\n\n\n<div class=\"wp-block-etoro-faq-item\"><dt class=\"wp-block-etoro-faq-item-question\">\u00bfQu\u00e9 es el Consejo de seguridad de Arbitrum?<\/dt><dd class=\"wp-block-etoro-faq-item-answer\">\n<p>El Consejo de seguridad de Arbitrum est\u00e1 compuesto por 12 miembros electos con la responsabilidad de implementar medidas de emergencia para salvaguardar el protocolo de Arbitrum y su entorno ante amenazas significativas. Los poseedores de <a href=\"https:\/\/coinmarketcal.com\/es\/event\/security-council-election-174535\" target=\"_blank\" rel=\"noreferrer noopener\">t\u00f3kenes ARB<\/a> son quienes eligen a estos miembros.<\/p>\n<\/dd><\/div>\n\n\n\n<div class=\"wp-block-etoro-faq-item\"><dt class=\"wp-block-etoro-faq-item-question\">\u00bfQu\u00e9 es el puente de Arbitrum?<\/dt><dd class=\"wp-block-etoro-faq-item-answer\">\n<p>Un puente es una herramienta para transferir criptoactivos entre dos cadenas de bloques. Con el <a href=\"https:\/\/bridge.arbitrum.io\/\" target=\"_blank\" rel=\"noreferrer noopener\">puente de Arbitrum<\/a>, puedes transferir tus activos entre Ethereum y Arbitrum de forma descentralizada y sin intermediarios.<\/p>\n<\/dd><\/div>\n<\/dl>\n\n\n\n\t\t<style>\n\t\t\t.rtl .etoro-block-shortcode-disclaimer {\n\t\t\t\ttext-align:right;\n\t\t\t}\n\t\t\t.etoro-block-shortcode-disclaimer {\n\t\t\t\tmargin-bottom:18px;\n\t\t\t\ttext-align:left;\n\t\t\t}\n\t\t\t.etoro-block-shortcode-disclaimer p{\n\t\t\t\tfont-size: 12px;\n\t\t\t\tline-height: 18px;\n\t\t\t}\n\t\t\t@media (min-width: 768px) {\n\t\t\t\t.etoro-block-shortcode-disclaimer {\n\t\t\t\t\tmax-width:1176px;\n\t\t\t\t\ttext-align:center;\n\t\t\t\t}\n\t\t\t\t.etoro-block-shortcode-disclaimer p {\n\t\t\t\t\tfont-size: 14px;\n\t\t\t\t\tline-height: 20px;\n\t\t\t\t}\n\t\t\t}\n\t\t<\/style>\n\t\t<div class='etoro-block-shortcode-disclaimer'><p>Esta informaci\u00f3n es \u00fanicamente para fines educativos y no debe interpretarse como un consejo de inversi\u00f3n, una recomendaci\u00f3n personalizada, una oferta o una solicitud para comprar o vender instrumentos financieros.<\/p>\n<p>Este material se ha preparado sin considerar objetivos de inversi\u00f3n o situaciones financieras particulares. Adem\u00e1s, no cumple con los requisitos legales y regulatorios que promueven la investigaci\u00f3n independiente.<\/p>\n<p><strong>No todos los servicios e instrumentos financieros mencionados est\u00e1n disponibles en eToro.<\/strong> Cualquier referencia al rendimiento pasado de un instrumento financiero, \u00edndice o producto de inversi\u00f3n consolidado no es, ni debe considerarse, un indicador fiable de resultados futuros. <strong>La disponibilidad de todos los productos y servicios mencionados puede variar seg\u00fan la jurisdicci\u00f3n y el pa\u00eds.<\/strong><\/p>\n<p>eToro no se responsabiliza ni asume ninguna obligaci\u00f3n por la precisi\u00f3n o integridad del contenido de esta gu\u00eda. Aseg\u00farate de comprender los riesgos asociados con la inversi\u00f3n antes de comprometer tu capital. Nunca arriesgues m\u00e1s de lo que puedas permitirte perder.<\/p>\n<\/div>\n","protected":false},"excerpt":{"rendered":"<p>Arbitrum es una cadena de bloques de capa 2 dise\u00f1ada para potenciar la escalabilidad de la red de Ethereum. Exploremos la historia de Arbitrum, su criptomoneda nativa ARB y las caracter\u00edsticas que la diferencian en el competitivo mundo de los criptoactivos. Arbitrum es una cadena de bloques que busca solucionar los problemas de escalabilidad de&hellip;<\/p>\n","protected":false},"author":101,"featured_media":819868,"parent":127680,"menu_order":0,"comment_status":"closed","ping_status":"closed","template":"","meta":{"_acf_changed":false,"inline_featured_image":false,"sticky_cta_settings":"","footnotes":""},"asset_type":[6602],"class_list":["post-819759","page","type-page","status-publish","has-post-thumbnail","hentry","asset_type-is-crypto"],"acf":[],"yoast_head":"<title>\u00bfQu\u00e9 es Arbitrum? | Cripto<\/title>\n<meta name=\"description\" content=\"Arbitrum (ARB) ha estado llamando la atenci\u00f3n en el sector de los criptoactivos. Pero \u00bfqu\u00e9 es ARB? \u00bfY deber\u00edas considerarlo como una inversi\u00f3n potencial?\" \/>\n<meta name=\"robots\" content=\"index, follow, max-snippet:-1, max-image-preview:large, max-video-preview:-1\" \/>\n<link rel=\"canonical\" href=\"https:\/\/www.etoro.com\/es\/wp-json\/wp\/v2\/pages\/819759\" \/>\n<meta property=\"og:locale\" content=\"es_ES\" \/>\n<meta property=\"og:type\" content=\"article\" \/>\n<meta property=\"og:title\" content=\"\u00bfQu\u00e9 es Arbitrum? | Cripto\" \/>\n<meta property=\"og:description\" content=\"Arbitrum (ARB) ha estado llamando la atenci\u00f3n en el sector de los criptoactivos. Pero \u00bfqu\u00e9 es ARB? \u00bfY deber\u00edas considerarlo como una inversi\u00f3n potencial?\" \/>\n<meta property=\"og:url\" content=\"https:\/\/www.etoro.com\/es\/wp-json\/wp\/v2\/pages\/819759\" \/>\n<meta property=\"og:site_name\" content=\"eToro\" \/>\n<meta property=\"article:publisher\" content=\"https:\/\/www.facebook.com\/eToro\/\" \/>\n<meta property=\"article:modified_time\" content=\"2025-10-22T08:49:50+00:00\" \/>\n<meta property=\"og:image\" content=\"https:\/\/www.etoro.com\/wp-content\/uploads\/2024\/01\/ES-What-is-Arbitrum-ARB-and-How-Does-It-Work-1200x576-1.png\" \/>\n\t<meta property=\"og:image:width\" content=\"1200\" \/>\n\t<meta property=\"og:image:height\" content=\"630\" \/>\n\t<meta property=\"og:image:type\" content=\"image\/png\" \/>\n<meta name=\"twitter:card\" content=\"summary_large_image\" \/>\n<meta name=\"twitter:site\" content=\"@eToro\" \/>\n<meta name=\"twitter:label1\" content=\"Est. reading time\" \/>\n\t<meta name=\"twitter:data1\" content=\"6 minutes\" \/>\n<script type=\"application\/ld+json\" class=\"yoast-schema-graph\">{\"@context\":\"https:\/\/schema.org\",\"@graph\":[{\"@type\":\"WebPage\",\"@id\":\"https:\/\/www.etoro.com\/es\/crypto\/what-is-arbitrum\/\",\"url\":\"https:\/\/www.etoro.com\/es\/crypto\/what-is-arbitrum\/\",\"name\":\"\u00bfQu\u00e9 es Arbitrum? | Cripto\",\"isPartOf\":{\"@id\":\"https:\/\/www.etoro.com\/es\/#website\"},\"primaryImageOfPage\":{\"@id\":\"https:\/\/www.etoro.com\/es\/crypto\/what-is-arbitrum\/#primaryimage\"},\"image\":{\"@id\":\"https:\/\/www.etoro.com\/es\/crypto\/what-is-arbitrum\/#primaryimage\"},\"thumbnailUrl\":\"https:\/\/www.etoro.com\/wp-content\/uploads\/2024\/01\/ES-What-is-Arbitrum-ARB-and-How-Does-It-Work-1200x576-1.png\",\"datePublished\":\"2023-07-07T11:09:50+00:00\",\"dateModified\":\"2025-10-22T08:49:50+00:00\",\"description\":\"Arbitrum (ARB) ha estado llamando la atenci\u00f3n en el sector de los criptoactivos. Pero \u00bfqu\u00e9 es ARB? \u00bfY deber\u00edas considerarlo como una inversi\u00f3n potencial?\",\"breadcrumb\":{\"@id\":\"https:\/\/www.etoro.com\/es\/crypto\/what-is-arbitrum\/#breadcrumb\"},\"inLanguage\":\"es\",\"potentialAction\":[{\"@type\":\"ReadAction\",\"target\":[\"https:\/\/www.etoro.com\/es\/crypto\/what-is-arbitrum\/\"]}]},{\"@type\":\"ImageObject\",\"inLanguage\":\"es\",\"@id\":\"https:\/\/www.etoro.com\/es\/crypto\/what-is-arbitrum\/#primaryimage\",\"url\":\"https:\/\/www.etoro.com\/wp-content\/uploads\/2024\/01\/ES-What-is-Arbitrum-ARB-and-How-Does-It-Work-1200x576-1.png\",\"contentUrl\":\"https:\/\/www.etoro.com\/wp-content\/uploads\/2024\/01\/ES-What-is-Arbitrum-ARB-and-How-Does-It-Work-1200x576-1.png\",\"width\":1200,\"height\":630},{\"@type\":\"BreadcrumbList\",\"@id\":\"https:\/\/www.etoro.com\/es\/crypto\/what-is-arbitrum\/#breadcrumb\",\"itemListElement\":[{\"@type\":\"ListItem\",\"position\":1,\"name\":\"Inicio\",\"item\":\"https:\/\/www.etoro.com\/es\/\"},{\"@type\":\"ListItem\",\"position\":2,\"name\":\"One-stop crypto\",\"item\":\"https:\/\/www.etoro.com\/es\/crypto\/\"},{\"@type\":\"ListItem\",\"position\":3,\"name\":\"\u00bfQu\u00e9 es y c\u00f3mo funciona Arbitrum (ARB)?\"}]},{\"@type\":\"WebSite\",\"@id\":\"https:\/\/www.etoro.com\/es\/#website\",\"url\":\"https:\/\/www.etoro.com\/es\/\",\"name\":\"eToro\",\"description\":\"\",\"publisher\":{\"@id\":\"https:\/\/www.etoro.com\/es\/#organization\"},\"potentialAction\":[{\"@type\":\"SearchAction\",\"target\":{\"@type\":\"EntryPoint\",\"urlTemplate\":\"https:\/\/www.etoro.com\/es\/?s={search_term_string}\"},\"query-input\":{\"@type\":\"PropertyValueSpecification\",\"valueRequired\":true,\"valueName\":\"search_term_string\"}}],\"inLanguage\":\"es\"},[]]}<\/script>","yoast_head_json":{"title":"\u00bfQu\u00e9 es Arbitrum? | Cripto","description":"Arbitrum (ARB) ha estado llamando la atenci\u00f3n en el sector de los criptoactivos. Pero \u00bfqu\u00e9 es ARB? \u00bfY deber\u00edas considerarlo como una inversi\u00f3n potencial?","robots":{"index":"index","follow":"follow","max-snippet":"max-snippet:-1","max-image-preview":"max-image-preview:large","max-video-preview":"max-video-preview:-1"},"canonical":"https:\/\/www.etoro.com\/es\/wp-json\/wp\/v2\/pages\/819759","og_locale":"es_ES","og_type":"article","og_title":"\u00bfQu\u00e9 es Arbitrum? | Cripto","og_description":"Arbitrum (ARB) ha estado llamando la atenci\u00f3n en el sector de los criptoactivos. Pero \u00bfqu\u00e9 es ARB? \u00bfY deber\u00edas considerarlo como una inversi\u00f3n potencial?","og_url":"https:\/\/www.etoro.com\/es\/wp-json\/wp\/v2\/pages\/819759","og_site_name":"eToro","article_publisher":"https:\/\/www.facebook.com\/eToro\/","article_modified_time":"2025-10-22T08:49:50+00:00","og_image":[{"width":1200,"height":630,"url":"https:\/\/www.etoro.com\/wp-content\/uploads\/2024\/01\/ES-What-is-Arbitrum-ARB-and-How-Does-It-Work-1200x576-1.png","type":"image\/png"}],"twitter_card":"summary_large_image","twitter_site":"@eToro","twitter_misc":{"Est. reading time":"6 minutes"},"schema":{"@context":"https:\/\/schema.org","@graph":[{"@type":"WebPage","@id":"https:\/\/www.etoro.com\/es\/crypto\/what-is-arbitrum\/","url":"https:\/\/www.etoro.com\/es\/crypto\/what-is-arbitrum\/","name":"\u00bfQu\u00e9 es Arbitrum? | Cripto","isPartOf":{"@id":"https:\/\/www.etoro.com\/es\/#website"},"primaryImageOfPage":{"@id":"https:\/\/www.etoro.com\/es\/crypto\/what-is-arbitrum\/#primaryimage"},"image":{"@id":"https:\/\/www.etoro.com\/es\/crypto\/what-is-arbitrum\/#primaryimage"},"thumbnailUrl":"https:\/\/www.etoro.com\/wp-content\/uploads\/2024\/01\/ES-What-is-Arbitrum-ARB-and-How-Does-It-Work-1200x576-1.png","datePublished":"2023-07-07T11:09:50+00:00","dateModified":"2025-10-22T08:49:50+00:00","description":"Arbitrum (ARB) ha estado llamando la atenci\u00f3n en el sector de los criptoactivos. Pero \u00bfqu\u00e9 es ARB? \u00bfY deber\u00edas considerarlo como una inversi\u00f3n potencial?","breadcrumb":{"@id":"https:\/\/www.etoro.com\/es\/crypto\/what-is-arbitrum\/#breadcrumb"},"inLanguage":"es","potentialAction":[{"@type":"ReadAction","target":["https:\/\/www.etoro.com\/es\/crypto\/what-is-arbitrum\/"]}]},{"@type":"ImageObject","inLanguage":"es","@id":"https:\/\/www.etoro.com\/es\/crypto\/what-is-arbitrum\/#primaryimage","url":"https:\/\/www.etoro.com\/wp-content\/uploads\/2024\/01\/ES-What-is-Arbitrum-ARB-and-How-Does-It-Work-1200x576-1.png","contentUrl":"https:\/\/www.etoro.com\/wp-content\/uploads\/2024\/01\/ES-What-is-Arbitrum-ARB-and-How-Does-It-Work-1200x576-1.png","width":1200,"height":630},{"@type":"BreadcrumbList","@id":"https:\/\/www.etoro.com\/es\/crypto\/what-is-arbitrum\/#breadcrumb","itemListElement":[{"@type":"ListItem","position":1,"name":"Inicio","item":"https:\/\/www.etoro.com\/es\/"},{"@type":"ListItem","position":2,"name":"One-stop crypto","item":"https:\/\/www.etoro.com\/es\/crypto\/"},{"@type":"ListItem","position":3,"name":"\u00bfQu\u00e9 es y c\u00f3mo funciona Arbitrum (ARB)?"}]},{"@type":"WebSite","@id":"https:\/\/www.etoro.com\/es\/#website","url":"https:\/\/www.etoro.com\/es\/","name":"eToro","description":"","publisher":{"@id":"https:\/\/www.etoro.com\/es\/#organization"},"potentialAction":[{"@type":"SearchAction","target":{"@type":"EntryPoint","urlTemplate":"https:\/\/www.etoro.com\/es\/?s={search_term_string}"},"query-input":{"@type":"PropertyValueSpecification","valueRequired":true,"valueName":"search_term_string"}}],"inLanguage":"es"},[]]}},"_links":{"self":[{"href":"https:\/\/www.etoro.com\/es\/wp-json\/wp\/v2\/pages\/819759"}],"collection":[{"href":"https:\/\/www.etoro.com\/es\/wp-json\/wp\/v2\/pages"}],"about":[{"href":"https:\/\/www.etoro.com\/es\/wp-json\/wp\/v2\/types\/page"}],"author":[{"embeddable":true,"href":"https:\/\/www.etoro.com\/es\/wp-json\/wp\/v2\/users\/101"}],"replies":[{"embeddable":true,"href":"https:\/\/www.etoro.com\/es\/wp-json\/wp\/v2\/comments?post=819759"}],"version-history":[{"count":0,"href":"https:\/\/www.etoro.com\/es\/wp-json\/wp\/v2\/pages\/819759\/revisions"}],"up":[{"embeddable":true,"href":"https:\/\/www.etoro.com\/es\/wp-json\/wp\/v2\/pages\/127680"}],"wp:featuredmedia":[{"embeddable":true,"href":"https:\/\/www.etoro.com\/es\/wp-json\/wp\/v2\/media\/819868"}],"wp:attachment":[{"href":"https:\/\/www.etoro.com\/es\/wp-json\/wp\/v2\/media?parent=819759"}],"wp:term":[{"taxonomy":"asset_type","embeddable":true,"href":"https:\/\/www.etoro.com\/es\/wp-json\/wp\/v2\/asset_type?post=819759"}],"curies":[{"name":"wp","href":"https:\/\/api.w.org\/{rel}","templated":true}]}}