{"id":867151,"date":"2024-01-05T14:43:27","date_gmt":"2024-01-05T12:43:27","guid":{"rendered":"https:\/\/www.etoro.com\/about\/club\/tax-partners\/"},"modified":"2024-05-15T17:36:55","modified_gmt":"2024-05-15T14:36:55","slug":"tax-partners","status":"publish","type":"page","link":"https:\/\/www.etoro.com\/es\/about\/club\/tax-partners\/","title":{"rendered":"Tax Partners"},"content":{"rendered":"\n<section class=\"wp-block-group wp-block-group-boxed wp-block-group-medium-bottom-padding has-white-background-color has-background\"><div class=\"wp-block-group-inner is-layout-flow wp-block-group-is-layout-flow\">\n<div class=\"wp-block-columns are-vertically-aligned-top wp-block-columns-1 wp-block-columns-size-14 is-layout-flex wp-container-core-columns-is-layout-1 wp-block-columns-is-layout-flex\">\n<div class=\"wp-block-column wp-block-column-align-desktop-center wp-block-column-align-mobile-left is-layout-flow wp-block-column-is-layout-flow\">\n<p class=\"has-text-align-center\">Como miembro del Club eToro, tienes derecho a un descuento en tu declaraci\u00f3n de impuestos generada por uno de nuestros socios. Simplemente elige de nuestra lista de proveedores expertos en impuestos y ellos har\u00e1n el trabajo por ti.<\/p>\n<\/div>\n<\/div>\n<\/div><\/section>\n\n\n\n<section class=\"wp-block-group wp-block-group-boxed wp-block-group-medium-top-padding wp-block-group-medium-bottom-padding has-white-background-color has-background\"><div class=\"wp-block-group-inner is-layout-flow wp-block-group-is-layout-flow\">\n<div class=\"wp-block-columns are-vertically-aligned-top wp-block-columns-3 is-layout-flex wp-container-core-columns-is-layout-2 wp-block-columns-is-layout-flex\">\n<div class=\"wp-block-column is-layout-flow wp-block-column-is-layout-flow\">\n<div class=\"wp-block-etoro-card wp-block-etoro-card-size-small wp-block-etoro-card-thumbnail-position-above wp-block-etoro-card-default\"><img decoding=\"async\" src=\"https:\/\/www.etoro.com\/wp-content\/uploads\/2024\/01\/flag.svg\" alt=\"Elije un socio de impuestos\" class=\"wp-block-etoro-card-thumbnail\"\/><div class=\"wp-block-etoro-card-body\"><div class=\"wp-block-etoro-card-title\">Elije un socio de impuestos<\/div><div class=\"wp-block-etoro-card-content\">\n<p><strong><strong>Aseg\u00farate de haber iniciado sesi\u00f3n <\/strong><\/strong>y luego selecciona tu pa\u00eds de residencia. Se mostrar\u00e1n los socios disponibles en tu regi\u00f3n.<\/p>\n<\/div><\/div><\/div>\n<\/div>\n\n\n\n<div class=\"wp-block-column is-layout-flow wp-block-column-is-layout-flow\">\n<div class=\"wp-block-etoro-card wp-block-etoro-card-size-small wp-block-etoro-card-thumbnail-position-above wp-block-etoro-card-default\"><img decoding=\"async\" src=\"https:\/\/www.etoro.com\/wp-content\/uploads\/2024\/01\/featured.svg\" alt=\"Reciba un descuento\" class=\"wp-block-etoro-card-thumbnail\"\/><div class=\"wp-block-etoro-card-body\"><div class=\"wp-block-etoro-card-title\">Reciba un descuento<\/div><div class=\"wp-block-etoro-card-content\">\n<p>Los miembros del Club recibir\u00e1n estos servicios con descuentos. La tasa de descuento se basa en tu nivel de membres\u00eda en el Club eToro.<\/p>\n<\/div><\/div><\/div>\n<\/div>\n\n\n\n<div class=\"wp-block-column is-layout-flow wp-block-column-is-layout-flow\">\n<div class=\"wp-block-etoro-card wp-block-etoro-card-size-small wp-block-etoro-card-thumbnail-position-above wp-block-etoro-card-default\"><img decoding=\"async\" src=\"https:\/\/www.etoro.com\/wp-content\/uploads\/2024\/01\/like.svg\" alt=\"Relajate...\" class=\"wp-block-etoro-card-thumbnail\"\/><div class=\"wp-block-etoro-card-body\"><div class=\"wp-block-etoro-card-title\">Relajate&#8230;<\/div><div class=\"wp-block-etoro-card-content\">\n<p>\u00a1Y deja que los espertos hagan esta tarea anual mucho m\u00e1s facil!<\/p>\n<\/div><\/div><\/div>\n<\/div>\n<\/div>\n<\/div><\/section>\n\n\n\n<section class=\"wp-block-group wp-block-group-boxed wp-block-group-medium-top-padding has-white-background-color has-background\"><div class=\"wp-block-group-inner is-layout-flow wp-block-group-is-layout-flow\">\n<div class=\"wp-block-columns are-vertically-aligned-top wp-block-columns-1 wp-block-columns-size-14 is-layout-flex wp-container-core-columns-is-layout-3 wp-block-columns-is-layout-flex\">\n<div class=\"wp-block-column wp-block-column-align-desktop-center wp-block-column-align-mobile-left is-layout-flow wp-block-column-is-layout-flow\">\n<p class=\"has-text-align-center\">Ten en cuenta que eToro compartir\u00e1 con terceros a qu\u00e9 nivel del Club perteneces para que puedas recibir tu descuento.<\/p>\n\n\n\n<p class=\"is-style-disclaimer\">eToro no ofrece asesoramiento fiscal y la informaci\u00f3n proporcionada no debe interpretarse como tal.<br>Los clientes deben buscar asesoramiento fiscal independiente.<\/p>\n<\/div>\n<\/div>\n<\/div><\/section>\n\n\n\n<section class=\"wp-block-group wp-block-group-boxed\"><div class=\"wp-block-group-inner is-layout-flow wp-block-group-is-layout-flow\">\n<h2 class=\"wp-block-heading has-text-align-center is-style-heading-2\" id=\"choose-tax-partner\"><strong><strong>Elije tu socio de impuestos <\/strong><\/strong>seg\u00fan tu regi\u00f3n<\/h2>\n\n\n\n<p class=\"has-text-align-center\">Por favor, elige tu pa\u00eds y proveedor corresondiente del men\u00fa desplegable a continuaci\u00f3n:<\/p>\n\n\n\n<div class=\"wp-block-etoro-tax-partners\"><div class=\"wp-block-etoro-tax-partners-select-wrapper\"><select class=\"wp-block-etoro-tax-partners-select\"><option value=\"\" disabled selected>Pa\u00eds<\/option><option value=\"7453\" data-id=\"12\">Australia<\/option><option value=\"6907\" data-id=\"55\">Rep\u00fablica Checa<\/option><option value=\"7794\" data-id=\"79\">Alemania<\/option><option value=\"7311\" data-id=\"102\">Italia<\/option><option value=\"6913\" data-id=\"132\">M\u00e9xico<\/option><option value=\"6911\" data-id=\"164\">Polonia<\/option><option value=\"6914\" data-id=\"165\">Portugal<\/option><option value=\"6908\" data-id=\"168\">Rumania<\/option><option value=\"6912\" data-id=\"184\">Eslovaquia<\/option><option value=\"6909\" data-id=\"185\">Eslovenia<\/option><option value=\"6910\" data-id=\"191\">Espa\u00f1a<\/option><option value=\"6915\" data-id=\"196\">Suecia<\/option><option value=\"6906\" data-id=\"218\">Reino Unido<\/option><\/select><\/div><div class=\"wp-block-etoro-tax-partners-wrapper\"><\/div><\/div>\n<\/div><\/section>\n\n\n\n<section class=\"wp-block-group wp-block-group-boxed has-dark-blue-background-color has-background\"><div class=\"wp-block-group-inner is-layout-flow wp-block-group-is-layout-flow\">\n<div class=\"wp-block-columns are-vertically-aligned-top wp-block-columns-1 wp-block-columns-size-14 is-layout-flex wp-container-core-columns-is-layout-4 wp-block-columns-is-layout-flex\">\n<div class=\"wp-block-column is-layout-flow wp-block-column-is-layout-flow\">\n<h2 class=\"wp-block-heading has-text-align-center is-style-heading-2\"><span>\u00bfQu\u00e9 descuento <strong>me corresponde<\/strong>?<\/span><\/h2>\n\n\n\n<p class=\"has-text-align-center\">El descuento se basa en tu nivel de membres\u00eda en el Club eToro. Aseg\u00farate de visitar el <a href=\"https:\/\/www.etoro.com\/es\/dashboard\/club\" target=\"_blank\" rel=\"noreferrer noopener\">Panel del Club<\/a> donde puedes verificar tu estado actual de nivel para esta y otras ofertas adicionales.<\/p>\n<\/div>\n<\/div>\n<\/div><\/section>\n\n\n\n<section class=\"wp-block-group wp-block-group-boxed has-white-background-color has-background\"><div class=\"wp-block-group-inner is-layout-flow wp-block-group-is-layout-flow\">\n<h2 class=\"wp-block-heading has-text-align-center\">FAQ<\/h2>\n\n\n\n<dl class=\"wp-block-etoro-faq\">\n<div class=\"wp-block-etoro-faq-item\"><dt class=\"wp-block-etoro-faq-item-question\">\u00bfDe qu\u00e9 se trata esta oferta?<\/dt><dd class=\"wp-block-etoro-faq-item-answer\">\n<p>Como miembro del Club, puedes recibir descuentos en tu declaraci\u00f3n de impuestos generada por uno de nuestros socios. Simplemente elige de nuestra lista de proveedores y ellos har\u00e1n el trabajo por ti. El descuento est\u00e1 basado en tu nivel de Club eToro. Asegurate visitar el Panel del Club donde podr\u00e1s chequear tu nivel actual y las diferentes ofertas disponibles para ti.<\/p>\n<\/dd><\/div>\n\n\n\n<div class=\"wp-block-etoro-faq-item\"><dt class=\"wp-block-etoro-faq-item-question\">\u00bfPor qu\u00e9 me pide que inicie sesi\u00f3n?<\/dt><dd class=\"wp-block-etoro-faq-item-answer\">\n<p>Para poder recibir el descuento correspondiente a tu nivel de Club, necesitas estar logueado a tu cuenta de eToro.<\/p>\n<\/dd><\/div>\n\n\n\n<div class=\"wp-block-etoro-faq-item\"><dt class=\"wp-block-etoro-faq-item-question\">\u00bfQu\u00e9 pasa si no veo mi pa\u00eds en la lista?<\/dt><dd class=\"wp-block-etoro-faq-item-answer\">\n<p>\u00a1Qu\u00e9date atento! A\u00f1adiremos m\u00e1s paises pr\u00f3ximamente.<\/p>\n<\/dd><\/div>\n\n\n\n<div class=\"wp-block-etoro-faq-item\"><dt class=\"wp-block-etoro-faq-item-question\">\u00bfQu\u00e9 pasa si necesito ayuda?<\/dt><dd class=\"wp-block-etoro-faq-item-answer\">\n<p>Si tienes m\u00e1s preguntas, por favor cont\u00e1ctate con nuestro centro de atenci\u00f3n mediante tu <a href=\"https:\/\/www.etoro.com\/es\/dashboard\/club\" target=\"_blank\" rel=\"noreferrer noopener\">Panel del Club<\/a><\/p>\n<\/dd><\/div>\n\n\n\n<div class=\"wp-block-etoro-faq-item\"><dt class=\"wp-block-etoro-faq-item-question\">\u00bfC\u00f3mo puedo acceder a esta oferta?<\/dt><dd class=\"wp-block-etoro-faq-item-answer\">\n<p>Asegurate de estar logueado y elegir tu pa\u00eds de origen. Los pa\u00edses disponibles con asesoramiento est\u00e1n listados debajo.<\/p>\n<\/dd><\/div>\n\n\n\n<div class=\"wp-block-etoro-faq-item\"><dt class=\"wp-block-etoro-faq-item-question\">\u00bfQui\u00e9n puede reclamar estos descuentos?<\/dt><dd class=\"wp-block-etoro-faq-item-answer\">\n<p>Los descuentos de impuestos son exclusivos para miembros del Club eToro.<\/p>\n<\/dd><\/div>\n\n\n\n<div class=\"wp-block-etoro-faq-item\"><dt class=\"wp-block-etoro-faq-item-question\">\u00bfNecesito rellenar un formulario de impuestos?<\/dt><dd class=\"wp-block-etoro-faq-item-answer\">\n<p>Eres responsable de calcular y pagar cualquier impuesto aplicable a la ley de tu pa\u00eds de origen o pa\u00edses donde tengas residencia fiscal.<\/p>\n<\/dd><\/div>\n\n\n\n<div class=\"wp-block-etoro-faq-item\"><dt class=\"wp-block-etoro-faq-item-question\">\u00bfD\u00f3nde puedo ver un reporte de mi actividad de inversi\u00f3n?<\/dt><dd class=\"wp-block-etoro-faq-item-answer\">\n<p>Puedes generar un Reporte de Cuenta clickeando en &#8220;Ajustes&#8221;, y luego en &#8220;Mi Cuenta&#8221; (o yendo a este <a href=\"https:\/\/www.etoro.com\/es\/documents\/accountstatement\" target=\"_blank\" rel=\"noreferrer noopener\">link<\/a>). En la secci\u00f3n Documentos, clickea &#8220;Ver&#8221;. Elige un per\u00edodo de tiempo y clickea en &#8220;Crear&#8221; para generar un reporte de cuenta.<\/p>\n<\/dd><\/div>\n<\/dl>\n<\/div><\/section>\n\n\n\n<section class=\"wp-block-group wp-block-group-boxed\"><div class=\"wp-block-group-inner is-layout-flow wp-block-group-is-layout-flow\">\n<div class=\"wp-block-columns are-vertically-aligned-top wp-block-columns-1 is-layout-flex wp-container-core-columns-is-layout-5 wp-block-columns-is-layout-flex\">\n<div class=\"wp-block-column is-layout-flow wp-block-column-is-layout-flow\">\n<p class=\"has-text-align-center is-style-disclaimer\">Este comunicado fue hecho con fines de comunicaci\u00f3n y educativos, y no debe considerarse como asesoramiento o recomendaci\u00f3n de inversi\u00f3n. No busca brindar ni debe ser considerado como gu\u00eda para declaraciones de impuestos. Recomendamos contactar a tu propio asesor de declaraciones de impuestos.<\/p>\n<\/div>\n<\/div>\n<\/div><\/section>\n","protected":false},"excerpt":{"rendered":"<p>Como miembro del Club eToro, tienes derecho a un descuento en tu declaraci\u00f3n de impuestos generada por uno de nuestros socios. Simplemente elige de nuestra lista de proveedores expertos en impuestos y ellos har\u00e1n el trabajo por ti. Ten en cuenta que eToro compartir\u00e1 con terceros a qu\u00e9 nivel del Club perteneces para que puedas&hellip;<\/p>\n","protected":false},"author":45,"featured_media":836460,"parent":547162,"menu_order":0,"comment_status":"closed","ping_status":"closed","template":"","meta":{"_acf_changed":false,"inline_featured_image":false,"sticky_cta_settings":"","footnotes":""},"asset_type":[],"class_list":["post-867151","page","type-page","status-publish","has-post-thumbnail","hentry"],"acf":[],"yoast_head":"<title>Devoluci\u00f3n de impuestos para miembros del Club eToro<\/title>\n<meta name=\"description\" content=\"Obt\u00e9n un descuento en tu declaraci\u00f3n de impuestos realizada por uno de nuestros socios. Simplemente elige de nuestra lista de expertos y ellos har\u00e1n el trabajo.\" \/>\n<meta name=\"robots\" content=\"index, follow, max-snippet:-1, max-image-preview:large, max-video-preview:-1\" \/>\n<link rel=\"canonical\" href=\"https:\/\/www.etoro.com\/es\/wp-json\/wp\/v2\/pages\/867151\" \/>\n<meta property=\"og:locale\" content=\"es_ES\" \/>\n<meta property=\"og:type\" content=\"article\" \/>\n<meta property=\"og:title\" content=\"Devoluci\u00f3n de impuestos para miembros del Club eToro\" \/>\n<meta property=\"og:description\" content=\"Obt\u00e9n un descuento en tu declaraci\u00f3n de impuestos realizada por uno de nuestros socios. Simplemente elige de nuestra lista de expertos y ellos har\u00e1n el trabajo.\" \/>\n<meta property=\"og:url\" content=\"https:\/\/www.etoro.com\/es\/wp-json\/wp\/v2\/pages\/867151\" \/>\n<meta property=\"og:site_name\" content=\"eToro\" \/>\n<meta property=\"article:publisher\" content=\"https:\/\/www.facebook.com\/eToro\/\" \/>\n<meta property=\"article:modified_time\" content=\"2024-05-15T14:36:55+00:00\" \/>\n<meta property=\"og:image\" content=\"https:\/\/www.etoro.com\/wp-content\/uploads\/2024\/01\/Tax-services.jpg\" \/>\n\t<meta property=\"og:image:width\" content=\"1200\" \/>\n\t<meta property=\"og:image:height\" content=\"630\" \/>\n\t<meta property=\"og:image:type\" content=\"image\/jpeg\" \/>\n<meta name=\"twitter:card\" content=\"summary_large_image\" \/>\n<meta name=\"twitter:site\" content=\"@eToro\" \/>\n<meta name=\"twitter:label1\" content=\"Est. reading time\" \/>\n\t<meta name=\"twitter:data1\" content=\"3 minutes\" \/>\n<script type=\"application\/ld+json\" class=\"yoast-schema-graph\">{\"@context\":\"https:\/\/schema.org\",\"@graph\":[{\"@type\":\"WebPage\",\"@id\":\"https:\/\/www.etoro.com\/es\/about\/club\/tax-partners\/\",\"url\":\"https:\/\/www.etoro.com\/es\/about\/club\/tax-partners\/\",\"name\":\"Devoluci\u00f3n de impuestos para miembros del Club eToro\",\"isPartOf\":{\"@id\":\"https:\/\/www.etoro.com\/es\/#website\"},\"primaryImageOfPage\":{\"@id\":\"https:\/\/www.etoro.com\/es\/about\/club\/tax-partners\/#primaryimage\"},\"image\":{\"@id\":\"https:\/\/www.etoro.com\/es\/about\/club\/tax-partners\/#primaryimage\"},\"thumbnailUrl\":\"https:\/\/www.etoro.com\/wp-content\/uploads\/2024\/01\/Tax-services.jpg\",\"datePublished\":\"2024-01-05T12:43:27+00:00\",\"dateModified\":\"2024-05-15T14:36:55+00:00\",\"description\":\"Obt\u00e9n un descuento en tu declaraci\u00f3n de impuestos realizada por uno de nuestros socios. Simplemente elige de nuestra lista de expertos y ellos har\u00e1n el trabajo.\",\"breadcrumb\":{\"@id\":\"https:\/\/www.etoro.com\/es\/about\/club\/tax-partners\/#breadcrumb\"},\"inLanguage\":\"es\",\"potentialAction\":[{\"@type\":\"ReadAction\",\"target\":[\"https:\/\/www.etoro.com\/es\/about\/club\/tax-partners\/\"]}]},{\"@type\":\"ImageObject\",\"inLanguage\":\"es\",\"@id\":\"https:\/\/www.etoro.com\/es\/about\/club\/tax-partners\/#primaryimage\",\"url\":\"https:\/\/www.etoro.com\/wp-content\/uploads\/2024\/01\/Tax-services.jpg\",\"contentUrl\":\"https:\/\/www.etoro.com\/wp-content\/uploads\/2024\/01\/Tax-services.jpg\",\"width\":1200,\"height\":630,\"caption\":\"Tax services\"},{\"@type\":\"BreadcrumbList\",\"@id\":\"https:\/\/www.etoro.com\/es\/about\/club\/tax-partners\/#breadcrumb\",\"itemListElement\":[{\"@type\":\"ListItem\",\"position\":1,\"name\":\"Inicio\",\"item\":\"https:\/\/www.etoro.com\/es\/\"},{\"@type\":\"ListItem\",\"position\":2,\"name\":\"Acerca\",\"item\":\"https:\/\/www.etoro.com\/es\/about\/\"},{\"@type\":\"ListItem\",\"position\":3,\"name\":\"El Club eToro\",\"item\":\"https:\/\/www.etoro.com\/es\/about\/club\/\"},{\"@type\":\"ListItem\",\"position\":4,\"name\":\"Tax Partners\"}]},{\"@type\":\"WebSite\",\"@id\":\"https:\/\/www.etoro.com\/es\/#website\",\"url\":\"https:\/\/www.etoro.com\/es\/\",\"name\":\"eToro\",\"description\":\"\",\"publisher\":{\"@id\":\"https:\/\/www.etoro.com\/es\/#organization\"},\"potentialAction\":[{\"@type\":\"SearchAction\",\"target\":{\"@type\":\"EntryPoint\",\"urlTemplate\":\"https:\/\/www.etoro.com\/es\/?s={search_term_string}\"},\"query-input\":{\"@type\":\"PropertyValueSpecification\",\"valueRequired\":true,\"valueName\":\"search_term_string\"}}],\"inLanguage\":\"es\"},[]]}<\/script>","yoast_head_json":{"title":"Devoluci\u00f3n de impuestos para miembros del Club eToro","description":"Obt\u00e9n un descuento en tu declaraci\u00f3n de impuestos realizada por uno de nuestros socios. Simplemente elige de nuestra lista de expertos y ellos har\u00e1n el trabajo.","robots":{"index":"index","follow":"follow","max-snippet":"max-snippet:-1","max-image-preview":"max-image-preview:large","max-video-preview":"max-video-preview:-1"},"canonical":"https:\/\/www.etoro.com\/es\/wp-json\/wp\/v2\/pages\/867151","og_locale":"es_ES","og_type":"article","og_title":"Devoluci\u00f3n de impuestos para miembros del Club eToro","og_description":"Obt\u00e9n un descuento en tu declaraci\u00f3n de impuestos realizada por uno de nuestros socios. Simplemente elige de nuestra lista de expertos y ellos har\u00e1n el trabajo.","og_url":"https:\/\/www.etoro.com\/es\/wp-json\/wp\/v2\/pages\/867151","og_site_name":"eToro","article_publisher":"https:\/\/www.facebook.com\/eToro\/","article_modified_time":"2024-05-15T14:36:55+00:00","og_image":[{"width":1200,"height":630,"url":"https:\/\/www.etoro.com\/wp-content\/uploads\/2024\/01\/Tax-services.jpg","type":"image\/jpeg"}],"twitter_card":"summary_large_image","twitter_site":"@eToro","twitter_misc":{"Est. reading time":"3 minutes"},"schema":{"@context":"https:\/\/schema.org","@graph":[{"@type":"WebPage","@id":"https:\/\/www.etoro.com\/es\/about\/club\/tax-partners\/","url":"https:\/\/www.etoro.com\/es\/about\/club\/tax-partners\/","name":"Devoluci\u00f3n de impuestos para miembros del Club eToro","isPartOf":{"@id":"https:\/\/www.etoro.com\/es\/#website"},"primaryImageOfPage":{"@id":"https:\/\/www.etoro.com\/es\/about\/club\/tax-partners\/#primaryimage"},"image":{"@id":"https:\/\/www.etoro.com\/es\/about\/club\/tax-partners\/#primaryimage"},"thumbnailUrl":"https:\/\/www.etoro.com\/wp-content\/uploads\/2024\/01\/Tax-services.jpg","datePublished":"2024-01-05T12:43:27+00:00","dateModified":"2024-05-15T14:36:55+00:00","description":"Obt\u00e9n un descuento en tu declaraci\u00f3n de impuestos realizada por uno de nuestros socios. Simplemente elige de nuestra lista de expertos y ellos har\u00e1n el trabajo.","breadcrumb":{"@id":"https:\/\/www.etoro.com\/es\/about\/club\/tax-partners\/#breadcrumb"},"inLanguage":"es","potentialAction":[{"@type":"ReadAction","target":["https:\/\/www.etoro.com\/es\/about\/club\/tax-partners\/"]}]},{"@type":"ImageObject","inLanguage":"es","@id":"https:\/\/www.etoro.com\/es\/about\/club\/tax-partners\/#primaryimage","url":"https:\/\/www.etoro.com\/wp-content\/uploads\/2024\/01\/Tax-services.jpg","contentUrl":"https:\/\/www.etoro.com\/wp-content\/uploads\/2024\/01\/Tax-services.jpg","width":1200,"height":630,"caption":"Tax services"},{"@type":"BreadcrumbList","@id":"https:\/\/www.etoro.com\/es\/about\/club\/tax-partners\/#breadcrumb","itemListElement":[{"@type":"ListItem","position":1,"name":"Inicio","item":"https:\/\/www.etoro.com\/es\/"},{"@type":"ListItem","position":2,"name":"Acerca","item":"https:\/\/www.etoro.com\/es\/about\/"},{"@type":"ListItem","position":3,"name":"El Club eToro","item":"https:\/\/www.etoro.com\/es\/about\/club\/"},{"@type":"ListItem","position":4,"name":"Tax Partners"}]},{"@type":"WebSite","@id":"https:\/\/www.etoro.com\/es\/#website","url":"https:\/\/www.etoro.com\/es\/","name":"eToro","description":"","publisher":{"@id":"https:\/\/www.etoro.com\/es\/#organization"},"potentialAction":[{"@type":"SearchAction","target":{"@type":"EntryPoint","urlTemplate":"https:\/\/www.etoro.com\/es\/?s={search_term_string}"},"query-input":{"@type":"PropertyValueSpecification","valueRequired":true,"valueName":"search_term_string"}}],"inLanguage":"es"},[]]}},"_links":{"self":[{"href":"https:\/\/www.etoro.com\/es\/wp-json\/wp\/v2\/pages\/867151"}],"collection":[{"href":"https:\/\/www.etoro.com\/es\/wp-json\/wp\/v2\/pages"}],"about":[{"href":"https:\/\/www.etoro.com\/es\/wp-json\/wp\/v2\/types\/page"}],"author":[{"embeddable":true,"href":"https:\/\/www.etoro.com\/es\/wp-json\/wp\/v2\/users\/45"}],"replies":[{"embeddable":true,"href":"https:\/\/www.etoro.com\/es\/wp-json\/wp\/v2\/comments?post=867151"}],"version-history":[{"count":0,"href":"https:\/\/www.etoro.com\/es\/wp-json\/wp\/v2\/pages\/867151\/revisions"}],"up":[{"embeddable":true,"href":"https:\/\/www.etoro.com\/es\/wp-json\/wp\/v2\/pages\/547162"}],"wp:featuredmedia":[{"embeddable":true,"href":"https:\/\/www.etoro.com\/es\/wp-json\/wp\/v2\/media\/836460"}],"wp:attachment":[{"href":"https:\/\/www.etoro.com\/es\/wp-json\/wp\/v2\/media?parent=867151"}],"wp:term":[{"taxonomy":"asset_type","embeddable":true,"href":"https:\/\/www.etoro.com\/es\/wp-json\/wp\/v2\/asset_type?post=867151"}],"curies":[{"name":"wp","href":"https:\/\/api.w.org\/{rel}","templated":true}]}}