{"id":927695,"date":"2024-08-27T18:24:28","date_gmt":"2024-08-27T15:24:28","guid":{"rendered":"https:\/\/www.etoro.com\/?page_id=927695"},"modified":"2025-10-30T15:21:21","modified_gmt":"2025-10-30T13:21:21","slug":"applying-macd-indicators","status":"publish","type":"page","link":"https:\/\/www.etoro.com\/es\/trading\/applying-macd-indicators\/","title":{"rendered":"Estrategias avanzadas con MACD"},"content":{"rendered":"\n<p class=\"is-style-summary\">Descubre c\u00f3mo usar el MACD de forma avanzada con ejemplos pr\u00e1cticos. Incluye este indicador en tu an\u00e1lisis t\u00e9cnico y haz que tu estrategia de <em>trading<\/em> sea m\u00e1s completa.<\/p>\n\n\n\n\n\n\n<hr class=\"wp-block-separator wp-block-separator-color-dark-grey wp-block-separator-spaces-medium wp-block-separator-weight-1\"\/>\n\n\n\n<p>El indicador de convergencia\/divergencia de media m\u00f3vil (MACD) es una herramienta de <a href=\"https:\/\/www.etoro.com\/es\/trading\/technical-analysis\/\">an\u00e1lisis t\u00e9cnico<\/a> para detectar oportunidades de entrada y salida en funci\u00f3n <strong>del impulso del mercado<\/strong> (tambi\u00e9n conocido como <em>momentum<\/em>). Este indicador puede servirte para detectar <strong>divergencias<\/strong>, las cuales se dan cuando el precio de un activo y el MACD se mueven en direcciones opuestas. Dichas divergencias pueden se\u00f1alar un cambio en la tendencia.<\/p>\n\n\n\n<figure class=\"wp-block-image size-full\"><img loading=\"lazy\" decoding=\"async\" width=\"756\" height=\"400\" src=\"https:\/\/www.etoro.com\/wp-content\/uploads\/2024\/08\/Body-Image-1_-Understanding-MACD-Beyond-the-basics.png\" alt=\"\" class=\"wp-image-922670 wp-image-desktop\" srcset=\"https:\/\/www.etoro.com\/wp-content\/uploads\/2024\/08\/Body-Image-1_-Understanding-MACD-Beyond-the-basics.png 756w, https:\/\/www.etoro.com\/wp-content\/uploads\/2024\/08\/Body-Image-1_-Understanding-MACD-Beyond-the-basics-300x159.png 300w\" sizes=\"(max-width: 756px) 100vw, 756px\" \/><\/figure>\n\n\n\n<h2 class=\"wp-block-heading\">Comprendiendo el MACD: m\u00e1s all\u00e1 de lo b\u00e1sico&nbsp;&nbsp;<\/h2>\n\n\n\n<p>No solo basta con que sepas qu\u00e9 es el <e-tip data-tooltip=\"Indicador de impulso que sigue la relaci\u00f3n entre dos medias m\u00f3viles de los precios de una acci\u00f3n.\">MACD<\/e-tip>. Si aprendes a ajustarlo adecuadamente, <strong>puedes mejorar tu estrategia de <em>trading<\/em>.<\/strong><\/p>\n\n\n\n<p><mark>Para empezar, <strong>cambia los periodos de las medias m\u00f3viles exponenciales (EMAs)<\/strong> para que se adapten mejor a tus an\u00e1lisis. Por ejemplo, si operas a corto plazo, puedes usar configuraciones con periodos m\u00e1s cortos para captar movimientos m\u00e1s r\u00e1pidos del mercado.<\/mark><\/p>\n\n\n\n<div class=\"wp-block-etoro-tip wp-block-etoro-tip-border-yellow\"><span class=\"wp-block-etoro-tip-icon\"><\/span><div class=\"wp-block-etoro-tip-text\">\n<p><strong>Consejo: <\/strong>El MACD detecta tendencias y mide el <em>momentum<\/em>, pero se necesitan otros indicadores para establecer la direccion de la tendencia.&nbsp;<\/p>\n<\/div><\/div>\n\n\n\n<h2 class=\"wp-block-heading\">C\u00f3mo usar el MACD para mejorar tu estrategia de <em>trading<\/em><\/h2>\n\n\n\n<p><strong>El <\/strong><a href=\"https:\/\/www.bancosantander.es\/glosario\/indicador-macd-o-moving-average-convergence-divergence\" target=\"_blank\" rel=\"noreferrer noopener\"><strong>MACD<\/strong><\/a><strong> es un indicador de impulso basado en medias m\u00f3viles.<\/strong> Si quieres aprovecharlo para mejorar tu estrategia, vale la pena que conozcas sus variables m\u00e1s importantes:<\/p>\n\n\n\n<ul class=\"wp-block-list wp-block-list wp-block-list-circle\">\n<li><strong>L\u00ednea de se\u00f1al:<\/strong> se trata de una EMA corta (9 periodos) de la l\u00ednea MACD. La l\u00ednea se\u00f1al brinda se\u00f1ales de compra y venta. Cuando la l\u00ednea de se\u00f1al cruza la l\u00ednea MACD desde abajo hacia arriba, es una se\u00f1al de compra. En caso contrario, es una se\u00f1al de venta.<\/li>\n\n\n\n<li><strong>Histograma:<\/strong> es un gr\u00e1fico que ilustra la diferencia entre la l\u00ednea MACD y la l\u00ednea de se\u00f1al. Un histograma por encima de cero indica una tendencia alcista.<\/li>\n\n\n\n<li><strong>Cruces del MACD:<\/strong> estos suceden cuando la l\u00ednea de se\u00f1al cruza la l\u00ednea MACD. Dependiendo de la direcci\u00f3n del cruce, pueden sugerir cambios en la tendencia del precio.<\/li>\n\n\n\n<li><strong>Divergencias del MACD:<\/strong> esto ocurre cuando el precio y el indicador MACD muestran comportamientos opuestos. Por ejemplo, si el precio est\u00e1 alcanzando nuevos m\u00e1ximos, pero el histograma del MACD est\u00e1 debajo de cero y la l\u00ednea de se\u00f1al da se\u00f1ales de venta, se tratar\u00eda de una divergencia bajista.<\/li>\n<\/ul>\n\n\n\n<div class=\"wp-block-etoro-tip wp-block-etoro-tip-border-yellow\"><span class=\"wp-block-etoro-tip-icon\"><\/span><div class=\"wp-block-etoro-tip-text\">\n<p><strong>Consejo:<\/strong> el MACD resta una media m\u00f3vil de plazo largo de una de plazo corto, lo que crea un <a href=\"https:\/\/www.etoro.com\/es\/trading\/exploring-oscillators\/\">oscilador<\/a>.<\/p>\n<\/div><\/div>\n\n\n\n<p>Todas estas variables son cruciales, por lo que entender c\u00f3mo funciona cada una de ellas resulta clave para tomar decisiones m\u00e1s informadas a la hora de operar en el mercado.<\/p>\n\n\n\n<h2 class=\"wp-block-heading\">C\u00f3mo integrar el MACD con otros indicadores t\u00e9cnicos<\/h2>\n\n\n\n<p>Es importante integrar el MACD con otros indicadores para crear una estrategia de <em>trading <\/em>completa, en lugar de usarlo como una herramienta independiente. Como indicador de momento, el MACD se beneficia de indicadores complementarios que delinean la direcci\u00f3n de las tendencias o marcan puntos donde las tendencias han terminado.&nbsp;<\/p>\n\n\n\n<p>Estos incluyen l\u00edneas de tendencia, niveles de <a href=\"https:\/\/www.etoro.com\/es\/trading\/mastering-support-and-resistance\/\">soporte y resistencia<\/a>, y otras t\u00e9cnicas de gr\u00e1ficos. El MACD, al ser un medidor del impulso, es a\u00fan m\u00e1s efectivo cuando se usa junto a <a href=\"https:\/\/www.etoro.com\/es\/trading\/technical-indicators\/\">indicadores t\u00e9cnicos<\/a> que ayudan a definir <strong>la direcci\u00f3n de las tendencias y los posibles puntos de cambio:<\/strong>&nbsp;<\/p>\n\n\n\n<ul class=\"wp-block-list wp-block-list wp-block-list-circle\">\n<li><strong>L\u00edneas de tendencia y niveles de soporte y resistencia: <\/strong>al identificar estas l\u00edneas en un gr\u00e1fico, puedes emparejarlas con el MACD para confirmar a\u00fan m\u00e1s la direcci\u00f3n de una tendencia.&nbsp;<\/li>\n\n\n\n<li><strong><e-tip data-tooltip=\"Indicador de impulso que mide el cambio y la velocidad de los movimientos de precios.\">\u00cdndice de fuerza relativa (RSI)<\/e-tip>:<\/strong> el <a href=\"https:\/\/www.etoro.com\/es\/trading\/technical-indicators\/\">RSI<\/a> eval\u00faa si un activo est\u00e1 sobrecomprado o sobrevendido. Al combinarlo con el MACD, puedes darle mayor validez a las se\u00f1ales de compra o venta.&nbsp;<\/li>\n\n\n\n<li><a href=\"https:\/\/www.etoro.com\/es\/news-and-analysis\/trading\/a-guide-to-popular-technical-analysis-tools\/\"><strong>Bandas de Bollinger<\/strong><\/a><strong>:<\/strong> estas bandas te muestran posibles puntos de reversi\u00f3n de <e-tip data-tooltip=\"La direcci\u00f3n general de un mercado o el precio de un activo.\">tendencias<\/e-tip>. Al usar junto al MACD, puedes ver si el impulso medido se ajusta al comportamiento de las bandas.<\/li>\n<\/ul>\n\n\n\n<figure class=\"wp-block-image size-full\"><img loading=\"lazy\" decoding=\"async\" width=\"756\" height=\"400\" src=\"https:\/\/www.etoro.com\/wp-content\/uploads\/2024\/08\/Body-Image-2_-Using-MACD-in-real-world-trading-scenarios.png\" alt=\"\" class=\"wp-image-922649 wp-image-desktop\" srcset=\"https:\/\/www.etoro.com\/wp-content\/uploads\/2024\/08\/Body-Image-2_-Using-MACD-in-real-world-trading-scenarios.png 756w, https:\/\/www.etoro.com\/wp-content\/uploads\/2024\/08\/Body-Image-2_-Using-MACD-in-real-world-trading-scenarios-300x159.png 300w\" sizes=\"(max-width: 756px) 100vw, 756px\" \/><\/figure>\n\n\n\n<h2 class=\"wp-block-heading\">Aplicaci\u00f3n pr\u00e1ctica del MACD en escenarios reales<\/h2>\n\n\n\n<p><strong>Los cruces y las reversiones del MACD <\/strong>pueden ser elementos clave para analizar cu\u00e1ndo una tendencia puede estar por terminar o cambiar de direcci\u00f3n. Para dar un ejemplo, veamos el siguiente gr\u00e1fico del <a href=\"https:\/\/www.etoro.com\/es\/markets\/spx500\">S&amp;P 500<\/a>. Notar\u00e1s que el precio est\u00e1 alcanzando un nuevo m\u00e1ximo, pero el MACD genera un m\u00e1ximo m\u00e1s bajo. <strong>Esto es una divergencia.<\/strong><\/p>\n\n\n\n<p>Tal divergencia sugiere que el impulso del precio est\u00e1 disminuyendo, <strong>lo que puede anticipar debilidad y un potencial cambio de tendencia a la baja. <\/strong>Esto se podr\u00eda traducir a una oportunidad para la apertura de posiciones cortas, por ejemplo.<\/p>\n\n\n\n<figure class=\"wp-block-image size-large\"><a href=\"https:\/\/www.etoro.com\/es\/markets\/spx500\/chart\"><img loading=\"lazy\" decoding=\"async\" width=\"1024\" height=\"500\" src=\"https:\/\/www.etoro.com\/wp-content\/uploads\/2024\/09\/ES-Graph-1-3-1-1024x500.png\" alt=\"\" class=\"wp-image-927791 wp-image-desktop\" srcset=\"https:\/\/www.etoro.com\/wp-content\/uploads\/2024\/09\/ES-Graph-1-3-1-1024x500.png 1024w, https:\/\/www.etoro.com\/wp-content\/uploads\/2024\/09\/ES-Graph-1-3-1-300x147.png 300w, https:\/\/www.etoro.com\/wp-content\/uploads\/2024\/09\/ES-Graph-1-3-1-768x375.png 768w, https:\/\/www.etoro.com\/wp-content\/uploads\/2024\/09\/ES-Graph-1-3-1-1536x750.png 1536w, https:\/\/www.etoro.com\/wp-content\/uploads\/2024\/09\/ES-Graph-1-3-1-2048x1000.png 2048w\" sizes=\"(max-width: 1024px) 100vw, 1024px\" \/><\/a><\/figure>\n\n\n\n<p class=\"is-style-disclaimer\"><em>El rendimiento pasado no garantiza resultados futuros.&nbsp; <\/em><\/p>\n\n\n\n<p>Fuente: <a href=\"https:\/\/www.etoro.com\/es\/markets\/spx500\/chart\">eToro<\/a><\/p>\n\n\n\n<h2 class=\"wp-block-heading\">\u00bfPor qu\u00e9 es importante personalizar el MACD para diferentes mercados?<\/h2>\n\n\n\n<p>Modificar el indicador MACD a tus necesidades <strong>puede ser necesario para crear una <\/strong><a href=\"https:\/\/www.etoro.com\/es\/trading\/trading-strategies\/\"><strong>estrategia de <\/strong><strong><em>trading<\/em><\/strong><\/a><strong> que se adapte mejor a tus objetivos.&nbsp;<\/strong><\/p>\n\n\n\n<div class=\"wp-block-etoro-tip wp-block-etoro-tip-border-yellow\"><span class=\"wp-block-etoro-tip-icon\"><\/span><div class=\"wp-block-etoro-tip-text\">\n<p><strong>Consejo:<\/strong> Existen muchas variantes del indicador MACD b\u00e1sico , de las cuales cada una de ellas ofrece una visi\u00f3n diferente de las condiciones del mercado.<\/p>\n<\/div><\/div>\n\n\n\n<p>Por ejemplo, si prefieres operar en marcos temporales cortos, <strong>puedes configurar el MACD con medias m\u00f3viles m\u00e1s cortas.<\/strong> Esto te permitir\u00e1 capturar movimientos m\u00e1s r\u00e1pidos y precisar tus entradas y salidas con base en se\u00f1ales m\u00e1s inmediatas. Por otro lado, si tu estrategia es m\u00e1s de largo plazo, <strong>puedes establecer medias m\u00f3viles m\u00e1s largas.<\/strong> Esto te ayudar\u00e1 a suavizar el ruido del mercado y enfocarte en las tendencias predominantes.<\/p>\n\n\n\n<figure class=\"wp-block-image size-full\"><img loading=\"lazy\" decoding=\"async\" width=\"756\" height=\"400\" src=\"https:\/\/www.etoro.com\/wp-content\/uploads\/2024\/08\/Body-Image-3_-Final-thoughts-1-1.png\" alt=\"\" class=\"wp-image-922607 wp-image-desktop\" srcset=\"https:\/\/www.etoro.com\/wp-content\/uploads\/2024\/08\/Body-Image-3_-Final-thoughts-1-1.png 756w, https:\/\/www.etoro.com\/wp-content\/uploads\/2024\/08\/Body-Image-3_-Final-thoughts-1-1-300x159.png 300w\" sizes=\"(max-width: 756px) 100vw, 756px\" \/><\/figure>\n\n\n\n<h2 class=\"wp-block-heading\">Reflexiones finales<\/h2>\n\n\n\n<p>Aunque las f\u00f3rmulas detr\u00e1s del MACD puedan parecer complicadas al principio, no debes olvidar que se trata de un <strong>indicador basado en medias m\u00f3viles<\/strong>. Estas medias pueden ayudarte a determinar el impulso y la direcci\u00f3n del mercado. Con este indicador, tambi\u00e9n puedes tener un vistazo de la situaci\u00f3n actual del mercado, y tener se\u00f1ales de puntos de compra y venta m\u00e1s precisos.<\/p>\n\n\n\n<p><strong>Aprende m\u00e1s sobre el indicador MACD<\/strong> con la <a href=\"https:\/\/www.etoro.com\/es\/academy\/\">Academia de eToro<\/a>.<\/p>\n\n\n\n<h2 class=\"wp-block-heading\">Cuestionario<\/h2>\n\n\n\n<div class=\"wp-block-etoro-quizzes\">\n<div class=\"wp-block-etoro-quiz\" data-answer=\"2\"><div class=\"wp-block-etoro-quiz-body\"><div class=\"wp-block-etoro-quiz-question\">\u00bfQu\u00e9 hace un el histograma del MACD?<\/div>\n<div class=\"wp-block-etoro-quiz-item\">Multiplica el valor de la l\u00ednea de se\u00f1al por cinco.<\/div>\n\n\n\n<div class=\"wp-block-etoro-quiz-item\">Muestra los datos semanales del movimiento de precio.<\/div>\n\n\n\n<div class=\"wp-block-etoro-quiz-item\">Es la diferencia entre la l\u00ednea de se\u00f1al y la l\u00ednea MACD.<\/div>\n\n\n\n<div class=\"wp-block-etoro-quiz-item\">Muestra d\u00f3nde la l\u00ednea MACD cruzar\u00e1 la l\u00ednea de se\u00f1al.<\/div>\n<\/div><div class=\"wp-block-etoro-quiz-result\">\u00a0<\/div><\/div>\n<\/div>\n\n\n\n\n\n<h2 class=\"wp-block-heading\">Preguntas frecuentes<\/h2>\n\n\n\n<dl class=\"wp-block-etoro-faq\">\n<div class=\"wp-block-etoro-faq-item\"><dt class=\"wp-block-etoro-faq-item-question\">\u00bfC\u00f3mo puedo diferenciar entre se\u00f1ales falsas y genuinas del MACD en mercados complejos?&nbsp;<\/dt><dd class=\"wp-block-etoro-faq-item-answer\">\n<p>Para diferenciar entre <a href=\"https:\/\/es.linkedin.com\/advice\/3\/how-can-you-spot-false-signals-when-trading?lang=es\" target=\"_blank\" rel=\"noreferrer noopener\">se\u00f1ales falsas<\/a> y genuinas del MACD en entornos de mercado complejos, busca confirmaci\u00f3n adicional en el comportamiento del precio. Por ejemplo, puedes esperar a que el precio rompa una l\u00ednea de tendencia clave, lo que significar\u00eda el comienzo de una nueva tendencia.<\/p>\n<\/dd><\/div>\n\n\n\n<div class=\"wp-block-etoro-faq-item\"><dt class=\"wp-block-etoro-faq-item-question\">\u00bfCu\u00e1l es la mejor manera de configurar el MACD en mercados vol\u00e1tiles y estables?<\/dt><dd class=\"wp-block-etoro-faq-item-answer\">\n<p>Cuando te enfrentas a <a href=\"https:\/\/www.etoro.com\/es\/stocks\/market-volatility\/\">mercados vol\u00e1tiles<\/a>, considera aumentar los periodos de las medias m\u00f3viles utilizadas en su c\u00e1lculo. As\u00ed disminuir\u00e1s las se\u00f1ales falsas.<\/p>\n<\/dd><\/div>\n\n\n\n<div class=\"wp-block-etoro-faq-item\"><dt class=\"wp-block-etoro-faq-item-question\">\u00bfC\u00f3mo puedo usar el MACD para medir la fuerza de la tendencia o posibles puntos de reversi\u00f3n?<\/dt><dd class=\"wp-block-etoro-faq-item-answer\">\n<p>Observa la relaci\u00f3n entre la l\u00ednea MACD y la l\u00ednea de se\u00f1al. Si ves que estas dos l\u00edneas comienzan a separarse, esto indica que el <a href=\"https:\/\/www.etoro.com\/es\/investing\/momentum-trading-investing\/\">impulso<\/a> de la tendencia aumenta. Por el contrario, si las l\u00edneas comienzan a acercarse, refleja un debilitamiento del impulso.<\/p>\n<\/dd><\/div>\n<\/dl>\n\n\n\n\t\t<style>\n\t\t\t.rtl .etoro-block-shortcode-disclaimer {\n\t\t\t\ttext-align:right;\n\t\t\t}\n\t\t\t.etoro-block-shortcode-disclaimer {\n\t\t\t\tmargin-bottom:18px;\n\t\t\t\ttext-align:left;\n\t\t\t}\n\t\t\t.etoro-block-shortcode-disclaimer p{\n\t\t\t\tfont-size: 12px;\n\t\t\t\tline-height: 18px;\n\t\t\t}\n\t\t\t@media (min-width: 768px) {\n\t\t\t\t.etoro-block-shortcode-disclaimer {\n\t\t\t\t\tmax-width:1176px;\n\t\t\t\t\ttext-align:center;\n\t\t\t\t}\n\t\t\t\t.etoro-block-shortcode-disclaimer p {\n\t\t\t\t\tfont-size: 14px;\n\t\t\t\t\tline-height: 20px;\n\t\t\t\t}\n\t\t\t}\n\t\t<\/style>\n\t\t<div class='etoro-block-shortcode-disclaimer'><p>Esta informaci\u00f3n es \u00fanicamente para fines educativos y no debe interpretarse como un consejo de inversi\u00f3n, una recomendaci\u00f3n personalizada, una oferta o una solicitud para comprar o vender instrumentos financieros.<\/p>\n<p>Este material se ha preparado sin considerar objetivos de inversi\u00f3n o situaciones financieras particulares. Adem\u00e1s, no cumple con los requisitos legales y regulatorios que promueven la investigaci\u00f3n independiente.<\/p>\n<p><strong>No todos los servicios e instrumentos financieros mencionados est\u00e1n disponibles en eToro.<\/strong> Cualquier referencia al rendimiento pasado de un instrumento financiero, \u00edndice o producto de inversi\u00f3n consolidado no es, ni debe considerarse, un indicador fiable de resultados futuros. <strong>La disponibilidad de todos los productos y servicios mencionados puede variar seg\u00fan la jurisdicci\u00f3n y el pa\u00eds.<\/strong><\/p>\n<p>eToro no se responsabiliza ni asume ninguna obligaci\u00f3n por la precisi\u00f3n o integridad del contenido de esta gu\u00eda. Aseg\u00farate de comprender los riesgos asociados con la inversi\u00f3n antes de comprometer tu capital. Nunca arriesgues m\u00e1s de lo que puedas permitirte perder.<\/p>\n<\/div>\n","protected":false},"excerpt":{"rendered":"<p>Descubre c\u00f3mo usar el MACD de forma avanzada con ejemplos pr\u00e1cticos. Incluye este indicador en tu an\u00e1lisis t\u00e9cnico y haz que tu estrategia de trading sea m\u00e1s completa. El indicador de convergencia\/divergencia de media m\u00f3vil (MACD) es una herramienta de an\u00e1lisis t\u00e9cnico para detectar oportunidades de entrada y salida en funci\u00f3n del impulso del mercado&hellip;<\/p>\n","protected":false},"author":96,"featured_media":927697,"parent":18392,"menu_order":0,"comment_status":"closed","ping_status":"closed","template":"","meta":{"_acf_changed":true,"inline_featured_image":false,"sticky_cta_settings":"","footnotes":""},"asset_type":[],"class_list":["post-927695","page","type-page","status-publish","has-post-thumbnail","hentry"],"acf":[],"yoast_head":"<title>Estrategias avanzadas para usar el MACD en tu trading<\/title>\n<meta name=\"description\" content=\"Descubre c\u00f3mo usar el indicador MACD de forma avanzada. Profundiza tu an\u00e1lisis t\u00e9cnico e incluye t\u00e9cnicas sofisticadas en tu estrategia de trading.\" \/>\n<meta name=\"robots\" content=\"index, follow, max-snippet:-1, max-image-preview:large, max-video-preview:-1\" \/>\n<link rel=\"canonical\" href=\"https:\/\/www.etoro.com\/es\/wp-json\/wp\/v2\/pages\/927695\" \/>\n<meta property=\"og:locale\" content=\"es_ES\" \/>\n<meta property=\"og:type\" content=\"article\" \/>\n<meta property=\"og:title\" content=\"Estrategias avanzadas para usar el MACD en tu trading\" \/>\n<meta property=\"og:description\" content=\"Descubre c\u00f3mo usar el indicador MACD de forma avanzada. Profundiza tu an\u00e1lisis t\u00e9cnico e incluye t\u00e9cnicas sofisticadas en tu estrategia de trading.\" \/>\n<meta property=\"og:url\" content=\"https:\/\/www.etoro.com\/es\/wp-json\/wp\/v2\/pages\/927695\" \/>\n<meta property=\"og:site_name\" content=\"eToro\" \/>\n<meta property=\"article:publisher\" content=\"https:\/\/www.facebook.com\/eToro\/\" \/>\n<meta property=\"article:modified_time\" content=\"2025-10-30T13:21:21+00:00\" \/>\n<meta property=\"og:image\" content=\"https:\/\/www.etoro.com\/wp-content\/uploads\/2024\/09\/ES-Applying-MACD-Indicators__1200x630.png\" \/>\n\t<meta property=\"og:image:width\" content=\"1200\" \/>\n\t<meta property=\"og:image:height\" content=\"630\" \/>\n\t<meta property=\"og:image:type\" content=\"image\/png\" \/>\n<meta name=\"twitter:card\" content=\"summary_large_image\" \/>\n<meta name=\"twitter:site\" content=\"@eToro\" \/>\n<meta name=\"twitter:label1\" content=\"Est. reading time\" \/>\n\t<meta name=\"twitter:data1\" content=\"6 minutes\" \/>\n<script type=\"application\/ld+json\" class=\"yoast-schema-graph\">{\"@context\":\"https:\/\/schema.org\",\"@graph\":[{\"@type\":\"WebPage\",\"@id\":\"https:\/\/www.etoro.com\/es\/trading\/applying-macd-indicators\/\",\"url\":\"https:\/\/www.etoro.com\/es\/trading\/applying-macd-indicators\/\",\"name\":\"Estrategias avanzadas para usar el MACD en tu trading\",\"isPartOf\":{\"@id\":\"https:\/\/www.etoro.com\/es\/#website\"},\"primaryImageOfPage\":{\"@id\":\"https:\/\/www.etoro.com\/es\/trading\/applying-macd-indicators\/#primaryimage\"},\"image\":{\"@id\":\"https:\/\/www.etoro.com\/es\/trading\/applying-macd-indicators\/#primaryimage\"},\"thumbnailUrl\":\"https:\/\/www.etoro.com\/wp-content\/uploads\/2024\/09\/ES-Applying-MACD-Indicators__1200x630.png\",\"datePublished\":\"2024-08-27T15:24:28+00:00\",\"dateModified\":\"2025-10-30T13:21:21+00:00\",\"description\":\"Descubre c\u00f3mo usar el indicador MACD de forma avanzada. Profundiza tu an\u00e1lisis t\u00e9cnico e incluye t\u00e9cnicas sofisticadas en tu estrategia de trading.\",\"breadcrumb\":{\"@id\":\"https:\/\/www.etoro.com\/es\/trading\/applying-macd-indicators\/#breadcrumb\"},\"inLanguage\":\"es\",\"potentialAction\":[{\"@type\":\"ReadAction\",\"target\":[\"https:\/\/www.etoro.com\/es\/trading\/applying-macd-indicators\/\"]}]},{\"@type\":\"ImageObject\",\"inLanguage\":\"es\",\"@id\":\"https:\/\/www.etoro.com\/es\/trading\/applying-macd-indicators\/#primaryimage\",\"url\":\"https:\/\/www.etoro.com\/wp-content\/uploads\/2024\/09\/ES-Applying-MACD-Indicators__1200x630.png\",\"contentUrl\":\"https:\/\/www.etoro.com\/wp-content\/uploads\/2024\/09\/ES-Applying-MACD-Indicators__1200x630.png\",\"width\":1200,\"height\":630},{\"@type\":\"BreadcrumbList\",\"@id\":\"https:\/\/www.etoro.com\/es\/trading\/applying-macd-indicators\/#breadcrumb\",\"itemListElement\":[{\"@type\":\"ListItem\",\"position\":1,\"name\":\"Inicio\",\"item\":\"https:\/\/www.etoro.com\/es\/\"},{\"@type\":\"ListItem\",\"position\":2,\"name\":\"Trading\",\"item\":\"https:\/\/www.etoro.com\/es\/trading\/\"},{\"@type\":\"ListItem\",\"position\":3,\"name\":\"Estrategias avanzadas con MACD\"}]},{\"@type\":\"WebSite\",\"@id\":\"https:\/\/www.etoro.com\/es\/#website\",\"url\":\"https:\/\/www.etoro.com\/es\/\",\"name\":\"eToro\",\"description\":\"\",\"publisher\":{\"@id\":\"https:\/\/www.etoro.com\/es\/#organization\"},\"potentialAction\":[{\"@type\":\"SearchAction\",\"target\":{\"@type\":\"EntryPoint\",\"urlTemplate\":\"https:\/\/www.etoro.com\/es\/?s={search_term_string}\"},\"query-input\":{\"@type\":\"PropertyValueSpecification\",\"valueRequired\":true,\"valueName\":\"search_term_string\"}}],\"inLanguage\":\"es\"},[]]}<\/script>","yoast_head_json":{"title":"Estrategias avanzadas para usar el MACD en tu trading","description":"Descubre c\u00f3mo usar el indicador MACD de forma avanzada. Profundiza tu an\u00e1lisis t\u00e9cnico e incluye t\u00e9cnicas sofisticadas en tu estrategia de trading.","robots":{"index":"index","follow":"follow","max-snippet":"max-snippet:-1","max-image-preview":"max-image-preview:large","max-video-preview":"max-video-preview:-1"},"canonical":"https:\/\/www.etoro.com\/es\/wp-json\/wp\/v2\/pages\/927695","og_locale":"es_ES","og_type":"article","og_title":"Estrategias avanzadas para usar el MACD en tu trading","og_description":"Descubre c\u00f3mo usar el indicador MACD de forma avanzada. Profundiza tu an\u00e1lisis t\u00e9cnico e incluye t\u00e9cnicas sofisticadas en tu estrategia de trading.","og_url":"https:\/\/www.etoro.com\/es\/wp-json\/wp\/v2\/pages\/927695","og_site_name":"eToro","article_publisher":"https:\/\/www.facebook.com\/eToro\/","article_modified_time":"2025-10-30T13:21:21+00:00","og_image":[{"width":1200,"height":630,"url":"https:\/\/www.etoro.com\/wp-content\/uploads\/2024\/09\/ES-Applying-MACD-Indicators__1200x630.png","type":"image\/png"}],"twitter_card":"summary_large_image","twitter_site":"@eToro","twitter_misc":{"Est. reading time":"6 minutes"},"schema":{"@context":"https:\/\/schema.org","@graph":[{"@type":"WebPage","@id":"https:\/\/www.etoro.com\/es\/trading\/applying-macd-indicators\/","url":"https:\/\/www.etoro.com\/es\/trading\/applying-macd-indicators\/","name":"Estrategias avanzadas para usar el MACD en tu trading","isPartOf":{"@id":"https:\/\/www.etoro.com\/es\/#website"},"primaryImageOfPage":{"@id":"https:\/\/www.etoro.com\/es\/trading\/applying-macd-indicators\/#primaryimage"},"image":{"@id":"https:\/\/www.etoro.com\/es\/trading\/applying-macd-indicators\/#primaryimage"},"thumbnailUrl":"https:\/\/www.etoro.com\/wp-content\/uploads\/2024\/09\/ES-Applying-MACD-Indicators__1200x630.png","datePublished":"2024-08-27T15:24:28+00:00","dateModified":"2025-10-30T13:21:21+00:00","description":"Descubre c\u00f3mo usar el indicador MACD de forma avanzada. Profundiza tu an\u00e1lisis t\u00e9cnico e incluye t\u00e9cnicas sofisticadas en tu estrategia de trading.","breadcrumb":{"@id":"https:\/\/www.etoro.com\/es\/trading\/applying-macd-indicators\/#breadcrumb"},"inLanguage":"es","potentialAction":[{"@type":"ReadAction","target":["https:\/\/www.etoro.com\/es\/trading\/applying-macd-indicators\/"]}]},{"@type":"ImageObject","inLanguage":"es","@id":"https:\/\/www.etoro.com\/es\/trading\/applying-macd-indicators\/#primaryimage","url":"https:\/\/www.etoro.com\/wp-content\/uploads\/2024\/09\/ES-Applying-MACD-Indicators__1200x630.png","contentUrl":"https:\/\/www.etoro.com\/wp-content\/uploads\/2024\/09\/ES-Applying-MACD-Indicators__1200x630.png","width":1200,"height":630},{"@type":"BreadcrumbList","@id":"https:\/\/www.etoro.com\/es\/trading\/applying-macd-indicators\/#breadcrumb","itemListElement":[{"@type":"ListItem","position":1,"name":"Inicio","item":"https:\/\/www.etoro.com\/es\/"},{"@type":"ListItem","position":2,"name":"Trading","item":"https:\/\/www.etoro.com\/es\/trading\/"},{"@type":"ListItem","position":3,"name":"Estrategias avanzadas con MACD"}]},{"@type":"WebSite","@id":"https:\/\/www.etoro.com\/es\/#website","url":"https:\/\/www.etoro.com\/es\/","name":"eToro","description":"","publisher":{"@id":"https:\/\/www.etoro.com\/es\/#organization"},"potentialAction":[{"@type":"SearchAction","target":{"@type":"EntryPoint","urlTemplate":"https:\/\/www.etoro.com\/es\/?s={search_term_string}"},"query-input":{"@type":"PropertyValueSpecification","valueRequired":true,"valueName":"search_term_string"}}],"inLanguage":"es"},[]]}},"_links":{"self":[{"href":"https:\/\/www.etoro.com\/es\/wp-json\/wp\/v2\/pages\/927695"}],"collection":[{"href":"https:\/\/www.etoro.com\/es\/wp-json\/wp\/v2\/pages"}],"about":[{"href":"https:\/\/www.etoro.com\/es\/wp-json\/wp\/v2\/types\/page"}],"author":[{"embeddable":true,"href":"https:\/\/www.etoro.com\/es\/wp-json\/wp\/v2\/users\/96"}],"replies":[{"embeddable":true,"href":"https:\/\/www.etoro.com\/es\/wp-json\/wp\/v2\/comments?post=927695"}],"version-history":[{"count":0,"href":"https:\/\/www.etoro.com\/es\/wp-json\/wp\/v2\/pages\/927695\/revisions"}],"up":[{"embeddable":true,"href":"https:\/\/www.etoro.com\/es\/wp-json\/wp\/v2\/pages\/18392"}],"wp:featuredmedia":[{"embeddable":true,"href":"https:\/\/www.etoro.com\/es\/wp-json\/wp\/v2\/media\/927697"}],"wp:attachment":[{"href":"https:\/\/www.etoro.com\/es\/wp-json\/wp\/v2\/media?parent=927695"}],"wp:term":[{"taxonomy":"asset_type","embeddable":true,"href":"https:\/\/www.etoro.com\/es\/wp-json\/wp\/v2\/asset_type?post=927695"}],"curies":[{"name":"wp","href":"https:\/\/api.w.org\/{rel}","templated":true}]}}