{"id":9317,"date":"2017-11-14T09:35:22","date_gmt":"2017-11-14T07:35:22","guid":{"rendered":"\/etoro\/how-it-works\/"},"modified":"2025-12-01T16:44:45","modified_gmt":"2025-12-01T14:44:45","slug":"how-it-works","status":"publish","type":"page","link":"https:\/\/www.etoro.com\/es\/copytrader\/how-it-works\/","title":{"rendered":"Explicaci\u00f3n de los sistemas de copia de eToro"},"content":{"rendered":"\n<section class=\"wp-block-group wp-block-group-boxed has-white-background-color has-background\"><div class=\"wp-block-group-inner is-layout-flow wp-block-group-is-layout-flow\">\n<div class=\"wp-block-columns are-vertically-aligned-top wp-block-columns-1 is-layout-flex wp-container-core-columns-is-layout-2 wp-block-columns-is-layout-flex\">\n<div class=\"wp-block-column is-layout-flow wp-block-column-is-layout-flow\">\n<p>La plataforma de eToro destaca por sus funciones de trading social, que ofrecen formas innovadoras de invertir aprendiendo de los dem\u00e1s. Descubra c\u00f3mo <strong>CopyTrader\u2122<\/strong> puede ayudarle a explorar nuevas estrategias y ampliar su potencial de inversi\u00f3n.<\/p>\n\n\n\n<h2 class=\"wp-block-heading\">Conceptos b\u00e1sicos del Copy Trading<\/h2>\n\n\n\n<p>El concepto es simple: elija un inversor, el importe de su inversi\u00f3n y pulse \u00abCopiar\u00bb. Sin embargo, en esta p\u00e1gina se explica el sistema con m\u00e1s detalle.&nbsp;<\/p>\n\n\n\n<p><strong>T\u00e9rminos clave que debe saber:<\/strong><\/p>\n\n\n\n<ul class=\"wp-block-list wp-block-list wp-block-list-circle\">\n<li><strong>Copiar<\/strong>: la acci\u00f3n de copiar a otro inversor en eToro<\/li>\n\n\n\n<li><strong>Copiador<\/strong>: el usuario que est\u00e1 haciendo la copia\u00a0<\/li>\n<\/ul>\n\n\n\n<p><strong>Inversor copiado<\/strong>: el usuario copiado, tambi\u00e9n conocido como Popular Investor. <strong>Solo se pueden copiar Popular Investors.<\/strong><\/p>\n\n\n\n<div class=\"wp-block-columns are-vertically-aligned-top wp-block-columns-4 is-layout-flex wp-container-core-columns-is-layout-1 wp-block-columns-is-layout-flex\">\n<div class=\"wp-block-column wp-block-column-align-desktop-center wp-block-column-align-mobile-center is-layout-flow wp-block-column-is-layout-flow\">\n<p><strong>U$S200<\/strong><\/p>\n\n\n\n<p>Inversi\u00f3n m\u00ednima por inversor<\/p>\n<\/div>\n\n\n\n<div class=\"wp-block-column wp-block-column-align-desktop-center wp-block-column-align-mobile-center is-layout-flow wp-block-column-is-layout-flow\">\n<p><strong>U$S1<\/strong><\/p>\n\n\n\n<p>Importe m\u00ednimo por posici\u00f3n de copia<\/p>\n<\/div>\n\n\n\n<div class=\"wp-block-column wp-block-column-align-desktop-center wp-block-column-align-mobile-center is-layout-flow wp-block-column-is-layout-flow\">\n<p><strong>U$S2.000.000<\/strong><\/p>\n\n\n\n<p>Inversi\u00f3n m\u00e1xima por inversor<\/p>\n<\/div>\n\n\n\n<div class=\"wp-block-column wp-block-column-align-desktop-center wp-block-column-align-mobile-center is-layout-flow wp-block-column-is-layout-flow\">\n<p><strong>100<\/strong><\/p>\n\n\n\n<p>N\u00famero m\u00e1ximo de inversores que puede copiar<\/p>\n<\/div>\n<\/div>\n\n\n\n<h2 class=\"wp-block-heading\">Iniciar una nueva copia<\/h2>\n\n\n\n<p>Cuando inicie una nueva copia, su posici\u00f3n coincidir\u00e1 con la asignaci\u00f3n actual del portafolio del inversor copiado, lo que garantiza que ambas coincidan. Los portafolios copiados replican asignaciones porcentuales exactas de todo el capital del inversor copiado, incluidas las tenencias de activos, el efectivo no asignado y las ganancias y p\u00e9rdidas no realizadas.<\/p>\n\n\n\n<ul class=\"wp-block-list wp-block-list wp-block-list-circle\">\n<li>Desde el momento en que comience a copiar, su inversi\u00f3n reflejar\u00e1 las posiciones actuales y las acciones futuras del inversor copiado \u2013 incluidos los cambios en Stop Loss (SL), Take Profit (TP) y cierres de operaciones. Si el inversor copiado ampl\u00eda un SL a\u00f1adiendo fondos a una posici\u00f3n, su SL tambi\u00e9n se actualizar\u00e1, pero el importe invertido no variar\u00e1.<\/li>\n\n\n\n<li>Para ver todas las operaciones copiadas de un \u00fanico inversor, vaya a su portafolio y haga clic en el nombre del Popular Investor.\u00a0<\/li>\n\n\n\n<li>Puede cerrar una operaci\u00f3n copiada espec\u00edfica sin cerrar toda la posici\u00f3n copiada.<\/li>\n\n\n\n<li>Si el inversor copiado abre una posici\u00f3n mientras el mercado est\u00e1 cerrado (por ejemplo, durante una pausa del mercado), se colocar\u00e1 una orden de mercado por usted y se ejecutar\u00e1 al primer precio de mercado disponible una vez que el mercado vuelva a abrir.<\/li>\n\n\n\n<li>Puede optar por dejar de copiar en cualquier momento<\/li>\n<\/ul>\n\n\n\n<p>Tenga en cuenta: todas las operaciones incluidas en la copia se abrir\u00e1n en su cuenta simult\u00e1neamente. Es posible que vea inicialmente una ligera p\u00e9rdida, que refleja el diferencial entre las tasas de Compra y Venta. Esto proporciona una representaci\u00f3n en tiempo real de la cantidad que recibir\u00eda si cerrara la operaci\u00f3n de inmediato.&nbsp;<\/p>\n\n\n\n<p>Las nuevas operaciones se abren en funci\u00f3n del capital realizado (su saldo m\u00e1s los fondos invertidos). Por ejemplo, si el inversor copiado abre una operaci\u00f3n utilizando el 10% de su capital realizado, su copia abrir\u00e1 la misma operaci\u00f3n utilizando el 10% de su capital realizado.<\/p>\n\n\n\n<h2 class=\"wp-block-heading\">La sincronizaci\u00f3n se mantiene autom\u00e1ticamente<\/h2>\n\n\n\n<p>La reasignaci\u00f3n autom\u00e1tica ayuda a que su inversi\u00f3n se mantenga ajustada al portafolio del inversor al que est\u00e1 copiando. Cuando el Popular Investor que est\u00e1 copiando realiza cambios, su posici\u00f3n de copia se actualiza para garantizar que su portafolio refleje las posiciones y la estrategia actuales del inversor copiado.<\/p>\n\n\n\n<p>La reasignaci\u00f3n se activa en las siguientes condiciones:<\/p>\n\n\n\n<ul class=\"wp-block-list wp-block-list wp-block-list-circle\">\n<li><strong>A\u00f1adir fondos<\/strong><\/li>\n\n\n\n<li><strong>Retirar fondos<\/strong><\/li>\n\n\n\n<li><strong>Reanudar una copia pausada<\/strong><\/li>\n\n\n\n<li><strong>Retiradas del inversor copiado<\/strong><\/li>\n\n\n\n<li><strong>Dep\u00f3sitos del inversor copiado.<\/strong> Tenga en cuenta que esta reasignaci\u00f3n se produce con un retraso de 48 horas, lo que le da tiempo para a\u00f1adir tambi\u00e9n fondos adicionales, si lo desea.<\/li>\n\n\n\n<li><strong>Los movimientos del mercado<\/strong> que influyen en la asignaci\u00f3n del portafolio del inversor copiado tambi\u00e9n se reflejar\u00e1n en la copia.<br><\/li>\n<\/ul>\n\n\n\n<p>Tenga en cuenta que las posiciones existentes pueden abrirse o cerrarse autom\u00e1ticamente para igualar las ponderaciones correctas de los activos, y se pueden obtener ganancias o p\u00e9rdidas como resultado de estos ajustes autom\u00e1ticos.<br>&nbsp;<\/p>\n\n\n\n<p>Mientras la reasignaci\u00f3n est\u00e9 en curso, no podr\u00e1 a\u00f1adir o retirar fondos, cerrar posiciones individuales ni pausar la copia. Esto permite al sistema replicar por completo el portafolio actualizado del inversor copiado.<\/p>\n\n\n\n<p>Recibir\u00e1 una notificaci\u00f3n en la aplicaci\u00f3n cuando se complete la reasignaci\u00f3n. El proceso se completa en <strong>un m\u00e1ximo de 7 d\u00edas h\u00e1biles<\/strong>, tras los cuales podr\u00e1 reanudar la gesti\u00f3n de su copia como de costumbre.<\/p>\n\n\n\n<h2 class=\"wp-block-heading\">Controle el riesgo con Copy Stop-Loss<\/h2>\n\n\n\n<p>Copy Stop-Loss (CSL) es una funci\u00f3n de gesti\u00f3n de riesgo integrada que le permite establecer un porcentaje de Stop Loss en toda la operaci\u00f3n de copia para ayudar a proteger su inversi\u00f3n en funci\u00f3n de las p\u00e9rdidas y ganancias en tiempo real. Si el valor de su copia cae por debajo del importe establecido, el sistema cerrar\u00e1 autom\u00e1ticamente la copia y devolver\u00e1 los fondos restantes a su saldo.<\/p>\n\n\n\n<ul class=\"wp-block-list wp-block-list wp-block-list-circle\">\n<li>De forma predeterminada, el CSL se establece en el 40% de su importe invertido.\u00a0<\/li>\n\n\n\n<li>Puede ajustar manualmente el CSL a cualquier valor entre el 5% y el 95% de su importe invertido.<\/li>\n<\/ul>\n\n\n\n<p>Ejemplo: copia al inversor A con U$S1000. Establece el CSL en 60%, lo que equivale a U$S600. Si el capital total (incluidas las P\/G no realizadas) desciende a U$S600, todas las posiciones se cerrar\u00e1n autom\u00e1ticamente y U$S600 volver\u00e1n a su saldo.<\/p>\n\n\n\n<p>Tenga en cuenta que el sistema no le permitir\u00e1 reducir el CSL a un valor tan bajo que pueda provocar el cierre inmediato de la operaci\u00f3n copiada. Adem\u00e1s, a\u00f1adir o eliminar fondos del inversor copiado provocar\u00e1 un nuevo c\u00e1lculo del valor de CSL como porcentaje del nuevo importe de la copia.<\/p>\n\n\n\n<p><strong>\u00bfQu\u00e9 sucede cuando se activa el CSL?<\/strong><\/p>\n\n\n\n<p>Cuando su copia alcance el umbral de CSL debido a p\u00e9rdidas no realizadas, se cerrar\u00e1n todas las posiciones de esa relaci\u00f3n de copia. En la pesta\u00f1a Historial, las operaciones cerradas se etiquetar\u00e1n como \u00abCSL\u00bb en la columna \u00abCerrado\u00bb.<\/p>\n\n\n\n<figure class=\"wp-block-image aligncenter\"><img loading=\"lazy\" decoding=\"async\" width=\"1057\" height=\"321\" src=\"\/wp-content\/uploads\/2017\/12\/copysystemexplain-image1.png\" alt=\"\" class=\"wp-image-19348 wp-image-desktop\" srcset=\"https:\/\/www.etoro.com\/wp-content\/uploads\/2017\/12\/copysystemexplain-image1.png 1057w, https:\/\/www.etoro.com\/wp-content\/uploads\/2017\/12\/copysystemexplain-image1-300x91.png 300w, https:\/\/www.etoro.com\/wp-content\/uploads\/2017\/12\/copysystemexplain-image1-768x233.png 768w, https:\/\/www.etoro.com\/wp-content\/uploads\/2017\/12\/copysystemexplain-image1-1024x311.png 1024w\" sizes=\"(max-width: 1057px) 100vw, 1057px\" \/><\/figure>\n\n\n\n<p><strong>Por qu\u00e9 el Copy Stop-Loss es \u00fanico<\/strong><\/p>\n\n\n\n<p>El CSL est\u00e1 dise\u00f1ado para limitar su exposici\u00f3n general a cualquier inversor. Dado que sus operaciones copiadas est\u00e1n protegidas por el CSL, podemos permitirle una mayor flexibilidad en lo que respecta a sus Stop Loss (SL).<\/p>\n\n\n\n<p>En las operaciones normales, aumentar el SL m\u00e1s all\u00e1 del m\u00ednimo requerido significa que se retiran fondos adicionales de su saldo para respaldar la operaci\u00f3n. En las operaciones de copia, cuando el inversor copiado ampl\u00eda su SL, no se deducen fondos adicionales del importe de su copia. Eso significa que:<\/p>\n\n\n\n<ul class=\"wp-block-list wp-block-list wp-block-list-circle\">\n<li>Una sola operaci\u00f3n puede llegar a tener p\u00e9rdidas del 200% o incluso del 300% sin que se detenga, lo que le da m\u00e1s posibilidades de recuperarse.<\/li>\n\n\n\n<li>Su saldo de copia retiene fondos suficientes para respaldar operaciones adicionales.<\/li>\n<\/ul>\n\n\n\n<p>Sin embargo, si la p\u00e9rdida total no realizada en la relaci\u00f3n de copia alcanza su CSL establecido, todas las posiciones se cerrar\u00e1n y la relaci\u00f3n de copia finalizar\u00e1. La ganancia\/p\u00e9rdida de la operaci\u00f3n copiada se calcula en funci\u00f3n del importe original invertido en la operaci\u00f3n.<\/p>\n\n\n\n<h2 class=\"wp-block-heading\">Ajuste su inversi\u00f3n en cualquier momento<\/h2>\n\n\n\n<p>Puede aumentar su inversi\u00f3n de copia en cualquier momento <strong>a\u00f1adiendo fondos<\/strong>, que se ajustar\u00e1n proporcionalmente dentro de su portafolio. Del mismo modo, tiene la opci\u00f3n de <strong>retirar fondos <\/strong>de la copia (manteniendo la inversi\u00f3n m\u00ednima de la copia), que se devolver\u00e1n a su saldo de efectivo disponible. (Como ya se indic\u00f3, a\u00f1adir o retirar fondos de una posici\u00f3n de copia desencadena una reasignaci\u00f3n autom\u00e1tica).<\/p>\n\n\n\n<h2 class=\"wp-block-heading\">Deje de copiar, o simplemente pulse pausa<\/h2>\n\n\n\n<p>Siempre tendr\u00e1 el control de sus inversiones y podr\u00e1 dejar de copiar en cualquier momento.&nbsp;<\/p>\n\n\n\n<p>Tenga en cuenta que puede <strong>cerrar operaciones espec\u00edficas dentro de una posici\u00f3n de copia<\/strong> sin cerrar la copia completa. Los fondos de esta posici\u00f3n se acreditar\u00e1n de nuevo en su saldo de copia.<\/p>\n\n\n\n<p>Si desea <strong>dejar de copiar a un inversor<\/strong> por completo, elija \u00abDejar de copiar\u00bb en el men\u00fa de configuraci\u00f3n de copia. A continuaci\u00f3n, tendr\u00e1 dos opciones:<\/p>\n\n\n\n<ul class=\"wp-block-list wp-block-list wp-block-list-circle\">\n<li><strong>Cerrar todo<\/strong> cierra la copia por completo.<\/li>\n\n\n\n<li><strong>Mantener todo<\/strong> transfiere todas las posiciones copiadas a su propio portafolio, donde puede gestionarlas de forma independiente<\/li>\n<\/ul>\n\n\n\n<p><strong>Pausar copia<\/strong> es una funci\u00f3n que le permite dejar de copiar a un inversor sin cerrar todas las posiciones abiertas actualmente.&nbsp;<\/p>\n\n\n\n<p>Cuando se pausa una copia, no se abrir\u00e1n nuevas operaciones, pero todas las operaciones ya abiertas seguir\u00e1n copiando las acciones de SL\/TP y cierre del inversor copiado. Pausar copia se puede activar desde la p\u00e1gina del portafolio en eToro haciendo clic en el bot\u00f3n de configuraci\u00f3n y en \u00abPausar copia\u00bb.<\/p>\n\n\n\n<p>Puede <strong>reanudar la copia<\/strong> en cualquier momento dirigi\u00e9ndose a la p\u00e1gina del portafolio y haciendo clic en \u00abReanudar Copiar\u00bb.<\/p>\n\n\n\n<h2 class=\"wp-block-heading\">Copie de forma m\u00e1s inteligente con portafolios seleccionados por expertos<\/h2>\n\n\n\n<p>Los <a href=\"https:\/\/www.etoro.com\/es\/investing\/portfolios\/\"><strong>Smart Portfolios<\/strong><\/a> son portafolios de inversi\u00f3n innovadores a largo plazo basados en la misma tecnolog\u00eda CopyTrader, lo que significa que su inversi\u00f3n refleja autom\u00e1ticamente la asignaci\u00f3n y la estrategia del portafolio. Cada uno sigue un tema \u00fanico, ofreciendo una forma c\u00f3moda y diversificada de invertir en las principales tendencias del mercado que configuran el mundo actual, todo ello sin las comisiones de gesti\u00f3n habituales.<\/p>\n\n\n\n<ul class=\"wp-block-list wp-block-list wp-block-list-circle\">\n<li>La inversi\u00f3n m\u00ednima es de tan solo U$S500.<\/li>\n\n\n\n<li>El Stop Loss predeterminado para un Smart Portfolio se establece en el 10%.<\/li>\n\n\n\n<li>La asignaci\u00f3n de ponderaciones de cada Smart Portfolio puede cambiar con el tiempo, ya que cada uno se reequilibra peri\u00f3dicamente.<\/li>\n<\/ul>\n\n\n\n<p>Hay varios tipos diferentes de Smart Portfolios:<\/p>\n\n\n\n<p><strong>Los Smart Portfolios de mercado<\/strong> agrupan varios activos en un \u00fanico producto de inversi\u00f3n, cada uno siguiendo una estrategia de mercado definida o centrada en un sector espec\u00edfico. Por ejemplo, el <a href=\"https:\/\/www.etoro.com\/es\/smartportfolios\/bigtech\">Smart Portfolio BigTech<\/a> incluye empresas tecnol\u00f3gicas l\u00edderes, lo que ofrece una forma c\u00f3moda pero diversificada de invertir en todo el sector a trav\u00e9s de un solo activo.<\/p>\n\n\n\n<p><strong>Los Smart Portfolios Top Traders<\/strong> agrupan a top traders de alto desempe\u00f1o, seleccionados por el comit\u00e9 de inversi\u00f3n de eToro utilizando un algoritmo sofisticado, en una sola inversi\u00f3n. Por ejemplo, el <a href=\"https:\/\/www.etoro.com\/es\/smartportfolios\/gainersqtr\">Smart Portfolio GainersQtr<\/a> incluye top traders con rentabilidad constante y un fuerte potencial a corto plazo, actualizados peri\u00f3dicamente para gestionar el riesgo y optimizar el desempe\u00f1o.<\/p>\n\n\n\n<p>Los <strong>Smart Portfolios de socios<\/strong> se crean en colaboraci\u00f3n con algunas de las empresas de inversi\u00f3n, gesti\u00f3n de capital e investigaci\u00f3n de datos m\u00e1s innovadoras del mundo. Por ejemplo, los <a href=\"https:\/\/www.etoro.com\/es\/news-and-analysis\/copytrader\/time-you-invest-in-your-future\/\">Smart Portfolios Target Model<\/a> se crearon en colaboraci\u00f3n con Franklin Templeton para incorporar estrategias de inversi\u00f3n con un a\u00f1o objetivo que se ajustan autom\u00e1ticamente con el tiempo.&nbsp;<\/p>\n\n\n\n<p>*Todos los t\u00e9rminos y condiciones de CopyTrader est\u00e1n sujetos a cambios a discreci\u00f3n de eToro, en cualquier momento.<\/p>\n<\/div>\n<\/div>\n<\/div><\/section>\n","protected":false},"excerpt":{"rendered":"<p>La plataforma de eToro destaca por sus funciones de trading social, que ofrecen formas innovadoras de invertir aprendiendo de los dem\u00e1s. Descubra c\u00f3mo CopyTrader\u2122 puede ayudarle a explorar nuevas estrategias y ampliar su potencial de inversi\u00f3n. Conceptos b\u00e1sicos del Copy Trading El concepto es simple: elija un inversor, el importe de su inversi\u00f3n y pulse&hellip;<\/p>\n","protected":false},"author":45,"featured_media":518588,"parent":34679,"menu_order":1349,"comment_status":"closed","ping_status":"closed","template":"","meta":{"_acf_changed":false,"inline_featured_image":false,"sticky_cta_settings":"","footnotes":""},"asset_type":[],"class_list":["post-9317","page","type-page","status-publish","has-post-thumbnail","hentry"],"acf":[],"yoast_head":"<title>Explicaci\u00f3n de los sistemas de copia | eToro<\/title>\n<meta name=\"description\" content=\"Explicaci\u00f3n del sistema de copia de eToro, con CopyTrader\u2122, para copiar a inversores de \u00e9xito, y CopyFunds\u2122, un instrumento tem\u00e1tico basado en la masa.\" \/>\n<meta name=\"robots\" content=\"index, follow, max-snippet:-1, max-image-preview:large, max-video-preview:-1\" \/>\n<link rel=\"canonical\" href=\"https:\/\/www.etoro.com\/es\/wp-json\/wp\/v2\/pages\/9317\" \/>\n<meta property=\"og:locale\" content=\"es_ES\" \/>\n<meta property=\"og:type\" content=\"article\" \/>\n<meta property=\"og:title\" content=\"Explicaci\u00f3n de los sistemas de copia | eToro\" \/>\n<meta property=\"og:description\" content=\"Explicaci\u00f3n del sistema de copia de eToro, con CopyTrader\u2122, para copiar a inversores de \u00e9xito, y CopyFunds\u2122, un instrumento tem\u00e1tico basado en la masa.\" \/>\n<meta property=\"og:url\" content=\"https:\/\/www.etoro.com\/es\/wp-json\/wp\/v2\/pages\/9317\" \/>\n<meta property=\"og:site_name\" content=\"eToro\" \/>\n<meta property=\"article:publisher\" content=\"https:\/\/www.facebook.com\/eToro\/\" \/>\n<meta property=\"article:modified_time\" content=\"2025-12-01T14:44:45+00:00\" \/>\n<meta property=\"og:image\" content=\"https:\/\/www.etoro.com\/wp-content\/uploads\/2022\/11\/Social_systems-explained_ES.jpg\" \/>\n\t<meta property=\"og:image:width\" content=\"1200\" \/>\n\t<meta property=\"og:image:height\" content=\"630\" \/>\n\t<meta property=\"og:image:type\" content=\"image\/jpeg\" \/>\n<meta name=\"twitter:card\" content=\"summary_large_image\" \/>\n<meta name=\"twitter:site\" content=\"@eToro\" \/>\n<meta name=\"twitter:label1\" content=\"Est. reading time\" \/>\n\t<meta name=\"twitter:data1\" content=\"11 minutes\" \/>\n<script type=\"application\/ld+json\" class=\"yoast-schema-graph\">{\"@context\":\"https:\/\/schema.org\",\"@graph\":[{\"@type\":\"WebPage\",\"@id\":\"https:\/\/www.etoro.com\/es\/copytrader\/how-it-works\/\",\"url\":\"https:\/\/www.etoro.com\/es\/copytrader\/how-it-works\/\",\"name\":\"Explicaci\u00f3n de los sistemas de copia | eToro\",\"isPartOf\":{\"@id\":\"https:\/\/www.etoro.com\/es\/#website\"},\"primaryImageOfPage\":{\"@id\":\"https:\/\/www.etoro.com\/es\/copytrader\/how-it-works\/#primaryimage\"},\"image\":{\"@id\":\"https:\/\/www.etoro.com\/es\/copytrader\/how-it-works\/#primaryimage\"},\"thumbnailUrl\":\"https:\/\/www.etoro.com\/wp-content\/uploads\/2022\/11\/Social_systems-explained_ES.jpg\",\"datePublished\":\"2017-11-14T07:35:22+00:00\",\"dateModified\":\"2025-12-01T14:44:45+00:00\",\"description\":\"Explicaci\u00f3n del sistema de copia de eToro, con CopyTrader\u2122, para copiar a inversores de \u00e9xito, y CopyFunds\u2122, un instrumento tem\u00e1tico basado en la masa.\",\"breadcrumb\":{\"@id\":\"https:\/\/www.etoro.com\/es\/copytrader\/how-it-works\/#breadcrumb\"},\"inLanguage\":\"es\",\"potentialAction\":[{\"@type\":\"ReadAction\",\"target\":[\"https:\/\/www.etoro.com\/es\/copytrader\/how-it-works\/\"]}]},{\"@type\":\"ImageObject\",\"inLanguage\":\"es\",\"@id\":\"https:\/\/www.etoro.com\/es\/copytrader\/how-it-works\/#primaryimage\",\"url\":\"https:\/\/www.etoro.com\/wp-content\/uploads\/2022\/11\/Social_systems-explained_ES.jpg\",\"contentUrl\":\"https:\/\/www.etoro.com\/wp-content\/uploads\/2022\/11\/Social_systems-explained_ES.jpg\",\"width\":1200,\"height\":630,\"caption\":\"COPYTRADER EXPLICADO\"},{\"@type\":\"BreadcrumbList\",\"@id\":\"https:\/\/www.etoro.com\/es\/copytrader\/how-it-works\/#breadcrumb\",\"itemListElement\":[{\"@type\":\"ListItem\",\"position\":1,\"name\":\"Inicio\",\"item\":\"https:\/\/www.etoro.com\/es\/\"},{\"@type\":\"ListItem\",\"position\":2,\"name\":\"CopyTrader\",\"item\":\"https:\/\/www.etoro.com\/es\/copytrader\/\"},{\"@type\":\"ListItem\",\"position\":3,\"name\":\"C\u00d3MO FUNCIONA\"}]},{\"@type\":\"WebSite\",\"@id\":\"https:\/\/www.etoro.com\/es\/#website\",\"url\":\"https:\/\/www.etoro.com\/es\/\",\"name\":\"eToro\",\"description\":\"\",\"publisher\":{\"@id\":\"https:\/\/www.etoro.com\/es\/#organization\"},\"potentialAction\":[{\"@type\":\"SearchAction\",\"target\":{\"@type\":\"EntryPoint\",\"urlTemplate\":\"https:\/\/www.etoro.com\/es\/?s={search_term_string}\"},\"query-input\":{\"@type\":\"PropertyValueSpecification\",\"valueRequired\":true,\"valueName\":\"search_term_string\"}}],\"inLanguage\":\"es\"},[]]}<\/script>","yoast_head_json":{"title":"Explicaci\u00f3n de los sistemas de copia | eToro","description":"Explicaci\u00f3n del sistema de copia de eToro, con CopyTrader\u2122, para copiar a inversores de \u00e9xito, y CopyFunds\u2122, un instrumento tem\u00e1tico basado en la masa.","robots":{"index":"index","follow":"follow","max-snippet":"max-snippet:-1","max-image-preview":"max-image-preview:large","max-video-preview":"max-video-preview:-1"},"canonical":"https:\/\/www.etoro.com\/es\/wp-json\/wp\/v2\/pages\/9317","og_locale":"es_ES","og_type":"article","og_title":"Explicaci\u00f3n de los sistemas de copia | eToro","og_description":"Explicaci\u00f3n del sistema de copia de eToro, con CopyTrader\u2122, para copiar a inversores de \u00e9xito, y CopyFunds\u2122, un instrumento tem\u00e1tico basado en la masa.","og_url":"https:\/\/www.etoro.com\/es\/wp-json\/wp\/v2\/pages\/9317","og_site_name":"eToro","article_publisher":"https:\/\/www.facebook.com\/eToro\/","article_modified_time":"2025-12-01T14:44:45+00:00","og_image":[{"width":1200,"height":630,"url":"https:\/\/www.etoro.com\/wp-content\/uploads\/2022\/11\/Social_systems-explained_ES.jpg","type":"image\/jpeg"}],"twitter_card":"summary_large_image","twitter_site":"@eToro","twitter_misc":{"Est. reading time":"11 minutes"},"schema":{"@context":"https:\/\/schema.org","@graph":[{"@type":"WebPage","@id":"https:\/\/www.etoro.com\/es\/copytrader\/how-it-works\/","url":"https:\/\/www.etoro.com\/es\/copytrader\/how-it-works\/","name":"Explicaci\u00f3n de los sistemas de copia | eToro","isPartOf":{"@id":"https:\/\/www.etoro.com\/es\/#website"},"primaryImageOfPage":{"@id":"https:\/\/www.etoro.com\/es\/copytrader\/how-it-works\/#primaryimage"},"image":{"@id":"https:\/\/www.etoro.com\/es\/copytrader\/how-it-works\/#primaryimage"},"thumbnailUrl":"https:\/\/www.etoro.com\/wp-content\/uploads\/2022\/11\/Social_systems-explained_ES.jpg","datePublished":"2017-11-14T07:35:22+00:00","dateModified":"2025-12-01T14:44:45+00:00","description":"Explicaci\u00f3n del sistema de copia de eToro, con CopyTrader\u2122, para copiar a inversores de \u00e9xito, y CopyFunds\u2122, un instrumento tem\u00e1tico basado en la masa.","breadcrumb":{"@id":"https:\/\/www.etoro.com\/es\/copytrader\/how-it-works\/#breadcrumb"},"inLanguage":"es","potentialAction":[{"@type":"ReadAction","target":["https:\/\/www.etoro.com\/es\/copytrader\/how-it-works\/"]}]},{"@type":"ImageObject","inLanguage":"es","@id":"https:\/\/www.etoro.com\/es\/copytrader\/how-it-works\/#primaryimage","url":"https:\/\/www.etoro.com\/wp-content\/uploads\/2022\/11\/Social_systems-explained_ES.jpg","contentUrl":"https:\/\/www.etoro.com\/wp-content\/uploads\/2022\/11\/Social_systems-explained_ES.jpg","width":1200,"height":630,"caption":"COPYTRADER EXPLICADO"},{"@type":"BreadcrumbList","@id":"https:\/\/www.etoro.com\/es\/copytrader\/how-it-works\/#breadcrumb","itemListElement":[{"@type":"ListItem","position":1,"name":"Inicio","item":"https:\/\/www.etoro.com\/es\/"},{"@type":"ListItem","position":2,"name":"CopyTrader","item":"https:\/\/www.etoro.com\/es\/copytrader\/"},{"@type":"ListItem","position":3,"name":"C\u00d3MO FUNCIONA"}]},{"@type":"WebSite","@id":"https:\/\/www.etoro.com\/es\/#website","url":"https:\/\/www.etoro.com\/es\/","name":"eToro","description":"","publisher":{"@id":"https:\/\/www.etoro.com\/es\/#organization"},"potentialAction":[{"@type":"SearchAction","target":{"@type":"EntryPoint","urlTemplate":"https:\/\/www.etoro.com\/es\/?s={search_term_string}"},"query-input":{"@type":"PropertyValueSpecification","valueRequired":true,"valueName":"search_term_string"}}],"inLanguage":"es"},[]]}},"_links":{"self":[{"href":"https:\/\/www.etoro.com\/es\/wp-json\/wp\/v2\/pages\/9317"}],"collection":[{"href":"https:\/\/www.etoro.com\/es\/wp-json\/wp\/v2\/pages"}],"about":[{"href":"https:\/\/www.etoro.com\/es\/wp-json\/wp\/v2\/types\/page"}],"author":[{"embeddable":true,"href":"https:\/\/www.etoro.com\/es\/wp-json\/wp\/v2\/users\/45"}],"replies":[{"embeddable":true,"href":"https:\/\/www.etoro.com\/es\/wp-json\/wp\/v2\/comments?post=9317"}],"version-history":[{"count":0,"href":"https:\/\/www.etoro.com\/es\/wp-json\/wp\/v2\/pages\/9317\/revisions"}],"up":[{"embeddable":true,"href":"https:\/\/www.etoro.com\/es\/wp-json\/wp\/v2\/pages\/34679"}],"wp:featuredmedia":[{"embeddable":true,"href":"https:\/\/www.etoro.com\/es\/wp-json\/wp\/v2\/media\/518588"}],"wp:attachment":[{"href":"https:\/\/www.etoro.com\/es\/wp-json\/wp\/v2\/media?parent=9317"}],"wp:term":[{"taxonomy":"asset_type","embeddable":true,"href":"https:\/\/www.etoro.com\/es\/wp-json\/wp\/v2\/asset_type?post=9317"}],"curies":[{"name":"wp","href":"https:\/\/api.w.org\/{rel}","templated":true}]}}