{"id":9371,"date":"2017-09-12T14:44:38","date_gmt":"2017-09-12T11:44:38","guid":{"rendered":"\/etoro\/about\/pips-calculator\/"},"modified":"2018-07-01T11:41:25","modified_gmt":"2018-07-01T08:41:25","slug":"pips-calculator","status":"publish","type":"page","link":"https:\/\/www.etoro.com\/es\/trading\/pips-calculator\/","title":{"rendered":"Calculadora de Pips"},"content":{"rendered":"<p>Al invertir en divisas, un \u00abpip\u00bb tradicionalmente es la menor unidad de movimiento. Los inversores supervisan atentamente estos movimientos pues las operaciones se realizan por lo general en grandes cantidades, donde cada peque\u00f1o movimiento puede llevar a importantes p\u00e9rdidas\/beneficios. A continuaci\u00f3n, encontrar\u00e1 una sencilla calculadora que le puede ayudar a determinar el valor de un solo \u00abpip\u00bb en una determinada transacci\u00f3n.<\/p>\n<p><iframe loading=\"lazy\" src=\"https:\/\/ssltools.forexprostools.com\/pip-calculator\/index.php?force_lang=4&amp;acc=12\" width=\"100%\" height=\"770\" frameborder=\"0\" marginwidth=\"0\" marginheight=\"0\" scrolling=\"auto\"><\/iframe><\/p>\n","protected":false},"excerpt":{"rendered":"<p>Al invertir en divisas, un \u00abpip\u00bb tradicionalmente es la menor unidad de movimiento. Los inversores supervisan atentamente estos movimientos pues las operaciones se realizan por lo general en grandes cantidades, donde cada peque\u00f1o movimiento puede llevar a importantes p\u00e9rdidas\/beneficios. A continuaci\u00f3n, encontrar\u00e1 una sencilla calculadora que le puede ayudar a determinar el valor de un&hellip;<\/p>\n","protected":false},"author":45,"featured_media":0,"parent":18392,"menu_order":1664,"comment_status":"closed","ping_status":"closed","template":"","meta":{"_acf_changed":false,"inline_featured_image":false,"sticky_cta_settings":"","footnotes":""},"asset_type":[],"class_list":["post-9371","page","type-page","status-publish","hentry"],"acf":[],"yoast_head":"<title>Calculadora de pips - Calcule el valor de cada pip | eToro<\/title>\n<meta name=\"description\" content=\"\u00bfCu\u00e1nto vale cada pip? Use la calculadora de pips y m\u00e1rgenes para determinar el valor de cada pip cuando invierta en l\u00ednea y gestionar mejor sus fondos.\" \/>\n<meta name=\"robots\" content=\"index, follow, max-snippet:-1, max-image-preview:large, max-video-preview:-1\" \/>\n<link rel=\"canonical\" href=\"https:\/\/www.etoro.com\/es\/wp-json\/wp\/v2\/pages\/9371\" \/>\n<meta property=\"og:locale\" content=\"es_ES\" \/>\n<meta property=\"og:type\" content=\"article\" \/>\n<meta property=\"og:title\" content=\"Calculadora de pips - Calcule el valor de cada pip | eToro\" \/>\n<meta property=\"og:description\" content=\"\u00bfCu\u00e1nto vale cada pip? Use la calculadora de pips y m\u00e1rgenes para determinar el valor de cada pip cuando invierta en l\u00ednea y gestionar mejor sus fondos.\" \/>\n<meta property=\"og:url\" content=\"https:\/\/www.etoro.com\/es\/wp-json\/wp\/v2\/pages\/9371\" \/>\n<meta property=\"og:site_name\" content=\"eToro\" \/>\n<meta property=\"article:publisher\" content=\"https:\/\/www.facebook.com\/eToro\/\" \/>\n<meta property=\"article:modified_time\" content=\"2018-07-01T08:41:25+00:00\" \/>\n<meta property=\"og:image\" content=\"https:\/\/www.etoro.com\/wp-content\/uploads\/2019\/12\/etoro_logo_social_share1.png\" \/>\n\t<meta property=\"og:image:width\" content=\"240\" \/>\n\t<meta property=\"og:image:height\" content=\"240\" \/>\n\t<meta property=\"og:image:type\" content=\"image\/png\" \/>\n<meta name=\"twitter:card\" content=\"summary_large_image\" \/>\n<meta name=\"twitter:site\" content=\"@eToro\" \/>\n<script type=\"application\/ld+json\" class=\"yoast-schema-graph\">{\"@context\":\"https:\/\/schema.org\",\"@graph\":[{\"@type\":\"WebPage\",\"@id\":\"https:\/\/www.etoro.com\/es\/trading\/pips-calculator\/\",\"url\":\"https:\/\/www.etoro.com\/es\/trading\/pips-calculator\/\",\"name\":\"Calculadora de pips - Calcule el valor de cada pip | eToro\",\"isPartOf\":{\"@id\":\"https:\/\/www.etoro.com\/es\/#website\"},\"datePublished\":\"2017-09-12T11:44:38+00:00\",\"dateModified\":\"2018-07-01T08:41:25+00:00\",\"description\":\"\u00bfCu\u00e1nto vale cada pip? Use la calculadora de pips y m\u00e1rgenes para determinar el valor de cada pip cuando invierta en l\u00ednea y gestionar mejor sus fondos.\",\"breadcrumb\":{\"@id\":\"https:\/\/www.etoro.com\/es\/trading\/pips-calculator\/#breadcrumb\"},\"inLanguage\":\"es\",\"potentialAction\":[{\"@type\":\"ReadAction\",\"target\":[\"https:\/\/www.etoro.com\/es\/trading\/pips-calculator\/\"]}]},{\"@type\":\"BreadcrumbList\",\"@id\":\"https:\/\/www.etoro.com\/es\/trading\/pips-calculator\/#breadcrumb\",\"itemListElement\":[{\"@type\":\"ListItem\",\"position\":1,\"name\":\"Inicio\",\"item\":\"https:\/\/www.etoro.com\/es\/\"},{\"@type\":\"ListItem\",\"position\":2,\"name\":\"Trading\",\"item\":\"https:\/\/www.etoro.com\/es\/trading\/\"},{\"@type\":\"ListItem\",\"position\":3,\"name\":\"CALCULADORA DE PIPS\"}]},{\"@type\":\"WebSite\",\"@id\":\"https:\/\/www.etoro.com\/es\/#website\",\"url\":\"https:\/\/www.etoro.com\/es\/\",\"name\":\"eToro\",\"description\":\"\",\"publisher\":{\"@id\":\"https:\/\/www.etoro.com\/es\/#organization\"},\"potentialAction\":[{\"@type\":\"SearchAction\",\"target\":{\"@type\":\"EntryPoint\",\"urlTemplate\":\"https:\/\/www.etoro.com\/es\/?s={search_term_string}\"},\"query-input\":{\"@type\":\"PropertyValueSpecification\",\"valueRequired\":true,\"valueName\":\"search_term_string\"}}],\"inLanguage\":\"es\"},[]]}<\/script>","yoast_head_json":{"title":"Calculadora de pips - Calcule el valor de cada pip | eToro","description":"\u00bfCu\u00e1nto vale cada pip? Use la calculadora de pips y m\u00e1rgenes para determinar el valor de cada pip cuando invierta en l\u00ednea y gestionar mejor sus fondos.","robots":{"index":"index","follow":"follow","max-snippet":"max-snippet:-1","max-image-preview":"max-image-preview:large","max-video-preview":"max-video-preview:-1"},"canonical":"https:\/\/www.etoro.com\/es\/wp-json\/wp\/v2\/pages\/9371","og_locale":"es_ES","og_type":"article","og_title":"Calculadora de pips - Calcule el valor de cada pip | eToro","og_description":"\u00bfCu\u00e1nto vale cada pip? Use la calculadora de pips y m\u00e1rgenes para determinar el valor de cada pip cuando invierta en l\u00ednea y gestionar mejor sus fondos.","og_url":"https:\/\/www.etoro.com\/es\/wp-json\/wp\/v2\/pages\/9371","og_site_name":"eToro","article_publisher":"https:\/\/www.facebook.com\/eToro\/","article_modified_time":"2018-07-01T08:41:25+00:00","og_image":[{"width":240,"height":240,"url":"https:\/\/www.etoro.com\/wp-content\/uploads\/2019\/12\/etoro_logo_social_share1.png","type":"image\/png"}],"twitter_card":"summary_large_image","twitter_site":"@eToro","schema":{"@context":"https:\/\/schema.org","@graph":[{"@type":"WebPage","@id":"https:\/\/www.etoro.com\/es\/trading\/pips-calculator\/","url":"https:\/\/www.etoro.com\/es\/trading\/pips-calculator\/","name":"Calculadora de pips - Calcule el valor de cada pip | eToro","isPartOf":{"@id":"https:\/\/www.etoro.com\/es\/#website"},"datePublished":"2017-09-12T11:44:38+00:00","dateModified":"2018-07-01T08:41:25+00:00","description":"\u00bfCu\u00e1nto vale cada pip? Use la calculadora de pips y m\u00e1rgenes para determinar el valor de cada pip cuando invierta en l\u00ednea y gestionar mejor sus fondos.","breadcrumb":{"@id":"https:\/\/www.etoro.com\/es\/trading\/pips-calculator\/#breadcrumb"},"inLanguage":"es","potentialAction":[{"@type":"ReadAction","target":["https:\/\/www.etoro.com\/es\/trading\/pips-calculator\/"]}]},{"@type":"BreadcrumbList","@id":"https:\/\/www.etoro.com\/es\/trading\/pips-calculator\/#breadcrumb","itemListElement":[{"@type":"ListItem","position":1,"name":"Inicio","item":"https:\/\/www.etoro.com\/es\/"},{"@type":"ListItem","position":2,"name":"Trading","item":"https:\/\/www.etoro.com\/es\/trading\/"},{"@type":"ListItem","position":3,"name":"CALCULADORA DE PIPS"}]},{"@type":"WebSite","@id":"https:\/\/www.etoro.com\/es\/#website","url":"https:\/\/www.etoro.com\/es\/","name":"eToro","description":"","publisher":{"@id":"https:\/\/www.etoro.com\/es\/#organization"},"potentialAction":[{"@type":"SearchAction","target":{"@type":"EntryPoint","urlTemplate":"https:\/\/www.etoro.com\/es\/?s={search_term_string}"},"query-input":{"@type":"PropertyValueSpecification","valueRequired":true,"valueName":"search_term_string"}}],"inLanguage":"es"},[]]}},"_links":{"self":[{"href":"https:\/\/www.etoro.com\/es\/wp-json\/wp\/v2\/pages\/9371"}],"collection":[{"href":"https:\/\/www.etoro.com\/es\/wp-json\/wp\/v2\/pages"}],"about":[{"href":"https:\/\/www.etoro.com\/es\/wp-json\/wp\/v2\/types\/page"}],"author":[{"embeddable":true,"href":"https:\/\/www.etoro.com\/es\/wp-json\/wp\/v2\/users\/45"}],"replies":[{"embeddable":true,"href":"https:\/\/www.etoro.com\/es\/wp-json\/wp\/v2\/comments?post=9371"}],"version-history":[{"count":0,"href":"https:\/\/www.etoro.com\/es\/wp-json\/wp\/v2\/pages\/9371\/revisions"}],"up":[{"embeddable":true,"href":"https:\/\/www.etoro.com\/es\/wp-json\/wp\/v2\/pages\/18392"}],"wp:attachment":[{"href":"https:\/\/www.etoro.com\/es\/wp-json\/wp\/v2\/media?parent=9371"}],"wp:term":[{"taxonomy":"asset_type","embeddable":true,"href":"https:\/\/www.etoro.com\/es\/wp-json\/wp\/v2\/asset_type?post=9371"}],"curies":[{"name":"wp","href":"https:\/\/api.w.org\/{rel}","templated":true}]}}