{"id":942926,"date":"2025-03-20T13:42:31","date_gmt":"2025-03-20T11:42:31","guid":{"rendered":"https:\/\/www.etoro.com\/?page_id=942926"},"modified":"2026-01-19T10:38:14","modified_gmt":"2026-01-19T08:38:14","slug":"policy","status":"publish","type":"page","link":"https:\/\/www.etoro.com\/es\/editorial\/policy\/","title":{"rendered":"Academy Editorial Policies"},"content":{"rendered":"\n<section class=\"wp-block-group wp-block-group-full\"><div class=\"wp-block-group-inner is-layout-flow wp-block-group-is-layout-flow\">\n<h2 class=\"wp-block-heading\">Introducci\u00f3n<\/h2>\n\n\n\n<p>El prop\u00f3sito de esta pol\u00edtica editorial es delinear los principios que sustentan la creaci\u00f3n y la difusi\u00f3n de contenido en la <a href=\"https:\/\/www.etoro.com\/es\/academy\/\" target=\"_blank\" rel=\"noreferrer noopener\">Academia de eToro<\/a>. Esta pol\u00edtica tiene como objetivo servir de modelo para mantener la integridad, la fiabilidad y la calidad general de la informaci\u00f3n facilitada a nuestros usuarios.<\/p>\n\n\n\n<figure class=\"wp-block-image size-full\"><img loading=\"lazy\" decoding=\"async\" width=\"756\" height=\"400\" src=\"https:\/\/www.etoro.com\/wp-content\/uploads\/2024\/09\/Academy-Editorial-Policy_Intro-Illustration.png\" alt=\"\" class=\"wp-image-934548 wp-image-desktop\" srcset=\"https:\/\/www.etoro.com\/wp-content\/uploads\/2024\/09\/Academy-Editorial-Policy_Intro-Illustration.png 756w, https:\/\/www.etoro.com\/wp-content\/uploads\/2024\/09\/Academy-Editorial-Policy_Intro-Illustration-300x159.png 300w\" sizes=\"(max-width: 756px) 100vw, 756px\" \/><\/figure>\n\n\n\n<h2 class=\"wp-block-heading\">Misi\u00f3n de la pol\u00edtica editorial<\/h2>\n\n\n\n<p>Reconocemos que hay much\u00edsima informaci\u00f3n en Internet, por lo que navegar por la misma puede resultar abrumador y confuso. Por ello, hemos dise\u00f1ado nuestra Academia con un enfoque estructurado de bloques para asegurar que los inversores no solo obtengan informaci\u00f3n, sino que, adem\u00e1s, desarrollen unos conocimientos y un entendimiento aut\u00e9nticos.<\/p>\n\n\n\n<p>Nuestro objetivo es facilitar a nuestro p\u00fablico contenido que sea preciso, fiable, estimulante y educativo. Esta pol\u00edtica gu\u00eda nuestro proceso de creaci\u00f3n de contenido para expandir los conocimientos de nuestros lectores y cultivar un espacio de aprendizaje y confianza.<\/p>\n\n\n\n<h2 class=\"wp-block-heading\">Alcance (tipos de contenidos tratados)<\/h2>\n\n\n\n<p>Esta pol\u00edtica abarca una variedad de opciones de contenido, incluidos cursos, art\u00edculos, tutoriales, seminarios web, p\u00f3dcasts y otros materiales educativos publicados por la Academia de eToro, lo que asegura que cada una de las partes est\u00e9 alineada con nuestros est\u00e1ndares de excelencia.<\/p>\n\n\n\n<figure class=\"wp-block-image size-full\"><img loading=\"lazy\" decoding=\"async\" width=\"756\" height=\"400\" src=\"https:\/\/www.etoro.com\/wp-content\/uploads\/2024\/09\/Academy-Editorial-Policy_Style-Illustration.png\" alt=\"\" class=\"wp-image-934572 wp-image-desktop\" srcset=\"https:\/\/www.etoro.com\/wp-content\/uploads\/2024\/09\/Academy-Editorial-Policy_Style-Illustration.png 756w, https:\/\/www.etoro.com\/wp-content\/uploads\/2024\/09\/Academy-Editorial-Policy_Style-Illustration-300x159.png 300w\" sizes=\"(max-width: 756px) 100vw, 756px\" \/><\/figure>\n\n\n\n<h2 class=\"wp-block-heading\">Est\u00e1ndares del contenido<\/h2>\n\n\n\n<h3 class=\"wp-block-heading\">Precisi\u00f3n y fiabilidad<\/h3>\n\n\n\n<p>Estamos comprometidos a facilitar contenido que sea factualmente preciso y verificable. Evaluamos la informaci\u00f3n antes de su publicaci\u00f3n, mediante rigurosos procesos de verificaci\u00f3n, lo que asegura la fiabilidad de nuestro contenido.<\/p>\n\n\n\n<h3 class=\"wp-block-heading\">Fuentes y citas<\/h3>\n\n\n\n<p>En lo referente a las fuentes, la transparencia es fundamental para lograr nuestra integridad editorial. Todo el contenido incluye citas adecuadas y reconocimientos a las fuentes originales, lo que permite una mayor exploraci\u00f3n y verificaci\u00f3n por parte del lector.<\/p>\n\n\n\n<h3 class=\"wp-block-heading\">Objetividad e imparcialidad<\/h3>\n\n\n\n<p>Nuestro contenido tiene como objetivo facilitar informaci\u00f3n equilibrada e imparcial, libre de influencias externas u opiniones personales, lo que asegura que nuestros lectores reciban perspectivas objetivas que lo ayuden a tomar sus propias decisiones.<\/p>\n\n\n\n<h3 class=\"wp-block-heading\">\u00c9tica<\/h3>\n\n\n\n<p>Nos adherimos a los m\u00e1s altos est\u00e1ndares \u00e9ticos, por lo que nos asegramos de que nuestros contenidos no infrinjan la privacidad ni los derechos de autor, ni ning\u00fan otro est\u00e1ndar legal. Las consideraciones \u00e9ticas tambi\u00e9n gu\u00edan nuestras interacciones con los proveedores de contenidos y las fuentes de terceros.<\/p>\n\n\n\n<h3 class=\"wp-block-heading\">Contenido de Terceros<\/h3>\n\n\n\n<p>El contenido creado por terceros est\u00e1 etiquetado con su respectiva fuente, adem\u00e1s de ser cuidadosamente revisado por eToro para asegurar que se alinea con nuestras pol\u00edticas y est\u00e1ndares.<\/p>\n\n\n\n<h2 class=\"wp-block-heading\">Estilos y directrices de redacci\u00f3n<\/h2>\n\n\n\n<h3 class=\"wp-block-heading\">Claridad y legibilidad<\/h3>\n\n\n\n<p>La legibilidad de nuestro contenido es primordial para nosotros. Nos esforzamos por lograr claridad y simplicidad en nuestra forma de redactar para asegurar que nuestros materiales educativos sean accesibles para un p\u00fablico amplio en todos los niveles.<\/p>\n\n\n\n<h3 class=\"wp-block-heading\">Tono de la Academia de eToro<\/h3>\n\n\n\n<p>Nuestro tono es profesional, pero accesible, en l\u00ednea con los valores de eToro. Es imperativo que nuestro contenido se comunique directamente con nuestra audiencia, de forma que la involucre de manera significativa y respetuosa.<\/p>\n\n\n\n<h3 class=\"wp-block-heading is-style-default\">Compromiso con la accesibilidad y la inclusividad<\/h3>\n\n\n\n<p>Nos esforzamos por ofrecer contenidos que sean accesibles e inclusivos, que valoren diversas perspectivas y que garanticen que todas las personas puedan interactuar con nuestros materiales por medio de audio, v\u00eddeo y texto, en cualquier momento y en cualquier lugar.<\/p>\n\n\n\n<h3 class=\"wp-block-heading\">Conflictos de inter\u00e9s<\/h3>\n\n\n\n<p>La transparencia sobre cualquier posible conflicto de inter\u00e9s es esencial para mantener la confianza de nuestros lectores. Cualquier conflicto ser\u00e1 claramente divulgado para preservar la integridad de nuestro contenido.<\/p>\n\n\n\n<h2 class=\"wp-block-heading\">Conoce a nuestro equipo editorial<\/h2>\n\n\n\n<p>Detr\u00e1s del contenido veraz e informativo de la Academia de eToro, hay un equipo de editores experimentados y expertos en la materia. Cada miembro aporta un conjunto \u00fanico de habilidades y una pasi\u00f3n por la educaci\u00f3n, lo que asegura que nuestros contenidos no solo sean precisos, sino tambi\u00e9n atractivos.<\/p>\n\n\n\n<p>Su experiencia se basa en finanzas, tecnolog\u00eda y pedagog\u00eda, lo cual refleja nuestro compromiso con la calidad y la diversidad en nuestros materiales educativos. Para conocer m\u00e1s de cerca a los individuos que crear tu experiencia de aprendizaje, visita nuestro detallado resumen del equipo.<\/p>\n\n\n\n<figure class=\"wp-block-image size-full\"><img loading=\"lazy\" decoding=\"async\" width=\"756\" height=\"308\" src=\"https:\/\/www.etoro.com\/wp-content\/uploads\/2026\/01\/image-1.png\" alt=\"\" class=\"wp-image-1209093 wp-image-desktop\" srcset=\"https:\/\/www.etoro.com\/wp-content\/uploads\/2026\/01\/image-1.png 756w, https:\/\/www.etoro.com\/wp-content\/uploads\/2026\/01\/image-1-300x122.png 300w\" sizes=\"(max-width: 756px) 100vw, 756px\" \/><\/figure>\n\n\n\n<h2 class=\"wp-block-heading\">Actualizaciones y revisiones<\/h2>\n\n\n\n<p>Para mantener la relevancia y la precisi\u00f3n de nuestros contenidos, contamos con un proceso estructurado para actualizaciones y revisiones. Esto asegura que nuestros materiales permanezcan actualizados y reflejen los \u00faltimos est\u00e1ndares y pr\u00e1cticas de la industria.<\/p>\n\n\n\n<p>En conclusi\u00f3n, esta pol\u00edtica editorial est\u00e1 dise\u00f1ada para asegurar que el contenido producido y compartido por la Academia de eToro se adhiera a los m\u00e1s altos est\u00e1ndares de calidad, integridad y transparencia. Mediante la implementaci\u00f3n de estas directrices, nuestro objetivo es fomentar un entorno de aprendizaje de confianza e informativo para nuestra comunidad.<\/p>\n\n\n\n<h3 class=\"wp-block-heading is-style-default\">Exenci\u00f3n de Garant\u00eda y Responsabilidad<\/h3>\n\n\n\n<p>Todos los comentarios, opiniones y an\u00e1lisis expresados en el contenido de eToro tienen fines informativos y no deben considerarse como asesoramiento de inversi\u00f3n. <\/p>\n\n\n\n<p>eToro no hace recomendaciones para invertir en ning\u00fan activo particular ni incentiva a adoptar ninguna estrategia de inversi\u00f3n. Las opiniones y estrategias descritas en nuestro contenido pueden no ser adecuadas para todos los inversores. Debido a que las condiciones del mercado y econ\u00f3micas est\u00e1n sujetas a cambios vol\u00e1tiles, todos los comentarios, opiniones y an\u00e1lisis contenidos en nuestro contenido se proporcionan a fecha de publicaci\u00f3n y pueden cambiar sin previo aviso. <\/p>\n\n\n\n<p>Aunque hacemos todo lo posible por proporcionar informaci\u00f3n confiable, no garantizamos su precisi\u00f3n. El material no est\u00e1 destinado como un an\u00e1lisis completo de cada hecho material respecto a cualquier pa\u00eds, regi\u00f3n, mercado, industria, inversi\u00f3n o estrategia.<\/p>\n<\/div><\/section>\n","protected":false},"excerpt":{"rendered":"<p>Introducci\u00f3n El prop\u00f3sito de esta pol\u00edtica editorial es delinear los principios que sustentan la creaci\u00f3n y la difusi\u00f3n de contenido en la Academia de eToro. Esta pol\u00edtica tiene como objetivo servir de modelo para mantener la integridad, la fiabilidad y la calidad general de la informaci\u00f3n facilitada a nuestros usuarios. Misi\u00f3n de la pol\u00edtica editorial&hellip;<\/p>\n","protected":false},"author":127,"featured_media":1129366,"parent":944088,"menu_order":0,"comment_status":"closed","ping_status":"closed","template":"","meta":{"_acf_changed":true,"inline_featured_image":false,"sticky_cta_settings":"","footnotes":""},"asset_type":[],"class_list":["post-942926","page","type-page","status-publish","has-post-thumbnail","hentry"],"acf":[],"yoast_head":"<title>eToro Academy Editorial Policy<\/title>\n<meta name=\"description\" content=\"eToro\u2019s investment education resources adhere to the highest standards. These guidelines help foster a trustworthy learning environment for our community.\" \/>\n<meta name=\"robots\" content=\"index, follow, max-snippet:-1, max-image-preview:large, max-video-preview:-1\" \/>\n<link rel=\"canonical\" href=\"https:\/\/www.etoro.com\/es\/wp-json\/wp\/v2\/pages\/942926\" \/>\n<meta property=\"og:locale\" content=\"es_ES\" \/>\n<meta property=\"og:type\" content=\"article\" \/>\n<meta property=\"og:title\" content=\"eToro Academy Editorial Policy\" \/>\n<meta property=\"og:description\" content=\"eToro\u2019s investment education resources adhere to the highest standards. These guidelines help foster a trustworthy learning environment for our community.\" \/>\n<meta property=\"og:url\" content=\"https:\/\/www.etoro.com\/es\/wp-json\/wp\/v2\/pages\/942926\" \/>\n<meta property=\"og:site_name\" content=\"eToro\" \/>\n<meta property=\"article:publisher\" content=\"https:\/\/www.facebook.com\/eToro\/\" \/>\n<meta property=\"article:modified_time\" content=\"2026-01-19T08:38:14+00:00\" \/>\n<meta property=\"og:image\" content=\"https:\/\/www.etoro.com\/wp-content\/uploads\/2025\/09\/ES-Editorial-576x385-1.png\" \/>\n\t<meta property=\"og:image:width\" content=\"576\" \/>\n\t<meta property=\"og:image:height\" content=\"385\" \/>\n\t<meta property=\"og:image:type\" content=\"image\/png\" \/>\n<meta name=\"twitter:card\" content=\"summary_large_image\" \/>\n<meta name=\"twitter:site\" content=\"@eToro\" \/>\n<meta name=\"twitter:label1\" content=\"Est. reading time\" \/>\n\t<meta name=\"twitter:data1\" content=\"5 minutes\" \/>\n<script type=\"application\/ld+json\" class=\"yoast-schema-graph\">{\"@context\":\"https:\/\/schema.org\",\"@graph\":[{\"@type\":\"WebPage\",\"@id\":\"https:\/\/www.etoro.com\/es\/editorial\/policy\/\",\"url\":\"https:\/\/www.etoro.com\/es\/editorial\/policy\/\",\"name\":\"eToro Academy Editorial Policy\",\"isPartOf\":{\"@id\":\"https:\/\/www.etoro.com\/es\/#website\"},\"primaryImageOfPage\":{\"@id\":\"https:\/\/www.etoro.com\/es\/editorial\/policy\/#primaryimage\"},\"image\":{\"@id\":\"https:\/\/www.etoro.com\/es\/editorial\/policy\/#primaryimage\"},\"thumbnailUrl\":\"https:\/\/www.etoro.com\/wp-content\/uploads\/2025\/09\/ES-Editorial-576x385-1.png\",\"datePublished\":\"2025-03-20T11:42:31+00:00\",\"dateModified\":\"2026-01-19T08:38:14+00:00\",\"description\":\"eToro\u2019s investment education resources adhere to the highest standards. These guidelines help foster a trustworthy learning environment for our community.\",\"breadcrumb\":{\"@id\":\"https:\/\/www.etoro.com\/es\/editorial\/policy\/#breadcrumb\"},\"inLanguage\":\"es\",\"potentialAction\":[{\"@type\":\"ReadAction\",\"target\":[\"https:\/\/www.etoro.com\/es\/editorial\/policy\/\"]}]},{\"@type\":\"ImageObject\",\"inLanguage\":\"es\",\"@id\":\"https:\/\/www.etoro.com\/es\/editorial\/policy\/#primaryimage\",\"url\":\"https:\/\/www.etoro.com\/wp-content\/uploads\/2025\/09\/ES-Editorial-576x385-1.png\",\"contentUrl\":\"https:\/\/www.etoro.com\/wp-content\/uploads\/2025\/09\/ES-Editorial-576x385-1.png\",\"width\":576,\"height\":385},{\"@type\":\"BreadcrumbList\",\"@id\":\"https:\/\/www.etoro.com\/es\/editorial\/policy\/#breadcrumb\",\"itemListElement\":[{\"@type\":\"ListItem\",\"position\":1,\"name\":\"Inicio\",\"item\":\"https:\/\/www.etoro.com\/es\/\"},{\"@type\":\"ListItem\",\"position\":2,\"name\":\"Recursos editoriales clave\",\"item\":\"https:\/\/www.etoro.com\/es\/editorial\/\"},{\"@type\":\"ListItem\",\"position\":3,\"name\":\"Academy Editorial Policies\"}]},{\"@type\":\"WebSite\",\"@id\":\"https:\/\/www.etoro.com\/es\/#website\",\"url\":\"https:\/\/www.etoro.com\/es\/\",\"name\":\"eToro\",\"description\":\"\",\"publisher\":{\"@id\":\"https:\/\/www.etoro.com\/es\/#organization\"},\"potentialAction\":[{\"@type\":\"SearchAction\",\"target\":{\"@type\":\"EntryPoint\",\"urlTemplate\":\"https:\/\/www.etoro.com\/es\/?s={search_term_string}\"},\"query-input\":{\"@type\":\"PropertyValueSpecification\",\"valueRequired\":true,\"valueName\":\"search_term_string\"}}],\"inLanguage\":\"es\"},[]]}<\/script>","yoast_head_json":{"title":"eToro Academy Editorial Policy","description":"eToro\u2019s investment education resources adhere to the highest standards. These guidelines help foster a trustworthy learning environment for our community.","robots":{"index":"index","follow":"follow","max-snippet":"max-snippet:-1","max-image-preview":"max-image-preview:large","max-video-preview":"max-video-preview:-1"},"canonical":"https:\/\/www.etoro.com\/es\/wp-json\/wp\/v2\/pages\/942926","og_locale":"es_ES","og_type":"article","og_title":"eToro Academy Editorial Policy","og_description":"eToro\u2019s investment education resources adhere to the highest standards. These guidelines help foster a trustworthy learning environment for our community.","og_url":"https:\/\/www.etoro.com\/es\/wp-json\/wp\/v2\/pages\/942926","og_site_name":"eToro","article_publisher":"https:\/\/www.facebook.com\/eToro\/","article_modified_time":"2026-01-19T08:38:14+00:00","og_image":[{"width":576,"height":385,"url":"https:\/\/www.etoro.com\/wp-content\/uploads\/2025\/09\/ES-Editorial-576x385-1.png","type":"image\/png"}],"twitter_card":"summary_large_image","twitter_site":"@eToro","twitter_misc":{"Est. reading time":"5 minutes"},"schema":{"@context":"https:\/\/schema.org","@graph":[{"@type":"WebPage","@id":"https:\/\/www.etoro.com\/es\/editorial\/policy\/","url":"https:\/\/www.etoro.com\/es\/editorial\/policy\/","name":"eToro Academy Editorial Policy","isPartOf":{"@id":"https:\/\/www.etoro.com\/es\/#website"},"primaryImageOfPage":{"@id":"https:\/\/www.etoro.com\/es\/editorial\/policy\/#primaryimage"},"image":{"@id":"https:\/\/www.etoro.com\/es\/editorial\/policy\/#primaryimage"},"thumbnailUrl":"https:\/\/www.etoro.com\/wp-content\/uploads\/2025\/09\/ES-Editorial-576x385-1.png","datePublished":"2025-03-20T11:42:31+00:00","dateModified":"2026-01-19T08:38:14+00:00","description":"eToro\u2019s investment education resources adhere to the highest standards. These guidelines help foster a trustworthy learning environment for our community.","breadcrumb":{"@id":"https:\/\/www.etoro.com\/es\/editorial\/policy\/#breadcrumb"},"inLanguage":"es","potentialAction":[{"@type":"ReadAction","target":["https:\/\/www.etoro.com\/es\/editorial\/policy\/"]}]},{"@type":"ImageObject","inLanguage":"es","@id":"https:\/\/www.etoro.com\/es\/editorial\/policy\/#primaryimage","url":"https:\/\/www.etoro.com\/wp-content\/uploads\/2025\/09\/ES-Editorial-576x385-1.png","contentUrl":"https:\/\/www.etoro.com\/wp-content\/uploads\/2025\/09\/ES-Editorial-576x385-1.png","width":576,"height":385},{"@type":"BreadcrumbList","@id":"https:\/\/www.etoro.com\/es\/editorial\/policy\/#breadcrumb","itemListElement":[{"@type":"ListItem","position":1,"name":"Inicio","item":"https:\/\/www.etoro.com\/es\/"},{"@type":"ListItem","position":2,"name":"Recursos editoriales clave","item":"https:\/\/www.etoro.com\/es\/editorial\/"},{"@type":"ListItem","position":3,"name":"Academy Editorial Policies"}]},{"@type":"WebSite","@id":"https:\/\/www.etoro.com\/es\/#website","url":"https:\/\/www.etoro.com\/es\/","name":"eToro","description":"","publisher":{"@id":"https:\/\/www.etoro.com\/es\/#organization"},"potentialAction":[{"@type":"SearchAction","target":{"@type":"EntryPoint","urlTemplate":"https:\/\/www.etoro.com\/es\/?s={search_term_string}"},"query-input":{"@type":"PropertyValueSpecification","valueRequired":true,"valueName":"search_term_string"}}],"inLanguage":"es"},[]]}},"_links":{"self":[{"href":"https:\/\/www.etoro.com\/es\/wp-json\/wp\/v2\/pages\/942926"}],"collection":[{"href":"https:\/\/www.etoro.com\/es\/wp-json\/wp\/v2\/pages"}],"about":[{"href":"https:\/\/www.etoro.com\/es\/wp-json\/wp\/v2\/types\/page"}],"author":[{"embeddable":true,"href":"https:\/\/www.etoro.com\/es\/wp-json\/wp\/v2\/users\/127"}],"replies":[{"embeddable":true,"href":"https:\/\/www.etoro.com\/es\/wp-json\/wp\/v2\/comments?post=942926"}],"version-history":[{"count":0,"href":"https:\/\/www.etoro.com\/es\/wp-json\/wp\/v2\/pages\/942926\/revisions"}],"up":[{"embeddable":true,"href":"https:\/\/www.etoro.com\/es\/wp-json\/wp\/v2\/pages\/944088"}],"wp:featuredmedia":[{"embeddable":true,"href":"https:\/\/www.etoro.com\/es\/wp-json\/wp\/v2\/media\/1129366"}],"wp:attachment":[{"href":"https:\/\/www.etoro.com\/es\/wp-json\/wp\/v2\/media?parent=942926"}],"wp:term":[{"taxonomy":"asset_type","embeddable":true,"href":"https:\/\/www.etoro.com\/es\/wp-json\/wp\/v2\/asset_type?post=942926"}],"curies":[{"name":"wp","href":"https:\/\/api.w.org\/{rel}","templated":true}]}}