{"id":944088,"date":"2024-09-24T14:44:06","date_gmt":"2024-09-24T11:44:06","guid":{"rendered":"https:\/\/www.etoro.com\/editorial\/"},"modified":"2025-09-12T12:11:01","modified_gmt":"2025-09-12T09:11:01","slug":"editorial","status":"publish","type":"page","link":"https:\/\/www.etoro.com\/es\/editorial\/","title":{"rendered":"Recursos editoriales clave"},"content":{"rendered":"\n<div class=\"wp-block-etoro-hero has-dark-blue-background-color wp-block-etoro-hero-height-480\"><div class=\"wp-block-etoro-hero-image\"><img decoding=\"async\" src=\"https:\/\/www.etoro.com\/wp-content\/uploads\/2025\/08\/Frame-6-2.png\" alt=\"\" class=\"wp-block-etoro-hero-thumbnail\"\/><\/div><div class=\"wp-block-etoro-hero-body\">\n<h2 class=\"wp-block-heading is-style-banner-title\">Recursos <strong>editoriales clave<\/strong><\/h2>\n<\/div><\/div>\n\n\n\n<section class=\"wp-block-group wp-block-group-boxed has-white-background-color has-background\"><div class=\"wp-block-group-inner is-layout-flow wp-block-group-is-layout-flow\">\n<div class=\"wp-block-columns are-vertically-aligned-top wp-block-columns-1 is-layout-flex wp-container-core-columns-is-layout-1 wp-block-columns-is-layout-flex\">\n<div class=\"wp-block-column is-layout-flow wp-block-column-is-layout-flow\">\n<p>El Centro Editorial de eToro re\u00fane en un solo lugar todo nuestro contenido y gu\u00edas editoriales. Si quieres saber m\u00e1s sobre nuestra pol\u00edtica editorial, explorar nuestros recursos educativos, conocer nuestra Junta de Revisi\u00f3n Financiera o escuchar nuestros <em>podcasts<\/em>, en este centro lo encontrar\u00e1s todo. Cada secci\u00f3n incluye enlaces a p\u00e1ginas relevantes, lo que te permite buscar f\u00e1cilmente lo que necesitas.<\/p>\n<\/div>\n<\/div>\n<\/div><\/section>\n\n\n\n<section class=\"wp-block-group wp-block-group-boxed\"><div class=\"wp-block-group-inner is-layout-flow wp-block-group-is-layout-flow\">\n<p class=\"is-style-heading-2\">Recursos editoriales<\/p>\n\n\n\n<div class=\"wp-block-columns are-vertically-aligned-top wp-block-columns-1 is-layout-flex wp-container-core-columns-is-layout-2 wp-block-columns-is-layout-flex\">\n<div class=\"wp-block-column is-layout-flow wp-block-column-is-layout-flow\">\n<div id=\"swiper1323431514\" class=\"wp-block-etoro-cards wp-block-etoro-cards-column-on-mobile wp-block-etoro-card-grid-columns-2\"><div class=\"swiper-wrapper\">\n<div class=\"wp-block-etoro-card wp-block-etoro-card-has-button wp-block-etoro-card-half-image\"><img decoding=\"async\" src=\"https:\/\/www.etoro.com\/wp-content\/uploads\/2025\/08\/Frame-52960-1.png\" alt=\"Pol\u00edtica editorial\" class=\"wp-block-etoro-card-thumbnail wp-block-etoro-card-thumbnail-mobile\"\/><div class=\"wp-block-etoro-card-thumbnail\" style=\"background-image:url(https:\/\/www.etoro.com\/wp-content\/uploads\/2025\/08\/Frame-427319707-1.png);\"><\/div><div class=\"wp-block-etoro-card-body\"><div class=\"wp-block-etoro-card-title\">Pol\u00edtica editorial<\/div><div class=\"wp-block-etoro-card-content\">\n<p>Principios y gu\u00edas para garantizar que nuestro contenido sea preciso, imparcial y fiable.<\/p>\n<\/div><div class=\"wp-block-etoro-card-button\"><a href=\"https:\/\/www.etoro.com\/es\/editorial\/policy\/\" class=\"e-cta\">Pol\u00edtica editorial<\/a><\/div><\/div><\/div>\n\n\n\n<div class=\"wp-block-etoro-card wp-block-etoro-card-has-button wp-block-etoro-card-half-image\"><img decoding=\"async\" src=\"https:\/\/www.etoro.com\/wp-content\/uploads\/2025\/08\/Frame-529642.png\" alt=\"Junta de Revisi\u00f3n Financiera\" class=\"wp-block-etoro-card-thumbnail wp-block-etoro-card-thumbnail-mobile\"\/><div class=\"wp-block-etoro-card-thumbnail\" style=\"background-image:url(https:\/\/www.etoro.com\/wp-content\/uploads\/2025\/08\/Frame-52962.png);\"><\/div><div class=\"wp-block-etoro-card-body\"><div class=\"wp-block-etoro-card-title\">Junta de Revisi\u00f3n Financiera<\/div><div class=\"wp-block-etoro-card-content\">\n<p>Conoce nuestra Junta de Revisi\u00f3n Financiera, un grupo seleccionado de expertos que tienen la responsabilidad de establecer los est\u00e1ndares para nuestro contenido financiero.<\/p>\n<\/div><div class=\"wp-block-etoro-card-button\"><a href=\"https:\/\/www.etoro.com\/es\/editorial\/financial-review-board\/\" class=\"e-cta\">Junta de Revisi\u00f3n Financiera<\/a><\/div><\/div><\/div>\n\n\n\n<div class=\"wp-block-etoro-card wp-block-etoro-card-has-button wp-block-etoro-card-half-image\"><img decoding=\"async\" src=\"https:\/\/www.etoro.com\/wp-content\/uploads\/2025\/08\/Frame-529643.png\" alt=\"Analistas\" class=\"wp-block-etoro-card-thumbnail wp-block-etoro-card-thumbnail-mobile\"\/><div class=\"wp-block-etoro-card-thumbnail\" style=\"background-image:url(https:\/\/www.etoro.com\/wp-content\/uploads\/2025\/08\/Frame-427319712-2.png);\"><\/div><div class=\"wp-block-etoro-card-body\"><div class=\"wp-block-etoro-card-title\">Analistas<\/div><div class=\"wp-block-etoro-card-content\">\n<p>Conoce nuestros analistas, quienes son expertos en sus respectivos campos financieros y proporcionan informaci\u00f3n y an\u00e1lisis.<\/p>\n<\/div><div class=\"wp-block-etoro-card-button\"><a href=\"https:\/\/www.etoro.com\/es\/editorial\/analysts\/\" class=\"e-cta\">Analistas<\/a><\/div><\/div><\/div>\n\n\n\n<div class=\"wp-block-etoro-card wp-block-etoro-card-has-button wp-block-etoro-card-half-image\"><img decoding=\"async\" src=\"https:\/\/www.etoro.com\/wp-content\/uploads\/2025\/08\/Frame-529624.png\" alt=\"Colaboradores\" class=\"wp-block-etoro-card-thumbnail wp-block-etoro-card-thumbnail-mobile\"\/><div class=\"wp-block-etoro-card-thumbnail\" style=\"background-image:url(https:\/\/www.etoro.com\/wp-content\/uploads\/2025\/08\/Frame-427319713-2.png);\"><\/div><div class=\"wp-block-etoro-card-body\"><div class=\"wp-block-etoro-card-title\">Colaboradores<\/div><div class=\"wp-block-etoro-card-content\">\n<p>Aprende m\u00e1s sobre nuestros colaboradores, traders e inversores experimentados que comparten experiencias reales.<\/p>\n<\/div><div class=\"wp-block-etoro-card-button\"><a href=\"https:\/\/www.etoro.com\/es\/editorial\/contributors\/\" class=\"e-cta\">Colaboradores<\/a><\/div><\/div><\/div>\n<\/div><\/div>\n<\/div>\n<\/div>\n<\/div><\/section>\n\n\n\n<section class=\"wp-block-group wp-block-group-boxed has-white-background-color has-background\"><div class=\"wp-block-group-inner is-layout-flow wp-block-group-is-layout-flow\">\n<div class=\"wp-block-columns are-vertically-aligned-top wp-block-columns-1 is-layout-flex wp-container-core-columns-is-layout-3 wp-block-columns-is-layout-flex\">\n<div class=\"wp-block-column is-layout-flow wp-block-column-is-layout-flow\">\n<h2 class=\"wp-block-heading\">Recursos educativos<\/h2>\n\n\n\n<div class=\"wp-block-etoro-resource-item\"><img decoding=\"async\" src=\"https:\/\/www.etoro.com\/wp-content\/uploads\/2025\/09\/ES-eToro-Academy-1920x400-1.png\" alt=\"<strong&gt;Academia de eToro<\/strong&gt; desktop image\" class=\"wp-block-etoro-resource-item-desktop-image\"\/><div class=\"wp-block-etoro-resource-item-content\"><img decoding=\"async\" src=\"https:\/\/www.etoro.com\/wp-content\/uploads\/2025\/08\/Background.svg\" alt=\"<strong&gt;Academia de eToro<\/strong&gt; icon\" class=\"wp-block-etoro-resource-item-icon\"\/><div class=\"wp-block-etoro-resource-item-text-button-wrapper\"><div class=\"wp-block-etoro-resource-item-text-wrapper\"><h2 class=\"wp-block-etoro-resource-item-title\"><strong>Academia de eToro<\/strong><\/h2><p class=\"wp-block-etoro-resource-item-description\">Cursos y materiales para ayudarte a navegar por los mercados.<\/p><\/div>\n<a class=\"e-cta e-cta-alternative\" href=\"https:\/\/www.etoro.com\/es\/academy\/\">Academia de eToro<\/a>\n<\/div><\/div><\/div>\n\n\n\n<div class=\"wp-block-etoro-resource-item\"><img decoding=\"async\" src=\"https:\/\/www.etoro.com\/wp-content\/uploads\/2025\/09\/ES-Digest-and-Invest-1920x400-1.png\" alt=\"<strong&gt;Comprender e invertir<\/strong&gt; desktop image\" class=\"wp-block-etoro-resource-item-desktop-image\"\/><div class=\"wp-block-etoro-resource-item-content\"><img decoding=\"async\" src=\"https:\/\/www.etoro.com\/wp-content\/uploads\/2025\/08\/Background-1.svg\" alt=\"<strong&gt;Comprender e invertir<\/strong&gt; icon\" class=\"wp-block-etoro-resource-item-icon\"\/><div class=\"wp-block-etoro-resource-item-text-button-wrapper\"><div class=\"wp-block-etoro-resource-item-text-wrapper\"><h2 class=\"wp-block-etoro-resource-item-title\"><strong>Comprender e invertir<\/strong><\/h2><p class=\"wp-block-etoro-resource-item-description\">Podcasts para ayudarte a mejorar tu conocimiento financiero.<\/p><\/div>\n<a class=\"e-cta e-cta-alternative\" href=\"https:\/\/www.etoro.com\/es\/digest-and-invest\/\">Comprender e invertir<\/a>\n<\/div><\/div><\/div>\n\n\n\n<div class=\"wp-block-etoro-resource-item\"><img decoding=\"async\" src=\"https:\/\/www.etoro.com\/wp-content\/uploads\/2025\/09\/ES-Analyst-Weekly-1920x400-1.png\" alt=\"<strong&gt;Noticias y an\u00e1lisis<\/strong&gt; desktop image\" class=\"wp-block-etoro-resource-item-desktop-image\"\/><div class=\"wp-block-etoro-resource-item-content\"><img decoding=\"async\" src=\"https:\/\/www.etoro.com\/wp-content\/uploads\/2025\/08\/Background-2.svg\" alt=\"<strong&gt;Noticias y an\u00e1lisis<\/strong&gt; icon\" class=\"wp-block-etoro-resource-item-icon\"\/><div class=\"wp-block-etoro-resource-item-text-button-wrapper\"><div class=\"wp-block-etoro-resource-item-text-wrapper\"><h2 class=\"wp-block-etoro-resource-item-title\"><strong>Noticias y an\u00e1lisis<\/strong><\/h2><p class=\"wp-block-etoro-resource-item-description\">Las \u00faltimas noticias y an\u00e1lisis del mercado con nuestro equipo de analistas globales.<\/p><\/div>\n<a class=\"e-cta e-cta-alternative\" href=\"https:\/\/www.etoro.com\/es\/news-and-analysis\/\">Noticias y an\u00e1lisis<\/a>\n<\/div><\/div><\/div>\n<\/div>\n<\/div>\n<\/div><\/section>\n\n\n\n<section class=\"wp-block-group wp-block-group-boxed\"><div class=\"wp-block-group-inner is-layout-flow wp-block-group-is-layout-flow\">\n<div class=\"wp-block-columns are-vertically-aligned-top wp-block-columns-1 is-layout-flex wp-container-core-columns-is-layout-4 wp-block-columns-is-layout-flex\">\n<div class=\"wp-block-column is-layout-flow wp-block-column-is-layout-flow\">\n<h2 class=\"wp-block-heading has-text-align-center\"><strong>\u00bfListo para unirte a eToro?<\/strong><\/h2>\n\n\n\n<p class=\"has-text-align-center\">Si a\u00fan no has abierto tu cuenta en eToro, descubre lo f\u00e1cil que es registrarse con nuestro <a href=\"https:\/\/www.youtube.com\/watch?v=3T6FYSdsWmM\" target=\"_blank\" rel=\"noreferrer noopener\">tutorial<\/a> paso a paso.<\/p>\n\n\n\n<div class=\"wp-block-buttons is-content-justification-center is-layout-flex wp-container-core-buttons-is-layout-1 wp-block-buttons-is-layout-flex\">\n<a class=\"e-cta e-cta-primary\" href=\"https:\/\/www.etoro.com\/es\/accounts\/sign-up\">\u00a1Reg\u00edstrate ahora!<\/a>\n<\/div>\n<\/div>\n<\/div>\n<\/div><\/section>\n","protected":false},"excerpt":{"rendered":"<p>El Centro Editorial de eToro re\u00fane en un solo lugar todo nuestro contenido y gu\u00edas editoriales. Si quieres saber m\u00e1s sobre nuestra pol\u00edtica editorial, explorar nuestros recursos educativos, conocer nuestra Junta de Revisi\u00f3n Financiera o escuchar nuestros podcasts, en este centro lo encontrar\u00e1s todo. Cada secci\u00f3n incluye enlaces a p\u00e1ginas relevantes, lo que te permite&hellip;<\/p>\n","protected":false},"author":39,"featured_media":0,"parent":0,"menu_order":0,"comment_status":"closed","ping_status":"closed","template":"","meta":{"_acf_changed":false,"inline_featured_image":false,"sticky_cta_settings":"","footnotes":""},"asset_type":[],"class_list":["post-944088","page","type-page","status-publish","hentry"],"acf":[],"yoast_head":"<title>Centro Editorial de eToro<\/title>\n<meta name=\"description\" content=\"Tu recurso para comprender las reglas que rigen el contenido editorial de eToro y el rol de nuestra Junta de Revisi\u00f3n Financiera, analistas y colaboradores.\" \/>\n<meta name=\"robots\" content=\"index, follow, max-snippet:-1, max-image-preview:large, max-video-preview:-1\" \/>\n<link rel=\"canonical\" href=\"https:\/\/www.etoro.com\/es\/wp-json\/wp\/v2\/pages\/944088\" \/>\n<meta property=\"og:locale\" content=\"es_ES\" \/>\n<meta property=\"og:type\" content=\"article\" \/>\n<meta property=\"og:title\" content=\"Centro Editorial de eToro\" \/>\n<meta property=\"og:description\" content=\"Tu recurso para comprender las reglas que rigen el contenido editorial de eToro y el rol de nuestra Junta de Revisi\u00f3n Financiera, analistas y colaboradores.\" \/>\n<meta property=\"og:url\" content=\"https:\/\/www.etoro.com\/es\/wp-json\/wp\/v2\/pages\/944088\" \/>\n<meta property=\"og:site_name\" content=\"eToro\" \/>\n<meta property=\"article:publisher\" content=\"https:\/\/www.facebook.com\/eToro\/\" \/>\n<meta property=\"article:modified_time\" content=\"2025-09-12T09:11:01+00:00\" \/>\n<meta property=\"og:image\" content=\"https:\/\/www.etoro.com\/wp-content\/uploads\/2025\/08\/Frame-6-2.png\" \/>\n<meta name=\"twitter:card\" content=\"summary_large_image\" \/>\n<meta name=\"twitter:site\" content=\"@eToro\" \/>\n<meta name=\"twitter:label1\" content=\"Est. reading time\" \/>\n\t<meta name=\"twitter:data1\" content=\"1 minute\" \/>\n<script type=\"application\/ld+json\" class=\"yoast-schema-graph\">{\"@context\":\"https:\/\/schema.org\",\"@graph\":[{\"@type\":\"WebPage\",\"@id\":\"https:\/\/www.etoro.com\/es\/editorial\/\",\"url\":\"https:\/\/www.etoro.com\/es\/editorial\/\",\"name\":\"Centro Editorial de eToro\",\"isPartOf\":{\"@id\":\"https:\/\/www.etoro.com\/es\/#website\"},\"primaryImageOfPage\":{\"@id\":\"https:\/\/www.etoro.com\/es\/editorial\/#primaryimage\"},\"image\":{\"@id\":\"https:\/\/www.etoro.com\/es\/editorial\/#primaryimage\"},\"thumbnailUrl\":\"https:\/\/www.etoro.com\/wp-content\/uploads\/2025\/08\/Frame-6-2.png\",\"datePublished\":\"2024-09-24T11:44:06+00:00\",\"dateModified\":\"2025-09-12T09:11:01+00:00\",\"description\":\"Tu recurso para comprender las reglas que rigen el contenido editorial de eToro y el rol de nuestra Junta de Revisi\u00f3n Financiera, analistas y colaboradores.\",\"breadcrumb\":{\"@id\":\"https:\/\/www.etoro.com\/es\/editorial\/#breadcrumb\"},\"inLanguage\":\"es\",\"potentialAction\":[{\"@type\":\"ReadAction\",\"target\":[\"https:\/\/www.etoro.com\/es\/editorial\/\"]}]},{\"@type\":\"ImageObject\",\"inLanguage\":\"es\",\"@id\":\"https:\/\/www.etoro.com\/es\/editorial\/#primaryimage\",\"url\":\"https:\/\/www.etoro.com\/wp-content\/uploads\/2025\/08\/Frame-6-2.png\",\"contentUrl\":\"https:\/\/www.etoro.com\/wp-content\/uploads\/2025\/08\/Frame-6-2.png\"},{\"@type\":\"BreadcrumbList\",\"@id\":\"https:\/\/www.etoro.com\/es\/editorial\/#breadcrumb\",\"itemListElement\":[{\"@type\":\"ListItem\",\"position\":1,\"name\":\"Inicio\",\"item\":\"https:\/\/www.etoro.com\/es\/\"},{\"@type\":\"ListItem\",\"position\":2,\"name\":\"Recursos editoriales clave\"}]},{\"@type\":\"WebSite\",\"@id\":\"https:\/\/www.etoro.com\/es\/#website\",\"url\":\"https:\/\/www.etoro.com\/es\/\",\"name\":\"eToro\",\"description\":\"\",\"publisher\":{\"@id\":\"https:\/\/www.etoro.com\/es\/#organization\"},\"potentialAction\":[{\"@type\":\"SearchAction\",\"target\":{\"@type\":\"EntryPoint\",\"urlTemplate\":\"https:\/\/www.etoro.com\/es\/?s={search_term_string}\"},\"query-input\":{\"@type\":\"PropertyValueSpecification\",\"valueRequired\":true,\"valueName\":\"search_term_string\"}}],\"inLanguage\":\"es\"},[]]}<\/script>","yoast_head_json":{"title":"Centro Editorial de eToro","description":"Tu recurso para comprender las reglas que rigen el contenido editorial de eToro y el rol de nuestra Junta de Revisi\u00f3n Financiera, analistas y colaboradores.","robots":{"index":"index","follow":"follow","max-snippet":"max-snippet:-1","max-image-preview":"max-image-preview:large","max-video-preview":"max-video-preview:-1"},"canonical":"https:\/\/www.etoro.com\/es\/wp-json\/wp\/v2\/pages\/944088","og_locale":"es_ES","og_type":"article","og_title":"Centro Editorial de eToro","og_description":"Tu recurso para comprender las reglas que rigen el contenido editorial de eToro y el rol de nuestra Junta de Revisi\u00f3n Financiera, analistas y colaboradores.","og_url":"https:\/\/www.etoro.com\/es\/wp-json\/wp\/v2\/pages\/944088","og_site_name":"eToro","article_publisher":"https:\/\/www.facebook.com\/eToro\/","article_modified_time":"2025-09-12T09:11:01+00:00","og_image":[{"url":"https:\/\/www.etoro.com\/wp-content\/uploads\/2025\/08\/Frame-6-2.png","type":"","width":"","height":""}],"twitter_card":"summary_large_image","twitter_site":"@eToro","twitter_misc":{"Est. reading time":"1 minute"},"schema":{"@context":"https:\/\/schema.org","@graph":[{"@type":"WebPage","@id":"https:\/\/www.etoro.com\/es\/editorial\/","url":"https:\/\/www.etoro.com\/es\/editorial\/","name":"Centro Editorial de eToro","isPartOf":{"@id":"https:\/\/www.etoro.com\/es\/#website"},"primaryImageOfPage":{"@id":"https:\/\/www.etoro.com\/es\/editorial\/#primaryimage"},"image":{"@id":"https:\/\/www.etoro.com\/es\/editorial\/#primaryimage"},"thumbnailUrl":"https:\/\/www.etoro.com\/wp-content\/uploads\/2025\/08\/Frame-6-2.png","datePublished":"2024-09-24T11:44:06+00:00","dateModified":"2025-09-12T09:11:01+00:00","description":"Tu recurso para comprender las reglas que rigen el contenido editorial de eToro y el rol de nuestra Junta de Revisi\u00f3n Financiera, analistas y colaboradores.","breadcrumb":{"@id":"https:\/\/www.etoro.com\/es\/editorial\/#breadcrumb"},"inLanguage":"es","potentialAction":[{"@type":"ReadAction","target":["https:\/\/www.etoro.com\/es\/editorial\/"]}]},{"@type":"ImageObject","inLanguage":"es","@id":"https:\/\/www.etoro.com\/es\/editorial\/#primaryimage","url":"https:\/\/www.etoro.com\/wp-content\/uploads\/2025\/08\/Frame-6-2.png","contentUrl":"https:\/\/www.etoro.com\/wp-content\/uploads\/2025\/08\/Frame-6-2.png"},{"@type":"BreadcrumbList","@id":"https:\/\/www.etoro.com\/es\/editorial\/#breadcrumb","itemListElement":[{"@type":"ListItem","position":1,"name":"Inicio","item":"https:\/\/www.etoro.com\/es\/"},{"@type":"ListItem","position":2,"name":"Recursos editoriales clave"}]},{"@type":"WebSite","@id":"https:\/\/www.etoro.com\/es\/#website","url":"https:\/\/www.etoro.com\/es\/","name":"eToro","description":"","publisher":{"@id":"https:\/\/www.etoro.com\/es\/#organization"},"potentialAction":[{"@type":"SearchAction","target":{"@type":"EntryPoint","urlTemplate":"https:\/\/www.etoro.com\/es\/?s={search_term_string}"},"query-input":{"@type":"PropertyValueSpecification","valueRequired":true,"valueName":"search_term_string"}}],"inLanguage":"es"},[]]}},"_links":{"self":[{"href":"https:\/\/www.etoro.com\/es\/wp-json\/wp\/v2\/pages\/944088"}],"collection":[{"href":"https:\/\/www.etoro.com\/es\/wp-json\/wp\/v2\/pages"}],"about":[{"href":"https:\/\/www.etoro.com\/es\/wp-json\/wp\/v2\/types\/page"}],"author":[{"embeddable":true,"href":"https:\/\/www.etoro.com\/es\/wp-json\/wp\/v2\/users\/39"}],"replies":[{"embeddable":true,"href":"https:\/\/www.etoro.com\/es\/wp-json\/wp\/v2\/comments?post=944088"}],"version-history":[{"count":0,"href":"https:\/\/www.etoro.com\/es\/wp-json\/wp\/v2\/pages\/944088\/revisions"}],"wp:attachment":[{"href":"https:\/\/www.etoro.com\/es\/wp-json\/wp\/v2\/media?parent=944088"}],"wp:term":[{"taxonomy":"asset_type","embeddable":true,"href":"https:\/\/www.etoro.com\/es\/wp-json\/wp\/v2\/asset_type?post=944088"}],"curies":[{"name":"wp","href":"https:\/\/api.w.org\/{rel}","templated":true}]}}