{"id":944454,"date":"2024-10-02T10:57:31","date_gmt":"2024-10-02T07:57:31","guid":{"rendered":"https:\/\/www.etoro.com\/investing\/which-investment-is-best-our-top-7-picks\/"},"modified":"2025-06-19T14:54:36","modified_gmt":"2025-06-19T11:54:36","slug":"which-investment-is-best-our-top-7-picks","status":"publish","type":"page","link":"https:\/\/www.etoro.com\/es\/investing\/which-investment-is-best-our-top-7-picks\/","title":{"rendered":"\u00bfCu\u00e1l es la mejor inversi\u00f3n? Nuestras 7 principales recomendaciones para el Q4"},"content":{"rendered":"\n<p>A medida que nos adentramos en el \u00faltimo trimestre de 2024, los mercados mundiales presentan tanto retos como oportunidades para los inversores. Navegar por estas aguas exige un planteamiento estrat\u00e9gico, centrado en activos preparados para obtener buenos resultados en medio de la incertidumbre econ\u00f3mica, los cambios geopol\u00edticos y los avances tecnol\u00f3gicos.&nbsp;<\/p>\n\n\n\n<p>Estos son los principales activos (que representan una combinaci\u00f3n diversificada de cinco acciones, dos <a href=\"https:\/\/www.etoro.com\/investing\/what-is-etf\/\">ETF<\/a> y una cripto) que puedes considerar a\u00f1adir a tu portafolio en estos momentos.<\/p>\n\n\n\n<h2 class=\"wp-block-heading\">1. <a href=\"https:\/\/www.etoro.com\/es\/markets\/tsla\">Tesla (TSLA)<\/a><\/h2>\n\n\n\n<p>Tesla sigue siendo pionera en el sector de los veh\u00edculos el\u00e9ctricos (VE), y sus innovaciones y su cuota de mercado en expansi\u00f3n la convierten en una inversi\u00f3n atractiva. Con el creciente impulso mundial hacia la sostenibilidad, se espera que Tesla se beneficie del actual cambio hacia los veh\u00edculos el\u00e9ctricos.<\/p>\n\n\n\n<div class=\"wp-block-buttons is-layout-flex wp-block-buttons-is-layout-flex\">\n<a class=\"e-cta e-cta-primary\" href=\"https:\/\/www.etoro.com\/es\/markets\/tsla\">Invierte en Tesla<\/a>\n<\/div>\n\n\n\n<p class=\"has-text-align-left is-style-default\">Descargo de responsabilidad: su capital est\u00e1 en riesgo.<\/p>\n\n\n\n<h2 class=\"wp-block-heading\">2. <a href=\"https:\/\/www.etoro.com\/es\/markets\/msft\">Microsoft (MSFT)<\/a><\/h2>\n\n\n\n<p>Microsoft ha mantenido su estatus de gigante tecnol\u00f3gico gracias a adquisiciones estrat\u00e9gicas y a la creciente atenci\u00f3n del sector a la computaci\u00f3n en la nube. Con la integraci\u00f3n de la IA y la continua expansi\u00f3n de sus servicios en la nube de Azure, Microsoft est\u00e1 bien preparada para capitalizar la creciente demanda de productos digitales en todos los sectores.<\/p>\n\n\n\n<div class=\"wp-block-buttons is-layout-flex wp-block-buttons-is-layout-flex\">\n<a class=\"e-cta e-cta-primary\" href=\"https:\/\/www.etoro.com\/es\/markets\/msft\">Invierte en Microsoft<\/a>\n<\/div>\n\n\n\n<p class=\"is-style-default\">Descargo de responsabilidad: su capital est\u00e1 en riesgo.<\/p>\n\n\n\n<h2 class=\"wp-block-heading\">3. <a href=\"https:\/\/www.etoro.com\/es\/markets\/spy\">SPDR S&amp;P 500 ETF (SPY)<\/a><\/h2>\n\n\n\n<p>El ETF SPDR S&amp;P 500 ofrece una amplia exposici\u00f3n al mercado de renta variable estadounidense, lo que lo convierte en una opci\u00f3n popular para los inversores que buscan diversificaci\u00f3n para mitigar los riesgos asociados a las acciones individuales. En el cuarto trimestre de 2024, con la incertidumbre econ\u00f3mica a\u00fan al acecho, este ETF ofrece una estrategia equilibrada, captando ganancias de diversos sectores.<\/p>\n\n\n\n<div class=\"wp-block-buttons is-layout-flex wp-block-buttons-is-layout-flex\">\n<a class=\"e-cta e-cta-primary\" href=\"https:\/\/www.etoro.com\/es\/markets\/spy\">Invierte en SPY<\/a>\n<\/div>\n\n\n\n<p class=\"is-style-default\">Descargo de responsabilidad: <strong>el 51% de las cuentas minoristas de CFD pierde dinero<\/strong><\/p>\n\n\n\n<p data-country-include=\"AE\" class=\"is-style-default\">Descargo de responsabilidad EAU: los CFD son instrumentos complejos y conllevan un alto riesgo de perder dinero r\u00e1pidamente debido al apalancamiento.<\/p>\n\n\n\n<h2 class=\"wp-block-heading\">4. <a href=\"https:\/\/www.etoro.com\/es\/markets\/btc\">Bitcoin (BTC)<\/a><\/h2>\n\n\n\n<p>Aunque las cripto siguen siendo un mercado din\u00e1mico y, a menudo, impredecible, el Bitcoin contin\u00faa siendo el activo estrella en este \u00e1mbito. A medida que crezca la adopci\u00f3n institucional y mejore la claridad regulatoria, es probable que se fortalezca el papel de Bitcoin como dep\u00f3sito digital de valor. Bitcoin podr\u00eda incluso beneficiarse de la inestabilidad econ\u00f3mica, lo que lo convierte en una valiosa incorporaci\u00f3n a un portafolio diversificado.<\/p>\n\n\n\n<div class=\"wp-block-buttons is-layout-flex wp-block-buttons-is-layout-flex\">\n<a class=\"e-cta e-cta-primary\" href=\"https:\/\/www.etoro.com\/es\/markets\/btc\">Invierte en BTC<\/a>\n<\/div>\n\n\n\n<h2 class=\"wp-block-heading\">5. <a href=\"https:\/\/www.etoro.com\/es\/markets\/nvda\">NVIDIA (NVDA)<\/a><\/h2>\n\n\n\n<p>NVIDIA est\u00e1 a la vanguardia de la revoluci\u00f3n de la IA, y sus GPU se emplean para todo, desde juegos hasta centros de datos impulsados por IA. La IA contin\u00faa impulsando los avances tecnol\u00f3gicos en varios sectores y el liderazgo de NVIDIA en este \u00e1mbito la convierte en un activo destacado. Con los continuos avances en IA, juegos y metaverso, NVIDIA est\u00e1 bien posicionada para seguir creciendo.<\/p>\n\n\n\n<div class=\"wp-block-buttons is-layout-flex wp-block-buttons-is-layout-flex\">\n<a class=\"e-cta e-cta-primary\" href=\"https:\/\/www.etoro.com\/es\/markets\/nvda\">Invierte en NVIDIA<\/a>\n<\/div>\n\n\n\n<p class=\"is-style-default\">Descargo de responsabilidad: su capital est\u00e1 en riesgo.<\/p>\n\n\n\n<h2 class=\"wp-block-heading\">6. <a href=\"https:\/\/www.etoro.com\/es\/markets\/icln\">iShares Global Clean Energy ETF (ICLN)<\/a><\/h2>\n\n\n\n<p>El sector de las energ\u00edas limpias est\u00e1 cobrando impulso a medida que los pa\u00edses se comprometen a reducir las emisiones de carbono y a realizar la transici\u00f3n a las energ\u00edas renovables. El ETF iShares Global Clean Energy ofrece exposici\u00f3n a empresas relacionadas con la energ\u00eda solar, e\u00f3lica y otras tecnolog\u00edas de <a href=\"https:\/\/www.etoro.com\/es\/investing\/renewable-energy\/\">energ\u00eda limpia<\/a>. Con el creciente apoyo de los gobiernos y los avances tecnol\u00f3gicos, este ETF brinda la oportunidad de invertir en el futuro de la energ\u00eda.<\/p>\n\n\n\n<div class=\"wp-block-buttons is-layout-flex wp-block-buttons-is-layout-flex\">\n<a class=\"e-cta e-cta-primary\" href=\"https:\/\/www.etoro.com\/es\/markets\/icln\">Invierte en ICLN<\/a>\n<\/div>\n\n\n\n<p class=\"is-style-default\">Descargo de responsabilidad: su capital est\u00e1 en riesgo.<\/p>\n\n\n\n<h2 class=\"wp-block-heading\">7. <a href=\"https:\/\/www.etoro.com\/es\/markets\/azn\">AstraZeneca (AZN)<\/a><\/h2>\n\n\n\n<p>AstraZeneca sigue siendo una empresa fuerte en el sector farmac\u00e9utico, sobre todo con su apuesta por la oncolog\u00eda, la inmunolog\u00eda y los tratamientos cardiovasculares. Ante la persistencia de los retos sanitarios mundiales, incluida la continua demanda de vacunas y tratamientos a ra\u00edz de los nuevos problemas de salud, la s\u00f3lida cartera de proyectos y los tratamientos innovadores de AstraZeneca la convierten en una inversi\u00f3n prometedora.<\/p>\n\n\n\n<div class=\"wp-block-buttons is-layout-flex wp-block-buttons-is-layout-flex\">\n<a class=\"e-cta e-cta-primary\" href=\"https:\/\/etoro.com\/es\/markets\/azn\" rel=\"nofollow noopener noreferrer\" >Invierte en AstraZeneca<\/a>\n<\/div>\n\n\n\n<p class=\"is-style-default\">Descargo de responsabilidad: su capital est\u00e1 en riesgo.<\/p>\n\n\n\n<h2 class=\"wp-block-heading\">El \u00faltimo trimestre de un a\u00f1o lleno de acontecimientos<\/h2>\n\n\n\n<p>Invertir a finales de 2024 requiere una estrategia equilibrada, centrada en activos que ofrezcan tanto potencial de crecimiento como estabilidad. Los siete activos que hemos enumerado son una mezcla diversificada de oportunidades en diferentes sectores, que van desde la tecnolog\u00eda y la energ\u00eda limpia hasta los productos farmac\u00e9uticos y las cripto. Como siempre, es esencial mantenerse informado y ajustar el portafolio conforme evolucionan las condiciones del mercado.<\/p>\n\n\n\n<div class=\"wp-block-buttons is-content-justification-left is-layout-flex wp-container-core-buttons-is-layout-8 wp-block-buttons-is-layout-flex\">\n<a class=\"e-cta e-cta-primary\" href=\"https:\/\/www.etoro.com\/es\/accounts\/sign-up\">\u00danete a eToro<\/a>\n<\/div>\n\n\n\n<p class=\"is-style-default\">Descargo de responsabilidad: <strong>el 51% de las cuentas minoristas de CFD pierde dinero<\/strong><\/p>\n\n\n\n<section class=\"wp-block-group wp-block-group-full\"><div class=\"wp-block-group-inner is-layout-flow wp-block-group-is-layout-flow\">\n<div class=\"wp-block-columns are-vertically-aligned-top wp-block-columns-1 is-layout-flex wp-container-core-columns-is-layout-1 wp-block-columns-is-layout-flex\">\n<div class=\"wp-block-column is-layout-flow wp-block-column-is-layout-flow\">\n<p class=\"has-text-align-center is-style-heading-2\"><strong>Crea una cartera realmente diversificada<\/strong><\/p>\n\n\n\n<p class=\"has-text-align-center\">En eToro, la plataforma de inversi\u00f3n multiactivos<\/p>\n\n\n\n<figure class=\"wp-block-image size-large\"><img loading=\"lazy\" decoding=\"async\" width=\"1024\" height=\"285\" src=\"https:\/\/www.etoro.com\/wp-content\/uploads\/2024\/10\/taboola-20241016-inv6icons-es-1024x285.png\" alt=\"\" class=\"wp-image-945736 wp-image-desktop\" srcset=\"https:\/\/www.etoro.com\/wp-content\/uploads\/2024\/10\/taboola-20241016-inv6icons-es-1024x285.png 1024w, https:\/\/www.etoro.com\/wp-content\/uploads\/2024\/10\/taboola-20241016-inv6icons-es-300x84.png 300w, https:\/\/www.etoro.com\/wp-content\/uploads\/2024\/10\/taboola-20241016-inv6icons-es-768x214.png 768w, https:\/\/www.etoro.com\/wp-content\/uploads\/2024\/10\/taboola-20241016-inv6icons-es.png 1256w\" sizes=\"(max-width: 1024px) 100vw, 1024px\" \/><\/figure>\n<\/div>\n<\/div>\n\n\n\n<p class=\"has-text-align-center is-style-disclaimer\"><em>Esta comunicaci\u00f3n tiene \u00fanicamente fines informativos y educativos y no debe interpretarse como un consejo de inversi\u00f3n, una recomendaci\u00f3n personal o una oferta o solicitud de compra o venta de ning\u00fan instrumento financiero. Este material se ha elaborado sin tener en cuenta los objetivos de inversi\u00f3n o la situaci\u00f3n financiera de ning\u00fan destinatario en particular, y no se ha elaborado de acuerdo con los requisitos legales y reglamentarios para promover la investigaci\u00f3n independiente. Cualquier referencia al rendimiento pasado o futuro de un instrumento financiero, \u00edndice o producto de inversi\u00f3n empaquetado no es, ni debe considerarse, un indicador fiable de resultados futuros. eToro no representa ni asume responsabilidad alguna en cuanto a la exactitud o integridad del contenido de esta publicaci\u00f3n.<\/em><\/p>\n<\/div><\/section>\n","protected":false},"excerpt":{"rendered":"<p>A medida que nos adentramos en el \u00faltimo trimestre de 2024, los mercados mundiales presentan tanto retos como oportunidades para los inversores. Navegar por estas aguas exige un planteamiento estrat\u00e9gico, centrado en activos preparados para obtener buenos resultados en medio de la incertidumbre econ\u00f3mica, los cambios geopol\u00edticos y los avances tecnol\u00f3gicos.&nbsp; Estos son los principales&hellip;<\/p>\n","protected":false},"author":127,"featured_media":942417,"parent":19770,"menu_order":0,"comment_status":"closed","ping_status":"closed","template":"templates\/taboola.php","meta":{"_acf_changed":false,"inline_featured_image":false,"sticky_cta_settings":"","footnotes":""},"asset_type":[],"class_list":["post-944454","page","type-page","status-publish","has-post-thumbnail","hentry"],"acf":[],"yoast_head":"<title>\u00bfCu\u00e1l es la mejor inversi\u00f3n? Nuestras 7 principales recomendaciones para el Q4<\/title>\n<meta name=\"description\" content=\"A medida que nos adentramos en el \u00faltimo trimestre de 2024, los mercados mundiales presentan tanto retos como oportunidades para los inversores. Navegar por estas aguas exige un planteamiento estrat\u00e9gico, centrado en activos preparados para obtener buenos resultados en medio de la incertidumbre econ\u00f3mica, los cambios geopol\u00edticos y los avances tecnol\u00f3gicos.\" \/>\n<meta name=\"robots\" content=\"index, follow, max-snippet:-1, max-image-preview:large, max-video-preview:-1\" \/>\n<link rel=\"canonical\" href=\"https:\/\/www.etoro.com\/es\/wp-json\/wp\/v2\/pages\/944454\" \/>\n<meta property=\"og:locale\" content=\"es_ES\" \/>\n<meta property=\"og:type\" content=\"article\" \/>\n<meta property=\"og:title\" content=\"\u00bfCu\u00e1l es la mejor inversi\u00f3n? Nuestras 7 principales recomendaciones para el Q4\" \/>\n<meta property=\"og:description\" content=\"A medida que nos adentramos en el \u00faltimo trimestre de 2024, los mercados mundiales presentan tanto retos como oportunidades para los inversores. Navegar por estas aguas exige un planteamiento estrat\u00e9gico, centrado en activos preparados para obtener buenos resultados en medio de la incertidumbre econ\u00f3mica, los cambios geopol\u00edticos y los avances tecnol\u00f3gicos.\" \/>\n<meta property=\"og:url\" content=\"https:\/\/www.etoro.com\/es\/wp-json\/wp\/v2\/pages\/944454\" \/>\n<meta property=\"og:site_name\" content=\"eToro\" \/>\n<meta property=\"article:publisher\" content=\"https:\/\/www.facebook.com\/eToro\/\" \/>\n<meta property=\"article:modified_time\" content=\"2025-06-19T11:54:36+00:00\" \/>\n<meta property=\"og:image\" content=\"https:\/\/www.etoro.com\/wp-content\/uploads\/2024\/10\/Q4-2024-Top-Assets-Taboola-600x500-1.jpg\" \/>\n\t<meta property=\"og:image:width\" content=\"600\" \/>\n\t<meta property=\"og:image:height\" content=\"500\" \/>\n\t<meta property=\"og:image:type\" content=\"image\/jpeg\" \/>\n<meta name=\"twitter:card\" content=\"summary_large_image\" \/>\n<meta name=\"twitter:site\" content=\"@eToro\" \/>\n<meta name=\"twitter:label1\" content=\"Est. reading time\" \/>\n\t<meta name=\"twitter:data1\" content=\"5 minutes\" \/>\n<script type=\"application\/ld+json\" class=\"yoast-schema-graph\">{\"@context\":\"https:\/\/schema.org\",\"@graph\":[{\"@type\":\"WebPage\",\"@id\":\"https:\/\/www.etoro.com\/es\/investing\/which-investment-is-best-our-top-7-picks\/\",\"url\":\"https:\/\/www.etoro.com\/es\/investing\/which-investment-is-best-our-top-7-picks\/\",\"name\":\"\u00bfCu\u00e1l es la mejor inversi\u00f3n? Nuestras 7 principales recomendaciones para el Q4\",\"isPartOf\":{\"@id\":\"https:\/\/www.etoro.com\/es\/#website\"},\"primaryImageOfPage\":{\"@id\":\"https:\/\/www.etoro.com\/es\/investing\/which-investment-is-best-our-top-7-picks\/#primaryimage\"},\"image\":{\"@id\":\"https:\/\/www.etoro.com\/es\/investing\/which-investment-is-best-our-top-7-picks\/#primaryimage\"},\"thumbnailUrl\":\"https:\/\/www.etoro.com\/wp-content\/uploads\/2024\/10\/Q4-2024-Top-Assets-Taboola-600x500-1.jpg\",\"datePublished\":\"2024-10-02T07:57:31+00:00\",\"dateModified\":\"2025-06-19T11:54:36+00:00\",\"description\":\"A medida que nos adentramos en el \u00faltimo trimestre de 2024, los mercados mundiales presentan tanto retos como oportunidades para los inversores. Navegar por estas aguas exige un planteamiento estrat\u00e9gico, centrado en activos preparados para obtener buenos resultados en medio de la incertidumbre econ\u00f3mica, los cambios geopol\u00edticos y los avances tecnol\u00f3gicos.\",\"breadcrumb\":{\"@id\":\"https:\/\/www.etoro.com\/es\/investing\/which-investment-is-best-our-top-7-picks\/#breadcrumb\"},\"inLanguage\":\"es\",\"potentialAction\":[{\"@type\":\"ReadAction\",\"target\":[\"https:\/\/www.etoro.com\/es\/investing\/which-investment-is-best-our-top-7-picks\/\"]}]},{\"@type\":\"ImageObject\",\"inLanguage\":\"es\",\"@id\":\"https:\/\/www.etoro.com\/es\/investing\/which-investment-is-best-our-top-7-picks\/#primaryimage\",\"url\":\"https:\/\/www.etoro.com\/wp-content\/uploads\/2024\/10\/Q4-2024-Top-Assets-Taboola-600x500-1.jpg\",\"contentUrl\":\"https:\/\/www.etoro.com\/wp-content\/uploads\/2024\/10\/Q4-2024-Top-Assets-Taboola-600x500-1.jpg\",\"width\":600,\"height\":500},{\"@type\":\"BreadcrumbList\",\"@id\":\"https:\/\/www.etoro.com\/es\/investing\/which-investment-is-best-our-top-7-picks\/#breadcrumb\",\"itemListElement\":[{\"@type\":\"ListItem\",\"position\":1,\"name\":\"Inicio\",\"item\":\"https:\/\/www.etoro.com\/es\/\"},{\"@type\":\"ListItem\",\"position\":2,\"name\":\"Invirtiendo\",\"item\":\"https:\/\/www.etoro.com\/es\/investing\/\"},{\"@type\":\"ListItem\",\"position\":3,\"name\":\"\u00bfCu\u00e1l es la mejor inversi\u00f3n? Nuestras 7 principales recomendaciones para el Q4\"}]},{\"@type\":\"WebSite\",\"@id\":\"https:\/\/www.etoro.com\/es\/#website\",\"url\":\"https:\/\/www.etoro.com\/es\/\",\"name\":\"eToro\",\"description\":\"\",\"publisher\":{\"@id\":\"https:\/\/www.etoro.com\/es\/#organization\"},\"potentialAction\":[{\"@type\":\"SearchAction\",\"target\":{\"@type\":\"EntryPoint\",\"urlTemplate\":\"https:\/\/www.etoro.com\/es\/?s={search_term_string}\"},\"query-input\":{\"@type\":\"PropertyValueSpecification\",\"valueRequired\":true,\"valueName\":\"search_term_string\"}}],\"inLanguage\":\"es\"},[]]}<\/script>","yoast_head_json":{"title":"\u00bfCu\u00e1l es la mejor inversi\u00f3n? Nuestras 7 principales recomendaciones para el Q4","description":"A medida que nos adentramos en el \u00faltimo trimestre de 2024, los mercados mundiales presentan tanto retos como oportunidades para los inversores. Navegar por estas aguas exige un planteamiento estrat\u00e9gico, centrado en activos preparados para obtener buenos resultados en medio de la incertidumbre econ\u00f3mica, los cambios geopol\u00edticos y los avances tecnol\u00f3gicos.","robots":{"index":"index","follow":"follow","max-snippet":"max-snippet:-1","max-image-preview":"max-image-preview:large","max-video-preview":"max-video-preview:-1"},"canonical":"https:\/\/www.etoro.com\/es\/wp-json\/wp\/v2\/pages\/944454","og_locale":"es_ES","og_type":"article","og_title":"\u00bfCu\u00e1l es la mejor inversi\u00f3n? Nuestras 7 principales recomendaciones para el Q4","og_description":"A medida que nos adentramos en el \u00faltimo trimestre de 2024, los mercados mundiales presentan tanto retos como oportunidades para los inversores. Navegar por estas aguas exige un planteamiento estrat\u00e9gico, centrado en activos preparados para obtener buenos resultados en medio de la incertidumbre econ\u00f3mica, los cambios geopol\u00edticos y los avances tecnol\u00f3gicos.","og_url":"https:\/\/www.etoro.com\/es\/wp-json\/wp\/v2\/pages\/944454","og_site_name":"eToro","article_publisher":"https:\/\/www.facebook.com\/eToro\/","article_modified_time":"2025-06-19T11:54:36+00:00","og_image":[{"width":600,"height":500,"url":"https:\/\/www.etoro.com\/wp-content\/uploads\/2024\/10\/Q4-2024-Top-Assets-Taboola-600x500-1.jpg","type":"image\/jpeg"}],"twitter_card":"summary_large_image","twitter_site":"@eToro","twitter_misc":{"Est. reading time":"5 minutes"},"schema":{"@context":"https:\/\/schema.org","@graph":[{"@type":"WebPage","@id":"https:\/\/www.etoro.com\/es\/investing\/which-investment-is-best-our-top-7-picks\/","url":"https:\/\/www.etoro.com\/es\/investing\/which-investment-is-best-our-top-7-picks\/","name":"\u00bfCu\u00e1l es la mejor inversi\u00f3n? Nuestras 7 principales recomendaciones para el Q4","isPartOf":{"@id":"https:\/\/www.etoro.com\/es\/#website"},"primaryImageOfPage":{"@id":"https:\/\/www.etoro.com\/es\/investing\/which-investment-is-best-our-top-7-picks\/#primaryimage"},"image":{"@id":"https:\/\/www.etoro.com\/es\/investing\/which-investment-is-best-our-top-7-picks\/#primaryimage"},"thumbnailUrl":"https:\/\/www.etoro.com\/wp-content\/uploads\/2024\/10\/Q4-2024-Top-Assets-Taboola-600x500-1.jpg","datePublished":"2024-10-02T07:57:31+00:00","dateModified":"2025-06-19T11:54:36+00:00","description":"A medida que nos adentramos en el \u00faltimo trimestre de 2024, los mercados mundiales presentan tanto retos como oportunidades para los inversores. Navegar por estas aguas exige un planteamiento estrat\u00e9gico, centrado en activos preparados para obtener buenos resultados en medio de la incertidumbre econ\u00f3mica, los cambios geopol\u00edticos y los avances tecnol\u00f3gicos.","breadcrumb":{"@id":"https:\/\/www.etoro.com\/es\/investing\/which-investment-is-best-our-top-7-picks\/#breadcrumb"},"inLanguage":"es","potentialAction":[{"@type":"ReadAction","target":["https:\/\/www.etoro.com\/es\/investing\/which-investment-is-best-our-top-7-picks\/"]}]},{"@type":"ImageObject","inLanguage":"es","@id":"https:\/\/www.etoro.com\/es\/investing\/which-investment-is-best-our-top-7-picks\/#primaryimage","url":"https:\/\/www.etoro.com\/wp-content\/uploads\/2024\/10\/Q4-2024-Top-Assets-Taboola-600x500-1.jpg","contentUrl":"https:\/\/www.etoro.com\/wp-content\/uploads\/2024\/10\/Q4-2024-Top-Assets-Taboola-600x500-1.jpg","width":600,"height":500},{"@type":"BreadcrumbList","@id":"https:\/\/www.etoro.com\/es\/investing\/which-investment-is-best-our-top-7-picks\/#breadcrumb","itemListElement":[{"@type":"ListItem","position":1,"name":"Inicio","item":"https:\/\/www.etoro.com\/es\/"},{"@type":"ListItem","position":2,"name":"Invirtiendo","item":"https:\/\/www.etoro.com\/es\/investing\/"},{"@type":"ListItem","position":3,"name":"\u00bfCu\u00e1l es la mejor inversi\u00f3n? Nuestras 7 principales recomendaciones para el Q4"}]},{"@type":"WebSite","@id":"https:\/\/www.etoro.com\/es\/#website","url":"https:\/\/www.etoro.com\/es\/","name":"eToro","description":"","publisher":{"@id":"https:\/\/www.etoro.com\/es\/#organization"},"potentialAction":[{"@type":"SearchAction","target":{"@type":"EntryPoint","urlTemplate":"https:\/\/www.etoro.com\/es\/?s={search_term_string}"},"query-input":{"@type":"PropertyValueSpecification","valueRequired":true,"valueName":"search_term_string"}}],"inLanguage":"es"},[]]}},"_links":{"self":[{"href":"https:\/\/www.etoro.com\/es\/wp-json\/wp\/v2\/pages\/944454"}],"collection":[{"href":"https:\/\/www.etoro.com\/es\/wp-json\/wp\/v2\/pages"}],"about":[{"href":"https:\/\/www.etoro.com\/es\/wp-json\/wp\/v2\/types\/page"}],"author":[{"embeddable":true,"href":"https:\/\/www.etoro.com\/es\/wp-json\/wp\/v2\/users\/127"}],"replies":[{"embeddable":true,"href":"https:\/\/www.etoro.com\/es\/wp-json\/wp\/v2\/comments?post=944454"}],"version-history":[{"count":0,"href":"https:\/\/www.etoro.com\/es\/wp-json\/wp\/v2\/pages\/944454\/revisions"}],"up":[{"embeddable":true,"href":"https:\/\/www.etoro.com\/es\/wp-json\/wp\/v2\/pages\/19770"}],"wp:featuredmedia":[{"embeddable":true,"href":"https:\/\/www.etoro.com\/es\/wp-json\/wp\/v2\/media\/942417"}],"wp:attachment":[{"href":"https:\/\/www.etoro.com\/es\/wp-json\/wp\/v2\/media?parent=944454"}],"wp:term":[{"taxonomy":"asset_type","embeddable":true,"href":"https:\/\/www.etoro.com\/es\/wp-json\/wp\/v2\/asset_type?post=944454"}],"curies":[{"name":"wp","href":"https:\/\/api.w.org\/{rel}","templated":true}]}}