{"id":979249,"date":"2025-01-08T11:26:48","date_gmt":"2025-01-08T09:26:48","guid":{"rendered":"https:\/\/www.etoro.com\/?page_id=979249"},"modified":"2025-01-16T16:41:06","modified_gmt":"2025-01-16T14:41:06","slug":"guia-de-inversion-2025-los-7-principales-activos-a-tener-en-cuenta","status":"publish","type":"page","link":"https:\/\/www.etoro.com\/es\/investing\/guia-de-inversion-2025-los-7-principales-activos-a-tener-en-cuenta\/","title":{"rendered":"Gu\u00eda de inversi\u00f3n 2025: los 7 principales activos a tener en cuenta"},"content":{"rendered":"\n<p>2024 marc\u00f3 cambios significativos en los mercados mundiales. La reelecci\u00f3n de Donald Trump provoc\u00f3 incertidumbre, especialmente en el mercado burs\u00e1til, mientras los inversores sopesaban los efectos de las renovadas tensiones comerciales y los cambios geopol\u00edticos. <strong>A pesar de la volatilidad inicial, sectores como el energ\u00e9tico, el de defensa y el industrial prosperaron, benefici\u00e1ndose del impulso de Trump.<\/strong><\/p>\n\n\n\n<p><strong>Pol\u00edticas favorables a las empresas.<\/strong> La preocupaci\u00f3n por la inflaci\u00f3n tambi\u00e9n llev\u00f3 a los bancos centrales a implementar pol\u00edticas agresivas para estabilizar las econom\u00edas. Mientras tanto, las <strong>criptos, lideradas por Bitcoin y Ethereum, experimentaron un repunte<\/strong>, ya que los inversores institucionales recurrieron a los activos digitales para protegerse de la inflaci\u00f3n. De cara a 2025, la creaci\u00f3n de un portafolio bien diversificado y preparado para el futuro es m\u00e1s crucial que nunca.Aqu\u00ed tienes siete activos destacados, disponibles en <strong>eToro<\/strong>, que te ayudar\u00e1n a mantenerte a la vanguardia del mercado y aumentar tu potencial de crecimiento en 2025.<\/p>\n\n\n\n<h2 class=\"wp-block-heading\">1. <a href=\"https:\/\/www.etoro.com\/markets\/btc\">Bitcoin (BTC)<\/a><\/h2>\n\n\n\n<p>Tras un repunte hist\u00f3rico en 2024, Bitcoin ha consolidado su rol como el oro de los activos digitales. Con una mayor adopci\u00f3n institucional y oferta limitada, BTC sigue siendo una de las mejores opciones para los inversores a largo plazo que buscan cobertura contra la incertidumbre econ\u00f3mica.<\/p>\n\n\n\n<div class=\"wp-block-buttons is-layout-flex wp-block-buttons-is-layout-flex\">\n<a class=\"e-cta e-cta-primary\" href=\"https:\/\/www.etoro.com\/markets\/btc\">Invertir en Bitcoin<\/a>\n<\/div>\n\n\n\n<p class=\"has-text-align-left is-style-default\"><strong>Es importante leer y comprender los riesgos de esta inversi\u00f3n que se explican detalladamente en este enlace.<\/strong><\/p>\n\n\n\n<h2 class=\"wp-block-heading\">2. <a href=\"https:\/\/www.etoro.com\/markets\/aapl\">Apple (APPL)<\/a><\/h2>\n\n\n\n<p>Apple sigue innovando en todos los sectores tecnol\u00f3gicos, desde la electr\u00f3nica de consumo hasta la inteligencia artificial. Con sus s\u00f3lidos resultados financieros y un ecosistema de productos y servicios en constante crecimiento, AAPL sigue siendo una fuerte apuesta para el crecimiento sostenible a largo plazo.<\/p>\n\n\n\n<div class=\"wp-block-buttons is-layout-flex wp-block-buttons-is-layout-flex\">\n<a class=\"e-cta e-cta-primary\" href=\"https:\/\/www.etoro.com\/markets\/aapl\">Invertir en Apple<\/a>\n<\/div>\n\n\n\n<p class=\"is-style-default\">Su capital est\u00e1 en riesgo.<\/p>\n\n\n\n<h2 class=\"wp-block-heading\">3. <a href=\"https:\/\/www.etoro.com\/markets\/icln\">ETF iShares Global Clean Energy (ICLN)<\/a><\/h2>\n\n\n\n<p>Con el creciente esfuerzo mundial por combatir el cambio clim\u00e1tico, las empresas de energ\u00eda limpia est\u00e1n en buena posici\u00f3n. El ETF iShares Global Clean Energy proporciona exposici\u00f3n a empresas l\u00edderes en los sectores de energ\u00eda solar, e\u00f3lica y renovables, lo que lo convierte en una inversi\u00f3n de futuro.<\/p>\n\n\n\n<div class=\"wp-block-buttons is-layout-flex wp-block-buttons-is-layout-flex\">\n<a class=\"e-cta e-cta-primary\" href=\"https:\/\/www.etoro.com\/markets\/icln\">Invertir en iShares<\/a>\n<\/div>\n\n\n\n<p class=\"is-style-default\">Su capital est\u00e1 en riesgo<\/p>\n\n\n\n<h2 class=\"wp-block-heading\">4. <a href=\"https:\/\/www.etoro.com\/markets\/eth\">Ethereum (ETH)<\/a><\/h2>\n\n\n\n<p>El papel de Ethereum como eje de las finanzas descentralizadas (DeFi) y los NFT sigue creciendo. Con su reciente transici\u00f3n a un modelo de prueba de participaci\u00f3n y la creciente adopci\u00f3n de contratos inteligentes, ETH est\u00e1 bien posicionada para otro a\u00f1o fuerte en 2025.<\/p>\n\n\n\n<div class=\"wp-block-buttons is-layout-flex wp-block-buttons-is-layout-flex\">\n<a class=\"e-cta e-cta-primary\" href=\"https:\/\/www.etoro.com\/markets\/eth\">Invertir en Ethereum<\/a>\n<\/div>\n\n\n\n<p><strong>Es importante leer y comprender los riesgos de esta inversi\u00f3n que se explican detalladamente en este enlace.<\/strong><\/p>\n\n\n\n<h2 class=\"wp-block-heading\">5. <a href=\"https:\/\/www.etoro.com\/markets\/gold\">Oro (XAU\/USD)<\/a><\/h2>\n\n\n\n<p>In times of economic volatility, gold remains one of the most trusted assets for preserving wealth. With inflation still a concern, adding gold to your portfolio is a smart hedge against market instability and currency devaluation.<\/p>\n\n\n\n<div class=\"wp-block-buttons is-layout-flex wp-block-buttons-is-layout-flex\">\n<a class=\"e-cta e-cta-primary\" href=\"https:\/\/www.etoro.com\/markets\/gold\">Invertir en Oro<\/a>\n<\/div>\n\n\n\n<p class=\"is-style-default\"><strong>El 51% de las cuentas de inversores minoristas pierde dinero al invertir con CFD con este proveedor. Debe considerar si puede permitirse asumir el alto riesgo de perder su dinero.<\/strong><\/p>\n\n\n\n<p class=\"is-style-default\">\u200b\u200b<strong>Los CFD son instrumentos complejos y conllevan un alto riesgo de perder dinero r\u00e1pidamente debido al apalancamiento. Las cuentas de inversores minoristas pierden dinero al invertir con CFD con este proveedor. Debe considerar si comprende c\u00f3mo funcionan los CFD y si puede permitirse asumir el alto riesgo de perder su dinero.<\/strong><\/p>\n\n\n\n<h2 class=\"wp-block-heading\">6. <a href=\"https:\/\/www.etoro.com\/markets\/xom\">ExxonMobil (XOM)<\/a><\/h2>\n\n\n\n<p>El sector energ\u00e9tico se benefici\u00f3 de las pol\u00edticas gubernamentales favorables y del aumento de la demanda en 2024. ExxonMobil, l\u00edder en petr\u00f3leo y gas, sigue ofreciendo un s\u00f3lido potencial de crecimiento mientras el mundo se enfrenta a los retos del abastecimiento energ\u00e9tico.<\/p>\n\n\n\n<div class=\"wp-block-buttons is-layout-flex wp-block-buttons-is-layout-flex\">\n<a class=\"e-cta e-cta-primary\" href=\"https:\/\/www.etoro.com\/markets\/xom\">Invertir en ExxonMobil<\/a>\n<\/div>\n\n\n\n<p class=\"is-style-default\">Su capital est\u00e1 en riesgo<\/p>\n\n\n\n<h2 class=\"wp-block-heading\">7. <a href=\"https:\/\/www.etoro.com\/markets\/spy\">ETF SPDR S&amp;P 500 (SPY)<\/a><\/h2>\n\n\n\n<p>Para los inversores que buscan una exposici\u00f3n diversificada al mercado burs\u00e1til estadounidense, el ETF SPDR S&amp;P 500 es una opci\u00f3n de probada eficacia. Realiza un seguimiento del rendimiento de las 500 mayores empresas de Estados Unidos, ofreciendo una combinaci\u00f3n equilibrada de crecimiento y estabilidad.<\/p>\n\n\n\n<div class=\"wp-block-buttons is-layout-flex wp-block-buttons-is-layout-flex\">\n<a class=\"e-cta e-cta-primary\" href=\"https:\/\/www.etoro.com\/markets\/spy\">Invertir en S&amp;P 500 ETF (SPY)<\/a>\n<\/div>\n\n\n\n<p class=\"is-style-default\"><strong>El 51% de las cuentas de inversores minoristas pierde dinero al invertir con CFD con este proveedor. Debe considerar si puede permitirse asumir el alto riesgo de perder su dinero.<\/strong><br><\/p>\n\n\n\n<p>A medida que avanza 2025, tener un plan financiero claro es m\u00e1s importante que nunca. Los mercados est\u00e1n en constante evoluci\u00f3n, y una inversi\u00f3n exitosa requiere una estrategia que se adapte a las tendencias cambiantes. La diversificaci\u00f3n en activos como acciones, criptos, ETF y materias primas puede proporcionar la estabilidad y el crecimiento necesarios para capear las condiciones del mercado. Tanto si planificas tu patrimonio a largo plazo como si quieres aprovechar las oportunidades a corto plazo, <strong>eToro<\/strong> te facilita tomar el control de tu futuro financiero. \u00a1Comienza a invertir hoy y prep\u00e1rate para un 2025 lleno de \u00e9xito!<\/p>\n\n\n\n<div class=\"wp-block-buttons is-content-justification-left is-layout-flex wp-container-core-buttons-is-layout-8 wp-block-buttons-is-layout-flex\">\n<a class=\"e-cta e-cta-primary\" href=\"https:\/\/www.etoro.com\/accounts\/sign-up\">EMPIEZA A INVERTIR HOY MISMO<\/a>\n<\/div>\n\n\n\n<p class=\"is-style-default\"><strong>Con eToro, invertir en estos activos destacados nunca ha sido tan f\u00e1cil ni seguro<\/strong>. eToro, una de las principales plataformas de trading social del mundo, ofrece una experiencia fluida e intuitiva, tanto para inversores novatos como para profesionales experimentados. Las herramientas de eToro, como CopyTrader, te permiten seguir y replicar las operaciones de inversores destacados, mientras que la funci\u00f3n CopyPortfolios te permite invertir en portafolios gestionados por profesionales.&nbsp;<\/p>\n\n\n\n<p>El Copy Trading no es un consejo de inversi\u00f3n. El valor de sus inversiones puede subir o bajar. Su capital est\u00e1 en riesgo.<\/p>\n\n\n\n<p>El rendimiento pasado no es un indicador de los resultados futuros.<\/p>\n\n\n\n<p class=\"is-style-default\"><strong>Advertencia a los nuevos inversores<\/strong><\/p>\n\n\n\n<p class=\"is-style-default\">Aunque eToro hace que la inversi\u00f3n sea accesible y f\u00e1cil de usar, es importante conocer los riesgos que conlleva, especialmente con productos de alto riesgo como las criptos y los CFD (contratos por diferencia). Estos activos pueden ser altamente vol\u00e1tiles y pueden provocar p\u00e9rdidas significativas, especialmente para los inversores sin experiencia. Realiza siempre una investigaci\u00f3n exhaustiva, comprende el producto en el que est\u00e1s invirtiendo y ten en cuenta tu tolerancia al riesgo antes de lanzarte.<strong> Diversificar tus inversiones<\/strong> puede ayudar a mitigar algunos riesgos, pero es crucial abordar los productos de alto riesgo con cautela.<\/p>\n\n\n\n<div class=\"wp-block-buttons is-layout-flex wp-block-buttons-is-layout-flex\">\n<a class=\"e-cta e-cta-primary\" href=\"https:\/\/www.etoro.com\/accounts\/sign-up\">\u00danete a eToro hoy mismo<\/a>\n<\/div>\n\n\n\n<section class=\"wp-block-group wp-block-group-full\"><div class=\"wp-block-group-inner is-layout-flow wp-block-group-is-layout-flow\">\n<div class=\"wp-block-columns are-vertically-aligned-top wp-block-columns-1 is-layout-flex wp-container-core-columns-is-layout-1 wp-block-columns-is-layout-flex\">\n<div class=\"wp-block-column is-layout-flow wp-block-column-is-layout-flow\">\n<p class=\"is-style-disclaimer\">eToro es una plataforma de inversi\u00f3n multiactivo. El Copy Trading no es un consejo de inversi\u00f3n. El valor de sus inversiones puede subir o bajar. Su capital est\u00e1 en riesgo.<\/p>\n\n\n\n<p class=\"is-style-disclaimer\">Esta comunicaci\u00f3n tiene \u00fanicamente fines informativos y educativos y no debe interpretarse como un consejo de inversi\u00f3n, una recomendaci\u00f3n personal o una oferta o solicitud de compra o venta de ning\u00fan instrumento financiero. Este material se ha elaborado sin tener en cuenta los objetivos de inversi\u00f3n o la situaci\u00f3n financiera de ning\u00fan destinatario en particular, y no se ha elaborado de acuerdo con los requisitos legales y reglamentarios para promover la investigaci\u00f3n independiente. Cualquier referencia al rendimiento pasado o futuro de un instrumento financiero, \u00edndice o producto de inversi\u00f3n empaquetado no es, ni debe considerarse, un indicador fiable de resultados futuros. eToro no representa ni asume responsabilidad alguna en cuanto a la exactitud o integridad del contenido de esta publicaci\u00f3n.<\/p>\n<\/div>\n<\/div>\n\n\n\n<p class=\"has-text-align-center is-style-disclaimer\"><\/p>\n<\/div><\/section>\n","protected":false},"excerpt":{"rendered":"<p>2024 marc\u00f3 cambios significativos en los mercados mundiales. La reelecci\u00f3n de Donald Trump provoc\u00f3 incertidumbre, especialmente en el mercado burs\u00e1til, mientras los inversores sopesaban los efectos de las renovadas tensiones comerciales y los cambios geopol\u00edticos. A pesar de la volatilidad inicial, sectores como el energ\u00e9tico, el de defensa y el industrial prosperaron, benefici\u00e1ndose del impulso&hellip;<\/p>\n","protected":false},"author":127,"featured_media":0,"parent":949,"menu_order":0,"comment_status":"closed","ping_status":"closed","template":"templates\/taboola.php","meta":{"_acf_changed":false,"inline_featured_image":false,"sticky_cta_settings":"","footnotes":""},"asset_type":[],"class_list":["post-979249","page","type-page","status-publish","hentry"],"acf":[],"yoast_head":"<title>Gu\u00eda de inversi\u00f3n 2025: los 7 principales activos a tener en cuenta<\/title>\n<meta name=\"description\" content=\"2024 marked significant shifts in global markets. The re-election of Donald Trump sparked uncertainty, especially in the stock market, as investors weighed the effects of renewed trade tensions and geopolitical shifts. Despite initial volatility, sectors like energy, defense, and industrials thrived, benefiting from Trump&#039;s pro-business policies. Inflation concerns also drove central banks to implement aggressive policies to stabilize economies. Meanwhile, cryptocurrencies, led by Bitcoin and Ethereum, experienced a rally, as institutional investors turned to digital assets for inflation hedges. Moving into 2025, building a well-diversified, future-proof portfolio is more crucial than ever.\" \/>\n<meta name=\"robots\" content=\"index, follow, max-snippet:-1, max-image-preview:large, max-video-preview:-1\" \/>\n<link rel=\"canonical\" href=\"https:\/\/www.etoro.com\/es\/wp-json\/wp\/v2\/pages\/979249\" \/>\n<meta property=\"og:locale\" content=\"es_ES\" \/>\n<meta property=\"og:type\" content=\"article\" \/>\n<meta property=\"og:title\" content=\"Gu\u00eda de inversi\u00f3n 2025: los 7 principales activos a tener en cuenta\" \/>\n<meta property=\"og:description\" content=\"2024 marked significant shifts in global markets. The re-election of Donald Trump sparked uncertainty, especially in the stock market, as investors weighed the effects of renewed trade tensions and geopolitical shifts. Despite initial volatility, sectors like energy, defense, and industrials thrived, benefiting from Trump&#039;s pro-business policies. Inflation concerns also drove central banks to implement aggressive policies to stabilize economies. Meanwhile, cryptocurrencies, led by Bitcoin and Ethereum, experienced a rally, as institutional investors turned to digital assets for inflation hedges. Moving into 2025, building a well-diversified, future-proof portfolio is more crucial than ever.\" \/>\n<meta property=\"og:url\" content=\"https:\/\/www.etoro.com\/es\/wp-json\/wp\/v2\/pages\/979249\" \/>\n<meta property=\"og:site_name\" content=\"eToro\" \/>\n<meta property=\"article:publisher\" content=\"https:\/\/www.facebook.com\/eToro\/\" \/>\n<meta property=\"article:modified_time\" content=\"2025-01-16T14:41:06+00:00\" \/>\n<meta property=\"og:image\" content=\"https:\/\/www.etoro.com\/wp-content\/uploads\/2019\/12\/etoro_logo_social_share1.png\" \/>\n\t<meta property=\"og:image:width\" content=\"240\" \/>\n\t<meta property=\"og:image:height\" content=\"240\" \/>\n\t<meta property=\"og:image:type\" content=\"image\/png\" \/>\n<meta name=\"twitter:card\" content=\"summary_large_image\" \/>\n<meta name=\"twitter:site\" content=\"@eToro\" \/>\n<meta name=\"twitter:label1\" content=\"Est. reading time\" \/>\n\t<meta name=\"twitter:data1\" content=\"6 minutes\" \/>\n<script type=\"application\/ld+json\" class=\"yoast-schema-graph\">{\"@context\":\"https:\/\/schema.org\",\"@graph\":[{\"@type\":\"WebPage\",\"@id\":\"https:\/\/www.etoro.com\/es\/investing\/guia-de-inversion-2025-los-7-principales-activos-a-tener-en-cuenta\/\",\"url\":\"https:\/\/www.etoro.com\/es\/investing\/guia-de-inversion-2025-los-7-principales-activos-a-tener-en-cuenta\/\",\"name\":\"Gu\u00eda de inversi\u00f3n 2025: los 7 principales activos a tener en cuenta\",\"isPartOf\":{\"@id\":\"https:\/\/www.etoro.com\/es\/#website\"},\"datePublished\":\"2025-01-08T09:26:48+00:00\",\"dateModified\":\"2025-01-16T14:41:06+00:00\",\"description\":\"2024 marked significant shifts in global markets. The re-election of Donald Trump sparked uncertainty, especially in the stock market, as investors weighed the effects of renewed trade tensions and geopolitical shifts. Despite initial volatility, sectors like energy, defense, and industrials thrived, benefiting from Trump's pro-business policies. Inflation concerns also drove central banks to implement aggressive policies to stabilize economies. Meanwhile, cryptocurrencies, led by Bitcoin and Ethereum, experienced a rally, as institutional investors turned to digital assets for inflation hedges. Moving into 2025, building a well-diversified, future-proof portfolio is more crucial than ever.\",\"breadcrumb\":{\"@id\":\"https:\/\/www.etoro.com\/es\/investing\/guia-de-inversion-2025-los-7-principales-activos-a-tener-en-cuenta\/#breadcrumb\"},\"inLanguage\":\"es\",\"potentialAction\":[{\"@type\":\"ReadAction\",\"target\":[\"https:\/\/www.etoro.com\/es\/investing\/guia-de-inversion-2025-los-7-principales-activos-a-tener-en-cuenta\/\"]}]},{\"@type\":\"BreadcrumbList\",\"@id\":\"https:\/\/www.etoro.com\/es\/investing\/guia-de-inversion-2025-los-7-principales-activos-a-tener-en-cuenta\/#breadcrumb\",\"itemListElement\":[{\"@type\":\"ListItem\",\"position\":1,\"name\":\"Inicio\",\"item\":\"https:\/\/www.etoro.com\/es\/\"},{\"@type\":\"ListItem\",\"position\":2,\"name\":\"Investing\",\"item\":\"https:\/\/www.etoro.com\/investing\/\"},{\"@type\":\"ListItem\",\"position\":3,\"name\":\"Gu\u00eda de inversi\u00f3n 2025: los 7 principales activos a tener en cuenta\"}]},{\"@type\":\"WebSite\",\"@id\":\"https:\/\/www.etoro.com\/es\/#website\",\"url\":\"https:\/\/www.etoro.com\/es\/\",\"name\":\"eToro\",\"description\":\"\",\"publisher\":{\"@id\":\"https:\/\/www.etoro.com\/es\/#organization\"},\"potentialAction\":[{\"@type\":\"SearchAction\",\"target\":{\"@type\":\"EntryPoint\",\"urlTemplate\":\"https:\/\/www.etoro.com\/es\/?s={search_term_string}\"},\"query-input\":{\"@type\":\"PropertyValueSpecification\",\"valueRequired\":true,\"valueName\":\"search_term_string\"}}],\"inLanguage\":\"es\"},[]]}<\/script>","yoast_head_json":{"title":"Gu\u00eda de inversi\u00f3n 2025: los 7 principales activos a tener en cuenta","description":"2024 marked significant shifts in global markets. The re-election of Donald Trump sparked uncertainty, especially in the stock market, as investors weighed the effects of renewed trade tensions and geopolitical shifts. Despite initial volatility, sectors like energy, defense, and industrials thrived, benefiting from Trump's pro-business policies. Inflation concerns also drove central banks to implement aggressive policies to stabilize economies. Meanwhile, cryptocurrencies, led by Bitcoin and Ethereum, experienced a rally, as institutional investors turned to digital assets for inflation hedges. Moving into 2025, building a well-diversified, future-proof portfolio is more crucial than ever.","robots":{"index":"index","follow":"follow","max-snippet":"max-snippet:-1","max-image-preview":"max-image-preview:large","max-video-preview":"max-video-preview:-1"},"canonical":"https:\/\/www.etoro.com\/es\/wp-json\/wp\/v2\/pages\/979249","og_locale":"es_ES","og_type":"article","og_title":"Gu\u00eda de inversi\u00f3n 2025: los 7 principales activos a tener en cuenta","og_description":"2024 marked significant shifts in global markets. The re-election of Donald Trump sparked uncertainty, especially in the stock market, as investors weighed the effects of renewed trade tensions and geopolitical shifts. Despite initial volatility, sectors like energy, defense, and industrials thrived, benefiting from Trump's pro-business policies. Inflation concerns also drove central banks to implement aggressive policies to stabilize economies. Meanwhile, cryptocurrencies, led by Bitcoin and Ethereum, experienced a rally, as institutional investors turned to digital assets for inflation hedges. Moving into 2025, building a well-diversified, future-proof portfolio is more crucial than ever.","og_url":"https:\/\/www.etoro.com\/es\/wp-json\/wp\/v2\/pages\/979249","og_site_name":"eToro","article_publisher":"https:\/\/www.facebook.com\/eToro\/","article_modified_time":"2025-01-16T14:41:06+00:00","og_image":[{"width":240,"height":240,"url":"https:\/\/www.etoro.com\/wp-content\/uploads\/2019\/12\/etoro_logo_social_share1.png","type":"image\/png"}],"twitter_card":"summary_large_image","twitter_site":"@eToro","twitter_misc":{"Est. reading time":"6 minutes"},"schema":{"@context":"https:\/\/schema.org","@graph":[{"@type":"WebPage","@id":"https:\/\/www.etoro.com\/es\/investing\/guia-de-inversion-2025-los-7-principales-activos-a-tener-en-cuenta\/","url":"https:\/\/www.etoro.com\/es\/investing\/guia-de-inversion-2025-los-7-principales-activos-a-tener-en-cuenta\/","name":"Gu\u00eda de inversi\u00f3n 2025: los 7 principales activos a tener en cuenta","isPartOf":{"@id":"https:\/\/www.etoro.com\/es\/#website"},"datePublished":"2025-01-08T09:26:48+00:00","dateModified":"2025-01-16T14:41:06+00:00","description":"2024 marked significant shifts in global markets. The re-election of Donald Trump sparked uncertainty, especially in the stock market, as investors weighed the effects of renewed trade tensions and geopolitical shifts. Despite initial volatility, sectors like energy, defense, and industrials thrived, benefiting from Trump's pro-business policies. Inflation concerns also drove central banks to implement aggressive policies to stabilize economies. Meanwhile, cryptocurrencies, led by Bitcoin and Ethereum, experienced a rally, as institutional investors turned to digital assets for inflation hedges. Moving into 2025, building a well-diversified, future-proof portfolio is more crucial than ever.","breadcrumb":{"@id":"https:\/\/www.etoro.com\/es\/investing\/guia-de-inversion-2025-los-7-principales-activos-a-tener-en-cuenta\/#breadcrumb"},"inLanguage":"es","potentialAction":[{"@type":"ReadAction","target":["https:\/\/www.etoro.com\/es\/investing\/guia-de-inversion-2025-los-7-principales-activos-a-tener-en-cuenta\/"]}]},{"@type":"BreadcrumbList","@id":"https:\/\/www.etoro.com\/es\/investing\/guia-de-inversion-2025-los-7-principales-activos-a-tener-en-cuenta\/#breadcrumb","itemListElement":[{"@type":"ListItem","position":1,"name":"Inicio","item":"https:\/\/www.etoro.com\/es\/"},{"@type":"ListItem","position":2,"name":"Investing","item":"https:\/\/www.etoro.com\/investing\/"},{"@type":"ListItem","position":3,"name":"Gu\u00eda de inversi\u00f3n 2025: los 7 principales activos a tener en cuenta"}]},{"@type":"WebSite","@id":"https:\/\/www.etoro.com\/es\/#website","url":"https:\/\/www.etoro.com\/es\/","name":"eToro","description":"","publisher":{"@id":"https:\/\/www.etoro.com\/es\/#organization"},"potentialAction":[{"@type":"SearchAction","target":{"@type":"EntryPoint","urlTemplate":"https:\/\/www.etoro.com\/es\/?s={search_term_string}"},"query-input":{"@type":"PropertyValueSpecification","valueRequired":true,"valueName":"search_term_string"}}],"inLanguage":"es"},[]]}},"_links":{"self":[{"href":"https:\/\/www.etoro.com\/es\/wp-json\/wp\/v2\/pages\/979249"}],"collection":[{"href":"https:\/\/www.etoro.com\/es\/wp-json\/wp\/v2\/pages"}],"about":[{"href":"https:\/\/www.etoro.com\/es\/wp-json\/wp\/v2\/types\/page"}],"author":[{"embeddable":true,"href":"https:\/\/www.etoro.com\/es\/wp-json\/wp\/v2\/users\/127"}],"replies":[{"embeddable":true,"href":"https:\/\/www.etoro.com\/es\/wp-json\/wp\/v2\/comments?post=979249"}],"version-history":[{"count":0,"href":"https:\/\/www.etoro.com\/es\/wp-json\/wp\/v2\/pages\/979249\/revisions"}],"up":[{"embeddable":true,"href":"https:\/\/www.etoro.com\/es\/wp-json\/wp\/v2\/pages\/949"}],"wp:attachment":[{"href":"https:\/\/www.etoro.com\/es\/wp-json\/wp\/v2\/media?parent=979249"}],"wp:term":[{"taxonomy":"asset_type","embeddable":true,"href":"https:\/\/www.etoro.com\/es\/wp-json\/wp\/v2\/asset_type?post=979249"}],"curies":[{"name":"wp","href":"https:\/\/api.w.org\/{rel}","templated":true}]}}