{"id":9810,"date":"2017-10-24T09:56:32","date_gmt":"2017-10-24T06:56:32","guid":{"rendered":"\/etoro\/customer-service\/responsible-trading\/"},"modified":"2024-07-08T12:15:18","modified_gmt":"2024-07-08T09:15:18","slug":"responsible-trading","status":"publish","type":"page","link":"https:\/\/www.etoro.com\/es\/customer-service\/responsible-trading\/","title":{"rendered":"Pol\u00edtica de inversi\u00f3n responsable"},"content":{"rendered":"\n<section class=\"wp-block-group wp-block-group-boxed has-white-background-color has-background\"><div class=\"wp-block-group-inner is-layout-flow wp-block-group-is-layout-flow\">\n<div class=\"wp-block-columns are-vertically-aligned-top wp-block-columns-1 is-layout-flex wp-container-core-columns-is-layout-1 wp-block-columns-is-layout-flex\">\n<div class=\"wp-block-column is-layout-flow wp-block-column-is-layout-flow\">\n<p>En lo que respecta a invertir a trav\u00e9s de eToro o utilizar sus funciones de trading social, fomentamos un comportamiento responsable entre todos nuestros usuarios. Nuestra \u00abpol\u00edtica de inversi\u00f3n responsable\u00bb llama a los inversores a protegerse de la toma de decisiones emocionales que pueden derivar en p\u00e9rdidas innecesarias.<\/p>\n\n\n\n<p>Los inversores novatos, en particular, tienden a fiarse m\u00e1s de \u00abcorazonadas\u00bb porque no siempre tienen demasiada experiencia en inversiones financieras para tomar decisiones racionales y bien fundamentadas.<\/p>\n\n\n\n<p>Para ayudar a los inversores a que no tomen decisiones de inversi\u00f3n precipitadas, eToro, de acuerdo con los reguladores financieros locales, recomienda lo siguiente:<\/p>\n\n\n\n<ul class=\"wp-block-list wp-block-list-circle\">\n<li>Apalancamiento m\u00e1ximo conforme a la lista siguiente:<\/li>\n<\/ul>\n\n\n\n<p><strong>1.<\/strong> 30:1 para pares de divisas destacadas;<\/p>\n\n\n\n<p><strong>2.<\/strong> 20:1 para pares de divisas no tan destacadas, oro y principales \u00edndices;<\/p>\n\n\n\n<p><strong>3.<\/strong> 10:1 para materias primas con la excepci\u00f3n del oro e \u00edndices de valores menos destacados;<\/p>\n\n\n\n<p><strong>4.<\/strong> 5:1 para acciones individuales y otros valores de referencia;<\/p>\n\n\n\n<p><strong>5. <\/strong>2:1 para las criptomonedas;<\/p>\n\n\n\n<ul class=\"wp-block-list wp-block-list-circle\">\n<li>No asignar m\u00e1s del 20 % de su capital a una sola operaci\u00f3n<\/li>\n\n\n\n<li>No asignar m\u00e1s del 40 % de su saldo total para copiar a un solo inversor<\/li>\n<\/ul>\n\n\n\n<p>Los factores clave de una inversi\u00f3n inteligente son un bajo apalancamiento y un portafolio diversificado, como atestiguan los portafolios de los mejores inversores de eToro.<\/p>\n\n\n\n<h2 class=\"wp-block-heading\">A continuaci\u00f3n ofrecemos algunos consejos para ser un inversor m\u00e1s responsable:<\/h2>\n\n\n\n<ol class=\"wp-block-list\">\n<li>Solo invierta en lo que conoce: no siga pistas al alzar o corazonadas. Si desea invertir en un determinado activo, familiar\u00edcese primero con su historial y sus tendencias.<\/li>\n\n\n\n<li>F\u00edjese en su clasificaci\u00f3n de riesgo: su propia clasificaci\u00f3n de riesgo es un modo estupendo de saber si es un inversor responsable. Se recomienda mantener una clasificaci\u00f3n de riesgo de 3 o menos en eToro.<\/li>\n\n\n\n<li>Ajuste su portafolio: diversifique su portafolio con activos de varias clases. Si no desea supervisar su portafolio frecuentemente, opte por instrumentos que conllevan una menor implicaci\u00f3n, como los Smart Portfolios o nuestro sistema CopyTrader\u2122.<\/li>\n\n\n\n<li>Copie a otros inversores responsables: cuando vaya a copiar a otro inversor, mire primero su clasificaci\u00f3n de riesgo, historial y la diversidad de su portafolio.<\/li>\n<\/ol>\n\n\n\n<figure class=\"wp-block-image aligncenter\"><img loading=\"lazy\" decoding=\"async\" width=\"1059\" height=\"529\" src=\"\/wp-content\/uploads\/2017\/10\/trading-guideline-img.png\" alt=\"\" class=\"wp-image-19091 wp-image-desktop\" srcset=\"https:\/\/www.etoro.com\/wp-content\/uploads\/2017\/10\/trading-guideline-img.png 1059w, https:\/\/www.etoro.com\/wp-content\/uploads\/2017\/10\/trading-guideline-img-300x150.png 300w, https:\/\/www.etoro.com\/wp-content\/uploads\/2017\/10\/trading-guideline-img-768x384.png 768w, https:\/\/www.etoro.com\/wp-content\/uploads\/2017\/10\/trading-guideline-img-1024x512.png 1024w\" sizes=\"(max-width: 1059px) 100vw, 1059px\" \/><\/figure>\n\n\n\n<h2 class=\"wp-block-heading\">Psicolog\u00eda humana e inversi\u00f3n emocional<\/h2>\n\n\n\n<p>Los inversores de todos los niveles pueden dejarse llevar en exceso por sus emociones a la hora de invertir. Se trata de un error pues el miedo, la codicia y la excitaci\u00f3n pueden ayudar a tomar una mala decisi\u00f3n. Siga siempre un plan de inversi\u00f3n, y c\u00ed\u00f1ase a \u00e9l pase lo que pase. Al crear su plan de inversi\u00f3n, incorpore los consejos de la secci\u00f3n anterior y preste especial atenci\u00f3n a:<\/p>\n\n\n\n<ol class=\"wp-block-list\">\n<li>Apalancamiento m\u00e1ximo<\/li>\n\n\n\n<li>Diversidad del portafolio<\/li>\n\n\n\n<li>Clasificaciones de riesgo y perfiles de otros inversores<\/li>\n<\/ol>\n\n\n\n<p>Si tiene alguna pregunta relativa a la inversi\u00f3n responsable, p\u00f3ngase en contacto con nuestro&nbsp;<a href=\"https:\/\/www.etoro.com\/es\/customer-service\/\">centro de atenci\u00f3n al cliente<\/a>&nbsp;cuando mejor le convenga.<\/p>\n<\/div>\n<\/div>\n<\/div><\/section>\n","protected":false},"excerpt":{"rendered":"<p>En lo que respecta a invertir a trav\u00e9s de eToro o utilizar sus funciones de trading social, fomentamos un comportamiento responsable entre todos nuestros usuarios. Nuestra \u00abpol\u00edtica de inversi\u00f3n responsable\u00bb llama a los inversores a protegerse de la toma de decisiones emocionales que pueden derivar en p\u00e9rdidas innecesarias. Los inversores novatos, en particular, tienden a&hellip;<\/p>\n","protected":false},"author":1,"featured_media":0,"parent":6961,"menu_order":1498,"comment_status":"closed","ping_status":"closed","template":"","meta":{"_acf_changed":false,"inline_featured_image":false,"sticky_cta_settings":"","footnotes":""},"asset_type":[],"class_list":["post-9810","page","type-page","status-publish","hentry"],"acf":[],"yoast_head":"<title>Pol\u00edtica de inversi\u00f3n responsable | eToro<\/title>\n<meta name=\"description\" content=\"eToro fomenta la inversi\u00f3n responsable entre los clientes y les insta a invertir con seguridad. Lea nuestra pol\u00edtica de inversi\u00f3n responsable para obtener m\u00e1s informaci\u00f3n al respecto.\" \/>\n<meta name=\"robots\" content=\"index, follow, max-snippet:-1, max-image-preview:large, max-video-preview:-1\" \/>\n<link rel=\"canonical\" href=\"https:\/\/www.etoro.com\/es\/wp-json\/wp\/v2\/pages\/9810\" \/>\n<meta property=\"og:locale\" content=\"es_ES\" \/>\n<meta property=\"og:type\" content=\"article\" \/>\n<meta property=\"og:title\" content=\"Pol\u00edtica de inversi\u00f3n responsable | eToro\" \/>\n<meta property=\"og:description\" content=\"eToro fomenta la inversi\u00f3n responsable entre los clientes y les insta a invertir con seguridad. Lea nuestra pol\u00edtica de inversi\u00f3n responsable para obtener m\u00e1s informaci\u00f3n al respecto.\" \/>\n<meta property=\"og:url\" content=\"https:\/\/www.etoro.com\/es\/wp-json\/wp\/v2\/pages\/9810\" \/>\n<meta property=\"og:site_name\" content=\"eToro\" \/>\n<meta property=\"article:publisher\" content=\"https:\/\/www.facebook.com\/eToro\/\" \/>\n<meta property=\"article:modified_time\" content=\"2024-07-08T09:15:18+00:00\" \/>\n<meta property=\"og:image\" content=\"https:\/\/www.etoro.com\/wp-content\/uploads\/2019\/12\/etoro_logo_social_share1.png\" \/>\n\t<meta property=\"og:image:width\" content=\"240\" \/>\n\t<meta property=\"og:image:height\" content=\"240\" \/>\n\t<meta property=\"og:image:type\" content=\"image\/png\" \/>\n<meta name=\"twitter:card\" content=\"summary_large_image\" \/>\n<meta name=\"twitter:site\" content=\"@eToro\" \/>\n<meta name=\"twitter:label1\" content=\"Est. reading time\" \/>\n\t<meta name=\"twitter:data1\" content=\"2 minutes\" \/>\n<script type=\"application\/ld+json\" class=\"yoast-schema-graph\">{\"@context\":\"https:\/\/schema.org\",\"@graph\":[{\"@type\":\"WebPage\",\"@id\":\"https:\/\/www.etoro.com\/es\/customer-service\/responsible-trading\/\",\"url\":\"https:\/\/www.etoro.com\/es\/customer-service\/responsible-trading\/\",\"name\":\"Pol\u00edtica de inversi\u00f3n responsable | eToro\",\"isPartOf\":{\"@id\":\"https:\/\/www.etoro.com\/es\/#website\"},\"datePublished\":\"2017-10-24T06:56:32+00:00\",\"dateModified\":\"2024-07-08T09:15:18+00:00\",\"description\":\"eToro fomenta la inversi\u00f3n responsable entre los clientes y les insta a invertir con seguridad. Lea nuestra pol\u00edtica de inversi\u00f3n responsable para obtener m\u00e1s informaci\u00f3n al respecto.\",\"breadcrumb\":{\"@id\":\"https:\/\/www.etoro.com\/es\/customer-service\/responsible-trading\/#breadcrumb\"},\"inLanguage\":\"es\",\"potentialAction\":[{\"@type\":\"ReadAction\",\"target\":[\"https:\/\/www.etoro.com\/es\/customer-service\/responsible-trading\/\"]}]},{\"@type\":\"BreadcrumbList\",\"@id\":\"https:\/\/www.etoro.com\/es\/customer-service\/responsible-trading\/#breadcrumb\",\"itemListElement\":[{\"@type\":\"ListItem\",\"position\":1,\"name\":\"Inicio\",\"item\":\"https:\/\/www.etoro.com\/es\/\"},{\"@type\":\"ListItem\",\"position\":2,\"name\":\"ATENCI\u00d3N AL CLIENTE\",\"item\":\"https:\/\/www.etoro.com\/es\/customer-service\/\"},{\"@type\":\"ListItem\",\"position\":3,\"name\":\"INVERSI\u00d3N RESPONSABLE\"}]},{\"@type\":\"WebSite\",\"@id\":\"https:\/\/www.etoro.com\/es\/#website\",\"url\":\"https:\/\/www.etoro.com\/es\/\",\"name\":\"eToro\",\"description\":\"\",\"publisher\":{\"@id\":\"https:\/\/www.etoro.com\/es\/#organization\"},\"potentialAction\":[{\"@type\":\"SearchAction\",\"target\":{\"@type\":\"EntryPoint\",\"urlTemplate\":\"https:\/\/www.etoro.com\/es\/?s={search_term_string}\"},\"query-input\":{\"@type\":\"PropertyValueSpecification\",\"valueRequired\":true,\"valueName\":\"search_term_string\"}}],\"inLanguage\":\"es\"},[]]}<\/script>","yoast_head_json":{"title":"Pol\u00edtica de inversi\u00f3n responsable | eToro","description":"eToro fomenta la inversi\u00f3n responsable entre los clientes y les insta a invertir con seguridad. Lea nuestra pol\u00edtica de inversi\u00f3n responsable para obtener m\u00e1s informaci\u00f3n al respecto.","robots":{"index":"index","follow":"follow","max-snippet":"max-snippet:-1","max-image-preview":"max-image-preview:large","max-video-preview":"max-video-preview:-1"},"canonical":"https:\/\/www.etoro.com\/es\/wp-json\/wp\/v2\/pages\/9810","og_locale":"es_ES","og_type":"article","og_title":"Pol\u00edtica de inversi\u00f3n responsable | eToro","og_description":"eToro fomenta la inversi\u00f3n responsable entre los clientes y les insta a invertir con seguridad. Lea nuestra pol\u00edtica de inversi\u00f3n responsable para obtener m\u00e1s informaci\u00f3n al respecto.","og_url":"https:\/\/www.etoro.com\/es\/wp-json\/wp\/v2\/pages\/9810","og_site_name":"eToro","article_publisher":"https:\/\/www.facebook.com\/eToro\/","article_modified_time":"2024-07-08T09:15:18+00:00","og_image":[{"width":240,"height":240,"url":"https:\/\/www.etoro.com\/wp-content\/uploads\/2019\/12\/etoro_logo_social_share1.png","type":"image\/png"}],"twitter_card":"summary_large_image","twitter_site":"@eToro","twitter_misc":{"Est. reading time":"2 minutes"},"schema":{"@context":"https:\/\/schema.org","@graph":[{"@type":"WebPage","@id":"https:\/\/www.etoro.com\/es\/customer-service\/responsible-trading\/","url":"https:\/\/www.etoro.com\/es\/customer-service\/responsible-trading\/","name":"Pol\u00edtica de inversi\u00f3n responsable | eToro","isPartOf":{"@id":"https:\/\/www.etoro.com\/es\/#website"},"datePublished":"2017-10-24T06:56:32+00:00","dateModified":"2024-07-08T09:15:18+00:00","description":"eToro fomenta la inversi\u00f3n responsable entre los clientes y les insta a invertir con seguridad. Lea nuestra pol\u00edtica de inversi\u00f3n responsable para obtener m\u00e1s informaci\u00f3n al respecto.","breadcrumb":{"@id":"https:\/\/www.etoro.com\/es\/customer-service\/responsible-trading\/#breadcrumb"},"inLanguage":"es","potentialAction":[{"@type":"ReadAction","target":["https:\/\/www.etoro.com\/es\/customer-service\/responsible-trading\/"]}]},{"@type":"BreadcrumbList","@id":"https:\/\/www.etoro.com\/es\/customer-service\/responsible-trading\/#breadcrumb","itemListElement":[{"@type":"ListItem","position":1,"name":"Inicio","item":"https:\/\/www.etoro.com\/es\/"},{"@type":"ListItem","position":2,"name":"ATENCI\u00d3N AL CLIENTE","item":"https:\/\/www.etoro.com\/es\/customer-service\/"},{"@type":"ListItem","position":3,"name":"INVERSI\u00d3N RESPONSABLE"}]},{"@type":"WebSite","@id":"https:\/\/www.etoro.com\/es\/#website","url":"https:\/\/www.etoro.com\/es\/","name":"eToro","description":"","publisher":{"@id":"https:\/\/www.etoro.com\/es\/#organization"},"potentialAction":[{"@type":"SearchAction","target":{"@type":"EntryPoint","urlTemplate":"https:\/\/www.etoro.com\/es\/?s={search_term_string}"},"query-input":{"@type":"PropertyValueSpecification","valueRequired":true,"valueName":"search_term_string"}}],"inLanguage":"es"},[]]}},"_links":{"self":[{"href":"https:\/\/www.etoro.com\/es\/wp-json\/wp\/v2\/pages\/9810"}],"collection":[{"href":"https:\/\/www.etoro.com\/es\/wp-json\/wp\/v2\/pages"}],"about":[{"href":"https:\/\/www.etoro.com\/es\/wp-json\/wp\/v2\/types\/page"}],"author":[{"embeddable":true,"href":"https:\/\/www.etoro.com\/es\/wp-json\/wp\/v2\/users\/1"}],"replies":[{"embeddable":true,"href":"https:\/\/www.etoro.com\/es\/wp-json\/wp\/v2\/comments?post=9810"}],"version-history":[{"count":0,"href":"https:\/\/www.etoro.com\/es\/wp-json\/wp\/v2\/pages\/9810\/revisions"}],"up":[{"embeddable":true,"href":"https:\/\/www.etoro.com\/es\/wp-json\/wp\/v2\/pages\/6961"}],"wp:attachment":[{"href":"https:\/\/www.etoro.com\/es\/wp-json\/wp\/v2\/media?parent=9810"}],"wp:term":[{"taxonomy":"asset_type","embeddable":true,"href":"https:\/\/www.etoro.com\/es\/wp-json\/wp\/v2\/asset_type?post=9810"}],"curies":[{"name":"wp","href":"https:\/\/api.w.org\/{rel}","templated":true}]}}