{"id":1116096,"date":"2025-08-06T16:55:05","date_gmt":"2025-08-06T13:55:05","guid":{"rendered":"https:\/\/www.etoro.com\/?page_id=1116096"},"modified":"2025-08-06T18:28:01","modified_gmt":"2025-08-06T15:28:01","slug":"tori","status":"publish","type":"page","link":"https:\/\/www.etoro.com\/fi\/trading\/platforms\/tori\/","title":{"rendered":"Tori"},"content":{"rendered":"\n<div class=\"wp-block-etoro-half-cover has-white-background-color\">\n<div class=\"wp-block-etoro-half-cover-left\"><p id=\"breadcrumbs\" class=\"gray-dark\"><span><span><a href=\"https:\/\/www.etoro.com\/fi\/\">Koti<\/a><\/span><\/span><\/p>\n<h1 class=\"wp-block-heading is-style-banner-title\"><strong>TORI<\/strong>Teko\u00e4lysijoituskumppanisi<\/h1>\n\n\n\n<p>\u00c4lykk\u00e4\u00e4mpi\u00e4 p\u00e4\u00e4t\u00f6ksi\u00e4. Nopeampia vastauksia. Personoituja oivalluksia.<br><\/p>\n\n\n\n<div class=\"wp-block-buttons is-layout-flex wp-block-buttons-is-layout-flex\">\n<a class=\"e-cta e-cta-primary\" href=\"http:\/\/etoro.com\/home?bscarousel=tori_intro_carousel\">Kokeile Toria<\/a>\n<\/div>\n<\/div>\n\n\n\n<div class=\"wp-block-etoro-half-cover-right\">\n<img decoding=\"async\" src=\"https:\/\/www.etoro.com\/wp-content\/uploads\/2025\/08\/Tori_main_desktop.png\" alt=\"\" class=\"wp-block-etoro-half-cover-media\"\/><img decoding=\"async\" src=\"https:\/\/www.etoro.com\/wp-content\/uploads\/2025\/08\/Tori_Desktop-1.png\" alt=\"\" class=\"wp-block-etoro-half-cover-media-desktop\"\/><img decoding=\"async\" src=\"https:\/\/www.etoro.com\/wp-content\/uploads\/2025\/08\/Tori_tablet.png\" alt=\"\" class=\"wp-block-etoro-half-cover-media-tablet\"\/><img decoding=\"async\" src=\"https:\/\/www.etoro.com\/wp-content\/uploads\/2025\/08\/Tori_mobile.png\" alt=\"\" class=\"wp-block-etoro-half-cover-media-mobile\"\/>\n<\/div>\n<\/div>\n\n\n\n<section class=\"wp-block-group wp-block-group-boxed\"><div class=\"wp-block-group-inner is-layout-flow wp-block-group-is-layout-flow\">\n<h2 class=\"wp-block-heading has-text-align-center\"><b class=\"wp-etoro-format-colored-green\">Tutustu,<\/b> <strong>opi,<\/strong><b class=\"wp-etoro-format-colored-green\"> analysoi<\/b><\/h2>\n\n\n\n<p class=\"has-text-align-center\">Tori tuo tietoja, oivalluksia ja analyysej\u00e4 yhteen yksinkertaiseen ja interaktiiviseen keskusteluun.<\/p>\n<\/div><\/section>\n\n\n\n<section class=\"wp-block-group wp-block-group-boxed has-white-background-color has-background\"><div class=\"wp-block-group-inner is-layout-flow wp-block-group-is-layout-flow\">\n<div class=\"wp-block-columns are-vertically-aligned-center wp-block-columns-2 is-layout-flex wp-container-core-columns-is-layout-1 wp-block-columns-is-layout-flex\">\n<div class=\"wp-block-column is-layout-flow wp-block-column-is-layout-flow\">\n<figure class=\"wp-block-image size-full wp-block-image-has-mobile\"><img loading=\"lazy\" decoding=\"async\" width=\"1152\" height=\"800\" src=\"https:\/\/www.etoro.com\/wp-content\/uploads\/2025\/08\/Cube-desktop-X2-3-3.gif\" alt=\"\" class=\"wp-image-1116232 wp-image-desktop\"\/><img loading=\"lazy\" decoding=\"async\" width=\"1152\" height=\"800\" src=\"https:\/\/www.etoro.com\/wp-content\/uploads\/2025\/08\/Cube-mobile-X23-1.gif\" alt=\"\" class=\"wp-image-1116200 wp-image-mobile\"\/><\/figure>\n\n\n\n<p class=\"is-style-disclaimer\">Vain havainnollistamistarkoitukseen<\/p>\n<\/div>\n\n\n\n<div class=\"wp-block-column is-text-column is-layout-flow wp-block-column-is-layout-flow\">\n<p class=\"is-style-heading-2\"><strong>Tutustu <b class=\"wp-etoro-format-colored-green\">uusiin sijoitusmahdollisuuksiin<\/b><\/strong><\/p>\n\n\n\n<p>Tori tarjoaa jokaiseen kysymykseesi selkeit\u00e4 ja reaaliaikaisia tietoja ja oivalluksia sijoitusmahdollisuuksien paljastamiseksi.<\/p>\n\n\n\n<div class=\"wp-block-buttons is-layout-flex wp-block-buttons-is-layout-flex\">\n<a class=\"e-cta e-cta-primary\" href=\"http:\/\/etoro.com\/home?bscarousel=tori_intro_carousel\">Kysy Torilta<\/a>\n<\/div>\n<\/div>\n<\/div>\n<\/div><\/section>\n\n\n\n<section class=\"wp-block-group wp-block-group-boxed has-dark-blue-background-color has-background\"><div class=\"wp-block-group-inner is-layout-flow wp-block-group-is-layout-flow\">\n<div class=\"wp-block-columns are-vertically-aligned-center wp-block-columns-2 is-layout-flex wp-container-core-columns-is-layout-2 wp-block-columns-is-layout-flex\">\n<div class=\"wp-block-column is-text-column is-layout-flow wp-block-column-is-layout-flow\">\n<h2 class=\"wp-block-heading\"><strong><b class=\"wp-etoro-format-colored-green\">Saa markkinaoivalluksia <\/b> r\u00e4\u00e4t\u00e4l\u00f6ityn\u00e4 kiinnostuksen kohteisiisi<\/strong><\/h2>\n\n\n\n<p>Tori muuttaa kysymyksesi toimintakelpoisiksi oivalluksiksi. Saa analyysej\u00e4 tarvittaessa pysy\u00e4ksesi ajan tasalla ja hallinnassa.<\/p>\n\n\n\n<div class=\"wp-block-buttons is-layout-flex wp-block-buttons-is-layout-flex\">\n<a class=\"e-cta e-cta-primary\" href=\"http:\/\/etoro.com\/home?bscarousel=tori_intro_carousel\">Analysoi Torin avulla<\/a>\n<\/div>\n<\/div>\n\n\n\n<div class=\"wp-block-column is-layout-flow wp-block-column-is-layout-flow\">\n<p class=\"is-style-disclaimer\"><\/p>\n\n\n\n<figure class=\"wp-block-video\"><video autoplay loop muted src=\"https:\/\/www.etoro.com\/wp-content\/uploads\/2025\/08\/Question-desktop-option-3-X2-1-1.mp4\" playsinline><\/video><\/figure>\n\n\n\n<p class=\"is-style-disclaimer\">Vain havainnollistamistarkoitukseen<\/p>\n<\/div>\n<\/div>\n<\/div><\/section>\n\n\n\n<section class=\"wp-block-group wp-block-group-boxed has-white-background-color has-background\"><div class=\"wp-block-group-inner is-layout-flow wp-block-group-is-layout-flow\">\n<div class=\"wp-block-columns are-vertically-aligned-center wp-block-columns-2 is-layout-flex wp-container-core-columns-is-layout-3 wp-block-columns-is-layout-flex\">\n<div class=\"wp-block-column is-layout-flow wp-block-column-is-layout-flow\">\n<figure class=\"wp-block-image size-full\"><img loading=\"lazy\" decoding=\"async\" width=\"576\" height=\"400\" src=\"https:\/\/www.etoro.com\/wp-content\/uploads\/2025\/08\/Level-up-your-investing-knowledge.png\" alt=\"\" class=\"wp-image-1112883 wp-image-desktop\" srcset=\"https:\/\/www.etoro.com\/wp-content\/uploads\/2025\/08\/Level-up-your-investing-knowledge.png 576w, https:\/\/www.etoro.com\/wp-content\/uploads\/2025\/08\/Level-up-your-investing-knowledge-300x208.png 300w\" sizes=\"(max-width: 576px) 100vw, 576px\" \/><\/figure>\n<\/div>\n\n\n\n<div class=\"wp-block-column is-text-column is-layout-flow wp-block-column-is-layout-flow\">\n<h2 class=\"wp-block-heading\"><strong>Paranna  <b class=\"wp-etoro-format-colored-green\">sijoitustiet\u00e4myst\u00e4si<\/b><\/strong><\/h2>\n\n\n\n<p>Esit\u00e4 kysymys, jolloin Tori tarjoaa r\u00e4\u00e4t\u00e4l\u00f6ityj\u00e4 oppitunteja, vinkkej\u00e4 ja oppaita <a href=\"https:\/\/www.etoro.com\/fi\/academy\/\">eToro Academysta<\/a>, mik\u00e4 auttaa sinua kartuttamaan sijoitustiet\u00e4myst\u00e4si matkan varrella.<\/p>\n\n\n\n<div class=\"wp-block-buttons is-layout-flex wp-block-buttons-is-layout-flex\">\n<a class=\"e-cta e-cta-primary\" href=\"http:\/\/etoro.com\/home?bscarousel=tori_intro_carousel\">Opi Torin avulla<\/a>\n<\/div>\n<\/div>\n<\/div>\n<\/div><\/section>\n\n\n\n<section class=\"wp-block-group wp-block-group-boxed has-dark-blue-background-color has-background\"><div class=\"wp-block-group-inner is-layout-flow wp-block-group-is-layout-flow\">\n<h2 class=\"wp-block-heading has-text-align-center\"><strong>\u00c4lykk\u00e4\u00e4mpi joka p\u00e4iv\u00e4,  <b class=\"wp-etoro-format-colored-green\">syd\u00e4melt\u00e4ni silti ihminen<\/b><\/strong><\/h2>\n\n\n\n<p class=\"has-text-align-center\">Tori parantaa sijoituskokemustasi eik\u00e4 se korvaa inhimillist\u00e4 palvelua. Saat aina mahdollisuuden ottaa yhteytt\u00e4 asiakaspalvelutiimiimme, kun tarvitset henkil\u00f6kohtaista tukea tai asiantuntija-apua.<\/p>\n\n\n\n<p class=\"has-text-align-center\">Kuten mik\u00e4 tahansa teko\u00e4lyll\u00e4 toimiva tuote, Tori oppii ja kehittyy jatkuvasti. Jokaisen vuorovaikutuksen ja p\u00e4ivityksen my\u00f6t\u00e4 pyrimme tekem\u00e4\u00e4n Torista \u00e4lykk\u00e4\u00e4mm\u00e4n, tarkemman ja hy\u00f6dyllisemm\u00e4n, jotta kokemuksesi paranee ajan my\u00f6t\u00e4.<\/p>\n\n\n\n<div class=\"wp-block-buttons is-content-justification-center is-layout-flex wp-container-core-buttons-is-layout-5 wp-block-buttons-is-layout-flex\">\n<a class=\"e-cta e-cta-primary\" href=\"http:\/\/etoro.com\/home?bscarousel=tori_intro_carousel\">Kysy Torilta<\/a>\n<\/div>\n\n\n\n<p class=\"has-text-align-center is-style-disclaimer\">*Otetaan k\u00e4ytt\u00f6\u00f6n v\u00e4hitellen. Nyt saatavilla valituille k\u00e4ytt\u00e4jille valituilla alueilla.<\/p>\n<\/div><\/section>\n\n\n\n<section class=\"wp-block-group wp-block-group-boxed has-white-background-color has-background\"><div class=\"wp-block-group-inner is-layout-flow wp-block-group-is-layout-flow\">\n<h2 class=\"wp-block-heading has-text-align-center\">FAQ<\/h2>\n\n\n\n<dl class=\"wp-block-etoro-faq\">\n<div class=\"wp-block-etoro-faq-item\"><dt class=\"wp-block-etoro-faq-item-question\">Mik\u00e4 on Tori?<\/dt><dd class=\"wp-block-etoro-faq-item-answer\">\n<p>Tori on eToron teko\u00e4lypohjainen sijoituskumppani. Se auttaa sinua tutkimaan markkinoita, analysoimaan salkkuasi, oppimaan sijoittamisesta ja navigoimaan alustalla yksinkertaisen ja luonnollisen keskustelun avulla.<\/p>\n<\/dd><\/div>\n\n\n\n<div class=\"wp-block-etoro-faq-item\"><dt class=\"wp-block-etoro-faq-item-question\">\u00a0Miten k\u00e4yt\u00e4n Toria?<\/dt><dd class=\"wp-block-etoro-faq-item-answer\">\n<p>L\u00f6yd\u00e4t Tori-kuvakkeen eToro-alustan t\u00e4rkeimpien n\u00e4ytt\u00f6jen oikeasta yl\u00e4kulmasta, kuten Tutustu-, Salkku- ja Omaisuuser\u00e4-sivuilta. Voit avata keskustelun napauttamalla sit\u00e4. Torin ehdottamat kysymykset mukautuvat sijaintisi mukaan, mutta voit kysy\u00e4 mit\u00e4 tahansa milloin tahansa.<\/p>\n<\/dd><\/div>\n\n\n\n<div class=\"wp-block-etoro-faq-item\"><dt class=\"wp-block-etoro-faq-item-question\">Mit\u00e4 voin kysy\u00e4 Torilta?<\/dt><dd class=\"wp-block-etoro-faq-item-answer\">\n<p>L\u00e4hes mit\u00e4 tahansa sijoittamiseen liittyv\u00e4! Esimerkiksi:<\/p>\n\n\n\n<p>&#8221;Vertaa Teslaa ja Nvidiaa&#8221;<\/p>\n\n\n\n<p>&#8221;Mik\u00e4 on tekninen analyysi?&#8221;<\/p>\n\n\n\n<p>&#8221;Mitk\u00e4 ovat trendikk\u00e4imm\u00e4t osakkeet?&#8221;<\/p>\n\n\n\n<p>&#8221;Mist\u00e4 l\u00f6yd\u00e4n tuloskalenterini?&#8221;<\/p>\n\n\n\n<p>Tori tarjoaa selkeit\u00e4 ja reaaliaikaisia vastauksia, jotka on r\u00e4\u00e4t\u00e4l\u00f6ity pyynt\u00f6\u00f6si.<\/p>\n<\/dd><\/div>\n\n\n\n<div class=\"wp-block-etoro-faq-item\"><dt class=\"wp-block-etoro-faq-item-question\">Voiko Tori analysoida salkkuani?<\/dt><dd class=\"wp-block-etoro-faq-item-answer\">\n<p>Kyll\u00e4, jos salkkusi on julkinen. Tori voi antaa yleisi\u00e4 havaintoja salkkusi koostumuksesta, kuten omaisuuserien keskittymisest\u00e4 ja toimialan altistumisesta. Jos salkkusi on yksityinen, Tori ei voi k\u00e4ytt\u00e4\u00e4 sit\u00e4.<\/p>\n<\/dd><\/div>\n\n\n\n<div class=\"wp-block-etoro-faq-item\"><dt class=\"wp-block-etoro-faq-item-question\">Onko Tori todella teko\u00e4ly?<\/dt><dd class=\"wp-block-etoro-faq-item-answer\">\n<p>Kyll\u00e4. Tori toimii eToron itse kehitt\u00e4m\u00e4n edistyneen teko\u00e4lyteknologian avulla. Joissakin tapauksissa se k\u00e4ytt\u00e4\u00e4 my\u00f6s ennalta m\u00e4\u00e4ritettyj\u00e4 ty\u00f6nkulkuja tai chatbot-logiikkaa luotettavuuden parantamiseksi.<\/p>\n<\/dd><\/div>\n\n\n\n<div class=\"wp-block-etoro-faq-item\"><dt class=\"wp-block-etoro-faq-item-question\">Voiko Tori antaa sijoitusneuvontaa?<\/dt><dd class=\"wp-block-etoro-faq-item-answer\">\n<p>Ei. Tori ei tarjoa talous- tai sijoitusneuvontaa. Se tarjoaa oivalluksia, koulutusta ja ohjausta, jotka auttavat sinua tekem\u00e4\u00e4n tietoisempia p\u00e4\u00e4t\u00f6ksi\u00e4, mutta lopullinen p\u00e4\u00e4t\u00f6s on aina sinun.<\/p>\n<\/dd><\/div>\n\n\n\n<div class=\"wp-block-etoro-faq-item\"><dt class=\"wp-block-etoro-faq-item-question\">Korvaako Tori asiakastuen?<\/dt><dd class=\"wp-block-etoro-faq-item-answer\">\n<p>Ei. Tori t\u00e4ydent\u00e4\u00e4 tukitiimi\u00e4mme. Jos kysymyksesi vaatii henkil\u00f6kohtaista apua, Tori yhdist\u00e4\u00e4 sinut suoraan asiakaspalveluun.<\/p>\n<\/dd><\/div>\n\n\n\n<div class=\"wp-block-etoro-faq-item\"><dt class=\"wp-block-etoro-faq-item-question\">\u00a0Voiko Tori n\u00e4hd\u00e4 seurantaluetteloni?<\/dt><dd class=\"wp-block-etoro-faq-item-answer\">\n<p>Ei viel\u00e4, mutta se on tulevaisuuden suunnitelma<\/p>\n<\/dd><\/div>\n\n\n\n<div class=\"wp-block-etoro-faq-item\"><dt class=\"wp-block-etoro-faq-item-question\">Onko Torilla p\u00e4\u00e4sy henkil\u00f6tietoihini?<\/dt><dd class=\"wp-block-etoro-faq-item-answer\">\n<p>Ei, ellet k\u00e4yt\u00e4 tukiedustajalle tarkoitettua versiota. Muutoin Tori k\u00e4ytt\u00e4\u00e4 alustalta vain julkista dataa (esim. markkinadataa, omaisuuser\u00e4profiileja ja julkisia salkkuja)<\/p>\n<\/dd><\/div>\n\n\n\n<div class=\"wp-block-etoro-faq-item\"><dt class=\"wp-block-etoro-faq-item-question\">Voinko n\u00e4hd\u00e4 aiemmat keskustelut Torin kanssa?<\/dt><dd class=\"wp-block-etoro-faq-item-answer\">\n<p>Kyll\u00e4. Voit tarkastella aiempia Tori-keskustelujasi keskusteluikkunan \u2630-valikosta. Keskusteluhistoria tallennetaan 30 p\u00e4iv\u00e4ksi \u2013 se nollautuu, jos vastaat vanhempaan viestiin.<\/p>\n<\/dd><\/div>\n<\/dl>\n<\/div><\/section>\n\n\n\n<section class=\"wp-block-group wp-block-group-boxed\"><div class=\"wp-block-group-inner is-layout-flow wp-block-group-is-layout-flow\">\n<p class=\"is-style-disclaimer\">T\u00e4m\u00e4 viestint\u00e4 on tarkoitettu vain tiedotus- ja koulutustarkoituksiin, eik\u00e4 sit\u00e4 tule pit\u00e4\u00e4 sijoitusneuvona, henkil\u00f6kohtaisena suosituksena tai tarjouksena tai kehotuksena ostaa tai myyd\u00e4 mit\u00e4\u00e4n rahoitusv\u00e4lineit\u00e4. T\u00e4m\u00e4 materiaali on laadittu ottamatta huomioon mink\u00e4\u00e4n tietyn vastaanottajan sijoitustavoitteita tai taloudellista tilannetta, eik\u00e4 sit\u00e4 ole laadittu riippumattoman tutkimuksen edist\u00e4mist\u00e4 koskevien lakis\u00e4\u00e4teisten ja s\u00e4\u00e4ntelyvaatimusten mukaisesti. Viittaukset rahoitusv\u00e4lineen, indeksin tai paketoidun sijoitustuotteen aiempaan tai tulevaan tuottoon eiv\u00e4t ole luotettava indikaattori tulevista tuloksista eik\u00e4 niit\u00e4 tule pit\u00e4\u00e4 sellaisina. eToro ei esit\u00e4 mit\u00e4\u00e4n v\u00e4itteit\u00e4 eik\u00e4 ota vastuuta t\u00e4m\u00e4n julkaisun sis\u00e4ll\u00f6n tarkkuudesta tai t\u00e4ydellisyydest\u00e4.<\/p>\n\n\n\n<p class=\"is-style-disclaimer\"><br>Monetary Authority of Singapore ei ole tarkistanut t\u00e4t\u00e4 mainosta.<\/p>\n\n\n\n<p class=\"is-style-disclaimer\"><br>Tori ei tarjoa sijoitusneuvontaa.<br>Tori on teko\u00e4lyll\u00e4 toimiva ty\u00f6kalu, joka on suunniteltu tarjoamaan koulutussis\u00e4lt\u00f6\u00e4, tietoja ja yleisi\u00e4 markkinaoivalluksia. Se ei ota huomioon henkil\u00f6kohtaisia olosuhteitasi, eik\u00e4 siihen tule luottaa sijoitusp\u00e4\u00e4t\u00f6ksi\u00e4 teht\u00e4ess\u00e4. P\u00e4\u00e4omasi on vaarassa. Aiempi tuotto ei ole osoitus tulevista tuloksista.<br>eToro ei esit\u00e4 mit\u00e4\u00e4n v\u00e4itteit\u00e4 eik\u00e4 ota vastuuta luotujen vastausten tarkkuudesta tai t\u00e4ydellisyydest\u00e4.<\/p>\n\n\n\n<p class=\"is-style-disclaimer\"><\/p>\n<\/div><\/section>\n","protected":false},"excerpt":{"rendered":"<p>Tutustu, opi, analysoi Tori tuo tietoja, oivalluksia ja analyysej\u00e4 yhteen yksinkertaiseen ja interaktiiviseen keskusteluun. Vain havainnollistamistarkoitukseen Tutustu uusiin sijoitusmahdollisuuksiin Tori tarjoaa jokaiseen kysymykseesi selkeit\u00e4 ja reaaliaikaisia tietoja ja oivalluksia sijoitusmahdollisuuksien paljastamiseksi. Saa markkinaoivalluksia r\u00e4\u00e4t\u00e4l\u00f6ityn\u00e4 kiinnostuksen kohteisiisi Tori muuttaa kysymyksesi toimintakelpoisiksi oivalluksiksi. Saa analyysej\u00e4 tarvittaessa pysy\u00e4ksesi ajan tasalla ja hallinnassa. Vain havainnollistamistarkoitukseen Paranna sijoitustiet\u00e4myst\u00e4si Esit\u00e4 kysymys,&hellip;<\/p>\n","protected":false},"author":75,"featured_media":1112842,"parent":36469,"menu_order":0,"comment_status":"closed","ping_status":"closed","template":"","meta":{"_acf_changed":false,"inline_featured_image":false,"sticky_cta_settings":"","footnotes":""},"asset_type":[],"class_list":["post-1116096","page","type-page","status-publish","has-post-thumbnail","hentry"],"acf":[],"yoast_head":"<title>Tori \u2013 eToron teko\u00e4lysijoituskumppanisi<\/title>\n<meta name=\"description\" content=\"Ota selv\u00e4\u00e4, miten Tori hy\u00f6dynt\u00e4\u00e4 teko\u00e4ly\u00e4 sijoittamisesi tehostamiseen: saa oivalluksia, salkkuanalyysej\u00e4 ja \u00e4lykk\u00e4it\u00e4 vinkkej\u00e4 \u2013 kaikki eTorolla.\" \/>\n<meta name=\"robots\" content=\"index, follow, max-snippet:-1, max-image-preview:large, max-video-preview:-1\" \/>\n<link rel=\"canonical\" href=\"https:\/\/www.etoro.com\/fi\/wp-json\/wp\/v2\/pages\/1116096\" \/>\n<meta property=\"og:locale\" content=\"fi_FI\" \/>\n<meta property=\"og:type\" content=\"article\" \/>\n<meta property=\"og:title\" content=\"Tori \u2013 eToron teko\u00e4lysijoituskumppanisi\" \/>\n<meta property=\"og:description\" content=\"Ota selv\u00e4\u00e4, miten Tori hy\u00f6dynt\u00e4\u00e4 teko\u00e4ly\u00e4 sijoittamisesi tehostamiseen: saa oivalluksia, salkkuanalyysej\u00e4 ja \u00e4lykk\u00e4it\u00e4 vinkkej\u00e4 \u2013 kaikki eTorolla.\" \/>\n<meta property=\"og:url\" content=\"https:\/\/www.etoro.com\/fi\/wp-json\/wp\/v2\/pages\/1116096\" \/>\n<meta property=\"og:site_name\" content=\"eToro\" \/>\n<meta property=\"article:publisher\" content=\"https:\/\/www.facebook.com\/eToro\/\" \/>\n<meta property=\"article:modified_time\" content=\"2025-08-06T15:28:01+00:00\" \/>\n<meta property=\"og:image\" content=\"https:\/\/www.etoro.com\/wp-content\/uploads\/2025\/08\/Tori_Featured-image-1200x630-1.png\" \/>\n\t<meta property=\"og:image:width\" content=\"1200\" \/>\n\t<meta property=\"og:image:height\" content=\"630\" \/>\n\t<meta property=\"og:image:type\" content=\"image\/png\" \/>\n<meta name=\"twitter:card\" content=\"summary_large_image\" \/>\n<meta name=\"twitter:site\" content=\"@eToro\" \/>\n<meta name=\"twitter:label1\" content=\"Arvioitu lukuaika\" \/>\n\t<meta name=\"twitter:data1\" content=\"3 minuuttia\" \/>\n<script type=\"application\/ld+json\" class=\"yoast-schema-graph\">{\"@context\":\"https:\/\/schema.org\",\"@graph\":[{\"@type\":\"WebPage\",\"@id\":\"https:\/\/www.etoro.com\/fi\/trading\/platforms\/tori\/\",\"url\":\"https:\/\/www.etoro.com\/fi\/trading\/platforms\/tori\/\",\"name\":\"Tori \u2013 eToron teko\u00e4lysijoituskumppanisi\",\"isPartOf\":{\"@id\":\"https:\/\/www.etoro.com\/fi\/#website\"},\"primaryImageOfPage\":{\"@id\":\"https:\/\/www.etoro.com\/fi\/trading\/platforms\/tori\/#primaryimage\"},\"image\":{\"@id\":\"https:\/\/www.etoro.com\/fi\/trading\/platforms\/tori\/#primaryimage\"},\"thumbnailUrl\":\"https:\/\/www.etoro.com\/wp-content\/uploads\/2025\/08\/Tori_Featured-image-1200x630-1.png\",\"datePublished\":\"2025-08-06T13:55:05+00:00\",\"dateModified\":\"2025-08-06T15:28:01+00:00\",\"description\":\"Ota selv\u00e4\u00e4, miten Tori hy\u00f6dynt\u00e4\u00e4 teko\u00e4ly\u00e4 sijoittamisesi tehostamiseen: saa oivalluksia, salkkuanalyysej\u00e4 ja \u00e4lykk\u00e4it\u00e4 vinkkej\u00e4 \u2013 kaikki eTorolla.\",\"breadcrumb\":{\"@id\":\"https:\/\/www.etoro.com\/fi\/trading\/platforms\/tori\/#breadcrumb\"},\"inLanguage\":\"fi\",\"potentialAction\":[{\"@type\":\"ReadAction\",\"target\":[\"https:\/\/www.etoro.com\/fi\/trading\/platforms\/tori\/\"]}]},{\"@type\":\"ImageObject\",\"inLanguage\":\"fi\",\"@id\":\"https:\/\/www.etoro.com\/fi\/trading\/platforms\/tori\/#primaryimage\",\"url\":\"https:\/\/www.etoro.com\/wp-content\/uploads\/2025\/08\/Tori_Featured-image-1200x630-1.png\",\"contentUrl\":\"https:\/\/www.etoro.com\/wp-content\/uploads\/2025\/08\/Tori_Featured-image-1200x630-1.png\",\"width\":1200,\"height\":630},{\"@type\":\"BreadcrumbList\",\"@id\":\"https:\/\/www.etoro.com\/fi\/trading\/platforms\/tori\/#breadcrumb\",\"itemListElement\":[{\"@type\":\"ListItem\",\"position\":1,\"name\":\"Koti\",\"item\":\"https:\/\/www.etoro.com\/fi\/\"},{\"@type\":\"ListItem\",\"position\":2,\"name\":\"Kaupank\u00e4ynti\",\"item\":\"https:\/\/www.etoro.com\/fi\/trading\/\"},{\"@type\":\"ListItem\",\"position\":3,\"name\":\"ALUSTAT - HISTORIA\",\"item\":\"https:\/\/www.etoro.com\/fi\/trading\/platforms\/\"},{\"@type\":\"ListItem\",\"position\":4,\"name\":\"Tori\"}]},{\"@type\":\"WebSite\",\"@id\":\"https:\/\/www.etoro.com\/fi\/#website\",\"url\":\"https:\/\/www.etoro.com\/fi\/\",\"name\":\"eToro\",\"description\":\"\",\"publisher\":{\"@id\":\"https:\/\/www.etoro.com\/fi\/#organization\"},\"potentialAction\":[{\"@type\":\"SearchAction\",\"target\":{\"@type\":\"EntryPoint\",\"urlTemplate\":\"https:\/\/www.etoro.com\/fi\/?s={search_term_string}\"},\"query-input\":{\"@type\":\"PropertyValueSpecification\",\"valueRequired\":true,\"valueName\":\"search_term_string\"}}],\"inLanguage\":\"fi\"},[]]}<\/script>","yoast_head_json":{"title":"Tori \u2013 eToron teko\u00e4lysijoituskumppanisi","description":"Ota selv\u00e4\u00e4, miten Tori hy\u00f6dynt\u00e4\u00e4 teko\u00e4ly\u00e4 sijoittamisesi tehostamiseen: saa oivalluksia, salkkuanalyysej\u00e4 ja \u00e4lykk\u00e4it\u00e4 vinkkej\u00e4 \u2013 kaikki eTorolla.","robots":{"index":"index","follow":"follow","max-snippet":"max-snippet:-1","max-image-preview":"max-image-preview:large","max-video-preview":"max-video-preview:-1"},"canonical":"https:\/\/www.etoro.com\/fi\/wp-json\/wp\/v2\/pages\/1116096","og_locale":"fi_FI","og_type":"article","og_title":"Tori \u2013 eToron teko\u00e4lysijoituskumppanisi","og_description":"Ota selv\u00e4\u00e4, miten Tori hy\u00f6dynt\u00e4\u00e4 teko\u00e4ly\u00e4 sijoittamisesi tehostamiseen: saa oivalluksia, salkkuanalyysej\u00e4 ja \u00e4lykk\u00e4it\u00e4 vinkkej\u00e4 \u2013 kaikki eTorolla.","og_url":"https:\/\/www.etoro.com\/fi\/wp-json\/wp\/v2\/pages\/1116096","og_site_name":"eToro","article_publisher":"https:\/\/www.facebook.com\/eToro\/","article_modified_time":"2025-08-06T15:28:01+00:00","og_image":[{"width":1200,"height":630,"url":"https:\/\/www.etoro.com\/wp-content\/uploads\/2025\/08\/Tori_Featured-image-1200x630-1.png","type":"image\/png"}],"twitter_card":"summary_large_image","twitter_site":"@eToro","twitter_misc":{"Arvioitu lukuaika":"3 minuuttia"},"schema":{"@context":"https:\/\/schema.org","@graph":[{"@type":"WebPage","@id":"https:\/\/www.etoro.com\/fi\/trading\/platforms\/tori\/","url":"https:\/\/www.etoro.com\/fi\/trading\/platforms\/tori\/","name":"Tori \u2013 eToron teko\u00e4lysijoituskumppanisi","isPartOf":{"@id":"https:\/\/www.etoro.com\/fi\/#website"},"primaryImageOfPage":{"@id":"https:\/\/www.etoro.com\/fi\/trading\/platforms\/tori\/#primaryimage"},"image":{"@id":"https:\/\/www.etoro.com\/fi\/trading\/platforms\/tori\/#primaryimage"},"thumbnailUrl":"https:\/\/www.etoro.com\/wp-content\/uploads\/2025\/08\/Tori_Featured-image-1200x630-1.png","datePublished":"2025-08-06T13:55:05+00:00","dateModified":"2025-08-06T15:28:01+00:00","description":"Ota selv\u00e4\u00e4, miten Tori hy\u00f6dynt\u00e4\u00e4 teko\u00e4ly\u00e4 sijoittamisesi tehostamiseen: saa oivalluksia, salkkuanalyysej\u00e4 ja \u00e4lykk\u00e4it\u00e4 vinkkej\u00e4 \u2013 kaikki eTorolla.","breadcrumb":{"@id":"https:\/\/www.etoro.com\/fi\/trading\/platforms\/tori\/#breadcrumb"},"inLanguage":"fi","potentialAction":[{"@type":"ReadAction","target":["https:\/\/www.etoro.com\/fi\/trading\/platforms\/tori\/"]}]},{"@type":"ImageObject","inLanguage":"fi","@id":"https:\/\/www.etoro.com\/fi\/trading\/platforms\/tori\/#primaryimage","url":"https:\/\/www.etoro.com\/wp-content\/uploads\/2025\/08\/Tori_Featured-image-1200x630-1.png","contentUrl":"https:\/\/www.etoro.com\/wp-content\/uploads\/2025\/08\/Tori_Featured-image-1200x630-1.png","width":1200,"height":630},{"@type":"BreadcrumbList","@id":"https:\/\/www.etoro.com\/fi\/trading\/platforms\/tori\/#breadcrumb","itemListElement":[{"@type":"ListItem","position":1,"name":"Koti","item":"https:\/\/www.etoro.com\/fi\/"},{"@type":"ListItem","position":2,"name":"Kaupank\u00e4ynti","item":"https:\/\/www.etoro.com\/fi\/trading\/"},{"@type":"ListItem","position":3,"name":"ALUSTAT - HISTORIA","item":"https:\/\/www.etoro.com\/fi\/trading\/platforms\/"},{"@type":"ListItem","position":4,"name":"Tori"}]},{"@type":"WebSite","@id":"https:\/\/www.etoro.com\/fi\/#website","url":"https:\/\/www.etoro.com\/fi\/","name":"eToro","description":"","publisher":{"@id":"https:\/\/www.etoro.com\/fi\/#organization"},"potentialAction":[{"@type":"SearchAction","target":{"@type":"EntryPoint","urlTemplate":"https:\/\/www.etoro.com\/fi\/?s={search_term_string}"},"query-input":{"@type":"PropertyValueSpecification","valueRequired":true,"valueName":"search_term_string"}}],"inLanguage":"fi"},[]]}},"_links":{"self":[{"href":"https:\/\/www.etoro.com\/fi\/wp-json\/wp\/v2\/pages\/1116096"}],"collection":[{"href":"https:\/\/www.etoro.com\/fi\/wp-json\/wp\/v2\/pages"}],"about":[{"href":"https:\/\/www.etoro.com\/fi\/wp-json\/wp\/v2\/types\/page"}],"author":[{"embeddable":true,"href":"https:\/\/www.etoro.com\/fi\/wp-json\/wp\/v2\/users\/75"}],"replies":[{"embeddable":true,"href":"https:\/\/www.etoro.com\/fi\/wp-json\/wp\/v2\/comments?post=1116096"}],"version-history":[{"count":0,"href":"https:\/\/www.etoro.com\/fi\/wp-json\/wp\/v2\/pages\/1116096\/revisions"}],"up":[{"embeddable":true,"href":"https:\/\/www.etoro.com\/fi\/wp-json\/wp\/v2\/pages\/36469"}],"wp:featuredmedia":[{"embeddable":true,"href":"https:\/\/www.etoro.com\/fi\/wp-json\/wp\/v2\/media\/1112842"}],"wp:attachment":[{"href":"https:\/\/www.etoro.com\/fi\/wp-json\/wp\/v2\/media?parent=1116096"}],"wp:term":[{"taxonomy":"asset_type","embeddable":true,"href":"https:\/\/www.etoro.com\/fi\/wp-json\/wp\/v2\/asset_type?post=1116096"}],"curies":[{"name":"wp","href":"https:\/\/api.w.org\/{rel}","templated":true}]}}