{"id":1259329,"date":"2026-04-20T10:10:55","date_gmt":"2026-04-20T07:10:55","guid":{"rendered":"https:\/\/www.etoro.com\/copytrader\/risk-warnings\/"},"modified":"2026-04-30T09:00:39","modified_gmt":"2026-04-30T06:00:39","slug":"risk-warnings","status":"publish","type":"page","link":"https:\/\/www.etoro.com\/fi\/copytrader\/risk-warnings\/","title":{"rendered":"Risks Associated with Social Trading (Copy Trading)"},"content":{"rendered":"\n<section class=\"wp-block-group wp-block-group-boxed wp-block-group-small-bottom-padding\"><div class=\"wp-block-group-inner is-layout-flow wp-block-group-is-layout-flow\">\n<div class=\"wp-block-columns are-vertically-aligned-top wp-block-columns-1 is-layout-flex wp-container-core-columns-is-layout-1 wp-block-columns-is-layout-flex\">\n<div class=\"wp-block-column is-layout-flow wp-block-column-is-layout-flow\">\n<p>eToro Group Ltd. et ses soci\u00e9t\u00e9s affili\u00e9es fournissent des fonctions de trading social qui vous permettent d\u2019interagir avec, de suivre et de copier d\u2019autres traders (\u00ab Fonctionnalit\u00e9s de trading social \u00bb), notamment Copy Trader\u2122, les Smart Portfolios, les classements et les outils communautaires.<\/p>\n\n\n\n<p>Bien que ces fonctionnalit\u00e9s puissent vous aider \u00e0 d\u00e9couvrir des strat\u00e9gies d\u2019investissement, elles peuvent comporter des risques. Vous devez examiner attentivement les \u00e9l\u00e9ments suivants avant de les utiliser :<\/p>\n<\/div>\n<\/div>\n\n\n\n<div class=\"wp-block-columns are-vertically-aligned-top wp-block-columns-1 is-layout-flex wp-container-core-columns-is-layout-2 wp-block-columns-is-layout-flex\">\n<div class=\"wp-block-column is-layout-flow wp-block-column-is-layout-flow\">\n<div class=\"wp-block-etoro-simple-collapsable-item-list\">\n<div class=\"wp-block-etoro-simple-collapsable-item\"><div class=\"wp-block-etoro-simple-collapsable-item-heading\">1. Vous \u00eates enti\u00e8rement responsable de vos d\u00e9cisions<\/div><div class=\"wp-block-etoro-simple-collapsable-item-content-wrapper\"><div class=\"wp-block-etoro-simple-collapsable-item-content\">\n<p>Le Copy Trading est bas\u00e9 sur votre choix de suivre ou de copier d\u2019autres traders.<\/p>\n\n\n\n<ul class=\"wp-block-list wp-block-list wp-block-list-circle\">\n<li>Vous devez tenir compte de votre situation financi\u00e8re, de vos objectifs d\u2019investissement et de votre tol\u00e9rance au risque.<\/li>\n\n\n\n<li>eToro ne fournit aucun conseil en investissement.<\/li>\n\n\n\n<li>Toutes les d\u00e9cisions que vous prenez sur la base des informations de la plateforme sont \u00e0 vos risques et p\u00e9rils.<\/li>\n<\/ul>\n\n\n\n<p>Vous devez toujours effectuer vos propres recherches avant d\u2019investir.<\/p>\n<\/div><\/div><\/div>\n\n\n\n<div class=\"wp-block-etoro-simple-collapsable-item\"><div class=\"wp-block-etoro-simple-collapsable-item-heading\">2. Risque li\u00e9 au trading automatis\u00e9<\/div><div class=\"wp-block-etoro-simple-collapsable-item-content-wrapper\"><div class=\"wp-block-etoro-simple-collapsable-item-content\">\n<p>Lorsque vous copiez un trader ou un Smart Portfolio :<\/p>\n\n\n\n<ul class=\"wp-block-list wp-block-list wp-block-list-circle\">\n<li>Les transactions sont ex\u00e9cut\u00e9es automatiquement sur votre compte, sans votre intervention.<\/li>\n\n\n\n<li>Les positions sont ouvertes, modifi\u00e9es et ferm\u00e9es en temps r\u00e9el en fonction des actions du trader copi\u00e9.<\/li>\n<\/ul>\n\n\n\n<p>Voici ce que \u00e7a signifie :<\/p>\n\n\n\n<ul class=\"wp-block-list wp-block-list wp-block-list-circle\">\n<li>Vous pouvez ne pas avoir le contr\u00f4le sur le moment d\u2019ex\u00e9cution ni sur les prix.<\/li>\n\n\n\n<li>Les conditions du march\u00e9 (par exemple, la volatilit\u00e9, le glissement, la liquidit\u00e9) peuvent conduire \u00e0 des r\u00e9sultats diff\u00e9rents de ceux du trader ou du Smart Portfolio que vous copiez.<\/li>\n\n\n\n<li>Vous pouvez perdre les fonds allou\u00e9s \u00e0 la copie.<\/li>\n<\/ul>\n<\/div><\/div><\/div>\n\n\n\n<div class=\"wp-block-etoro-simple-collapsable-item\"><div class=\"wp-block-etoro-simple-collapsable-item-heading\">3. Exposition aux CFD et aux cryptoactifs<\/div><div class=\"wp-block-etoro-simple-collapsable-item-content-wrapper\"><div class=\"wp-block-etoro-simple-collapsable-item-content\">\n<p>Lorsque vous copiez un investisseur ou un Smart Portfolio, vous pouvez \u00eatre expos\u00e9 \u00e0 des instruments complexes et \u00e0 haut risque tels que :<\/p>\n\n\n\n<ul class=\"wp-block-list wp-block-list wp-block-list-circle\">\n<li><strong>Les CFD (contrats sur diff\u00e9rence)<\/strong>\n<ul class=\"wp-block-list wp-block-list wp-block-list-circle\">\n<li>Impliquent souvent l\u2019effet de levier, qui peut amplifier \u00e0 la fois les gains et les pertes.<\/li>\n\n\n\n<li>Les prix peuvent \u00e9voluer rapidement, ce qui augmente le risque de pertes importantes.<\/li>\n\n\n\n<li>Vous ne poss\u00e9dez pas l&#8217;actif sous-jacent.<\/li>\n<\/ul>\n<\/li>\n\n\n\n<li><strong>Les cryptoactifs :<\/strong>\n<ul class=\"wp-block-list wp-block-list wp-block-list-circle\">\n<li>Tr\u00e8s volatils et peuvent conna\u00eetre des fluctuations de prix extr\u00eames.<\/li>\n\n\n\n<li>Ils peuvent \u00eatre soumis \u00e0 une faible liquidit\u00e9, \u00e0 des manipulations de march\u00e9 ou \u00e0 une incertitude r\u00e9glementaire.<\/li>\n<\/ul>\n<\/li>\n<\/ul>\n\n\n\n<p>M\u00eame si vous ne choisissez pas activement ces actifs, la copie d&#8217;un trader ou d&#8217;un Smart Portfolio signifie que vous \u00eates automatiquement expos\u00e9 aux instruments qu&#8217;il n\u00e9gocie.<\/p>\n<\/div><\/div><\/div>\n\n\n\n<div class=\"wp-block-etoro-simple-collapsable-item\"><div class=\"wp-block-etoro-simple-collapsable-item-heading\">4. Diff\u00e9rences de performances<\/div><div class=\"wp-block-etoro-simple-collapsable-item-content-wrapper\"><div class=\"wp-block-etoro-simple-collapsable-item-content\">\n<p>Vos r\u00e9sultats peuvent diff\u00e9rer de ceux du trader ou du Smart Portfolio que vous copiez en raison de facteurs tels que :<\/p>\n\n\n\n<ul class=\"wp-block-list wp-block-list wp-block-list-circle\">\n<li>Les d\u00e9p\u00f4ts ou retraits effectu\u00e9s sur la position copi\u00e9e.<\/li>\n\n\n\n<li>Les conditions de march\u00e9 et les diff\u00e9rences d\u2019ex\u00e9cution.<\/li>\n<\/ul>\n<\/div><\/div><\/div>\n\n\n\n<div class=\"wp-block-etoro-simple-collapsable-item\"><div class=\"wp-block-etoro-simple-collapsable-item-heading\">5. Les performances pass\u00e9es ne sont pas un indicateur fiable<\/div><div class=\"wp-block-etoro-simple-collapsable-item-content-wrapper\"><div class=\"wp-block-etoro-simple-collapsable-item-content\">\n<p>Des indicateurs tels que :<\/p>\n\n\n\n<ul class=\"wp-block-list wp-block-list wp-block-list-circle\">\n<li>Les scores de risque.<\/li>\n\n\n\n<li>La performance historique.<\/li>\n\n\n\n<li>Les donn\u00e9es du portefeuille ne constituent pas une garantie des r\u00e9sultats futurs.<\/li>\n<\/ul>\n\n\n\n<p>Les r\u00e9sultats r\u00e9els peuvent varier consid\u00e9rablement en raison de l\u2019\u00e9volution des conditions du march\u00e9 et du comportement des investisseurs.<\/p>\n<\/div><\/div><\/div>\n\n\n\n<div class=\"wp-block-etoro-simple-collapsable-item\"><div class=\"wp-block-etoro-simple-collapsable-item-heading\">6. Aucune garantie d\u2019ex\u00e9cution ou de contr\u00f4le des risques<\/div><div class=\"wp-block-etoro-simple-collapsable-item-content-wrapper\"><div class=\"wp-block-etoro-simple-collapsable-item-content\">\n<ul class=\"wp-block-list wp-block-list wp-block-list-circle\">\n<li>Les m\u00e9canismes de Stop Loss (y compris le Copy Stop Loss) ne sont pas garantis.<\/li>\n\n\n\n<li>Les transactions peuvent ne pas \u00eatre ex\u00e9cut\u00e9es au prix attendu.<\/li>\n\n\n\n<li>Les pertes peuvent d\u00e9passer les attentes en raison d&#8217;\u00e9carts de march\u00e9 ou de la volatilit\u00e9.<\/li>\n<\/ul>\n<\/div><\/div><\/div>\n\n\n\n<div class=\"wp-block-etoro-simple-collapsable-item\"><div class=\"wp-block-etoro-simple-collapsable-item-heading\">7. Les traders que vous copiez ne sont pas des conseillers<\/div><div class=\"wp-block-etoro-simple-collapsable-item-content-wrapper\"><div class=\"wp-block-etoro-simple-collapsable-item-content\">\n<ul class=\"wp-block-list wp-block-list wp-block-list-circle\">\n<li>D\u2019autres utilisateurs peuvent partager des opinions ou des strat\u00e9gies, mais ils ne sont pas n\u00e9cessairement qualifi\u00e9s ou impartiaux.<\/li>\n\n\n\n<li>Les informations partag\u00e9es sur la plateforme ne doivent pas \u00eatre consid\u00e9r\u00e9es comme un conseil financier professionnel.<\/li>\n<\/ul>\n\n\n\n<p>Consid\u00e9rez toujours le contenu de trading social comme un point de d\u00e9part et non comme une recommandation.<\/p>\n<\/div><\/div><\/div>\n\n\n\n<div class=\"wp-block-etoro-simple-collapsable-item\"><div class=\"wp-block-etoro-simple-collapsable-item-heading\">8. Risque li\u00e9 \u00e0 la strat\u00e9gie et au comportement<\/div><div class=\"wp-block-etoro-simple-collapsable-item-content-wrapper\"><div class=\"wp-block-etoro-simple-collapsable-item-content\">\n<p>Le Copy Trading d\u00e9pend enti\u00e8rement du trader ou du Smart Portfolio que vous suivez :<\/p>\n\n\n\n<ul class=\"wp-block-list wp-block-list wp-block-list-circle\">\n<li>Leur strat\u00e9gie peut changer sans pr\u00e9avis.<\/li>\n\n\n\n<li>Ils peuvent prendre un risque plus \u00e9lev\u00e9 que vous ne le pensez.<\/li>\n\n\n\n<li>Des d\u00e9cisions \u00e9motionnelles ou incoh\u00e9rentes peuvent avoir un impact sur les performances.<\/li>\n<\/ul>\n\n\n\n<p>En outre :<\/p>\n\n\n\n<ul class=\"wp-block-list wp-block-list wp-block-list-circle\">\n<li>La concentration des fonds sur un seul investisseur augmente le risque.<\/li>\n\n\n\n<li>La diversification n&#8217;\u00e9limine pas les pertes.<\/li>\n<\/ul>\n<\/div><\/div><\/div>\n\n\n\n<div class=\"wp-block-etoro-simple-collapsable-item\"><div class=\"wp-block-etoro-simple-collapsable-item-heading\">9. Le copy trading n&#8217;est pas un investissement plus s\u00fbr<\/div><div class=\"wp-block-etoro-simple-collapsable-item-content-wrapper\"><div class=\"wp-block-etoro-simple-collapsable-item-content\">\n<p>Le copy trading peut contribuer \u00e0 la diversification et r\u00e9duire la n\u00e9cessit\u00e9 de prendre des d\u00e9cisions de trading actives, mais :<\/p>\n\n\n\n<ul class=\"wp-block-list wp-block-list wp-block-list-circle\">\n<li>Vos performances d\u00e9pendent des traders ou du Smart Portfolio que vous copiez.<\/li>\n\n\n\n<li>Vous restez enti\u00e8rement responsable de toute perte.<\/li>\n<\/ul>\n<\/div><\/div><\/div>\n\n\n\n<div class=\"wp-block-etoro-simple-collapsable-item\"><div class=\"wp-block-etoro-simple-collapsable-item-heading\">10. Faites vos propres analyses approfondies<\/div><div class=\"wp-block-etoro-simple-collapsable-item-content-wrapper\"><div class=\"wp-block-etoro-simple-collapsable-item-content\">\n<p>Avant de copier un trader ou un Smart Portfolio, v\u00e9rifiez :<\/p>\n\n\n\n<ul class=\"wp-block-list wp-block-list wp-block-list-circle\">\n<li>Son score de risque.<\/li>\n\n\n\n<li>Son historique et sa strat\u00e9gie de trading.<\/li>\n\n\n\n<li>La composition de son portefeuille.<\/li>\n\n\n\n<li>Son activit\u00e9 et sa communication (par exemple, publications, mises \u00e0 jour).<\/li>\n<\/ul>\n\n\n\n<p>M\u00eame avec ces informations, il n&#8217;y a aucune garantie de succ\u00e8s.<\/p>\n<\/div><\/div><\/div>\n<\/div>\n\n\n\n<hr class=\"wp-block-separator wp-block-separator-color-dark-grey wp-block-separator-spaces-medium wp-block-separator-weight-1\"\/>\n<\/div>\n<\/div>\n<\/div><\/section>\n","protected":false},"excerpt":{"rendered":"<p>eToro Group Ltd. et ses soci\u00e9t\u00e9s affili\u00e9es fournissent des fonctions de trading social qui vous permettent d\u2019interagir avec, de suivre et de copier d\u2019autres traders (\u00ab Fonctionnalit\u00e9s de trading social \u00bb), notamment Copy Trader\u2122, les Smart Portfolios, les classements et les outils communautaires. Bien que ces fonctionnalit\u00e9s puissent vous aider \u00e0 d\u00e9couvrir des strat\u00e9gies d\u2019investissement,&hellip;<\/p>\n","protected":false},"author":158,"featured_media":0,"parent":55591,"menu_order":0,"comment_status":"closed","ping_status":"closed","template":"","meta":{"_acf_changed":true,"inline_featured_image":false,"sticky_cta_settings":"","footnotes":""},"asset_type":[],"class_list":["post-1259329","page","type-page","status-publish","hentry"],"acf":[],"yoast_head":"<title>Risques associ\u00e9s au trading social (Copy Trading)<\/title>\n<meta name=\"description\" content=\"D\u00e9couvrez les risques associ\u00e9s au trading social et au copy trading, y compris les CFD, les cryptoactifs, les diff\u00e9rences de performances et les analyses approfondies.\" \/>\n<meta name=\"robots\" content=\"index, follow, max-snippet:-1, max-image-preview:large, max-video-preview:-1\" \/>\n<link rel=\"canonical\" href=\"https:\/\/www.etoro.com\/fi\/wp-json\/wp\/v2\/pages\/1259329\" \/>\n<meta property=\"og:locale\" content=\"fi_FI\" \/>\n<meta property=\"og:type\" content=\"article\" \/>\n<meta property=\"og:title\" content=\"Risques associ\u00e9s au trading social (Copy Trading)\" \/>\n<meta property=\"og:description\" content=\"D\u00e9couvrez les risques associ\u00e9s au trading social et au copy trading, y compris les CFD, les cryptoactifs, les diff\u00e9rences de performances et les analyses approfondies.\" \/>\n<meta property=\"og:url\" content=\"https:\/\/www.etoro.com\/fi\/wp-json\/wp\/v2\/pages\/1259329\" \/>\n<meta property=\"og:site_name\" content=\"eToro\" \/>\n<meta property=\"article:publisher\" content=\"https:\/\/www.facebook.com\/eToro\/\" \/>\n<meta property=\"article:modified_time\" content=\"2026-04-30T06:00:39+00:00\" \/>\n<meta property=\"og:image\" content=\"https:\/\/www.etoro.com\/wp-content\/uploads\/2019\/12\/etoro_logo_social_share1.png\" \/>\n\t<meta property=\"og:image:width\" content=\"240\" \/>\n\t<meta property=\"og:image:height\" content=\"240\" \/>\n\t<meta property=\"og:image:type\" content=\"image\/png\" \/>\n<meta name=\"twitter:card\" content=\"summary_large_image\" \/>\n<meta name=\"twitter:site\" content=\"@eToro\" \/>\n<meta name=\"twitter:label1\" content=\"Arvioitu lukuaika\" \/>\n\t<meta name=\"twitter:data1\" content=\"4 minuuttia\" \/>\n<script type=\"application\/ld+json\" class=\"yoast-schema-graph\">{\"@context\":\"https:\/\/schema.org\",\"@graph\":[{\"@type\":\"WebPage\",\"@id\":\"https:\/\/www.etoro.com\/fi\/copytrader\/risk-warnings\/\",\"url\":\"https:\/\/www.etoro.com\/fi\/copytrader\/risk-warnings\/\",\"name\":\"Risques associ\u00e9s au trading social (Copy Trading)\",\"isPartOf\":{\"@id\":\"https:\/\/www.etoro.com\/fi\/#website\"},\"datePublished\":\"2026-04-20T07:10:55+00:00\",\"dateModified\":\"2026-04-30T06:00:39+00:00\",\"description\":\"D\u00e9couvrez les risques associ\u00e9s au trading social et au copy trading, y compris les CFD, les cryptoactifs, les diff\u00e9rences de performances et les analyses approfondies.\",\"breadcrumb\":{\"@id\":\"https:\/\/www.etoro.com\/fi\/copytrader\/risk-warnings\/#breadcrumb\"},\"inLanguage\":\"fi\",\"potentialAction\":[{\"@type\":\"ReadAction\",\"target\":[\"https:\/\/www.etoro.com\/fi\/copytrader\/risk-warnings\/\"]}]},{\"@type\":\"BreadcrumbList\",\"@id\":\"https:\/\/www.etoro.com\/fi\/copytrader\/risk-warnings\/#breadcrumb\",\"itemListElement\":[{\"@type\":\"ListItem\",\"position\":1,\"name\":\"Koti\",\"item\":\"https:\/\/www.etoro.com\/fi\/\"},{\"@type\":\"ListItem\",\"position\":2,\"name\":\"CopyTrader\",\"item\":\"https:\/\/www.etoro.com\/fi\/copytrader\/\"},{\"@type\":\"ListItem\",\"position\":3,\"name\":\"Risks Associated with Social Trading (Copy Trading)\"}]},{\"@type\":\"WebSite\",\"@id\":\"https:\/\/www.etoro.com\/fi\/#website\",\"url\":\"https:\/\/www.etoro.com\/fi\/\",\"name\":\"eToro\",\"description\":\"\",\"publisher\":{\"@id\":\"https:\/\/www.etoro.com\/fi\/#organization\"},\"potentialAction\":[{\"@type\":\"SearchAction\",\"target\":{\"@type\":\"EntryPoint\",\"urlTemplate\":\"https:\/\/www.etoro.com\/fi\/?s={search_term_string}\"},\"query-input\":{\"@type\":\"PropertyValueSpecification\",\"valueRequired\":true,\"valueName\":\"search_term_string\"}}],\"inLanguage\":\"fi\"},[]]}<\/script>","yoast_head_json":{"title":"Risques associ\u00e9s au trading social (Copy Trading)","description":"D\u00e9couvrez les risques associ\u00e9s au trading social et au copy trading, y compris les CFD, les cryptoactifs, les diff\u00e9rences de performances et les analyses approfondies.","robots":{"index":"index","follow":"follow","max-snippet":"max-snippet:-1","max-image-preview":"max-image-preview:large","max-video-preview":"max-video-preview:-1"},"canonical":"https:\/\/www.etoro.com\/fi\/wp-json\/wp\/v2\/pages\/1259329","og_locale":"fi_FI","og_type":"article","og_title":"Risques associ\u00e9s au trading social (Copy Trading)","og_description":"D\u00e9couvrez les risques associ\u00e9s au trading social et au copy trading, y compris les CFD, les cryptoactifs, les diff\u00e9rences de performances et les analyses approfondies.","og_url":"https:\/\/www.etoro.com\/fi\/wp-json\/wp\/v2\/pages\/1259329","og_site_name":"eToro","article_publisher":"https:\/\/www.facebook.com\/eToro\/","article_modified_time":"2026-04-30T06:00:39+00:00","og_image":[{"width":240,"height":240,"url":"https:\/\/www.etoro.com\/wp-content\/uploads\/2019\/12\/etoro_logo_social_share1.png","type":"image\/png"}],"twitter_card":"summary_large_image","twitter_site":"@eToro","twitter_misc":{"Arvioitu lukuaika":"4 minuuttia"},"schema":{"@context":"https:\/\/schema.org","@graph":[{"@type":"WebPage","@id":"https:\/\/www.etoro.com\/fi\/copytrader\/risk-warnings\/","url":"https:\/\/www.etoro.com\/fi\/copytrader\/risk-warnings\/","name":"Risques associ\u00e9s au trading social (Copy Trading)","isPartOf":{"@id":"https:\/\/www.etoro.com\/fi\/#website"},"datePublished":"2026-04-20T07:10:55+00:00","dateModified":"2026-04-30T06:00:39+00:00","description":"D\u00e9couvrez les risques associ\u00e9s au trading social et au copy trading, y compris les CFD, les cryptoactifs, les diff\u00e9rences de performances et les analyses approfondies.","breadcrumb":{"@id":"https:\/\/www.etoro.com\/fi\/copytrader\/risk-warnings\/#breadcrumb"},"inLanguage":"fi","potentialAction":[{"@type":"ReadAction","target":["https:\/\/www.etoro.com\/fi\/copytrader\/risk-warnings\/"]}]},{"@type":"BreadcrumbList","@id":"https:\/\/www.etoro.com\/fi\/copytrader\/risk-warnings\/#breadcrumb","itemListElement":[{"@type":"ListItem","position":1,"name":"Koti","item":"https:\/\/www.etoro.com\/fi\/"},{"@type":"ListItem","position":2,"name":"CopyTrader","item":"https:\/\/www.etoro.com\/fi\/copytrader\/"},{"@type":"ListItem","position":3,"name":"Risks Associated with Social Trading (Copy Trading)"}]},{"@type":"WebSite","@id":"https:\/\/www.etoro.com\/fi\/#website","url":"https:\/\/www.etoro.com\/fi\/","name":"eToro","description":"","publisher":{"@id":"https:\/\/www.etoro.com\/fi\/#organization"},"potentialAction":[{"@type":"SearchAction","target":{"@type":"EntryPoint","urlTemplate":"https:\/\/www.etoro.com\/fi\/?s={search_term_string}"},"query-input":{"@type":"PropertyValueSpecification","valueRequired":true,"valueName":"search_term_string"}}],"inLanguage":"fi"},[]]}},"_links":{"self":[{"href":"https:\/\/www.etoro.com\/fi\/wp-json\/wp\/v2\/pages\/1259329"}],"collection":[{"href":"https:\/\/www.etoro.com\/fi\/wp-json\/wp\/v2\/pages"}],"about":[{"href":"https:\/\/www.etoro.com\/fi\/wp-json\/wp\/v2\/types\/page"}],"author":[{"embeddable":true,"href":"https:\/\/www.etoro.com\/fi\/wp-json\/wp\/v2\/users\/158"}],"replies":[{"embeddable":true,"href":"https:\/\/www.etoro.com\/fi\/wp-json\/wp\/v2\/comments?post=1259329"}],"version-history":[{"count":0,"href":"https:\/\/www.etoro.com\/fi\/wp-json\/wp\/v2\/pages\/1259329\/revisions"}],"up":[{"embeddable":true,"href":"https:\/\/www.etoro.com\/fi\/wp-json\/wp\/v2\/pages\/55591"}],"wp:attachment":[{"href":"https:\/\/www.etoro.com\/fi\/wp-json\/wp\/v2\/media?parent=1259329"}],"wp:term":[{"taxonomy":"asset_type","embeddable":true,"href":"https:\/\/www.etoro.com\/fi\/wp-json\/wp\/v2\/asset_type?post=1259329"}],"curies":[{"name":"wp","href":"https:\/\/api.w.org\/{rel}","templated":true}]}}