{"id":151830,"date":"2020-08-30T17:19:38","date_gmt":"2020-08-30T14:19:38","guid":{"rendered":"http:\/\/www.etoro.com\/stocks\/stock-split\/"},"modified":"2024-08-19T16:19:38","modified_gmt":"2024-08-19T13:19:38","slug":"stock-split","status":"publish","type":"page","link":"https:\/\/www.etoro.com\/fi\/stocks\/stock-split\/","title":{"rendered":"Osakkeiden splittausopas: Mit\u00e4 ne ovat ja miten ne toimivat eTorossa"},"content":{"rendered":"<p>&nbsp;<\/p>\n<p>Osakkeiden splittaus on varsin yleinen ilmi\u00f6 <a href=\"https:\/\/www.etoro.com\/fi\/discover\/markets\">markkinoilla<\/a>, ja sit\u00e4 tapahtuu eri aikoina monissa p\u00f6rsseiss\u00e4 eri puolilla maailmaa. T\u00e4m\u00e4 opas auttaa sinua ymm\u00e4rt\u00e4m\u00e4\u00e4n, mit\u00e4 <a href=\"https:\/\/www.etoro.com\/fi\/discover\/markets\/stocks\">osakkeiden<\/a> splittaus tarkoittaa, miten se vaikuttaa osakepositioihisi ja miten eToro k\u00e4sittelee ne <a href=\"https:\/\/www.etoro.com\/fi\/trading\/platforms\/\">alustalla<\/a>.<\/p>\n<h2>Mit\u00e4 osakkeiden splittaus tarkoittaa?<\/h2>\n<p>Osakkeiden splittaus on melko itsest\u00e4\u00e4n selv\u00e4 termi. Yritys jakaa yksitt\u00e4iset osakkeensa pienempiin osiin tietyll\u00e4 splittaussuhteella. Jos yritys esimerkiksi ilmoittaa splittaavansa osakkeet viiden suhteessa yhteen, ja yrityksen kunkin nykyisen osakkeen arvo on 400 dollaria, osakkeen hinta putoaa viidesosaan eli 80 dollariin splittauksen j\u00e4lkeen. T\u00e4llaisen tapahtuman yhteydess\u00e4 kunkin osakkeenomistajan senhetkinen osakem\u00e4\u00e4r\u00e4 kertautuu splittaussuhteen mukaisesti.<\/p>\n<h2>Miksi osakkeita splitataan?<\/h2>\n<p>On useita syit\u00e4, miksi yritys p\u00e4\u00e4tt\u00e4\u00e4 splitata osakkeet. Seuraavassa muutamia seikkoja, jotka selitt\u00e4v\u00e4t, miksi osakkeita splitataan:<\/p>\n<p>&nbsp;<\/p>\n<ul>\n<li><b>Yksityissijoittajien houkutteleminen: jotkut sijoittajat eiv\u00e4t mielell\u00e4\u00e4n sijoita tiettyihin osakkeisiin, jos yksitt\u00e4isen osakkeen hinta on liian korkea. Splittaus laskisi kierrossa olevien osakkeiden hintaa, jolloin useammat sijoittajat voisivat ostaa osakkeita. Vaikka monet yhteis\u00f6sijoittajat ostavat edelleen yksinomaan kokonaisia osakkeita, monet yksityissijoittajat haluavat <a href=\"https:\/\/www.etoro.com\/fi\/stocks\/\">ostaa osittaisia osakkeita<\/a> innovatiivisilla kaupank\u00e4ynti- ja sijoitusalustoilla, kuten eTorossa.\u00a0<\/b><\/li>\n<\/ul>\n<p>&nbsp;<\/p>\n<ul>\n<li><b>Likviditeetin lis\u00e4\u00e4minen: mit\u00e4 enemm\u00e4n osakkeita markkinoilla on, sit\u00e4 suurempi on likviditeettipotentiaali. Jos osakkeita on enemm\u00e4n, maksutapahtumat voivat lis\u00e4\u00e4nty\u00e4 ja rahaa kiert\u00e4\u00e4 enemm\u00e4n.<\/b><\/li>\n<\/ul>\n<ul>\n<li>Psykologinen hinnoittelu: analyytikot sanovat usein, ett\u00e4 tietty osake on &#8221;yliarvostettu&#8221;, mik\u00e4 tarkoittaa, ett\u00e4 sen nykyhinta edustaa pikemminkin markkinoiden ilmapiiri\u00e4 kuin osakkeen todellista arvoa. Osakkeiden splittaus alentaa niiden hintaa merkitt\u00e4v\u00e4sti ja luo siten psykologisen vaikutelman, ett\u00e4 osakkeen hinta on realistisempi.<\/li>\n<\/ul>\n<p>&nbsp;<\/p>\n<p>&nbsp;<\/p>\n<p><b>Milloin osake splitataan?<\/b> Kiinte\u00e4\u00e4 kaavaa ei ole. Jotkut yritykset splittaavat osakkeensa hinnan muutaman vuoden v\u00e4lein edellytt\u00e4en, ett\u00e4 niiden kasvu on jatkuvaa, kun taas toiset kielt\u00e4ytyv\u00e4t splittaamasta osakkeitaan riippumatta siit\u00e4, kuinka korkealle yksitt\u00e4isen osakkeen hinta kiipe\u00e4\u00e4. Mit\u00e4 ajoitukseen tulee, yritykset yleens\u00e4 j\u00e4tt\u00e4v\u00e4t v\u00e4hint\u00e4\u00e4n muutaman viikon ilmoituksen ja varsinaisen splittauksen v\u00e4liin.<img loading=\"lazy\" decoding=\"async\" class=\"alignnone size-full wp-image-151271\" style=\"color: inherit; font-family: inherit; font-size: 24px;\" src=\"\/wp-content\/uploads\/2020\/08\/IMG1.jpg\" alt=\"Why do Stocks Split?\" width=\"1920\" height=\"827\" srcset=\"https:\/\/www.etoro.com\/wp-content\/uploads\/2020\/08\/IMG1.jpg 1920w, https:\/\/www.etoro.com\/wp-content\/uploads\/2020\/08\/IMG1-300x129.jpg 300w, https:\/\/www.etoro.com\/wp-content\/uploads\/2020\/08\/IMG1-1024x441.jpg 1024w, https:\/\/www.etoro.com\/wp-content\/uploads\/2020\/08\/IMG1-768x331.jpg 768w, https:\/\/www.etoro.com\/wp-content\/uploads\/2020\/08\/IMG1-1536x662.jpg 1536w\" sizes=\"(max-width: 1920px) 100vw, 1920px\" \/><\/p>\n<h3>Kuinka monta kertaa osake voidaan splitata?<\/h3>\n<p>Teoriassa loputtomiin. Yritykset voivat splitata osakkeensa niin monta kertaa kuin haluavat. Esimerkiksi vuosina 1987\u20132003 teknologiaj\u00e4tti Microsoft splittasi osakkeensa yhdeks\u00e4n kertaa. Koska splittaukseen kuitenkin liittyy paperit\u00f6it\u00e4 ja byrokratiaa, yritykset todenn\u00e4k\u00f6isesti splittaavat osakkeet vain silloin, kun ne pit\u00e4v\u00e4t sit\u00e4 hyv\u00e4n\u00e4 ja oikea-aikaisena p\u00e4\u00e4t\u00f6ksen\u00e4 liiketoiminnalleen.<\/p>\n<h3><img loading=\"lazy\" decoding=\"async\" class=\"alignnone size-full wp-image-151294\" style=\"font-size: 14px;\" src=\"\/wp-content\/uploads\/2020\/08\/IMG2.jpg\" alt=\"How many Times can a Stock Split? \" width=\"1920\" height=\"585\" srcset=\"https:\/\/www.etoro.com\/wp-content\/uploads\/2020\/08\/IMG2.jpg 1920w, https:\/\/www.etoro.com\/wp-content\/uploads\/2020\/08\/IMG2-300x91.jpg 300w, https:\/\/www.etoro.com\/wp-content\/uploads\/2020\/08\/IMG2-1024x312.jpg 1024w, https:\/\/www.etoro.com\/wp-content\/uploads\/2020\/08\/IMG2-768x234.jpg 768w, https:\/\/www.etoro.com\/wp-content\/uploads\/2020\/08\/IMG2-1536x468.jpg 1536w\" sizes=\"(max-width: 1920px) 100vw, 1920px\" \/><\/h3>\n<h3>Osakehinnat ja indeksit<\/h3>\n<p>Joskus osakkeiden splittaaminen voi vaikuttaa kokonaiseen indeksiin. Esimerkiksi <a href=\"https:\/\/www.etoro.com\/fi\/markets\/dj30\">DJ30-indeksin<\/a> painotus lasketaan osakehinnan perusteella. Toisin sanoen, jos osake splitataan, sen suhteellinen osuus indeksist\u00e4 pienenee merkitt\u00e4v\u00e4sti. Esimerkiksi Applen vuoden 2020 osakkeiden splittaus pudotti sen DJ30:n suurimman painotuksen osakkeesta sijalle 16.<\/p>\n<h3><img loading=\"lazy\" decoding=\"async\" class=\"alignnone size-full wp-image-151317\" style=\"font-size: 14px;\" src=\"\/wp-content\/uploads\/2020\/08\/IMG3.jpg\" alt=\"Apple stock split\" width=\"1920\" height=\"585\" srcset=\"https:\/\/www.etoro.com\/wp-content\/uploads\/2020\/08\/IMG3.jpg 1920w, https:\/\/www.etoro.com\/wp-content\/uploads\/2020\/08\/IMG3-300x91.jpg 300w, https:\/\/www.etoro.com\/wp-content\/uploads\/2020\/08\/IMG3-1024x312.jpg 1024w, https:\/\/www.etoro.com\/wp-content\/uploads\/2020\/08\/IMG3-768x234.jpg 768w, https:\/\/www.etoro.com\/wp-content\/uploads\/2020\/08\/IMG3-1536x468.jpg 1536w\" sizes=\"(max-width: 1920px) 100vw, 1920px\" \/><\/h3>\n<h2>Miten osakkeiden splittaus vaikuttaa osakkeen hintaan?<\/h2>\n<p>Osakkeiden splittauksella ei luonnollisestikaan ole taattua tulosta. Kunkin yksitt\u00e4isen osakkeen arvo jaetaan, mutta yrityksen kokonaismarkkinap\u00e4\u00e4oma pysyy samana. Osakkeiden splittaus on kuitenkin kautta historian ollut yleens\u00e4 kannattavaa splittauksen suorittavalle yritykselle, ainakin lyhyell\u00e4 aikav\u00e4lill\u00e4.<\/p>\n<p>Bespoke Investment Groupin mukaan splittauksesta ilmoittaneiden yritysten osakkeiden keskim\u00e4\u00e4r\u00e4inen hinta on vuosina 2015\u20132020 kasvanut 2,3 % splittausilmoituksen ja splittauksen toteutumisen v\u00e4lisen\u00e4 aikana. Lis\u00e4ksi l\u00e4hes 70 % n\u00e4ist\u00e4 osakkeista p\u00e4ihitti <a href=\"https:\/\/www.etoro.com\/fi\/markets\/spx500\">S&amp;P 500 -indeksin<\/a> kyseisen\u00e4 aikana. Vaikka osakkeiden arvo laski keskim\u00e4\u00e4rin 0,3 % heti splittauksen j\u00e4lkeen, yritysten osakkeiden hinta nousi seuraavana vuonna keskim\u00e4\u00e4rin 9,8 %.<\/p>\n<p>Yll\u00e4 mainitusta huolimatta on t\u00e4rke\u00e4\u00e4 huomata, ett\u00e4 monet tekij\u00e4t voivat vaikuttaa osakkeen hintaan, ja p\u00e4\u00e4t\u00f6s splitata osakkeet saattaa osua samaan aikaan muiden osakkeen hintaa nostavien tekij\u00f6iden kanssa. N\u00e4in ollen, vaikka aiempi tulos onkin positiivinen, se ei v\u00e4ltt\u00e4m\u00e4tt\u00e4 ole luotettava indikaattori.<\/p>\n<h2>Mit\u00e4 osakkeiden yhdist\u00e4minen tarkoittaa?<\/h2>\n<p>Osakkeiden yhdist\u00e4minen on osakkeiden splittauksen vastakohta. Yhdist\u00e4misess\u00e4 yritys konsolidoi osakkeita v\u00e4hent\u00e4en osakkeiden kokonaism\u00e4\u00e4r\u00e4\u00e4. Jos esimerkiksi tietty yritys ilmoittaa yhdist\u00e4misest\u00e4 nelj\u00e4n suhteessa yhteen, ja kukin osake on sill\u00e4 hetkell\u00e4 arvoltaan 50 dollaria, uuden osakkeen hinta olisi 200 dollaria ja osakkeenomistajalla, jolla on kahdeksan osaketta, olisi niit\u00e4 nyt kaksi.<\/p>\n<p><img loading=\"lazy\" decoding=\"async\" class=\"wp-image-151340 aligncenter\" src=\"\/wp-content\/uploads\/2020\/08\/Split.gif\" alt=\"What is a Reverse Stock Split?\" width=\"641\" height=\"639\" \/><\/p>\n<h3>Miten osakkeiden yhdist\u00e4minen vaikuttaa kaupank\u00e4vij\u00f6ihin ja sijoittajiin?<\/h3>\n<p>Toisin kuin tavallisessa osakkeiden splittauksessa, jossa osakkeiden m\u00e4\u00e4r\u00e4 yksinkertaisesti kerrotaan splittaussuhteella, osakkeiden yhdist\u00e4minen voisi j\u00e4tt\u00e4\u00e4 osakkeenomistajalle osittaisia osakkeita. Jos esimerkiksi tietyll\u00e4 osakkeenomistajalla on viisi osaketta ja osakkeiden yhdist\u00e4minen tapahtuu nelj\u00e4n suhteessa yhteen, h\u00e4nelle j\u00e4\u00e4 1,25 osaketta. T\u00e4ss\u00e4 tapauksessa useimmat yritykset yksinkertaisesti likvidoivat osittaisen osakkeen ja maksavat osakkeenomistajille erotuksen k\u00e4teisell\u00e4. T\u00e4m\u00e4 ei kuitenkaan vaikuttaisi positioihin eTorossa, miss\u00e4 on mahdollista omistaa osittaisia osakkeita.<\/p>\n<h2>Miten osakkeiden splittaus tapahtuu eTorossa?<\/h2>\n<p>eTorossa on lukuisia kaupank\u00e4vij\u00f6it\u00e4 ja sijoittajia, jotka k\u00e4ytt\u00e4v\u00e4t alustaa <a href=\"https:\/\/www.etoro.com\/fi\/stocks\/\">sijoittaakseen osakkeisiin maksamatta palkkioita.<\/a> Koska eTorolla on n\u00e4in suuri osaketarjonta, osakkeiden splittaus ei ole sille uutta, vaan se on hoitanut niit\u00e4 ennenkin.<\/p>\n<p>T\u00e4llaisen markkinatapahtuman sattuessa eToro luo saumattoman prosessin, jossa jakosuhdetta sovelletaan kaikkiin asianmukaisiin lukuihin. Muutos koskee yksik\u00f6iden kokonaism\u00e4\u00e4r\u00e4\u00e4 ja keskim\u00e4\u00e4r\u00e4ist\u00e4 tai nykyist\u00e4 hintaa. Yksitt\u00e4isten positioiden arvo ei kuitenkaan muutu.<\/p>\n<p>Jos osakkeita yhdistet\u00e4\u00e4n, positiossa, joka koostui aiemmin yksinomaan kokonaisista osakkeista, voi nyt olla osittaisia osakkeita. Position kokonaisarvo ei kuitenkaan muutu splittauksen vuoksi.<\/p>\n<p>eToro saattaa kertoa k\u00e4ytt\u00e4jilleen etuk\u00e4teen tulevasta splittauksesta ja heilt\u00e4 mahdollisesti vaadituista toimenpiteist\u00e4 \u2013 vaikka niit\u00e4 ei kaikella todenn\u00e4k\u00f6isyydell\u00e4 tarvita.<\/p>\n<p style=\"text-align: center;\"><a class=\"e-cta\" href=\"https:\/\/www.etoro.com\/fi\/accounts\/sign-up?funnelFromId=51\" target=\"_blank\" rel=\"noopener noreferrer\">Aloita sijoittaminen<\/a><\/p>\n<hr \/>\n<p><em>Nollapalkkio on eToro (Europe) Ltd:n, eToro (UK) Ltd:n ja eToro AUS Capital Pty Ltd:n (AFSL 491139) asiakkaiden k\u00e4ytett\u00e4viss\u00e4.<\/em><\/p>\n<p><em>eToro AUS:n asiakkaille vain yhdysvaltalaisissa p\u00f6rsseiss\u00e4 kaupatut osakkeet ovat tarjolla kohde-etuuksina ja palkkiotta. N\u00e4it\u00e4 osakkeita tarjotaan eToro Servicen (ARSN 637 489 466) kautta. Sit\u00e4 operoi eToro Asset Management Limited ABN 51 122 005 396 AFSL 319 738 ja mainostaa eToro AUS Capital Limited CAR 001281634. Tutustu\u00a0<a href=\"https:\/\/www.etoro.com\/customer-service\/terms-conditions\/\">FSG-ohjeisiimme ja PDS-lausuntoomme<\/a>, ennen kuin p\u00e4\u00e4t\u00e4t k\u00e4yd\u00e4 kauppaa palvelussamme. Kaikki muut osakkeet tarjotaan johdannaistuotteina ja laskusuuntapalkkioina.<\/em><\/p>\n<p><em>Nollapalkkiot eiv\u00e4t koske lyhyit\u00e4 tai vivutettuja positioita. Nollapalkkio tarkoittaa, ett\u00e4 positiota avattaessa tai suljettaessa ei veloiteta v\u00e4lityspalkkiota. Muita maksuja voidaan soveltaa. Voit lukea lis\u00e4tietoja maksuista\u00a0<a href=\"https:\/\/www.etoro.com\/fi\/trading\/market-hours-fees?category=stocks\/\">napsauttamalla t\u00e4t\u00e4<\/a>. P\u00e4\u00e4omasi on vaarassa.<\/em><\/p>\n","protected":false},"excerpt":{"rendered":"<p>&nbsp; Osakkeiden splittaus on varsin yleinen ilmi\u00f6 markkinoilla, ja sit\u00e4 tapahtuu eri aikoina monissa p\u00f6rsseiss\u00e4 eri puolilla maailmaa. T\u00e4m\u00e4 opas auttaa sinua ymm\u00e4rt\u00e4m\u00e4\u00e4n, mit\u00e4 osakkeiden splittaus tarkoittaa, miten se vaikuttaa osakepositioihisi ja miten eToro k\u00e4sittelee ne alustalla. Mit\u00e4 osakkeiden splittaus tarkoittaa? Osakkeiden splittaus on melko itsest\u00e4\u00e4n selv\u00e4 termi. Yritys jakaa yksitt\u00e4iset osakkeensa pienempiin osiin tietyll\u00e4&hellip;<\/p>\n","protected":false},"author":32,"featured_media":220211,"parent":58569,"menu_order":568,"comment_status":"closed","ping_status":"closed","template":"","meta":{"_acf_changed":false,"inline_featured_image":false,"sticky_cta_settings":"","footnotes":""},"asset_type":[],"class_list":["post-151830","page","type-page","status-publish","has-post-thumbnail","hentry"],"acf":[],"yoast_head":"<title>Osakkeiden splittausopas: Kaikki tarvitsemasi tiedot | eToro<\/title>\n<meta name=\"description\" content=\"Osakkeiden splittaus on markkinatapahtuma, jossa yritys jakaa yksitt\u00e4iset osakkeet pienempiin osiin. Lue, miksi n\u00e4in tehd\u00e4\u00e4n ja miten se tapahtuu eTorossa.\" \/>\n<meta name=\"robots\" content=\"index, follow, max-snippet:-1, max-image-preview:large, max-video-preview:-1\" \/>\n<link rel=\"canonical\" href=\"https:\/\/www.etoro.com\/fi\/wp-json\/wp\/v2\/pages\/151830\" \/>\n<meta property=\"og:locale\" content=\"fi_FI\" \/>\n<meta property=\"og:type\" content=\"article\" \/>\n<meta property=\"og:title\" content=\"Osakkeiden splittausopas: Kaikki tarvitsemasi tiedot | eToro\" \/>\n<meta property=\"og:description\" content=\"Osakkeiden splittaus on markkinatapahtuma, jossa yritys jakaa yksitt\u00e4iset osakkeet pienempiin osiin. Lue, miksi n\u00e4in tehd\u00e4\u00e4n ja miten se tapahtuu eTorossa.\" \/>\n<meta property=\"og:url\" content=\"https:\/\/www.etoro.com\/fi\/wp-json\/wp\/v2\/pages\/151830\" \/>\n<meta property=\"og:site_name\" content=\"eToro\" \/>\n<meta property=\"article:publisher\" content=\"https:\/\/www.facebook.com\/eToro\/\" \/>\n<meta property=\"article:modified_time\" content=\"2024-08-19T13:19:38+00:00\" \/>\n<meta property=\"og:image\" content=\"https:\/\/www.etoro.com\/wp-content\/uploads\/2021\/05\/1200x630_3182.jpg\" \/>\n\t<meta property=\"og:image:width\" content=\"1200\" \/>\n\t<meta property=\"og:image:height\" content=\"630\" \/>\n\t<meta property=\"og:image:type\" content=\"image\/jpeg\" \/>\n<meta name=\"twitter:card\" content=\"summary_large_image\" \/>\n<meta name=\"twitter:site\" content=\"@eToro\" \/>\n<meta name=\"twitter:label1\" content=\"Arvioitu lukuaika\" \/>\n\t<meta name=\"twitter:data1\" content=\"5 minuuttia\" \/>\n<script type=\"application\/ld+json\" class=\"yoast-schema-graph\">{\"@context\":\"https:\/\/schema.org\",\"@graph\":[{\"@type\":\"WebPage\",\"@id\":\"https:\/\/www.etoro.com\/fi\/stocks\/stock-split\/\",\"url\":\"https:\/\/www.etoro.com\/fi\/stocks\/stock-split\/\",\"name\":\"Osakkeiden splittausopas: Kaikki tarvitsemasi tiedot | eToro\",\"isPartOf\":{\"@id\":\"https:\/\/www.etoro.com\/fi\/#website\"},\"primaryImageOfPage\":{\"@id\":\"https:\/\/www.etoro.com\/fi\/stocks\/stock-split\/#primaryimage\"},\"image\":{\"@id\":\"https:\/\/www.etoro.com\/fi\/stocks\/stock-split\/#primaryimage\"},\"thumbnailUrl\":\"https:\/\/www.etoro.com\/wp-content\/uploads\/2021\/05\/1200x630_3182.jpg\",\"datePublished\":\"2020-08-30T14:19:38+00:00\",\"dateModified\":\"2024-08-19T13:19:38+00:00\",\"description\":\"Osakkeiden splittaus on markkinatapahtuma, jossa yritys jakaa yksitt\u00e4iset osakkeet pienempiin osiin. Lue, miksi n\u00e4in tehd\u00e4\u00e4n ja miten se tapahtuu eTorossa.\",\"breadcrumb\":{\"@id\":\"https:\/\/www.etoro.com\/fi\/stocks\/stock-split\/#breadcrumb\"},\"inLanguage\":\"fi\",\"potentialAction\":[{\"@type\":\"ReadAction\",\"target\":[\"https:\/\/www.etoro.com\/fi\/stocks\/stock-split\/\"]}]},{\"@type\":\"ImageObject\",\"inLanguage\":\"fi\",\"@id\":\"https:\/\/www.etoro.com\/fi\/stocks\/stock-split\/#primaryimage\",\"url\":\"https:\/\/www.etoro.com\/wp-content\/uploads\/2021\/05\/1200x630_3182.jpg\",\"contentUrl\":\"https:\/\/www.etoro.com\/wp-content\/uploads\/2021\/05\/1200x630_3182.jpg\",\"width\":1200,\"height\":630},{\"@type\":\"BreadcrumbList\",\"@id\":\"https:\/\/www.etoro.com\/fi\/stocks\/stock-split\/#breadcrumb\",\"itemListElement\":[{\"@type\":\"ListItem\",\"position\":1,\"name\":\"Koti\",\"item\":\"https:\/\/www.etoro.com\/fi\/\"},{\"@type\":\"ListItem\",\"position\":2,\"name\":\"Osakkeet\",\"item\":\"https:\/\/www.etoro.com\/fi\/stocks\/\"},{\"@type\":\"ListItem\",\"position\":3,\"name\":\"Osakkeiden splittausopas: Mit\u00e4 ne ovat ja miten ne toimivat eTorossa\"}]},{\"@type\":\"WebSite\",\"@id\":\"https:\/\/www.etoro.com\/fi\/#website\",\"url\":\"https:\/\/www.etoro.com\/fi\/\",\"name\":\"eToro\",\"description\":\"\",\"publisher\":{\"@id\":\"https:\/\/www.etoro.com\/fi\/#organization\"},\"potentialAction\":[{\"@type\":\"SearchAction\",\"target\":{\"@type\":\"EntryPoint\",\"urlTemplate\":\"https:\/\/www.etoro.com\/fi\/?s={search_term_string}\"},\"query-input\":{\"@type\":\"PropertyValueSpecification\",\"valueRequired\":true,\"valueName\":\"search_term_string\"}}],\"inLanguage\":\"fi\"},[]]}<\/script>","yoast_head_json":{"title":"Osakkeiden splittausopas: Kaikki tarvitsemasi tiedot | eToro","description":"Osakkeiden splittaus on markkinatapahtuma, jossa yritys jakaa yksitt\u00e4iset osakkeet pienempiin osiin. Lue, miksi n\u00e4in tehd\u00e4\u00e4n ja miten se tapahtuu eTorossa.","robots":{"index":"index","follow":"follow","max-snippet":"max-snippet:-1","max-image-preview":"max-image-preview:large","max-video-preview":"max-video-preview:-1"},"canonical":"https:\/\/www.etoro.com\/fi\/wp-json\/wp\/v2\/pages\/151830","og_locale":"fi_FI","og_type":"article","og_title":"Osakkeiden splittausopas: Kaikki tarvitsemasi tiedot | eToro","og_description":"Osakkeiden splittaus on markkinatapahtuma, jossa yritys jakaa yksitt\u00e4iset osakkeet pienempiin osiin. Lue, miksi n\u00e4in tehd\u00e4\u00e4n ja miten se tapahtuu eTorossa.","og_url":"https:\/\/www.etoro.com\/fi\/wp-json\/wp\/v2\/pages\/151830","og_site_name":"eToro","article_publisher":"https:\/\/www.facebook.com\/eToro\/","article_modified_time":"2024-08-19T13:19:38+00:00","og_image":[{"width":1200,"height":630,"url":"https:\/\/www.etoro.com\/wp-content\/uploads\/2021\/05\/1200x630_3182.jpg","type":"image\/jpeg"}],"twitter_card":"summary_large_image","twitter_site":"@eToro","twitter_misc":{"Arvioitu lukuaika":"5 minuuttia"},"schema":{"@context":"https:\/\/schema.org","@graph":[{"@type":"WebPage","@id":"https:\/\/www.etoro.com\/fi\/stocks\/stock-split\/","url":"https:\/\/www.etoro.com\/fi\/stocks\/stock-split\/","name":"Osakkeiden splittausopas: Kaikki tarvitsemasi tiedot | eToro","isPartOf":{"@id":"https:\/\/www.etoro.com\/fi\/#website"},"primaryImageOfPage":{"@id":"https:\/\/www.etoro.com\/fi\/stocks\/stock-split\/#primaryimage"},"image":{"@id":"https:\/\/www.etoro.com\/fi\/stocks\/stock-split\/#primaryimage"},"thumbnailUrl":"https:\/\/www.etoro.com\/wp-content\/uploads\/2021\/05\/1200x630_3182.jpg","datePublished":"2020-08-30T14:19:38+00:00","dateModified":"2024-08-19T13:19:38+00:00","description":"Osakkeiden splittaus on markkinatapahtuma, jossa yritys jakaa yksitt\u00e4iset osakkeet pienempiin osiin. Lue, miksi n\u00e4in tehd\u00e4\u00e4n ja miten se tapahtuu eTorossa.","breadcrumb":{"@id":"https:\/\/www.etoro.com\/fi\/stocks\/stock-split\/#breadcrumb"},"inLanguage":"fi","potentialAction":[{"@type":"ReadAction","target":["https:\/\/www.etoro.com\/fi\/stocks\/stock-split\/"]}]},{"@type":"ImageObject","inLanguage":"fi","@id":"https:\/\/www.etoro.com\/fi\/stocks\/stock-split\/#primaryimage","url":"https:\/\/www.etoro.com\/wp-content\/uploads\/2021\/05\/1200x630_3182.jpg","contentUrl":"https:\/\/www.etoro.com\/wp-content\/uploads\/2021\/05\/1200x630_3182.jpg","width":1200,"height":630},{"@type":"BreadcrumbList","@id":"https:\/\/www.etoro.com\/fi\/stocks\/stock-split\/#breadcrumb","itemListElement":[{"@type":"ListItem","position":1,"name":"Koti","item":"https:\/\/www.etoro.com\/fi\/"},{"@type":"ListItem","position":2,"name":"Osakkeet","item":"https:\/\/www.etoro.com\/fi\/stocks\/"},{"@type":"ListItem","position":3,"name":"Osakkeiden splittausopas: Mit\u00e4 ne ovat ja miten ne toimivat eTorossa"}]},{"@type":"WebSite","@id":"https:\/\/www.etoro.com\/fi\/#website","url":"https:\/\/www.etoro.com\/fi\/","name":"eToro","description":"","publisher":{"@id":"https:\/\/www.etoro.com\/fi\/#organization"},"potentialAction":[{"@type":"SearchAction","target":{"@type":"EntryPoint","urlTemplate":"https:\/\/www.etoro.com\/fi\/?s={search_term_string}"},"query-input":{"@type":"PropertyValueSpecification","valueRequired":true,"valueName":"search_term_string"}}],"inLanguage":"fi"},[]]}},"_links":{"self":[{"href":"https:\/\/www.etoro.com\/fi\/wp-json\/wp\/v2\/pages\/151830"}],"collection":[{"href":"https:\/\/www.etoro.com\/fi\/wp-json\/wp\/v2\/pages"}],"about":[{"href":"https:\/\/www.etoro.com\/fi\/wp-json\/wp\/v2\/types\/page"}],"author":[{"embeddable":true,"href":"https:\/\/www.etoro.com\/fi\/wp-json\/wp\/v2\/users\/32"}],"replies":[{"embeddable":true,"href":"https:\/\/www.etoro.com\/fi\/wp-json\/wp\/v2\/comments?post=151830"}],"version-history":[{"count":0,"href":"https:\/\/www.etoro.com\/fi\/wp-json\/wp\/v2\/pages\/151830\/revisions"}],"up":[{"embeddable":true,"href":"https:\/\/www.etoro.com\/fi\/wp-json\/wp\/v2\/pages\/58569"}],"wp:featuredmedia":[{"embeddable":true,"href":"https:\/\/www.etoro.com\/fi\/wp-json\/wp\/v2\/media\/220211"}],"wp:attachment":[{"href":"https:\/\/www.etoro.com\/fi\/wp-json\/wp\/v2\/media?parent=151830"}],"wp:term":[{"taxonomy":"asset_type","embeddable":true,"href":"https:\/\/www.etoro.com\/fi\/wp-json\/wp\/v2\/asset_type?post=151830"}],"curies":[{"name":"wp","href":"https:\/\/api.w.org\/{rel}","templated":true}]}}