{"id":167669,"date":"2020-10-15T10:30:40","date_gmt":"2020-10-15T07:30:40","guid":{"rendered":"http:\/\/www.etoro.com\/investing\/insurance\/"},"modified":"2025-04-23T00:47:07","modified_gmt":"2025-04-22T21:47:07","slug":"insurance","status":"publish","type":"page","link":"https:\/\/www.etoro.com\/fi\/investing\/insurance\/","title":{"rendered":"Vakuutus"},"content":{"rendered":"\n<section class=\"wp-block-group wp-block-group-boxed has-white-background-color has-background\"><div class=\"wp-block-group-inner is-layout-flow wp-block-group-is-layout-flow\">\n<div class=\"wp-block-columns are-vertically-aligned-top wp-block-columns-1 is-layout-flex wp-container-core-columns-is-layout-1 wp-block-columns-is-layout-flex\">\n<div class=\"wp-block-column is-layout-flow wp-block-column-is-layout-flow\">\n<h2 class=\"wp-block-heading\">Vakuutus<\/h2>\n\n\n\n<p>Tietyt eToro-tahot tarjoavat vaatimukset t\u00e4ytt\u00e4ville asiakkaille ilmaisen vakuutuksen, joka on ostettu Lloyd&#8217;s of Londonilta, yhdelt\u00e4 maailman johtavista erikoisvakuutusten tarjoajista ja joka kattaa jopa miljoona EUR, AUD tai USD (alueesta riippuen).<\/p>\n\n\n\n<p><strong>Ilmainen vakuutus on saatavilla vain Platinum-, Platinum+- ja Diamond Club -j\u00e4senille, eToro (Europe) Ltd:n, eToro AUS Capital Ltd:n, eToro (ME) Ltd:n ja eToro (Seychelles) Ltd:n <a href=\"https:\/\/www.etoro.com\/fi\/about\/clubs\/\">asiakkaille<\/a>.<\/strong><\/p>\n\n\n\n<ul class=\"wp-block-list wp-block-list wp-block-list-circle\">\n<li>Vakuutus kattaa oikeutettujen asiakkaiden vaatimukset, jotka k\u00e4rsiv\u00e4t tappioista johtuen ep\u00e4todenn\u00e4k\u00f6isest\u00e4 eToron maksukyvytt\u00f6myyst\u00e4 ja virheellisen k\u00e4yt\u00f6ksen tapahtumasta (kuten m\u00e4\u00e4ritelty&nbsp;<a href=\"https:\/\/www.etoro.com\/wp-content\/uploads\/2022\/11\/Insurance-Disclosure-to-Clients-2022-.docx.pdf\">soveltuvassa k\u00e4yt\u00e4nn\u00f6ss\u00e4<\/a>)<\/li>\n\n\n\n<li>Vakuutus kattaa: (i) enint\u00e4\u00e4n 1 miljoona EUR, AUD tai USD (s\u00e4\u00e4nnellyst\u00e4 yhteis\u00f6st\u00e4 riippuen); (ii) eToron ostamaan kokonaisrajaan asti; ja (iii) omavastuulla (sovellettavan <a href=\"https:\/\/etoro.com\/wp-content\/uploads\/2023\/01\/Insurance-Disclosure-to-Clients-2022-.docx.pdf\" rel=\"nofollow noopener noreferrer\" >k\u00e4yt\u00e4nn\u00f6n<\/a> mukaisesti).<\/li>\n\n\n\n<li>Alkuper\u00e4isen summan on oltava yli 20 000 EUR, AUD tai USD.<\/li>\n\n\n\n<li>Vakuutus kattaa k\u00e4teisen, kaikki CFD-positiot ja arvopaperit. Huomaa, ett\u00e4 vakuutus ei kata OIKEAA kryptovaluuttapositiota sovellettavan&nbsp;<a href=\"https:\/\/www.etoro.com\/wp-content\/uploads\/2022\/11\/Insurance-Disclosure-to-Clients-2022-.docx.pdf\">k\u00e4yt\u00e4nn\u00f6n<\/a>&nbsp;mukaisesti.<\/li>\n<\/ul>\n<\/div>\n<\/div>\n<\/div><\/section>\n\n\n\n<section class=\"wp-block-group wp-block-group-boxed has-dark-blue-background-color has-background\"><div class=\"wp-block-group-inner is-layout-flow wp-block-group-is-layout-flow\">\n<div class=\"wp-block-columns are-vertically-aligned-center wp-block-columns-2 is-layout-flex wp-container-core-columns-is-layout-2 wp-block-columns-is-layout-flex\">\n<div class=\"wp-block-column is-layout-flow wp-block-column-is-layout-flow\">\n<figure class=\"wp-block-image size-full\"><img loading=\"lazy\" decoding=\"async\" width=\"577\" height=\"375\" src=\"https:\/\/www.etoro.com\/wp-content\/uploads\/2025\/04\/Three-layer-protection.png\" alt=\"\" class=\"wp-image-1048942 wp-image-desktop\" srcset=\"https:\/\/www.etoro.com\/wp-content\/uploads\/2025\/04\/Three-layer-protection.png 577w, https:\/\/www.etoro.com\/wp-content\/uploads\/2025\/04\/Three-layer-protection-300x195.png 300w\" sizes=\"(max-width: 577px) 100vw, 577px\" \/><\/figure>\n<\/div>\n\n\n\n<div class=\"wp-block-column is-text-column is-layout-flow wp-block-column-is-layout-flow\">\n<h2 class=\"wp-block-heading\"><strong>Kolme suojauskerrosta<\/strong><\/h2>\n\n\n\n<p>Siin\u00e4 ep\u00e4todenn\u00e4k\u00f6isess\u00e4 tapauksessa, ett\u00e4 eToro tulee maksukyvytt\u00f6m\u00e4ksi, eToro (Europe) Ltd:n, eToro AUS Capital Ltd:n, eToro (ME) Ltd:n ja eToro (Seychelles) Ltd:n vaatimukset t\u00e4ytt\u00e4vill\u00e4 asiakkailla* on kolme suojakerrosta.<\/p>\n\n\n\n<ul class=\"wp-block-list wp-block-list wp-block-list-circle\">\n<li>Maksukyvytt\u00f6myyden sattuessa m\u00e4\u00e4r\u00e4tty selvitysmies hoitaa eToron omaisuutta ja tarvittaessa rahanjakoa asiakkaiden kesken.<\/li>\n\n\n\n<li>S\u00e4\u00e4ntelysuoja: eToro (Europe) Ltd.:n (CySEC:n s\u00e4\u00e4telem\u00e4) asiakkaisiin sovelletaan tiettyj\u00e4 s\u00e4\u00e4ntelyj\u00e4rjestelmi\u00e4 (ICF), jotka korvaavat asiakkaille maksukyvytt\u00f6myyden ja jopa 20 000 dollarin vajeen asiakasvaroista.<\/li>\n\n\n\n<li>Yksityinen vakuutus: Lloyd&#8217;s of Londonin tarjoama sijoitusvakuutus kattaa maksukyvytt\u00f6myydest\u00e4 aiheutuneet tappiot omavastuulla ja enint\u00e4\u00e4n miljoona EUR\/AUD\/USD asiakasta kohden* edell\u00e4 kuvatulla tavalla.<\/li>\n<\/ul>\n\n\n\n<p class=\"is-style-disclaimer\">*Ilmainen vakuutus on saatavilla vain Platinum-, Platinum+- ja Diamond Club -j\u00e4senille, eToro (Europe) Ltd:n, eToro AUS Capital Ltd:n, eToro (ME) Ltd:n ja eToro (Seychelles) Ltd:n <a href=\"https:\/\/www.etoro.com\/fi\/about\/clubs\/\">asiakkaille<\/a>.<\/p>\n<\/div>\n<\/div>\n<\/div><\/section>\n\n\n\n<section class=\"wp-block-group wp-block-group-boxed\"><div class=\"wp-block-group-inner is-layout-flow wp-block-group-is-layout-flow\">\n<div class=\"wp-block-columns are-vertically-aligned-top wp-block-columns-1 is-layout-flex wp-container-core-columns-is-layout-3 wp-block-columns-is-layout-flex\">\n<div class=\"wp-block-column is-layout-flow wp-block-column-is-layout-flow\">\n<h2 class=\"wp-block-heading has-text-align-center\"><strong>eToro tarjoaa lis\u00e4palveluita, kuten:<\/strong><\/h2>\n<\/div>\n<\/div>\n<\/div><\/section>\n\n\n\n<section class=\"wp-block-group wp-block-group-boxed has-white-background-color has-background\"><div class=\"wp-block-group-inner is-layout-flow wp-block-group-is-layout-flow\">\n<div class=\"wp-block-columns are-vertically-aligned-center wp-block-columns-2 is-swapped-on-mobile is-layout-flex wp-container-core-columns-is-layout-4 wp-block-columns-is-layout-flex\">\n<div class=\"wp-block-column is-layout-flow wp-block-column-is-layout-flow\">\n<h2 class=\"wp-block-heading\">Varojasi s\u00e4ilytet\u00e4\u00e4n erillisell\u00e4 tilill\u00e4<\/h2>\n\n\n\n<p>eToron ensisijainen tavoite on pit\u00e4\u00e4 asiakkaansa ja heid\u00e4n varansa turvassa. T\u00e4st\u00e4 syyst\u00e4 jokainen asiakkaan tallettama penni s\u00e4ilytet\u00e4\u00e4n erillisell\u00e4 tilill\u00e4. T\u00e4m\u00e4 tarkoittaa, ett\u00e4 vaikka eToron maksukyvytt\u00f6myys onkin eritt\u00e4in ep\u00e4todenn\u00e4k\u00f6ist\u00e4, varasi ovat joka tapauksessa turvassa.<\/p>\n<\/div>\n\n\n\n<div class=\"wp-block-column is-layout-flow wp-block-column-is-layout-flow\">\n<figure class=\"wp-block-image size-full\"><img loading=\"lazy\" decoding=\"async\" width=\"578\" height=\"375\" src=\"https:\/\/www.etoro.com\/wp-content\/uploads\/2025\/04\/Segregated-Account.png\" alt=\"\" class=\"wp-image-1048971 wp-image-desktop\" srcset=\"https:\/\/www.etoro.com\/wp-content\/uploads\/2025\/04\/Segregated-Account.png 578w, https:\/\/www.etoro.com\/wp-content\/uploads\/2025\/04\/Segregated-Account-300x195.png 300w\" sizes=\"(max-width: 578px) 100vw, 578px\" \/><\/figure>\n<\/div>\n<\/div>\n<\/div><\/section>\n\n\n\n<section class=\"wp-block-group wp-block-group-boxed has-white-background-color has-background\"><div class=\"wp-block-group-inner is-layout-flow wp-block-group-is-layout-flow\">\n<div class=\"wp-block-columns are-vertically-aligned-center wp-block-columns-2 is-layout-flex wp-container-core-columns-is-layout-5 wp-block-columns-is-layout-flex\">\n<div class=\"wp-block-column is-layout-flow wp-block-column-is-layout-flow\">\n<figure class=\"wp-block-image size-full\"><img loading=\"lazy\" decoding=\"async\" width=\"576\" height=\"394\" src=\"https:\/\/www.etoro.com\/wp-content\/uploads\/2025\/04\/100-K-Demo-account.png\" alt=\"\" class=\"wp-image-1049040 wp-image-desktop\" srcset=\"https:\/\/www.etoro.com\/wp-content\/uploads\/2025\/04\/100-K-Demo-account.png 576w, https:\/\/www.etoro.com\/wp-content\/uploads\/2025\/04\/100-K-Demo-account-300x205.png 300w\" sizes=\"(max-width: 576px) 100vw, 576px\" \/><\/figure>\n<\/div>\n\n\n\n<div class=\"wp-block-column is-layout-flow wp-block-column-is-layout-flow\">\n<h2 class=\"wp-block-heading\">ILMAINEN 100 000 dollarin demotili<\/h2>\n\n\n\n<p>Tutustu eToro-alustan yksinkertaisuuteen ja helppok\u00e4ytt\u00f6isyyteen ILMAISELLA 100 000 dollarin demotilill\u00e4. Avaa ja sulje kauppoja, rakenna virtuaalinen salkkusi&nbsp;<a href=\"https:\/\/etoro.com\/fi\/stocks\/\" rel=\"nofollow noopener noreferrer\" >osakkeet<\/a>&nbsp;ja muilla omaisuuser\u00e4luokilla ja hio kaupank\u00e4ynti- ja sijoitustaitojasi.<\/p>\n<\/div>\n<\/div>\n<\/div><\/section>\n\n\n\n<section class=\"wp-block-group wp-block-group-boxed has-white-background-color has-background\"><div class=\"wp-block-group-inner is-layout-flow wp-block-group-is-layout-flow\">\n<div class=\"wp-block-columns are-vertically-aligned-top wp-block-columns-1 is-layout-flex wp-container-core-columns-is-layout-6 wp-block-columns-is-layout-flex\">\n<div class=\"wp-block-column is-layout-flow wp-block-column-is-layout-flow\">\n<p class=\"has-text-align-center\">Ehtoja sovelletaan. Lue lis\u00e4\u00e4 eToron\u00a0<a href=\"https:\/\/www.etoro.com\/wp-content\/uploads\/2025\/02\/Insurance-Disclosure-to-Clients-2025.pdf\" target=\"_blank\" rel=\"noreferrer noopener\">vakuutusehdoista<\/a>.<\/p>\n\n\n\n<div class=\"wp-block-buttons is-content-justification-center is-layout-flex wp-container-core-buttons-is-layout-1 wp-block-buttons-is-layout-flex\">\n<a class=\"e-cta e-cta-primary\" href=\"https:\/\/www.etoro.com\/fi\/accounts\/sign-up\">Aloitetaan<\/a>\n<\/div>\n<\/div>\n<\/div>\n<\/div><\/section>\n\n\n\n<section class=\"wp-block-group wp-block-group-boxed has-white-background-color has-background\"><div class=\"wp-block-group-inner is-layout-flow wp-block-group-is-layout-flow\">\n<div class=\"wp-block-columns are-vertically-aligned-top wp-block-columns-1 is-layout-flex wp-container-core-columns-is-layout-7 wp-block-columns-is-layout-flex\">\n<div class=\"wp-block-column is-layout-flow wp-block-column-is-layout-flow\">\n<h2 class=\"wp-block-heading has-text-align-center\">eToron vakuutus \u2013 Usein kysyttyj\u00e4 kysymyksi\u00e4<\/h2>\n\n\n\n<dl class=\"wp-block-etoro-faq\">\n<div class=\"wp-block-etoro-faq-item\"><dt class=\"wp-block-etoro-faq-item-question\">Mitk\u00e4 tuotteet kuuluvat vakuutusturvan piiriin?<\/dt><dd class=\"wp-block-etoro-faq-item-answer\">\n<p>Vakuutus kattaa k\u00e4teisen, kaikki CFD-positiot ja arvopaperit. Huomaa, ett\u00e4 sijoitusvakuutus ei kata OIKEAA kryptovaluuttapositiota (ei-CFD).<\/p>\n<\/dd><\/div>\n\n\n\n<div class=\"wp-block-etoro-faq-item\"><dt class=\"wp-block-etoro-faq-item-question\">Ket\u00e4 vakuutus kattaa?<\/dt><dd class=\"wp-block-etoro-faq-item-answer\">\n<p>Vakuutus on saatavilla vain Platinum-, Platinum+- ja Diamond Club -j\u00e4senille, eToro (Europe) Ltd:n, eToro AUS Capital Ltd:n, eToro (ME) Ltd:n ja eToro (Seychelles) Ltd:n <a href=\"https:\/\/etoro.com\/about\/club\/\" rel=\"nofollow noopener noreferrer\" >asiakkaille<\/a>.<\/p>\n<\/dd><\/div>\n\n\n\n<div class=\"wp-block-etoro-faq-item\"><dt class=\"wp-block-etoro-faq-item-question\">Onko sill\u00e4 viimeinen voimassaolop\u00e4iv\u00e4?<\/dt><dd class=\"wp-block-etoro-faq-item-answer\">\n<p>Ei. Vakuutus voidaan kuitenkin peruuttaa eToron harkinnan mukaan milloin tahansa tulevaisuudessa. Ennakkoilmoitusta ei vaadita.<\/p>\n<\/dd><\/div>\n\n\n\n<div class=\"wp-block-etoro-faq-item\"><dt class=\"wp-block-etoro-faq-item-question\">Milloin vakuutus astuu voimaan?<\/dt><dd class=\"wp-block-etoro-faq-item-answer\">\n<p>Vakuutus astuu voimaan siin\u00e4 ep\u00e4todenn\u00e4k\u00f6isess\u00e4 tapauksessa, kun eTorosta tulee maksukyvyt\u00f6n.<\/p>\n<\/dd><\/div>\n\n\n\n<div class=\"wp-block-etoro-faq-item\"><dt class=\"wp-block-etoro-faq-item-question\">Kuinka eToro s\u00e4ilytt\u00e4\u00e4 rahani?<\/dt><dd class=\"wp-block-etoro-faq-item-answer\">\n<p>Varojesi turvaamiseksi eToro pit\u00e4\u00e4 niit\u00e4 t\u00e4ysin erillisell\u00e4 tilill\u00e4 huipputason pankissa tai vaatimukset t\u00e4ytt\u00e4v\u00e4ss\u00e4 rahamarkkinarahastossa.<\/p>\n<\/dd><\/div>\n<\/dl>\n<\/div>\n<\/div>\n<\/div><\/section>\n","protected":false},"excerpt":{"rendered":"<p>Vakuutus Tietyt eToro-tahot tarjoavat vaatimukset t\u00e4ytt\u00e4ville asiakkaille ilmaisen vakuutuksen, joka on ostettu Lloyd&#8217;s of Londonilta, yhdelt\u00e4 maailman johtavista erikoisvakuutusten tarjoajista ja joka kattaa jopa miljoona EUR, AUD tai USD (alueesta riippuen). Ilmainen vakuutus on saatavilla vain Platinum-, Platinum+- ja Diamond Club -j\u00e4senille, eToro (Europe) Ltd:n, eToro AUS Capital Ltd:n, eToro (ME) Ltd:n ja eToro (Seychelles)&hellip;<\/p>\n","protected":false},"author":39,"featured_media":0,"parent":36057,"menu_order":494,"comment_status":"closed","ping_status":"closed","template":"","meta":{"_acf_changed":true,"inline_featured_image":false,"sticky_cta_settings":"","footnotes":""},"asset_type":[],"class_list":["post-167669","page","type-page","status-publish","hentry"],"acf":[],"yoast_head":"<title>ILMAINEN sijoitusvakuutus eToron asiakkaille<\/title>\n<meta name=\"description\" content=\"Hy\u00f6dy ylim\u00e4\u00e4r\u00e4isest\u00e4 suojasta: eToro tarjoaa jopa miljoonan euron\/GBP:n\/AUD:n vakuutuksen s\u00e4\u00e4ntelyst\u00e4 riippuen.\" \/>\n<meta name=\"robots\" content=\"noindex, follow\" \/>\n<meta property=\"og:locale\" content=\"fi_FI\" \/>\n<meta property=\"og:type\" content=\"article\" \/>\n<meta property=\"og:title\" content=\"ILMAINEN sijoitusvakuutus eToron asiakkaille\" \/>\n<meta property=\"og:description\" content=\"Hy\u00f6dy ylim\u00e4\u00e4r\u00e4isest\u00e4 suojasta: eToro tarjoaa jopa miljoonan euron\/GBP:n\/AUD:n vakuutuksen s\u00e4\u00e4ntelyst\u00e4 riippuen.\" \/>\n<meta property=\"og:url\" content=\"https:\/\/www.etoro.com\/fi\/wp-json\/wp\/v2\/pages\/167669\" \/>\n<meta property=\"og:site_name\" content=\"eToro\" \/>\n<meta property=\"article:publisher\" content=\"https:\/\/www.facebook.com\/eToro\/\" \/>\n<meta property=\"article:modified_time\" content=\"2025-04-22T21:47:07+00:00\" \/>\n<meta property=\"og:image\" content=\"https:\/\/www.etoro.com\/wp-content\/uploads\/2025\/04\/Three-layer-protection.png\" \/>\n\t<meta property=\"og:image:width\" content=\"577\" \/>\n\t<meta property=\"og:image:height\" content=\"375\" \/>\n\t<meta property=\"og:image:type\" content=\"image\/png\" \/>\n<meta name=\"twitter:card\" content=\"summary_large_image\" \/>\n<meta name=\"twitter:site\" content=\"@eToro\" \/>\n<meta name=\"twitter:label1\" content=\"Arvioitu lukuaika\" \/>\n\t<meta name=\"twitter:data1\" content=\"2 minuuttia\" \/>\n<script type=\"application\/ld+json\" class=\"yoast-schema-graph\">{\"@context\":\"https:\/\/schema.org\",\"@graph\":[{\"@type\":\"WebPage\",\"@id\":\"https:\/\/www.etoro.com\/fi\/investing\/insurance\/\",\"url\":\"https:\/\/www.etoro.com\/fi\/investing\/insurance\/\",\"name\":\"ILMAINEN sijoitusvakuutus eToron asiakkaille\",\"isPartOf\":{\"@id\":\"https:\/\/www.etoro.com\/fi\/#website\"},\"primaryImageOfPage\":{\"@id\":\"https:\/\/www.etoro.com\/fi\/investing\/insurance\/#primaryimage\"},\"image\":{\"@id\":\"https:\/\/www.etoro.com\/fi\/investing\/insurance\/#primaryimage\"},\"thumbnailUrl\":\"https:\/\/www.etoro.com\/wp-content\/uploads\/2025\/04\/Three-layer-protection.png\",\"datePublished\":\"2020-10-15T07:30:40+00:00\",\"dateModified\":\"2025-04-22T21:47:07+00:00\",\"description\":\"Hy\u00f6dy ylim\u00e4\u00e4r\u00e4isest\u00e4 suojasta: eToro tarjoaa jopa miljoonan euron\/GBP:n\/AUD:n vakuutuksen s\u00e4\u00e4ntelyst\u00e4 riippuen.\",\"breadcrumb\":{\"@id\":\"https:\/\/www.etoro.com\/fi\/investing\/insurance\/#breadcrumb\"},\"inLanguage\":\"fi\",\"potentialAction\":[{\"@type\":\"ReadAction\",\"target\":[\"https:\/\/www.etoro.com\/fi\/investing\/insurance\/\"]}]},{\"@type\":\"ImageObject\",\"inLanguage\":\"fi\",\"@id\":\"https:\/\/www.etoro.com\/fi\/investing\/insurance\/#primaryimage\",\"url\":\"https:\/\/www.etoro.com\/wp-content\/uploads\/2025\/04\/Three-layer-protection.png\",\"contentUrl\":\"https:\/\/www.etoro.com\/wp-content\/uploads\/2025\/04\/Three-layer-protection.png\"},{\"@type\":\"BreadcrumbList\",\"@id\":\"https:\/\/www.etoro.com\/fi\/investing\/insurance\/#breadcrumb\",\"itemListElement\":[{\"@type\":\"ListItem\",\"position\":1,\"name\":\"Koti\",\"item\":\"https:\/\/www.etoro.com\/fi\/\"},{\"@type\":\"ListItem\",\"position\":2,\"name\":\"Sijoittaminen\",\"item\":\"https:\/\/www.etoro.com\/fi\/investing\/\"},{\"@type\":\"ListItem\",\"position\":3,\"name\":\"Vakuutus\"}]},{\"@type\":\"WebSite\",\"@id\":\"https:\/\/www.etoro.com\/fi\/#website\",\"url\":\"https:\/\/www.etoro.com\/fi\/\",\"name\":\"eToro\",\"description\":\"\",\"publisher\":{\"@id\":\"https:\/\/www.etoro.com\/fi\/#organization\"},\"potentialAction\":[{\"@type\":\"SearchAction\",\"target\":{\"@type\":\"EntryPoint\",\"urlTemplate\":\"https:\/\/www.etoro.com\/fi\/?s={search_term_string}\"},\"query-input\":{\"@type\":\"PropertyValueSpecification\",\"valueRequired\":true,\"valueName\":\"search_term_string\"}}],\"inLanguage\":\"fi\"},[]]}<\/script>","yoast_head_json":{"title":"ILMAINEN sijoitusvakuutus eToron asiakkaille","description":"Hy\u00f6dy ylim\u00e4\u00e4r\u00e4isest\u00e4 suojasta: eToro tarjoaa jopa miljoonan euron\/GBP:n\/AUD:n vakuutuksen s\u00e4\u00e4ntelyst\u00e4 riippuen.","robots":{"index":"noindex","follow":"follow"},"og_locale":"fi_FI","og_type":"article","og_title":"ILMAINEN sijoitusvakuutus eToron asiakkaille","og_description":"Hy\u00f6dy ylim\u00e4\u00e4r\u00e4isest\u00e4 suojasta: eToro tarjoaa jopa miljoonan euron\/GBP:n\/AUD:n vakuutuksen s\u00e4\u00e4ntelyst\u00e4 riippuen.","og_url":"https:\/\/www.etoro.com\/fi\/wp-json\/wp\/v2\/pages\/167669","og_site_name":"eToro","article_publisher":"https:\/\/www.facebook.com\/eToro\/","article_modified_time":"2025-04-22T21:47:07+00:00","og_image":[{"width":577,"height":375,"url":"https:\/\/www.etoro.com\/wp-content\/uploads\/2025\/04\/Three-layer-protection.png","type":"image\/png"}],"twitter_card":"summary_large_image","twitter_site":"@eToro","twitter_misc":{"Arvioitu lukuaika":"2 minuuttia"},"schema":{"@context":"https:\/\/schema.org","@graph":[{"@type":"WebPage","@id":"https:\/\/www.etoro.com\/fi\/investing\/insurance\/","url":"https:\/\/www.etoro.com\/fi\/investing\/insurance\/","name":"ILMAINEN sijoitusvakuutus eToron asiakkaille","isPartOf":{"@id":"https:\/\/www.etoro.com\/fi\/#website"},"primaryImageOfPage":{"@id":"https:\/\/www.etoro.com\/fi\/investing\/insurance\/#primaryimage"},"image":{"@id":"https:\/\/www.etoro.com\/fi\/investing\/insurance\/#primaryimage"},"thumbnailUrl":"https:\/\/www.etoro.com\/wp-content\/uploads\/2025\/04\/Three-layer-protection.png","datePublished":"2020-10-15T07:30:40+00:00","dateModified":"2025-04-22T21:47:07+00:00","description":"Hy\u00f6dy ylim\u00e4\u00e4r\u00e4isest\u00e4 suojasta: eToro tarjoaa jopa miljoonan euron\/GBP:n\/AUD:n vakuutuksen s\u00e4\u00e4ntelyst\u00e4 riippuen.","breadcrumb":{"@id":"https:\/\/www.etoro.com\/fi\/investing\/insurance\/#breadcrumb"},"inLanguage":"fi","potentialAction":[{"@type":"ReadAction","target":["https:\/\/www.etoro.com\/fi\/investing\/insurance\/"]}]},{"@type":"ImageObject","inLanguage":"fi","@id":"https:\/\/www.etoro.com\/fi\/investing\/insurance\/#primaryimage","url":"https:\/\/www.etoro.com\/wp-content\/uploads\/2025\/04\/Three-layer-protection.png","contentUrl":"https:\/\/www.etoro.com\/wp-content\/uploads\/2025\/04\/Three-layer-protection.png"},{"@type":"BreadcrumbList","@id":"https:\/\/www.etoro.com\/fi\/investing\/insurance\/#breadcrumb","itemListElement":[{"@type":"ListItem","position":1,"name":"Koti","item":"https:\/\/www.etoro.com\/fi\/"},{"@type":"ListItem","position":2,"name":"Sijoittaminen","item":"https:\/\/www.etoro.com\/fi\/investing\/"},{"@type":"ListItem","position":3,"name":"Vakuutus"}]},{"@type":"WebSite","@id":"https:\/\/www.etoro.com\/fi\/#website","url":"https:\/\/www.etoro.com\/fi\/","name":"eToro","description":"","publisher":{"@id":"https:\/\/www.etoro.com\/fi\/#organization"},"potentialAction":[{"@type":"SearchAction","target":{"@type":"EntryPoint","urlTemplate":"https:\/\/www.etoro.com\/fi\/?s={search_term_string}"},"query-input":{"@type":"PropertyValueSpecification","valueRequired":true,"valueName":"search_term_string"}}],"inLanguage":"fi"},[]]}},"_links":{"self":[{"href":"https:\/\/www.etoro.com\/fi\/wp-json\/wp\/v2\/pages\/167669"}],"collection":[{"href":"https:\/\/www.etoro.com\/fi\/wp-json\/wp\/v2\/pages"}],"about":[{"href":"https:\/\/www.etoro.com\/fi\/wp-json\/wp\/v2\/types\/page"}],"author":[{"embeddable":true,"href":"https:\/\/www.etoro.com\/fi\/wp-json\/wp\/v2\/users\/39"}],"replies":[{"embeddable":true,"href":"https:\/\/www.etoro.com\/fi\/wp-json\/wp\/v2\/comments?post=167669"}],"version-history":[{"count":0,"href":"https:\/\/www.etoro.com\/fi\/wp-json\/wp\/v2\/pages\/167669\/revisions"}],"up":[{"embeddable":true,"href":"https:\/\/www.etoro.com\/fi\/wp-json\/wp\/v2\/pages\/36057"}],"wp:attachment":[{"href":"https:\/\/www.etoro.com\/fi\/wp-json\/wp\/v2\/media?parent=167669"}],"wp:term":[{"taxonomy":"asset_type","embeddable":true,"href":"https:\/\/www.etoro.com\/fi\/wp-json\/wp\/v2\/asset_type?post=167669"}],"curies":[{"name":"wp","href":"https:\/\/api.w.org\/{rel}","templated":true}]}}