{"id":244554,"date":"2021-06-17T10:17:11","date_gmt":"2021-06-17T07:17:11","guid":{"rendered":"https:\/\/www.etoro.com\/about\/imprint\/"},"modified":"2024-06-19T18:17:40","modified_gmt":"2024-06-19T15:17:40","slug":"imprint","status":"publish","type":"page","link":"https:\/\/www.etoro.com\/fi\/about\/imprint\/","title":{"rendered":"Painatus"},"content":{"rendered":"\n<section class=\"wp-block-group wp-block-group-boxed has-white-background-color has-background\"><div class=\"wp-block-group-inner is-layout-flow wp-block-group-is-layout-flow\">\n<div class=\"wp-block-columns are-vertically-aligned-top wp-block-columns-1 is-layout-flex wp-container-core-columns-is-layout-1 wp-block-columns-is-layout-flex\">\n<div class=\"wp-block-column is-layout-flow wp-block-column-is-layout-flow\">\n<h2 class=\"wp-block-heading\">Painatus<\/h2>\n\n\n\n<p>Palveluntarjoaja direktiivin 2000\/31\/EY (s\u00e4hk\u00f6isest\u00e4 kaupank\u00e4ynnist\u00e4 annettu direktiivi) artiklan 5 merkityksess\u00e4:<\/p>\n\n\n\n<figure class=\"wp-block-image\"><img loading=\"lazy\" decoding=\"async\" width=\"512\" height=\"266\" src=\"https:\/\/www.etoro.com\/wp-content\/uploads\/2021\/06\/unnamed-1.jpg\" alt=\"\" class=\"wp-image-240873 wp-image-desktop\" srcset=\"https:\/\/www.etoro.com\/wp-content\/uploads\/2021\/06\/unnamed-1.jpg 512w, https:\/\/www.etoro.com\/wp-content\/uploads\/2021\/06\/unnamed-1-300x156.jpg 300w\" sizes=\"(max-width: 512px) 100vw, 512px\" \/><\/figure>\n\n\n\n<p>Kyproksen sijoituspalveluyritys (Cypriot Investment Firm, CIF)<\/p>\n\n\n\n<p>Rekisterinumero: HE200585<\/p>\n\n\n\n<p>ALV-tunnistenumero: 10200585J<\/p>\n\n\n\n<p>Valtuutettu edustaja: Avi Sela<\/p>\n\n\n\n<p>S\u00e4hk\u00f6posti:&nbsp;<a href=\"mailto:customerservice@etoro.com\" target=\"_blank\" rel=\"noreferrer noopener\">customerservice@etoro.com<\/a><\/p>\n\n\n\n<p><a href=\"http:\/\/etoro.com\/fi\/customer-service\/\" target=\"_blank\" rel=\"noreferrer noopener\">Asiakaspalvelu<\/a><\/p>\n\n\n\n<p>Valvontaviranomainen:<\/p>\n\n\n\n<p>Kyproksen arvopaperip\u00f6rssi (Cyprus Securities Exchange Commission, CySEC)<\/p>\n\n\n\n<p>Lisenssinumero: 109\/10<\/p>\n\n\n\n<p>19 Diagorou Str.<\/p>\n\n\n\n<p>CY-1097 Nikosia<\/p>\n\n\n\n<p>S\u00e4hk\u00f6posti: info@cysec.gov.cy<\/p>\n\n\n\n<p>Verkkosivusto: www.cysec.gov.cy<\/p>\n<\/div>\n<\/div>\n<\/div><\/section>\n","protected":false},"excerpt":{"rendered":"<p>Painatus Palveluntarjoaja direktiivin 2000\/31\/EY (s\u00e4hk\u00f6isest\u00e4 kaupank\u00e4ynnist\u00e4 annettu direktiivi) artiklan 5 merkityksess\u00e4: Kyproksen sijoituspalveluyritys (Cypriot Investment Firm, CIF) Rekisterinumero: HE200585 ALV-tunnistenumero: 10200585J Valtuutettu edustaja: Avi Sela S\u00e4hk\u00f6posti:&nbsp;customerservice@etoro.com Asiakaspalvelu Valvontaviranomainen: Kyproksen arvopaperip\u00f6rssi (Cyprus Securities Exchange Commission, CySEC) Lisenssinumero: 109\/10 19 Diagorou Str. CY-1097 Nikosia S\u00e4hk\u00f6posti: info@cysec.gov.cy Verkkosivusto: www.cysec.gov.cy<\/p>\n","protected":false},"author":75,"featured_media":0,"parent":35372,"menu_order":121,"comment_status":"closed","ping_status":"closed","template":"","meta":{"_acf_changed":false,"inline_featured_image":false,"sticky_cta_settings":"","footnotes":""},"asset_type":[],"class_list":["post-244554","page","type-page","status-publish","hentry"],"acf":[],"yoast_head":"<title>Painatus - eToro<\/title>\n<meta name=\"robots\" content=\"index, follow, max-snippet:-1, max-image-preview:large, max-video-preview:-1\" \/>\n<link rel=\"canonical\" href=\"https:\/\/www.etoro.com\/fi\/wp-json\/wp\/v2\/pages\/244554\" \/>\n<meta property=\"og:locale\" content=\"fi_FI\" \/>\n<meta property=\"og:type\" content=\"article\" \/>\n<meta property=\"og:title\" content=\"Painatus - eToro\" \/>\n<meta property=\"og:description\" content=\"Painatus Palveluntarjoaja direktiivin 2000\/31\/EY (s\u00e4hk\u00f6isest\u00e4 kaupank\u00e4ynnist\u00e4 annettu direktiivi) artiklan 5 merkityksess\u00e4: Kyproksen sijoituspalveluyritys (Cypriot Investment Firm, CIF) Rekisterinumero: HE200585 ALV-tunnistenumero: 10200585J Valtuutettu edustaja: Avi Sela S\u00e4hk\u00f6posti:&nbsp;customerservice@etoro.com Asiakaspalvelu Valvontaviranomainen: Kyproksen arvopaperip\u00f6rssi (Cyprus Securities Exchange Commission, CySEC) Lisenssinumero: 109\/10 19 Diagorou Str. CY-1097 Nikosia S\u00e4hk\u00f6posti: info@cysec.gov.cy Verkkosivusto: www.cysec.gov.cy\" \/>\n<meta property=\"og:url\" content=\"https:\/\/www.etoro.com\/fi\/wp-json\/wp\/v2\/pages\/244554\" \/>\n<meta property=\"og:site_name\" content=\"eToro\" \/>\n<meta property=\"article:publisher\" content=\"https:\/\/www.facebook.com\/eToro\/\" \/>\n<meta property=\"article:modified_time\" content=\"2024-06-19T15:17:40+00:00\" \/>\n<meta property=\"og:image\" content=\"https:\/\/www.etoro.com\/wp-content\/uploads\/2021\/06\/unnamed-1.jpg\" \/>\n<meta name=\"twitter:card\" content=\"summary_large_image\" \/>\n<meta name=\"twitter:site\" content=\"@eToro\" \/>\n<meta name=\"twitter:label1\" content=\"Arvioitu lukuaika\" \/>\n\t<meta name=\"twitter:data1\" content=\"1 minuutti\" \/>\n<script type=\"application\/ld+json\" class=\"yoast-schema-graph\">{\"@context\":\"https:\/\/schema.org\",\"@graph\":[{\"@type\":\"WebPage\",\"@id\":\"https:\/\/www.etoro.com\/fi\/about\/imprint\/\",\"url\":\"https:\/\/www.etoro.com\/fi\/about\/imprint\/\",\"name\":\"Painatus - eToro\",\"isPartOf\":{\"@id\":\"https:\/\/www.etoro.com\/fi\/#website\"},\"primaryImageOfPage\":{\"@id\":\"https:\/\/www.etoro.com\/fi\/about\/imprint\/#primaryimage\"},\"image\":{\"@id\":\"https:\/\/www.etoro.com\/fi\/about\/imprint\/#primaryimage\"},\"thumbnailUrl\":\"https:\/\/www.etoro.com\/wp-content\/uploads\/2021\/06\/unnamed-1.jpg\",\"datePublished\":\"2021-06-17T07:17:11+00:00\",\"dateModified\":\"2024-06-19T15:17:40+00:00\",\"breadcrumb\":{\"@id\":\"https:\/\/www.etoro.com\/fi\/about\/imprint\/#breadcrumb\"},\"inLanguage\":\"fi\",\"potentialAction\":[{\"@type\":\"ReadAction\",\"target\":[\"https:\/\/www.etoro.com\/fi\/about\/imprint\/\"]}]},{\"@type\":\"ImageObject\",\"inLanguage\":\"fi\",\"@id\":\"https:\/\/www.etoro.com\/fi\/about\/imprint\/#primaryimage\",\"url\":\"https:\/\/www.etoro.com\/wp-content\/uploads\/2021\/06\/unnamed-1.jpg\",\"contentUrl\":\"https:\/\/www.etoro.com\/wp-content\/uploads\/2021\/06\/unnamed-1.jpg\"},{\"@type\":\"BreadcrumbList\",\"@id\":\"https:\/\/www.etoro.com\/fi\/about\/imprint\/#breadcrumb\",\"itemListElement\":[{\"@type\":\"ListItem\",\"position\":1,\"name\":\"Koti\",\"item\":\"https:\/\/www.etoro.com\/fi\/\"},{\"@type\":\"ListItem\",\"position\":2,\"name\":\"About eToro\",\"item\":\"https:\/\/www.etoro.com\/fi\/about\/\"},{\"@type\":\"ListItem\",\"position\":3,\"name\":\"Painatus\"}]},{\"@type\":\"WebSite\",\"@id\":\"https:\/\/www.etoro.com\/fi\/#website\",\"url\":\"https:\/\/www.etoro.com\/fi\/\",\"name\":\"eToro\",\"description\":\"\",\"publisher\":{\"@id\":\"https:\/\/www.etoro.com\/fi\/#organization\"},\"potentialAction\":[{\"@type\":\"SearchAction\",\"target\":{\"@type\":\"EntryPoint\",\"urlTemplate\":\"https:\/\/www.etoro.com\/fi\/?s={search_term_string}\"},\"query-input\":{\"@type\":\"PropertyValueSpecification\",\"valueRequired\":true,\"valueName\":\"search_term_string\"}}],\"inLanguage\":\"fi\"},[]]}<\/script>","yoast_head_json":{"title":"Painatus - eToro","robots":{"index":"index","follow":"follow","max-snippet":"max-snippet:-1","max-image-preview":"max-image-preview:large","max-video-preview":"max-video-preview:-1"},"canonical":"https:\/\/www.etoro.com\/fi\/wp-json\/wp\/v2\/pages\/244554","og_locale":"fi_FI","og_type":"article","og_title":"Painatus - eToro","og_description":"Painatus Palveluntarjoaja direktiivin 2000\/31\/EY (s\u00e4hk\u00f6isest\u00e4 kaupank\u00e4ynnist\u00e4 annettu direktiivi) artiklan 5 merkityksess\u00e4: Kyproksen sijoituspalveluyritys (Cypriot Investment Firm, CIF) Rekisterinumero: HE200585 ALV-tunnistenumero: 10200585J Valtuutettu edustaja: Avi Sela S\u00e4hk\u00f6posti:&nbsp;customerservice@etoro.com Asiakaspalvelu Valvontaviranomainen: Kyproksen arvopaperip\u00f6rssi (Cyprus Securities Exchange Commission, CySEC) Lisenssinumero: 109\/10 19 Diagorou Str. CY-1097 Nikosia S\u00e4hk\u00f6posti: info@cysec.gov.cy Verkkosivusto: www.cysec.gov.cy","og_url":"https:\/\/www.etoro.com\/fi\/wp-json\/wp\/v2\/pages\/244554","og_site_name":"eToro","article_publisher":"https:\/\/www.facebook.com\/eToro\/","article_modified_time":"2024-06-19T15:17:40+00:00","og_image":[{"url":"https:\/\/www.etoro.com\/wp-content\/uploads\/2021\/06\/unnamed-1.jpg","type":"","width":"","height":""}],"twitter_card":"summary_large_image","twitter_site":"@eToro","twitter_misc":{"Arvioitu lukuaika":"1 minuutti"},"schema":{"@context":"https:\/\/schema.org","@graph":[{"@type":"WebPage","@id":"https:\/\/www.etoro.com\/fi\/about\/imprint\/","url":"https:\/\/www.etoro.com\/fi\/about\/imprint\/","name":"Painatus - eToro","isPartOf":{"@id":"https:\/\/www.etoro.com\/fi\/#website"},"primaryImageOfPage":{"@id":"https:\/\/www.etoro.com\/fi\/about\/imprint\/#primaryimage"},"image":{"@id":"https:\/\/www.etoro.com\/fi\/about\/imprint\/#primaryimage"},"thumbnailUrl":"https:\/\/www.etoro.com\/wp-content\/uploads\/2021\/06\/unnamed-1.jpg","datePublished":"2021-06-17T07:17:11+00:00","dateModified":"2024-06-19T15:17:40+00:00","breadcrumb":{"@id":"https:\/\/www.etoro.com\/fi\/about\/imprint\/#breadcrumb"},"inLanguage":"fi","potentialAction":[{"@type":"ReadAction","target":["https:\/\/www.etoro.com\/fi\/about\/imprint\/"]}]},{"@type":"ImageObject","inLanguage":"fi","@id":"https:\/\/www.etoro.com\/fi\/about\/imprint\/#primaryimage","url":"https:\/\/www.etoro.com\/wp-content\/uploads\/2021\/06\/unnamed-1.jpg","contentUrl":"https:\/\/www.etoro.com\/wp-content\/uploads\/2021\/06\/unnamed-1.jpg"},{"@type":"BreadcrumbList","@id":"https:\/\/www.etoro.com\/fi\/about\/imprint\/#breadcrumb","itemListElement":[{"@type":"ListItem","position":1,"name":"Koti","item":"https:\/\/www.etoro.com\/fi\/"},{"@type":"ListItem","position":2,"name":"About eToro","item":"https:\/\/www.etoro.com\/fi\/about\/"},{"@type":"ListItem","position":3,"name":"Painatus"}]},{"@type":"WebSite","@id":"https:\/\/www.etoro.com\/fi\/#website","url":"https:\/\/www.etoro.com\/fi\/","name":"eToro","description":"","publisher":{"@id":"https:\/\/www.etoro.com\/fi\/#organization"},"potentialAction":[{"@type":"SearchAction","target":{"@type":"EntryPoint","urlTemplate":"https:\/\/www.etoro.com\/fi\/?s={search_term_string}"},"query-input":{"@type":"PropertyValueSpecification","valueRequired":true,"valueName":"search_term_string"}}],"inLanguage":"fi"},[]]}},"_links":{"self":[{"href":"https:\/\/www.etoro.com\/fi\/wp-json\/wp\/v2\/pages\/244554"}],"collection":[{"href":"https:\/\/www.etoro.com\/fi\/wp-json\/wp\/v2\/pages"}],"about":[{"href":"https:\/\/www.etoro.com\/fi\/wp-json\/wp\/v2\/types\/page"}],"author":[{"embeddable":true,"href":"https:\/\/www.etoro.com\/fi\/wp-json\/wp\/v2\/users\/75"}],"replies":[{"embeddable":true,"href":"https:\/\/www.etoro.com\/fi\/wp-json\/wp\/v2\/comments?post=244554"}],"version-history":[{"count":0,"href":"https:\/\/www.etoro.com\/fi\/wp-json\/wp\/v2\/pages\/244554\/revisions"}],"up":[{"embeddable":true,"href":"https:\/\/www.etoro.com\/fi\/wp-json\/wp\/v2\/pages\/35372"}],"wp:attachment":[{"href":"https:\/\/www.etoro.com\/fi\/wp-json\/wp\/v2\/media?parent=244554"}],"wp:term":[{"taxonomy":"asset_type","embeddable":true,"href":"https:\/\/www.etoro.com\/fi\/wp-json\/wp\/v2\/asset_type?post=244554"}],"curies":[{"name":"wp","href":"https:\/\/api.w.org\/{rel}","templated":true}]}}