{"id":280647,"date":"2021-10-17T15:58:27","date_gmt":"2021-10-17T12:58:27","guid":{"rendered":"https:\/\/www.etoro.com\/trading\/buy-sell-and-close-position\/"},"modified":"2024-08-19T16:36:52","modified_gmt":"2024-08-19T13:36:52","slug":"buy-sell-and-close-position","status":"publish","type":"page","link":"https:\/\/www.etoro.com\/fi\/trading\/buy-sell-and-close-position\/","title":{"rendered":"Position myynti ja sulkeminen: mik\u00e4 niiden ero on?"},"content":{"rendered":"<p>Termi \u201cosakkeiden myynti\u201d kuulostaa melko selv\u00e4lt\u00e4. Niin se onkin. Sijoitusmaailmassa sill\u00e4 voi kuitenkin olla kaksi erilaista merkityst\u00e4. K\u00e4yt\u00e4mme eToro-alustalla kahta eri termi\u00e4 est\u00e4\u00e4ksemme sekaannuksen.<\/p>\n<h2>Kaupan sulkeminen<\/h2>\n<p>Kaupan sulkeminen tai position sulkeminen eToron alustalla tarkoittaa, ett\u00e4 lopetat aiemmin tekem\u00e4si sijoituksen. Jos sinulla oli vaikka yksi Easyjet-osake, jonka arvo on nyt 832 dollaria ja p\u00e4\u00e4t\u00e4t sulkea positiosi, p\u00e4\u00e4t\u00e4t sijoituksesi Easyjet-osakkeisiin ja saat 832 dollaria takaisin tilillesi. Kun suljet position, et en\u00e4\u00e4 omista Easyjet-osakkeita.<\/p>\n<p>Alla olevasta kuvasta n\u00e4et, mit\u00e4 n\u00e4yt\u00f6ll\u00e4 n\u00e4kyy, kun olet sulkemassa Easyjet-osakkeiden kaupank\u00e4ynnin.<\/p>\n<p><img loading=\"lazy\" decoding=\"async\" class=\"wp-image-279430 size-full aligncenter\" src=\"https:\/\/www.etoro.com\/wp-content\/uploads\/2021\/10\/buy-sell-and-close-position-1.png\" alt=\"\" width=\"512\" height=\"352\" srcset=\"https:\/\/www.etoro.com\/wp-content\/uploads\/2021\/10\/buy-sell-and-close-position-1.png 512w, https:\/\/www.etoro.com\/wp-content\/uploads\/2021\/10\/buy-sell-and-close-position-1-300x206.png 300w\" sizes=\"(max-width: 512px) 100vw, 512px\" \/><\/p>\n<p><a href=\"https:\/\/help.etoro.com\/s\/article\/how-do-i-close-a-position-web?language=fi\">Opi sulkemaan positio<\/a><\/p>\n<p>Kaupan sulkeminen ei liity pelk\u00e4st\u00e4\u00e4n osakkeisiin teht\u00e4viin sijoituksiin. Se liittyy kaikentyyppisiin omaisuuserien sijoituksiin eToro-alustalla. Kaupan sulkeminen on yleisell\u00e4 tasolla synonyymi osakkeiden myynnille. Osakkeiden tai mink\u00e4 tahansa muun omaisuuser\u00e4n myymisell\u00e4 on kuitenkin toinen merkitys eToro-alustalla. Selit\u00e4mme sen seuraavaksi.<\/p>\n<h2>Omaisuuser\u00e4n myynti (eli \u201clyhyeksimyynti\u201d)<\/h2>\n<p>Omaisuuser\u00e4n \u201cmyynti\u201d, jota kutsutaan joskus \u201c<a href=\"https:\/\/help.etoro.com\/s\/article\/what-is-a-sell-position?language=fi\">lyhyeksimyynniksi<\/a>\u201d tai \u201cylimyynniksi\u201d, ei ole sama kuin \u201ckaupan sulkeminen\u201d.<\/p>\n<p>Sanotaan, ett\u00e4 haluat ostaa Amazon-osakkeita tai muita omaisuuseri\u00e4 eToro-alustalla. T\u00e4ss\u00e4 on n\u00e4ytt\u00f6, jonka n\u00e4et:<\/p>\n<p><img loading=\"lazy\" decoding=\"async\" class=\"wp-image-279406 size-full aligncenter\" src=\"https:\/\/www.etoro.com\/wp-content\/uploads\/2021\/10\/buy-sell-and-close-position-2.png\" alt=\"\" width=\"437\" height=\"483\" srcset=\"https:\/\/www.etoro.com\/wp-content\/uploads\/2021\/10\/buy-sell-and-close-position-2.png 437w, https:\/\/www.etoro.com\/wp-content\/uploads\/2021\/10\/buy-sell-and-close-position-2-271x300.png 271w\" sizes=\"(max-width: 437px) 100vw, 437px\" \/><\/p>\n<p>n\u00e4yt\u00f6n yl\u00e4laidassa n\u00e4et mahdollisuudet OSTAA (vihre\u00e4 ympyr\u00e4) tai MYYD\u00c4 (punainen ympyr\u00e4) osakkeita. Saatat kysy\u00e4: miten voin myyd\u00e4 osakkeita, joita en omista? Se on hyv\u00e4 kysymys.<\/p>\n<p>Vastaus on, ett\u00e4 \u201cmyynti\u201d viittaa \u201clyhyeksimyyntiin\u201d. Se tarkoittaa, ett\u00e4 avaat position, jossa uskot Amazonin osakkeen arvon laskevan. Positiota kutsutaan hinnanerosopimukseksi tai CFD:ksi, kuten kuvassa n\u00e4kyy (sininen suorakulmio). T\u00e4ss\u00e4 tapauksessa et varsinaisesti myy omaisuuser\u00e4\u00e4, vaan teet eToron kanssa sopimuksen, jossa positiosi on \u201cmyynti\u201d. Sopimuksen ehdot sovitaan sinun ja eToron v\u00e4lill\u00e4. Jos omaisuuser\u00e4n arvo laskee, saat tietyn rahasumman, ja jos sen arvo nousee, menet\u00e4t tietyn rahasumman, joka perustuu sijoittamaasi summaan. Voit lukea lis\u00e4\u00e4 myynnist\u00e4 <a href=\"https:\/\/www.etoro.com\/fi\/news-and-analysis\/trading\/short-selling\/\">t\u00e4\u00e4lt\u00e4<\/a>.<\/p>\n<h2>OSTA omaisuuser\u00e4<\/h2>\n<p>Yll\u00e4 olevassa kuvassa on mahdollista MYYD\u00c4, josta puhuimme edell\u00e4, ja my\u00f6s OSTAA. T\u00e4ss\u00e4 \u201costaminen\u201d tarkoittaa \u201cpitk\u00e4\u00e4\u201d. Se kuulostaa ostamiselta, koska ostat omaisuuser\u00e4\u00e4. Jos esimerkiksi ostat Amazonin osakkeita, sanot: \u201cOstan Amazonia&#8221;. Se tarkoittaa, ett\u00e4 avaat position, jossa uskot Amazonin osakkeen arvon nousevan.<\/p>\n<h2>Yhteenveto<\/h2>\n<p>T\u00e4st\u00e4 blogista l\u00f6ytyy kolme keskeist\u00e4 k\u00e4sitett\u00e4.<\/p>\n<ol>\n<li>\u201cKaupan sulkeminen\u201d tarkoittaa sijoituksen p\u00e4\u00e4tt\u00e4mist\u00e4. Maallikko kutsuisi sit\u00e4 osakkeiden tai omaisuuserien \u201cmyymiseksi\u201d.<\/li>\n<li>Omaisuuser\u00e4n myyminen, joka tarkoittaa \u201clyhyeksi myynti\u00e4\u201d, tarkoittaa sopimusta v\u00e4litt\u00e4j\u00e4n kanssa tai yksinkertaisesti sijoitusta, kun uskot omaisuuser\u00e4n arvon laskevan.<\/li>\n<li>Kun ostat omaisuuser\u00e4n, jossa on merkint\u00e4 &#8221;OSTA&#8221; eToro-alustalla, ostat omaisuuser\u00e4n, jonka arvon uskot nousevan.<\/li>\n<\/ol>\n\n\t\t<style>\n\t\t\t.rtl .etoro-block-shortcode-disclaimer {\n\t\t\t\ttext-align:right;\n\t\t\t}\n\t\t\t.etoro-block-shortcode-disclaimer {\n\t\t\t\tmargin-bottom:18px;\n\t\t\t\ttext-align:left;\n\t\t\t}\n\t\t\t.etoro-block-shortcode-disclaimer p{\n\t\t\t\tfont-size: 12px;\n\t\t\t\tline-height: 18px;\n\t\t\t}\n\t\t\t@media (min-width: 768px) {\n\t\t\t\t.etoro-block-shortcode-disclaimer {\n\t\t\t\t\tmax-width:1176px;\n\t\t\t\t\ttext-align:center;\n\t\t\t\t}\n\t\t\t\t.etoro-block-shortcode-disclaimer p {\n\t\t\t\t\tfont-size: 14px;\n\t\t\t\t\tline-height: 20px;\n\t\t\t\t}\n\t\t\t}\n\t\t<\/style>\n\t\t<div class='etoro-block-shortcode-disclaimer'><p>N\u00e4m\u00e4 tiedot on tarkoitettu vain koulutustarkoitukseen eik\u00e4 niit\u00e4 pid\u00e4 ottaa sijoitusneuvontana, henkil\u00f6kohtaisena suosituksena, tarjouksena tai kehotuksena ostaa tai myyd\u00e4 rahoitusv\u00e4lineit\u00e4.<\/p>\n<p>T\u00e4m\u00e4 aineisto on laadittu huomioimatta erityisi\u00e4 sijoitustavoitteita tai taloudellista tilannetta, eik\u00e4 sit\u00e4 ole laadittu riippumattoman tutkimuksen edist\u00e4mist\u00e4 koskevien oikeudellisten ja lains\u00e4\u00e4d\u00e4nn\u00f6llisten vaatimusten mukaisesti.<\/p>\n<p><strong>eToro ei tarjoa kaikkia rahoitusv\u00e4lineit\u00e4 ja -palveluita, joihin viitataan<\/strong>, ja viittaukset rahoitusv\u00e4lineen, indeksin tai sijoitustuotepaketin aiempaan kehitykseen eiv\u00e4t ole eik\u00e4 niit\u00e4 tule pit\u00e4\u00e4 luotettavana indikaattorina tulevista tuloksista. <strong>Kaikkien edell\u00e4 mainittujen tuotteiden ja palveluiden saatavuus voi vaihdella laink\u00e4ytt\u00f6alueen ja maan mukaan.<\/strong><\/p>\n<p>eToro ei takaa eik\u00e4 ota vastuuta t\u00e4m\u00e4n oppaan sis\u00e4ll\u00f6n oikeellisuudesta tai t\u00e4ydellisyydest\u00e4. Varmista, ett\u00e4 ymm\u00e4rr\u00e4t kaupank\u00e4yntiin liittyv\u00e4t riskit ennen sijoituksen tekemist\u00e4. \u00c4l\u00e4 koskaan sijoita enemp\u00e4\u00e4 kuin olet valmis menett\u00e4m\u00e4\u00e4n.<\/p>\n<\/div>\n","protected":false},"excerpt":{"rendered":"<p>Termi \u201cosakkeiden myynti\u201d kuulostaa melko selv\u00e4lt\u00e4. Niin se onkin. Sijoitusmaailmassa sill\u00e4 voi kuitenkin olla kaksi erilaista merkityst\u00e4. K\u00e4yt\u00e4mme eToro-alustalla kahta eri termi\u00e4 est\u00e4\u00e4ksemme sekaannuksen. Kaupan sulkeminen Kaupan sulkeminen tai position sulkeminen eToron alustalla tarkoittaa, ett\u00e4 lopetat aiemmin tekem\u00e4si sijoituksen. Jos sinulla oli vaikka yksi Easyjet-osake, jonka arvo on nyt 832 dollaria ja p\u00e4\u00e4t\u00e4t sulkea positiosi,&hellip;<\/p>\n","protected":false},"author":95,"featured_media":580377,"parent":36054,"menu_order":0,"comment_status":"closed","ping_status":"closed","template":"","meta":{"_acf_changed":false,"inline_featured_image":false,"sticky_cta_settings":"","footnotes":""},"asset_type":[],"class_list":["post-280647","page","type-page","status-publish","has-post-thumbnail","hentry"],"acf":[],"yoast_head":"<title>Position myynnin ja sulkemisen v\u00e4linen ero<\/title>\n<meta name=\"description\" content=\"eToro-alustalla sijoitettaessa on t\u00e4rke\u00e4\u00e4 ymm\u00e4rt\u00e4\u00e4 position myynnin ja sulkemisen v\u00e4linen ero.\" \/>\n<meta name=\"robots\" content=\"index, follow, max-snippet:-1, max-image-preview:large, max-video-preview:-1\" \/>\n<link rel=\"canonical\" href=\"https:\/\/www.etoro.com\/fi\/wp-json\/wp\/v2\/pages\/280647\" \/>\n<meta property=\"og:locale\" content=\"fi_FI\" \/>\n<meta property=\"og:type\" content=\"article\" \/>\n<meta property=\"og:title\" content=\"Position myynnin ja sulkemisen v\u00e4linen ero\" \/>\n<meta property=\"og:description\" content=\"eToro-alustalla sijoitettaessa on t\u00e4rke\u00e4\u00e4 ymm\u00e4rt\u00e4\u00e4 position myynnin ja sulkemisen v\u00e4linen ero.\" \/>\n<meta property=\"og:url\" content=\"https:\/\/www.etoro.com\/fi\/wp-json\/wp\/v2\/pages\/280647\" \/>\n<meta property=\"og:site_name\" content=\"eToro\" \/>\n<meta property=\"article:publisher\" content=\"https:\/\/www.facebook.com\/eToro\/\" \/>\n<meta property=\"article:modified_time\" content=\"2024-08-19T13:36:52+00:00\" \/>\n<meta property=\"og:image\" content=\"https:\/\/www.etoro.com\/wp-content\/uploads\/2023\/04\/Featured-image_Selling-and-closing-a-position_Guide_EN.jpg\" \/>\n\t<meta property=\"og:image:width\" content=\"1200\" \/>\n\t<meta property=\"og:image:height\" content=\"630\" \/>\n\t<meta property=\"og:image:type\" content=\"image\/jpeg\" \/>\n<meta name=\"twitter:card\" content=\"summary_large_image\" \/>\n<meta name=\"twitter:site\" content=\"@eToro\" \/>\n<meta name=\"twitter:label1\" content=\"Arvioitu lukuaika\" \/>\n\t<meta name=\"twitter:data1\" content=\"2 minuuttia\" \/>\n<script type=\"application\/ld+json\" class=\"yoast-schema-graph\">{\"@context\":\"https:\/\/schema.org\",\"@graph\":[{\"@type\":\"WebPage\",\"@id\":\"https:\/\/www.etoro.com\/fi\/trading\/buy-sell-and-close-position\/\",\"url\":\"https:\/\/www.etoro.com\/fi\/trading\/buy-sell-and-close-position\/\",\"name\":\"Position myynnin ja sulkemisen v\u00e4linen ero\",\"isPartOf\":{\"@id\":\"https:\/\/www.etoro.com\/fi\/#website\"},\"primaryImageOfPage\":{\"@id\":\"https:\/\/www.etoro.com\/fi\/trading\/buy-sell-and-close-position\/#primaryimage\"},\"image\":{\"@id\":\"https:\/\/www.etoro.com\/fi\/trading\/buy-sell-and-close-position\/#primaryimage\"},\"thumbnailUrl\":\"https:\/\/www.etoro.com\/wp-content\/uploads\/2023\/04\/Featured-image_Selling-and-closing-a-position_Guide_EN.jpg\",\"datePublished\":\"2021-10-17T12:58:27+00:00\",\"dateModified\":\"2024-08-19T13:36:52+00:00\",\"description\":\"eToro-alustalla sijoitettaessa on t\u00e4rke\u00e4\u00e4 ymm\u00e4rt\u00e4\u00e4 position myynnin ja sulkemisen v\u00e4linen ero.\",\"breadcrumb\":{\"@id\":\"https:\/\/www.etoro.com\/fi\/trading\/buy-sell-and-close-position\/#breadcrumb\"},\"inLanguage\":\"fi\",\"potentialAction\":[{\"@type\":\"ReadAction\",\"target\":[\"https:\/\/www.etoro.com\/fi\/trading\/buy-sell-and-close-position\/\"]}]},{\"@type\":\"ImageObject\",\"inLanguage\":\"fi\",\"@id\":\"https:\/\/www.etoro.com\/fi\/trading\/buy-sell-and-close-position\/#primaryimage\",\"url\":\"https:\/\/www.etoro.com\/wp-content\/uploads\/2023\/04\/Featured-image_Selling-and-closing-a-position_Guide_EN.jpg\",\"contentUrl\":\"https:\/\/www.etoro.com\/wp-content\/uploads\/2023\/04\/Featured-image_Selling-and-closing-a-position_Guide_EN.jpg\",\"width\":1200,\"height\":630,\"caption\":\"Selling and closing a position\"},{\"@type\":\"BreadcrumbList\",\"@id\":\"https:\/\/www.etoro.com\/fi\/trading\/buy-sell-and-close-position\/#breadcrumb\",\"itemListElement\":[{\"@type\":\"ListItem\",\"position\":1,\"name\":\"Koti\",\"item\":\"https:\/\/www.etoro.com\/fi\/\"},{\"@type\":\"ListItem\",\"position\":2,\"name\":\"Kaupank\u00e4ynti\",\"item\":\"https:\/\/www.etoro.com\/fi\/trading\/\"},{\"@type\":\"ListItem\",\"position\":3,\"name\":\"Position myynti ja sulkeminen: mik\u00e4 niiden ero on?\"}]},{\"@type\":\"WebSite\",\"@id\":\"https:\/\/www.etoro.com\/fi\/#website\",\"url\":\"https:\/\/www.etoro.com\/fi\/\",\"name\":\"eToro\",\"description\":\"\",\"publisher\":{\"@id\":\"https:\/\/www.etoro.com\/fi\/#organization\"},\"potentialAction\":[{\"@type\":\"SearchAction\",\"target\":{\"@type\":\"EntryPoint\",\"urlTemplate\":\"https:\/\/www.etoro.com\/fi\/?s={search_term_string}\"},\"query-input\":{\"@type\":\"PropertyValueSpecification\",\"valueRequired\":true,\"valueName\":\"search_term_string\"}}],\"inLanguage\":\"fi\"},[]]}<\/script>","yoast_head_json":{"title":"Position myynnin ja sulkemisen v\u00e4linen ero","description":"eToro-alustalla sijoitettaessa on t\u00e4rke\u00e4\u00e4 ymm\u00e4rt\u00e4\u00e4 position myynnin ja sulkemisen v\u00e4linen ero.","robots":{"index":"index","follow":"follow","max-snippet":"max-snippet:-1","max-image-preview":"max-image-preview:large","max-video-preview":"max-video-preview:-1"},"canonical":"https:\/\/www.etoro.com\/fi\/wp-json\/wp\/v2\/pages\/280647","og_locale":"fi_FI","og_type":"article","og_title":"Position myynnin ja sulkemisen v\u00e4linen ero","og_description":"eToro-alustalla sijoitettaessa on t\u00e4rke\u00e4\u00e4 ymm\u00e4rt\u00e4\u00e4 position myynnin ja sulkemisen v\u00e4linen ero.","og_url":"https:\/\/www.etoro.com\/fi\/wp-json\/wp\/v2\/pages\/280647","og_site_name":"eToro","article_publisher":"https:\/\/www.facebook.com\/eToro\/","article_modified_time":"2024-08-19T13:36:52+00:00","og_image":[{"width":1200,"height":630,"url":"https:\/\/www.etoro.com\/wp-content\/uploads\/2023\/04\/Featured-image_Selling-and-closing-a-position_Guide_EN.jpg","type":"image\/jpeg"}],"twitter_card":"summary_large_image","twitter_site":"@eToro","twitter_misc":{"Arvioitu lukuaika":"2 minuuttia"},"schema":{"@context":"https:\/\/schema.org","@graph":[{"@type":"WebPage","@id":"https:\/\/www.etoro.com\/fi\/trading\/buy-sell-and-close-position\/","url":"https:\/\/www.etoro.com\/fi\/trading\/buy-sell-and-close-position\/","name":"Position myynnin ja sulkemisen v\u00e4linen ero","isPartOf":{"@id":"https:\/\/www.etoro.com\/fi\/#website"},"primaryImageOfPage":{"@id":"https:\/\/www.etoro.com\/fi\/trading\/buy-sell-and-close-position\/#primaryimage"},"image":{"@id":"https:\/\/www.etoro.com\/fi\/trading\/buy-sell-and-close-position\/#primaryimage"},"thumbnailUrl":"https:\/\/www.etoro.com\/wp-content\/uploads\/2023\/04\/Featured-image_Selling-and-closing-a-position_Guide_EN.jpg","datePublished":"2021-10-17T12:58:27+00:00","dateModified":"2024-08-19T13:36:52+00:00","description":"eToro-alustalla sijoitettaessa on t\u00e4rke\u00e4\u00e4 ymm\u00e4rt\u00e4\u00e4 position myynnin ja sulkemisen v\u00e4linen ero.","breadcrumb":{"@id":"https:\/\/www.etoro.com\/fi\/trading\/buy-sell-and-close-position\/#breadcrumb"},"inLanguage":"fi","potentialAction":[{"@type":"ReadAction","target":["https:\/\/www.etoro.com\/fi\/trading\/buy-sell-and-close-position\/"]}]},{"@type":"ImageObject","inLanguage":"fi","@id":"https:\/\/www.etoro.com\/fi\/trading\/buy-sell-and-close-position\/#primaryimage","url":"https:\/\/www.etoro.com\/wp-content\/uploads\/2023\/04\/Featured-image_Selling-and-closing-a-position_Guide_EN.jpg","contentUrl":"https:\/\/www.etoro.com\/wp-content\/uploads\/2023\/04\/Featured-image_Selling-and-closing-a-position_Guide_EN.jpg","width":1200,"height":630,"caption":"Selling and closing a position"},{"@type":"BreadcrumbList","@id":"https:\/\/www.etoro.com\/fi\/trading\/buy-sell-and-close-position\/#breadcrumb","itemListElement":[{"@type":"ListItem","position":1,"name":"Koti","item":"https:\/\/www.etoro.com\/fi\/"},{"@type":"ListItem","position":2,"name":"Kaupank\u00e4ynti","item":"https:\/\/www.etoro.com\/fi\/trading\/"},{"@type":"ListItem","position":3,"name":"Position myynti ja sulkeminen: mik\u00e4 niiden ero on?"}]},{"@type":"WebSite","@id":"https:\/\/www.etoro.com\/fi\/#website","url":"https:\/\/www.etoro.com\/fi\/","name":"eToro","description":"","publisher":{"@id":"https:\/\/www.etoro.com\/fi\/#organization"},"potentialAction":[{"@type":"SearchAction","target":{"@type":"EntryPoint","urlTemplate":"https:\/\/www.etoro.com\/fi\/?s={search_term_string}"},"query-input":{"@type":"PropertyValueSpecification","valueRequired":true,"valueName":"search_term_string"}}],"inLanguage":"fi"},[]]}},"_links":{"self":[{"href":"https:\/\/www.etoro.com\/fi\/wp-json\/wp\/v2\/pages\/280647"}],"collection":[{"href":"https:\/\/www.etoro.com\/fi\/wp-json\/wp\/v2\/pages"}],"about":[{"href":"https:\/\/www.etoro.com\/fi\/wp-json\/wp\/v2\/types\/page"}],"author":[{"embeddable":true,"href":"https:\/\/www.etoro.com\/fi\/wp-json\/wp\/v2\/users\/95"}],"replies":[{"embeddable":true,"href":"https:\/\/www.etoro.com\/fi\/wp-json\/wp\/v2\/comments?post=280647"}],"version-history":[{"count":0,"href":"https:\/\/www.etoro.com\/fi\/wp-json\/wp\/v2\/pages\/280647\/revisions"}],"up":[{"embeddable":true,"href":"https:\/\/www.etoro.com\/fi\/wp-json\/wp\/v2\/pages\/36054"}],"wp:featuredmedia":[{"embeddable":true,"href":"https:\/\/www.etoro.com\/fi\/wp-json\/wp\/v2\/media\/580377"}],"wp:attachment":[{"href":"https:\/\/www.etoro.com\/fi\/wp-json\/wp\/v2\/media?parent=280647"}],"wp:term":[{"taxonomy":"asset_type","embeddable":true,"href":"https:\/\/www.etoro.com\/fi\/wp-json\/wp\/v2\/asset_type?post=280647"}],"curies":[{"name":"wp","href":"https:\/\/api.w.org\/{rel}","templated":true}]}}