{"id":334128,"date":"2021-08-18T09:54:03","date_gmt":"2021-08-18T06:54:03","guid":{"rendered":"https:\/\/www.etoro.com\/customer-service\/regulation-license\/aus-risk-warning\/"},"modified":"2022-02-28T11:21:14","modified_gmt":"2022-02-28T09:21:14","slug":"aus-risk-warning","status":"publish","type":"page","link":"https:\/\/www.etoro.com\/fi\/customer-service\/regulation-license\/aus-risk-warning\/","title":{"rendered":"AUS-s\u00e4\u00e4nn\u00f6st\u00f6 \u2013 Vastuuvapauslausekkeet ja riskivaroitukset"},"content":{"rendered":"<h2><b>CFD:n t\u00e4ydellinen vastuuvapauslauseke<\/b><\/h2>\n<p>eToro AUS Capital Ltd ACN 612 791 803 AFSL 491139. OTC-johdannaiset ovat vipuvaikutteisia rahoitustuotteita. Kaupank\u00e4ynti OTC-johdannaisilla ei johda kohde-etuuden omistukseen. Kaupank\u00e4ynti OTC-johdannaisilla sis\u00e4lt\u00e4\u00e4 korkean riskin ja voi johtaa kaikkien sijoitustesi menett\u00e4miseen. OTC-johdannaiset eiv\u00e4t v\u00e4ltt\u00e4m\u00e4tt\u00e4 sellaisinaan sovellu kaikille sijoittajille. Sinun ei tulisi sijoittaa rahaa, jota sinulla ei ole varaa menett\u00e4\u00e4. Sinun tulee kysy\u00e4 neuvoa riippumattomalta ja asianmukaisesti lisensoidulta taloudelliselta neuvonantajalta ja varmistaa, ett\u00e4 sinulla on riskinottohalu, asianmukainen kokemus ja tiet\u00e4mys ennen kuin p\u00e4\u00e4t\u00e4t k\u00e4yd\u00e4 kauppaa. N\u00e4m\u00e4 tiedot ovat yleisluontoisia ja ne on laadittu ottamatta huomioon tavoitteitasi, taloudellista tilannettasi tai tarpeitasi. Sinun tulee pyyt\u00e4\u00e4 riippumatonta neuvontaa ja harkita tuoteselvityst\u00e4mme (<a href=\"https:\/\/www.etoro.com\/fi\/customer-service\/terms-conditions\/\">PDS<\/a>) ja kohdemarkkinoiden m\u00e4\u00e4rittely\u00e4 (<a href=\"https:\/\/www.etoro.com\/fi\/customer-service\/regulation-license\/aus-risk-warning\/\">TMD<\/a>), ennen kuin p\u00e4\u00e4t\u00e4t k\u00e4yd\u00e4 kauppaa kanssamme.<\/p>\n<h2><b>Osakkeen t\u00e4ydellinen vastuuvapauslauseke\u00a0<\/b><\/h2>\n<p>eToro-palvelua ARSN 637 489 466 yll\u00e4pit\u00e4\u00e4 eToro Asset Management Limited ABN 51 122 005 396 AFSL 319 738 ja sit\u00e4 mainostaa eToro AUS Capital Limited ACN 612 791 803 AFSL 491139.\u00a0 Osakkeisiin sijoittaminen hallinnoidun sijoitusj\u00e4rjestelm\u00e4n kautta ei johda kohde-etuuden suoraan omistukseen. J\u00e4rjestelm\u00e4ll\u00e4 on laillinen omistusoikeus; sijoittajalla on tosiasiallinen omistusosuus, eli osakkeet pidet\u00e4\u00e4n sinun puolestasi.\u00a0 Koska j\u00e4rjestelm\u00e4ll\u00e4 on laillinen omistusoikeus, sijoittajalla ei ole oikeuksia arvopapereihin, mukaan lukien \u00e4\u00e4nioikeuteen. Osakkeet eiv\u00e4t ole luovutettavissa. P\u00e4\u00e4omasi on vaarassa. Katso tuotetiedotuslausunto (<a href=\"https:\/\/www.etoro.com\/fi\/customer-service\/terms-conditions\/\">PDS<\/a>) ja kohdemarkkinoiden m\u00e4\u00e4rittely (<a href=\"https:\/\/www.etoro.com\/fi\/customer-service\/regulation-license\/aus-risk-warning\/\">TMD<\/a>) ennen kaupan tekemist\u00e4.<\/p>\n<h2><b>Kryptovarojen t\u00e4ydellinen vastuuvapauslauseke\u00a0<\/b><\/h2>\n<p>eToro AUS Capital Limited ACN 612 791 803 AFSL 491139. Kryptovarojen kaupank\u00e4ynti on s\u00e4\u00e4ntelem\u00e4t\u00f6nt\u00e4 ja eritt\u00e4in spekulatiivista. Kuluttajansuojaa ei ole.\u00a0 Olet vaarassa menett\u00e4\u00e4 kaiken p\u00e4\u00e4omasi. Katso <a href=\"https:\/\/www.etoro.com\/fi\/customer-service\/terms-conditions\/\">k\u00e4ytt\u00f6ehtomme<\/a>.<\/p>\n<h2><b>CopyTraden t\u00e4ydellinen vastuuvapauslauseke\u00a0<\/b><\/h2>\n<p>eToro AUS Capital Ltd. ACN 612 791 803 AFSL 491139. Sosiaalinen kaupank\u00e4ynti. Kaupank\u00e4ynti eTorolla seuraamalla ja\/tai kopioimalla tai toistamalla muiden kauppiaiden kauppoja sis\u00e4lt\u00e4\u00e4 suuren riskin, jopa parhaiten menestyvi\u00e4 kauppiaita seuratessa\/kopioidessa. T\u00e4llaisia riskeja on esimerkiksi, ett\u00e4 saatat seurata\/kopioida mahdollisesti kokemattomien\/ep\u00e4ammattimaisten kauppiaiden kaupank\u00e4yntip\u00e4\u00e4t\u00f6ksi\u00e4 tai kauppiaita, joiden perimm\u00e4inen tarkoitus, tai tarkoitus tai taloudellinen asema voivat poiketa omastasi. eToro ei hyv\u00e4ksy tai tue mit\u00e4\u00e4n kaupank\u00e4yntitilej\u00e4, joita asiakkaat voivat kopioida. Kaikki kopioituihin kauppoihin liittyv\u00e4t ohjeet ja toimet toistetaan automaattisesti tilill\u00e4si, mukaan lukien tappioiden pys\u00e4ytt\u00e4minen, voittojen nosto ja kauppojen sulkeminen. Valitessasi kopioda tietty\u00e4 tili\u00e4, kopioit kaikki sen tulevat kaupat ja voit my\u00f6s seurata sen olemassa olevia kauppoja. eToro ei ole vastuussa kopioitavaksi valitsemasi elinkeinonharjoittajan p\u00e4\u00e4t\u00f6ksist\u00e4 tai toimista. eToro voi korvata suosittuja eToro-kauppiaita, joita sin\u00e4 tai muut p\u00e4\u00e4t\u00e4tte kopioida. EToro-yhteis\u00f6n j\u00e4senen aiempi suorituskyky ei ole luotettava indikaattori h\u00e4nen tulevasta suorituksestaan.\u00a0 Katso tuotetiedotuslausunto (<a href=\"https:\/\/www.etoro.com\/fi\/customer-service\/terms-conditions\/\">PDS<\/a>) ja kohdemarkkinoiden m\u00e4\u00e4rittely (<a href=\"https:\/\/www.etoro.com\/fi\/customer-service\/regulation-license\/aus-risk-warning\/\">TMD<\/a>) ennen kaupan tekemist\u00e4.<\/p>\n<h2><b>Smart Portfolioiden t\u00e4ydellinen vastuuvapauslauseke<\/b><\/h2>\n<p>eToro AUS Capital Limited ACN 612 791 803 AFSL 491139. eToron Smart Portfoliot ryhmittelev\u00e4t varoja tai kauppiaita ennalta m\u00e4\u00e4ritetyn teeman tai strategian perusteella automatisoitujen, algoritmipohjaisten tai koneoppimisty\u00f6kalujen avulla, joissa ihmisten vuorovaikutus on rajoitettu tai sit\u00e4 ei ole lainkaan. eToro toimii emok\u00e4ytt\u00e4j\u00e4n\u00e4 sijoittamalla oikeita varoja luodakseen salkun, jota eToron asiakkaat voivat kopioida. Smart Portfoliot eiv\u00e4t ole p\u00f6rssinoteerattuja rahastoja tai hedge-rahastoja, eiv\u00e4tk\u00e4 ne ole r\u00e4\u00e4t\u00e4l\u00f6ity sinun tavoitteidesi, taloudellisen tilanteesi tai tarpeidesi mukaan.<\/p>\n<p>Smart Portfoliot voivat sis\u00e4lt\u00e4\u00e4 OTC-johdannaisia. OTC-johdannaiset ovat vipuvaikutteisia rahoitustuotteita, ja niit\u00e4 pidet\u00e4\u00e4n spekulatiivisina. OTC-johdannaiset eiv\u00e4t v\u00e4ltt\u00e4m\u00e4tt\u00e4 sovellu kaikille sijoittajille.<\/p>\n<p>On suositeltavaa, ett\u00e4 hankit riippumattomia neuvoja ja tutustut tuoteselvitykseen ja kohdemarkkinoiden m\u00e4\u00e4rittelyyn (<a href=\"https:\/\/www.etoro.com\/fi\/customer-service\/terms-conditions\/\">PDS<\/a> ja <a href=\"https:\/\/www.etoro.com\/fi\/customer-service\/regulation-license\/aus-risk-warning\/\">TMD<\/a>) ennen kaupantekoa.<\/p>\n","protected":false},"excerpt":{"rendered":"<p>CFD:n t\u00e4ydellinen vastuuvapauslauseke eToro AUS Capital Ltd ACN 612 791 803 AFSL 491139. OTC-johdannaiset ovat vipuvaikutteisia rahoitustuotteita. Kaupank\u00e4ynti OTC-johdannaisilla ei johda kohde-etuuden omistukseen. Kaupank\u00e4ynti OTC-johdannaisilla sis\u00e4lt\u00e4\u00e4 korkean riskin ja voi johtaa kaikkien sijoitustesi menett\u00e4miseen. OTC-johdannaiset eiv\u00e4t v\u00e4ltt\u00e4m\u00e4tt\u00e4 sellaisinaan sovellu kaikille sijoittajille. Sinun ei tulisi sijoittaa rahaa, jota sinulla ei ole varaa menett\u00e4\u00e4. Sinun tulee kysy\u00e4&hellip;<\/p>\n","protected":false},"author":75,"featured_media":0,"parent":34882,"menu_order":0,"comment_status":"closed","ping_status":"closed","template":"","meta":{"_acf_changed":false,"inline_featured_image":false,"sticky_cta_settings":"","footnotes":""},"asset_type":[],"class_list":["post-334128","page","type-page","status-publish","hentry"],"acf":[],"yoast_head":"<title>AUS-s\u00e4\u00e4nn\u00f6st\u00f6 - riskivaroitukset ja vastuuvapauslausekkeet | eToro<\/title>\n<meta name=\"description\" content=\"eToro tarjoaa erilaisia \u200b\u200brahoituspalveluita AUS-s\u00e4\u00e4nn\u00f6sten alaisena. Lue kunkin tarjotun palvelun riskivaroituksista ja vastuuvapauslausekkeista.\" \/>\n<meta name=\"robots\" content=\"index, follow, max-snippet:-1, max-image-preview:large, max-video-preview:-1\" \/>\n<link rel=\"canonical\" href=\"https:\/\/www.etoro.com\/fi\/wp-json\/wp\/v2\/pages\/334128\" \/>\n<meta property=\"og:locale\" content=\"fi_FI\" \/>\n<meta property=\"og:type\" content=\"article\" \/>\n<meta property=\"og:title\" content=\"AUS-s\u00e4\u00e4nn\u00f6st\u00f6 - riskivaroitukset ja vastuuvapauslausekkeet | eToro\" \/>\n<meta property=\"og:description\" content=\"eToro tarjoaa erilaisia \u200b\u200brahoituspalveluita AUS-s\u00e4\u00e4nn\u00f6sten alaisena. Lue kunkin tarjotun palvelun riskivaroituksista ja vastuuvapauslausekkeista.\" \/>\n<meta property=\"og:url\" content=\"https:\/\/www.etoro.com\/fi\/wp-json\/wp\/v2\/pages\/334128\" \/>\n<meta property=\"og:site_name\" content=\"eToro\" \/>\n<meta property=\"article:publisher\" content=\"https:\/\/www.facebook.com\/eToro\/\" \/>\n<meta property=\"article:modified_time\" content=\"2022-02-28T09:21:14+00:00\" \/>\n<meta property=\"og:image\" content=\"https:\/\/www.etoro.com\/wp-content\/uploads\/2019\/12\/etoro_logo_social_share1.png\" \/>\n\t<meta property=\"og:image:width\" content=\"240\" \/>\n\t<meta property=\"og:image:height\" content=\"240\" \/>\n\t<meta property=\"og:image:type\" content=\"image\/png\" \/>\n<meta name=\"twitter:card\" content=\"summary_large_image\" \/>\n<meta name=\"twitter:site\" content=\"@eToro\" \/>\n<meta name=\"twitter:label1\" content=\"Arvioitu lukuaika\" \/>\n\t<meta name=\"twitter:data1\" content=\"3 minuuttia\" \/>\n<script type=\"application\/ld+json\" class=\"yoast-schema-graph\">{\"@context\":\"https:\/\/schema.org\",\"@graph\":[{\"@type\":\"WebPage\",\"@id\":\"https:\/\/www.etoro.com\/fi\/customer-service\/regulation-license\/aus-risk-warning\/\",\"url\":\"https:\/\/www.etoro.com\/fi\/customer-service\/regulation-license\/aus-risk-warning\/\",\"name\":\"AUS-s\u00e4\u00e4nn\u00f6st\u00f6 - riskivaroitukset ja vastuuvapauslausekkeet | eToro\",\"isPartOf\":{\"@id\":\"https:\/\/www.etoro.com\/fi\/#website\"},\"datePublished\":\"2021-08-18T06:54:03+00:00\",\"dateModified\":\"2022-02-28T09:21:14+00:00\",\"description\":\"eToro tarjoaa erilaisia \u200b\u200brahoituspalveluita AUS-s\u00e4\u00e4nn\u00f6sten alaisena. Lue kunkin tarjotun palvelun riskivaroituksista ja vastuuvapauslausekkeista.\",\"breadcrumb\":{\"@id\":\"https:\/\/www.etoro.com\/fi\/customer-service\/regulation-license\/aus-risk-warning\/#breadcrumb\"},\"inLanguage\":\"fi\",\"potentialAction\":[{\"@type\":\"ReadAction\",\"target\":[\"https:\/\/www.etoro.com\/fi\/customer-service\/regulation-license\/aus-risk-warning\/\"]}]},{\"@type\":\"BreadcrumbList\",\"@id\":\"https:\/\/www.etoro.com\/fi\/customer-service\/regulation-license\/aus-risk-warning\/#breadcrumb\",\"itemListElement\":[{\"@type\":\"ListItem\",\"position\":1,\"name\":\"Koti\",\"item\":\"https:\/\/www.etoro.com\/fi\/\"},{\"@type\":\"ListItem\",\"position\":2,\"name\":\"Asiakaspalvelu\",\"item\":\"https:\/\/www.etoro.com\/fi\/customer-service\/\"},{\"@type\":\"ListItem\",\"position\":3,\"name\":\"S\u00e4\u00e4ntely ja toimilupa\",\"item\":\"https:\/\/www.etoro.com\/fi\/customer-service\/regulation-license\/\"},{\"@type\":\"ListItem\",\"position\":4,\"name\":\"AUS-s\u00e4\u00e4nn\u00f6st\u00f6 \u2013 Vastuuvapauslausekkeet ja riskivaroitukset\"}]},{\"@type\":\"WebSite\",\"@id\":\"https:\/\/www.etoro.com\/fi\/#website\",\"url\":\"https:\/\/www.etoro.com\/fi\/\",\"name\":\"eToro\",\"description\":\"\",\"publisher\":{\"@id\":\"https:\/\/www.etoro.com\/fi\/#organization\"},\"potentialAction\":[{\"@type\":\"SearchAction\",\"target\":{\"@type\":\"EntryPoint\",\"urlTemplate\":\"https:\/\/www.etoro.com\/fi\/?s={search_term_string}\"},\"query-input\":{\"@type\":\"PropertyValueSpecification\",\"valueRequired\":true,\"valueName\":\"search_term_string\"}}],\"inLanguage\":\"fi\"},[]]}<\/script>","yoast_head_json":{"title":"AUS-s\u00e4\u00e4nn\u00f6st\u00f6 - riskivaroitukset ja vastuuvapauslausekkeet | eToro","description":"eToro tarjoaa erilaisia \u200b\u200brahoituspalveluita AUS-s\u00e4\u00e4nn\u00f6sten alaisena. Lue kunkin tarjotun palvelun riskivaroituksista ja vastuuvapauslausekkeista.","robots":{"index":"index","follow":"follow","max-snippet":"max-snippet:-1","max-image-preview":"max-image-preview:large","max-video-preview":"max-video-preview:-1"},"canonical":"https:\/\/www.etoro.com\/fi\/wp-json\/wp\/v2\/pages\/334128","og_locale":"fi_FI","og_type":"article","og_title":"AUS-s\u00e4\u00e4nn\u00f6st\u00f6 - riskivaroitukset ja vastuuvapauslausekkeet | eToro","og_description":"eToro tarjoaa erilaisia \u200b\u200brahoituspalveluita AUS-s\u00e4\u00e4nn\u00f6sten alaisena. Lue kunkin tarjotun palvelun riskivaroituksista ja vastuuvapauslausekkeista.","og_url":"https:\/\/www.etoro.com\/fi\/wp-json\/wp\/v2\/pages\/334128","og_site_name":"eToro","article_publisher":"https:\/\/www.facebook.com\/eToro\/","article_modified_time":"2022-02-28T09:21:14+00:00","og_image":[{"width":240,"height":240,"url":"https:\/\/www.etoro.com\/wp-content\/uploads\/2019\/12\/etoro_logo_social_share1.png","type":"image\/png"}],"twitter_card":"summary_large_image","twitter_site":"@eToro","twitter_misc":{"Arvioitu lukuaika":"3 minuuttia"},"schema":{"@context":"https:\/\/schema.org","@graph":[{"@type":"WebPage","@id":"https:\/\/www.etoro.com\/fi\/customer-service\/regulation-license\/aus-risk-warning\/","url":"https:\/\/www.etoro.com\/fi\/customer-service\/regulation-license\/aus-risk-warning\/","name":"AUS-s\u00e4\u00e4nn\u00f6st\u00f6 - riskivaroitukset ja vastuuvapauslausekkeet | eToro","isPartOf":{"@id":"https:\/\/www.etoro.com\/fi\/#website"},"datePublished":"2021-08-18T06:54:03+00:00","dateModified":"2022-02-28T09:21:14+00:00","description":"eToro tarjoaa erilaisia \u200b\u200brahoituspalveluita AUS-s\u00e4\u00e4nn\u00f6sten alaisena. Lue kunkin tarjotun palvelun riskivaroituksista ja vastuuvapauslausekkeista.","breadcrumb":{"@id":"https:\/\/www.etoro.com\/fi\/customer-service\/regulation-license\/aus-risk-warning\/#breadcrumb"},"inLanguage":"fi","potentialAction":[{"@type":"ReadAction","target":["https:\/\/www.etoro.com\/fi\/customer-service\/regulation-license\/aus-risk-warning\/"]}]},{"@type":"BreadcrumbList","@id":"https:\/\/www.etoro.com\/fi\/customer-service\/regulation-license\/aus-risk-warning\/#breadcrumb","itemListElement":[{"@type":"ListItem","position":1,"name":"Koti","item":"https:\/\/www.etoro.com\/fi\/"},{"@type":"ListItem","position":2,"name":"Asiakaspalvelu","item":"https:\/\/www.etoro.com\/fi\/customer-service\/"},{"@type":"ListItem","position":3,"name":"S\u00e4\u00e4ntely ja toimilupa","item":"https:\/\/www.etoro.com\/fi\/customer-service\/regulation-license\/"},{"@type":"ListItem","position":4,"name":"AUS-s\u00e4\u00e4nn\u00f6st\u00f6 \u2013 Vastuuvapauslausekkeet ja riskivaroitukset"}]},{"@type":"WebSite","@id":"https:\/\/www.etoro.com\/fi\/#website","url":"https:\/\/www.etoro.com\/fi\/","name":"eToro","description":"","publisher":{"@id":"https:\/\/www.etoro.com\/fi\/#organization"},"potentialAction":[{"@type":"SearchAction","target":{"@type":"EntryPoint","urlTemplate":"https:\/\/www.etoro.com\/fi\/?s={search_term_string}"},"query-input":{"@type":"PropertyValueSpecification","valueRequired":true,"valueName":"search_term_string"}}],"inLanguage":"fi"},[]]}},"_links":{"self":[{"href":"https:\/\/www.etoro.com\/fi\/wp-json\/wp\/v2\/pages\/334128"}],"collection":[{"href":"https:\/\/www.etoro.com\/fi\/wp-json\/wp\/v2\/pages"}],"about":[{"href":"https:\/\/www.etoro.com\/fi\/wp-json\/wp\/v2\/types\/page"}],"author":[{"embeddable":true,"href":"https:\/\/www.etoro.com\/fi\/wp-json\/wp\/v2\/users\/75"}],"replies":[{"embeddable":true,"href":"https:\/\/www.etoro.com\/fi\/wp-json\/wp\/v2\/comments?post=334128"}],"version-history":[{"count":0,"href":"https:\/\/www.etoro.com\/fi\/wp-json\/wp\/v2\/pages\/334128\/revisions"}],"up":[{"embeddable":true,"href":"https:\/\/www.etoro.com\/fi\/wp-json\/wp\/v2\/pages\/34882"}],"wp:attachment":[{"href":"https:\/\/www.etoro.com\/fi\/wp-json\/wp\/v2\/media?parent=334128"}],"wp:term":[{"taxonomy":"asset_type","embeddable":true,"href":"https:\/\/www.etoro.com\/fi\/wp-json\/wp\/v2\/asset_type?post=334128"}],"curies":[{"name":"wp","href":"https:\/\/api.w.org\/{rel}","templated":true}]}}