{"id":34875,"date":"2017-10-26T08:21:46","date_gmt":"2017-10-26T05:21:46","guid":{"rendered":"http:\/\/www.etoro.com\/withdraw-faq\/"},"modified":"2026-01-08T11:36:26","modified_gmt":"2026-01-08T09:36:26","slug":"withdraw-faq","status":"publish","type":"page","link":"https:\/\/www.etoro.com\/fi\/customer-service\/withdraw-faq\/","title":{"rendered":"Kuinka nostat rahaa eToro-tililt\u00e4si &#8211; UKK"},"content":{"rendered":"\n<section class=\"wp-block-group wp-block-group-boxed has-white-background-color has-background\"><div class=\"wp-block-group-inner is-layout-flow wp-block-group-is-layout-flow\">\n<div class=\"wp-block-columns are-vertically-aligned-top wp-block-columns-1 is-layout-flex wp-container-core-columns-is-layout-1 wp-block-columns-is-layout-flex\">\n<div class=\"wp-block-column is-layout-flow wp-block-column-is-layout-flow\">\n<h2 class=\"wp-block-heading\">Kuinka nostat rahaa eToro-tililt\u00e4si \u2013 UKK<\/h2>\n\n\n\n<dl class=\"wp-block-etoro-faq\">\n<div class=\"wp-block-etoro-faq-item\"><dt class=\"wp-block-etoro-faq-item-question\">Miten voin nostaa varoja?<\/dt><dd class=\"wp-block-etoro-faq-item-answer\">\n<p>eTorolla on kaksi paikkaa, joista voit nostaa varoja.<\/p>\n\n\n\n<ul class=\"wp-block-list wp-block-list wp-block-list-circle\">\n<li>eToron USD-sijoitustilisi<\/li>\n\n\n\n<li><a href=\"https:\/\/help.etoro.com\/s\/article\/how-do-i-withdraw-funds-from-my-account?language=fi#b\">Paikallisen valuutan tililt\u00e4si<\/a><\/li>\n<\/ul>\n\n\n\n<p>*<a href=\"https:\/\/www.etoro.com\/fi\/money\/availability\/\">Napsauta t\u00e4st\u00e4<\/a> n\u00e4hd\u00e4ksesi, oletko oikeutettu paikallisen valuutan tiliisi.<\/p>\n\n\n\n<p>Alta n\u00e4et, miten voit tehd\u00e4 molemmat.<\/p>\n\n\n\n<p><strong>Varojen nostaminen eToron USD-sijoitustililt\u00e4si<\/strong><\/p>\n\n\n\n<p>Kun olet <a href=\"https:\/\/help.etoro.com\/s\/article\/what-is-the-minimum-withdrawal-amount?language=en_GB\">tarkistanut, ett\u00e4 summa<\/a> on k\u00e4ytett\u00e4viss\u00e4 olevassa saldossasi, voit tehd\u00e4 nostopyynn\u00f6n seuraavasti:<\/p>\n\n\n\n<ol class=\"wp-block-list wp-block-list\">\n<li>Napsauta <strong>Nosta varoja <\/strong>&nbsp;-painiketta vasemmanpuoleisessa valikossa.<\/li>\n<\/ol>\n\n\n\n<figure class=\"wp-block-image size-full\"><img loading=\"lazy\" decoding=\"async\" width=\"377\" height=\"131\" src=\"https:\/\/www.etoro.com\/wp-content\/uploads\/2026\/01\/Q-1-withdrawl-1.jpg\" alt=\"\" class=\"wp-image-1208823 wp-image-desktop\" srcset=\"https:\/\/www.etoro.com\/wp-content\/uploads\/2026\/01\/Q-1-withdrawl-1.jpg 377w, https:\/\/www.etoro.com\/wp-content\/uploads\/2026\/01\/Q-1-withdrawl-1-300x104.jpg 300w\" sizes=\"(max-width: 377px) 100vw, 377px\" \/><\/figure>\n\n\n\n<p>2. Sy\u00f6t\u00e4 Nosto-n\u00e4yt\u00f6ss\u00e4 nostettava summa ja valitse <strong>Seuraava<\/strong>.<\/p>\n\n\n\n<figure class=\"wp-block-image size-full\"><img loading=\"lazy\" decoding=\"async\" width=\"512\" height=\"424\" src=\"https:\/\/www.etoro.com\/wp-content\/uploads\/2025\/07\/Withdrawl-q-2-1.png\" alt=\"\" class=\"wp-image-1085728 wp-image-desktop\" srcset=\"https:\/\/www.etoro.com\/wp-content\/uploads\/2025\/07\/Withdrawl-q-2-1.png 512w, https:\/\/www.etoro.com\/wp-content\/uploads\/2025\/07\/Withdrawl-q-2-1-300x248.png 300w\" sizes=\"(max-width: 512px) 100vw, 512px\" \/><\/figure>\n\n\n\n<p>3. Sinulle n\u00e4ytet\u00e4\u00e4n nostotiedot oletusmaksutavan ollessa valittuna. Valitse <strong>Muut maksutavat<\/strong>, jos haluat valita luettelosta maksutapoja, joilla olet aiemmin tallettanut, tai lis\u00e4t\u00e4 uuden maksutavan.<\/p>\n\n\n\n<figure class=\"wp-block-image size-full\"><img loading=\"lazy\" decoding=\"async\" width=\"512\" height=\"437\" src=\"https:\/\/www.etoro.com\/wp-content\/uploads\/2025\/07\/3-image-1.png\" alt=\"\" class=\"wp-image-1085752 wp-image-desktop\" srcset=\"https:\/\/www.etoro.com\/wp-content\/uploads\/2025\/07\/3-image-1.png 512w, https:\/\/www.etoro.com\/wp-content\/uploads\/2025\/07\/3-image-1-300x256.png 300w\" sizes=\"(max-width: 512px) 100vw, 512px\" \/><\/figure>\n\n\n\n<p>4. Napsauta <strong>L\u00e4het\u00e4<\/strong><\/p>\n\n\n\n<p><strong>Nosta varoja paikallisen valuutan tililt\u00e4si pankkitilillesi<\/strong>.<\/p>\n\n\n\n<p>Varojen nostaminen paikallisen valuutan tililt\u00e4si ulkoiselle pankkitilille on nopeaa ja helppoa. Jos tili\u00e4, jolle haluat siirt\u00e4\u00e4 rahaa, ei ole viel\u00e4 m\u00e4\u00e4ritetty, sinun on lis\u00e4tt\u00e4v\u00e4 uusi maksunsaaja.<\/p>\n\n\n\n<ol class=\"wp-block-list wp-block-list\">\n<li>Siirry <a href=\"https:\/\/www.etoro.com\/fi\/wallet\">Lompakko-v\u00e4lilehteen<\/a>\n<ul class=\"wp-block-list wp-block-list wp-block-list-circle\">\n<li>Napsauta eToron verkkoversiossa sivupalkin valikosta <strong>Lompakko<\/strong><\/li>\n\n\n\n<li>Napauta eToron mobiilisovelluksessa n\u00e4yt\u00f6n alareunasta <strong>Lompakko<\/strong><\/li>\n<\/ul>\n<\/li>\n\n\n\n<li>Valitse paikallisen valuutan tilisi.<\/li>\n\n\n\n<li>Napsauta <strong>L\u00e4het\u00e4 maksu<\/strong>.<\/li>\n\n\n\n<li>Valitse tilisi tai lis\u00e4\u00e4 se maksunsaajaksi<\/li>\n\n\n\n<li>Sy\u00f6t\u00e4 summa ja viite (mit\u00e4 varten maksu on).<\/li>\n\n\n\n<li>Tarkista ja vahvista maksu.<\/li>\n<\/ol>\n\n\n\n<p>Huomio: Vaikka useimmat maksut suoritetaan v\u00e4litt\u00f6m\u00e4sti, niiss\u00e4 voi joskus kest\u00e4\u00e4 enint\u00e4\u00e4n kaksi tuntia.<\/p>\n\n\n\n<p>Etk\u00f6 voi tehd\u00e4 nostoa? <a href=\"https:\/\/help.etoro.com\/s\/article\/why-can-t-i-withdraw-funds-from-my-etoro-investment-account?language=fi\">Napsauta t\u00e4st\u00e4<\/a> saadaksesi lis\u00e4tietoja..<\/p>\n\n\n\n<p class=\"is-style-disclaimer\"><\/p>\n<\/dd><\/div>\n\n\n\n<div class=\"wp-block-etoro-faq-item\"><dt class=\"wp-block-etoro-faq-item-question\">Kuinka kauan nostopyynn\u00f6n k\u00e4sittely kest\u00e4\u00e4, ja milloin saan nostamani varat?<\/dt><dd class=\"wp-block-etoro-faq-item-answer\">\n<p>L\u00e4het\u00e4mme sinulle s\u00e4hk\u00f6postivahvistuksen noston tilasta kahden arkip\u00e4iv\u00e4n kuluessa pyynn\u00f6st\u00e4si.<\/p>\n\n\n\n<p>Yleens\u00e4 rahasi ovat perill\u00e4 muutamassa p\u00e4iv\u00e4ss\u00e4. Nostopyynn\u00f6n k\u00e4sittelyss\u00e4 voi kuitenkin kest\u00e4\u00e4 jopa 10 arkip\u00e4iv\u00e4\u00e4 k\u00e4ytetyst\u00e4 maksutavasta riippuen:<\/p>\n\n\n\n<figure class=\"wp-block-table\"><div class=\"wp-block-table-content\"><div class=\"wp-block-table-content-nav wp-block-table-content-nav-left\"><div class=\"wp-block-table-content-nav-arrow wp-block-table-content-nav-arrow-left\"><\/div><\/div><div class=\"wp-block-table-content-nav wp-block-table-content-nav-right\"><div class=\"wp-block-table-content-nav-arrow wp-block-table-content-nav-arrow-right\"><\/div><\/div><div class=\"wp-block-table-content-table\"><table><thead><tr><th class=\"has-text-align-left\" data-align=\"left\">Maksutapa<\/th><th class=\"has-text-align-left\" data-align=\"left\">Nostopyynn\u00f6n k\u00e4sittelyaika<\/th><\/tr><\/thead><tbody><tr><td class=\"has-text-align-left\" data-align=\"left\">Luotto-\/pankkikortti<\/td><td class=\"has-text-align-left\" data-align=\"left\">5 Arkip\u00e4iv\u00e4n kuluessa<\/td><\/tr><tr><td class=\"has-text-align-left\" data-align=\"left\">Tilisiirto<\/td><td class=\"has-text-align-left\" data-align=\"left\">5 Arkip\u00e4iv\u00e4n kuluessa<\/td><\/tr><tr><td class=\"has-text-align-left\" data-align=\"left\">PayPal<\/td><td class=\"has-text-align-left\" data-align=\"left\">2 Arkip\u00e4iv\u00e4n kuluessa<\/td><\/tr><tr><td class=\"has-text-align-left\" data-align=\"left\">Neteller<\/td><td class=\"has-text-align-left\" data-align=\"left\">2 Arkip\u00e4iv\u00e4n kuluessa<\/td><\/tr><tr><td class=\"has-text-align-left\" data-align=\"left\">Skrill<\/td><td class=\"has-text-align-left\" data-align=\"left\">2 Arkip\u00e4iv\u00e4n kuluessa<\/td><\/tr><tr><td class=\"has-text-align-left\" data-align=\"left\">Trustly<\/td><td class=\"has-text-align-left\" data-align=\"left\">2 Arkip\u00e4iv\u00e4n kuluessa<\/td><\/tr><tr><td class=\"has-text-align-left\" data-align=\"left\">iDEAL<\/td><td class=\"has-text-align-left\" data-align=\"left\">2 Arkip\u00e4iv\u00e4n kuluessa<\/td><\/tr><\/tbody><\/table><\/div><\/div><\/figure>\n<\/dd><\/div>\n\n\n\n<div class=\"wp-block-etoro-faq-item\"><dt class=\"wp-block-etoro-faq-item-question\">Kuinka voin peruuttaa nostoni?<\/dt><dd class=\"wp-block-etoro-faq-item-answer\">\n<p>Voit peruuttaa nostopyynt\u00f6si seuraavasti:<\/p>\n\n\n\n<ol class=\"wp-block-list wp-block-list\">\n<li>Siirry nostopyynt\u00f6\u00f6si&nbsp;<a href=\"https:\/\/www.etoro.com\/fi\/portfolio\/history\/cashflows\">t\u00e4\u00e4ll\u00e4<\/a>&nbsp;tai kirjautumalla kaupank\u00e4yntitilillesi ja napsauttamalla Nosta rahaa -v\u00e4lilehte\u00e4.<\/li>\n\n\n\n<li>N\u00e4yt\u00f6lle ilmestyy ponnahdusilmoitus. N\u00e4yt\u00e4 nostohistoriasi \u201dNapsauta t\u00e4t\u00e4\u201d -linkill\u00e4.<\/li>\n\n\n\n<li>Napsauta Peruuta-painiketta, joka ilmestyy nostopyynn\u00f6n viereen. Huomaa, ett\u00e4 jos tapahtuman tila on \u201dK\u00e4sittelyss\u00e4\u201d, et voi en\u00e4\u00e4 peruuttaa pyynt\u00f6\u00e4si.<\/li>\n\n\n\n<li>Vahvista, ett\u00e4 haluat peruuttaa pyynt\u00f6si.<\/li>\n\n\n\n<li>Kaikki varat, mukaan lukien nostopalkkiot, palautetaan v\u00e4litt\u00f6m\u00e4sti tilillesi.<\/li>\n<\/ol>\n<\/dd><\/div>\n\n\n\n<div class=\"wp-block-etoro-faq-item\"><dt class=\"wp-block-etoro-faq-item-question\">Mitk\u00e4 ovat nostopyynn\u00f6n tekemisen edellytykset?<\/dt><dd class=\"wp-block-etoro-faq-item-answer\">\n<ol class=\"wp-block-list wp-block-list\">\n<li>Noston v\u00e4himm\u00e4issumma on 30 USD.<\/li>\n\n\n\n<li>Sinulla tulee olla nostettavissa olevia varoja.<\/li>\n\n\n\n<li>Tilisi tulee olla vahvistettu, eli profiilissasi tulee n\u00e4ky\u00e4 vihre\u00e4 oikein-merkki (mik\u00e4li et ole viel\u00e4 vahvistanut k\u00e4ytt\u00e4j\u00e4tili\u00e4si, ota meihin yhteys ja l\u00e4het\u00e4 tarvittavat asiakirjat).<\/li>\n<\/ol>\n\n\n\n<p>Henkil\u00f6tietosi, maksutietosi ja niihin liittyv\u00e4t asiakirjat suojataan eToron tiukkojen tietoturvak\u00e4yt\u00e4nt\u00f6jen mukaisesti. Henkil\u00f6kohtaiset tietosi pidet\u00e4\u00e4n turvassa soveltaen t\u00e4sm\u00e4llisi\u00e4 ohjeita, jotka vastaavat vaativimpien ja turvallisuustietoisimpien rahoituspalvelujen loppuk\u00e4ytt\u00e4jien odotuksia.<\/p>\n\n\n\n<p>Lue lis\u00e4\u00e4 t\u00e4st\u00e4: eToron&nbsp;<a href=\"https:\/\/www.etoro.com\/fi\/customer-service\/privacy\/\">tietosuojak\u00e4yt\u00e4nt\u00f6<\/a>.<\/p>\n<\/dd><\/div>\n\n\n\n<div class=\"wp-block-etoro-faq-item\"><dt class=\"wp-block-etoro-faq-item-question\">Veloitetaanko minulta nostopalkkioita?<\/dt><dd class=\"wp-block-etoro-faq-item-answer\">\n<p>Kyll\u00e4, nostopyynn\u00f6ist\u00e4 veloitetaan k\u00e4sittelypalkkio. N\u00e4et k\u00e4sittelypalkkion tarkan m\u00e4\u00e4r\u00e4n kassan\u00e4yt\u00f6ss\u00e4, kun olet sy\u00f6tt\u00e4nyt nostettavan summan. T\u00e4ss\u00e4 vaiheessa voit viel\u00e4 keskeytt\u00e4\u00e4 toimenpiteesi.<\/p>\n\n\n\n<figure class=\"wp-block-table\"><div class=\"wp-block-table-content\"><div class=\"wp-block-table-content-nav wp-block-table-content-nav-left\"><div class=\"wp-block-table-content-nav-arrow wp-block-table-content-nav-arrow-left\"><\/div><\/div><div class=\"wp-block-table-content-nav wp-block-table-content-nav-right\"><div class=\"wp-block-table-content-nav-arrow wp-block-table-content-nav-arrow-right\"><\/div><\/div><div class=\"wp-block-table-content-table\"><table><thead><tr><th class=\"has-text-align-left\" data-align=\"left\"><strong>Nostettava summa (USD)<\/strong><\/th><th class=\"has-text-align-left\" data-align=\"left\"><strong>Palkkio (USD)<\/strong><\/th><\/tr><\/thead><tbody><tr><td class=\"has-text-align-left\" data-align=\"left\">30,00 +<\/td><td class=\"has-text-align-left\" data-align=\"left\">5<\/td><\/tr><\/tbody><\/table><\/div><\/div><\/figure>\n\n\n\n<p>Muissa valuutoissa kuin Yhdysvaltain dollareissa (USD) l\u00e4hetetyist\u00e4 nostoista perit\u00e4\u00e4n valuutanvaihtopalkkio. Lue lis\u00e4\u00e4 kustannuksistamme t\u00e4st\u00e4:&nbsp;<a href=\"https:\/\/www.etoro.com\/fi\/trading\/market-hours-fees\/\">Kustannukset<\/a>. Huomaa, ett\u00e4 varojen siirrossa k\u00e4ytett\u00e4v\u00e4t tahot (v\u00e4litt\u00e4j\u00e4pankki, vastaanottava pankki tai luottokorttiyhti\u00f6si) saattavat veloittaa sinulta maksuja. \u2013 alternative: v\u00e4lityspalkkioita<\/p>\n<\/dd><\/div>\n\n\n\n<div class=\"wp-block-etoro-faq-item\"><dt class=\"wp-block-etoro-faq-item-question\">Mist\u00e4 tied\u00e4n, onko nostopyynt\u00f6ni k\u00e4sitelty?<\/dt><dd class=\"wp-block-etoro-faq-item-answer\">\n<p>Kun nostat varoja eToro-tililt\u00e4si eToro Money -tilillesi, siirto tapahtuu v\u00e4litt\u00f6m\u00e4sti* ja n\u00e4et sen eToro Money -sovelluksessasi.<\/p>\n\n\n\n<p>Mik\u00e4li k\u00e4yt\u00e4t muuta maksutapaa, nostopyynt\u00f6si k\u00e4sittelemisen j\u00e4lkeen saat s\u00e4hk\u00f6postivahvistuksen, jossa on tiedot varojesi l\u00e4hett\u00e4miseen k\u00e4ytetyst\u00e4 maksutavasta. Lis\u00e4ksi voit klikata&nbsp;<a href=\"https:\/\/www.etoro.com\/fi\/portfolio\/history\/cashflows\">t\u00e4st\u00e4<\/a>&nbsp;n\u00e4hd\u00e4ksesi nostopyynt\u00f6si t\u00e4m\u00e4nhetkisen tilan eToro-tilisi hallintapaneelissa.<\/p>\n\n\n\n<p>* Eri syist\u00e4 johtuen, mukaan lukien turvallisuusmenettely\u00e4 koskevat vaatimukset, jotkut nostoista voidaan k\u00e4sitell\u00e4 vasta seuraavana arkip\u00e4iv\u00e4n\u00e4.<\/p>\n<\/dd><\/div>\n\n\n\n<div class=\"wp-block-etoro-faq-item\"><dt class=\"wp-block-etoro-faq-item-question\">Miten minun tulee toimia, jos varat eiv\u00e4t ilmesty tililleni?<\/dt><dd class=\"wp-block-etoro-faq-item-answer\">\n<p>1. Napsauta&nbsp;<a href=\"https:\/\/www.etoro.com\/fr\/portfolio\/history\/cashflows\">t\u00e4t\u00e4<\/a>&nbsp;n\u00e4hd\u00e4ksesi nostopyynt\u00f6si nykytilan eToro-tilisi hallintapaneelissa. Vaihtoehtoisesti voit lukea l\u00e4hett\u00e4m\u00e4st\u00e4mme s\u00e4hk\u00f6postiviestist\u00e4 nostopyynt\u00f6si k\u00e4sittelytiedot, joista ilmenee k\u00e4ytetty maksutapa ja tapahtuman k\u00e4sittelyp\u00e4iv\u00e4.<\/p>\n\n\n\n<p>2. Varmista, ett\u00e4 olet varannut tarpeeksi aikaa noston k\u00e4sittelyyn ja sen siirt\u00e4miseen tilillesi. Jotkut nostoista voidaan k\u00e4sitell\u00e4 vasta nostopyynt\u00f6\u00e4 seuraavana pankkip\u00e4iv\u00e4n\u00e4, ja k\u00e4ytetyst\u00e4 maksutavasta riippuen noston k\u00e4sittely saattaa kest\u00e4\u00e4 viel\u00e4 10 pankkip\u00e4iv\u00e4\u00e4.<\/p>\n\n\n\n<figure class=\"wp-block-table\"><div class=\"wp-block-table-content\"><div class=\"wp-block-table-content-nav wp-block-table-content-nav-left\"><div class=\"wp-block-table-content-nav-arrow wp-block-table-content-nav-arrow-left\"><\/div><\/div><div class=\"wp-block-table-content-nav wp-block-table-content-nav-right\"><div class=\"wp-block-table-content-nav-arrow wp-block-table-content-nav-arrow-right\"><\/div><\/div><div class=\"wp-block-table-content-table\"><table><thead><tr><th class=\"has-text-align-left\" data-align=\"left\"><strong>Maksutapa<\/strong><\/th><th class=\"has-text-align-left\" data-align=\"left\"><strong>Varojen saamiseen kuluva aika nostopyynn\u00f6n j\u00e4lkeen<\/strong><\/th><\/tr><\/thead><tbody><tr><td class=\"has-text-align-left\" data-align=\"left\">eToro Money*<\/td><td class=\"has-text-align-left\" data-align=\"left\">V\u00e4lit\u00f6n nosto<\/td><\/tr><tr><td class=\"has-text-align-left\" data-align=\"left\">Luottokortti \/ Pankkikortti<\/td><td class=\"has-text-align-left\" data-align=\"left\">10 pankkip\u00e4iv\u00e4n kuluessa<\/td><\/tr><tr><td class=\"has-text-align-left\" data-align=\"left\">Tilisiirto<\/td><td class=\"has-text-align-left\" data-align=\"left\">10 pankkip\u00e4iv\u00e4n kuluessa<\/td><\/tr><tr><td class=\"has-text-align-left\" data-align=\"left\">PayPal<\/td><td class=\"has-text-align-left\" data-align=\"left\">Kahden pankkip\u00e4iv\u00e4n kuluessa<\/td><\/tr><tr><td class=\"has-text-align-left\" data-align=\"left\">Neteller<\/td><td class=\"has-text-align-left\" data-align=\"left\">Kahden pankkip\u00e4iv\u00e4n kuluessa<\/td><\/tr><tr><td class=\"has-text-align-left\" data-align=\"left\">Skrill<\/td><td class=\"has-text-align-left\" data-align=\"left\">Kahden pankkip\u00e4iv\u00e4n kuluessa<\/td><\/tr><tr><td class=\"has-text-align-left\" data-align=\"left\">Trustly<\/td><td class=\"has-text-align-left\" data-align=\"left\">Kahden pankkip\u00e4iv\u00e4n kuluessa<\/td><\/tr><tr><td class=\"has-text-align-left\" data-align=\"left\">iDEAL<\/td><td class=\"has-text-align-left\" data-align=\"left\">Kahden pankkip\u00e4iv\u00e4n kuluessa<\/td><\/tr><\/tbody><\/table><\/div><\/div><\/figure>\n\n\n\n<p>3. Mik\u00e4li et pysty paikantamaan nostamiasi varoja, vaikka olet tarkastanut kaikki tiedot yll\u00e4 olevien ohjeiden mukaisesti, ota meihin yhteytt\u00e4. T\u00e4ll\u00f6in pyyd\u00e4mme sinua toimittamaan meille kyseisen maksutavan tiliotteen, josta ilmenev\u00e4t saapuneet ja l\u00e4hteneet tilitapahtumat nostopyynt\u00f6si k\u00e4sittelyp\u00e4iv\u00e4st\u00e4 siihen p\u00e4iv\u00e4m\u00e4\u00e4r\u00e4\u00e4n, jolloin otat meihin yhteytt\u00e4. Varmista, ett\u00e4 tiliotteesta ilmenev\u00e4t nimesi, tilitapahtumien p\u00e4iv\u00e4m\u00e4\u00e4r\u00e4t ja kyseisen maksutavan tiedot.<\/p>\n<\/dd><\/div>\n\n\n\n<div class=\"wp-block-etoro-faq-item\"><dt class=\"wp-block-etoro-faq-item-question\">Voinko nostaa rahaa eTorosta PayPaliin?<\/dt><dd class=\"wp-block-etoro-faq-item-answer\">\n<p>Kyll\u00e4. Ota huomioon, ett\u00e4 t\u00e4m\u00e4 nostovaihtoehto on vain niiden asiakkaiden k\u00e4ytett\u00e4viss\u00e4, jotka ovat tallettaneet varoja tililleen PayPalilla.<a href=\"javascript:void(0)\"><\/a><\/p>\n<\/dd><\/div>\n<\/dl>\n<\/div>\n<\/div>\n<\/div><\/section>\n","protected":false},"excerpt":{"rendered":"<p>Kuinka nostat rahaa eToro-tililt\u00e4si \u2013 UKK<\/p>\n","protected":false},"author":1,"featured_media":1052052,"parent":35970,"menu_order":1447,"comment_status":"closed","ping_status":"closed","template":"","meta":{"_acf_changed":false,"inline_featured_image":false,"sticky_cta_settings":"","footnotes":""},"asset_type":[],"class_list":["post-34875","page","type-page","status-publish","has-post-thumbnail","hentry"],"acf":[],"yoast_head":"<title>Kuinka nostat rahaa eToro-tililt\u00e4si \u2013 UKK - eToro<\/title>\n<meta name=\"description\" content=\"Varojen nostaminen eToro-tililt\u00e4si on helppoa ja yksinkertaista. Lue usein kysytyt kysymykset varojen nostamiseen liittyen.\" \/>\n<meta name=\"robots\" content=\"index, follow, max-snippet:-1, max-image-preview:large, max-video-preview:-1\" \/>\n<link rel=\"canonical\" href=\"https:\/\/www.etoro.com\/fi\/wp-json\/wp\/v2\/pages\/34875\" \/>\n<meta property=\"og:locale\" content=\"fi_FI\" \/>\n<meta property=\"og:type\" content=\"article\" \/>\n<meta property=\"og:title\" content=\"Kuinka nostat rahaa eToro-tililt\u00e4si \u2013 UKK - eToro\" \/>\n<meta property=\"og:description\" content=\"Varojen nostaminen eToro-tililt\u00e4si on helppoa ja yksinkertaista. Lue usein kysytyt kysymykset varojen nostamiseen liittyen.\" \/>\n<meta property=\"og:url\" content=\"https:\/\/www.etoro.com\/fi\/wp-json\/wp\/v2\/pages\/34875\" \/>\n<meta property=\"og:site_name\" content=\"eToro\" \/>\n<meta property=\"article:publisher\" content=\"https:\/\/www.facebook.com\/eToro\/\" \/>\n<meta property=\"article:modified_time\" content=\"2026-01-08T09:36:26+00:00\" \/>\n<meta property=\"og:image\" content=\"https:\/\/www.etoro.com\/wp-content\/uploads\/2025\/04\/Featured-image-FI-1200x630-1.png\" \/>\n\t<meta property=\"og:image:width\" content=\"1200\" \/>\n\t<meta property=\"og:image:height\" content=\"630\" \/>\n\t<meta property=\"og:image:type\" content=\"image\/png\" \/>\n<meta name=\"twitter:card\" content=\"summary_large_image\" \/>\n<meta name=\"twitter:site\" content=\"@eToro\" \/>\n<meta name=\"twitter:label1\" content=\"Arvioitu lukuaika\" \/>\n\t<meta name=\"twitter:data1\" content=\"4 minuuttia\" \/>\n<script type=\"application\/ld+json\" class=\"yoast-schema-graph\">{\"@context\":\"https:\/\/schema.org\",\"@graph\":[{\"@type\":\"WebPage\",\"@id\":\"https:\/\/www.etoro.com\/fi\/customer-service\/withdraw-faq\/\",\"url\":\"https:\/\/www.etoro.com\/fi\/customer-service\/withdraw-faq\/\",\"name\":\"Kuinka nostat rahaa eToro-tililt\u00e4si \u2013 UKK - eToro\",\"isPartOf\":{\"@id\":\"https:\/\/www.etoro.com\/fi\/#website\"},\"primaryImageOfPage\":{\"@id\":\"https:\/\/www.etoro.com\/fi\/customer-service\/withdraw-faq\/#primaryimage\"},\"image\":{\"@id\":\"https:\/\/www.etoro.com\/fi\/customer-service\/withdraw-faq\/#primaryimage\"},\"thumbnailUrl\":\"https:\/\/www.etoro.com\/wp-content\/uploads\/2025\/04\/Featured-image-FI-1200x630-1.png\",\"datePublished\":\"2017-10-26T05:21:46+00:00\",\"dateModified\":\"2026-01-08T09:36:26+00:00\",\"description\":\"Varojen nostaminen eToro-tililt\u00e4si on helppoa ja yksinkertaista. Lue usein kysytyt kysymykset varojen nostamiseen liittyen.\",\"breadcrumb\":{\"@id\":\"https:\/\/www.etoro.com\/fi\/customer-service\/withdraw-faq\/#breadcrumb\"},\"inLanguage\":\"fi\",\"potentialAction\":[{\"@type\":\"ReadAction\",\"target\":[\"https:\/\/www.etoro.com\/fi\/customer-service\/withdraw-faq\/\"]}]},{\"@type\":\"ImageObject\",\"inLanguage\":\"fi\",\"@id\":\"https:\/\/www.etoro.com\/fi\/customer-service\/withdraw-faq\/#primaryimage\",\"url\":\"https:\/\/www.etoro.com\/wp-content\/uploads\/2025\/04\/Featured-image-FI-1200x630-1.png\",\"contentUrl\":\"https:\/\/www.etoro.com\/wp-content\/uploads\/2025\/04\/Featured-image-FI-1200x630-1.png\",\"width\":1200,\"height\":630},{\"@type\":\"BreadcrumbList\",\"@id\":\"https:\/\/www.etoro.com\/fi\/customer-service\/withdraw-faq\/#breadcrumb\",\"itemListElement\":[{\"@type\":\"ListItem\",\"position\":1,\"name\":\"Koti\",\"item\":\"https:\/\/www.etoro.com\/fi\/\"},{\"@type\":\"ListItem\",\"position\":2,\"name\":\"Asiakaspalvelu\",\"item\":\"https:\/\/www.etoro.com\/fi\/customer-service\/\"},{\"@type\":\"ListItem\",\"position\":3,\"name\":\"Kuinka nostat rahaa eToro-tililt\u00e4si &#8211; UKK\"}]},{\"@type\":\"WebSite\",\"@id\":\"https:\/\/www.etoro.com\/fi\/#website\",\"url\":\"https:\/\/www.etoro.com\/fi\/\",\"name\":\"eToro\",\"description\":\"\",\"publisher\":{\"@id\":\"https:\/\/www.etoro.com\/fi\/#organization\"},\"potentialAction\":[{\"@type\":\"SearchAction\",\"target\":{\"@type\":\"EntryPoint\",\"urlTemplate\":\"https:\/\/www.etoro.com\/fi\/?s={search_term_string}\"},\"query-input\":{\"@type\":\"PropertyValueSpecification\",\"valueRequired\":true,\"valueName\":\"search_term_string\"}}],\"inLanguage\":\"fi\"},[]]}<\/script>","yoast_head_json":{"title":"Kuinka nostat rahaa eToro-tililt\u00e4si \u2013 UKK - eToro","description":"Varojen nostaminen eToro-tililt\u00e4si on helppoa ja yksinkertaista. Lue usein kysytyt kysymykset varojen nostamiseen liittyen.","robots":{"index":"index","follow":"follow","max-snippet":"max-snippet:-1","max-image-preview":"max-image-preview:large","max-video-preview":"max-video-preview:-1"},"canonical":"https:\/\/www.etoro.com\/fi\/wp-json\/wp\/v2\/pages\/34875","og_locale":"fi_FI","og_type":"article","og_title":"Kuinka nostat rahaa eToro-tililt\u00e4si \u2013 UKK - eToro","og_description":"Varojen nostaminen eToro-tililt\u00e4si on helppoa ja yksinkertaista. Lue usein kysytyt kysymykset varojen nostamiseen liittyen.","og_url":"https:\/\/www.etoro.com\/fi\/wp-json\/wp\/v2\/pages\/34875","og_site_name":"eToro","article_publisher":"https:\/\/www.facebook.com\/eToro\/","article_modified_time":"2026-01-08T09:36:26+00:00","og_image":[{"width":1200,"height":630,"url":"https:\/\/www.etoro.com\/wp-content\/uploads\/2025\/04\/Featured-image-FI-1200x630-1.png","type":"image\/png"}],"twitter_card":"summary_large_image","twitter_site":"@eToro","twitter_misc":{"Arvioitu lukuaika":"4 minuuttia"},"schema":{"@context":"https:\/\/schema.org","@graph":[{"@type":"WebPage","@id":"https:\/\/www.etoro.com\/fi\/customer-service\/withdraw-faq\/","url":"https:\/\/www.etoro.com\/fi\/customer-service\/withdraw-faq\/","name":"Kuinka nostat rahaa eToro-tililt\u00e4si \u2013 UKK - eToro","isPartOf":{"@id":"https:\/\/www.etoro.com\/fi\/#website"},"primaryImageOfPage":{"@id":"https:\/\/www.etoro.com\/fi\/customer-service\/withdraw-faq\/#primaryimage"},"image":{"@id":"https:\/\/www.etoro.com\/fi\/customer-service\/withdraw-faq\/#primaryimage"},"thumbnailUrl":"https:\/\/www.etoro.com\/wp-content\/uploads\/2025\/04\/Featured-image-FI-1200x630-1.png","datePublished":"2017-10-26T05:21:46+00:00","dateModified":"2026-01-08T09:36:26+00:00","description":"Varojen nostaminen eToro-tililt\u00e4si on helppoa ja yksinkertaista. Lue usein kysytyt kysymykset varojen nostamiseen liittyen.","breadcrumb":{"@id":"https:\/\/www.etoro.com\/fi\/customer-service\/withdraw-faq\/#breadcrumb"},"inLanguage":"fi","potentialAction":[{"@type":"ReadAction","target":["https:\/\/www.etoro.com\/fi\/customer-service\/withdraw-faq\/"]}]},{"@type":"ImageObject","inLanguage":"fi","@id":"https:\/\/www.etoro.com\/fi\/customer-service\/withdraw-faq\/#primaryimage","url":"https:\/\/www.etoro.com\/wp-content\/uploads\/2025\/04\/Featured-image-FI-1200x630-1.png","contentUrl":"https:\/\/www.etoro.com\/wp-content\/uploads\/2025\/04\/Featured-image-FI-1200x630-1.png","width":1200,"height":630},{"@type":"BreadcrumbList","@id":"https:\/\/www.etoro.com\/fi\/customer-service\/withdraw-faq\/#breadcrumb","itemListElement":[{"@type":"ListItem","position":1,"name":"Koti","item":"https:\/\/www.etoro.com\/fi\/"},{"@type":"ListItem","position":2,"name":"Asiakaspalvelu","item":"https:\/\/www.etoro.com\/fi\/customer-service\/"},{"@type":"ListItem","position":3,"name":"Kuinka nostat rahaa eToro-tililt\u00e4si &#8211; UKK"}]},{"@type":"WebSite","@id":"https:\/\/www.etoro.com\/fi\/#website","url":"https:\/\/www.etoro.com\/fi\/","name":"eToro","description":"","publisher":{"@id":"https:\/\/www.etoro.com\/fi\/#organization"},"potentialAction":[{"@type":"SearchAction","target":{"@type":"EntryPoint","urlTemplate":"https:\/\/www.etoro.com\/fi\/?s={search_term_string}"},"query-input":{"@type":"PropertyValueSpecification","valueRequired":true,"valueName":"search_term_string"}}],"inLanguage":"fi"},[]]}},"_links":{"self":[{"href":"https:\/\/www.etoro.com\/fi\/wp-json\/wp\/v2\/pages\/34875"}],"collection":[{"href":"https:\/\/www.etoro.com\/fi\/wp-json\/wp\/v2\/pages"}],"about":[{"href":"https:\/\/www.etoro.com\/fi\/wp-json\/wp\/v2\/types\/page"}],"author":[{"embeddable":true,"href":"https:\/\/www.etoro.com\/fi\/wp-json\/wp\/v2\/users\/1"}],"replies":[{"embeddable":true,"href":"https:\/\/www.etoro.com\/fi\/wp-json\/wp\/v2\/comments?post=34875"}],"version-history":[{"count":0,"href":"https:\/\/www.etoro.com\/fi\/wp-json\/wp\/v2\/pages\/34875\/revisions"}],"up":[{"embeddable":true,"href":"https:\/\/www.etoro.com\/fi\/wp-json\/wp\/v2\/pages\/35970"}],"wp:featuredmedia":[{"embeddable":true,"href":"https:\/\/www.etoro.com\/fi\/wp-json\/wp\/v2\/media\/1052052"}],"wp:attachment":[{"href":"https:\/\/www.etoro.com\/fi\/wp-json\/wp\/v2\/media?parent=34875"}],"wp:term":[{"taxonomy":"asset_type","embeddable":true,"href":"https:\/\/www.etoro.com\/fi\/wp-json\/wp\/v2\/asset_type?post=34875"}],"curies":[{"name":"wp","href":"https:\/\/api.w.org\/{rel}","templated":true}]}}