{"id":35938,"date":"2018-02-28T17:45:54","date_gmt":"2018-02-28T15:45:54","guid":{"rendered":"http:\/\/www.etoro.com\/account-verification\/"},"modified":"2025-05-12T14:52:48","modified_gmt":"2025-05-12T11:52:48","slug":"account-verification","status":"publish","type":"page","link":"https:\/\/www.etoro.com\/fi\/customer-service\/account-verification\/","title":{"rendered":"Miten eToro tili varmennetaan?"},"content":{"rendered":"\n<section class=\"wp-block-group wp-block-group-boxed\"><div class=\"wp-block-group-inner is-layout-flow wp-block-group-is-layout-flow\">\n<div class=\"wp-block-columns are-vertically-aligned-top wp-block-columns-1 is-layout-flex wp-container-core-columns-is-layout-1 wp-block-columns-is-layout-flex\">\n<div class=\"wp-block-column is-layout-flow wp-block-column-is-layout-flow\"><\/div>\n<\/div>\n\n\n\n<p><strong>Tilin vahvistaminen on pakollinen osa eToro-alustan rekister\u00f6itymisprosessia. S\u00e4\u00e4d\u00f6svaatimukset edellytt\u00e4v\u00e4t, ett\u00e4 varmennamme jokaisen uuden eToro-tilin. Se pit\u00e4\u00e4 alustamme turvallisena ja est\u00e4\u00e4 sopimattomat toimet.<\/strong><\/p>\n\n\n\n<p>Kun tilisi on varmennettu, p\u00e4\u00e4set nauttimaan eToro-alustan kaikista eduista. Jotta tilisi voidaan varmentaa, on sinun l\u00e4hetett\u00e4v\u00e4 sek\u00e4 henkil\u00f6llisyystodistus ett\u00e4 todiste osoitteesta. Varmennusprosessi alkaa vasta, kun toimitat meille molemmat asiakirjat. Voit skannata asiakirjasi suoraan alustalle eToro-sovelluksella.<\/p>\n\n\n<figure class=\"wp-block-embed is-type-video is-provider-youtube wp-block-embed-youtube wp-embed-aspect-16-9 wp-has-aspect-ratio\"><a href=\"https:\/\/www.youtube.com\/watch?v=aMbvkxcpjTw\" data-fancybox class=\"wp-block-embed-link\" rel=\"nofollow noopener noreferrer\" >\n\t\t\t\t<img decoding=\"async\" src=\"https:\/\/img.youtube.com\/vi\/aMbvkxcpjTw\/maxresdefault.jpg\" alt=\"\" class=\"wp-block-embed-preview\">\n\t\t\t<\/a><\/figure><\/div><\/section>\n\n\n\n<section class=\"wp-block-group wp-block-group-boxed wp-block-group-medium-top-padding has-white-background-color has-background\"><div class=\"wp-block-group-inner is-layout-flow wp-block-group-is-layout-flow\">\n<div class=\"wp-block-columns are-vertically-aligned-top wp-block-columns-1 is-layout-flex wp-container-core-columns-is-layout-2 wp-block-columns-is-layout-flex\">\n<div class=\"wp-block-column is-layout-flow wp-block-column-is-layout-flow\">\n<h2 class=\"wp-block-heading\"><span>Henkil\u00f6llisyystodistus<\/span><\/h2>\n<\/div>\n<\/div>\n\n\n\n<hr class=\"wp-block-separator wp-block-separator-color-dark-grey wp-block-separator-spaces-small wp-block-separator-weight-1\"\/>\n\n\n\n<p>Henkil\u00f6llisyystodistuksessasi on oltava nimesi, syntym\u00e4aikasi, selke\u00e4 valokuva, my\u00f6nt\u00e4misp\u00e4iv\u00e4 ja viimeinen voimassaolop\u00e4iv\u00e4, jos siin\u00e4 on sellainen. Henkil\u00f6llisyystodistukseksi suositellaan passia, sill\u00e4 eToro-tiimi kykenee k\u00e4sittelem\u00e4\u00e4n sen nopeiten. Voit my\u00f6s k\u00e4ytt\u00e4\u00e4 ajokorttia tai mit\u00e4 tahansa muuta valtion my\u00f6nt\u00e4m\u00e4\u00e4 henkil\u00f6llisyystodistusta. Jos asiakirja on kaksipuolinen ja takapuolella on asianmukaisia tietoja, muista ladata my\u00f6s asiakirjan toinen puoli.<\/p>\n\n\n\n<p><strong>Kaikki henkil\u00f6llisyystodistuksen tiedot on oltava n\u00e4kyviss\u00e4.<\/strong><\/p>\n\n\n\n<hr class=\"wp-block-separator wp-block-separator-color-dark-grey wp-block-separator-spaces-small wp-block-separator-weight-1\"\/>\n\n\n\n<figure class=\"wp-block-image size-large wp-block-image-has-mobile\"><img loading=\"lazy\" decoding=\"async\" width=\"1024\" height=\"247\" src=\"https:\/\/www.etoro.com\/wp-content\/uploads\/2025\/01\/image-1-2-1024x247.png\" alt=\"\" class=\"wp-image-979317 wp-image-desktop\" srcset=\"https:\/\/www.etoro.com\/wp-content\/uploads\/2025\/01\/image-1-2-1024x247.png 1024w, https:\/\/www.etoro.com\/wp-content\/uploads\/2025\/01\/image-1-2-300x72.png 300w, https:\/\/www.etoro.com\/wp-content\/uploads\/2025\/01\/image-1-2-768x185.png 768w, https:\/\/www.etoro.com\/wp-content\/uploads\/2025\/01\/image-1-2.png 1060w\" sizes=\"(max-width: 1024px) 100vw, 1024px\" \/><img loading=\"lazy\" decoding=\"async\" width=\"343\" height=\"103\" src=\"https:\/\/www.etoro.com\/wp-content\/uploads\/2025\/01\/Frame-20413297-1.png\" alt=\"\" class=\"wp-image-979367 wp-image-mobile\" srcset=\"https:\/\/www.etoro.com\/wp-content\/uploads\/2025\/01\/Frame-20413297-1.png 343w, https:\/\/www.etoro.com\/wp-content\/uploads\/2025\/01\/Frame-20413297-1-300x90.png 300w\" sizes=\"(max-width: 343px) 100vw, 343px\" \/><\/figure>\n\n\n\n<p><strong>Lataa tarkennettu kuva koko asiakirjasta rajaamatta sit\u00e4.<\/strong><\/p>\n\n\n\n<hr class=\"wp-block-separator wp-block-separator-color-dark-grey wp-block-separator-spaces-small wp-block-separator-weight-1\"\/>\n\n\n\n<figure class=\"wp-block-image size-large wp-block-image-has-mobile\"><img loading=\"lazy\" decoding=\"async\" width=\"1024\" height=\"286\" src=\"https:\/\/www.etoro.com\/wp-content\/uploads\/2025\/01\/Frame-20413298-1-1024x286.png\" alt=\"\" class=\"wp-image-979341 wp-image-desktop\" srcset=\"https:\/\/www.etoro.com\/wp-content\/uploads\/2025\/01\/Frame-20413298-1-1024x286.png 1024w, https:\/\/www.etoro.com\/wp-content\/uploads\/2025\/01\/Frame-20413298-1-300x84.png 300w, https:\/\/www.etoro.com\/wp-content\/uploads\/2025\/01\/Frame-20413298-1-768x214.png 768w, https:\/\/www.etoro.com\/wp-content\/uploads\/2025\/01\/Frame-20413298-1.png 1060w\" sizes=\"(max-width: 1024px) 100vw, 1024px\" \/><img loading=\"lazy\" decoding=\"async\" width=\"343\" height=\"84\" src=\"https:\/\/www.etoro.com\/wp-content\/uploads\/2025\/01\/image-2-1.png\" alt=\"\" class=\"wp-image-979391 wp-image-mobile\" srcset=\"https:\/\/www.etoro.com\/wp-content\/uploads\/2025\/01\/image-2-1.png 343w, https:\/\/www.etoro.com\/wp-content\/uploads\/2025\/01\/image-2-1-300x73.png 300w\" sizes=\"(max-width: 343px) 100vw, 343px\" \/><\/figure>\n\n\n\n<p><strong>Voit l\u00e4hett\u00e4\u00e4 henkil\u00f6llisyystodistuksesi heti&nbsp;<a href=\"https:\/\/www.etoro.com\/settings\/account?action=autokyc&amp;deepLink=uploadID\">napsauttamalla t\u00e4t\u00e4<\/a>.<\/strong><\/p>\n<\/div><\/section>\n\n\n\n<section class=\"wp-block-group wp-block-group-boxed\"><div class=\"wp-block-group-inner is-layout-flow wp-block-group-is-layout-flow\">\n<div class=\"wp-block-columns are-vertically-aligned-top wp-block-columns-1 is-layout-flex wp-container-core-columns-is-layout-3 wp-block-columns-is-layout-flex\">\n<div class=\"wp-block-column is-layout-flow wp-block-column-is-layout-flow\">\n<h2 class=\"wp-block-heading\"><span>Todiste osoitteesta<\/span><\/h2>\n<\/div>\n<\/div>\n\n\n\n<hr class=\"wp-block-separator wp-block-separator-color-dark-grey wp-block-separator-spaces-small wp-block-separator-weight-1\"\/>\n\n\n\n<p>Todisteen osoitteesta on sis\u00e4llett\u00e4v\u00e4 koko nimesi, osoitteesi ja julkaisup\u00e4iv\u00e4, ja se saa olla enint\u00e4\u00e4n 3 kuukautta vanha. Asiakirjan my\u00f6nt\u00e4neen viranomaisen nimi on my\u00f6s oltava selke\u00e4sti n\u00e4kyviss\u00e4. Muista skannata asiakirjat eri v\u00e4risell\u00e4 taustalla siten, ett\u00e4 sen kaikki nelj\u00e4 kulmaa ovat n\u00e4kyviss\u00e4.<\/p>\n\n\n\n<p class=\"is-style-heading-4\">Todiste osoitteesta voi olla jokin seuraavista:<\/p>\n\n\n\n<div class=\"wp-block-columns are-vertically-aligned-top wp-block-columns-3 is-layout-flex wp-container-core-columns-is-layout-4 wp-block-columns-is-layout-flex\">\n<div class=\"wp-block-column is-layout-flow wp-block-column-is-layout-flow\">\n<ul class=\"wp-block-list wp-block-list wp-block-list-circle\">\n<li>Tiliote<\/li>\n\n\n\n<li>Luottokorttilasku<\/li>\n\n\n\n<li>S\u00e4hk\u00f6-, vesi- tai kaasilasku<\/li>\n<\/ul>\n<\/div>\n\n\n\n<div class=\"wp-block-column is-layout-flow wp-block-column-is-layout-flow\">\n<ul class=\"wp-block-list wp-block-list wp-block-list-circle\">\n<li>Kunnallisverolasku<\/li>\n\n\n\n<li>Verokirje tai -lasku<\/li>\n\n\n\n<li>Virallinen vuokrasopimus \u2013 viranomaisen my\u00f6nt\u00e4m\u00e4<\/li>\n<\/ul>\n<\/div>\n\n\n\n<div class=\"wp-block-column is-layout-flow wp-block-column-is-layout-flow\">\n<ul class=\"wp-block-list wp-block-list wp-block-list-circle\">\n<li>Kirje kunnanhallitukselta<\/li>\n\n\n\n<li>Internet-yhteyden lasku<\/li>\n<\/ul>\n<\/div>\n<\/div>\n<\/div><\/section>\n\n\n\n<section class=\"wp-block-group wp-block-group-boxed has-white-background-color has-background\"><div class=\"wp-block-group-inner is-layout-flow wp-block-group-is-layout-flow\">\n<div class=\"wp-block-columns are-vertically-aligned-top wp-block-columns-1 is-layout-flex wp-container-core-columns-is-layout-5 wp-block-columns-is-layout-flex\">\n<div class=\"wp-block-column is-layout-flow wp-block-column-is-layout-flow\">\n<p><strong>Asiakirja on skannattava tasaisena<\/strong><\/p>\n<\/div>\n<\/div>\n\n\n\n<hr class=\"wp-block-separator wp-block-separator-color-dark-grey wp-block-separator-spaces-small wp-block-separator-weight-1\"\/>\n\n\n\n<figure class=\"wp-block-image size-large wp-block-image-has-mobile\"><img loading=\"lazy\" decoding=\"async\" width=\"1024\" height=\"247\" src=\"https:\/\/www.etoro.com\/wp-content\/uploads\/2025\/01\/image-1-1-1024x247.png\" alt=\"\" class=\"wp-image-979254 wp-image-desktop\" srcset=\"https:\/\/www.etoro.com\/wp-content\/uploads\/2025\/01\/image-1-1-1024x247.png 1024w, https:\/\/www.etoro.com\/wp-content\/uploads\/2025\/01\/image-1-1-300x72.png 300w, https:\/\/www.etoro.com\/wp-content\/uploads\/2025\/01\/image-1-1-768x185.png 768w, https:\/\/www.etoro.com\/wp-content\/uploads\/2025\/01\/image-1-1.png 1060w\" sizes=\"(max-width: 1024px) 100vw, 1024px\" \/><img loading=\"lazy\" decoding=\"async\" width=\"343\" height=\"84\" src=\"https:\/\/www.etoro.com\/wp-content\/uploads\/2025\/01\/image-2-2.png\" alt=\"\" class=\"wp-image-979416 wp-image-mobile\" srcset=\"https:\/\/www.etoro.com\/wp-content\/uploads\/2025\/01\/image-2-2.png 343w, https:\/\/www.etoro.com\/wp-content\/uploads\/2025\/01\/image-2-2-300x73.png 300w\" sizes=\"(max-width: 343px) 100vw, 343px\" \/><\/figure>\n\n\n\n<p><strong>Sit\u00e4 ei saa rajata, ja jokaisen nelj\u00e4n kulman on oltava n\u00e4kyviss\u00e4.<\/strong><\/p>\n\n\n\n<hr class=\"wp-block-separator wp-block-separator-color-dark-grey wp-block-separator-spaces-small wp-block-separator-weight-1\"\/>\n\n\n\n<figure class=\"wp-block-image size-large wp-block-image-has-mobile\"><img loading=\"lazy\" decoding=\"async\" width=\"1024\" height=\"247\" src=\"https:\/\/www.etoro.com\/wp-content\/uploads\/2025\/01\/image-2-1024x247.png\" alt=\"\" class=\"wp-image-979279 wp-image-desktop\" srcset=\"https:\/\/www.etoro.com\/wp-content\/uploads\/2025\/01\/image-2-1024x247.png 1024w, https:\/\/www.etoro.com\/wp-content\/uploads\/2025\/01\/image-2-300x72.png 300w, https:\/\/www.etoro.com\/wp-content\/uploads\/2025\/01\/image-2-768x185.png 768w, https:\/\/www.etoro.com\/wp-content\/uploads\/2025\/01\/image-2.png 1060w\" sizes=\"(max-width: 1024px) 100vw, 1024px\" \/><img loading=\"lazy\" decoding=\"async\" width=\"343\" height=\"84\" src=\"https:\/\/www.etoro.com\/wp-content\/uploads\/2025\/01\/image-2-3.png\" alt=\"\" class=\"wp-image-979440 wp-image-mobile\" srcset=\"https:\/\/www.etoro.com\/wp-content\/uploads\/2025\/01\/image-2-3.png 343w, https:\/\/www.etoro.com\/wp-content\/uploads\/2025\/01\/image-2-3-300x73.png 300w\" sizes=\"(max-width: 343px) 100vw, 343px\" \/><\/figure>\n\n\n\n<p><strong>*Huomaa, ett\u00e4 hyv\u00e4ksymme kuvakaappaukset, mik\u00e4li todiste osoitteesta on digitaalisesta asiakirjasta.<\/strong><\/p>\n\n\n\n<p><strong>Voit l\u00e4hett\u00e4\u00e4 todisteen osoitteesta heti&nbsp;<a href=\"https:\/\/www.etoro.com\/settings\/account?action=autokyc&amp;deepLink=uploadutilitybill\">napsauttamalla t\u00e4t\u00e4<\/a>.<\/strong><\/p>\n\n\n\n<p>Varmennusprosessi voi vied\u00e4 muutaman p\u00e4iv\u00e4n. Saat ilmoituksen, kun tilisi on vahvistettu. Voit my\u00f6s seurata vahvistuksen tilaa eToro-alustalla. Vahvistettujen tilien k\u00e4ytt\u00e4j\u00e4profiilissa on vihre\u00e4 tarkistusmerkki k\u00e4ytt\u00e4j\u00e4tunnuksen vieress\u00e4.<\/p>\n\n\n\n<p>Tiimimme k\u00e4y asiakirjasi l\u00e4pi ja p\u00e4ivitt\u00e4\u00e4 vahvistuksen tilan,&nbsp;<strong>joten sinun ei tarvitse avata asiakastukipyynt\u00f6\u00e4 tiedustellaksesi varmennusprosessista<\/strong>. Jos asiakirjasi hyl\u00e4t\u00e4\u00e4n, l\u00e4het\u00e4mme sinulle s\u00e4hk\u00f6postitse selke\u00e4n selityksen siit\u00e4, mit\u00e4 sinun tarvitsee toimittaa meille. Lis\u00e4\u00e4 eToro turvallisten l\u00e4hett\u00e4jien luetteloon s\u00e4hk\u00f6postisi asetuksissa, jotta et menet\u00e4 s\u00e4hk\u00f6postia.<\/p>\n<\/div><\/section>\n\n\n\n<p><\/p>\n","protected":false},"excerpt":{"rendered":"<p>Tilin vahvistaminen on pakollinen osa eToro-alustan rekister\u00f6itymisprosessia. S\u00e4\u00e4d\u00f6svaatimukset edellytt\u00e4v\u00e4t, ett\u00e4 varmennamme jokaisen uuden eToro-tilin. Se pit\u00e4\u00e4 alustamme turvallisena ja est\u00e4\u00e4 sopimattomat toimet. Kun tilisi on varmennettu, p\u00e4\u00e4set nauttimaan eToro-alustan kaikista eduista. Jotta tilisi voidaan varmentaa, on sinun l\u00e4hetett\u00e4v\u00e4 sek\u00e4 henkil\u00f6llisyystodistus ett\u00e4 todiste osoitteesta. Varmennusprosessi alkaa vasta, kun toimitat meille molemmat asiakirjat. Voit skannata asiakirjasi suoraan&hellip;<\/p>\n","protected":false},"author":45,"featured_media":817816,"parent":35970,"menu_order":1076,"comment_status":"closed","ping_status":"closed","template":"","meta":{"_acf_changed":true,"inline_featured_image":false,"sticky_cta_settings":"","footnotes":""},"asset_type":[],"class_list":["post-35938","page","type-page","status-publish","has-post-thumbnail","hentry"],"acf":[],"yoast_head":"<title>Miten eToro-tili varmennetaan - eToro<\/title>\n<meta name=\"description\" content=\"Uuden tilin varmentaminen on osa eToron rekister\u00f6itymisprosessia. Lue, mit\u00e4 kaikkea sinun tulee tiet\u00e4\u00e4 tilisi vahvistamisesta\" \/>\n<meta name=\"robots\" content=\"index, follow, max-snippet:-1, max-image-preview:large, max-video-preview:-1\" \/>\n<link rel=\"canonical\" href=\"https:\/\/www.etoro.com\/fi\/wp-json\/wp\/v2\/pages\/35938\" \/>\n<meta property=\"og:locale\" content=\"fi_FI\" \/>\n<meta property=\"og:type\" content=\"article\" \/>\n<meta property=\"og:title\" content=\"Miten eToro-tili varmennetaan - eToro\" \/>\n<meta property=\"og:description\" content=\"Uuden tilin varmentaminen on osa eToron rekister\u00f6itymisprosessia. Lue, mit\u00e4 kaikkea sinun tulee tiet\u00e4\u00e4 tilisi vahvistamisesta\" \/>\n<meta property=\"og:url\" content=\"https:\/\/www.etoro.com\/fi\/wp-json\/wp\/v2\/pages\/35938\" \/>\n<meta property=\"og:site_name\" content=\"eToro\" \/>\n<meta property=\"article:publisher\" content=\"https:\/\/www.facebook.com\/eToro\/\" \/>\n<meta property=\"article:modified_time\" content=\"2025-05-12T11:52:48+00:00\" \/>\n<meta property=\"og:image\" content=\"https:\/\/www.etoro.com\/wp-content\/uploads\/2024\/01\/How-to-verify-your-eToro-account_Featured-image-1200x630_Finnish-fi.png\" \/>\n\t<meta property=\"og:image:width\" content=\"1200\" \/>\n\t<meta property=\"og:image:height\" content=\"630\" \/>\n\t<meta property=\"og:image:type\" content=\"image\/png\" \/>\n<meta name=\"twitter:card\" content=\"summary_large_image\" \/>\n<meta name=\"twitter:site\" content=\"@eToro\" \/>\n<meta name=\"twitter:label1\" content=\"Arvioitu lukuaika\" \/>\n\t<meta name=\"twitter:data1\" content=\"2 minuuttia\" \/>\n<script type=\"application\/ld+json\" class=\"yoast-schema-graph\">{\"@context\":\"https:\/\/schema.org\",\"@graph\":[{\"@type\":\"WebPage\",\"@id\":\"https:\/\/www.etoro.com\/fi\/customer-service\/account-verification\/\",\"url\":\"https:\/\/www.etoro.com\/fi\/customer-service\/account-verification\/\",\"name\":\"Miten eToro-tili varmennetaan - eToro\",\"isPartOf\":{\"@id\":\"https:\/\/www.etoro.com\/fi\/#website\"},\"primaryImageOfPage\":{\"@id\":\"https:\/\/www.etoro.com\/fi\/customer-service\/account-verification\/#primaryimage\"},\"image\":{\"@id\":\"https:\/\/www.etoro.com\/fi\/customer-service\/account-verification\/#primaryimage\"},\"thumbnailUrl\":\"https:\/\/www.etoro.com\/wp-content\/uploads\/2024\/01\/How-to-verify-your-eToro-account_Featured-image-1200x630_Finnish-fi.png\",\"datePublished\":\"2018-02-28T15:45:54+00:00\",\"dateModified\":\"2025-05-12T11:52:48+00:00\",\"description\":\"Uuden tilin varmentaminen on osa eToron rekister\u00f6itymisprosessia. Lue, mit\u00e4 kaikkea sinun tulee tiet\u00e4\u00e4 tilisi vahvistamisesta\",\"breadcrumb\":{\"@id\":\"https:\/\/www.etoro.com\/fi\/customer-service\/account-verification\/#breadcrumb\"},\"inLanguage\":\"fi\",\"potentialAction\":[{\"@type\":\"ReadAction\",\"target\":[\"https:\/\/www.etoro.com\/fi\/customer-service\/account-verification\/\"]}]},{\"@type\":\"ImageObject\",\"inLanguage\":\"fi\",\"@id\":\"https:\/\/www.etoro.com\/fi\/customer-service\/account-verification\/#primaryimage\",\"url\":\"https:\/\/www.etoro.com\/wp-content\/uploads\/2024\/01\/How-to-verify-your-eToro-account_Featured-image-1200x630_Finnish-fi.png\",\"contentUrl\":\"https:\/\/www.etoro.com\/wp-content\/uploads\/2024\/01\/How-to-verify-your-eToro-account_Featured-image-1200x630_Finnish-fi.png\",\"width\":1200,\"height\":630},{\"@type\":\"BreadcrumbList\",\"@id\":\"https:\/\/www.etoro.com\/fi\/customer-service\/account-verification\/#breadcrumb\",\"itemListElement\":[{\"@type\":\"ListItem\",\"position\":1,\"name\":\"Koti\",\"item\":\"https:\/\/www.etoro.com\/fi\/\"},{\"@type\":\"ListItem\",\"position\":2,\"name\":\"Asiakaspalvelu\",\"item\":\"https:\/\/www.etoro.com\/fi\/customer-service\/\"},{\"@type\":\"ListItem\",\"position\":3,\"name\":\"Miten eToro tili varmennetaan?\"}]},{\"@type\":\"WebSite\",\"@id\":\"https:\/\/www.etoro.com\/fi\/#website\",\"url\":\"https:\/\/www.etoro.com\/fi\/\",\"name\":\"eToro\",\"description\":\"\",\"publisher\":{\"@id\":\"https:\/\/www.etoro.com\/fi\/#organization\"},\"potentialAction\":[{\"@type\":\"SearchAction\",\"target\":{\"@type\":\"EntryPoint\",\"urlTemplate\":\"https:\/\/www.etoro.com\/fi\/?s={search_term_string}\"},\"query-input\":{\"@type\":\"PropertyValueSpecification\",\"valueRequired\":true,\"valueName\":\"search_term_string\"}}],\"inLanguage\":\"fi\"},[]]}<\/script>","yoast_head_json":{"title":"Miten eToro-tili varmennetaan - eToro","description":"Uuden tilin varmentaminen on osa eToron rekister\u00f6itymisprosessia. Lue, mit\u00e4 kaikkea sinun tulee tiet\u00e4\u00e4 tilisi vahvistamisesta","robots":{"index":"index","follow":"follow","max-snippet":"max-snippet:-1","max-image-preview":"max-image-preview:large","max-video-preview":"max-video-preview:-1"},"canonical":"https:\/\/www.etoro.com\/fi\/wp-json\/wp\/v2\/pages\/35938","og_locale":"fi_FI","og_type":"article","og_title":"Miten eToro-tili varmennetaan - eToro","og_description":"Uuden tilin varmentaminen on osa eToron rekister\u00f6itymisprosessia. Lue, mit\u00e4 kaikkea sinun tulee tiet\u00e4\u00e4 tilisi vahvistamisesta","og_url":"https:\/\/www.etoro.com\/fi\/wp-json\/wp\/v2\/pages\/35938","og_site_name":"eToro","article_publisher":"https:\/\/www.facebook.com\/eToro\/","article_modified_time":"2025-05-12T11:52:48+00:00","og_image":[{"width":1200,"height":630,"url":"https:\/\/www.etoro.com\/wp-content\/uploads\/2024\/01\/How-to-verify-your-eToro-account_Featured-image-1200x630_Finnish-fi.png","type":"image\/png"}],"twitter_card":"summary_large_image","twitter_site":"@eToro","twitter_misc":{"Arvioitu lukuaika":"2 minuuttia"},"schema":{"@context":"https:\/\/schema.org","@graph":[{"@type":"WebPage","@id":"https:\/\/www.etoro.com\/fi\/customer-service\/account-verification\/","url":"https:\/\/www.etoro.com\/fi\/customer-service\/account-verification\/","name":"Miten eToro-tili varmennetaan - eToro","isPartOf":{"@id":"https:\/\/www.etoro.com\/fi\/#website"},"primaryImageOfPage":{"@id":"https:\/\/www.etoro.com\/fi\/customer-service\/account-verification\/#primaryimage"},"image":{"@id":"https:\/\/www.etoro.com\/fi\/customer-service\/account-verification\/#primaryimage"},"thumbnailUrl":"https:\/\/www.etoro.com\/wp-content\/uploads\/2024\/01\/How-to-verify-your-eToro-account_Featured-image-1200x630_Finnish-fi.png","datePublished":"2018-02-28T15:45:54+00:00","dateModified":"2025-05-12T11:52:48+00:00","description":"Uuden tilin varmentaminen on osa eToron rekister\u00f6itymisprosessia. Lue, mit\u00e4 kaikkea sinun tulee tiet\u00e4\u00e4 tilisi vahvistamisesta","breadcrumb":{"@id":"https:\/\/www.etoro.com\/fi\/customer-service\/account-verification\/#breadcrumb"},"inLanguage":"fi","potentialAction":[{"@type":"ReadAction","target":["https:\/\/www.etoro.com\/fi\/customer-service\/account-verification\/"]}]},{"@type":"ImageObject","inLanguage":"fi","@id":"https:\/\/www.etoro.com\/fi\/customer-service\/account-verification\/#primaryimage","url":"https:\/\/www.etoro.com\/wp-content\/uploads\/2024\/01\/How-to-verify-your-eToro-account_Featured-image-1200x630_Finnish-fi.png","contentUrl":"https:\/\/www.etoro.com\/wp-content\/uploads\/2024\/01\/How-to-verify-your-eToro-account_Featured-image-1200x630_Finnish-fi.png","width":1200,"height":630},{"@type":"BreadcrumbList","@id":"https:\/\/www.etoro.com\/fi\/customer-service\/account-verification\/#breadcrumb","itemListElement":[{"@type":"ListItem","position":1,"name":"Koti","item":"https:\/\/www.etoro.com\/fi\/"},{"@type":"ListItem","position":2,"name":"Asiakaspalvelu","item":"https:\/\/www.etoro.com\/fi\/customer-service\/"},{"@type":"ListItem","position":3,"name":"Miten eToro tili varmennetaan?"}]},{"@type":"WebSite","@id":"https:\/\/www.etoro.com\/fi\/#website","url":"https:\/\/www.etoro.com\/fi\/","name":"eToro","description":"","publisher":{"@id":"https:\/\/www.etoro.com\/fi\/#organization"},"potentialAction":[{"@type":"SearchAction","target":{"@type":"EntryPoint","urlTemplate":"https:\/\/www.etoro.com\/fi\/?s={search_term_string}"},"query-input":{"@type":"PropertyValueSpecification","valueRequired":true,"valueName":"search_term_string"}}],"inLanguage":"fi"},[]]}},"_links":{"self":[{"href":"https:\/\/www.etoro.com\/fi\/wp-json\/wp\/v2\/pages\/35938"}],"collection":[{"href":"https:\/\/www.etoro.com\/fi\/wp-json\/wp\/v2\/pages"}],"about":[{"href":"https:\/\/www.etoro.com\/fi\/wp-json\/wp\/v2\/types\/page"}],"author":[{"embeddable":true,"href":"https:\/\/www.etoro.com\/fi\/wp-json\/wp\/v2\/users\/45"}],"replies":[{"embeddable":true,"href":"https:\/\/www.etoro.com\/fi\/wp-json\/wp\/v2\/comments?post=35938"}],"version-history":[{"count":0,"href":"https:\/\/www.etoro.com\/fi\/wp-json\/wp\/v2\/pages\/35938\/revisions"}],"up":[{"embeddable":true,"href":"https:\/\/www.etoro.com\/fi\/wp-json\/wp\/v2\/pages\/35970"}],"wp:featuredmedia":[{"embeddable":true,"href":"https:\/\/www.etoro.com\/fi\/wp-json\/wp\/v2\/media\/817816"}],"wp:attachment":[{"href":"https:\/\/www.etoro.com\/fi\/wp-json\/wp\/v2\/media?parent=35938"}],"wp:term":[{"taxonomy":"asset_type","embeddable":true,"href":"https:\/\/www.etoro.com\/fi\/wp-json\/wp\/v2\/asset_type?post=35938"}],"curies":[{"name":"wp","href":"https:\/\/api.w.org\/{rel}","templated":true}]}}