{"id":35953,"date":"2017-09-12T14:44:38","date_gmt":"2017-09-12T11:44:38","guid":{"rendered":"http:\/\/www.etoro.com\/pips-calculator\/"},"modified":"2019-01-28T16:39:09","modified_gmt":"2019-01-28T14:39:09","slug":"pips-calculator","status":"publish","type":"page","link":"https:\/\/www.etoro.com\/fi\/trading\/pips-calculator\/","title":{"rendered":"Pip-laskin"},"content":{"rendered":"<p>Valuuttakaupassa &#8221;pip&#8221; on perinteisesti pienin yksikk\u00f6, jota k\u00e4ytet\u00e4\u00e4n kurssimuutosten ilmaisuun. Kaupank\u00e4vij\u00e4t tarkkailevat n\u00e4it\u00e4 muutoksia tiukasti, koska valuuttakauppaa k\u00e4yd\u00e4\u00e4n yleens\u00e4 suurilla volyymeill\u00e4. Jokainen pieni muutos valuuttojen v\u00e4lisiss\u00e4 kursseissa voi johtaa merkitt\u00e4v\u00e4\u00e4n kurssivoittoon tai -tappioon. Oheisen helppok\u00e4ytt\u00f6isen laskimen avulla n\u00e4et, mik\u00e4 yhden pipin arvo on m\u00e4\u00e4rittelem\u00e4llesi tapahtumalle.<\/p>\n<p><iframe loading=\"lazy\" src=\"https:\/\/ssltools.forexprostools.com\/pip-calculator\/index.php?force_lang=1&amp;acc=12\" width=\"100%\" height=\"770\" frameborder=\"0\" marginwidth=\"0\" marginheight=\"0\" scrolling=\"auto\"><\/iframe><\/p>\n","protected":false},"excerpt":{"rendered":"<p>Valuuttakaupassa &#8221;pip&#8221; on perinteisesti pienin yksikk\u00f6, jota k\u00e4ytet\u00e4\u00e4n kurssimuutosten ilmaisuun. Kaupank\u00e4vij\u00e4t tarkkailevat n\u00e4it\u00e4 muutoksia tiukasti, koska valuuttakauppaa k\u00e4yd\u00e4\u00e4n yleens\u00e4 suurilla volyymeill\u00e4. Jokainen pieni muutos valuuttojen v\u00e4lisiss\u00e4 kursseissa voi johtaa merkitt\u00e4v\u00e4\u00e4n kurssivoittoon tai -tappioon. Oheisen helppok\u00e4ytt\u00f6isen laskimen avulla n\u00e4et, mik\u00e4 yhden pipin arvo on m\u00e4\u00e4rittelem\u00e4llesi tapahtumalle.<\/p>\n","protected":false},"author":45,"featured_media":0,"parent":36054,"menu_order":1676,"comment_status":"closed","ping_status":"closed","template":"","meta":{"_acf_changed":false,"inline_featured_image":false,"sticky_cta_settings":"","footnotes":""},"asset_type":[],"class_list":["post-35953","page","type-page","status-publish","hentry"],"acf":[],"yoast_head":"<title>Pip-laskin - eToro<\/title>\n<meta name=\"robots\" content=\"index, follow, max-snippet:-1, max-image-preview:large, max-video-preview:-1\" \/>\n<link rel=\"canonical\" href=\"https:\/\/www.etoro.com\/fi\/wp-json\/wp\/v2\/pages\/35953\" \/>\n<meta property=\"og:locale\" content=\"fi_FI\" \/>\n<meta property=\"og:type\" content=\"article\" \/>\n<meta property=\"og:title\" content=\"Pip-laskin - eToro\" \/>\n<meta property=\"og:description\" content=\"Valuuttakaupassa &#8221;pip&#8221; on perinteisesti pienin yksikk\u00f6, jota k\u00e4ytet\u00e4\u00e4n kurssimuutosten ilmaisuun. Kaupank\u00e4vij\u00e4t tarkkailevat n\u00e4it\u00e4 muutoksia tiukasti, koska valuuttakauppaa k\u00e4yd\u00e4\u00e4n yleens\u00e4 suurilla volyymeill\u00e4. Jokainen pieni muutos valuuttojen v\u00e4lisiss\u00e4 kursseissa voi johtaa merkitt\u00e4v\u00e4\u00e4n kurssivoittoon tai -tappioon. Oheisen helppok\u00e4ytt\u00f6isen laskimen avulla n\u00e4et, mik\u00e4 yhden pipin arvo on m\u00e4\u00e4rittelem\u00e4llesi tapahtumalle.\" \/>\n<meta property=\"og:url\" content=\"https:\/\/www.etoro.com\/fi\/wp-json\/wp\/v2\/pages\/35953\" \/>\n<meta property=\"og:site_name\" content=\"eToro\" \/>\n<meta property=\"article:publisher\" content=\"https:\/\/www.facebook.com\/eToro\/\" \/>\n<meta property=\"article:modified_time\" content=\"2019-01-28T14:39:09+00:00\" \/>\n<meta property=\"og:image\" content=\"https:\/\/www.etoro.com\/wp-content\/uploads\/2019\/12\/etoro_logo_social_share1.png\" \/>\n\t<meta property=\"og:image:width\" content=\"240\" \/>\n\t<meta property=\"og:image:height\" content=\"240\" \/>\n\t<meta property=\"og:image:type\" content=\"image\/png\" \/>\n<meta name=\"twitter:card\" content=\"summary_large_image\" \/>\n<meta name=\"twitter:site\" content=\"@eToro\" \/>\n<script type=\"application\/ld+json\" class=\"yoast-schema-graph\">{\"@context\":\"https:\/\/schema.org\",\"@graph\":[{\"@type\":\"WebPage\",\"@id\":\"https:\/\/www.etoro.com\/fi\/trading\/pips-calculator\/\",\"url\":\"https:\/\/www.etoro.com\/fi\/trading\/pips-calculator\/\",\"name\":\"Pip-laskin - eToro\",\"isPartOf\":{\"@id\":\"https:\/\/www.etoro.com\/fi\/#website\"},\"datePublished\":\"2017-09-12T11:44:38+00:00\",\"dateModified\":\"2019-01-28T14:39:09+00:00\",\"breadcrumb\":{\"@id\":\"https:\/\/www.etoro.com\/fi\/trading\/pips-calculator\/#breadcrumb\"},\"inLanguage\":\"fi\",\"potentialAction\":[{\"@type\":\"ReadAction\",\"target\":[\"https:\/\/www.etoro.com\/fi\/trading\/pips-calculator\/\"]}]},{\"@type\":\"BreadcrumbList\",\"@id\":\"https:\/\/www.etoro.com\/fi\/trading\/pips-calculator\/#breadcrumb\",\"itemListElement\":[{\"@type\":\"ListItem\",\"position\":1,\"name\":\"Koti\",\"item\":\"https:\/\/www.etoro.com\/fi\/\"},{\"@type\":\"ListItem\",\"position\":2,\"name\":\"Kaupank\u00e4ynti\",\"item\":\"https:\/\/www.etoro.com\/fi\/trading\/\"},{\"@type\":\"ListItem\",\"position\":3,\"name\":\"Pip-laskin\"}]},{\"@type\":\"WebSite\",\"@id\":\"https:\/\/www.etoro.com\/fi\/#website\",\"url\":\"https:\/\/www.etoro.com\/fi\/\",\"name\":\"eToro\",\"description\":\"\",\"publisher\":{\"@id\":\"https:\/\/www.etoro.com\/fi\/#organization\"},\"potentialAction\":[{\"@type\":\"SearchAction\",\"target\":{\"@type\":\"EntryPoint\",\"urlTemplate\":\"https:\/\/www.etoro.com\/fi\/?s={search_term_string}\"},\"query-input\":{\"@type\":\"PropertyValueSpecification\",\"valueRequired\":true,\"valueName\":\"search_term_string\"}}],\"inLanguage\":\"fi\"},[]]}<\/script>","yoast_head_json":{"title":"Pip-laskin - eToro","robots":{"index":"index","follow":"follow","max-snippet":"max-snippet:-1","max-image-preview":"max-image-preview:large","max-video-preview":"max-video-preview:-1"},"canonical":"https:\/\/www.etoro.com\/fi\/wp-json\/wp\/v2\/pages\/35953","og_locale":"fi_FI","og_type":"article","og_title":"Pip-laskin - eToro","og_description":"Valuuttakaupassa &#8221;pip&#8221; on perinteisesti pienin yksikk\u00f6, jota k\u00e4ytet\u00e4\u00e4n kurssimuutosten ilmaisuun. Kaupank\u00e4vij\u00e4t tarkkailevat n\u00e4it\u00e4 muutoksia tiukasti, koska valuuttakauppaa k\u00e4yd\u00e4\u00e4n yleens\u00e4 suurilla volyymeill\u00e4. Jokainen pieni muutos valuuttojen v\u00e4lisiss\u00e4 kursseissa voi johtaa merkitt\u00e4v\u00e4\u00e4n kurssivoittoon tai -tappioon. Oheisen helppok\u00e4ytt\u00f6isen laskimen avulla n\u00e4et, mik\u00e4 yhden pipin arvo on m\u00e4\u00e4rittelem\u00e4llesi tapahtumalle.","og_url":"https:\/\/www.etoro.com\/fi\/wp-json\/wp\/v2\/pages\/35953","og_site_name":"eToro","article_publisher":"https:\/\/www.facebook.com\/eToro\/","article_modified_time":"2019-01-28T14:39:09+00:00","og_image":[{"width":240,"height":240,"url":"https:\/\/www.etoro.com\/wp-content\/uploads\/2019\/12\/etoro_logo_social_share1.png","type":"image\/png"}],"twitter_card":"summary_large_image","twitter_site":"@eToro","schema":{"@context":"https:\/\/schema.org","@graph":[{"@type":"WebPage","@id":"https:\/\/www.etoro.com\/fi\/trading\/pips-calculator\/","url":"https:\/\/www.etoro.com\/fi\/trading\/pips-calculator\/","name":"Pip-laskin - eToro","isPartOf":{"@id":"https:\/\/www.etoro.com\/fi\/#website"},"datePublished":"2017-09-12T11:44:38+00:00","dateModified":"2019-01-28T14:39:09+00:00","breadcrumb":{"@id":"https:\/\/www.etoro.com\/fi\/trading\/pips-calculator\/#breadcrumb"},"inLanguage":"fi","potentialAction":[{"@type":"ReadAction","target":["https:\/\/www.etoro.com\/fi\/trading\/pips-calculator\/"]}]},{"@type":"BreadcrumbList","@id":"https:\/\/www.etoro.com\/fi\/trading\/pips-calculator\/#breadcrumb","itemListElement":[{"@type":"ListItem","position":1,"name":"Koti","item":"https:\/\/www.etoro.com\/fi\/"},{"@type":"ListItem","position":2,"name":"Kaupank\u00e4ynti","item":"https:\/\/www.etoro.com\/fi\/trading\/"},{"@type":"ListItem","position":3,"name":"Pip-laskin"}]},{"@type":"WebSite","@id":"https:\/\/www.etoro.com\/fi\/#website","url":"https:\/\/www.etoro.com\/fi\/","name":"eToro","description":"","publisher":{"@id":"https:\/\/www.etoro.com\/fi\/#organization"},"potentialAction":[{"@type":"SearchAction","target":{"@type":"EntryPoint","urlTemplate":"https:\/\/www.etoro.com\/fi\/?s={search_term_string}"},"query-input":{"@type":"PropertyValueSpecification","valueRequired":true,"valueName":"search_term_string"}}],"inLanguage":"fi"},[]]}},"_links":{"self":[{"href":"https:\/\/www.etoro.com\/fi\/wp-json\/wp\/v2\/pages\/35953"}],"collection":[{"href":"https:\/\/www.etoro.com\/fi\/wp-json\/wp\/v2\/pages"}],"about":[{"href":"https:\/\/www.etoro.com\/fi\/wp-json\/wp\/v2\/types\/page"}],"author":[{"embeddable":true,"href":"https:\/\/www.etoro.com\/fi\/wp-json\/wp\/v2\/users\/45"}],"replies":[{"embeddable":true,"href":"https:\/\/www.etoro.com\/fi\/wp-json\/wp\/v2\/comments?post=35953"}],"version-history":[{"count":0,"href":"https:\/\/www.etoro.com\/fi\/wp-json\/wp\/v2\/pages\/35953\/revisions"}],"up":[{"embeddable":true,"href":"https:\/\/www.etoro.com\/fi\/wp-json\/wp\/v2\/pages\/36054"}],"wp:attachment":[{"href":"https:\/\/www.etoro.com\/fi\/wp-json\/wp\/v2\/media?parent=35953"}],"wp:term":[{"taxonomy":"asset_type","embeddable":true,"href":"https:\/\/www.etoro.com\/fi\/wp-json\/wp\/v2\/asset_type?post=35953"}],"curies":[{"name":"wp","href":"https:\/\/api.w.org\/{rel}","templated":true}]}}