{"id":35970,"date":"2017-08-30T15:15:26","date_gmt":"2017-08-30T12:15:26","guid":{"rendered":"http:\/\/www.etoro.com\/customer-service\/"},"modified":"2019-01-28T16:32:49","modified_gmt":"2019-01-28T14:32:49","slug":"customer-service","status":"publish","type":"page","link":"https:\/\/www.etoro.com\/fi\/customer-service\/","title":{"rendered":"Asiakaspalvelu"},"content":{"rendered":"<h1>Asiakaspalvelu<\/h1>\n<p>Tervetuloa asiakaspalveluumme. T\u00e4\u00e4ll\u00e4 voit seurata avoimien tukipyynt\u00f6jesi k\u00e4sittelyn etenemist\u00e4, tarkastella tietoja aiemmin suljetuista tukipyynn\u00f6ist\u00e4, etsi\u00e4 vastauksia kysymyksiisi tiet\u00e4myskannastamme sek\u00e4 l\u00e4hett\u00e4\u00e4 kysymyksi\u00e4 ja palautetta suoraan tiimillemme.<\/p>\n","protected":false},"excerpt":{"rendered":"<p>Asiakaspalvelu Tervetuloa asiakaspalveluumme. T\u00e4\u00e4ll\u00e4 voit seurata avoimien tukipyynt\u00f6jesi k\u00e4sittelyn etenemist\u00e4, tarkastella tietoja aiemmin suljetuista tukipyynn\u00f6ist\u00e4, etsi\u00e4 vastauksia kysymyksiisi tiet\u00e4myskannastamme sek\u00e4 l\u00e4hett\u00e4\u00e4 kysymyksi\u00e4 ja palautetta suoraan tiimillemme.<\/p>\n","protected":false},"author":1,"featured_media":0,"parent":0,"menu_order":1763,"comment_status":"closed","ping_status":"closed","template":"template-support.php","meta":{"_acf_changed":false,"inline_featured_image":false,"sticky_cta_settings":"","footnotes":""},"asset_type":[],"class_list":["post-35970","page","type-page","status-publish","hentry"],"acf":[],"yoast_head":"<title>Asiakaspalvelu - eToro<\/title>\n<meta name=\"robots\" content=\"index, follow, max-snippet:-1, max-image-preview:large, max-video-preview:-1\" \/>\n<link rel=\"canonical\" href=\"https:\/\/www.etoro.com\/fi\/wp-json\/wp\/v2\/pages\/35970\" \/>\n<meta property=\"og:locale\" content=\"fi_FI\" \/>\n<meta property=\"og:type\" content=\"article\" \/>\n<meta property=\"og:title\" content=\"Asiakaspalvelu - eToro\" \/>\n<meta property=\"og:description\" content=\"Asiakaspalvelu Tervetuloa asiakaspalveluumme. T\u00e4\u00e4ll\u00e4 voit seurata avoimien tukipyynt\u00f6jesi k\u00e4sittelyn etenemist\u00e4, tarkastella tietoja aiemmin suljetuista tukipyynn\u00f6ist\u00e4, etsi\u00e4 vastauksia kysymyksiisi tiet\u00e4myskannastamme sek\u00e4 l\u00e4hett\u00e4\u00e4 kysymyksi\u00e4 ja palautetta suoraan tiimillemme.\" \/>\n<meta property=\"og:url\" content=\"https:\/\/www.etoro.com\/fi\/wp-json\/wp\/v2\/pages\/35970\" \/>\n<meta property=\"og:site_name\" content=\"eToro\" \/>\n<meta property=\"article:publisher\" content=\"https:\/\/www.facebook.com\/eToro\/\" \/>\n<meta property=\"article:modified_time\" content=\"2019-01-28T14:32:49+00:00\" \/>\n<meta property=\"og:image\" content=\"https:\/\/www.etoro.com\/wp-content\/uploads\/2019\/12\/etoro_logo_social_share1.png\" \/>\n\t<meta property=\"og:image:width\" content=\"240\" \/>\n\t<meta property=\"og:image:height\" content=\"240\" \/>\n\t<meta property=\"og:image:type\" content=\"image\/png\" \/>\n<meta name=\"twitter:card\" content=\"summary_large_image\" \/>\n<meta name=\"twitter:site\" content=\"@eToro\" \/>\n<script type=\"application\/ld+json\" class=\"yoast-schema-graph\">{\"@context\":\"https:\/\/schema.org\",\"@graph\":[{\"@type\":\"WebPage\",\"@id\":\"https:\/\/www.etoro.com\/fi\/customer-service\/\",\"url\":\"https:\/\/www.etoro.com\/fi\/customer-service\/\",\"name\":\"Asiakaspalvelu - eToro\",\"isPartOf\":{\"@id\":\"https:\/\/www.etoro.com\/fi\/#website\"},\"datePublished\":\"2017-08-30T12:15:26+00:00\",\"dateModified\":\"2019-01-28T14:32:49+00:00\",\"breadcrumb\":{\"@id\":\"https:\/\/www.etoro.com\/fi\/customer-service\/#breadcrumb\"},\"inLanguage\":\"fi\",\"potentialAction\":[{\"@type\":\"ReadAction\",\"target\":[\"https:\/\/www.etoro.com\/fi\/customer-service\/\"]}]},{\"@type\":\"BreadcrumbList\",\"@id\":\"https:\/\/www.etoro.com\/fi\/customer-service\/#breadcrumb\",\"itemListElement\":[{\"@type\":\"ListItem\",\"position\":1,\"name\":\"Koti\",\"item\":\"https:\/\/www.etoro.com\/fi\/\"},{\"@type\":\"ListItem\",\"position\":2,\"name\":\"Asiakaspalvelu\"}]},{\"@type\":\"WebSite\",\"@id\":\"https:\/\/www.etoro.com\/fi\/#website\",\"url\":\"https:\/\/www.etoro.com\/fi\/\",\"name\":\"eToro\",\"description\":\"\",\"publisher\":{\"@id\":\"https:\/\/www.etoro.com\/fi\/#organization\"},\"potentialAction\":[{\"@type\":\"SearchAction\",\"target\":{\"@type\":\"EntryPoint\",\"urlTemplate\":\"https:\/\/www.etoro.com\/fi\/?s={search_term_string}\"},\"query-input\":{\"@type\":\"PropertyValueSpecification\",\"valueRequired\":true,\"valueName\":\"search_term_string\"}}],\"inLanguage\":\"fi\"},[]]}<\/script>","yoast_head_json":{"title":"Asiakaspalvelu - eToro","robots":{"index":"index","follow":"follow","max-snippet":"max-snippet:-1","max-image-preview":"max-image-preview:large","max-video-preview":"max-video-preview:-1"},"canonical":"https:\/\/www.etoro.com\/fi\/wp-json\/wp\/v2\/pages\/35970","og_locale":"fi_FI","og_type":"article","og_title":"Asiakaspalvelu - eToro","og_description":"Asiakaspalvelu Tervetuloa asiakaspalveluumme. T\u00e4\u00e4ll\u00e4 voit seurata avoimien tukipyynt\u00f6jesi k\u00e4sittelyn etenemist\u00e4, tarkastella tietoja aiemmin suljetuista tukipyynn\u00f6ist\u00e4, etsi\u00e4 vastauksia kysymyksiisi tiet\u00e4myskannastamme sek\u00e4 l\u00e4hett\u00e4\u00e4 kysymyksi\u00e4 ja palautetta suoraan tiimillemme.","og_url":"https:\/\/www.etoro.com\/fi\/wp-json\/wp\/v2\/pages\/35970","og_site_name":"eToro","article_publisher":"https:\/\/www.facebook.com\/eToro\/","article_modified_time":"2019-01-28T14:32:49+00:00","og_image":[{"width":240,"height":240,"url":"https:\/\/www.etoro.com\/wp-content\/uploads\/2019\/12\/etoro_logo_social_share1.png","type":"image\/png"}],"twitter_card":"summary_large_image","twitter_site":"@eToro","schema":{"@context":"https:\/\/schema.org","@graph":[{"@type":"WebPage","@id":"https:\/\/www.etoro.com\/fi\/customer-service\/","url":"https:\/\/www.etoro.com\/fi\/customer-service\/","name":"Asiakaspalvelu - eToro","isPartOf":{"@id":"https:\/\/www.etoro.com\/fi\/#website"},"datePublished":"2017-08-30T12:15:26+00:00","dateModified":"2019-01-28T14:32:49+00:00","breadcrumb":{"@id":"https:\/\/www.etoro.com\/fi\/customer-service\/#breadcrumb"},"inLanguage":"fi","potentialAction":[{"@type":"ReadAction","target":["https:\/\/www.etoro.com\/fi\/customer-service\/"]}]},{"@type":"BreadcrumbList","@id":"https:\/\/www.etoro.com\/fi\/customer-service\/#breadcrumb","itemListElement":[{"@type":"ListItem","position":1,"name":"Koti","item":"https:\/\/www.etoro.com\/fi\/"},{"@type":"ListItem","position":2,"name":"Asiakaspalvelu"}]},{"@type":"WebSite","@id":"https:\/\/www.etoro.com\/fi\/#website","url":"https:\/\/www.etoro.com\/fi\/","name":"eToro","description":"","publisher":{"@id":"https:\/\/www.etoro.com\/fi\/#organization"},"potentialAction":[{"@type":"SearchAction","target":{"@type":"EntryPoint","urlTemplate":"https:\/\/www.etoro.com\/fi\/?s={search_term_string}"},"query-input":{"@type":"PropertyValueSpecification","valueRequired":true,"valueName":"search_term_string"}}],"inLanguage":"fi"},[]]}},"_links":{"self":[{"href":"https:\/\/www.etoro.com\/fi\/wp-json\/wp\/v2\/pages\/35970"}],"collection":[{"href":"https:\/\/www.etoro.com\/fi\/wp-json\/wp\/v2\/pages"}],"about":[{"href":"https:\/\/www.etoro.com\/fi\/wp-json\/wp\/v2\/types\/page"}],"author":[{"embeddable":true,"href":"https:\/\/www.etoro.com\/fi\/wp-json\/wp\/v2\/users\/1"}],"replies":[{"embeddable":true,"href":"https:\/\/www.etoro.com\/fi\/wp-json\/wp\/v2\/comments?post=35970"}],"version-history":[{"count":0,"href":"https:\/\/www.etoro.com\/fi\/wp-json\/wp\/v2\/pages\/35970\/revisions"}],"wp:attachment":[{"href":"https:\/\/www.etoro.com\/fi\/wp-json\/wp\/v2\/media?parent=35970"}],"wp:term":[{"taxonomy":"asset_type","embeddable":true,"href":"https:\/\/www.etoro.com\/fi\/wp-json\/wp\/v2\/asset_type?post=35970"}],"curies":[{"name":"wp","href":"https:\/\/api.w.org\/{rel}","templated":true}]}}