{"id":36264,"date":"2017-10-24T09:56:32","date_gmt":"2017-10-24T06:56:32","guid":{"rendered":"http:\/\/www.etoro.com\/customer-service\/responsible-trading\/"},"modified":"2024-07-08T13:47:42","modified_gmt":"2024-07-08T10:47:42","slug":"responsible-trading","status":"publish","type":"page","link":"https:\/\/www.etoro.com\/fi\/customer-service\/responsible-trading\/","title":{"rendered":"Vastuullisen kaupank\u00e4ynnin k\u00e4yt\u00e4nt\u00f6"},"content":{"rendered":"\n<section class=\"wp-block-group wp-block-group-boxed has-white-background-color has-background\"><div class=\"wp-block-group-inner is-layout-flow wp-block-group-is-layout-flow\">\n<div class=\"wp-block-columns are-vertically-aligned-top wp-block-columns-1 is-layout-flex wp-container-core-columns-is-layout-1 wp-block-columns-is-layout-flex\">\n<div class=\"wp-block-column is-layout-flow wp-block-column-is-layout-flow\">\n<p>Kannustamme kaikkia k\u00e4ytt\u00e4ji\u00e4mme toimimaan vastuullisesti heid\u00e4n k\u00e4ydess\u00e4\u00e4n kauppaa eTorossa ja k\u00e4ytt\u00e4ess\u00e4\u00e4n eToron sosiaalisen kaupank\u00e4ynnin ominaisuuksia. Vastuullisen kaupank\u00e4ynnin k\u00e4yt\u00e4nt\u00f6mme kehottaa kaupank\u00e4vij\u00f6it\u00e4 v\u00e4ltt\u00e4m\u00e4\u00e4n tunteisiin pohjautuvaa p\u00e4\u00e4t\u00f6ksentekoa, joka voi johtaa tarpeettomiin tappioihin.<\/p>\n\n\n\n<p>Erityisesti aloittelijoilla on tapana luottaa vaistoihinsa ja aavistuksiinsa, koska heill\u00e4 ei v\u00e4ltt\u00e4m\u00e4tt\u00e4 ole j\u00e4rkiper\u00e4iseen ja tietoon pohjautuvaan p\u00e4\u00e4t\u00f6ksentekoon vaadittavaa kokemusta finanssialan kaupank\u00e4ynnist\u00e4.<\/p>\n\n\n\n<p>Auttaakseen kaupank\u00e4vij\u00f6it\u00e4 v\u00e4ltt\u00e4m\u00e4\u00e4n harkitsemattomia p\u00e4\u00e4t\u00f6ksi\u00e4 heid\u00e4n k\u00e4ydess\u00e4\u00e4n kauppaa verkossa eToro suosittelee paikallisten rahoitusalan s\u00e4\u00e4ntelyelinten suositusten mukaisesti seuraavaa:<\/p>\n\n\n\n<ul class=\"wp-block-list wp-block-list-circle\">\n<li>Vivutuksen k\u00e4ytt\u00f6\u00e4 tulisi rajoittaa oheisen luettelon mukaisesti:<\/li>\n<\/ul>\n\n\n\n<p><strong>1. <\/strong>30:1 merkitt\u00e4vien valuuttojen valuuttaparit;<\/p>\n\n\n\n<p><strong>2. <\/strong>20:1 pienten valuuttojen valuuttaparit, kulta ja merkitt\u00e4v\u00e4t indeksit;<\/p>\n\n\n\n<p><strong>3. <\/strong>10:1 muut hy\u00f6dykkeet kuin kulta ja pienet osakeindeksit;<\/p>\n\n\n\n<p><strong>4. <\/strong>5:1 yksitt\u00e4iset osakkeet ja muut kohde-etuudet;<\/p>\n\n\n\n<ul class=\"wp-block-list wp-block-list-circle\">\n<li>\u00c4l\u00e4 sijoita yhteen kauppaan enemp\u00e4\u00e4 kuin 20% p\u00e4\u00e4omastasi<\/li>\n\n\n\n<li>\u00c4l\u00e4 kohdista enemp\u00e4\u00e4 kuin 40% kokonaissaldostasi kenenk\u00e4\u00e4n yksitt\u00e4isen kaupank\u00e4vij\u00e4n kopiointiin<\/li>\n<\/ul>\n\n\n\n<p>Fiksun sijoittamisen avaintekij\u00e4t ovat varovainen vivutuksen k\u00e4ytt\u00f6 ja salkun hajautus. T\u00e4st\u00e4 ovat todisteena eToron menestyvimpien kaupank\u00e4vij\u00f6iden salkut.<\/p>\n\n\n\n<h2 class=\"wp-block-heading\">N\u00e4iden vinkkien avulla voit tulla vastuullisemmaksi kaupank\u00e4vij\u00e4ksi:<\/h2>\n\n\n\n<ol class=\"wp-block-list\">\n<li>Sijoita vain kohteisiin, jotka tunnet: \u00e4l\u00e4 luota satunnaisiin sijoitusvinkkeihin tai aavistuksiin. Jos haluat sijoittaa tiettyyn omaisuuser\u00e4\u00e4n, tutustu ensin sen historiaan ja taipumuksiin.<\/li>\n\n\n\n<li>Tarkasta riskilukusi: salkkusi riskiluku paljastaa, oletko vastuullinen kaupank\u00e4vij\u00e4. On suositeltavaa, ett\u00e4 pid\u00e4t riskilukusi eTorossa tasolla 3 tai sit\u00e4 alempana.<\/li>\n\n\n\n<li>Mukauta salkkuasi: Hajauta salkkuasi sijoittamalla useisiin erilaisiin omaisuuseriin. Jos et halua seurata salkkuasi usein, valitse v\u00e4hemm\u00e4n aktiivisuutta edellytt\u00e4vi\u00e4 sijoitusv\u00e4lineit\u00e4, kuten Smart Portfolio-salkkuja tai CopyTrader\u2122-j\u00e4rjestelm\u00e4mme.<\/li>\n\n\n\n<li>Kopioi muita vastuullisia kaupank\u00e4vij\u00f6it\u00e4: kun kopioit toista kaupank\u00e4vij\u00e4\u00e4, tutustu heid\u00e4n riskilukuunsa, historiaansa ja salkun hajautukseen.<\/li>\n<\/ol>\n\n\n\n<figure class=\"wp-block-image aligncenter\"><img loading=\"lazy\" decoding=\"async\" width=\"1059\" height=\"529\" src=\"\/wp-content\/uploads\/2017\/10\/trading-guideline-img.png\" alt=\"\" class=\"wp-image-19091 wp-image-desktop\" srcset=\"https:\/\/www.etoro.com\/wp-content\/uploads\/2017\/10\/trading-guideline-img.png 1059w, https:\/\/www.etoro.com\/wp-content\/uploads\/2017\/10\/trading-guideline-img-300x150.png 300w, https:\/\/www.etoro.com\/wp-content\/uploads\/2017\/10\/trading-guideline-img-768x384.png 768w, https:\/\/www.etoro.com\/wp-content\/uploads\/2017\/10\/trading-guideline-img-1024x512.png 1024w\" sizes=\"(max-width: 1059px) 100vw, 1059px\" \/><\/figure>\n\n\n\n<h2 class=\"wp-block-heading\">Psykologia ja tunnepohjainen kaupank\u00e4ynti<\/h2>\n\n\n\n<p>Kaikentasoiset kaupank\u00e4vij\u00e4t saattavat luottaa liikaa tunteisiinsa kauppaa k\u00e4ydess\u00e4\u00e4n. T\u00e4m\u00e4 on virhe, sill\u00e4 pelko, ahneus ja j\u00e4nnitys voivat johtaa huonoihin p\u00e4\u00e4t\u00f6ksiin. Sinulla pit\u00e4\u00e4 aina olla kaupank\u00e4yntisuunnitelma, ja sinun tulee toimia sen mukaisesti olosuhteista riippumatta. Huomioi edell\u00e4 mainitut vinkit kaupank\u00e4yntisuunnitelmaa tehdess\u00e4si. Ota erityisesti huomioon seuraavat asiat:<\/p>\n\n\n\n<ol class=\"wp-block-list\">\n<li>Vivutuksen rajoitus<\/li>\n\n\n\n<li>Salkun hajautus<\/li>\n\n\n\n<li>Muiden kaupank\u00e4vij\u00f6iden riskiluvut ja profiilit<\/li>\n<\/ol>\n\n\n\n<p>Jos sinulla on kysytt\u00e4v\u00e4\u00e4 vastuulliseen kaupank\u00e4yntiin liittyen, ota yhteys&nbsp;<a href=\"https:\/\/www.etoro.com\/fi\/customer-service\/\">asiakaspalveluumme<\/a>&nbsp;sinulle sopivana ajankohtana.<\/p>\n<\/div>\n<\/div>\n<\/div><\/section>\n","protected":false},"excerpt":{"rendered":"<p>Kannustamme kaikkia k\u00e4ytt\u00e4ji\u00e4mme toimimaan vastuullisesti heid\u00e4n k\u00e4ydess\u00e4\u00e4n kauppaa eTorossa ja k\u00e4ytt\u00e4ess\u00e4\u00e4n eToron sosiaalisen kaupank\u00e4ynnin ominaisuuksia. Vastuullisen kaupank\u00e4ynnin k\u00e4yt\u00e4nt\u00f6mme kehottaa kaupank\u00e4vij\u00f6it\u00e4 v\u00e4ltt\u00e4m\u00e4\u00e4n tunteisiin pohjautuvaa p\u00e4\u00e4t\u00f6ksentekoa, joka voi johtaa tarpeettomiin tappioihin. Erityisesti aloittelijoilla on tapana luottaa vaistoihinsa ja aavistuksiinsa, koska heill\u00e4 ei v\u00e4ltt\u00e4m\u00e4tt\u00e4 ole j\u00e4rkiper\u00e4iseen ja tietoon pohjautuvaan p\u00e4\u00e4t\u00f6ksentekoon vaadittavaa kokemusta finanssialan kaupank\u00e4ynnist\u00e4. Auttaakseen kaupank\u00e4vij\u00f6it\u00e4 v\u00e4ltt\u00e4m\u00e4\u00e4n harkitsemattomia&hellip;<\/p>\n","protected":false},"author":1,"featured_media":0,"parent":35970,"menu_order":1510,"comment_status":"closed","ping_status":"closed","template":"","meta":{"_acf_changed":false,"inline_featured_image":false,"sticky_cta_settings":"","footnotes":""},"asset_type":[],"class_list":["post-36264","page","type-page","status-publish","hentry"],"acf":[],"yoast_head":"<title>Vastuullisen kaupank\u00e4ynnin k\u00e4yt\u00e4nt\u00f6 | eToro<\/title>\n<meta name=\"description\" content=\"eToro kannustaa asiakkaitaan vastuulliseen kaupank\u00e4yntiin ja ohjaa k\u00e4ym\u00e4\u00e4n kauppaa turvallisesti. Lue vastuullisen kaupank\u00e4ynnin k\u00e4yt\u00e4nn\u00f6st\u00e4mme, miten se tehd\u00e4\u00e4n.\" \/>\n<meta name=\"robots\" content=\"index, follow, max-snippet:-1, max-image-preview:large, max-video-preview:-1\" \/>\n<link rel=\"canonical\" href=\"https:\/\/www.etoro.com\/fi\/wp-json\/wp\/v2\/pages\/36264\" \/>\n<meta property=\"og:locale\" content=\"fi_FI\" \/>\n<meta property=\"og:type\" content=\"article\" \/>\n<meta property=\"og:title\" content=\"Vastuullisen kaupank\u00e4ynnin k\u00e4yt\u00e4nt\u00f6 | eToro\" \/>\n<meta property=\"og:description\" content=\"eToro kannustaa asiakkaitaan vastuulliseen kaupank\u00e4yntiin ja ohjaa k\u00e4ym\u00e4\u00e4n kauppaa turvallisesti. Lue vastuullisen kaupank\u00e4ynnin k\u00e4yt\u00e4nn\u00f6st\u00e4mme, miten se tehd\u00e4\u00e4n.\" \/>\n<meta property=\"og:url\" content=\"https:\/\/www.etoro.com\/fi\/wp-json\/wp\/v2\/pages\/36264\" \/>\n<meta property=\"og:site_name\" content=\"eToro\" \/>\n<meta property=\"article:publisher\" content=\"https:\/\/www.facebook.com\/eToro\/\" \/>\n<meta property=\"article:modified_time\" content=\"2024-07-08T10:47:42+00:00\" \/>\n<meta property=\"og:image\" content=\"https:\/\/www.etoro.com\/wp-content\/uploads\/2019\/12\/etoro_logo_social_share1.png\" \/>\n\t<meta property=\"og:image:width\" content=\"240\" \/>\n\t<meta property=\"og:image:height\" content=\"240\" \/>\n\t<meta property=\"og:image:type\" content=\"image\/png\" \/>\n<meta name=\"twitter:card\" content=\"summary_large_image\" \/>\n<meta name=\"twitter:site\" content=\"@eToro\" \/>\n<meta name=\"twitter:label1\" content=\"Arvioitu lukuaika\" \/>\n\t<meta name=\"twitter:data1\" content=\"2 minuuttia\" \/>\n<script type=\"application\/ld+json\" class=\"yoast-schema-graph\">{\"@context\":\"https:\/\/schema.org\",\"@graph\":[{\"@type\":\"WebPage\",\"@id\":\"https:\/\/www.etoro.com\/fi\/customer-service\/responsible-trading\/\",\"url\":\"https:\/\/www.etoro.com\/fi\/customer-service\/responsible-trading\/\",\"name\":\"Vastuullisen kaupank\u00e4ynnin k\u00e4yt\u00e4nt\u00f6 | eToro\",\"isPartOf\":{\"@id\":\"https:\/\/www.etoro.com\/fi\/#website\"},\"datePublished\":\"2017-10-24T06:56:32+00:00\",\"dateModified\":\"2024-07-08T10:47:42+00:00\",\"description\":\"eToro kannustaa asiakkaitaan vastuulliseen kaupank\u00e4yntiin ja ohjaa k\u00e4ym\u00e4\u00e4n kauppaa turvallisesti. Lue vastuullisen kaupank\u00e4ynnin k\u00e4yt\u00e4nn\u00f6st\u00e4mme, miten se tehd\u00e4\u00e4n.\",\"breadcrumb\":{\"@id\":\"https:\/\/www.etoro.com\/fi\/customer-service\/responsible-trading\/#breadcrumb\"},\"inLanguage\":\"fi\",\"potentialAction\":[{\"@type\":\"ReadAction\",\"target\":[\"https:\/\/www.etoro.com\/fi\/customer-service\/responsible-trading\/\"]}]},{\"@type\":\"BreadcrumbList\",\"@id\":\"https:\/\/www.etoro.com\/fi\/customer-service\/responsible-trading\/#breadcrumb\",\"itemListElement\":[{\"@type\":\"ListItem\",\"position\":1,\"name\":\"Koti\",\"item\":\"https:\/\/www.etoro.com\/fi\/\"},{\"@type\":\"ListItem\",\"position\":2,\"name\":\"Asiakaspalvelu\",\"item\":\"https:\/\/www.etoro.com\/fi\/customer-service\/\"},{\"@type\":\"ListItem\",\"position\":3,\"name\":\"Vastuullisen kaupank\u00e4ynnin k\u00e4yt\u00e4nt\u00f6\"}]},{\"@type\":\"WebSite\",\"@id\":\"https:\/\/www.etoro.com\/fi\/#website\",\"url\":\"https:\/\/www.etoro.com\/fi\/\",\"name\":\"eToro\",\"description\":\"\",\"publisher\":{\"@id\":\"https:\/\/www.etoro.com\/fi\/#organization\"},\"potentialAction\":[{\"@type\":\"SearchAction\",\"target\":{\"@type\":\"EntryPoint\",\"urlTemplate\":\"https:\/\/www.etoro.com\/fi\/?s={search_term_string}\"},\"query-input\":{\"@type\":\"PropertyValueSpecification\",\"valueRequired\":true,\"valueName\":\"search_term_string\"}}],\"inLanguage\":\"fi\"},[]]}<\/script>","yoast_head_json":{"title":"Vastuullisen kaupank\u00e4ynnin k\u00e4yt\u00e4nt\u00f6 | eToro","description":"eToro kannustaa asiakkaitaan vastuulliseen kaupank\u00e4yntiin ja ohjaa k\u00e4ym\u00e4\u00e4n kauppaa turvallisesti. Lue vastuullisen kaupank\u00e4ynnin k\u00e4yt\u00e4nn\u00f6st\u00e4mme, miten se tehd\u00e4\u00e4n.","robots":{"index":"index","follow":"follow","max-snippet":"max-snippet:-1","max-image-preview":"max-image-preview:large","max-video-preview":"max-video-preview:-1"},"canonical":"https:\/\/www.etoro.com\/fi\/wp-json\/wp\/v2\/pages\/36264","og_locale":"fi_FI","og_type":"article","og_title":"Vastuullisen kaupank\u00e4ynnin k\u00e4yt\u00e4nt\u00f6 | eToro","og_description":"eToro kannustaa asiakkaitaan vastuulliseen kaupank\u00e4yntiin ja ohjaa k\u00e4ym\u00e4\u00e4n kauppaa turvallisesti. Lue vastuullisen kaupank\u00e4ynnin k\u00e4yt\u00e4nn\u00f6st\u00e4mme, miten se tehd\u00e4\u00e4n.","og_url":"https:\/\/www.etoro.com\/fi\/wp-json\/wp\/v2\/pages\/36264","og_site_name":"eToro","article_publisher":"https:\/\/www.facebook.com\/eToro\/","article_modified_time":"2024-07-08T10:47:42+00:00","og_image":[{"width":240,"height":240,"url":"https:\/\/www.etoro.com\/wp-content\/uploads\/2019\/12\/etoro_logo_social_share1.png","type":"image\/png"}],"twitter_card":"summary_large_image","twitter_site":"@eToro","twitter_misc":{"Arvioitu lukuaika":"2 minuuttia"},"schema":{"@context":"https:\/\/schema.org","@graph":[{"@type":"WebPage","@id":"https:\/\/www.etoro.com\/fi\/customer-service\/responsible-trading\/","url":"https:\/\/www.etoro.com\/fi\/customer-service\/responsible-trading\/","name":"Vastuullisen kaupank\u00e4ynnin k\u00e4yt\u00e4nt\u00f6 | eToro","isPartOf":{"@id":"https:\/\/www.etoro.com\/fi\/#website"},"datePublished":"2017-10-24T06:56:32+00:00","dateModified":"2024-07-08T10:47:42+00:00","description":"eToro kannustaa asiakkaitaan vastuulliseen kaupank\u00e4yntiin ja ohjaa k\u00e4ym\u00e4\u00e4n kauppaa turvallisesti. Lue vastuullisen kaupank\u00e4ynnin k\u00e4yt\u00e4nn\u00f6st\u00e4mme, miten se tehd\u00e4\u00e4n.","breadcrumb":{"@id":"https:\/\/www.etoro.com\/fi\/customer-service\/responsible-trading\/#breadcrumb"},"inLanguage":"fi","potentialAction":[{"@type":"ReadAction","target":["https:\/\/www.etoro.com\/fi\/customer-service\/responsible-trading\/"]}]},{"@type":"BreadcrumbList","@id":"https:\/\/www.etoro.com\/fi\/customer-service\/responsible-trading\/#breadcrumb","itemListElement":[{"@type":"ListItem","position":1,"name":"Koti","item":"https:\/\/www.etoro.com\/fi\/"},{"@type":"ListItem","position":2,"name":"Asiakaspalvelu","item":"https:\/\/www.etoro.com\/fi\/customer-service\/"},{"@type":"ListItem","position":3,"name":"Vastuullisen kaupank\u00e4ynnin k\u00e4yt\u00e4nt\u00f6"}]},{"@type":"WebSite","@id":"https:\/\/www.etoro.com\/fi\/#website","url":"https:\/\/www.etoro.com\/fi\/","name":"eToro","description":"","publisher":{"@id":"https:\/\/www.etoro.com\/fi\/#organization"},"potentialAction":[{"@type":"SearchAction","target":{"@type":"EntryPoint","urlTemplate":"https:\/\/www.etoro.com\/fi\/?s={search_term_string}"},"query-input":{"@type":"PropertyValueSpecification","valueRequired":true,"valueName":"search_term_string"}}],"inLanguage":"fi"},[]]}},"_links":{"self":[{"href":"https:\/\/www.etoro.com\/fi\/wp-json\/wp\/v2\/pages\/36264"}],"collection":[{"href":"https:\/\/www.etoro.com\/fi\/wp-json\/wp\/v2\/pages"}],"about":[{"href":"https:\/\/www.etoro.com\/fi\/wp-json\/wp\/v2\/types\/page"}],"author":[{"embeddable":true,"href":"https:\/\/www.etoro.com\/fi\/wp-json\/wp\/v2\/users\/1"}],"replies":[{"embeddable":true,"href":"https:\/\/www.etoro.com\/fi\/wp-json\/wp\/v2\/comments?post=36264"}],"version-history":[{"count":0,"href":"https:\/\/www.etoro.com\/fi\/wp-json\/wp\/v2\/pages\/36264\/revisions"}],"up":[{"embeddable":true,"href":"https:\/\/www.etoro.com\/fi\/wp-json\/wp\/v2\/pages\/35970"}],"wp:attachment":[{"href":"https:\/\/www.etoro.com\/fi\/wp-json\/wp\/v2\/media?parent=36264"}],"wp:term":[{"taxonomy":"asset_type","embeddable":true,"href":"https:\/\/www.etoro.com\/fi\/wp-json\/wp\/v2\/asset_type?post=36264"}],"curies":[{"name":"wp","href":"https:\/\/api.w.org\/{rel}","templated":true}]}}