{"id":36269,"date":"2017-11-20T08:43:33","date_gmt":"2017-11-20T06:43:33","guid":{"rendered":"http:\/\/www.etoro.com\/customer-service\/copytrading-risks\/"},"modified":"2019-01-28T16:35:16","modified_gmt":"2019-01-28T14:35:16","slug":"copytrading-risks","status":"publish","type":"page","link":"https:\/\/www.etoro.com\/fi\/customer-service\/copytrading-risks\/","title":{"rendered":"Sosiaaliseen kaupank\u00e4yntiin liittyv\u00e4t riskit"},"content":{"rendered":"<p><strong>eToro (Europe) Ltd. ja sen kumppanit tarjoavat sinulle ylpe\u00e4n\u00e4 mahdollisuuden olla tekemisiss\u00e4 muiden kaupank\u00e4yjien kanssa ja seurata ja kopioida heit\u00e4 k\u00e4ytt\u00e4en tietoja ja\/tai sosiaalisen kaupank\u00e4ynnin ominaisuuksia, jotka tarjotaan ja\/tai julkaistaan sivustoillamme ja\/tai kaupank\u00e4yntialustoillamme. Kyseiset sosiaaliset kaupank\u00e4yntiominaisuudet sis\u00e4lt\u00e4v\u00e4t mm. yhteis\u00f6mme, &#8221;seuraa&#8221;, &#8221;kopioi&#8221; ja\/tai &#8221;CopyTrader&#8221;-kaupank\u00e4vij\u00e4listat, &#8221;esitellyt k\u00e4ytt\u00e4j\u00e4t&#8221; ja\/tai kaikki edistyneet hakutoiminnot jne. (kollektiivisesti &#8221;sosiaalisen kaupank\u00e4ynnin ominaisuudet&#8221;). Haluamme kuitenkin huomauttaa, ett\u00e4 sosiaalisen kaupank\u00e4ynnin ominaisuuksiin liittyy erilaisia riskej\u00e4, ja sinua kehotetaan lukemaan huolellisesti ja ottamaan huomioon seuraavat riskit, ennen kuin k\u00e4yt\u00e4t sosiaalisen kaupank\u00e4ynnin ominaisuuksiamme:<\/strong><\/p>\n<ul>\n<li>Automatisoitu kaupank\u00e4ynnin toteutus, jonka perusteella kauppoja avataan ja suljetaan tilill\u00e4si ilman suoraa osallisuuttasi.<\/li>\n<li>eToron sijoitusten hallintapalvelut perustuvat sinun p\u00e4\u00e4t\u00f6ksiisi kopioida tietty\u00e4 kaupank\u00e4vij\u00e4\u00e4 tai kaupank\u00e4vij\u00f6it\u00e4 ja\/tai seurata tietty\u00e4 strategiaa. Tehdess\u00e4si t\u00e4m\u00e4n kaltaisia p\u00e4\u00e4t\u00f6ksi\u00e4 sinun tulee ottaa huomioon kokonaisvaltainen taloudellinen tilanteesi, mukaan lukien taloudelliset velvoitteesi. Lis\u00e4ksi sinun tulee ymm\u00e4rt\u00e4\u00e4, ett\u00e4 sosiaalisten kaupank\u00e4yntiominaisuuksien k\u00e4ytt\u00f6 on hyvin spekulatiivista ja voi aiheuttaa sinulle merkitt\u00e4vi\u00e4 tappioita, jotka ylitt\u00e4v\u00e4t sen raham\u00e4\u00e4r\u00e4n, jolla kopioit kyseist\u00e4 kaupank\u00e4vij\u00e4\u00e4 tai kaupank\u00e4vij\u00f6it\u00e4.<\/li>\n<li>Tarjoamme sosiaalisen kaupank\u00e4ynnin ominaisuuksia vain tiedonantotarkoituksessa. Etoro (Europe) Ltd. ja sen kumppanit sek\u00e4 niiden ty\u00f6ntekij\u00e4t ja edustajat eiv\u00e4t ole sijoitus- tai rahoitusneuvojia. MIK\u00c4LI TEET SIJOITUSP\u00c4\u00c4T\u00d6KSI\u00c4 PERUSTUEN SIVUSTOLLAMME TARJOTTUIHIN TIETOIHIN TAI SOSIAALISEN KAUPANK\u00c4YNNIN OMINAISUUKSIEN K\u00c4YT\u00d6N PERUSTEELLA, TEET NIIN OMALLA VASTUULLASI, JA ETORO GROUP LTD. JA SEN KUMPPANIT SEK\u00c4 NIIDEN TY\u00d6NTEKIJ\u00c4T JA EDUSTAJAT EIV\u00c4T OLE VASTUUSSA MAHDOLLISESTI K\u00c4RSIMIST\u00c4SI TAPPIOISTA.<\/li>\n<li>SINUN EI TULE TEHD\u00c4 SIJOITUSP\u00c4\u00c4T\u00d6KSI\u00c4 TEKEM\u00c4TT\u00c4 ENSIN OMAA TAUSTATUTKIMUSTASI. ON YKSIN SINUN VASTUULLASI P\u00c4\u00c4TT\u00c4\u00c4, SOPIIKO TIETTY SIJOITUS, STRATEGIA, TUOTE TAI PALVELU SINULLE, OTTAEN HUOMIOON SIJOITUSTAVOITTEESI, HENKIL\u00d6KOHTAISEN TILANTEESI JA TALOUDELLISEN TILANTEESI.<\/li>\n<li>Kopioidun kaupank\u00e4vij\u00e4n positioita (liittyen mihin tahansa sijoitusv\u00e4lineeseemme) kopioidaan summalla, joka vastaa position minimim\u00e4\u00e4r\u00e4\u00e4 tai kopioidun kaupan osuutta kopioidun kaupank\u00e4vij\u00e4n realisoituneesta p\u00e4\u00e4omasta, riippuen siit\u00e4, kumpi n\u00e4ist\u00e4 on alempi. Kyseisille positioille m\u00e4\u00e4ritet\u00e4\u00e4n sama vivutus, tappionpys\u00e4ytys ja voiton kotiutus niin pitk\u00e4lti kuin mahdollista. Kaupalle m\u00e4\u00e4ritelty\u00e4 minimisummaa alhaisempia kauppoja ei avata. Kaikki t\u00e4llaiset positiot muokataan ja\/tai suljetaan automaattisesti, jos ja kun kopioitu kaupank\u00e4vij\u00e4 muokkaa niit\u00e4 tai sulkee ne mist\u00e4 tahansa syyst\u00e4. T\u00e4m\u00e4 tapahtuu ilman eri ilmoitusta ja edellytt\u00e4m\u00e4tt\u00e4 mit\u00e4\u00e4n toimenpiteit\u00e4 sinulta. Sinun tulee olla valmis menett\u00e4m\u00e4\u00e4n koko sijoitus, jonka teet t\u00e4ll\u00e4 tavalla kopioituun kaupank\u00e4vij\u00e4\u00e4n. Otat t\u00e4yden vastuun mahdollisista tappioista, jotka k\u00e4rsit seurauksena siit\u00e4, ett\u00e4 toteutamme automaattisesti sosiaalisten kaupank\u00e4yntiominaisuuksiemme k\u00e4ytt\u00f6\u00f6n perustuvia ohjeita.<\/li>\n<li>Mik\u00e4li teet tilill\u00e4si muita kauppoja tai muokkaat tai peruutat sosiaaliseen kaupank\u00e4yntiominaisuuteen perustuvia toimeksiantoja, sinun tuloksesi voivat poiketa huomattavasti kopioimasi k\u00e4ytt\u00e4j\u00e4n tuloksista. Kopioidun kaupank\u00e4vij\u00e4n suorittamat nostot voivat my\u00f6s johtaa huomattavasti poikkeavaan lopputulokseen verrattuna kopioimasi k\u00e4ytt\u00e4j\u00e4\u00e4n, sill\u00e4 kyseiset toimenpiteet voivat vaikuttaa kopioitujen kauppojen suhteellisiin osuuksiin.<\/li>\n<li>K\u00e4ytt\u00e4jiemme aiemmat tulokset, riskipisteytykset, tilastot ja muut sivustollamme ja sovelluksissamme esiintyvi\u00e4 k\u00e4ytt\u00e4ji\u00e4 koskevat tiedot eiv\u00e4t ole osoitus tulevista tuloksista, ja niit\u00e4 tulee pit\u00e4\u00e4 hypoteettisina ohessa kuvatulla tavalla. On t\u00e4rke\u00e4\u00e4 ymm\u00e4rt\u00e4\u00e4, ett\u00e4 riskipisteytykset, tilastotiedot ja aiemmat tulokset eiv\u00e4t ole tae tulevasta.\u00a0 EMME TARJOA MIT\u00c4\u00c4N TAKUUTA SIIT\u00c4, ETT\u00c4 MIK\u00c4\u00c4N TILI TULEE TUOTTAMAAN, TAI TODENN\u00c4K\u00d6ISESTI TUOTTAA, ESITETTYJ\u00c4 VOITTOJA TAI TAPPIOITA VASTAAVIA TULOKSIA JA\/TAI ETTEI KOPIOIDUN K\u00c4YTT\u00c4J\u00c4N RISKIPISTEYTYKSEN TULISI ITSE ASIASSA OLLA ESITETTY\u00c4 KORKEAMPI. Kun tutustut toisen rekister\u00f6idyn k\u00e4ytt\u00e4j\u00e4n sis\u00e4lt\u00f6\u00f6n, salkkuun, taloudellisia tuloksia koskevaan tietoon, mielipiteisiin tai neuvoihin, sinun ei tule olettaa, ett\u00e4 kyseinen k\u00e4ytt\u00e4j\u00e4 on puolueeton, riippumaton tai p\u00e4tev\u00e4 jakamaan taloudellista tietoa tai mielipiteit\u00e4. eToro ei anna takuita millek\u00e4\u00e4n toimeksiannolle, mukaan lukien pys\u00e4ytystoimeksiannot, kuten tappionpys\u00e4ytyksen kopiointi. N\u00e4in ollen eToro ei avaus- tai sulkemistoimeksiannon luonteesta riippumatta takaa, ett\u00e4 kauppa toteutetaan m\u00e4\u00e4ritetyll\u00e4 toteutushinnalla tai tappionpys\u00e4ytysprosentilla, ja mahdollinen tappiosi voi olla kyseisen kaupank\u00e4vij\u00e4n kopiointiin osoitettua summaa suurempi.<\/li>\n<li>AIEMPIA TULOKSIA JA\/TAI RISKIPISTEYTYKSI\u00c4 TULEE PIT\u00c4\u00c4 HYPOTEETTISINA TULOKSINA. HYPOTEETTISILLA TULOKSILLA ON USEITA LUONTAISIA RAJOITUKSIA. EMME TARJOA MIT\u00c4\u00c4N TAKUUTA SIIT\u00c4, ETT\u00c4 MIK\u00c4\u00c4N TILI TULEE TUOTTAMAAN, TAI TODENN\u00c4K\u00d6ISESTI TUOTTAA, AIEMPIA TULOKSIA TAI RISKIPISTEYTYST\u00c4 VASTAAVIA VOITTOJA TAI TAPPIOITA.\u00a0 SIJOITTAJIEN VARSINAISET PROSENTUAALISET VOITOT\/TAPPIOT RIIPPUVAT USEASTA TEKIJ\u00c4ST\u00c4, MUKAAN LUKIEN TILIN AVAUSSALDO (TALLETUKSET JA NOSTOT), MARKKINOIDEN K\u00c4YTT\u00c4YTYMINEN, SIJOITTAJAN TILIASETUKSET JA KOPIOIDUN K\u00c4YTT\u00c4J\u00c4N VARSINAISET TULOKSET.<\/li>\n<li>T\u00c4ST\u00c4 JOHTUEN MINK\u00c4 TAHANSA YKSITT\u00c4ISEN KAUPANK\u00c4YNTIOHJELMAN HYPOTEETTISTEN\/AIEMPIEN TULOSTEN JA TULEVIEN TULOSTEN V\u00c4LILL\u00c4 ON USEIN HUOMATTAVIA EROJA. ER\u00c4S HYPOTEETTISTEN TULOSTEN RAJOITUKSISTA ON SE, ETT\u00c4 NE YLEENS\u00c4 TUOTETAAN J\u00c4LKIK\u00c4TEEN. HYPOTEETTINEN KAUPANK\u00c4YNTI EI MY\u00d6SK\u00c4\u00c4N SIS\u00c4LL\u00c4 TALOUDELLISIA RISKEJ\u00c4, EIK\u00c4 MIK\u00c4\u00c4N HYPOTEETTINEN KAUPANK\u00c4YNTIHISTORIA VOI OTTAA T\u00c4YSIN HUOMIOON VARSINAISEEN KAUPANK\u00c4YNTIIN LIITTYVIEN TALOUDELLISTEN RISKIEN VAIKUTUSTA. ESIMERKIKSI KYKY SIET\u00c4\u00c4 TAPPIOITA TAI JATKAA TIETYN KAUPANK\u00c4YNTIOHJELMAN SEURAAMISTA TAPPIOISTA HUOLIMATTA OVAT MERKITT\u00c4VI\u00c4 MUUTTUJIA, JOILLA VOI OLLA NEGATIIVINEN VAIKUTUS VARSINAISEN KAUPANK\u00c4YNNIN TULOKSIIN.\u00a0 TIETYN KAUPANK\u00c4YNTIOHJELMAN TOTEUTUKSEEN JA MARKKINOIHIN YLEENS\u00c4 LIITTYY USEITA MUITA TEKIJ\u00d6IT\u00c4, JOITA EI VOIDA T\u00c4YSIN OTTAA HUOMIOON HYPOTEETTISTEN TULOSTEN VALMISTELUSSA JA JOILLA KAIKILLA VOI OLLA NEGATIIVINEN VAIKUTUS VARSINAISEN KAUPANK\u00c4YNNIN TULOKSIIN.<\/li>\n<li>MIT\u00c4\u00c4N SIVUSTOLLAMME TARJOTTUA JA\/TAI JULKAISTUA TIETOJA JA\/TAI SOSIAALISIA KAUPANK\u00c4YNTIOMINAISUUKSIA EI OLE TARKOITETTU MINK\u00c4\u00c4NLAISEKSI SIJOITUS-, VERO- TAI RAHOITUSNEUVONNAKSI, EIK\u00c4 SIT\u00c4 TULE TULKITA SELLAISEKSI. SINUN EI TULE PIT\u00c4\u00c4 MIT\u00c4\u00c4N KYSEIST\u00c4 SIS\u00c4LT\u00d6\u00c4 JA\/TAI KYSEISI\u00c4 TOIMINTOJA AMMATTIMAISEN RAHOITUSNEUVONNAN JA\/TAI SIJOITUSNEUVONNAN KORVIKKEENA.\u00a0 MIK\u00c4LI P\u00c4\u00c4T\u00c4T TEHD\u00c4 TOIMEKSIANTOJA SIVUSTON SIS\u00c4LT\u00d6\u00d6N PERUSTUEN JA\/TAI P\u00c4\u00c4T\u00c4T KOPIOIDA TIETTYJ\u00c4 KAUPANK\u00c4VIJ\u00d6IT\u00c4 JA\/TAI KAUPPOJA, KYSEISET P\u00c4\u00c4T\u00d6KSET JA TOIMEKSIANNOT JA NIIDEN MAHDOLLISET SEURAAMUKSET OVAT YKSINOMAAN SINUN VASTUULLASI. VAIKKA YKSITT\u00c4ISET OSALLISTUJAT VOIVAT TARJOTA SIJOITUSNEUVOJA TAI MIELIPITEIT\u00c4 JA\/TAI TOTEUTTAA TOIMEKSIANTOJA, JOTKA VOIVAT TULLA MUIDEN KAUPANK\u00c4VIJ\u00d6IDEN KOPIOIMAKSI, KYSEISET NEUVOT, MIELIPITEET TAI KAUPAT EIV\u00c4T OLE ENEMP\u00c4\u00c4 KUIN MAHDOLLISESTI NIMETT\u00d6MIEN TAI TUNNISTAMATTOMIEN HENKIL\u00d6IDEN V\u00c4LIST\u00c4 VIESTINT\u00c4\u00c4 TAI KYSEISTEN KAUPANK\u00c4VIJ\u00d6IDEN SUORITTAMIA KAUPPOJA. ETORO GROUP LTD. JA SEN KUMPPANIT EIV\u00c4T TARJOA MINK\u00c4\u00c4NLAISTA SUORAA, EP\u00c4SUORAA TAI MUUN KALTAISTA SIJOITUSNEUVONTAA TARJOAMALLA K\u00c4YTT\u00d6\u00d6SI N\u00c4IT\u00c4 TIETOJA JA\/TAI OMINAISUUKSIA. SINUN TULEE K\u00c4YTT\u00c4\u00c4 T\u00c4\u00c4LT\u00c4 SAAMIASI TIETOJA JA\/TAI SOSIAALISIA KAUPANK\u00c4YNTIOMINAISUUKSIA VAIN L\u00c4HT\u00d6KOHTANA OMAAN RIIPPUMATTOMAAN TAUSTATUTKIMUKSEESI JA SIJOITUSP\u00c4\u00c4T\u00d6STEN TEKOON.<\/li>\n<\/ul>\n","protected":false},"excerpt":{"rendered":"<p>eToro (Europe) Ltd. ja sen kumppanit tarjoavat sinulle ylpe\u00e4n\u00e4 mahdollisuuden olla tekemisiss\u00e4 muiden kaupank\u00e4yjien kanssa ja seurata ja kopioida heit\u00e4 k\u00e4ytt\u00e4en tietoja ja\/tai sosiaalisen kaupank\u00e4ynnin ominaisuuksia, jotka tarjotaan ja\/tai julkaistaan sivustoillamme ja\/tai kaupank\u00e4yntialustoillamme. Kyseiset sosiaaliset kaupank\u00e4yntiominaisuudet sis\u00e4lt\u00e4v\u00e4t mm. yhteis\u00f6mme, &#8221;seuraa&#8221;, &#8221;kopioi&#8221; ja\/tai &#8221;CopyTrader&#8221;-kaupank\u00e4vij\u00e4listat, &#8221;esitellyt k\u00e4ytt\u00e4j\u00e4t&#8221; ja\/tai kaikki edistyneet hakutoiminnot jne. (kollektiivisesti &#8221;sosiaalisen kaupank\u00e4ynnin ominaisuudet&#8221;). Haluamme&hellip;<\/p>\n","protected":false},"author":45,"featured_media":0,"parent":35970,"menu_order":1320,"comment_status":"closed","ping_status":"closed","template":"","meta":{"_acf_changed":false,"inline_featured_image":false,"sticky_cta_settings":"","footnotes":""},"asset_type":[],"class_list":["post-36269","page","type-page","status-publish","hentry"],"acf":[],"yoast_head":"<title>Sosiaaliseen kaupank\u00e4yntiin liittyv\u00e4t riskit - eToro<\/title>\n<meta name=\"robots\" content=\"index, follow, max-snippet:-1, max-image-preview:large, max-video-preview:-1\" \/>\n<link rel=\"canonical\" href=\"https:\/\/www.etoro.com\/fi\/wp-json\/wp\/v2\/pages\/36269\" \/>\n<meta property=\"og:locale\" content=\"fi_FI\" \/>\n<meta property=\"og:type\" content=\"article\" \/>\n<meta property=\"og:title\" content=\"Sosiaaliseen kaupank\u00e4yntiin liittyv\u00e4t riskit - eToro\" \/>\n<meta property=\"og:description\" content=\"eToro (Europe) Ltd. ja sen kumppanit tarjoavat sinulle ylpe\u00e4n\u00e4 mahdollisuuden olla tekemisiss\u00e4 muiden kaupank\u00e4yjien kanssa ja seurata ja kopioida heit\u00e4 k\u00e4ytt\u00e4en tietoja ja\/tai sosiaalisen kaupank\u00e4ynnin ominaisuuksia, jotka tarjotaan ja\/tai julkaistaan sivustoillamme ja\/tai kaupank\u00e4yntialustoillamme. Kyseiset sosiaaliset kaupank\u00e4yntiominaisuudet sis\u00e4lt\u00e4v\u00e4t mm. yhteis\u00f6mme, &#8221;seuraa&#8221;, &#8221;kopioi&#8221; ja\/tai &#8221;CopyTrader&#8221;-kaupank\u00e4vij\u00e4listat, &#8221;esitellyt k\u00e4ytt\u00e4j\u00e4t&#8221; ja\/tai kaikki edistyneet hakutoiminnot jne. (kollektiivisesti &#8221;sosiaalisen kaupank\u00e4ynnin ominaisuudet&#8221;). Haluamme&hellip;\" \/>\n<meta property=\"og:url\" content=\"https:\/\/www.etoro.com\/fi\/wp-json\/wp\/v2\/pages\/36269\" \/>\n<meta property=\"og:site_name\" content=\"eToro\" \/>\n<meta property=\"article:publisher\" content=\"https:\/\/www.facebook.com\/eToro\/\" \/>\n<meta property=\"article:modified_time\" content=\"2019-01-28T14:35:16+00:00\" \/>\n<meta property=\"og:image\" content=\"https:\/\/www.etoro.com\/wp-content\/uploads\/2019\/12\/etoro_logo_social_share1.png\" \/>\n\t<meta property=\"og:image:width\" content=\"240\" \/>\n\t<meta property=\"og:image:height\" content=\"240\" \/>\n\t<meta property=\"og:image:type\" content=\"image\/png\" \/>\n<meta name=\"twitter:card\" content=\"summary_large_image\" \/>\n<meta name=\"twitter:site\" content=\"@eToro\" \/>\n<meta name=\"twitter:label1\" content=\"Arvioitu lukuaika\" \/>\n\t<meta name=\"twitter:data1\" content=\"5 minuuttia\" \/>\n<script type=\"application\/ld+json\" class=\"yoast-schema-graph\">{\"@context\":\"https:\/\/schema.org\",\"@graph\":[{\"@type\":\"WebPage\",\"@id\":\"https:\/\/www.etoro.com\/fi\/customer-service\/copytrading-risks\/\",\"url\":\"https:\/\/www.etoro.com\/fi\/customer-service\/copytrading-risks\/\",\"name\":\"Sosiaaliseen kaupank\u00e4yntiin liittyv\u00e4t riskit - eToro\",\"isPartOf\":{\"@id\":\"https:\/\/www.etoro.com\/fi\/#website\"},\"datePublished\":\"2017-11-20T06:43:33+00:00\",\"dateModified\":\"2019-01-28T14:35:16+00:00\",\"breadcrumb\":{\"@id\":\"https:\/\/www.etoro.com\/fi\/customer-service\/copytrading-risks\/#breadcrumb\"},\"inLanguage\":\"fi\",\"potentialAction\":[{\"@type\":\"ReadAction\",\"target\":[\"https:\/\/www.etoro.com\/fi\/customer-service\/copytrading-risks\/\"]}]},{\"@type\":\"BreadcrumbList\",\"@id\":\"https:\/\/www.etoro.com\/fi\/customer-service\/copytrading-risks\/#breadcrumb\",\"itemListElement\":[{\"@type\":\"ListItem\",\"position\":1,\"name\":\"Koti\",\"item\":\"https:\/\/www.etoro.com\/fi\/\"},{\"@type\":\"ListItem\",\"position\":2,\"name\":\"Asiakaspalvelu\",\"item\":\"https:\/\/www.etoro.com\/fi\/customer-service\/\"},{\"@type\":\"ListItem\",\"position\":3,\"name\":\"Sosiaaliseen kaupank\u00e4yntiin liittyv\u00e4t riskit\"}]},{\"@type\":\"WebSite\",\"@id\":\"https:\/\/www.etoro.com\/fi\/#website\",\"url\":\"https:\/\/www.etoro.com\/fi\/\",\"name\":\"eToro\",\"description\":\"\",\"publisher\":{\"@id\":\"https:\/\/www.etoro.com\/fi\/#organization\"},\"potentialAction\":[{\"@type\":\"SearchAction\",\"target\":{\"@type\":\"EntryPoint\",\"urlTemplate\":\"https:\/\/www.etoro.com\/fi\/?s={search_term_string}\"},\"query-input\":{\"@type\":\"PropertyValueSpecification\",\"valueRequired\":true,\"valueName\":\"search_term_string\"}}],\"inLanguage\":\"fi\"},[]]}<\/script>","yoast_head_json":{"title":"Sosiaaliseen kaupank\u00e4yntiin liittyv\u00e4t riskit - eToro","robots":{"index":"index","follow":"follow","max-snippet":"max-snippet:-1","max-image-preview":"max-image-preview:large","max-video-preview":"max-video-preview:-1"},"canonical":"https:\/\/www.etoro.com\/fi\/wp-json\/wp\/v2\/pages\/36269","og_locale":"fi_FI","og_type":"article","og_title":"Sosiaaliseen kaupank\u00e4yntiin liittyv\u00e4t riskit - eToro","og_description":"eToro (Europe) Ltd. ja sen kumppanit tarjoavat sinulle ylpe\u00e4n\u00e4 mahdollisuuden olla tekemisiss\u00e4 muiden kaupank\u00e4yjien kanssa ja seurata ja kopioida heit\u00e4 k\u00e4ytt\u00e4en tietoja ja\/tai sosiaalisen kaupank\u00e4ynnin ominaisuuksia, jotka tarjotaan ja\/tai julkaistaan sivustoillamme ja\/tai kaupank\u00e4yntialustoillamme. Kyseiset sosiaaliset kaupank\u00e4yntiominaisuudet sis\u00e4lt\u00e4v\u00e4t mm. yhteis\u00f6mme, &#8221;seuraa&#8221;, &#8221;kopioi&#8221; ja\/tai &#8221;CopyTrader&#8221;-kaupank\u00e4vij\u00e4listat, &#8221;esitellyt k\u00e4ytt\u00e4j\u00e4t&#8221; ja\/tai kaikki edistyneet hakutoiminnot jne. (kollektiivisesti &#8221;sosiaalisen kaupank\u00e4ynnin ominaisuudet&#8221;). Haluamme&hellip;","og_url":"https:\/\/www.etoro.com\/fi\/wp-json\/wp\/v2\/pages\/36269","og_site_name":"eToro","article_publisher":"https:\/\/www.facebook.com\/eToro\/","article_modified_time":"2019-01-28T14:35:16+00:00","og_image":[{"width":240,"height":240,"url":"https:\/\/www.etoro.com\/wp-content\/uploads\/2019\/12\/etoro_logo_social_share1.png","type":"image\/png"}],"twitter_card":"summary_large_image","twitter_site":"@eToro","twitter_misc":{"Arvioitu lukuaika":"5 minuuttia"},"schema":{"@context":"https:\/\/schema.org","@graph":[{"@type":"WebPage","@id":"https:\/\/www.etoro.com\/fi\/customer-service\/copytrading-risks\/","url":"https:\/\/www.etoro.com\/fi\/customer-service\/copytrading-risks\/","name":"Sosiaaliseen kaupank\u00e4yntiin liittyv\u00e4t riskit - eToro","isPartOf":{"@id":"https:\/\/www.etoro.com\/fi\/#website"},"datePublished":"2017-11-20T06:43:33+00:00","dateModified":"2019-01-28T14:35:16+00:00","breadcrumb":{"@id":"https:\/\/www.etoro.com\/fi\/customer-service\/copytrading-risks\/#breadcrumb"},"inLanguage":"fi","potentialAction":[{"@type":"ReadAction","target":["https:\/\/www.etoro.com\/fi\/customer-service\/copytrading-risks\/"]}]},{"@type":"BreadcrumbList","@id":"https:\/\/www.etoro.com\/fi\/customer-service\/copytrading-risks\/#breadcrumb","itemListElement":[{"@type":"ListItem","position":1,"name":"Koti","item":"https:\/\/www.etoro.com\/fi\/"},{"@type":"ListItem","position":2,"name":"Asiakaspalvelu","item":"https:\/\/www.etoro.com\/fi\/customer-service\/"},{"@type":"ListItem","position":3,"name":"Sosiaaliseen kaupank\u00e4yntiin liittyv\u00e4t riskit"}]},{"@type":"WebSite","@id":"https:\/\/www.etoro.com\/fi\/#website","url":"https:\/\/www.etoro.com\/fi\/","name":"eToro","description":"","publisher":{"@id":"https:\/\/www.etoro.com\/fi\/#organization"},"potentialAction":[{"@type":"SearchAction","target":{"@type":"EntryPoint","urlTemplate":"https:\/\/www.etoro.com\/fi\/?s={search_term_string}"},"query-input":{"@type":"PropertyValueSpecification","valueRequired":true,"valueName":"search_term_string"}}],"inLanguage":"fi"},[]]}},"_links":{"self":[{"href":"https:\/\/www.etoro.com\/fi\/wp-json\/wp\/v2\/pages\/36269"}],"collection":[{"href":"https:\/\/www.etoro.com\/fi\/wp-json\/wp\/v2\/pages"}],"about":[{"href":"https:\/\/www.etoro.com\/fi\/wp-json\/wp\/v2\/types\/page"}],"author":[{"embeddable":true,"href":"https:\/\/www.etoro.com\/fi\/wp-json\/wp\/v2\/users\/45"}],"replies":[{"embeddable":true,"href":"https:\/\/www.etoro.com\/fi\/wp-json\/wp\/v2\/comments?post=36269"}],"version-history":[{"count":0,"href":"https:\/\/www.etoro.com\/fi\/wp-json\/wp\/v2\/pages\/36269\/revisions"}],"up":[{"embeddable":true,"href":"https:\/\/www.etoro.com\/fi\/wp-json\/wp\/v2\/pages\/35970"}],"wp:attachment":[{"href":"https:\/\/www.etoro.com\/fi\/wp-json\/wp\/v2\/media?parent=36269"}],"wp:term":[{"taxonomy":"asset_type","embeddable":true,"href":"https:\/\/www.etoro.com\/fi\/wp-json\/wp\/v2\/asset_type?post=36269"}],"curies":[{"name":"wp","href":"https:\/\/api.w.org\/{rel}","templated":true}]}}