{"id":36274,"date":"2017-10-24T10:23:14","date_gmt":"2017-10-24T07:23:14","guid":{"rendered":"http:\/\/www.etoro.com\/tips\/"},"modified":"2022-12-28T11:17:07","modified_gmt":"2022-12-28T09:17:07","slug":"tips","status":"publish","type":"page","link":"https:\/\/www.etoro.com\/fi\/trading\/tips\/","title":{"rendered":"Vinkkej\u00e4 kaupank\u00e4yntiin ja sijoittamiseen"},"content":{"rendered":"<h2>Miksi tarvitset n\u00e4it\u00e4 kaupank\u00e4yntivinkkej\u00e4?<\/h2>\n<p>Ensiaskeleesi eToro-alustalla ovat t\u00e4rkeit\u00e4. Olemme koonneet parhaat kaupank\u00e4ynti- ja sijoitusvinkkimme t\u00e4h\u00e4n artikkeliin auttaaksemme sinua tutustumaan k\u00e4ytett\u00e4viss\u00e4si oleviin ty\u00f6kaluihin ja ominaisuuksiin. T\u00e4st\u00e4 artikkelista l\u00f6yd\u00e4t kaikkien eToron kaupank\u00e4yntiominaisuuksien ja sosiaalisten kaupank\u00e4yntiominaisuuksien perusperiaatteet.<\/p>\n<h2>Vinkkej\u00e4 kaupank\u00e4yntiin eTorossa<\/h2>\n<ul>\n<li>Valitse omaisuuser\u00e4si: oletko kiinnostunut osakkeista? Valuutoista? Kullakin omaisuuser\u00e4luokalla on omat etunsa ja haasteensa, joten sinun on syyt\u00e4 tutustua niist\u00e4 kuhunkin.<\/li>\n<li>Hajauta: kaikki kaupank\u00e4vij\u00e4t tiet\u00e4v\u00e4t, ett\u00e4 hajauttaminen on avain salkkusi riskitason madaltamiseen. Jaa sijoittamasi varat viisaasti eri omaisuuserille ja omaisuuser\u00e4luokille.<\/li>\n<li>Tieto on valtaa: pysy ajan tasalla uutisista ja tulevista finanssialaan liittyvist\u00e4 tapahtumista. Voit k\u00e4ytt\u00e4\u00e4 t\u00e4h\u00e4n tarkoitukseen\u00a0<a href=\"https:\/\/www.etoro.com\/fi\/trading\/economic-calendar\/\">eToro-kalenteria<\/a>, ja lis\u00e4ksi saat my\u00f6s p\u00e4ivitt\u00e4isen markkina-analyysin meilt\u00e4 s\u00e4hk\u00f6postitse.<\/li>\n<li>Valitse tyylisi: kaupank\u00e4yntitavat voivat vaihdella riippuen kaupank\u00e4vij\u00e4n k\u00e4ytett\u00e4viss\u00e4 olevan p\u00e4\u00e4oman m\u00e4\u00e4r\u00e4st\u00e4, osallistumisaktiivisuudesta ja muista henkil\u00f6kohtaisista mieltymyksist\u00e4. Voit valita teknisen l\u00e4hestymistavan, joka perustuu kuvaajien analysointiin ja trendien tunnistamiseen, tai fundamenttianalyysiin perustuvan l\u00e4hestymistavan, jolloin pyrit ymm\u00e4rt\u00e4m\u00e4\u00e4n miten tietty omaisuuser\u00e4 reagoi tiettyyn tapahtumaan tai vuodenaikaan.<\/li>\n<li>Harjoittele: kun luot eToro-k\u00e4ytt\u00e4j\u00e4tilin, sinulle luodaan demotili, jolla on 100 000 dollaria virtuaalirahaa. Sen avulla voit tutustua kaupank\u00e4yntiin ennen kuin riskeeraat todellisia rahojasi. Voit k\u00e4ytt\u00e4\u00e4 demotili\u00e4 niin perinteiseen kaupank\u00e4yntiin kuin kopiointiin perustuvaan Copy Trading -kaupank\u00e4yntiin.<\/li>\n<\/ul>\n<h2>Vinkkej\u00e4 sosiaaliseen kaupank\u00e4yntiin eTorossa<\/h2>\n<ul>\n<li>L\u00f6yd\u00e4 oikeat henkil\u00f6t kopioitavaksesi: k\u00e4yt\u00e4 &#8221;Etsi ihmisi\u00e4&#8221; -ty\u00f6kalua l\u00f6yt\u00e4\u00e4ksesi parhaat kaupank\u00e4vij\u00e4t seurattavaksi ja kopioitavaksi. Voit suodattaa hakutulokset useilla eri kriteereill\u00e4, kuten riskipisteytyksen, tuoton ja kaupank\u00e4vij\u00e4n kotimaan perusteella.<\/li>\n<li>Kopioi menestyvi\u00e4 kaupank\u00e4vij\u00f6it\u00e4: CopyTrader\u2122-j\u00e4rjestelm\u00e4 on erinomainen tapa automatisoida kaupank\u00e4yntisi. Jos et ole kovin aktiivinen kaupank\u00e4vij\u00e4 tai jos sinulla ei yksinkertaisesti ole riitt\u00e4v\u00e4sti vapaa-aikaa, kokeneiden kaupank\u00e4vij\u00f6iden kopiointi ja kaikkien heid\u00e4n suorittamiensa toimenpiteiden automaattinen toisintaminen reaaliajassa on mainio vaihtoehto.<\/li>\n<li>Tutustu Popular Investor -sijoittajiin: menestyv\u00e4t sijoittajat, joita monet k\u00e4ytt\u00e4j\u00e4t seuraavat, voidaan ottaa mukaan eToron Popular Investor -ohjelmaan. Ohjelma palkitsee n\u00e4m\u00e4 kaupank\u00e4vij\u00e4t upeilla erikoiseduilla, jotka kannustavat heit\u00e4 jakamaan osaamistaan ja k\u00e4ym\u00e4\u00e4n kauppaa vastuullisesti. Mik\u00e4li olet itse hyv\u00e4 kaupank\u00e4vij\u00e4, joka on ansainnut hyv\u00e4\u00e4 tuottoa pit\u00e4en riskin matalana, sinulla voi olla mahdollisuus p\u00e4\u00e4st\u00e4 mukaan Popular Investor -ohjelmaan.<\/li>\n<li>Ajoitus on kaikki kaikessa: kun kopioit uutta kaupank\u00e4vij\u00e4\u00e4, tutustu h\u00e4nen profiiliinsa ja strategiaansa. Joillain kaupank\u00e4vij\u00f6ill\u00e4 on pitk\u00e4n aikav\u00e4lin strategioita, joihin saattaa kuulua tappioiden k\u00e4rsiminen matkan varrella ja voiton tuottaminen vasta my\u00f6hemmin. Varmista, ett\u00e4 tied\u00e4t, mik\u00e4 kaupank\u00e4vij\u00e4n tavoittelema sijoitussykli on.<\/li>\n<\/ul>\n<h2>Vinkkej\u00e4 Smart Portfolio-salkkuihin sijoittamiseen<\/h2>\n<ul>\n<li>Tee temaattisesta sijoittamisesta osa salkkuasi: temaattinen sijoittaminen on mainio tapa tehd\u00e4 pitk\u00e4n aikav\u00e4lin sijoituksia ja v\u00e4hent\u00e4\u00e4 riski\u00e4. Lue lis\u00e4\u00e4\u00a0<u><a href=\"http:\/\/www.etoro.com\/fi\/blog\">eToro-blogista<\/a><\/u>.<\/li>\n<li>Mik\u00e4 on Smart Portfolio: eToron kehitt\u00e4m\u00e4 uusi sijoitusv\u00e4line. Kunkin Smart Portfolion sijoitusstrategia sis\u00e4lt\u00e4\u00e4 useita eri omaisuuseri\u00e4 tai kaupank\u00e4vij\u00f6it\u00e4, ja sit\u00e4 optimoidaan jatkuvasti k\u00e4ytt\u00e4en algoritmia, joka on ohjelmoitu v\u00e4hent\u00e4m\u00e4\u00e4n riski\u00e4 ja lis\u00e4\u00e4m\u00e4\u00e4n tuottoa.<\/li>\n<li>Tunne Smart Portfoliosi: Smart Portfolioita on kolmenlaisia:<\/li>\n<\/ul>\n<ol>\n<li>Top Trader Smart Portfoliot, jotka ker\u00e4\u00e4v\u00e4t yhteen eToron menestyvimpi\u00e4 kaupank\u00e4vij\u00f6it\u00e4;<\/li>\n<li>Market Smart Portfoliot, jotka ker\u00e4\u00e4v\u00e4t yhteen eri omaisuuseri\u00e4 tiettyyn markkinastrategiaan perustuen; ja<\/li>\n<li>Partner Smart Portfoliot, jotka ovat maailman innovatiivisimpiin sijoituspalveluyrityksiin kuuluvien kumppaniemme muodostamia.<\/li>\n<\/ol>\n<ul>\n<li>Ajattele pitk\u00e4ll\u00e4 t\u00e4ht\u00e4imell\u00e4: matalampi riski tarkoittaa yleens\u00e4 matalampaa tuottoa. Jos siis sijoitat Smart Portfolioihin, muista, ett\u00e4 ne on nopeiden voittojen sijaan suunniteltu tuottamaan voittoa pitk\u00e4ll\u00e4 aikav\u00e4lill\u00e4.<\/li>\n<\/ul>\n<h2>Vinkit sijoittamiseen<\/h2>\n<p><strong>Tavoitteet:<\/strong> Aloittaessasi sijoittamista sinun on p\u00e4\u00e4tett\u00e4v\u00e4 tavoitteesi. Onko tavoitteenasi tienata rahaa nopeasti, vai sijoitatko pitk\u00e4j\u00e4nteisesti? Selke\u00e4t tavoitteet toimivat kompassin tavoin: Niiden avulla n\u00e4et aina oikean suunnan erilaisten esteiden ja valintojen edess\u00e4 pitkin matkaa.<\/p>\n<p><strong>Suunnitelma:<\/strong> Jos olet p\u00e4\u00e4tt\u00e4nyt jo tavoitteen, tarvitset viel\u00e4 suunnitelman p\u00e4\u00e4st\u00e4ksesi siihen. Mit\u00e4 sinun on konkreettisesti teht\u00e4v\u00e4, jotta p\u00e4\u00e4set asettamaasi tavoitteeseesi?<\/p>\n<p><strong>Sijoituskohteet:<\/strong> Ennen kuin alat luomaan suunnitelmaa, tutustu kaikkiin erilaisiin omaisuusluokkiin ja kohteisiin, joita sijoitusmaailmasta l\u00f6ytyy. Jokaiseen liittyy omanlaisiansa riskej\u00e4 ja mahdollisuuksia, ja on t\u00e4rke\u00e4\u00e4 ymm\u00e4rt\u00e4\u00e4, miten eri omaisuusluokat liittyv\u00e4t toisiinsa.<\/p>\n<p><strong>Sijoitusstrategiat:<\/strong> On olemassa lukuisia <a class=\"waffle-rich-text-link\" href=\"https:\/\/www.etoro.com\/fi\/news-and-analysis\/copytrader\/6-investment-strategies-gaspersopi\/\">sijoitusstrategioita<\/a> joita voit k\u00e4ytt\u00e4\u00e4 saavuttaaksesi tavoitteesi. Osa hy\u00f6dynt\u00e4\u00e4 teknisen analyysin ty\u00f6kaluja, toiset fundamentaalista analyysi\u00e4. Viime vuosisatojen aikana on ollut lukuisia menestyneit\u00e4 sijoittajia, jotka ovat kertoneet omista strategioistaan omaisuutensa kasvattamiseksi.<\/p>\n<p><strong>Riskej\u00e4 on aina:<\/strong> Oli valitsemasi sijoitustapa sitten mik\u00e4 tahansa, muista ett\u00e4 <a class=\"waffle-rich-text-link\" href=\"https:\/\/www.etoro.com\/fi\/stocks\/risk-management\/\">my\u00f6s riskej\u00e4 on olemassa.<\/a> Voit ansaita paljon rahaa, mutta voit my\u00f6s menett\u00e4\u00e4 merkitt\u00e4v\u00e4n summan rahaa. T\u00e4m\u00e4 on t\u00e4rke\u00e4\u00e4 pit\u00e4\u00e4 mieless\u00e4, kun p\u00e4\u00e4t\u00e4t, paljonko laitat rahaa sijoituksiin. Sijoita aina vain sen verran kuin olet valmis menett\u00e4m\u00e4\u00e4n.<\/p>\n<p><strong>Opiskele:<\/strong> Opiskele sijoitusmaailmaa niin paljon kuin mahdollista ennen rahojen laittamista likoon. Nyky\u00e4\u00e4n netist\u00e4 l\u00f6ytyy valtava m\u00e4\u00e4r\u00e4 ilmaista materiaalia. <a class=\"waffle-rich-text-link\" href=\"https:\/\/www.etoro.com\/fi\/academy\/\">eTorolla on oma<\/a> akatemia t\u00e4ynn\u00e4 opetusvideoita, oppaita, webinaareja, kursseja, luentoja, haastatteluita ja paljon muuta. Kaikki n\u00e4m\u00e4 auttavat sinua kohti sijoitusmaailmaa niin paljon tietoa takataskussa kuin mahdollista.<\/p>\n","protected":false},"excerpt":{"rendered":"<p>Miksi tarvitset n\u00e4it\u00e4 kaupank\u00e4yntivinkkej\u00e4? Ensiaskeleesi eToro-alustalla ovat t\u00e4rkeit\u00e4. Olemme koonneet parhaat kaupank\u00e4ynti- ja sijoitusvinkkimme t\u00e4h\u00e4n artikkeliin auttaaksemme sinua tutustumaan k\u00e4ytett\u00e4viss\u00e4si oleviin ty\u00f6kaluihin ja ominaisuuksiin. T\u00e4st\u00e4 artikkelista l\u00f6yd\u00e4t kaikkien eToron kaupank\u00e4yntiominaisuuksien ja sosiaalisten kaupank\u00e4yntiominaisuuksien perusperiaatteet. Vinkkej\u00e4 kaupank\u00e4yntiin eTorossa Valitse omaisuuser\u00e4si: oletko kiinnostunut osakkeista? Valuutoista? Kullakin omaisuuser\u00e4luokalla on omat etunsa ja haasteensa, joten sinun on syyt\u00e4 tutustua&hellip;<\/p>\n","protected":false},"author":1,"featured_media":0,"parent":36054,"menu_order":1469,"comment_status":"closed","ping_status":"closed","template":"","meta":{"_acf_changed":false,"inline_featured_image":false,"sticky_cta_settings":"","footnotes":""},"asset_type":[],"class_list":["post-36274","page","type-page","status-publish","hentry"],"acf":[],"yoast_head":"<title>Vinkkej\u00e4 kaupank\u00e4yntiin ja sijoittamiseen - eToro<\/title>\n<meta name=\"robots\" content=\"index, follow, max-snippet:-1, max-image-preview:large, max-video-preview:-1\" \/>\n<link rel=\"canonical\" href=\"https:\/\/www.etoro.com\/fi\/wp-json\/wp\/v2\/pages\/36274\" \/>\n<meta property=\"og:locale\" content=\"fi_FI\" \/>\n<meta property=\"og:type\" content=\"article\" \/>\n<meta property=\"og:title\" content=\"Vinkkej\u00e4 kaupank\u00e4yntiin ja sijoittamiseen - eToro\" \/>\n<meta property=\"og:description\" content=\"Miksi tarvitset n\u00e4it\u00e4 kaupank\u00e4yntivinkkej\u00e4? Ensiaskeleesi eToro-alustalla ovat t\u00e4rkeit\u00e4. Olemme koonneet parhaat kaupank\u00e4ynti- ja sijoitusvinkkimme t\u00e4h\u00e4n artikkeliin auttaaksemme sinua tutustumaan k\u00e4ytett\u00e4viss\u00e4si oleviin ty\u00f6kaluihin ja ominaisuuksiin. T\u00e4st\u00e4 artikkelista l\u00f6yd\u00e4t kaikkien eToron kaupank\u00e4yntiominaisuuksien ja sosiaalisten kaupank\u00e4yntiominaisuuksien perusperiaatteet. Vinkkej\u00e4 kaupank\u00e4yntiin eTorossa Valitse omaisuuser\u00e4si: oletko kiinnostunut osakkeista? Valuutoista? Kullakin omaisuuser\u00e4luokalla on omat etunsa ja haasteensa, joten sinun on syyt\u00e4 tutustua&hellip;\" \/>\n<meta property=\"og:url\" content=\"https:\/\/www.etoro.com\/fi\/wp-json\/wp\/v2\/pages\/36274\" \/>\n<meta property=\"og:site_name\" content=\"eToro\" \/>\n<meta property=\"article:publisher\" content=\"https:\/\/www.facebook.com\/eToro\/\" \/>\n<meta property=\"article:modified_time\" content=\"2022-12-28T09:17:07+00:00\" \/>\n<meta property=\"og:image\" content=\"https:\/\/www.etoro.com\/wp-content\/uploads\/2019\/12\/etoro_logo_social_share1.png\" \/>\n\t<meta property=\"og:image:width\" content=\"240\" \/>\n\t<meta property=\"og:image:height\" content=\"240\" \/>\n\t<meta property=\"og:image:type\" content=\"image\/png\" \/>\n<meta name=\"twitter:card\" content=\"summary_large_image\" \/>\n<meta name=\"twitter:site\" content=\"@eToro\" \/>\n<meta name=\"twitter:label1\" content=\"Arvioitu lukuaika\" \/>\n\t<meta name=\"twitter:data1\" content=\"3 minuuttia\" \/>\n<script type=\"application\/ld+json\" class=\"yoast-schema-graph\">{\"@context\":\"https:\/\/schema.org\",\"@graph\":[{\"@type\":\"WebPage\",\"@id\":\"https:\/\/www.etoro.com\/fi\/trading\/tips\/\",\"url\":\"https:\/\/www.etoro.com\/fi\/trading\/tips\/\",\"name\":\"Vinkkej\u00e4 kaupank\u00e4yntiin ja sijoittamiseen - eToro\",\"isPartOf\":{\"@id\":\"https:\/\/www.etoro.com\/fi\/#website\"},\"datePublished\":\"2017-10-24T07:23:14+00:00\",\"dateModified\":\"2022-12-28T09:17:07+00:00\",\"breadcrumb\":{\"@id\":\"https:\/\/www.etoro.com\/fi\/trading\/tips\/#breadcrumb\"},\"inLanguage\":\"fi\",\"potentialAction\":[{\"@type\":\"ReadAction\",\"target\":[\"https:\/\/www.etoro.com\/fi\/trading\/tips\/\"]}]},{\"@type\":\"BreadcrumbList\",\"@id\":\"https:\/\/www.etoro.com\/fi\/trading\/tips\/#breadcrumb\",\"itemListElement\":[{\"@type\":\"ListItem\",\"position\":1,\"name\":\"Koti\",\"item\":\"https:\/\/www.etoro.com\/fi\/\"},{\"@type\":\"ListItem\",\"position\":2,\"name\":\"Kaupank\u00e4ynti\",\"item\":\"https:\/\/www.etoro.com\/fi\/trading\/\"},{\"@type\":\"ListItem\",\"position\":3,\"name\":\"Vinkkej\u00e4 kaupank\u00e4yntiin ja sijoittamiseen\"}]},{\"@type\":\"WebSite\",\"@id\":\"https:\/\/www.etoro.com\/fi\/#website\",\"url\":\"https:\/\/www.etoro.com\/fi\/\",\"name\":\"eToro\",\"description\":\"\",\"publisher\":{\"@id\":\"https:\/\/www.etoro.com\/fi\/#organization\"},\"potentialAction\":[{\"@type\":\"SearchAction\",\"target\":{\"@type\":\"EntryPoint\",\"urlTemplate\":\"https:\/\/www.etoro.com\/fi\/?s={search_term_string}\"},\"query-input\":{\"@type\":\"PropertyValueSpecification\",\"valueRequired\":true,\"valueName\":\"search_term_string\"}}],\"inLanguage\":\"fi\"},[]]}<\/script>","yoast_head_json":{"title":"Vinkkej\u00e4 kaupank\u00e4yntiin ja sijoittamiseen - eToro","robots":{"index":"index","follow":"follow","max-snippet":"max-snippet:-1","max-image-preview":"max-image-preview:large","max-video-preview":"max-video-preview:-1"},"canonical":"https:\/\/www.etoro.com\/fi\/wp-json\/wp\/v2\/pages\/36274","og_locale":"fi_FI","og_type":"article","og_title":"Vinkkej\u00e4 kaupank\u00e4yntiin ja sijoittamiseen - eToro","og_description":"Miksi tarvitset n\u00e4it\u00e4 kaupank\u00e4yntivinkkej\u00e4? Ensiaskeleesi eToro-alustalla ovat t\u00e4rkeit\u00e4. Olemme koonneet parhaat kaupank\u00e4ynti- ja sijoitusvinkkimme t\u00e4h\u00e4n artikkeliin auttaaksemme sinua tutustumaan k\u00e4ytett\u00e4viss\u00e4si oleviin ty\u00f6kaluihin ja ominaisuuksiin. T\u00e4st\u00e4 artikkelista l\u00f6yd\u00e4t kaikkien eToron kaupank\u00e4yntiominaisuuksien ja sosiaalisten kaupank\u00e4yntiominaisuuksien perusperiaatteet. Vinkkej\u00e4 kaupank\u00e4yntiin eTorossa Valitse omaisuuser\u00e4si: oletko kiinnostunut osakkeista? Valuutoista? Kullakin omaisuuser\u00e4luokalla on omat etunsa ja haasteensa, joten sinun on syyt\u00e4 tutustua&hellip;","og_url":"https:\/\/www.etoro.com\/fi\/wp-json\/wp\/v2\/pages\/36274","og_site_name":"eToro","article_publisher":"https:\/\/www.facebook.com\/eToro\/","article_modified_time":"2022-12-28T09:17:07+00:00","og_image":[{"width":240,"height":240,"url":"https:\/\/www.etoro.com\/wp-content\/uploads\/2019\/12\/etoro_logo_social_share1.png","type":"image\/png"}],"twitter_card":"summary_large_image","twitter_site":"@eToro","twitter_misc":{"Arvioitu lukuaika":"3 minuuttia"},"schema":{"@context":"https:\/\/schema.org","@graph":[{"@type":"WebPage","@id":"https:\/\/www.etoro.com\/fi\/trading\/tips\/","url":"https:\/\/www.etoro.com\/fi\/trading\/tips\/","name":"Vinkkej\u00e4 kaupank\u00e4yntiin ja sijoittamiseen - eToro","isPartOf":{"@id":"https:\/\/www.etoro.com\/fi\/#website"},"datePublished":"2017-10-24T07:23:14+00:00","dateModified":"2022-12-28T09:17:07+00:00","breadcrumb":{"@id":"https:\/\/www.etoro.com\/fi\/trading\/tips\/#breadcrumb"},"inLanguage":"fi","potentialAction":[{"@type":"ReadAction","target":["https:\/\/www.etoro.com\/fi\/trading\/tips\/"]}]},{"@type":"BreadcrumbList","@id":"https:\/\/www.etoro.com\/fi\/trading\/tips\/#breadcrumb","itemListElement":[{"@type":"ListItem","position":1,"name":"Koti","item":"https:\/\/www.etoro.com\/fi\/"},{"@type":"ListItem","position":2,"name":"Kaupank\u00e4ynti","item":"https:\/\/www.etoro.com\/fi\/trading\/"},{"@type":"ListItem","position":3,"name":"Vinkkej\u00e4 kaupank\u00e4yntiin ja sijoittamiseen"}]},{"@type":"WebSite","@id":"https:\/\/www.etoro.com\/fi\/#website","url":"https:\/\/www.etoro.com\/fi\/","name":"eToro","description":"","publisher":{"@id":"https:\/\/www.etoro.com\/fi\/#organization"},"potentialAction":[{"@type":"SearchAction","target":{"@type":"EntryPoint","urlTemplate":"https:\/\/www.etoro.com\/fi\/?s={search_term_string}"},"query-input":{"@type":"PropertyValueSpecification","valueRequired":true,"valueName":"search_term_string"}}],"inLanguage":"fi"},[]]}},"_links":{"self":[{"href":"https:\/\/www.etoro.com\/fi\/wp-json\/wp\/v2\/pages\/36274"}],"collection":[{"href":"https:\/\/www.etoro.com\/fi\/wp-json\/wp\/v2\/pages"}],"about":[{"href":"https:\/\/www.etoro.com\/fi\/wp-json\/wp\/v2\/types\/page"}],"author":[{"embeddable":true,"href":"https:\/\/www.etoro.com\/fi\/wp-json\/wp\/v2\/users\/1"}],"replies":[{"embeddable":true,"href":"https:\/\/www.etoro.com\/fi\/wp-json\/wp\/v2\/comments?post=36274"}],"version-history":[{"count":0,"href":"https:\/\/www.etoro.com\/fi\/wp-json\/wp\/v2\/pages\/36274\/revisions"}],"up":[{"embeddable":true,"href":"https:\/\/www.etoro.com\/fi\/wp-json\/wp\/v2\/pages\/36054"}],"wp:attachment":[{"href":"https:\/\/www.etoro.com\/fi\/wp-json\/wp\/v2\/media?parent=36274"}],"wp:term":[{"taxonomy":"asset_type","embeddable":true,"href":"https:\/\/www.etoro.com\/fi\/wp-json\/wp\/v2\/asset_type?post=36274"}],"curies":[{"name":"wp","href":"https:\/\/api.w.org\/{rel}","templated":true}]}}