{"id":36280,"date":"2017-11-14T09:35:22","date_gmt":"2017-11-14T07:35:22","guid":{"rendered":"http:\/\/www.etoro.com\/how-it-works\/"},"modified":"2025-12-01T16:24:00","modified_gmt":"2025-12-01T14:24:00","slug":"how-it-works","status":"publish","type":"page","link":"https:\/\/www.etoro.com\/fi\/copytrader\/how-it-works\/","title":{"rendered":"eToron kopiointij\u00e4rjestelmien kuvaus"},"content":{"rendered":"\n<section class=\"wp-block-group wp-block-group-boxed has-white-background-color has-background\"><div class=\"wp-block-group-inner is-layout-flow wp-block-group-is-layout-flow\">\n<div class=\"wp-block-columns are-vertically-aligned-top wp-block-columns-1 is-layout-flex wp-container-core-columns-is-layout-2 wp-block-columns-is-layout-flex\">\n<div class=\"wp-block-column is-layout-flow wp-block-column-is-layout-flow\">\n<p>eToro-alusta erottuu sosiaalisilla kaupank\u00e4yntiominaisuuksillaan, jotka tarjoavat innovatiivisia tapoja sijoittaa oppimalla muilta. Tutustu siihen, miten <strong>CopyTrader\u2122<\/strong> voi auttaa tutkimaan uusia strategioita ja laajentamaan kaupank\u00e4yntipotentiaaliasi.<\/p>\n\n\n\n<h2 class=\"wp-block-heading\">Copy Trading -perusteet<\/h2>\n\n\n\n<p>K\u00e4site on yksinkertainen: valitse kauppias, sijoitettava summa ja napsauta&#8221;Kopioi&#8221;. T\u00e4m\u00e4 sivu selitt\u00e4\u00e4 j\u00e4rjestelm\u00e4st\u00e4 yksityiskohtaisemmin.&nbsp;<\/p>\n\n\n\n<p><strong>Keskeiset termit:<\/strong><\/p>\n\n\n\n<ul class=\"wp-block-list wp-block-list wp-block-list-circle\">\n<li><strong>Kopiointi<\/strong>: toisen sijoittajan kopioiminen eTorolla<\/li>\n\n\n\n<li><strong>Kopioija<\/strong>: k\u00e4ytt\u00e4j\u00e4, joka suorittaa kopioinnin\u00a0<\/li>\n<\/ul>\n\n\n\n<p><strong>Kopioitu kauppias<\/strong>: kopioitava k\u00e4ytt\u00e4j\u00e4, joka tunnetaan my\u00f6s nimell\u00e4 Popular Investor. <strong>Vain Popular Investoreja voidaan kopioida.<\/strong><\/p>\n\n\n\n<div class=\"wp-block-columns are-vertically-aligned-top wp-block-columns-4 is-layout-flex wp-container-core-columns-is-layout-1 wp-block-columns-is-layout-flex\">\n<div class=\"wp-block-column wp-block-column-align-desktop-center wp-block-column-align-mobile-center is-layout-flow wp-block-column-is-layout-flow\">\n<p><strong>200 $<\/strong><\/p>\n\n\n\n<p>V\u00e4himm\u00e4issijoitus kauppiasta kohden<\/p>\n<\/div>\n\n\n\n<div class=\"wp-block-column wp-block-column-align-desktop-center wp-block-column-align-mobile-center is-layout-flow wp-block-column-is-layout-flow\">\n<p> <strong>1 $<\/strong><\/p>\n\n\n\n<p>V\u00e4himm\u00e4issumma kopiointia kohden<\/p>\n<\/div>\n\n\n\n<div class=\"wp-block-column wp-block-column-align-desktop-center wp-block-column-align-mobile-center is-layout-flow wp-block-column-is-layout-flow\">\n<p><strong>2 000 000 $<\/strong><\/p>\n\n\n\n<p>Enimm\u00e4issijoitus kauppiasta kohden<\/p>\n<\/div>\n\n\n\n<div class=\"wp-block-column wp-block-column-align-desktop-center wp-block-column-align-mobile-center is-layout-flow wp-block-column-is-layout-flow\">\n<p><strong>100<\/strong><\/p>\n\n\n\n<p>Kopioitavien kauppiaiden enimm\u00e4ism\u00e4\u00e4r\u00e4<\/p>\n<\/div>\n<\/div>\n\n\n\n<h2 class=\"wp-block-heading\">Uuden kopion aloittaminen<\/h2>\n\n\n\n<p>Kun aloitat uuden kopion, positiosi vastaa kopioidun kauppiaan salkun nykyist\u00e4 allokaatiota, jotta molemmat pysyv\u00e4t samassa linjassa. Kopioidut salkut j\u00e4ljittelev\u00e4t tarkasti kopioidun sijoittajan koko p\u00e4\u00e4oman prosentuaalisen osuuden, mukaan lukien omaisuuser\u00e4t, allokoimaton k\u00e4teinen sek\u00e4 realisoitumattomat voitot ja tappiot.<\/p>\n\n\n\n<ul class=\"wp-block-list wp-block-list wp-block-list-circle\">\n<li>Siit\u00e4 hetkest\u00e4 l\u00e4htien, kun aloitat kopioinnin, kopiointisijoituksesi peilaa kopioidun kauppiaan nykyisi\u00e4 positioita ja tulevia toimia \u2013 mukaan lukien muutokset Stop Lossiin (SL), Take Profitiin (TP) ja kaupan sulkuihin. Jos kopioitu kauppias laajentaa SL-arvoa lis\u00e4\u00e4m\u00e4ll\u00e4 varoja positioon, my\u00f6s sinun SL-arvosi p\u00e4ivittyy, mutta sijoittamasi m\u00e4\u00e4r\u00e4 pysyy samana.<\/li>\n\n\n\n<li>Jos haluat tarkastella kaikkia yksitt\u00e4iselt\u00e4 sijoittajalta kopioituja kauppoja, siirry salkkuusi ja napsauta Popular Investorin nime\u00e4.\u00a0<\/li>\n\n\n\n<li>Voit sulkea tietyn kopiointikaupan sulkematta koko kopiopositiota.<\/li>\n\n\n\n<li>Jos kopioitu kauppias avaa position markkinoiden ollessa suljettuna (esimerkiksi markkinatauon aikana), markkinatoimeksianto toteutetaan puolestasi ensimm\u00e4iseen saatavilla olevaan markkinakurssiin markkinoiden avauduttua uudelleen.<\/li>\n\n\n\n<li>Voit lopettaa kopioinnin milloin tahansa<\/li>\n<\/ul>\n\n\n\n<p>Huomio: Kaikki kopioon sis\u00e4ltyv\u00e4t kaupat avautuvat tilillesi samanaikaisesti. Saatat aluksi n\u00e4hd\u00e4 pienen tappion, joka heijastaa osto- ja myyntikurssien v\u00e4list\u00e4 spreadi\u00e4. T\u00e4m\u00e4 antaa reaaliaikaisen esityksen siit\u00e4 summasta, jonka saisit, jos sulkisit kaupan v\u00e4litt\u00f6m\u00e4sti.&nbsp;<\/p>\n\n\n\n<p>Uudet kaupat avataan toteutuneen p\u00e4\u00e4oman perusteella (saldosi sek\u00e4 sijoitetut varat). Jos esimerkiksi kopioitu kauppias avaa kaupan k\u00e4ytt\u00e4en 10 % toteutuneesta p\u00e4\u00e4omastaan, kopiosi avaa saman kaupan k\u00e4ytt\u00e4en 10 % toteutuneesta p\u00e4\u00e4omastasi.<\/p>\n\n\n\n<h2 class=\"wp-block-heading\">Pysy synkronoituna automaattisesti<\/h2>\n\n\n\n<p>Automaattinen uudelleenallokointi auttaa pit\u00e4m\u00e4\u00e4n sijoituksesi linjassa kopioimasi kauppiaan salkun kanssa. Kun kopioitava Popular Investor tekee muutoksia, kopioitu positio p\u00e4ivitet\u00e4\u00e4n, jotta salkkusi vastaa kopioidun kauppiaan nykyisi\u00e4 positioita ja strategiaa.<\/p>\n\n\n\n<p>Uudelleenallokointi k\u00e4ynnistyy seuraavissa olosuhteissa:<\/p>\n\n\n\n<ul class=\"wp-block-list wp-block-list wp-block-list-circle\">\n<li><strong>Varojen lis\u00e4\u00e4minen<\/strong><\/li>\n\n\n\n<li><strong>Varojen poistaminen<\/strong><\/li>\n\n\n\n<li><strong>Jatketaan pys\u00e4ytetty\u00e4 kopiointia<\/strong><\/li>\n\n\n\n<li><strong>Kopioidun kauppiaan tekem\u00e4t nostot<\/strong><\/li>\n\n\n\n<li><strong>Kopioidun kauppiaan tekem\u00e4t talletukset.<\/strong> Huomaa, ett\u00e4 t\u00e4m\u00e4 uudelleenallokointi tapahtuu 48 tunnin viiveell\u00e4, joten sinulla on aikaa lis\u00e4t\u00e4 halutessasi varoja.<\/li>\n\n\n\n<li>Kopioidun kauppiaan salkun allokaatioon vaikuttavat <strong>markkinaliikkeet<\/strong> heijastuvat my\u00f6s kopioon.<br><\/li>\n<\/ul>\n\n\n\n<p>Huomaathan, ett\u00e4 olemassa olevia positioita voidaan avata tai sulkea automaattisesti, jotta ne vastaavat oikeita omaisuuserien painotuksia, ja n\u00e4iden automaattisten mukautusten seurauksena voi synty\u00e4 voittoja tai tappioita.<br>&nbsp;<\/p>\n\n\n\n<p>Kun uudelleenallokointi on k\u00e4ynniss\u00e4, et voi lis\u00e4t\u00e4 tai nostaa varoja, sulkea yksitt\u00e4isi\u00e4 positioita tai keskeytt\u00e4\u00e4 kopiota. N\u00e4in j\u00e4rjestelm\u00e4 voi t\u00e4ysin vastata kopioidun kauppiaan p\u00e4ivitetty\u00e4 salkkua.<\/p>\n\n\n\n<p>Saat sovelluksessa ilmoituksen, kun uudelleenallokointi on valmis. Prosessi on valmis <strong>enint\u00e4\u00e4n seitsem\u00e4n arkip\u00e4iv\u00e4n<\/strong> kuluessa, mink\u00e4 j\u00e4lkeen voit jatkaa kopiosi hallintaa normaalisti.<\/p>\n\n\n\n<h2 class=\"wp-block-heading\">Riskin hallinta Copy Stop-Loss -ominaisuudella<\/h2>\n\n\n\n<p>Copy Stop Loss (CSL) on sis\u00e4\u00e4nrakennettu riskinhallintaominaisuus, jonka avulla voit asettaa Stop Loss -prosentin koko kopioin ajalle, jotta voit suojata sijoituksesi reaaliaikaisen voiton ja tappion perusteella. Jos kopiosi arvo laskee alle asetetun summan, j\u00e4rjestelm\u00e4 sulkee kopion automaattisesti ja palauttaa j\u00e4ljell\u00e4 olevat varat saldoosi.<\/p>\n\n\n\n<ul class=\"wp-block-list wp-block-list wp-block-list-circle\">\n<li>Oletusarvoisesti CSL on asetettu 40 %:iin sijoitetusta summasta.\u00a0<\/li>\n\n\n\n<li>Voit s\u00e4\u00e4t\u00e4\u00e4 CSL:\u00e4\u00e4 manuaalisesti mihin tahansa arvoon 5-95 % v\u00e4lill\u00e4 sijoitetusta summasta.<\/li>\n<\/ul>\n\n\n\n<p>Esimerkki: kopioit kauppiasta A 1 000 $:lla. Asetat CSL:n arvoksi 60 %, mik\u00e4 vastaa 600 $. Jos kokonaisp\u00e4\u00e4oma (mukaan lukien realisoitumaton P\/L) laskee 600 $:iin, kaikki positiot sulkeutuvat automaattisesti ja 600 $ palautuu saldoosi.<\/p>\n\n\n\n<p>Huomaathan, ett\u00e4 j\u00e4rjestelm\u00e4 ei salli CSL-arvon laskemista niin pieneksi, ett\u00e4 se voisi johtaa kopion sulkemiseen v\u00e4litt\u00f6m\u00e4sti. My\u00f6s varojen lis\u00e4\u00e4minen tai poistaminen kopioidusta kauppiaasta aiheuttaa CSL-arvon uudelleenlaskemisen prosentteina uudesta kopiointisummasta.<\/p>\n\n\n\n<p><strong>Mit\u00e4 tapahtuu, kun CSL k\u00e4ynnistyy?<\/strong><\/p>\n\n\n\n<p>Kun kopiosi saavuttaa CSL-kynnyksen realisoitumattomien tappioiden vuoksi, kaikki kyseisen kopion positiot suljetaan. Historia-v\u00e4lilehdell\u00e4si suljetut kaupat n\u00e4kyv\u00e4t merkinn\u00e4ll\u00e4 &#8221;CSL.&#8221; sarakkeessa &#8221;Sulje&#8221;.<\/p>\n\n\n\n<figure class=\"wp-block-image aligncenter\"><img loading=\"lazy\" decoding=\"async\" width=\"1057\" height=\"321\" src=\"\/wp-content\/uploads\/2017\/12\/copysystemexplain-image1.png\" alt=\"\" class=\"wp-image-19348 wp-image-desktop\" srcset=\"https:\/\/www.etoro.com\/wp-content\/uploads\/2017\/12\/copysystemexplain-image1.png 1057w, https:\/\/www.etoro.com\/wp-content\/uploads\/2017\/12\/copysystemexplain-image1-300x91.png 300w, https:\/\/www.etoro.com\/wp-content\/uploads\/2017\/12\/copysystemexplain-image1-768x233.png 768w, https:\/\/www.etoro.com\/wp-content\/uploads\/2017\/12\/copysystemexplain-image1-1024x311.png 1024w\" sizes=\"(max-width: 1057px) 100vw, 1057px\" \/><\/figure>\n\n\n\n<p><strong>Miten Copy Stop-Loss on ainutlaatuinen<\/strong><\/p>\n\n\n\n<p>CSL on suunniteltu rajoittamaan kokonaisaltistumistasi yhdelle kauppiaalle. Koska kopioidut kaupat on suojattu CSL:ll\u00e4, voimme sallia enemm\u00e4n joustavuutta Stop Lossin (SL) suhteen.<\/p>\n\n\n\n<p>S\u00e4\u00e4nn\u00f6llisiss\u00e4 kaupoissa SL:n nostaminen yli vaaditun v\u00e4himm\u00e4issumman tarkoittaa, ett\u00e4 saldostasi poistetaan lis\u00e4\u00e4 varoja kaupan tukemiseksi. Kun kopioiduissa kaupoissa kopioitu kauppias nostaa SL-arvoaan, kopiointisummastasi ei v\u00e4hennet\u00e4 enemp\u00e4\u00e4 varoja. T\u00e4m\u00e4 tarkoittaa, ett\u00e4:<\/p>\n\n\n\n<ul class=\"wp-block-list wp-block-list wp-block-list-circle\">\n<li>Yksitt\u00e4inen kauppa voi menn\u00e4 200 %:n tai jopa 300 %:n tappiolle ilman, ett\u00e4 sit\u00e4 pys\u00e4ytet\u00e4\u00e4n, jolloin sill\u00e4 on paremmat mahdollisuudet toipua.<\/li>\n\n\n\n<li>Kopiosaldossasi s\u00e4ilyy riitt\u00e4v\u00e4sti varoja muita kauppoja varten.<\/li>\n<\/ul>\n\n\n\n<p>Jos kopion realisoitumaton kokonaistappio kuitenkin saavuttaa asettamasi CSL:n, kaikki positiot suljetaan ja kopio p\u00e4\u00e4ttyy. Kopioidun kaupan voitto\/tappio lasketaan kauppaan sijoitetun alkuper\u00e4isen summan mukaan.<\/p>\n\n\n\n<h2 class=\"wp-block-heading\">Sijoituksen s\u00e4\u00e4t\u00e4minen milloin tahansa<\/h2>\n\n\n\n<p>Voit lis\u00e4t\u00e4 kopiosijoitustasi milloin tahansa <strong>lis\u00e4\u00e4m\u00e4ll\u00e4 varoja<\/strong>, jotka mukautetaan suhteessa salkkuusi. Vastaavasti sinulla on mahdollisuus <strong>poistaa varoja <\/strong>kopiosta (s\u00e4ilytt\u00e4en kopioinnin v\u00e4himm\u00e4issijoituksen), jolloin ne siirret\u00e4\u00e4n takaisin k\u00e4ytett\u00e4viss\u00e4 olevaan k\u00e4teiseesi. (Kuten edell\u00e4 todettiin, varojen lis\u00e4\u00e4minen kopiopositioon tai poistaminen siit\u00e4 k\u00e4ynnist\u00e4\u00e4 automaattisen uudelleenallokoinnin.)<\/p>\n\n\n\n<h2 class=\"wp-block-heading\">Kopioinnin lopettaminen \u2013 tai vain tauottaminen<\/h2>\n\n\n\n<p>Sijoituksesi ovat aina hallinnassasi ja voit lopettaa kopioinnin milloin tahansa.&nbsp;<\/p>\n\n\n\n<p>Muista, ett\u00e4 voit <strong>sulkea tiettyj\u00e4 kauppoja kopioposition sis\u00e4ll\u00e4<\/strong> sulkematta koko kopiota. T\u00e4m\u00e4n position varat hyvitet\u00e4\u00e4n takaisin kopiosaldoosi.<\/p>\n\n\n\n<p>Jos haluat <strong>lopettaa kauppiaan kopioinnin<\/strong> kokonaan, valitse kopiointiasetusten valikosta &#8221;Lopeta kopiointi&#8221;. T\u00e4m\u00e4n j\u00e4lkeen sinulla on kaksi vaihtoehtoa:<\/p>\n\n\n\n<ul class=\"wp-block-list wp-block-list wp-block-list-circle\">\n<li><strong>Myy kaikki<\/strong> sulkee kopion kokonaan.<\/li>\n\n\n\n<li><strong>S\u00e4ilyt\u00e4 kaikki<\/strong> siirt\u00e4\u00e4 kaikki kopioidut positiot omaan salkkuusi, jossa niit\u00e4 voidaan hallita itsen\u00e4isesti<\/li>\n<\/ul>\n\n\n\n<p><strong>Kopioinnin keskeytt\u00e4minen<\/strong> on ominaisuus, jonka avulla voit lopettaa kauppiaan kopioinnin sulkematta kaikkia t\u00e4ll\u00e4 hetkell\u00e4 avattuja positioita.&nbsp;<\/p>\n\n\n\n<p>Kun kopiointi on keskeytetty, uusia kauppoja ei avata, mutta kaikki jo avoinna olevat kaupat kopioivat edelleen kopioidun kauppiaan SL\/TP- ja sulkemistoimintoja. Kopioinnin keskeytt\u00e4minen voidaan aktivoida eToron salkkusivulta napsauttamalla Asetukset-painiketta ja &#8221;Keskeyt\u00e4 kopiointi&#8221;.<\/p>\n\n\n\n<p>Voit <strong>jatkaa kopiointia<\/strong> milloin tahansa siirtym\u00e4ll\u00e4 salkkusivulle ja napsauttamalla &#8221;Jatka kopiointia&#8221;.<\/p>\n\n\n\n<h2 class=\"wp-block-heading\">Kopioi \u00e4lykk\u00e4\u00e4mmin asiantuntevasti kuratoitujen salkkujen avulla<\/h2>\n\n\n\n<p><a href=\"https:\/\/www.etoro.com\/fi\/investing\/portfolios\/\"><strong>Smart Portfolios<\/strong><\/a> ovat innovatiivisia ja pitk\u00e4aikaisia sijoitussalkkuja, jotka perustuvat samaan CopyTrader-teknologiaan, mik\u00e4 tarkoittaa, ett\u00e4 sijoituksesi heijastaa automaattisesti salkun allokaatiota ja strategiaa. Jokainen salkku noudattaa ainutlaatuista teemaa ja tarjoaa k\u00e4tev\u00e4n ja monipuolisen tavan sijoittaa t\u00e4rkeimpiin markkinasuuntauksiin, jotka muokkaavat maailmaa t\u00e4ll\u00e4 hetkell\u00e4 \u2013 ja kaikki ilman tavanomaisia hallinnointikuluja.<\/p>\n\n\n\n<ul class=\"wp-block-list wp-block-list wp-block-list-circle\">\n<li>Pienin sijoitussumma on vain 500 $.<\/li>\n\n\n\n<li>Smart Portfolion oletusarvoinen Stop Loss on asetettu 10 %:iin.<\/li>\n\n\n\n<li>Kunkin Smart Portfolion painotukset voivat muuttua ajan mittaan, koska ne tasapainotetaan s\u00e4\u00e4nn\u00f6llisesti uudelleen.<\/li>\n<\/ul>\n\n\n\n<p>Smart Portfolioita on useita eri tyyppej\u00e4:<\/p>\n\n\n\n<p><strong>Market Smart Portfoliot<\/strong> niputtavat useita omaisuuseri\u00e4 yhdeksi sijoitustuotteeksi, joista kukin seuraa m\u00e4\u00e4ritelty\u00e4 markkinastrategiaa tai keskittyy tiettyyn toimialaan. Esimerkiksi <a href=\"https:\/\/www.etoro.com\/fi\/smartportfolios\/bigtech\">BigTech Smart Portfolio<\/a> sis\u00e4lt\u00e4\u00e4 johtavia teknologiayrityksi\u00e4, mik\u00e4 tarjoaa k\u00e4tev\u00e4n ja samalla monipuolisen tavan sijoittaa koko alaan yhden omaisuuser\u00e4n kautta.<\/p>\n\n\n\n<p><strong>Top Trader Smart Portfoliot<\/strong> ryhmittelev\u00e4t hyvin menestyvi\u00e4 kauppiaita, jotka eToro sijoituskomitea on valinnut hienostuneen algoritmin avulla yhdeksi sijoitukseksi. Esimerkiksi <a href=\"https:\/\/www.etoro.com\/fi\/smartportfolios\/gainersqtr\">GainersQtr Smart Portfolio<\/a> sis\u00e4lt\u00e4\u00e4 kauppiaita, joilla on johdonmukaiset tuotot ja vahva lyhyen aikav\u00e4lin potentiaali, ja sit\u00e4 p\u00e4ivitet\u00e4\u00e4n s\u00e4\u00e4nn\u00f6llisesti riski hallitsemiseksi ja suorituskyvyn optimoimiseksi.<\/p>\n\n\n\n<p><strong>Partner Smart Portfoliot<\/strong> luodaan yhteisty\u00f6ss\u00e4 maailman innovatiivisimpien sijoitusalan start-up-yritysten, varainhoitajien ja datatutkimusyritysten kanssa. Esimerkiksi <a href=\"https:\/\/www.etoro.com\/news-and-analysis\/copytrader\/time-you-invest-in-your-future\/\">Target Model Smart Portfoliot<\/a> luotiin yhteisty\u00f6ss\u00e4 Franklin Templetonin kanssa, jotta siihen voidaan sis\u00e4llytt\u00e4\u00e4 tavoitevuoden sijoitusstrategioita, jotka mukautuvat automaattisesti ajan my\u00f6t\u00e4.&nbsp;<\/p>\n\n\n\n<p>*Kaikki CopyTrader-k\u00e4ytt\u00f6ehdot voivat muuttua eToron harkinnan mukaan milloin tahansa.<\/p>\n<\/div>\n<\/div>\n<\/div><\/section>\n","protected":false},"excerpt":{"rendered":"<p>eToro-alusta erottuu sosiaalisilla kaupank\u00e4yntiominaisuuksillaan, jotka tarjoavat innovatiivisia tapoja sijoittaa oppimalla muilta. Tutustu siihen, miten CopyTrader\u2122 voi auttaa tutkimaan uusia strategioita ja laajentamaan kaupank\u00e4yntipotentiaaliasi. Copy Trading -perusteet K\u00e4site on yksinkertainen: valitse kauppias, sijoitettava summa ja napsauta&#8221;Kopioi&#8221;. T\u00e4m\u00e4 sivu selitt\u00e4\u00e4 j\u00e4rjestelm\u00e4st\u00e4 yksityiskohtaisemmin.&nbsp; Keskeiset termit: Kopioitu kauppias: kopioitava k\u00e4ytt\u00e4j\u00e4, joka tunnetaan my\u00f6s nimell\u00e4 Popular Investor. Vain Popular Investoreja&hellip;<\/p>\n","protected":false},"author":45,"featured_media":520136,"parent":55591,"menu_order":1362,"comment_status":"closed","ping_status":"closed","template":"","meta":{"_acf_changed":false,"inline_featured_image":false,"sticky_cta_settings":"","footnotes":""},"asset_type":[],"class_list":["post-36280","page","type-page","status-publish","has-post-thumbnail","hentry"],"acf":[],"yoast_head":"<title>eToron kopiointij\u00e4rjestelmien kuvaus - eToro<\/title>\n<meta name=\"robots\" content=\"index, follow, max-snippet:-1, max-image-preview:large, max-video-preview:-1\" \/>\n<link rel=\"canonical\" href=\"https:\/\/www.etoro.com\/fi\/wp-json\/wp\/v2\/pages\/36280\" \/>\n<meta property=\"og:locale\" content=\"fi_FI\" \/>\n<meta property=\"og:type\" content=\"article\" \/>\n<meta property=\"og:title\" content=\"eToron kopiointij\u00e4rjestelmien kuvaus - eToro\" \/>\n<meta property=\"og:description\" content=\"eToro-alusta erottuu sosiaalisilla kaupank\u00e4yntiominaisuuksillaan, jotka tarjoavat innovatiivisia tapoja sijoittaa oppimalla muilta. Tutustu siihen, miten CopyTrader\u2122 voi auttaa tutkimaan uusia strategioita ja laajentamaan kaupank\u00e4yntipotentiaaliasi. Copy Trading -perusteet K\u00e4site on yksinkertainen: valitse kauppias, sijoitettava summa ja napsauta&#8221;Kopioi&#8221;. T\u00e4m\u00e4 sivu selitt\u00e4\u00e4 j\u00e4rjestelm\u00e4st\u00e4 yksityiskohtaisemmin.&nbsp; Keskeiset termit: Kopioitu kauppias: kopioitava k\u00e4ytt\u00e4j\u00e4, joka tunnetaan my\u00f6s nimell\u00e4 Popular Investor. Vain Popular Investoreja&hellip;\" \/>\n<meta property=\"og:url\" content=\"https:\/\/www.etoro.com\/fi\/wp-json\/wp\/v2\/pages\/36280\" \/>\n<meta property=\"og:site_name\" content=\"eToro\" \/>\n<meta property=\"article:publisher\" content=\"https:\/\/www.facebook.com\/eToro\/\" \/>\n<meta property=\"article:modified_time\" content=\"2025-12-01T14:24:00+00:00\" \/>\n<meta property=\"og:image\" content=\"https:\/\/www.etoro.com\/wp-content\/uploads\/2022\/11\/Social_systems-explained_Finnish-fi.jpg\" \/>\n\t<meta property=\"og:image:width\" content=\"1200\" \/>\n\t<meta property=\"og:image:height\" content=\"630\" \/>\n\t<meta property=\"og:image:type\" content=\"image\/jpeg\" \/>\n<meta name=\"twitter:card\" content=\"summary_large_image\" \/>\n<meta name=\"twitter:site\" content=\"@eToro\" \/>\n<meta name=\"twitter:label1\" content=\"Arvioitu lukuaika\" \/>\n\t<meta name=\"twitter:data1\" content=\"7 minuuttia\" \/>\n<script type=\"application\/ld+json\" class=\"yoast-schema-graph\">{\"@context\":\"https:\/\/schema.org\",\"@graph\":[{\"@type\":\"WebPage\",\"@id\":\"https:\/\/www.etoro.com\/fi\/copytrader\/how-it-works\/\",\"url\":\"https:\/\/www.etoro.com\/fi\/copytrader\/how-it-works\/\",\"name\":\"eToron kopiointij\u00e4rjestelmien kuvaus - eToro\",\"isPartOf\":{\"@id\":\"https:\/\/www.etoro.com\/fi\/#website\"},\"primaryImageOfPage\":{\"@id\":\"https:\/\/www.etoro.com\/fi\/copytrader\/how-it-works\/#primaryimage\"},\"image\":{\"@id\":\"https:\/\/www.etoro.com\/fi\/copytrader\/how-it-works\/#primaryimage\"},\"thumbnailUrl\":\"https:\/\/www.etoro.com\/wp-content\/uploads\/2022\/11\/Social_systems-explained_Finnish-fi.jpg\",\"datePublished\":\"2017-11-14T07:35:22+00:00\",\"dateModified\":\"2025-12-01T14:24:00+00:00\",\"breadcrumb\":{\"@id\":\"https:\/\/www.etoro.com\/fi\/copytrader\/how-it-works\/#breadcrumb\"},\"inLanguage\":\"fi\",\"potentialAction\":[{\"@type\":\"ReadAction\",\"target\":[\"https:\/\/www.etoro.com\/fi\/copytrader\/how-it-works\/\"]}]},{\"@type\":\"ImageObject\",\"inLanguage\":\"fi\",\"@id\":\"https:\/\/www.etoro.com\/fi\/copytrader\/how-it-works\/#primaryimage\",\"url\":\"https:\/\/www.etoro.com\/wp-content\/uploads\/2022\/11\/Social_systems-explained_Finnish-fi.jpg\",\"contentUrl\":\"https:\/\/www.etoro.com\/wp-content\/uploads\/2022\/11\/Social_systems-explained_Finnish-fi.jpg\",\"width\":1200,\"height\":630,\"caption\":\"COPYTRADER: SELITETTYN\u00c4\"},{\"@type\":\"BreadcrumbList\",\"@id\":\"https:\/\/www.etoro.com\/fi\/copytrader\/how-it-works\/#breadcrumb\",\"itemListElement\":[{\"@type\":\"ListItem\",\"position\":1,\"name\":\"Koti\",\"item\":\"https:\/\/www.etoro.com\/fi\/\"},{\"@type\":\"ListItem\",\"position\":2,\"name\":\"CopyTrader\",\"item\":\"https:\/\/www.etoro.com\/fi\/copytrader\/\"},{\"@type\":\"ListItem\",\"position\":3,\"name\":\"eToron kopiointij\u00e4rjestelmien kuvaus\"}]},{\"@type\":\"WebSite\",\"@id\":\"https:\/\/www.etoro.com\/fi\/#website\",\"url\":\"https:\/\/www.etoro.com\/fi\/\",\"name\":\"eToro\",\"description\":\"\",\"publisher\":{\"@id\":\"https:\/\/www.etoro.com\/fi\/#organization\"},\"potentialAction\":[{\"@type\":\"SearchAction\",\"target\":{\"@type\":\"EntryPoint\",\"urlTemplate\":\"https:\/\/www.etoro.com\/fi\/?s={search_term_string}\"},\"query-input\":{\"@type\":\"PropertyValueSpecification\",\"valueRequired\":true,\"valueName\":\"search_term_string\"}}],\"inLanguage\":\"fi\"},[]]}<\/script>","yoast_head_json":{"title":"eToron kopiointij\u00e4rjestelmien kuvaus - eToro","robots":{"index":"index","follow":"follow","max-snippet":"max-snippet:-1","max-image-preview":"max-image-preview:large","max-video-preview":"max-video-preview:-1"},"canonical":"https:\/\/www.etoro.com\/fi\/wp-json\/wp\/v2\/pages\/36280","og_locale":"fi_FI","og_type":"article","og_title":"eToron kopiointij\u00e4rjestelmien kuvaus - eToro","og_description":"eToro-alusta erottuu sosiaalisilla kaupank\u00e4yntiominaisuuksillaan, jotka tarjoavat innovatiivisia tapoja sijoittaa oppimalla muilta. Tutustu siihen, miten CopyTrader\u2122 voi auttaa tutkimaan uusia strategioita ja laajentamaan kaupank\u00e4yntipotentiaaliasi. Copy Trading -perusteet K\u00e4site on yksinkertainen: valitse kauppias, sijoitettava summa ja napsauta&#8221;Kopioi&#8221;. T\u00e4m\u00e4 sivu selitt\u00e4\u00e4 j\u00e4rjestelm\u00e4st\u00e4 yksityiskohtaisemmin.&nbsp; Keskeiset termit: Kopioitu kauppias: kopioitava k\u00e4ytt\u00e4j\u00e4, joka tunnetaan my\u00f6s nimell\u00e4 Popular Investor. Vain Popular Investoreja&hellip;","og_url":"https:\/\/www.etoro.com\/fi\/wp-json\/wp\/v2\/pages\/36280","og_site_name":"eToro","article_publisher":"https:\/\/www.facebook.com\/eToro\/","article_modified_time":"2025-12-01T14:24:00+00:00","og_image":[{"width":1200,"height":630,"url":"https:\/\/www.etoro.com\/wp-content\/uploads\/2022\/11\/Social_systems-explained_Finnish-fi.jpg","type":"image\/jpeg"}],"twitter_card":"summary_large_image","twitter_site":"@eToro","twitter_misc":{"Arvioitu lukuaika":"7 minuuttia"},"schema":{"@context":"https:\/\/schema.org","@graph":[{"@type":"WebPage","@id":"https:\/\/www.etoro.com\/fi\/copytrader\/how-it-works\/","url":"https:\/\/www.etoro.com\/fi\/copytrader\/how-it-works\/","name":"eToron kopiointij\u00e4rjestelmien kuvaus - eToro","isPartOf":{"@id":"https:\/\/www.etoro.com\/fi\/#website"},"primaryImageOfPage":{"@id":"https:\/\/www.etoro.com\/fi\/copytrader\/how-it-works\/#primaryimage"},"image":{"@id":"https:\/\/www.etoro.com\/fi\/copytrader\/how-it-works\/#primaryimage"},"thumbnailUrl":"https:\/\/www.etoro.com\/wp-content\/uploads\/2022\/11\/Social_systems-explained_Finnish-fi.jpg","datePublished":"2017-11-14T07:35:22+00:00","dateModified":"2025-12-01T14:24:00+00:00","breadcrumb":{"@id":"https:\/\/www.etoro.com\/fi\/copytrader\/how-it-works\/#breadcrumb"},"inLanguage":"fi","potentialAction":[{"@type":"ReadAction","target":["https:\/\/www.etoro.com\/fi\/copytrader\/how-it-works\/"]}]},{"@type":"ImageObject","inLanguage":"fi","@id":"https:\/\/www.etoro.com\/fi\/copytrader\/how-it-works\/#primaryimage","url":"https:\/\/www.etoro.com\/wp-content\/uploads\/2022\/11\/Social_systems-explained_Finnish-fi.jpg","contentUrl":"https:\/\/www.etoro.com\/wp-content\/uploads\/2022\/11\/Social_systems-explained_Finnish-fi.jpg","width":1200,"height":630,"caption":"COPYTRADER: SELITETTYN\u00c4"},{"@type":"BreadcrumbList","@id":"https:\/\/www.etoro.com\/fi\/copytrader\/how-it-works\/#breadcrumb","itemListElement":[{"@type":"ListItem","position":1,"name":"Koti","item":"https:\/\/www.etoro.com\/fi\/"},{"@type":"ListItem","position":2,"name":"CopyTrader","item":"https:\/\/www.etoro.com\/fi\/copytrader\/"},{"@type":"ListItem","position":3,"name":"eToron kopiointij\u00e4rjestelmien kuvaus"}]},{"@type":"WebSite","@id":"https:\/\/www.etoro.com\/fi\/#website","url":"https:\/\/www.etoro.com\/fi\/","name":"eToro","description":"","publisher":{"@id":"https:\/\/www.etoro.com\/fi\/#organization"},"potentialAction":[{"@type":"SearchAction","target":{"@type":"EntryPoint","urlTemplate":"https:\/\/www.etoro.com\/fi\/?s={search_term_string}"},"query-input":{"@type":"PropertyValueSpecification","valueRequired":true,"valueName":"search_term_string"}}],"inLanguage":"fi"},[]]}},"_links":{"self":[{"href":"https:\/\/www.etoro.com\/fi\/wp-json\/wp\/v2\/pages\/36280"}],"collection":[{"href":"https:\/\/www.etoro.com\/fi\/wp-json\/wp\/v2\/pages"}],"about":[{"href":"https:\/\/www.etoro.com\/fi\/wp-json\/wp\/v2\/types\/page"}],"author":[{"embeddable":true,"href":"https:\/\/www.etoro.com\/fi\/wp-json\/wp\/v2\/users\/45"}],"replies":[{"embeddable":true,"href":"https:\/\/www.etoro.com\/fi\/wp-json\/wp\/v2\/comments?post=36280"}],"version-history":[{"count":0,"href":"https:\/\/www.etoro.com\/fi\/wp-json\/wp\/v2\/pages\/36280\/revisions"}],"up":[{"embeddable":true,"href":"https:\/\/www.etoro.com\/fi\/wp-json\/wp\/v2\/pages\/55591"}],"wp:featuredmedia":[{"embeddable":true,"href":"https:\/\/www.etoro.com\/fi\/wp-json\/wp\/v2\/media\/520136"}],"wp:attachment":[{"href":"https:\/\/www.etoro.com\/fi\/wp-json\/wp\/v2\/media?parent=36280"}],"wp:term":[{"taxonomy":"asset_type","embeddable":true,"href":"https:\/\/www.etoro.com\/fi\/wp-json\/wp\/v2\/asset_type?post=36280"}],"curies":[{"name":"wp","href":"https:\/\/api.w.org\/{rel}","templated":true}]}}