{"id":36293,"date":"2017-10-24T08:45:44","date_gmt":"2017-10-24T05:45:44","guid":{"rendered":"http:\/\/www.etoro.com\/customer-service\/community-guidelines\/"},"modified":"2025-07-10T16:02:23","modified_gmt":"2025-07-10T13:02:23","slug":"community-guidelines","status":"publish","type":"page","link":"https:\/\/www.etoro.com\/fi\/customer-service\/community-guidelines\/","title":{"rendered":"eToron yhteis\u00f6s\u00e4\u00e4nn\u00f6t"},"content":{"rendered":"\n<section class=\"wp-block-group wp-block-group-boxed\"><div class=\"wp-block-group-inner is-layout-flow wp-block-group-is-layout-flow\">\n<div class=\"wp-block-columns are-vertically-aligned-top wp-block-columns-1 is-layout-flex wp-container-core-columns-is-layout-1 wp-block-columns-is-layout-flex\">\n<div class=\"wp-block-column is-layout-flow wp-block-column-is-layout-flow\">\n<h2 class=\"wp-block-heading\">Miten eToroa k\u00e4ytet\u00e4\u00e4n?<\/h2>\n\n\n\n<p>eToro on kaupank\u00e4ynnin verkkoalusta, jolla on ymp\u00e4ri maailmaa miljoonia k\u00e4ytt\u00e4ji\u00e4, jotka k\u00e4ytt\u00e4v\u00e4t alustaa taloutensa hallintaan ja kaupank\u00e4yntiin. eToro on kuitenkin my\u00f6s sosiaalinen verkosto, jossa k\u00e4ytt\u00e4j\u00e4t voivat vaihtaa ajatuksia, ideoita, strategioita jne. Kuten monet muut sosiaaliset verkostot, my\u00f6s eToro on alusta, jolla keskustellaan, ja se tapahtuu p\u00e4\u00e4asiassa rauhallisesti ja kohteliaasti.<\/p>\n\n\n\n<p>&nbsp;<\/p>\n\n\n\n<p>Seuraavat s\u00e4\u00e4nn\u00f6t auttavat sinua ymm\u00e4rt\u00e4m\u00e4\u00e4n, millainen k\u00e4yt\u00f6s on sallittua eTorossa, ja millainen sis\u00e4lt\u00f6 voi her\u00e4tt\u00e4\u00e4 ep\u00e4ilyksi\u00e4 tai johtaa sis\u00e4ll\u00f6n poistamiseen tai alustan k\u00e4yt\u00f6n rajoittamiseen.<\/p>\n\n\n\n<h2 class=\"wp-block-heading\">Miksi eTorolla on yhteis\u00f6s\u00e4\u00e4nn\u00f6t?<\/h2>\n\n\n\n<p>eToro on ennen kaikkea taloudesta kiinnostuneiden ihmisten yhteis\u00f6. eToron yhteis\u00f6 on eritt\u00e4in monimuotoinen: se kattaa kymmeni\u00e4 maita ymp\u00e4ri maailman ja toimii yli 20 eri kielell\u00e4. Tietenkin jotkin k\u00e4ytt\u00e4j\u00e4t saattavat toisinaan v\u00e4\u00e4rink\u00e4ytt\u00e4\u00e4 alustan sosiaalisia ominaisuuksia. Jotkut saattavat toimia n\u00e4in pahantahtoisesti, mutta useimmiten kyse on siit\u00e4, ettei k\u00e4ytt\u00e4j\u00e4 ole tietoinen yhteis\u00f6n s\u00e4\u00e4nn\u00f6ist\u00e4. T\u00e4m\u00e4n vuoksi olemme laatineet t\u00e4m\u00e4n yksityiskohtaisen oppaan, jotta eToron k\u00e4ytt\u00e4j\u00e4t voivat osallistua tervehenkisen ja hy\u00f6dyllisen yhteis\u00f6n yll\u00e4pit\u00e4miseen.<\/p>\n\n\n\n<h2 class=\"wp-block-heading\">S\u00e4\u00e4nt\u00f6jen tarkoitus<\/h2>\n\n\n\n<ul class=\"wp-block-list wp-block-list wp-block-list-circle\">\n<li><b>Turvallisuus<\/b>: Pyrimme varmistamaan kaikkien eToron k\u00e4ytt\u00e4jien turvallisuuden ja hyvinvoinnin. N\u00e4iden s\u00e4\u00e4nt\u00f6jen noudattaminen varmistaa sen.<\/li>\n\n\n\n<li><b>Ihmisarvo<\/b>: eToro on ihmisille tarkoitettu paikka, ja kaikki ansaitsevat tulla kohdelluksi ihmisarvoisesti. S\u00e4\u00e4nt\u00f6jen noudattaminen varmistaa sen, ettei k\u00e4ytt\u00e4jiemme ihmisarvoa loukata.<\/li>\n<\/ul>\n\n\n\n<p>&nbsp;<\/p>\n\n\n\n<p><b><i>Vastuuvapauslauseke:<\/i><\/b><i> Huomaathan, ett\u00e4 yhteis\u00f6s\u00e4\u00e4nt\u00f6jen englanninkielinen versio sis\u00e4lt\u00e4\u00e4 kaikista uusimmat k\u00e4yt\u00e4nn\u00f6t ja on aina ensisijaisesti voimassa.<\/i><\/p>\n\n\n\n<h2 class=\"wp-block-heading\">V\u00e4kivalta ja siihen yllytt\u00e4minen<\/h2>\n\n\n\n<p>eToron k\u00e4ytt\u00e4j\u00e4 ei saa koskaan k\u00e4ytt\u00e4yty\u00e4 v\u00e4kivaltaisesti tai yllytt\u00e4\u00e4 v\u00e4kivaltaiseen toimintaan suoraan tai v\u00e4lillisesti. T\u00e4m\u00e4 sis\u00e4lt\u00e4\u00e4 rajoittumatta seuraavat: kirosanojen k\u00e4ytt\u00f6, sopimaton kielenk\u00e4ytt\u00f6, trollaus, solvaus, petos ja laittomuuksiin houkuttelu.<\/p>\n\n\n\n<h2 class=\"wp-block-heading\">Trollaaminen<\/h2>\n\n\n\n<p>eToron k\u00e4ytt\u00e4j\u00e4n ei tule koskaan tahallisesti aiheuttaa konfliktia, provosoida tai tarkoituksellisesti h\u00e4irit\u00e4 muita k\u00e4ytt\u00e4ji\u00e4. Kaikkien keskustelujen tulee pysy\u00e4 kohteliaina ja asialinjalla.<\/p>\n\n\n\n<h2 class=\"wp-block-heading\">Huijaaminen ja toisena henkil\u00f6n\u00e4 esiintyminen<\/h2>\n\n\n\n<p>\u00c4l\u00e4 koskaan anna harhaanjohtavia tietoja itsest\u00e4si k\u00e4ytt\u00e4m\u00e4ll\u00e4 eToro-logoa tai muita br\u00e4ndej\u00e4 avatarissasi tai julkaisuissasi.<\/p>\n\n\n\n<h2 class=\"wp-block-heading\">Kaupittelu<\/h2>\n\n\n\n<p>Huomaathan, ett\u00e4 k\u00e4ytt\u00e4j\u00e4t ovat vastuussa kaikesta jakamansa sis\u00e4ll\u00f6n kolmannen osapuolen mainonnasta. Et esimerkiksi saa julkaista, jakaa tai esitt\u00e4\u00e4 alustallamme videosis\u00e4lt\u00f6\u00e4, joka sis\u00e4lt\u00e4\u00e4 kolmannen osapuolen mainontaa, kuten videomainoksia tai sponsoroitua grafiikkaa, ilman ennakkohyv\u00e4ksynt\u00e4\u00e4mme.<\/p>\n\n\n\n<h2 class=\"wp-block-heading\">Markkinoiden manipulointitaktiikat<\/h2>\n\n\n\n<ul class=\"wp-block-list wp-block-list wp-block-list-circle\">\n<li>V\u00e4\u00e4r\u00e4 tieto: \u00e4l\u00e4 koskaan julkaise harhaanjohtavaa tietoa tilist\u00e4si ja\/tai kaupank\u00e4yntitaidoistasi.<\/li>\n\n\n\n<li>Sijoitusneuvot: \u00c4l\u00e4 koskaan tarjoa mink\u00e4\u00e4nlaista suoraa sijoitusneuvontaa tai sellaiseksi tulkittavaa tietoa. \u00c4l\u00e4 kannusta suoraan toimintaan (kuten \u201csijoita t\u00e4h\u00e4n\u201d).<\/li>\n\n\n\n<li>Markkinoiden manipulointi: \u00e4l\u00e4 anna v\u00e4\u00e4ri\u00e4 lupauksia tai houkuttele muita kaupank\u00e4yntiin\/sijoittamaan tai yrit\u00e4 luoda ep\u00e4vakaata markkinatilannetta.<\/li>\n\n\n\n<li>\u00c4l\u00e4 organisoi tai toteuta koordinoituja strategioita tehd\u00e4ksesi kauppaa tai toimeksiantoja tietyiss\u00e4 tilanteissa ja aikoina muuttaaksesi osakkeen hintaa, sill\u00e4 se on markkinoiden manipulointia<\/li>\n\n\n\n<li>K\u00e4ytt\u00e4jien manipulointi: \u00e4l\u00e4 anna ohjeita tietyist\u00e4 kaupoista tai kaupank\u00e4ynnist\u00e4.<\/li>\n\n\n\n<li>V\u00e4\u00e4r\u00e4n tiedon levitt\u00e4minen: \u00e4l\u00e4 jaa\/levit\u00e4 v\u00e4\u00e4r\u00e4\u00e4 tietoa, ep\u00e4varmaa tietoa tai huhuja.<\/li>\n\n\n\n<li>Sp\u00e4mm\u00e4ys: \u00c4l\u00e4 toimi vilpillisesti tai manipulatiivisesti. V\u00e4lt\u00e4 v\u00e4\u00e4r\u00e4n tiedon levitt\u00e4mist\u00e4 rahoitusmarkkinoiden v\u00e4\u00e4rist\u00e4miseksi tai julkaisemasta samaa tietoa useita kertoja eri julkaisuissa.<\/li>\n<\/ul>\n\n\n\n<h2 class=\"wp-block-heading\">Yhteydenotto eToron asiakaspalveluun<\/h2>\n\n\n\n<p>\u00c4l\u00e4 julkaise teknisi\u00e4 tai tiliin liittyvi\u00e4 kysymyksi\u00e4 tai tietoa viestiketjussa. Jos sinulla on kysytt\u00e4v\u00e4\u00e4 tai tarvitset apua, voit ottaa yhteytt\u00e4 asiakaspalveluun milloin tahansa chatin v\u00e4lityksell\u00e4 tai <a href=\"https:\/\/www.etoro.com\/fi\/customer-service\/\">luomalla tukipyynn\u00f6n<\/a>. Voit my\u00f6s tutustua <a href=\"https:\/\/help.etoro.com\/s\/?language=fi\">eToron Ohjekeskukseen<\/a>.<\/p>\n\n\n\n<h2 class=\"wp-block-heading\">Henkil\u00f6tiedot<\/h2>\n\n\n\n<p>\u00c4l\u00e4 koskaan jaa henkil\u00f6kohtaisia tietojasi eToron uutisvirrassa tai rohkaise muita siihen.<\/p>\n\n\n\n<h2 class=\"wp-block-heading\">Kielletyt puheenaiheet<\/h2>\n\n\n\n<p>\u00c4l\u00e4 koskaan keskustele, mainitse tai jaa mit\u00e4\u00e4n sis\u00e4lt\u00f6\u00e4, joka liittyy seuraaviin aiheisiin:<\/p>\n\n\n\n<ul class=\"wp-block-list wp-block-list wp-block-list-circle\">\n<li>Itsemurha ja itsens\u00e4 vahingoittaminen<\/li>\n\n\n\n<li>Lapsen seksuaalinen hyv\u00e4ksik\u00e4ytt\u00f6, v\u00e4kivalta ja alastomuus<\/li>\n\n\n\n<li>Kiusaaminen ja h\u00e4irint\u00e4<\/li>\n\n\n\n<li>Alustan manipulointi (eToro-alustan k\u00e4ytt\u00e4minen tavalla, jonka tarkoitus on keinotekoisesti paisutella tai salata tietoa)<\/li>\n\n\n\n<li>Keinotekoinen ja manipuloitu media (harhaanjohtavan, keinotekoisen tai manipuloidun mediasis\u00e4ll\u00f6n jakaminen, joka todenn\u00e4k\u00f6isesti aiheuttaa vahinkoa)<\/li>\n<\/ul>\n\n\n\n<h2 class=\"wp-block-heading\">Yhteis\u00f6s\u00e4\u00e4nt\u00f6jen rikkominen<\/h2>\n\n\n\n<p>Julkaisut, kommentit, avatarit ja profiilit, jotka eiv\u00e4t noudata edell\u00e4 mainittuja s\u00e4\u00e4nt\u00f6j\u00e4, voidaan muokata tai poistaa eToron toimesta. N\u00e4iden s\u00e4\u00e4nt\u00f6jen jatkuva rikkominen johtaa alustan k\u00e4ytt\u00f6si rajoittamiseen tai est\u00e4miseen. Jos eToro-tiimin tai -yhteis\u00f6n j\u00e4sen ilmoittaa edell\u00e4 mainituista ongelmista tiettyyn k\u00e4ytt\u00e4j\u00e4\u00e4n liittyen ja havaitsemme k\u00e4yt\u00f6ksen jatkuvan, on se peruste sis\u00e4ll\u00f6n poistamiselle tai k\u00e4ytt\u00e4j\u00e4n alustan k\u00e4yt\u00f6n rajoittamiselle. Jos alustan k\u00e4ytt\u00f6\u00e4si on rajoitettu, muttet ole varma rajoituksen syyst\u00e4, ota yhteytt\u00e4 <a href=\"https:\/\/www.etoro.com\/fi\/customer-service\/\">Asiakaspalveluumme<\/a>.<\/p>\n\n\n\n<h2 class=\"wp-block-heading\">Kannustamme seuraavaan:<\/h2>\n\n\n\n<h3 class=\"wp-block-heading\">Ole rakentava<\/h3>\n\n\n\n<p>eToro on kaupank\u00e4vij\u00f6iden yhteis\u00f6, jossa k\u00e4ytt\u00e4j\u00e4t ovat eri ik\u00e4isi\u00e4, tulevat eri kulttuureista ja joilla on eri el\u00e4m\u00e4ntyylej\u00e4 ja mielipiteit\u00e4, mutta meit\u00e4 kaikkia yhdist\u00e4\u00e4 mielenkiinto kaupank\u00e4yntiin. Ole kohtelias ja kunnioita toisten ideoita, kommentteja ja kaupank\u00e4ynti\u00e4, vaikka ne poikkeaisivat omista mielipiteist\u00e4si. Rohkaisemme jakamaan ajatuksia ja palautetta, mutta toimi toisia kunnioittavasti \u00e4l\u00e4k\u00e4 h\u00e4irik\u00f6i muita.<\/p>\n\n\n\n<h3 class=\"wp-block-heading\">Edist\u00e4 keskustelua<\/h3>\n\n\n\n<p>Kannustamme sinua keskustelemaan ja haastamaan ideoita, strategioita ja ajankohtaisia markkinatapahtumia.<\/p>\n\n\n\n<h3 class=\"wp-block-heading\">Pid\u00e4 asianmukainen linja<\/h3>\n\n\n\n<p>Esit\u00e4 kysymyksi\u00e4, jos olet ep\u00e4varma, mutta pid\u00e4 keskustelu raiteillaan ja varmista, ett\u00e4 tietoa jaetaan oikeassa paikassa. \u00c4l\u00e4 h\u00e4iritse muiden keskusteluja tai julkaise markkina-aiheisissa viestiketjuissa henkil\u00f6kohtaisia tai asiaankuulumattomia viestej\u00e4. T\u00e4m\u00e4 sis\u00e4lt\u00e4\u00e4: markkinasy\u00f6tteen merkitseminen kaupank\u00e4yntitarinoihisi omien tulostesi mainostamiseksi (sp\u00e4mm\u00e4ys) tai yleisten kysymysten esitt\u00e4minen keskusteluissa, jotka k\u00e4sittelev\u00e4t muita aiheita.<\/p>\n\n\n\n<h3 class=\"wp-block-heading\">\u00c4l\u00e4 ujostele, jos olet vasta-alkaja<\/h3>\n\n\n\n<p>Esit\u00e4 kysymyksi\u00e4 ja kysy tapahtumista, jos et ole varma, mit\u00e4 ne tarkoittavat tai mit\u00e4 tulosta kaikki odottavat ja miksi.<\/p>\n\n\n\n<h3 class=\"wp-block-heading\">Kasvata salkkusi n\u00e4kyvyytt\u00e4 yhteis\u00f6ss\u00e4<\/h3>\n\n\n\n<p>Jos haluat seuraajia eTorossa, voit hy\u00f6dynt\u00e4\u00e4 n\u00e4it\u00e4 vinkkej\u00e4:<\/p>\n\n\n\n<ul class=\"wp-block-list wp-block-list wp-block-list-circle\">\n<li>Lataa kuva itsest\u00e4si ja julkaise nimesi.<\/li>\n\n\n\n<li>eToro kannustaa vastuulliseen kaupank\u00e4yntiin. Esitt\u00e4ydy profiilissasi vastuullisena kaupank\u00e4vij\u00e4n\u00e4. Jaa ajatuksiasi ja perustele kaupank\u00e4ynti\u00e4si uutissy\u00f6tteess\u00e4si. T\u00e4m\u00e4 rakentaa mainettasi ja auttaa potentiaalisia salkkusi kopioijia ymm\u00e4rt\u00e4m\u00e4\u00e4n n\u00e4kemyksi\u00e4si.<\/li>\n\n\n\n<li>Osallistu keskusteluihin ja auta muita heid\u00e4n kysymystens\u00e4 kanssa.<\/li>\n\n\n\n<li>Jaa toimintaasi Facebookissa ja Twitteriss\u00e4 saadaksesi uusia seuraajia. Tarkista, mitk\u00e4 kampanjat ovat saatavilla kaikilla alueilla ja jaa niist\u00e4 tietoa kavereillesi.<\/li>\n<\/ul>\n<\/div>\n<\/div>\n<\/div><\/section>\n\n\n\n<p><\/p>\n","protected":false},"excerpt":{"rendered":"<p>Miten eToroa k\u00e4ytet\u00e4\u00e4n? eToro on kaupank\u00e4ynnin verkkoalusta, jolla on ymp\u00e4ri maailmaa miljoonia k\u00e4ytt\u00e4ji\u00e4, jotka k\u00e4ytt\u00e4v\u00e4t alustaa taloutensa hallintaan ja kaupank\u00e4yntiin. eToro on kuitenkin my\u00f6s sosiaalinen verkosto, jossa k\u00e4ytt\u00e4j\u00e4t voivat vaihtaa ajatuksia, ideoita, strategioita jne. Kuten monet muut sosiaaliset verkostot, my\u00f6s eToro on alusta, jolla keskustellaan, ja se tapahtuu p\u00e4\u00e4asiassa rauhallisesti ja kohteliaasti. &nbsp; Seuraavat s\u00e4\u00e4nn\u00f6t&hellip;<\/p>\n","protected":false},"author":1,"featured_media":813095,"parent":35970,"menu_order":1555,"comment_status":"closed","ping_status":"closed","template":"","meta":{"_acf_changed":false,"inline_featured_image":false,"sticky_cta_settings":"","footnotes":""},"asset_type":[],"class_list":["post-36293","page","type-page","status-publish","has-post-thumbnail","hentry"],"acf":[],"yoast_head":"<title>eToron yhteis\u00f6s\u00e4\u00e4nn\u00f6t - eToro<\/title>\n<meta name=\"description\" content=\"eToron yhteis\u00f6s\u00e4\u00e4nn\u00f6t pyrkiv\u00e4t varmistamaan k\u00e4ytt\u00e4jien turvallisuuden ja viihtyvyyden alustalla. Tutustu s\u00e4\u00e4nt\u00f6ihin ja edist\u00e4 rakentavaa keskustelua.\" \/>\n<meta name=\"robots\" content=\"index, follow, max-snippet:-1, max-image-preview:large, max-video-preview:-1\" \/>\n<link rel=\"canonical\" href=\"https:\/\/www.etoro.com\/fi\/wp-json\/wp\/v2\/pages\/36293\" \/>\n<meta property=\"og:locale\" content=\"fi_FI\" \/>\n<meta property=\"og:type\" content=\"article\" \/>\n<meta property=\"og:title\" content=\"eToron yhteis\u00f6s\u00e4\u00e4nn\u00f6t - eToro\" \/>\n<meta property=\"og:description\" content=\"eToron yhteis\u00f6s\u00e4\u00e4nn\u00f6t pyrkiv\u00e4t varmistamaan k\u00e4ytt\u00e4jien turvallisuuden ja viihtyvyyden alustalla. Tutustu s\u00e4\u00e4nt\u00f6ihin ja edist\u00e4 rakentavaa keskustelua.\" \/>\n<meta property=\"og:url\" content=\"https:\/\/www.etoro.com\/fi\/wp-json\/wp\/v2\/pages\/36293\" \/>\n<meta property=\"og:site_name\" content=\"eToro\" \/>\n<meta property=\"article:publisher\" content=\"https:\/\/www.facebook.com\/eToro\/\" \/>\n<meta property=\"article:modified_time\" content=\"2025-07-10T13:02:23+00:00\" \/>\n<meta property=\"og:image\" content=\"https:\/\/www.etoro.com\/wp-content\/uploads\/2023\/12\/eToro-Community-Guidelines_Featured-image-1200x630_Finnish-fi.png\" \/>\n\t<meta property=\"og:image:width\" content=\"1200\" \/>\n\t<meta property=\"og:image:height\" content=\"630\" \/>\n\t<meta property=\"og:image:type\" content=\"image\/png\" \/>\n<meta name=\"twitter:card\" content=\"summary_large_image\" \/>\n<meta name=\"twitter:site\" content=\"@eToro\" \/>\n<meta name=\"twitter:label1\" content=\"Arvioitu lukuaika\" \/>\n\t<meta name=\"twitter:data1\" content=\"4 minuuttia\" \/>\n<script type=\"application\/ld+json\" class=\"yoast-schema-graph\">{\"@context\":\"https:\/\/schema.org\",\"@graph\":[{\"@type\":\"WebPage\",\"@id\":\"https:\/\/www.etoro.com\/fi\/customer-service\/community-guidelines\/\",\"url\":\"https:\/\/www.etoro.com\/fi\/customer-service\/community-guidelines\/\",\"name\":\"eToron yhteis\u00f6s\u00e4\u00e4nn\u00f6t - eToro\",\"isPartOf\":{\"@id\":\"https:\/\/www.etoro.com\/fi\/#website\"},\"primaryImageOfPage\":{\"@id\":\"https:\/\/www.etoro.com\/fi\/customer-service\/community-guidelines\/#primaryimage\"},\"image\":{\"@id\":\"https:\/\/www.etoro.com\/fi\/customer-service\/community-guidelines\/#primaryimage\"},\"thumbnailUrl\":\"https:\/\/www.etoro.com\/wp-content\/uploads\/2023\/12\/eToro-Community-Guidelines_Featured-image-1200x630_Finnish-fi.png\",\"datePublished\":\"2017-10-24T05:45:44+00:00\",\"dateModified\":\"2025-07-10T13:02:23+00:00\",\"description\":\"eToron yhteis\u00f6s\u00e4\u00e4nn\u00f6t pyrkiv\u00e4t varmistamaan k\u00e4ytt\u00e4jien turvallisuuden ja viihtyvyyden alustalla. Tutustu s\u00e4\u00e4nt\u00f6ihin ja edist\u00e4 rakentavaa keskustelua.\",\"breadcrumb\":{\"@id\":\"https:\/\/www.etoro.com\/fi\/customer-service\/community-guidelines\/#breadcrumb\"},\"inLanguage\":\"fi\",\"potentialAction\":[{\"@type\":\"ReadAction\",\"target\":[\"https:\/\/www.etoro.com\/fi\/customer-service\/community-guidelines\/\"]}]},{\"@type\":\"ImageObject\",\"inLanguage\":\"fi\",\"@id\":\"https:\/\/www.etoro.com\/fi\/customer-service\/community-guidelines\/#primaryimage\",\"url\":\"https:\/\/www.etoro.com\/wp-content\/uploads\/2023\/12\/eToro-Community-Guidelines_Featured-image-1200x630_Finnish-fi.png\",\"contentUrl\":\"https:\/\/www.etoro.com\/wp-content\/uploads\/2023\/12\/eToro-Community-Guidelines_Featured-image-1200x630_Finnish-fi.png\",\"width\":1200,\"height\":630,\"caption\":\"Community Guidelines\"},{\"@type\":\"BreadcrumbList\",\"@id\":\"https:\/\/www.etoro.com\/fi\/customer-service\/community-guidelines\/#breadcrumb\",\"itemListElement\":[{\"@type\":\"ListItem\",\"position\":1,\"name\":\"Koti\",\"item\":\"https:\/\/www.etoro.com\/fi\/\"},{\"@type\":\"ListItem\",\"position\":2,\"name\":\"Asiakaspalvelu\",\"item\":\"https:\/\/www.etoro.com\/fi\/customer-service\/\"},{\"@type\":\"ListItem\",\"position\":3,\"name\":\"eToron yhteis\u00f6s\u00e4\u00e4nn\u00f6t\"}]},{\"@type\":\"WebSite\",\"@id\":\"https:\/\/www.etoro.com\/fi\/#website\",\"url\":\"https:\/\/www.etoro.com\/fi\/\",\"name\":\"eToro\",\"description\":\"\",\"publisher\":{\"@id\":\"https:\/\/www.etoro.com\/fi\/#organization\"},\"potentialAction\":[{\"@type\":\"SearchAction\",\"target\":{\"@type\":\"EntryPoint\",\"urlTemplate\":\"https:\/\/www.etoro.com\/fi\/?s={search_term_string}\"},\"query-input\":{\"@type\":\"PropertyValueSpecification\",\"valueRequired\":true,\"valueName\":\"search_term_string\"}}],\"inLanguage\":\"fi\"},[]]}<\/script>","yoast_head_json":{"title":"eToron yhteis\u00f6s\u00e4\u00e4nn\u00f6t - eToro","description":"eToron yhteis\u00f6s\u00e4\u00e4nn\u00f6t pyrkiv\u00e4t varmistamaan k\u00e4ytt\u00e4jien turvallisuuden ja viihtyvyyden alustalla. Tutustu s\u00e4\u00e4nt\u00f6ihin ja edist\u00e4 rakentavaa keskustelua.","robots":{"index":"index","follow":"follow","max-snippet":"max-snippet:-1","max-image-preview":"max-image-preview:large","max-video-preview":"max-video-preview:-1"},"canonical":"https:\/\/www.etoro.com\/fi\/wp-json\/wp\/v2\/pages\/36293","og_locale":"fi_FI","og_type":"article","og_title":"eToron yhteis\u00f6s\u00e4\u00e4nn\u00f6t - eToro","og_description":"eToron yhteis\u00f6s\u00e4\u00e4nn\u00f6t pyrkiv\u00e4t varmistamaan k\u00e4ytt\u00e4jien turvallisuuden ja viihtyvyyden alustalla. Tutustu s\u00e4\u00e4nt\u00f6ihin ja edist\u00e4 rakentavaa keskustelua.","og_url":"https:\/\/www.etoro.com\/fi\/wp-json\/wp\/v2\/pages\/36293","og_site_name":"eToro","article_publisher":"https:\/\/www.facebook.com\/eToro\/","article_modified_time":"2025-07-10T13:02:23+00:00","og_image":[{"width":1200,"height":630,"url":"https:\/\/www.etoro.com\/wp-content\/uploads\/2023\/12\/eToro-Community-Guidelines_Featured-image-1200x630_Finnish-fi.png","type":"image\/png"}],"twitter_card":"summary_large_image","twitter_site":"@eToro","twitter_misc":{"Arvioitu lukuaika":"4 minuuttia"},"schema":{"@context":"https:\/\/schema.org","@graph":[{"@type":"WebPage","@id":"https:\/\/www.etoro.com\/fi\/customer-service\/community-guidelines\/","url":"https:\/\/www.etoro.com\/fi\/customer-service\/community-guidelines\/","name":"eToron yhteis\u00f6s\u00e4\u00e4nn\u00f6t - eToro","isPartOf":{"@id":"https:\/\/www.etoro.com\/fi\/#website"},"primaryImageOfPage":{"@id":"https:\/\/www.etoro.com\/fi\/customer-service\/community-guidelines\/#primaryimage"},"image":{"@id":"https:\/\/www.etoro.com\/fi\/customer-service\/community-guidelines\/#primaryimage"},"thumbnailUrl":"https:\/\/www.etoro.com\/wp-content\/uploads\/2023\/12\/eToro-Community-Guidelines_Featured-image-1200x630_Finnish-fi.png","datePublished":"2017-10-24T05:45:44+00:00","dateModified":"2025-07-10T13:02:23+00:00","description":"eToron yhteis\u00f6s\u00e4\u00e4nn\u00f6t pyrkiv\u00e4t varmistamaan k\u00e4ytt\u00e4jien turvallisuuden ja viihtyvyyden alustalla. Tutustu s\u00e4\u00e4nt\u00f6ihin ja edist\u00e4 rakentavaa keskustelua.","breadcrumb":{"@id":"https:\/\/www.etoro.com\/fi\/customer-service\/community-guidelines\/#breadcrumb"},"inLanguage":"fi","potentialAction":[{"@type":"ReadAction","target":["https:\/\/www.etoro.com\/fi\/customer-service\/community-guidelines\/"]}]},{"@type":"ImageObject","inLanguage":"fi","@id":"https:\/\/www.etoro.com\/fi\/customer-service\/community-guidelines\/#primaryimage","url":"https:\/\/www.etoro.com\/wp-content\/uploads\/2023\/12\/eToro-Community-Guidelines_Featured-image-1200x630_Finnish-fi.png","contentUrl":"https:\/\/www.etoro.com\/wp-content\/uploads\/2023\/12\/eToro-Community-Guidelines_Featured-image-1200x630_Finnish-fi.png","width":1200,"height":630,"caption":"Community Guidelines"},{"@type":"BreadcrumbList","@id":"https:\/\/www.etoro.com\/fi\/customer-service\/community-guidelines\/#breadcrumb","itemListElement":[{"@type":"ListItem","position":1,"name":"Koti","item":"https:\/\/www.etoro.com\/fi\/"},{"@type":"ListItem","position":2,"name":"Asiakaspalvelu","item":"https:\/\/www.etoro.com\/fi\/customer-service\/"},{"@type":"ListItem","position":3,"name":"eToron yhteis\u00f6s\u00e4\u00e4nn\u00f6t"}]},{"@type":"WebSite","@id":"https:\/\/www.etoro.com\/fi\/#website","url":"https:\/\/www.etoro.com\/fi\/","name":"eToro","description":"","publisher":{"@id":"https:\/\/www.etoro.com\/fi\/#organization"},"potentialAction":[{"@type":"SearchAction","target":{"@type":"EntryPoint","urlTemplate":"https:\/\/www.etoro.com\/fi\/?s={search_term_string}"},"query-input":{"@type":"PropertyValueSpecification","valueRequired":true,"valueName":"search_term_string"}}],"inLanguage":"fi"},[]]}},"_links":{"self":[{"href":"https:\/\/www.etoro.com\/fi\/wp-json\/wp\/v2\/pages\/36293"}],"collection":[{"href":"https:\/\/www.etoro.com\/fi\/wp-json\/wp\/v2\/pages"}],"about":[{"href":"https:\/\/www.etoro.com\/fi\/wp-json\/wp\/v2\/types\/page"}],"author":[{"embeddable":true,"href":"https:\/\/www.etoro.com\/fi\/wp-json\/wp\/v2\/users\/1"}],"replies":[{"embeddable":true,"href":"https:\/\/www.etoro.com\/fi\/wp-json\/wp\/v2\/comments?post=36293"}],"version-history":[{"count":0,"href":"https:\/\/www.etoro.com\/fi\/wp-json\/wp\/v2\/pages\/36293\/revisions"}],"up":[{"embeddable":true,"href":"https:\/\/www.etoro.com\/fi\/wp-json\/wp\/v2\/pages\/35970"}],"wp:featuredmedia":[{"embeddable":true,"href":"https:\/\/www.etoro.com\/fi\/wp-json\/wp\/v2\/media\/813095"}],"wp:attachment":[{"href":"https:\/\/www.etoro.com\/fi\/wp-json\/wp\/v2\/media?parent=36293"}],"wp:term":[{"taxonomy":"asset_type","embeddable":true,"href":"https:\/\/www.etoro.com\/fi\/wp-json\/wp\/v2\/asset_type?post=36293"}],"curies":[{"name":"wp","href":"https:\/\/api.w.org\/{rel}","templated":true}]}}