{"id":648857,"date":"2023-06-14T10:45:54","date_gmt":"2023-06-14T07:45:54","guid":{"rendered":"https:\/\/www.etoro.com\/crypto\/wallet-fees\/"},"modified":"2026-04-06T11:36:35","modified_gmt":"2026-04-06T08:36:35","slug":"wallet","status":"publish","type":"page","link":"https:\/\/www.etoro.com\/fi\/trading\/fees\/wallet\/","title":{"rendered":"Wallet fees"},"content":{"rendered":"\n<section class=\"wp-block-group wp-block-group-boxed\"><div class=\"wp-block-group-inner is-layout-flow wp-block-group-is-layout-flow\">\n<div class=\"wp-block-columns are-vertically-aligned-top wp-block-columns-1 is-layout-flex wp-container-core-columns-is-layout-1 wp-block-columns-is-layout-flex\">\n<div class=\"wp-block-column is-layout-flow wp-block-column-is-layout-flow\">\n<h3 class=\"wp-block-heading\"><strong>L\u00e4hetys\/Vastaanotto transaktiomaksut&nbsp;<\/strong><\/h3>\n\n\n\n<p>Maksu veloitetaan, kun siirr\u00e4t krypto-omaisuuser\u00e4si eToro kryptolompakkoosi.<\/p>\n\n\n\n<ul class=\"wp-block-list wp-block-list wp-block-list-circle\">\n<li>Jos siirr\u00e4t krypto-omaisuuseri\u00e4 eToro-alustalta, perit\u00e4\u00e4n 2 %:n maksu.<\/li>\n\n\n\n<li>Jos siirr\u00e4t krypto-omaisuuseri\u00e4 ulkoiseen l\u00e4hteeseen tai sielt\u00e4 pois, eToro ei veloita maksuja. Ainoa veloitettava maksu on lohkoketjumaksu.<\/li>\n<\/ul>\n\n\n\n<p>Huomaa: Maksulla on v\u00e4himm\u00e4is-\/enimm\u00e4israja, lis\u00e4tietoja saat <a href=\"https:\/\/www.etoro.com\/crypto\/coin-transfer\/\">t\u00e4\u00e4lt\u00e4<\/a>.<\/p>\n\n\n\n<h3 class=\"wp-block-heading\"><strong>L\u00e4hett\u00e4misen transaktiorajat&nbsp;<\/strong><\/h3>\n\n\n\n<p>Kaikkien tuettuja kryptovarojen transaktioiden sallittu enimm\u00e4ism\u00e4\u00e4r\u00e4 on 10&nbsp;000 $ per transaktio, ja p\u00e4ivitt\u00e4inen maksimiraja on 200&nbsp;000 $.&nbsp;<\/p>\n\n\n\n<h3 class=\"wp-block-heading\"><strong>Krypton myyminen GBP:ksi\/EUR:ksi\/AUD:ksi<\/strong><\/h3>\n\n\n\n<p>Maksu veloitetaan, kun myyt kryptoa GBP:ksi, EUR:ksi, AUD:ksi tai USD:ksi eToro-kryptolompakossa.<\/p>\n\n\n\n<p>Sinulle n\u00e4ytet\u00e4\u00e4n arvioitu maksu ennen myynnin suorittamista.<\/p>\n\n\n\n<p>Club-alennus:<\/p>\n\n\n\n<figure class=\"wp-block-table\"><div class=\"wp-block-table-content\"><div class=\"wp-block-table-content-nav wp-block-table-content-nav-left\"><div class=\"wp-block-table-content-nav-arrow wp-block-table-content-nav-arrow-left\"><\/div><\/div><div class=\"wp-block-table-content-nav wp-block-table-content-nav-right\"><div class=\"wp-block-table-content-nav-arrow wp-block-table-content-nav-arrow-right\"><\/div><\/div><div class=\"wp-block-table-content-table\"><table class=\"has-fixed-layout\"><thead><tr><th class=\"has-text-align-center\" data-align=\"center\"><strong>Silver<\/strong><\/th><th class=\"has-text-align-center\" data-align=\"center\"><strong>Gold &amp; Platinum<\/strong><\/th><th class=\"has-text-align-center\" data-align=\"center\"><strong>Platinum+ &amp; Diamond<\/strong><\/th><\/tr><\/thead><tbody><tr><td class=\"has-text-align-center\" data-align=\"center\">1%<\/td><td class=\"has-text-align-center\" data-align=\"center\">20% alennus (0.8%)<\/td><td class=\"has-text-align-center\" data-align=\"center\">40% alennus (0.6%)<\/td><\/tr><\/tbody><\/table><\/div><\/div><\/figure>\n\n\n\n<p><a href=\"https:\/\/www.etoro.com\/fi\/trading\/fees\/\">eToro-maksusivu<\/a><\/p>\n\n\n\n<h3 class=\"wp-block-heading\"><strong>Ethereum &amp; ERC20-transaktiot<\/strong><\/h3>\n\n\n\n<p>Varojesi turvallisuuden varmistamiseksi eToro kryptolompakkoosi lompakko perustuu multisig-ratkaisuun, jossa k\u00e4ytet\u00e4\u00e4n \u00e4lysopimuksia ethereum-verkossa tapahtuviin transaktioihin. Valitettavasti kaikki lompakkopalvelujen tarjoajat ja p\u00f6rssit eiv\u00e4t tue l\u00e4hett\u00e4mist\u00e4 ja vastaanottamista \u00e4lysopimusten kautta. Varmista, ett\u00e4 vastaanottavan puolen osoitteen tarjoaja tukee ETH- ja ERC20-tapahtumia, jotka l\u00e4hetet\u00e4\u00e4n multisig-osoitteista. Jos t\u00e4ss\u00e4 ilmenee ongelmia, tulee silloin ottaa yhteytt\u00e4 vastaanottavan osapuolen palveluntarjoajaan.<\/p>\n\n\n\n<h3 class=\"wp-block-heading\"><strong>XRP-lompakon luominen&nbsp;<\/strong><\/h3>\n\n\n\n<p>T\u00e4ll\u00e4 hetkell\u00e4 XRP-lompakon avaaminen on mahdollista osana kolikonsiirtoprosessia, eik\u00e4 XRP-lompakon luomisesta perit\u00e4 maksuja.&nbsp;<\/p>\n\n\n\n<h3 class=\"wp-block-heading\"><strong>XLM-lompakon luominen&nbsp;<\/strong><\/h3>\n\n\n\n<p>Stellar-lohkoketju vaatii v\u00e4hint\u00e4\u00e4n 2,5 XLM-suuruisen k\u00e4ytt\u00e4m\u00e4tt\u00f6m\u00e4n talletuksen XLM-lompakon aktivoimiseksi. Kun talletus on tehty, lompakko aktivoituu, ja voit n\u00e4hd\u00e4 lompakon Stellar-lohkoketjussa.&nbsp;&nbsp;<\/p>\n\n\n\n<h3 class=\"wp-block-heading\"><strong>ETH-lompakon luominen&nbsp;<\/strong><\/h3>\n\n\n\n<p>T\u00e4ll\u00e4 hetkell\u00e4 ETH-lompakon luominen on mahdollista osana kolikonsiirtoprosessia, eik\u00e4 ETH-lomakon luomisesta perit\u00e4 maksuja. ERC20-tokeneita tuetaan k\u00e4ytt\u00e4jille, joilla on jo kyseinen lompakko.&nbsp;<\/p>\n\n\n\n<p>Uusia ERC20-lompakoita ei ole t\u00e4ll\u00e4 hetkell\u00e4 saatavilla.<\/p>\n\n\n\n<p>Katso lompakon k\u00e4ytt\u00f6ehdot <a class=\"link\" href=\"https:\/\/www.etoro.com\/customer-service\/terms-conditions\/#etoro-money:~:text=eToro%20Money%20crypto%20wallet\">t\u00e4\u00e4lt\u00e4<\/a>.<\/p>\n\n\n\n<p>Lompakon tarjoaa eToroX Limited (\u201deToroX\u201d), Gibraltarilla perustettu osakeyhti\u00f6, jonka yritysnumero on 116348 ja jonka kotipaikka on 57\/63 Line Wall Road, Gibraltar. eToroX on s\u00e4\u00e4nnelty DLT-palveluntarjoaja, joka on Gibraltar Financial Services Commissionin lisensoima Investments and Financial Fiduciary Services Act -lain mukaisesti, lisenssinumero FSC1333B.<\/p>\n<\/div>\n<\/div>\n<\/div><\/section>\n","protected":false},"excerpt":{"rendered":"<p>L\u00e4hetys\/Vastaanotto transaktiomaksut&nbsp; Maksu veloitetaan, kun siirr\u00e4t krypto-omaisuuser\u00e4si eToro kryptolompakkoosi. Huomaa: Maksulla on v\u00e4himm\u00e4is-\/enimm\u00e4israja, lis\u00e4tietoja saat t\u00e4\u00e4lt\u00e4. L\u00e4hett\u00e4misen transaktiorajat&nbsp; Kaikkien tuettuja kryptovarojen transaktioiden sallittu enimm\u00e4ism\u00e4\u00e4r\u00e4 on 10&nbsp;000 $ per transaktio, ja p\u00e4ivitt\u00e4inen maksimiraja on 200&nbsp;000 $.&nbsp; Krypton myyminen GBP:ksi\/EUR:ksi\/AUD:ksi Maksu veloitetaan, kun myyt kryptoa GBP:ksi, EUR:ksi, AUD:ksi tai USD:ksi eToro-kryptolompakossa. Sinulle n\u00e4ytet\u00e4\u00e4n arvioitu maksu ennen myynnin&hellip;<\/p>\n","protected":false},"author":75,"featured_media":623879,"parent":138910,"menu_order":0,"comment_status":"closed","ping_status":"closed","template":"","meta":{"_acf_changed":false,"inline_featured_image":false,"sticky_cta_settings":"","footnotes":""},"asset_type":[],"class_list":["post-648857","page","type-page","status-publish","has-post-thumbnail","hentry"],"acf":[],"yoast_head":"<title>eToro kryptolompakon maksut<\/title>\n<meta name=\"description\" content=\"Kattava katsaus eToro kryptolompakon maksuista, mukaan lukien muuntaminen, transaktiorajat ja yleisen\/erityisen lompakon luominen.\" \/>\n<meta name=\"robots\" content=\"index, follow, max-snippet:-1, max-image-preview:large, max-video-preview:-1\" \/>\n<link rel=\"canonical\" href=\"https:\/\/www.etoro.com\/fi\/wp-json\/wp\/v2\/pages\/648857\" \/>\n<meta property=\"og:locale\" content=\"fi_FI\" \/>\n<meta property=\"og:type\" content=\"article\" \/>\n<meta property=\"og:title\" content=\"eToro kryptolompakon maksut\" \/>\n<meta property=\"og:description\" content=\"Kattava katsaus eToro kryptolompakon maksuista, mukaan lukien muuntaminen, transaktiorajat ja yleisen\/erityisen lompakon luominen.\" \/>\n<meta property=\"og:url\" content=\"https:\/\/www.etoro.com\/fi\/wp-json\/wp\/v2\/pages\/648857\" \/>\n<meta property=\"og:site_name\" content=\"eToro\" \/>\n<meta property=\"article:publisher\" content=\"https:\/\/www.facebook.com\/eToro\/\" \/>\n<meta property=\"article:modified_time\" content=\"2026-04-06T08:36:35+00:00\" \/>\n<meta property=\"og:image\" content=\"https:\/\/www.etoro.com\/wp-content\/uploads\/2023\/06\/Wallet-fees.jpg\" \/>\n\t<meta property=\"og:image:width\" content=\"1200\" \/>\n\t<meta property=\"og:image:height\" content=\"630\" \/>\n\t<meta property=\"og:image:type\" content=\"image\/jpeg\" \/>\n<meta name=\"twitter:card\" content=\"summary_large_image\" \/>\n<meta name=\"twitter:site\" content=\"@eToro\" \/>\n<meta name=\"twitter:label1\" content=\"Arvioitu lukuaika\" \/>\n\t<meta name=\"twitter:data1\" content=\"2 minuuttia\" \/>\n<script type=\"application\/ld+json\" class=\"yoast-schema-graph\">{\"@context\":\"https:\/\/schema.org\",\"@graph\":[{\"@type\":\"WebPage\",\"@id\":\"https:\/\/www.etoro.com\/fi\/trading\/fees\/wallet\/\",\"url\":\"https:\/\/www.etoro.com\/fi\/trading\/fees\/wallet\/\",\"name\":\"eToro kryptolompakon maksut\",\"isPartOf\":{\"@id\":\"https:\/\/www.etoro.com\/fi\/#website\"},\"primaryImageOfPage\":{\"@id\":\"https:\/\/www.etoro.com\/fi\/trading\/fees\/wallet\/#primaryimage\"},\"image\":{\"@id\":\"https:\/\/www.etoro.com\/fi\/trading\/fees\/wallet\/#primaryimage\"},\"thumbnailUrl\":\"https:\/\/www.etoro.com\/wp-content\/uploads\/2023\/06\/Wallet-fees.jpg\",\"datePublished\":\"2023-06-14T07:45:54+00:00\",\"dateModified\":\"2026-04-06T08:36:35+00:00\",\"description\":\"Kattava katsaus eToro kryptolompakon maksuista, mukaan lukien muuntaminen, transaktiorajat ja yleisen\/erityisen lompakon luominen.\",\"breadcrumb\":{\"@id\":\"https:\/\/www.etoro.com\/fi\/trading\/fees\/wallet\/#breadcrumb\"},\"inLanguage\":\"fi\",\"potentialAction\":[{\"@type\":\"ReadAction\",\"target\":[\"https:\/\/www.etoro.com\/fi\/trading\/fees\/wallet\/\"]}]},{\"@type\":\"ImageObject\",\"inLanguage\":\"fi\",\"@id\":\"https:\/\/www.etoro.com\/fi\/trading\/fees\/wallet\/#primaryimage\",\"url\":\"https:\/\/www.etoro.com\/wp-content\/uploads\/2023\/06\/Wallet-fees.jpg\",\"contentUrl\":\"https:\/\/www.etoro.com\/wp-content\/uploads\/2023\/06\/Wallet-fees.jpg\",\"width\":1200,\"height\":630,\"caption\":\"Wallet Fees\"},{\"@type\":\"BreadcrumbList\",\"@id\":\"https:\/\/www.etoro.com\/fi\/trading\/fees\/wallet\/#breadcrumb\",\"itemListElement\":[{\"@type\":\"ListItem\",\"position\":1,\"name\":\"Koti\",\"item\":\"https:\/\/www.etoro.com\/fi\/\"},{\"@type\":\"ListItem\",\"position\":2,\"name\":\"Kaupank\u00e4ynti\",\"item\":\"https:\/\/www.etoro.com\/fi\/trading\/\"},{\"@type\":\"ListItem\",\"position\":3,\"name\":\"Kulut\",\"item\":\"https:\/\/www.etoro.com\/fi\/trading\/fees\/\"},{\"@type\":\"ListItem\",\"position\":4,\"name\":\"Wallet fees\"}]},{\"@type\":\"WebSite\",\"@id\":\"https:\/\/www.etoro.com\/fi\/#website\",\"url\":\"https:\/\/www.etoro.com\/fi\/\",\"name\":\"eToro\",\"description\":\"\",\"publisher\":{\"@id\":\"https:\/\/www.etoro.com\/fi\/#organization\"},\"potentialAction\":[{\"@type\":\"SearchAction\",\"target\":{\"@type\":\"EntryPoint\",\"urlTemplate\":\"https:\/\/www.etoro.com\/fi\/?s={search_term_string}\"},\"query-input\":{\"@type\":\"PropertyValueSpecification\",\"valueRequired\":true,\"valueName\":\"search_term_string\"}}],\"inLanguage\":\"fi\"},[]]}<\/script>","yoast_head_json":{"title":"eToro kryptolompakon maksut","description":"Kattava katsaus eToro kryptolompakon maksuista, mukaan lukien muuntaminen, transaktiorajat ja yleisen\/erityisen lompakon luominen.","robots":{"index":"index","follow":"follow","max-snippet":"max-snippet:-1","max-image-preview":"max-image-preview:large","max-video-preview":"max-video-preview:-1"},"canonical":"https:\/\/www.etoro.com\/fi\/wp-json\/wp\/v2\/pages\/648857","og_locale":"fi_FI","og_type":"article","og_title":"eToro kryptolompakon maksut","og_description":"Kattava katsaus eToro kryptolompakon maksuista, mukaan lukien muuntaminen, transaktiorajat ja yleisen\/erityisen lompakon luominen.","og_url":"https:\/\/www.etoro.com\/fi\/wp-json\/wp\/v2\/pages\/648857","og_site_name":"eToro","article_publisher":"https:\/\/www.facebook.com\/eToro\/","article_modified_time":"2026-04-06T08:36:35+00:00","og_image":[{"width":1200,"height":630,"url":"https:\/\/www.etoro.com\/wp-content\/uploads\/2023\/06\/Wallet-fees.jpg","type":"image\/jpeg"}],"twitter_card":"summary_large_image","twitter_site":"@eToro","twitter_misc":{"Arvioitu lukuaika":"2 minuuttia"},"schema":{"@context":"https:\/\/schema.org","@graph":[{"@type":"WebPage","@id":"https:\/\/www.etoro.com\/fi\/trading\/fees\/wallet\/","url":"https:\/\/www.etoro.com\/fi\/trading\/fees\/wallet\/","name":"eToro kryptolompakon maksut","isPartOf":{"@id":"https:\/\/www.etoro.com\/fi\/#website"},"primaryImageOfPage":{"@id":"https:\/\/www.etoro.com\/fi\/trading\/fees\/wallet\/#primaryimage"},"image":{"@id":"https:\/\/www.etoro.com\/fi\/trading\/fees\/wallet\/#primaryimage"},"thumbnailUrl":"https:\/\/www.etoro.com\/wp-content\/uploads\/2023\/06\/Wallet-fees.jpg","datePublished":"2023-06-14T07:45:54+00:00","dateModified":"2026-04-06T08:36:35+00:00","description":"Kattava katsaus eToro kryptolompakon maksuista, mukaan lukien muuntaminen, transaktiorajat ja yleisen\/erityisen lompakon luominen.","breadcrumb":{"@id":"https:\/\/www.etoro.com\/fi\/trading\/fees\/wallet\/#breadcrumb"},"inLanguage":"fi","potentialAction":[{"@type":"ReadAction","target":["https:\/\/www.etoro.com\/fi\/trading\/fees\/wallet\/"]}]},{"@type":"ImageObject","inLanguage":"fi","@id":"https:\/\/www.etoro.com\/fi\/trading\/fees\/wallet\/#primaryimage","url":"https:\/\/www.etoro.com\/wp-content\/uploads\/2023\/06\/Wallet-fees.jpg","contentUrl":"https:\/\/www.etoro.com\/wp-content\/uploads\/2023\/06\/Wallet-fees.jpg","width":1200,"height":630,"caption":"Wallet Fees"},{"@type":"BreadcrumbList","@id":"https:\/\/www.etoro.com\/fi\/trading\/fees\/wallet\/#breadcrumb","itemListElement":[{"@type":"ListItem","position":1,"name":"Koti","item":"https:\/\/www.etoro.com\/fi\/"},{"@type":"ListItem","position":2,"name":"Kaupank\u00e4ynti","item":"https:\/\/www.etoro.com\/fi\/trading\/"},{"@type":"ListItem","position":3,"name":"Kulut","item":"https:\/\/www.etoro.com\/fi\/trading\/fees\/"},{"@type":"ListItem","position":4,"name":"Wallet fees"}]},{"@type":"WebSite","@id":"https:\/\/www.etoro.com\/fi\/#website","url":"https:\/\/www.etoro.com\/fi\/","name":"eToro","description":"","publisher":{"@id":"https:\/\/www.etoro.com\/fi\/#organization"},"potentialAction":[{"@type":"SearchAction","target":{"@type":"EntryPoint","urlTemplate":"https:\/\/www.etoro.com\/fi\/?s={search_term_string}"},"query-input":{"@type":"PropertyValueSpecification","valueRequired":true,"valueName":"search_term_string"}}],"inLanguage":"fi"},[]]}},"_links":{"self":[{"href":"https:\/\/www.etoro.com\/fi\/wp-json\/wp\/v2\/pages\/648857"}],"collection":[{"href":"https:\/\/www.etoro.com\/fi\/wp-json\/wp\/v2\/pages"}],"about":[{"href":"https:\/\/www.etoro.com\/fi\/wp-json\/wp\/v2\/types\/page"}],"author":[{"embeddable":true,"href":"https:\/\/www.etoro.com\/fi\/wp-json\/wp\/v2\/users\/75"}],"replies":[{"embeddable":true,"href":"https:\/\/www.etoro.com\/fi\/wp-json\/wp\/v2\/comments?post=648857"}],"version-history":[{"count":0,"href":"https:\/\/www.etoro.com\/fi\/wp-json\/wp\/v2\/pages\/648857\/revisions"}],"up":[{"embeddable":true,"href":"https:\/\/www.etoro.com\/fi\/wp-json\/wp\/v2\/pages\/138910"}],"wp:featuredmedia":[{"embeddable":true,"href":"https:\/\/www.etoro.com\/fi\/wp-json\/wp\/v2\/media\/623879"}],"wp:attachment":[{"href":"https:\/\/www.etoro.com\/fi\/wp-json\/wp\/v2\/media?parent=648857"}],"wp:term":[{"taxonomy":"asset_type","embeddable":true,"href":"https:\/\/www.etoro.com\/fi\/wp-json\/wp\/v2\/asset_type?post=648857"}],"curies":[{"name":"wp","href":"https:\/\/api.w.org\/{rel}","templated":true}]}}