{"id":674759,"date":"2023-07-26T16:17:58","date_gmt":"2023-07-26T13:17:58","guid":{"rendered":"https:\/\/www.etoro.com\/customer-service\/terms-conditions\/trading-restriction\/"},"modified":"2023-10-19T17:55:42","modified_gmt":"2023-10-19T14:55:42","slug":"trading-restriction","status":"publish","type":"page","link":"https:\/\/www.etoro.com\/fi\/customer-service\/terms-conditions\/trading-restriction\/","title":{"rendered":"Kaupank\u00e4ynnin p\u00e4ivitys"},"content":{"rendered":"\n<section class=\"wp-block-group wp-block-group-boxed has-white-background-color has-background\"><div class=\"wp-block-group-inner is-layout-flow wp-block-group-is-layout-flow\">\n<div class=\"wp-block-columns are-vertically-aligned-top wp-block-columns-1 wp-block-columns-size-14 is-layout-flex wp-container-core-columns-is-layout-1 wp-block-columns-is-layout-flex\">\n<div class=\"wp-block-column wp-block-column-align-desktop-center wp-block-column-align-mobile-left is-layout-flow wp-block-column-is-layout-flow\">\n<h2 class=\"wp-block-heading has-text-align-center\">Kryptokaupank\u00e4ynti\u00e4 koskeva rajoitus<\/h2>\n\n\n\n<p class=\"has-text-align-center\">Mahdollisten tappioiden vuoksi Financial Conduct Authority (FCA) pit\u00e4\u00e4 t\u00e4t\u00e4 sijoitusta korkean riskin sijoituksena.<\/p>\n<\/div>\n<\/div>\n<\/div><\/section>\n\n\n\n<section class=\"wp-block-group wp-block-group-boxed\"><div class=\"wp-block-group-inner is-layout-flow wp-block-group-is-layout-flow\">\n<div class=\"wp-block-columns are-vertically-aligned-top wp-block-columns-1 wp-block-columns-size-14 is-layout-flex wp-container-core-columns-is-layout-2 wp-block-columns-is-layout-flex\">\n<div class=\"wp-block-column is-layout-flow wp-block-column-is-layout-flow\">\n<h2 class=\"wp-block-heading\">Mitk\u00e4 ovat <strong>keskeiset riskit?<\/strong><\/h2>\n\n\n\n<h3 class=\"wp-block-heading\">1. Voit menett\u00e4\u00e4 kaikki sijoittamasi rahat<\/h3>\n\n\n\n<ul class=\"wp-block-list wp-block-list-circle\">\n<li>Useimpien kryptovarojen kehitys voi olla hyvin ep\u00e4vakaata, ja niiden arvo voi niin laskea kuin nousta hyvin nopeasti. Sinun tulisi olla valmis menett\u00e4m\u00e4\u00e4n kaikki kryptovaroihin sijoittamasi rahat.<\/li>\n\n\n\n<li>Kryptovaramarkkinat ovat p\u00e4\u00e4osin s\u00e4\u00e4ntelem\u00e4tt\u00f6m\u00e4t. Niihin sijoitettaessa on olemassa riski menett\u00e4\u00e4 rahaa tai ostamasi kryptovarallisuus, koska niihin liittyy riskej\u00e4, kuten verkkohy\u00f6kk\u00e4yksi\u00e4, talousrikoksia ja yritysten ep\u00e4onnistumisia.<\/li>\n<\/ul>\n<\/div>\n<\/div>\n<\/div><\/section>\n\n\n\n<section class=\"wp-block-group wp-block-group-boxed has-white-background-color has-background\"><div class=\"wp-block-group-inner is-layout-flow wp-block-group-is-layout-flow\">\n<div class=\"wp-block-columns are-vertically-aligned-top wp-block-columns-1 wp-block-columns-size-14 is-layout-flex wp-container-core-columns-is-layout-3 wp-block-columns-is-layout-flex\">\n<div class=\"wp-block-column is-layout-flow wp-block-column-is-layout-flow\">\n<h3 class=\"wp-block-heading\">2. Et voi odottaa saavasi suojaa, jos jokin menee pieleen<\/h3>\n\n\n\n<ul class=\"wp-block-list wp-block-list-circle\">\n<li>Rahoituspalvelujen korvausj\u00e4rjestelm\u00e4 (Financial Services Compensation Scheme, FSCS) ei suojaa t\u00e4m\u00e4ntyyppisi\u00e4 sijoituksia, koska ne eiv\u00e4t ole Yhdistyneen kuningaskunnan s\u00e4\u00e4ntelyj\u00e4rjestelm\u00e4n mukaan &#8221;m\u00e4\u00e4riteltyj\u00e4 sijoituksia&#8221; &#8211; toisin sanoen t\u00e4m\u00e4ntyyppisi\u00e4 sijoituksia ei ole tunnustettu sellaisiksi sijoituksiksi, joita FSCS voi suojata. Lis\u00e4tietoja saat k\u00e4ytt\u00e4m\u00e4ll\u00e4 FSCS:n sijoitussuojan tarkistusohjelmaa t\u00e4\u00e4ll\u00e4. [<a href=\"https:\/\/www.fscs.org.uk\/check\/investment-protection-checker\" rel=\"nofollow noopener noreferrer\" >https:\/\/www.fscs.org.uk\/check\/investment-protection-checker<\/a>].<\/li>\n\n\n\n<li>Rahoitusasiamiespalvelu (FOS) ei voi k\u00e4sitell\u00e4 t\u00e4t\u00e4 yrityst\u00e4 koskevia valituksia eik\u00e4 Rahoitusasiamiespalvelun (FOS) antama suoja kata huonoa sijoitustoimintaa. Jos sinulla on FCA:n s\u00e4\u00e4ntelem\u00e4\u00e4 yrityst\u00e4 koskeva kantelu, FOS voi mahdollisesti k\u00e4sitell\u00e4 sen. Lue lis\u00e4\u00e4 FOS:n suojasta t\u00e4\u00e4lt\u00e4. [<a href=\"https:\/\/www.financial-ombudsman.org.uk\/consumers\" rel=\"nofollow noopener noreferrer\" >https:\/\/www.financial-ombudsman.org.uk\/consumers<\/a>].<\/li>\n<\/ul>\n<\/div>\n<\/div>\n<\/div><\/section>\n\n\n\n<section class=\"wp-block-group wp-block-group-boxed\"><div class=\"wp-block-group-inner is-layout-flow wp-block-group-is-layout-flow\">\n<div class=\"wp-block-columns are-vertically-aligned-top wp-block-columns-1 wp-block-columns-size-14 is-layout-flex wp-container-core-columns-is-layout-4 wp-block-columns-is-layout-flex\">\n<div class=\"wp-block-column is-layout-flow wp-block-column-is-layout-flow\">\n<h3 class=\"wp-block-heading\">3. Et v\u00e4ltt\u00e4m\u00e4tt\u00e4 pysty myym\u00e4\u00e4n sijoitustasi silloin kun haluat.<\/h3>\n\n\n\n<ul class=\"wp-block-list wp-block-list-circle\">\n<li>Ei ole mit\u00e4\u00e4n takeita siit\u00e4, ett\u00e4 kryptovaroihin tehtyj\u00e4 sijoituksia voi myyd\u00e4 helposti milloin tahansa. Kryptovarojen myyntimahdollisuudet riippuvat useista tekij\u00f6ist\u00e4, kuten kysynn\u00e4st\u00e4 ja tarjonnasta markkinoilla kyseisen\u00e4 ajankohtana.<\/li>\n\n\n\n<li>Toimintah\u00e4iri\u00f6t, kuten teknologian katkokset, kyberhy\u00f6kk\u00e4ykset ja varojen sekoittuminen, voivat aiheuttaa ei-toivottuja viiv\u00e4styksi\u00e4, etk\u00e4 v\u00e4ltt\u00e4m\u00e4tt\u00e4 pysty myym\u00e4\u00e4n kryptovarojasi haluamanasi ajankohtana.<\/li>\n<\/ul>\n<\/div>\n<\/div>\n<\/div><\/section>\n\n\n\n<section class=\"wp-block-group wp-block-group-boxed has-white-background-color has-background\"><div class=\"wp-block-group-inner is-layout-flow wp-block-group-is-layout-flow\">\n<div class=\"wp-block-columns are-vertically-aligned-top wp-block-columns-1 wp-block-columns-size-14 is-layout-flex wp-container-core-columns-is-layout-5 wp-block-columns-is-layout-flex\">\n<div class=\"wp-block-column is-layout-flow wp-block-column-is-layout-flow\">\n<h3 class=\"wp-block-heading\">4. Kryptovarasijoitukset voivat olla monimutkaisia<\/h3>\n\n\n\n<ul class=\"wp-block-list wp-block-list-circle\">\n<li>Sijoitukset kryptovaroihin voivat olla monimutkaisia, mik\u00e4 vaikeuttaa sijoituksiin liittyvien riskien ymm\u00e4rt\u00e4mist\u00e4.<\/li>\n\n\n\n<li>Sinun tulisi tehd\u00e4 omat tutkimuksesi ennen sijoittamista. Jos jokin kuulostaa liian hyv\u00e4lt\u00e4 ollakseen totta, se luultavasti onkin.<\/li>\n<\/ul>\n<\/div>\n<\/div>\n<\/div><\/section>\n\n\n\n<section class=\"wp-block-group wp-block-group-boxed\"><div class=\"wp-block-group-inner is-layout-flow wp-block-group-is-layout-flow\">\n<div class=\"wp-block-columns are-vertically-aligned-top wp-block-columns-1 wp-block-columns-size-14 is-layout-flex wp-container-core-columns-is-layout-6 wp-block-columns-is-layout-flex\">\n<div class=\"wp-block-column is-layout-flow wp-block-column-is-layout-flow\">\n<h3 class=\"wp-block-heading\">5. \u00c4l\u00e4 laita kaikkia munia samaan koriin<\/h3>\n\n\n\n<ul class=\"wp-block-list wp-block-list-circle\">\n<li>Kaikkien rahojen sijoittaminen yhteen sijoitustyyppiin on riskialtista. Kun hajautat rahasi eri sijoituskohteisiin, et ole niin riippuvainen siit\u00e4, ett\u00e4 jokin tietty sijoituskohde menestyy hyvin.<\/li>\n\n\n\n<li>Hyv\u00e4 nyrkkis\u00e4\u00e4nt\u00f6 on, ettet sijoita yli 10 % rahoistasi riskialttiisiin sijoituskohteisiin. [<a href=\"https:\/\/www.fca.org.uk\/investsmart\/5-questions-ask-you-invest\" rel=\"nofollow noopener noreferrer\" >https:\/\/www.fca.org.uk\/investsmart\/5-questions-ask-you-invest<\/a>]<\/li>\n<\/ul>\n\n\n\n<p class=\"is-style-default\">Jos haluat lis\u00e4tietoja siit\u00e4, kuinka voit suojatua, tutustu FCA:n verkkosivuihin. [<a href=\"https:\/\/www.fca.org.uk\/investsmart\" rel=\"nofollow noopener noreferrer\" >https:\/\/www.fca.org.uk\/investsmart<\/a>]<\/p>\n\n\n\n<p class=\"is-style-default\">Lis\u00e4tietoja kryptovaroista saat FCA:n verkkosivuilta. [<a href=\"https:\/\/www.fca.org.uk\/investsmart\/crypto-basics\" rel=\"nofollow noopener noreferrer\" >https:\/\/www.fca.org.uk\/investsmart\/crypto-basics<\/a>]<\/p>\n<\/div>\n<\/div>\n<\/div><\/section>\n","protected":false},"excerpt":{"rendered":"<p>Kryptokaupank\u00e4ynti\u00e4 koskeva rajoitus Mahdollisten tappioiden vuoksi Financial Conduct Authority (FCA) pit\u00e4\u00e4 t\u00e4t\u00e4 sijoitusta korkean riskin sijoituksena. Mitk\u00e4 ovat keskeiset riskit? 1. Voit menett\u00e4\u00e4 kaikki sijoittamasi rahat 2. Et voi odottaa saavasi suojaa, jos jokin menee pieleen 3. Et v\u00e4ltt\u00e4m\u00e4tt\u00e4 pysty myym\u00e4\u00e4n sijoitustasi silloin kun haluat. 4. Kryptovarasijoitukset voivat olla monimutkaisia 5. \u00c4l\u00e4 laita kaikkia munia&hellip;<\/p>\n","protected":false},"author":119,"featured_media":673678,"parent":34850,"menu_order":0,"comment_status":"closed","ping_status":"closed","template":"","meta":{"_acf_changed":false,"inline_featured_image":false,"sticky_cta_settings":"","footnotes":""},"asset_type":[],"class_list":["post-674759","page","type-page","status-publish","has-post-thumbnail","hentry"],"acf":[],"yoast_head":"<title>Kaupank\u00e4ynnin p\u00e4ivitys - eToro<\/title>\n<meta name=\"robots\" content=\"noindex, nofollow\" \/>\n<meta property=\"og:locale\" content=\"fi_FI\" \/>\n<meta property=\"og:type\" content=\"article\" \/>\n<meta property=\"og:title\" content=\"Kaupank\u00e4ynnin p\u00e4ivitys - eToro\" \/>\n<meta property=\"og:description\" content=\"Kryptokaupank\u00e4ynti\u00e4 koskeva rajoitus Mahdollisten tappioiden vuoksi Financial Conduct Authority (FCA) pit\u00e4\u00e4 t\u00e4t\u00e4 sijoitusta korkean riskin sijoituksena. Mitk\u00e4 ovat keskeiset riskit? 1. Voit menett\u00e4\u00e4 kaikki sijoittamasi rahat 2. Et voi odottaa saavasi suojaa, jos jokin menee pieleen 3. Et v\u00e4ltt\u00e4m\u00e4tt\u00e4 pysty myym\u00e4\u00e4n sijoitustasi silloin kun haluat. 4. Kryptovarasijoitukset voivat olla monimutkaisia 5. \u00c4l\u00e4 laita kaikkia munia&hellip;\" \/>\n<meta property=\"og:url\" content=\"https:\/\/www.etoro.com\/fi\/wp-json\/wp\/v2\/pages\/674759\" \/>\n<meta property=\"og:site_name\" content=\"eToro\" \/>\n<meta property=\"article:publisher\" content=\"https:\/\/www.facebook.com\/eToro\/\" \/>\n<meta property=\"article:modified_time\" content=\"2023-10-19T14:55:42+00:00\" \/>\n<meta property=\"og:image\" content=\"https:\/\/www.etoro.com\/wp-content\/uploads\/2023\/08\/Featured-image-1200x630-1.png\" \/>\n\t<meta property=\"og:image:width\" content=\"1200\" \/>\n\t<meta property=\"og:image:height\" content=\"630\" \/>\n\t<meta property=\"og:image:type\" content=\"image\/png\" \/>\n<meta name=\"twitter:card\" content=\"summary_large_image\" \/>\n<meta name=\"twitter:site\" content=\"@eToro\" \/>\n<meta name=\"twitter:label1\" content=\"Arvioitu lukuaika\" \/>\n\t<meta name=\"twitter:data1\" content=\"2 minuuttia\" \/>\n<script type=\"application\/ld+json\" class=\"yoast-schema-graph\">{\"@context\":\"https:\/\/schema.org\",\"@graph\":[{\"@type\":\"WebPage\",\"@id\":\"https:\/\/www.etoro.com\/fi\/customer-service\/terms-conditions\/trading-restriction\/\",\"url\":\"https:\/\/www.etoro.com\/fi\/customer-service\/terms-conditions\/trading-restriction\/\",\"name\":\"Kaupank\u00e4ynnin p\u00e4ivitys - eToro\",\"isPartOf\":{\"@id\":\"https:\/\/www.etoro.com\/fi\/#website\"},\"primaryImageOfPage\":{\"@id\":\"https:\/\/www.etoro.com\/fi\/customer-service\/terms-conditions\/trading-restriction\/#primaryimage\"},\"image\":{\"@id\":\"https:\/\/www.etoro.com\/fi\/customer-service\/terms-conditions\/trading-restriction\/#primaryimage\"},\"thumbnailUrl\":\"https:\/\/www.etoro.com\/wp-content\/uploads\/2023\/08\/Featured-image-1200x630-1.png\",\"datePublished\":\"2023-07-26T13:17:58+00:00\",\"dateModified\":\"2023-10-19T14:55:42+00:00\",\"breadcrumb\":{\"@id\":\"https:\/\/www.etoro.com\/fi\/customer-service\/terms-conditions\/trading-restriction\/#breadcrumb\"},\"inLanguage\":\"fi\",\"potentialAction\":[{\"@type\":\"ReadAction\",\"target\":[\"https:\/\/www.etoro.com\/fi\/customer-service\/terms-conditions\/trading-restriction\/\"]}]},{\"@type\":\"ImageObject\",\"inLanguage\":\"fi\",\"@id\":\"https:\/\/www.etoro.com\/fi\/customer-service\/terms-conditions\/trading-restriction\/#primaryimage\",\"url\":\"https:\/\/www.etoro.com\/wp-content\/uploads\/2023\/08\/Featured-image-1200x630-1.png\",\"contentUrl\":\"https:\/\/www.etoro.com\/wp-content\/uploads\/2023\/08\/Featured-image-1200x630-1.png\",\"width\":1200,\"height\":630,\"caption\":\"Trading Update\"},{\"@type\":\"BreadcrumbList\",\"@id\":\"https:\/\/www.etoro.com\/fi\/customer-service\/terms-conditions\/trading-restriction\/#breadcrumb\",\"itemListElement\":[{\"@type\":\"ListItem\",\"position\":1,\"name\":\"Koti\",\"item\":\"https:\/\/www.etoro.com\/fi\/\"},{\"@type\":\"ListItem\",\"position\":2,\"name\":\"Asiakaspalvelu\",\"item\":\"https:\/\/www.etoro.com\/fi\/customer-service\/\"},{\"@type\":\"ListItem\",\"position\":3,\"name\":\"K\u00e4ytt\u00f6ehdot\",\"item\":\"https:\/\/www.etoro.com\/fi\/customer-service\/terms-conditions\/\"},{\"@type\":\"ListItem\",\"position\":4,\"name\":\"Kaupank\u00e4ynnin p\u00e4ivitys\"}]},{\"@type\":\"WebSite\",\"@id\":\"https:\/\/www.etoro.com\/fi\/#website\",\"url\":\"https:\/\/www.etoro.com\/fi\/\",\"name\":\"eToro\",\"description\":\"\",\"publisher\":{\"@id\":\"https:\/\/www.etoro.com\/fi\/#organization\"},\"potentialAction\":[{\"@type\":\"SearchAction\",\"target\":{\"@type\":\"EntryPoint\",\"urlTemplate\":\"https:\/\/www.etoro.com\/fi\/?s={search_term_string}\"},\"query-input\":{\"@type\":\"PropertyValueSpecification\",\"valueRequired\":true,\"valueName\":\"search_term_string\"}}],\"inLanguage\":\"fi\"},[]]}<\/script>","yoast_head_json":{"title":"Kaupank\u00e4ynnin p\u00e4ivitys - eToro","robots":{"index":"noindex","follow":"nofollow"},"og_locale":"fi_FI","og_type":"article","og_title":"Kaupank\u00e4ynnin p\u00e4ivitys - eToro","og_description":"Kryptokaupank\u00e4ynti\u00e4 koskeva rajoitus Mahdollisten tappioiden vuoksi Financial Conduct Authority (FCA) pit\u00e4\u00e4 t\u00e4t\u00e4 sijoitusta korkean riskin sijoituksena. Mitk\u00e4 ovat keskeiset riskit? 1. Voit menett\u00e4\u00e4 kaikki sijoittamasi rahat 2. Et voi odottaa saavasi suojaa, jos jokin menee pieleen 3. Et v\u00e4ltt\u00e4m\u00e4tt\u00e4 pysty myym\u00e4\u00e4n sijoitustasi silloin kun haluat. 4. Kryptovarasijoitukset voivat olla monimutkaisia 5. \u00c4l\u00e4 laita kaikkia munia&hellip;","og_url":"https:\/\/www.etoro.com\/fi\/wp-json\/wp\/v2\/pages\/674759","og_site_name":"eToro","article_publisher":"https:\/\/www.facebook.com\/eToro\/","article_modified_time":"2023-10-19T14:55:42+00:00","og_image":[{"width":1200,"height":630,"url":"https:\/\/www.etoro.com\/wp-content\/uploads\/2023\/08\/Featured-image-1200x630-1.png","type":"image\/png"}],"twitter_card":"summary_large_image","twitter_site":"@eToro","twitter_misc":{"Arvioitu lukuaika":"2 minuuttia"},"schema":{"@context":"https:\/\/schema.org","@graph":[{"@type":"WebPage","@id":"https:\/\/www.etoro.com\/fi\/customer-service\/terms-conditions\/trading-restriction\/","url":"https:\/\/www.etoro.com\/fi\/customer-service\/terms-conditions\/trading-restriction\/","name":"Kaupank\u00e4ynnin p\u00e4ivitys - eToro","isPartOf":{"@id":"https:\/\/www.etoro.com\/fi\/#website"},"primaryImageOfPage":{"@id":"https:\/\/www.etoro.com\/fi\/customer-service\/terms-conditions\/trading-restriction\/#primaryimage"},"image":{"@id":"https:\/\/www.etoro.com\/fi\/customer-service\/terms-conditions\/trading-restriction\/#primaryimage"},"thumbnailUrl":"https:\/\/www.etoro.com\/wp-content\/uploads\/2023\/08\/Featured-image-1200x630-1.png","datePublished":"2023-07-26T13:17:58+00:00","dateModified":"2023-10-19T14:55:42+00:00","breadcrumb":{"@id":"https:\/\/www.etoro.com\/fi\/customer-service\/terms-conditions\/trading-restriction\/#breadcrumb"},"inLanguage":"fi","potentialAction":[{"@type":"ReadAction","target":["https:\/\/www.etoro.com\/fi\/customer-service\/terms-conditions\/trading-restriction\/"]}]},{"@type":"ImageObject","inLanguage":"fi","@id":"https:\/\/www.etoro.com\/fi\/customer-service\/terms-conditions\/trading-restriction\/#primaryimage","url":"https:\/\/www.etoro.com\/wp-content\/uploads\/2023\/08\/Featured-image-1200x630-1.png","contentUrl":"https:\/\/www.etoro.com\/wp-content\/uploads\/2023\/08\/Featured-image-1200x630-1.png","width":1200,"height":630,"caption":"Trading Update"},{"@type":"BreadcrumbList","@id":"https:\/\/www.etoro.com\/fi\/customer-service\/terms-conditions\/trading-restriction\/#breadcrumb","itemListElement":[{"@type":"ListItem","position":1,"name":"Koti","item":"https:\/\/www.etoro.com\/fi\/"},{"@type":"ListItem","position":2,"name":"Asiakaspalvelu","item":"https:\/\/www.etoro.com\/fi\/customer-service\/"},{"@type":"ListItem","position":3,"name":"K\u00e4ytt\u00f6ehdot","item":"https:\/\/www.etoro.com\/fi\/customer-service\/terms-conditions\/"},{"@type":"ListItem","position":4,"name":"Kaupank\u00e4ynnin p\u00e4ivitys"}]},{"@type":"WebSite","@id":"https:\/\/www.etoro.com\/fi\/#website","url":"https:\/\/www.etoro.com\/fi\/","name":"eToro","description":"","publisher":{"@id":"https:\/\/www.etoro.com\/fi\/#organization"},"potentialAction":[{"@type":"SearchAction","target":{"@type":"EntryPoint","urlTemplate":"https:\/\/www.etoro.com\/fi\/?s={search_term_string}"},"query-input":{"@type":"PropertyValueSpecification","valueRequired":true,"valueName":"search_term_string"}}],"inLanguage":"fi"},[]]}},"_links":{"self":[{"href":"https:\/\/www.etoro.com\/fi\/wp-json\/wp\/v2\/pages\/674759"}],"collection":[{"href":"https:\/\/www.etoro.com\/fi\/wp-json\/wp\/v2\/pages"}],"about":[{"href":"https:\/\/www.etoro.com\/fi\/wp-json\/wp\/v2\/types\/page"}],"author":[{"embeddable":true,"href":"https:\/\/www.etoro.com\/fi\/wp-json\/wp\/v2\/users\/119"}],"replies":[{"embeddable":true,"href":"https:\/\/www.etoro.com\/fi\/wp-json\/wp\/v2\/comments?post=674759"}],"version-history":[{"count":0,"href":"https:\/\/www.etoro.com\/fi\/wp-json\/wp\/v2\/pages\/674759\/revisions"}],"up":[{"embeddable":true,"href":"https:\/\/www.etoro.com\/fi\/wp-json\/wp\/v2\/pages\/34850"}],"wp:featuredmedia":[{"embeddable":true,"href":"https:\/\/www.etoro.com\/fi\/wp-json\/wp\/v2\/media\/673678"}],"wp:attachment":[{"href":"https:\/\/www.etoro.com\/fi\/wp-json\/wp\/v2\/media?parent=674759"}],"wp:term":[{"taxonomy":"asset_type","embeddable":true,"href":"https:\/\/www.etoro.com\/fi\/wp-json\/wp\/v2\/asset_type?post=674759"}],"curies":[{"name":"wp","href":"https:\/\/api.w.org\/{rel}","templated":true}]}}