{"id":867142,"date":"2024-01-05T14:43:27","date_gmt":"2024-01-05T12:43:27","guid":{"rendered":"https:\/\/www.etoro.com\/about\/club\/tax-partners\/"},"modified":"2024-04-11T14:20:34","modified_gmt":"2024-04-11T11:20:34","slug":"tax-partners","status":"publish","type":"page","link":"https:\/\/www.etoro.com\/fi\/about\/club\/tax-partners\/","title":{"rendered":"Tax Partners"},"content":{"rendered":"\n<section class=\"wp-block-group wp-block-group-boxed wp-block-group-medium-bottom-padding has-white-background-color has-background\"><div class=\"wp-block-group-inner is-layout-flow wp-block-group-is-layout-flow\">\n<div class=\"wp-block-columns are-vertically-aligned-top wp-block-columns-1 wp-block-columns-size-14 is-layout-flex wp-container-core-columns-is-layout-1 wp-block-columns-is-layout-flex\">\n<div class=\"wp-block-column wp-block-column-align-desktop-center wp-block-column-align-mobile-left is-layout-flow wp-block-column-is-layout-flow\">\n<p class=\"has-text-align-center\">eToro Clubin j\u00e4senen\u00e4 olet oikeutettu saamaan alennuksen veroilmoituksestasi, jonka on laatinut yksi yhteisty\u00f6kumppaneistamme. Valitse vain toimija asiantuntevien veropalvelujen tarjoajien luettelosta, ja he tekev\u00e4t ty\u00f6n puolestasi.<\/p>\n<\/div>\n<\/div>\n<\/div><\/section>\n\n\n\n<section class=\"wp-block-group wp-block-group-boxed wp-block-group-medium-top-padding wp-block-group-medium-bottom-padding has-white-background-color has-background\"><div class=\"wp-block-group-inner is-layout-flow wp-block-group-is-layout-flow\">\n<div class=\"wp-block-columns are-vertically-aligned-top wp-block-columns-3 is-layout-flex wp-container-core-columns-is-layout-2 wp-block-columns-is-layout-flex\">\n<div class=\"wp-block-column is-layout-flow wp-block-column-is-layout-flow\">\n<div class=\"wp-block-etoro-card wp-block-etoro-card-size-small wp-block-etoro-card-thumbnail-position-above wp-block-etoro-card-default\"><img decoding=\"async\" src=\"https:\/\/www.etoro.com\/wp-content\/uploads\/2024\/01\/flag.svg\" alt=\"Valitse verokumppani\" class=\"wp-block-etoro-card-thumbnail\"\/><div class=\"wp-block-etoro-card-body\"><div class=\"wp-block-etoro-card-title\">Valitse verokumppani<\/div><div class=\"wp-block-etoro-card-content\">\n<p><strong>Varmista, ett\u00e4 olet kirjautunut sis\u00e4\u00e4n <\/strong>ja valitse sitten asuinmaasi. N\u00e4et alueellasi saatavilla olevien verokumppaneiden listan.<\/p>\n<\/div><\/div><\/div>\n<\/div>\n\n\n\n<div class=\"wp-block-column is-layout-flow wp-block-column-is-layout-flow\">\n<div class=\"wp-block-etoro-card wp-block-etoro-card-size-small wp-block-etoro-card-thumbnail-position-above wp-block-etoro-card-default\"><img decoding=\"async\" src=\"https:\/\/www.etoro.com\/wp-content\/uploads\/2024\/01\/featured.svg\" alt=\"Saat alennuksen\" class=\"wp-block-etoro-card-thumbnail\"\/><div class=\"wp-block-etoro-card-body\"><div class=\"wp-block-etoro-card-title\">Saat alennuksen<\/div><div class=\"wp-block-etoro-card-content\">\n<p>Clubin j\u00e4senet saavat n\u00e4m\u00e4 palvelut huomattavilla s\u00e4\u00e4st\u00f6ill\u00e4. Alennus perustuu eToro Club -tasoosi.<\/p>\n<\/div><\/div><\/div>\n<\/div>\n\n\n\n<div class=\"wp-block-column is-layout-flow wp-block-column-is-layout-flow\">\n<div class=\"wp-block-etoro-card wp-block-etoro-card-size-small wp-block-etoro-card-thumbnail-position-above wp-block-etoro-card-default\"><img decoding=\"async\" src=\"https:\/\/www.etoro.com\/wp-content\/uploads\/2024\/01\/like.svg\" alt=\"Rentoudu...\" class=\"wp-block-etoro-card-thumbnail\"\/><div class=\"wp-block-etoro-card-body\"><div class=\"wp-block-etoro-card-title\">Rentoudu&#8230;<\/div><div class=\"wp-block-etoro-card-content\">\n<p>Ja anna veroammattilaisten ryhty\u00e4 t\u00f6ihin ja tehd\u00e4 t\u00e4st\u00e4 vuosittaisesta askareesta paljon helpompaa sinulle!<\/p>\n<\/div><\/div><\/div>\n<\/div>\n<\/div>\n<\/div><\/section>\n\n\n\n<section class=\"wp-block-group wp-block-group-boxed wp-block-group-medium-top-padding has-white-background-color has-background\"><div class=\"wp-block-group-inner is-layout-flow wp-block-group-is-layout-flow\">\n<div class=\"wp-block-columns are-vertically-aligned-top wp-block-columns-1 wp-block-columns-size-14 is-layout-flex wp-container-core-columns-is-layout-3 wp-block-columns-is-layout-flex\">\n<div class=\"wp-block-column wp-block-column-align-desktop-center wp-block-column-align-mobile-left is-layout-flow wp-block-column-is-layout-flow\">\n<p class=\"has-text-align-center\">Huomaa, ett\u00e4 eToro jakaa tiedon kolmannen osapuolen kanssa siit\u00e4, mihin Club-tasoon kuulut, jotta voit saada alennuksesi.<\/p>\n\n\n\n<p class=\"is-style-disclaimer\">eToro ei anna veroneuvontaa, eik\u00e4 annettuja tietoja tule tulkita sellaisiksi.<br>Asiakkaiden tulee hakea riippumatonta veroneuvontaa.<\/p>\n<\/div>\n<\/div>\n<\/div><\/section>\n\n\n\n<section class=\"wp-block-group wp-block-group-boxed\"><div class=\"wp-block-group-inner is-layout-flow wp-block-group-is-layout-flow\">\n<h2 class=\"wp-block-heading has-text-align-center is-style-heading-2\" id=\"choose-tax-partner\"><strong><strong>Valitse verokumppanisi <\/strong><\/strong>alueen mukaan<\/h2>\n\n\n\n<p class=\"has-text-align-center\">Valitse haluamasi maa ja palveluntarjoaja alla olevasta pudotusvalikosta:<\/p>\n\n\n\n<div class=\"wp-block-etoro-tax-partners\"><div class=\"wp-block-etoro-tax-partners-select-wrapper\"><select class=\"wp-block-etoro-tax-partners-select\"><option value=\"\" disabled selected>Maa<\/option><option value=\"7453\" data-id=\"12\">Australia<\/option><option value=\"6907\" data-id=\"55\">T\u0161ekin tasavalta<\/option><option value=\"7794\" data-id=\"79\">Saksa<\/option><option value=\"7311\" data-id=\"102\">Italia<\/option><option value=\"6913\" data-id=\"132\">Meksiko<\/option><option value=\"6911\" data-id=\"164\">Puola<\/option><option value=\"6914\" data-id=\"165\">Portugali<\/option><option value=\"6908\" data-id=\"168\">Romania<\/option><option value=\"6912\" data-id=\"184\">Slovakia<\/option><option value=\"6909\" data-id=\"185\">Slovenia<\/option><option value=\"6910\" data-id=\"191\">Espanja<\/option><option value=\"6915\" data-id=\"196\">Ruotsista<\/option><option value=\"6906\" data-id=\"218\">Iso-Britannia<\/option><\/select><\/div><div class=\"wp-block-etoro-tax-partners-wrapper\"><\/div><\/div>\n<\/div><\/section>\n\n\n\n<section class=\"wp-block-group wp-block-group-boxed has-dark-blue-background-color has-background\"><div class=\"wp-block-group-inner is-layout-flow wp-block-group-is-layout-flow\">\n<div class=\"wp-block-columns are-vertically-aligned-top wp-block-columns-1 wp-block-columns-size-14 is-layout-flex wp-container-core-columns-is-layout-4 wp-block-columns-is-layout-flex\">\n<div class=\"wp-block-column is-layout-flow wp-block-column-is-layout-flow\">\n<h2 class=\"wp-block-heading has-text-align-center is-style-heading-2\"><span>Mik\u00e4 alennus <strong>koskee minua<\/strong>?<\/span><\/h2>\n\n\n\n<p class=\"has-text-align-center\">Alennus perustuu eToro Club -tasoosi. Muista katsoa <a href=\"https:\/\/www.etoro.com\/fi\/dashboard\/club\" target=\"_blank\" rel=\"noreferrer noopener\">Clubin koontin\u00e4ytt\u00f6<\/a>, jossa voit tarkistaa t\u00e4m\u00e4nhetkisen tasosi t\u00e4t\u00e4 ja muita tarjouksia varten.<\/p>\n<\/div>\n<\/div>\n<\/div><\/section>\n\n\n\n<section class=\"wp-block-group wp-block-group-boxed has-white-background-color has-background\"><div class=\"wp-block-group-inner is-layout-flow wp-block-group-is-layout-flow\">\n<h2 class=\"wp-block-heading has-text-align-center\">FAQ<\/h2>\n\n\n\n<dl class=\"wp-block-etoro-faq\">\n<div class=\"wp-block-etoro-faq-item\"><dt class=\"wp-block-etoro-faq-item-question\">Mik\u00e4 t\u00e4m\u00e4 tarjous on?<\/dt><dd class=\"wp-block-etoro-faq-item-answer\">\n<p>Clubin j\u00e4senen\u00e4 olet oikeutettu saamaan alennuksen veroilmoituksestasi, jonka on laatinut yksi yhteisty\u00f6kumppaneistamme. Yksinkertaisesti valitse asiantuntija palveluntarjoajiemme luettelosta, ja he tekev\u00e4t ty\u00f6n puolestasi. Alennuksen m\u00e4\u00e4r\u00e4 perustuu eToro Club -tasoosi. Muista k\u00e4yd\u00e4 <a href=\"https:\/\/www.etoro.com\/fi\/dashboard\/club\">Clubin koontin\u00e4yt\u00f6ss\u00e4si<\/a>, josta voit tarkistaa t\u00e4m\u00e4nhetkisen tasosi t\u00e4t\u00e4 ja muita tarjouksia varten.<\/p>\n<\/dd><\/div>\n\n\n\n<div class=\"wp-block-etoro-faq-item\"><dt class=\"wp-block-etoro-faq-item-question\">Miksi minun tulee kirjautua sis\u00e4\u00e4n?<\/dt><dd class=\"wp-block-etoro-faq-item-answer\">\n<p>Jotta voit lunastaa oikean alennuksen Club-tasosi mukaan, sinun on oltava kirjautuneena eToro-tilillesi.<\/p>\n<\/dd><\/div>\n\n\n\n<div class=\"wp-block-etoro-faq-item\"><dt class=\"wp-block-etoro-faq-item-question\">Mit\u00e4 jos en n\u00e4e maatani luettelossa?<\/dt><dd class=\"wp-block-etoro-faq-item-answer\">\n<p>Pysy kuulolla! Lis\u00e4\u00e4mme maita pian lis\u00e4\u00e4.<\/p>\n<\/dd><\/div>\n\n\n\n<div class=\"wp-block-etoro-faq-item\"><dt class=\"wp-block-etoro-faq-item-question\">Mit\u00e4 jos tarvitsen apua?<\/dt><dd class=\"wp-block-etoro-faq-item-answer\">\n<p>Jos sinulla on lis\u00e4kysymyksi\u00e4, ota yhteytt\u00e4 omaan yhteyshenkil\u00f6\u00f6si<a href=\"https:\/\/www.etoro.com\/fi\/dashboard\/club\" target=\"_blank\" rel=\"noreferrer noopener\"> Clubin koontin\u00e4yt\u00f6n<\/a> kautta.<\/p>\n<\/dd><\/div>\n\n\n\n<div class=\"wp-block-etoro-faq-item\"><dt class=\"wp-block-etoro-faq-item-question\">Miten saan t\u00e4m\u00e4n tarjouksen?<\/dt><dd class=\"wp-block-etoro-faq-item-answer\">\n<p>Varmista, ett\u00e4 olet kirjautunut sis\u00e4\u00e4n ja valitse sitten asuinmaasi. Alueellasi saatavilla olevat verokumppanit luetellaan.<\/p>\n<\/dd><\/div>\n\n\n\n<div class=\"wp-block-etoro-faq-item\"><dt class=\"wp-block-etoro-faq-item-question\">Kuka on oikeutettu n\u00e4ihin alennuksiin?<\/dt><dd class=\"wp-block-etoro-faq-item-answer\">\n<p>Alennetut veroilmoitukset ovat yksinomaan eToro Clubin j\u00e4senille.<\/p>\n<\/dd><\/div>\n\n\n\n<div class=\"wp-block-etoro-faq-item\"><dt class=\"wp-block-etoro-faq-item-question\">Pit\u00e4\u00e4k\u00f6 minun tehd\u00e4 veroilmoitus?<\/dt><dd class=\"wp-block-etoro-faq-item-answer\">\n<p>Olet vastuussa verojen laskemisesta ja maksamisesta maassa tai maissa, joissa verotuksellinen asuinpaikkasi sijaitsee.<\/p>\n<\/dd><\/div>\n\n\n\n<div class=\"wp-block-etoro-faq-item\"><dt class=\"wp-block-etoro-faq-item-question\">Mist\u00e4 saan yleiskuvan sijoitustoiminnastani?<\/dt><dd class=\"wp-block-etoro-faq-item-answer\">\n<p>Voit luoda tiliotteen napsauttamalla &#8221;Asetukset&#8221; ja sitten &#8221;Tili&#8221; (tai siirry t\u00e4h\u00e4n <a href=\"https:\/\/www.etoro.com\/fi\/documents\/accountstatement\">linkkiin<\/a>). Napsauta asiakirjojen kohdalla tiliotteen vieress\u00e4 olevaa kohtaa &#8221;N\u00e4yt\u00e4&#8221;. Valitse aikav\u00e4li ja napsauta &#8221;Luo&#8221; luodaksesi tiliotteen.<\/p>\n<\/dd><\/div>\n<\/dl>\n<\/div><\/section>\n\n\n\n<section class=\"wp-block-group wp-block-group-boxed\"><div class=\"wp-block-group-inner is-layout-flow wp-block-group-is-layout-flow\">\n<div class=\"wp-block-columns are-vertically-aligned-top wp-block-columns-1 is-layout-flex wp-container-core-columns-is-layout-5 wp-block-columns-is-layout-flex\">\n<div class=\"wp-block-column is-layout-flow wp-block-column-is-layout-flow\">\n<p class=\"has-text-align-center is-style-disclaimer\">N\u00e4m\u00e4 tiedot on tarkoitettu ainoastaan tiedotus- ja koulutustarkoituksiin, eik\u00e4 niit\u00e4 pid\u00e4 pit\u00e4\u00e4 sijoitusneuvontana tai sijoitussuosituksena. Tarkoituksena ei ole antaa vero- tai kirjanpitoneuvontaa, eik\u00e4 veroasioita tule laskea t\u00e4m\u00e4n varaan, vaan sinun on otettava yhteytt\u00e4 omiin riippumattomiin vero- ja kirjanpitoneuvojiisi.<\/p>\n<\/div>\n<\/div>\n<\/div><\/section>\n","protected":false},"excerpt":{"rendered":"<p>eToro Clubin j\u00e4senen\u00e4 olet oikeutettu saamaan alennuksen veroilmoituksestasi, jonka on laatinut yksi yhteisty\u00f6kumppaneistamme. Valitse vain toimija asiantuntevien veropalvelujen tarjoajien luettelosta, ja he tekev\u00e4t ty\u00f6n puolestasi. Huomaa, ett\u00e4 eToro jakaa tiedon kolmannen osapuolen kanssa siit\u00e4, mihin Club-tasoon kuulut, jotta voit saada alennuksesi. eToro ei anna veroneuvontaa, eik\u00e4 annettuja tietoja tule tulkita sellaisiksi.Asiakkaiden tulee hakea riippumatonta veroneuvontaa.&hellip;<\/p>\n","protected":false},"author":45,"featured_media":836450,"parent":547151,"menu_order":0,"comment_status":"closed","ping_status":"closed","template":"","meta":{"_acf_changed":false,"inline_featured_image":false,"sticky_cta_settings":"","footnotes":""},"asset_type":[],"class_list":["post-867142","page","type-page","status-publish","has-post-thumbnail","hentry"],"acf":[],"yoast_head":"<title>Alennettu veroilmoitus eToro Clubin j\u00e4senille<\/title>\n<meta name=\"description\" content=\"Saat alennusta yhteisty\u00f6kumppanimme laatimasta veroilmoituksesta. Valitse vain toimija veroasiantuntijapalvelujen luettelosta, ja he tekev\u00e4t ty\u00f6n puolestasi.\" \/>\n<meta name=\"robots\" content=\"index, follow, max-snippet:-1, max-image-preview:large, max-video-preview:-1\" \/>\n<link rel=\"canonical\" href=\"https:\/\/www.etoro.com\/fi\/wp-json\/wp\/v2\/pages\/867142\" \/>\n<meta property=\"og:locale\" content=\"fi_FI\" \/>\n<meta property=\"og:type\" content=\"article\" \/>\n<meta property=\"og:title\" content=\"Alennettu veroilmoitus eToro Clubin j\u00e4senille\" \/>\n<meta property=\"og:description\" content=\"Saat alennusta yhteisty\u00f6kumppanimme laatimasta veroilmoituksesta. Valitse vain toimija veroasiantuntijapalvelujen luettelosta, ja he tekev\u00e4t ty\u00f6n puolestasi.\" \/>\n<meta property=\"og:url\" content=\"https:\/\/www.etoro.com\/fi\/wp-json\/wp\/v2\/pages\/867142\" \/>\n<meta property=\"og:site_name\" content=\"eToro\" \/>\n<meta property=\"article:publisher\" content=\"https:\/\/www.facebook.com\/eToro\/\" \/>\n<meta property=\"article:modified_time\" content=\"2024-04-11T11:20:34+00:00\" \/>\n<meta property=\"og:image\" content=\"https:\/\/www.etoro.com\/wp-content\/uploads\/2024\/01\/Tax-services.jpg\" \/>\n\t<meta property=\"og:image:width\" content=\"1200\" \/>\n\t<meta property=\"og:image:height\" content=\"630\" \/>\n\t<meta property=\"og:image:type\" content=\"image\/jpeg\" \/>\n<meta name=\"twitter:card\" content=\"summary_large_image\" \/>\n<meta name=\"twitter:site\" content=\"@eToro\" \/>\n<meta name=\"twitter:label1\" content=\"Arvioitu lukuaika\" \/>\n\t<meta name=\"twitter:data1\" content=\"2 minuuttia\" \/>\n<script type=\"application\/ld+json\" class=\"yoast-schema-graph\">{\"@context\":\"https:\/\/schema.org\",\"@graph\":[{\"@type\":\"WebPage\",\"@id\":\"https:\/\/www.etoro.com\/fi\/about\/club\/tax-partners\/\",\"url\":\"https:\/\/www.etoro.com\/fi\/about\/club\/tax-partners\/\",\"name\":\"Alennettu veroilmoitus eToro Clubin j\u00e4senille\",\"isPartOf\":{\"@id\":\"https:\/\/www.etoro.com\/fi\/#website\"},\"primaryImageOfPage\":{\"@id\":\"https:\/\/www.etoro.com\/fi\/about\/club\/tax-partners\/#primaryimage\"},\"image\":{\"@id\":\"https:\/\/www.etoro.com\/fi\/about\/club\/tax-partners\/#primaryimage\"},\"thumbnailUrl\":\"https:\/\/www.etoro.com\/wp-content\/uploads\/2024\/01\/Tax-services.jpg\",\"datePublished\":\"2024-01-05T12:43:27+00:00\",\"dateModified\":\"2024-04-11T11:20:34+00:00\",\"description\":\"Saat alennusta yhteisty\u00f6kumppanimme laatimasta veroilmoituksesta. Valitse vain toimija veroasiantuntijapalvelujen luettelosta, ja he tekev\u00e4t ty\u00f6n puolestasi.\",\"breadcrumb\":{\"@id\":\"https:\/\/www.etoro.com\/fi\/about\/club\/tax-partners\/#breadcrumb\"},\"inLanguage\":\"fi\",\"potentialAction\":[{\"@type\":\"ReadAction\",\"target\":[\"https:\/\/www.etoro.com\/fi\/about\/club\/tax-partners\/\"]}]},{\"@type\":\"ImageObject\",\"inLanguage\":\"fi\",\"@id\":\"https:\/\/www.etoro.com\/fi\/about\/club\/tax-partners\/#primaryimage\",\"url\":\"https:\/\/www.etoro.com\/wp-content\/uploads\/2024\/01\/Tax-services.jpg\",\"contentUrl\":\"https:\/\/www.etoro.com\/wp-content\/uploads\/2024\/01\/Tax-services.jpg\",\"width\":1200,\"height\":630,\"caption\":\"Tax services\"},{\"@type\":\"BreadcrumbList\",\"@id\":\"https:\/\/www.etoro.com\/fi\/about\/club\/tax-partners\/#breadcrumb\",\"itemListElement\":[{\"@type\":\"ListItem\",\"position\":1,\"name\":\"Koti\",\"item\":\"https:\/\/www.etoro.com\/fi\/\"},{\"@type\":\"ListItem\",\"position\":2,\"name\":\"About eToro\",\"item\":\"https:\/\/www.etoro.com\/fi\/about\/\"},{\"@type\":\"ListItem\",\"position\":3,\"name\":\"eToro Club\",\"item\":\"https:\/\/www.etoro.com\/fi\/about\/club\/\"},{\"@type\":\"ListItem\",\"position\":4,\"name\":\"Tax Partners\"}]},{\"@type\":\"WebSite\",\"@id\":\"https:\/\/www.etoro.com\/fi\/#website\",\"url\":\"https:\/\/www.etoro.com\/fi\/\",\"name\":\"eToro\",\"description\":\"\",\"publisher\":{\"@id\":\"https:\/\/www.etoro.com\/fi\/#organization\"},\"potentialAction\":[{\"@type\":\"SearchAction\",\"target\":{\"@type\":\"EntryPoint\",\"urlTemplate\":\"https:\/\/www.etoro.com\/fi\/?s={search_term_string}\"},\"query-input\":{\"@type\":\"PropertyValueSpecification\",\"valueRequired\":true,\"valueName\":\"search_term_string\"}}],\"inLanguage\":\"fi\"},[]]}<\/script>","yoast_head_json":{"title":"Alennettu veroilmoitus eToro Clubin j\u00e4senille","description":"Saat alennusta yhteisty\u00f6kumppanimme laatimasta veroilmoituksesta. Valitse vain toimija veroasiantuntijapalvelujen luettelosta, ja he tekev\u00e4t ty\u00f6n puolestasi.","robots":{"index":"index","follow":"follow","max-snippet":"max-snippet:-1","max-image-preview":"max-image-preview:large","max-video-preview":"max-video-preview:-1"},"canonical":"https:\/\/www.etoro.com\/fi\/wp-json\/wp\/v2\/pages\/867142","og_locale":"fi_FI","og_type":"article","og_title":"Alennettu veroilmoitus eToro Clubin j\u00e4senille","og_description":"Saat alennusta yhteisty\u00f6kumppanimme laatimasta veroilmoituksesta. Valitse vain toimija veroasiantuntijapalvelujen luettelosta, ja he tekev\u00e4t ty\u00f6n puolestasi.","og_url":"https:\/\/www.etoro.com\/fi\/wp-json\/wp\/v2\/pages\/867142","og_site_name":"eToro","article_publisher":"https:\/\/www.facebook.com\/eToro\/","article_modified_time":"2024-04-11T11:20:34+00:00","og_image":[{"width":1200,"height":630,"url":"https:\/\/www.etoro.com\/wp-content\/uploads\/2024\/01\/Tax-services.jpg","type":"image\/jpeg"}],"twitter_card":"summary_large_image","twitter_site":"@eToro","twitter_misc":{"Arvioitu lukuaika":"2 minuuttia"},"schema":{"@context":"https:\/\/schema.org","@graph":[{"@type":"WebPage","@id":"https:\/\/www.etoro.com\/fi\/about\/club\/tax-partners\/","url":"https:\/\/www.etoro.com\/fi\/about\/club\/tax-partners\/","name":"Alennettu veroilmoitus eToro Clubin j\u00e4senille","isPartOf":{"@id":"https:\/\/www.etoro.com\/fi\/#website"},"primaryImageOfPage":{"@id":"https:\/\/www.etoro.com\/fi\/about\/club\/tax-partners\/#primaryimage"},"image":{"@id":"https:\/\/www.etoro.com\/fi\/about\/club\/tax-partners\/#primaryimage"},"thumbnailUrl":"https:\/\/www.etoro.com\/wp-content\/uploads\/2024\/01\/Tax-services.jpg","datePublished":"2024-01-05T12:43:27+00:00","dateModified":"2024-04-11T11:20:34+00:00","description":"Saat alennusta yhteisty\u00f6kumppanimme laatimasta veroilmoituksesta. Valitse vain toimija veroasiantuntijapalvelujen luettelosta, ja he tekev\u00e4t ty\u00f6n puolestasi.","breadcrumb":{"@id":"https:\/\/www.etoro.com\/fi\/about\/club\/tax-partners\/#breadcrumb"},"inLanguage":"fi","potentialAction":[{"@type":"ReadAction","target":["https:\/\/www.etoro.com\/fi\/about\/club\/tax-partners\/"]}]},{"@type":"ImageObject","inLanguage":"fi","@id":"https:\/\/www.etoro.com\/fi\/about\/club\/tax-partners\/#primaryimage","url":"https:\/\/www.etoro.com\/wp-content\/uploads\/2024\/01\/Tax-services.jpg","contentUrl":"https:\/\/www.etoro.com\/wp-content\/uploads\/2024\/01\/Tax-services.jpg","width":1200,"height":630,"caption":"Tax services"},{"@type":"BreadcrumbList","@id":"https:\/\/www.etoro.com\/fi\/about\/club\/tax-partners\/#breadcrumb","itemListElement":[{"@type":"ListItem","position":1,"name":"Koti","item":"https:\/\/www.etoro.com\/fi\/"},{"@type":"ListItem","position":2,"name":"About eToro","item":"https:\/\/www.etoro.com\/fi\/about\/"},{"@type":"ListItem","position":3,"name":"eToro Club","item":"https:\/\/www.etoro.com\/fi\/about\/club\/"},{"@type":"ListItem","position":4,"name":"Tax Partners"}]},{"@type":"WebSite","@id":"https:\/\/www.etoro.com\/fi\/#website","url":"https:\/\/www.etoro.com\/fi\/","name":"eToro","description":"","publisher":{"@id":"https:\/\/www.etoro.com\/fi\/#organization"},"potentialAction":[{"@type":"SearchAction","target":{"@type":"EntryPoint","urlTemplate":"https:\/\/www.etoro.com\/fi\/?s={search_term_string}"},"query-input":{"@type":"PropertyValueSpecification","valueRequired":true,"valueName":"search_term_string"}}],"inLanguage":"fi"},[]]}},"_links":{"self":[{"href":"https:\/\/www.etoro.com\/fi\/wp-json\/wp\/v2\/pages\/867142"}],"collection":[{"href":"https:\/\/www.etoro.com\/fi\/wp-json\/wp\/v2\/pages"}],"about":[{"href":"https:\/\/www.etoro.com\/fi\/wp-json\/wp\/v2\/types\/page"}],"author":[{"embeddable":true,"href":"https:\/\/www.etoro.com\/fi\/wp-json\/wp\/v2\/users\/45"}],"replies":[{"embeddable":true,"href":"https:\/\/www.etoro.com\/fi\/wp-json\/wp\/v2\/comments?post=867142"}],"version-history":[{"count":0,"href":"https:\/\/www.etoro.com\/fi\/wp-json\/wp\/v2\/pages\/867142\/revisions"}],"up":[{"embeddable":true,"href":"https:\/\/www.etoro.com\/fi\/wp-json\/wp\/v2\/pages\/547151"}],"wp:featuredmedia":[{"embeddable":true,"href":"https:\/\/www.etoro.com\/fi\/wp-json\/wp\/v2\/media\/836450"}],"wp:attachment":[{"href":"https:\/\/www.etoro.com\/fi\/wp-json\/wp\/v2\/media?parent=867142"}],"wp:term":[{"taxonomy":"asset_type","embeddable":true,"href":"https:\/\/www.etoro.com\/fi\/wp-json\/wp\/v2\/asset_type?post=867142"}],"curies":[{"name":"wp","href":"https:\/\/api.w.org\/{rel}","templated":true}]}}