{"id":942937,"date":"2025-03-20T13:40:28","date_gmt":"2025-03-20T11:40:28","guid":{"rendered":"https:\/\/www.etoro.com\/?page_id=942937"},"modified":"2026-01-19T10:32:38","modified_gmt":"2026-01-19T08:32:38","slug":"policy","status":"publish","type":"page","link":"https:\/\/www.etoro.com\/fi\/editorial\/policy\/","title":{"rendered":"Academy Editorial Policies"},"content":{"rendered":"\n<section class=\"wp-block-group wp-block-group-full\"><div class=\"wp-block-group-inner is-layout-flow wp-block-group-is-layout-flow\">\n<h2 class=\"wp-block-heading\">Johdanto<\/h2>\n\n\n\n<p>T\u00e4m\u00e4n toimitusk\u00e4yt\u00e4nn\u00f6n tarkoituksena on antaa yleiskuva <a href=\"https:\/\/www.etoro.com\/academy\/\" target=\"_blank\" rel=\"noreferrer noopener\">eToro Academyn<\/a> sis\u00e4ll\u00f6n luomista ja levitt\u00e4mist\u00e4 ohjaavista periaatteista. T\u00e4m\u00e4n linjauksen tarkoituksena on toimia ohjeena k\u00e4ytt\u00e4jillemme tarjottavien tietojen eheyden, luotettavuuden ja yleisen laadun yll\u00e4pit\u00e4miseksi.<\/p>\n\n\n\n<figure class=\"wp-block-image size-full\"><img loading=\"lazy\" decoding=\"async\" width=\"756\" height=\"400\" src=\"https:\/\/www.etoro.com\/wp-content\/uploads\/2024\/09\/Academy-Editorial-Policy_Intro-Illustration.png\" alt=\"\" class=\"wp-image-934548 wp-image-desktop\" srcset=\"https:\/\/www.etoro.com\/wp-content\/uploads\/2024\/09\/Academy-Editorial-Policy_Intro-Illustration.png 756w, https:\/\/www.etoro.com\/wp-content\/uploads\/2024\/09\/Academy-Editorial-Policy_Intro-Illustration-300x159.png 300w\" sizes=\"(max-width: 756px) 100vw, 756px\" \/><\/figure>\n\n\n\n<h2 class=\"wp-block-heading\">Toimitusk\u00e4yt\u00e4nn\u00f6n tarkoitus<\/h2>\n\n\n\n<p>Ymm\u00e4rr\u00e4mme, ett\u00e4 vaikka verkosta l\u00f6ytyy runsaasti tietoa, sen l\u00e4pik\u00e4yminen voi olla ylivoimaista ja h\u00e4mment\u00e4v\u00e4\u00e4. T\u00e4m\u00e4n vuoksi olemme luoneet akatemiallemme j\u00e4sennellyn, eri palikoista koostuvan l\u00e4hestymistavan, joka takaa, ett\u00e4 sijoittajat eiv\u00e4t vain saa tietoa, vaan my\u00f6s kehitt\u00e4v\u00e4t todellista tietoa ja ymm\u00e4rryst\u00e4.<\/p>\n\n\n\n<p>Tavoitteenamme on tarjota yleis\u00f6llemme sis\u00e4lt\u00f6\u00e4, joka on t\u00e4sm\u00e4llist\u00e4, luotettavaa, innostavaa ja opettavaista. T\u00e4m\u00e4 linjaus ohjaa sis\u00e4ll\u00f6ntuotantoprosessiamme, jotta voimme syvent\u00e4\u00e4 lukijoidemme ymm\u00e4rryst\u00e4 sek\u00e4 luoda oppimisen ja luottamuksen ilmapiirin.<\/p>\n\n\n\n<h2 class=\"wp-block-heading\">Soveltamisala (katetut sis\u00e4ll\u00f6n tyypit)<\/h2>\n\n\n\n<p>T\u00e4m\u00e4 k\u00e4yt\u00e4nt\u00f6 kattaa erilaiset sis\u00e4lt\u00f6muodot, kuten kurssit, artikkelit, opetusohjelmat, webinaarit, podcastit ja muut eToro Academyn julkaisemat koulutusmateriaalit, ja sill\u00e4 varmistetaan, ett\u00e4 jokainen materiaali vastaa vakiintuneita huippuosaamisen standardejamme.<\/p>\n\n\n\n<figure class=\"wp-block-image size-full\"><img loading=\"lazy\" decoding=\"async\" width=\"756\" height=\"400\" src=\"https:\/\/www.etoro.com\/wp-content\/uploads\/2024\/09\/Academy-Editorial-Policy_Style-Illustration.png\" alt=\"\" class=\"wp-image-934572 wp-image-desktop\" srcset=\"https:\/\/www.etoro.com\/wp-content\/uploads\/2024\/09\/Academy-Editorial-Policy_Style-Illustration.png 756w, https:\/\/www.etoro.com\/wp-content\/uploads\/2024\/09\/Academy-Editorial-Policy_Style-Illustration-300x159.png 300w\" sizes=\"(max-width: 756px) 100vw, 756px\" \/><\/figure>\n\n\n\n<h2 class=\"wp-block-heading\">Sis\u00e4ll\u00f6n standardit<\/h2>\n\n\n\n<h3 class=\"wp-block-heading\">Tarkkuus ja luotettavuus<\/h3>\n\n\n\n<p>Olemme sitoutuneet tarjoamaan sis\u00e4lt\u00f6\u00e4, joka on faktoihin perustuvaa ja todennettavissa olevaa. Tarkat faktantarkistusprosessit ovat k\u00e4yt\u00f6ss\u00e4 tietojen arvioimiseksi ennen julkaisua, mik\u00e4 takaa sis\u00e4lt\u00f6mme luotettavuuden.<\/p>\n\n\n\n<h3 class=\"wp-block-heading\">L\u00e4hteet ja viittaukset<\/h3>\n\n\n\n<p>Avoimuus tiedon hankinnassa on toimituksellisen rehellisyytemme perusta. Kaikki sis\u00e4lt\u00f6mme sis\u00e4lt\u00e4\u00e4 asianmukaiset viittaukset alkuper\u00e4isiin l\u00e4hteisiin, jotta lukijat voivat itse tarkistaa ja tutkia niit\u00e4.<\/p>\n\n\n\n<h3 class=\"wp-block-heading\">Objektiivisuus ja puolueettomuus<\/h3>\n\n\n\n<p>Sis\u00e4lt\u00f6mme tavoitteena on tarjota tasapainoista ja puolueetonta tietoa, joka on vapaa ulkoisista vaikutteista ja henkil\u00f6kohtaisista ennakkoluuloista, jotta lukijamme saavat objektiivista tietoa p\u00e4\u00e4t\u00f6ksentekonsa tueksi.<\/p>\n\n\n\n<h3 class=\"wp-block-heading\">Etiikka<\/h3>\n\n\n\n<p>Noudatamme korkeimpia eettisi\u00e4 normeja ja varmistamme, ett\u00e4 sis\u00e4lt\u00f6mme ei loukkaa yksityisyytt\u00e4, tekij\u00e4noikeuksia tai muita oikeudellisia vaatimuksia. Eettiset n\u00e4k\u00f6kohdat ohjaavat my\u00f6s vuorovaikutustamme kolmansien osapuolten sis\u00e4ll\u00f6ntuottajien ja -l\u00e4hteiden kanssa.<\/p>\n\n\n\n<h3 class=\"wp-block-heading\">Kolmansien osapuolten sis\u00e4lt\u00f6<\/h3>\n\n\n\n<p>Kolmansien osapuolten tuottama sis\u00e4lt\u00f6 merkit\u00e4\u00e4n selke\u00e4sti l\u00e4hteineen, ja eToro tarkistaa sen huolellisesti varmistaakseen, ett\u00e4 se vastaa k\u00e4yt\u00e4nt\u00f6j\u00e4mme ja standardejamme.<\/p>\n\n\n\n<h2 class=\"wp-block-heading\">Kirjoitustyyli ja ohjeet<\/h2>\n\n\n\n<h3 class=\"wp-block-heading\">Selkeys ja luettavuus<\/h3>\n\n\n\n<p>Sis\u00e4ll\u00f6n luettavuus on meille ensiarvoisen t\u00e4rke\u00e4\u00e4. Pyrimme kirjoituksissamme selkeyteen ja yksinkertaisuuteen varmistaaksemme, ett\u00e4 oppimateriaalimme ovat helposti ymm\u00e4rrett\u00e4viss\u00e4 laajalle yleis\u00f6lle, kaikilla taitotasoilla.<\/p>\n\n\n\n<h3 class=\"wp-block-heading\">eToro Academyn \u00e4\u00e4nens\u00e4vy<\/h3>\n\n\n\n<p>S\u00e4vymme on ammattimainen, mutta helposti l\u00e4hestytt\u00e4v\u00e4, mik\u00e4 kuvastaa eToron arvoja. On t\u00e4rke\u00e4\u00e4, ett\u00e4 sis\u00e4lt\u00f6mme puhuttelee yleis\u00f6\u00e4mme suoraan ja sitouttaa heid\u00e4t merkityksellisell\u00e4 ja kunnioittavalla tavalla.<\/p>\n\n\n\n<h3 class=\"wp-block-heading is-style-default\">Sitoutuminen esteett\u00f6myyteen ja suvaitsevuuteen<\/h3>\n\n\n\n<p>Olemme sitoutuneet tarjoamaan saavutettavaa ja osallistavaa sis\u00e4lt\u00f6\u00e4, ja arvostamme erilaisia n\u00e4k\u00f6kulmia ja varmistamme, ett\u00e4 kaikki voivat tutustua materiaaleihimme \u00e4\u00e4nen, videon ja tekstin v\u00e4lityksell\u00e4, miss\u00e4 ja milloin tahansa.<\/p>\n\n\n\n<h3 class=\"wp-block-heading\">Eturistiriidat<\/h3>\n\n\n\n<p>Mahdollisten eturistiriitojen avoimuus on ratkaisevan t\u00e4rke\u00e4\u00e4 lukijoiden luottamuksen s\u00e4ilytt\u00e4miseksi. Kaikki t\u00e4llaiset ristiriidat tuodaan selke\u00e4sti esille, jotta sis\u00e4ll\u00f6n eheys s\u00e4ilyy.<\/p>\n\n\n\n<h2 class=\"wp-block-heading\">Tapaa toimitustiimimme<\/h2>\n\n\n\n<p>eToro Academyn oivaltavan ja informatiivisen sis\u00e4ll\u00f6n takana on tiimi kokeneita toimittajia ja asiantuntijoita. Jokainen tiimin j\u00e4sen tuo mukanaan omat ainutlaatuiset taitonsa ja intohimonsa koulutukseen, mik\u00e4 takaa, ett\u00e4 sis\u00e4lt\u00f6mme on sek\u00e4 t\u00e4sm\u00e4llist\u00e4 ett\u00e4 mukaansatempaavaa.<\/p>\n\n\n\n<p>Heid\u00e4n asiantuntemuksensa kattaa rahoituksen, teknologian ja pedagogiikan, mik\u00e4 kuvastaa sitoutumistamme opetusmateriaalien laatuun ja monipuolisuuteen. Jos haluat tutustua tarkemmin henkil\u00f6ihin, jotka kuratoivat oppimiskokemustasi, k\u00e4y tutustumassa yksityiskohtaiseen tiimikatsaukseemme.<\/p>\n\n\n\n<figure class=\"wp-block-image size-full\"><img loading=\"lazy\" decoding=\"async\" width=\"756\" height=\"308\" src=\"https:\/\/www.etoro.com\/wp-content\/uploads\/2026\/01\/image-1.png\" alt=\"\" class=\"wp-image-1209082 wp-image-desktop\" srcset=\"https:\/\/www.etoro.com\/wp-content\/uploads\/2026\/01\/image-1.png 756w, https:\/\/www.etoro.com\/wp-content\/uploads\/2026\/01\/image-1-300x122.png 300w\" sizes=\"(max-width: 756px) 100vw, 756px\" \/><\/figure>\n\n\n\n<h2 class=\"wp-block-heading\">P\u00e4ivitykset ja muutokset<\/h2>\n\n\n\n<p>Sis\u00e4ll\u00f6n asianmukaisuuden ja tarkkuuden s\u00e4ilytt\u00e4miseksi k\u00e4yt\u00e4mme j\u00e4sennelty\u00e4 prosessia p\u00e4ivityksi\u00e4 ja tarkistuksia varten. N\u00e4in varmistetaan, ett\u00e4 aineistomme pysyy ajan tasalla ja vastaa alan viimeisimpi\u00e4 standardeja ja k\u00e4yt\u00e4nt\u00f6j\u00e4.<\/p>\n\n\n\n<p>T\u00e4m\u00e4n toimitusk\u00e4yt\u00e4nn\u00f6n tarkoituksena on varmistaa, ett\u00e4 eToro Academyn tuottama ja jakama sis\u00e4lt\u00f6 t\u00e4ytt\u00e4\u00e4 korkeimmat laatu-, eheys- ja l\u00e4pin\u00e4kyvyysvaatimukset. N\u00e4iden ohjeiden noudattamisella pyrimme luomaan luotettavan ja informatiivisen oppimisymp\u00e4rist\u00f6n yhteis\u00f6llemme.<\/p>\n\n\n\n<p class=\"is-style-heading-3\">Takuu- ja vastuuvapauslauseke<\/p>\n\n\n\n<p>Kaikki eToron sis\u00e4ll\u00f6ss\u00e4 esitetyt kommentit, mielipiteet ja analyysit on tarkoitettu ainoastaan tiedotustarkoituksiin, eik\u00e4 niit\u00e4 tule pit\u00e4\u00e4 sijoitusneuvoina. <\/p>\n\n\n\n<p>eToro ei anna suosituksia sijoittaa mihink\u00e4\u00e4n tiettyyn omaisuuser\u00e4\u00e4n tai omaksua mit\u00e4\u00e4n sijoitusstrategiaa. Sis\u00e4ll\u00f6ss\u00e4mme kuvatut n\u00e4kemykset ja strategiat eiv\u00e4t v\u00e4ltt\u00e4m\u00e4tt\u00e4 sovi kaikille sijoittajille. Koska markkina- ja taloustilanteet voivat muuttua nopeasti, kaikki sis\u00e4ll\u00f6ss\u00e4mme esitetyt kommentit, mielipiteet ja analyysit ovat julkaisup\u00e4iv\u00e4n mukaisia ja voivat muuttua ilman erillist\u00e4 ilmoitusta. <\/p>\n\n\n\n<p>Vaikka teemme kaikkemme tarjotaksemme luotettavaa tietoa, emme takaa sen paikkansapit\u00e4vyytt\u00e4. Materiaalia ei ole tarkoitettu t\u00e4ydelliseksi analyysiksi kaikista olennaisista seikoista, jotka koskevat mit\u00e4 tahansa maata, aluetta, markkinoita, toimialaa, sijoitusta tai strategiaa.<\/p>\n<\/div><\/section>\n","protected":false},"excerpt":{"rendered":"<p>Johdanto T\u00e4m\u00e4n toimitusk\u00e4yt\u00e4nn\u00f6n tarkoituksena on antaa yleiskuva eToro Academyn sis\u00e4ll\u00f6n luomista ja levitt\u00e4mist\u00e4 ohjaavista periaatteista. T\u00e4m\u00e4n linjauksen tarkoituksena on toimia ohjeena k\u00e4ytt\u00e4jillemme tarjottavien tietojen eheyden, luotettavuuden ja yleisen laadun yll\u00e4pit\u00e4miseksi. Toimitusk\u00e4yt\u00e4nn\u00f6n tarkoitus Ymm\u00e4rr\u00e4mme, ett\u00e4 vaikka verkosta l\u00f6ytyy runsaasti tietoa, sen l\u00e4pik\u00e4yminen voi olla ylivoimaista ja h\u00e4mment\u00e4v\u00e4\u00e4. T\u00e4m\u00e4n vuoksi olemme luoneet akatemiallemme j\u00e4sennellyn, eri palikoista koostuvan&hellip;<\/p>\n","protected":false},"author":127,"featured_media":0,"parent":944079,"menu_order":0,"comment_status":"closed","ping_status":"closed","template":"","meta":{"_acf_changed":true,"inline_featured_image":false,"sticky_cta_settings":"","footnotes":""},"asset_type":[],"class_list":["post-942937","page","type-page","status-publish","hentry"],"acf":[],"yoast_head":"<title>eToro Academyn toimitusk\u00e4yt\u00e4nt\u00f6<\/title>\n<meta name=\"description\" content=\"eToron sijoituskoulutuksen resurssit noudattavat korkeimpia standardeja. N\u00e4m\u00e4 ohjeet auttavat edist\u00e4m\u00e4\u00e4n luotettavaa oppimisymp\u00e4rist\u00f6\u00e4 yhteis\u00f6ss\u00e4mme.\" \/>\n<meta name=\"robots\" content=\"index, follow, max-snippet:-1, max-image-preview:large, max-video-preview:-1\" \/>\n<link rel=\"canonical\" href=\"https:\/\/www.etoro.com\/fi\/wp-json\/wp\/v2\/pages\/942937\" \/>\n<meta property=\"og:locale\" content=\"fi_FI\" \/>\n<meta property=\"og:type\" content=\"article\" \/>\n<meta property=\"og:title\" content=\"eToro Academyn toimitusk\u00e4yt\u00e4nt\u00f6\" \/>\n<meta property=\"og:description\" content=\"eToron sijoituskoulutuksen resurssit noudattavat korkeimpia standardeja. N\u00e4m\u00e4 ohjeet auttavat edist\u00e4m\u00e4\u00e4n luotettavaa oppimisymp\u00e4rist\u00f6\u00e4 yhteis\u00f6ss\u00e4mme.\" \/>\n<meta property=\"og:url\" content=\"https:\/\/www.etoro.com\/fi\/wp-json\/wp\/v2\/pages\/942937\" \/>\n<meta property=\"og:site_name\" content=\"eToro\" \/>\n<meta property=\"article:publisher\" content=\"https:\/\/www.facebook.com\/eToro\/\" \/>\n<meta property=\"article:modified_time\" content=\"2026-01-19T08:32:38+00:00\" \/>\n<meta property=\"og:image\" content=\"https:\/\/www.etoro.com\/wp-content\/uploads\/2024\/09\/Academy-Editorial-Policy_Intro-Illustration.png\" \/>\n\t<meta property=\"og:image:width\" content=\"756\" \/>\n\t<meta property=\"og:image:height\" content=\"400\" \/>\n\t<meta property=\"og:image:type\" content=\"image\/png\" \/>\n<meta name=\"twitter:card\" content=\"summary_large_image\" \/>\n<meta name=\"twitter:site\" content=\"@eToro\" \/>\n<meta name=\"twitter:label1\" content=\"Arvioitu lukuaika\" \/>\n\t<meta name=\"twitter:data1\" content=\"4 minuuttia\" \/>\n<script type=\"application\/ld+json\" class=\"yoast-schema-graph\">{\"@context\":\"https:\/\/schema.org\",\"@graph\":[{\"@type\":\"WebPage\",\"@id\":\"https:\/\/www.etoro.com\/fi\/editorial\/policy\/\",\"url\":\"https:\/\/www.etoro.com\/fi\/editorial\/policy\/\",\"name\":\"eToro Academyn toimitusk\u00e4yt\u00e4nt\u00f6\",\"isPartOf\":{\"@id\":\"https:\/\/www.etoro.com\/fi\/#website\"},\"primaryImageOfPage\":{\"@id\":\"https:\/\/www.etoro.com\/fi\/editorial\/policy\/#primaryimage\"},\"image\":{\"@id\":\"https:\/\/www.etoro.com\/fi\/editorial\/policy\/#primaryimage\"},\"thumbnailUrl\":\"https:\/\/www.etoro.com\/wp-content\/uploads\/2024\/09\/Academy-Editorial-Policy_Intro-Illustration.png\",\"datePublished\":\"2025-03-20T11:40:28+00:00\",\"dateModified\":\"2026-01-19T08:32:38+00:00\",\"description\":\"eToron sijoituskoulutuksen resurssit noudattavat korkeimpia standardeja. N\u00e4m\u00e4 ohjeet auttavat edist\u00e4m\u00e4\u00e4n luotettavaa oppimisymp\u00e4rist\u00f6\u00e4 yhteis\u00f6ss\u00e4mme.\",\"breadcrumb\":{\"@id\":\"https:\/\/www.etoro.com\/fi\/editorial\/policy\/#breadcrumb\"},\"inLanguage\":\"fi\",\"potentialAction\":[{\"@type\":\"ReadAction\",\"target\":[\"https:\/\/www.etoro.com\/fi\/editorial\/policy\/\"]}]},{\"@type\":\"ImageObject\",\"inLanguage\":\"fi\",\"@id\":\"https:\/\/www.etoro.com\/fi\/editorial\/policy\/#primaryimage\",\"url\":\"https:\/\/www.etoro.com\/wp-content\/uploads\/2024\/09\/Academy-Editorial-Policy_Intro-Illustration.png\",\"contentUrl\":\"https:\/\/www.etoro.com\/wp-content\/uploads\/2024\/09\/Academy-Editorial-Policy_Intro-Illustration.png\"},{\"@type\":\"BreadcrumbList\",\"@id\":\"https:\/\/www.etoro.com\/fi\/editorial\/policy\/#breadcrumb\",\"itemListElement\":[{\"@type\":\"ListItem\",\"position\":1,\"name\":\"Koti\",\"item\":\"https:\/\/www.etoro.com\/fi\/\"},{\"@type\":\"ListItem\",\"position\":2,\"name\":\"Editorial\",\"item\":\"https:\/\/www.etoro.com\/fi\/?page_id=944079\"},{\"@type\":\"ListItem\",\"position\":3,\"name\":\"Academy Editorial Policies\"}]},{\"@type\":\"WebSite\",\"@id\":\"https:\/\/www.etoro.com\/fi\/#website\",\"url\":\"https:\/\/www.etoro.com\/fi\/\",\"name\":\"eToro\",\"description\":\"\",\"publisher\":{\"@id\":\"https:\/\/www.etoro.com\/fi\/#organization\"},\"potentialAction\":[{\"@type\":\"SearchAction\",\"target\":{\"@type\":\"EntryPoint\",\"urlTemplate\":\"https:\/\/www.etoro.com\/fi\/?s={search_term_string}\"},\"query-input\":{\"@type\":\"PropertyValueSpecification\",\"valueRequired\":true,\"valueName\":\"search_term_string\"}}],\"inLanguage\":\"fi\"},[]]}<\/script>","yoast_head_json":{"title":"eToro Academyn toimitusk\u00e4yt\u00e4nt\u00f6","description":"eToron sijoituskoulutuksen resurssit noudattavat korkeimpia standardeja. N\u00e4m\u00e4 ohjeet auttavat edist\u00e4m\u00e4\u00e4n luotettavaa oppimisymp\u00e4rist\u00f6\u00e4 yhteis\u00f6ss\u00e4mme.","robots":{"index":"index","follow":"follow","max-snippet":"max-snippet:-1","max-image-preview":"max-image-preview:large","max-video-preview":"max-video-preview:-1"},"canonical":"https:\/\/www.etoro.com\/fi\/wp-json\/wp\/v2\/pages\/942937","og_locale":"fi_FI","og_type":"article","og_title":"eToro Academyn toimitusk\u00e4yt\u00e4nt\u00f6","og_description":"eToron sijoituskoulutuksen resurssit noudattavat korkeimpia standardeja. N\u00e4m\u00e4 ohjeet auttavat edist\u00e4m\u00e4\u00e4n luotettavaa oppimisymp\u00e4rist\u00f6\u00e4 yhteis\u00f6ss\u00e4mme.","og_url":"https:\/\/www.etoro.com\/fi\/wp-json\/wp\/v2\/pages\/942937","og_site_name":"eToro","article_publisher":"https:\/\/www.facebook.com\/eToro\/","article_modified_time":"2026-01-19T08:32:38+00:00","og_image":[{"width":756,"height":400,"url":"https:\/\/www.etoro.com\/wp-content\/uploads\/2024\/09\/Academy-Editorial-Policy_Intro-Illustration.png","type":"image\/png"}],"twitter_card":"summary_large_image","twitter_site":"@eToro","twitter_misc":{"Arvioitu lukuaika":"4 minuuttia"},"schema":{"@context":"https:\/\/schema.org","@graph":[{"@type":"WebPage","@id":"https:\/\/www.etoro.com\/fi\/editorial\/policy\/","url":"https:\/\/www.etoro.com\/fi\/editorial\/policy\/","name":"eToro Academyn toimitusk\u00e4yt\u00e4nt\u00f6","isPartOf":{"@id":"https:\/\/www.etoro.com\/fi\/#website"},"primaryImageOfPage":{"@id":"https:\/\/www.etoro.com\/fi\/editorial\/policy\/#primaryimage"},"image":{"@id":"https:\/\/www.etoro.com\/fi\/editorial\/policy\/#primaryimage"},"thumbnailUrl":"https:\/\/www.etoro.com\/wp-content\/uploads\/2024\/09\/Academy-Editorial-Policy_Intro-Illustration.png","datePublished":"2025-03-20T11:40:28+00:00","dateModified":"2026-01-19T08:32:38+00:00","description":"eToron sijoituskoulutuksen resurssit noudattavat korkeimpia standardeja. N\u00e4m\u00e4 ohjeet auttavat edist\u00e4m\u00e4\u00e4n luotettavaa oppimisymp\u00e4rist\u00f6\u00e4 yhteis\u00f6ss\u00e4mme.","breadcrumb":{"@id":"https:\/\/www.etoro.com\/fi\/editorial\/policy\/#breadcrumb"},"inLanguage":"fi","potentialAction":[{"@type":"ReadAction","target":["https:\/\/www.etoro.com\/fi\/editorial\/policy\/"]}]},{"@type":"ImageObject","inLanguage":"fi","@id":"https:\/\/www.etoro.com\/fi\/editorial\/policy\/#primaryimage","url":"https:\/\/www.etoro.com\/wp-content\/uploads\/2024\/09\/Academy-Editorial-Policy_Intro-Illustration.png","contentUrl":"https:\/\/www.etoro.com\/wp-content\/uploads\/2024\/09\/Academy-Editorial-Policy_Intro-Illustration.png"},{"@type":"BreadcrumbList","@id":"https:\/\/www.etoro.com\/fi\/editorial\/policy\/#breadcrumb","itemListElement":[{"@type":"ListItem","position":1,"name":"Koti","item":"https:\/\/www.etoro.com\/fi\/"},{"@type":"ListItem","position":2,"name":"Editorial","item":"https:\/\/www.etoro.com\/fi\/?page_id=944079"},{"@type":"ListItem","position":3,"name":"Academy Editorial Policies"}]},{"@type":"WebSite","@id":"https:\/\/www.etoro.com\/fi\/#website","url":"https:\/\/www.etoro.com\/fi\/","name":"eToro","description":"","publisher":{"@id":"https:\/\/www.etoro.com\/fi\/#organization"},"potentialAction":[{"@type":"SearchAction","target":{"@type":"EntryPoint","urlTemplate":"https:\/\/www.etoro.com\/fi\/?s={search_term_string}"},"query-input":{"@type":"PropertyValueSpecification","valueRequired":true,"valueName":"search_term_string"}}],"inLanguage":"fi"},[]]}},"_links":{"self":[{"href":"https:\/\/www.etoro.com\/fi\/wp-json\/wp\/v2\/pages\/942937"}],"collection":[{"href":"https:\/\/www.etoro.com\/fi\/wp-json\/wp\/v2\/pages"}],"about":[{"href":"https:\/\/www.etoro.com\/fi\/wp-json\/wp\/v2\/types\/page"}],"author":[{"embeddable":true,"href":"https:\/\/www.etoro.com\/fi\/wp-json\/wp\/v2\/users\/127"}],"replies":[{"embeddable":true,"href":"https:\/\/www.etoro.com\/fi\/wp-json\/wp\/v2\/comments?post=942937"}],"version-history":[{"count":0,"href":"https:\/\/www.etoro.com\/fi\/wp-json\/wp\/v2\/pages\/942937\/revisions"}],"up":[{"embeddable":true,"href":"https:\/\/www.etoro.com\/fi\/wp-json\/wp\/v2\/pages\/944079"}],"wp:attachment":[{"href":"https:\/\/www.etoro.com\/fi\/wp-json\/wp\/v2\/media?parent=942937"}],"wp:term":[{"taxonomy":"asset_type","embeddable":true,"href":"https:\/\/www.etoro.com\/fi\/wp-json\/wp\/v2\/asset_type?post=942937"}],"curies":[{"name":"wp","href":"https:\/\/api.w.org\/{rel}","templated":true}]}}