{"id":1004811,"date":"2025-01-16T10:14:37","date_gmt":"2025-01-16T08:14:37","guid":{"rendered":"https:\/\/www.etoro.com\/customer-service\/regulation-license\/eu-risk-warning\/"},"modified":"2025-02-05T10:03:05","modified_gmt":"2025-02-05T08:03:05","slug":"eu-risk-warning","status":"publish","type":"page","link":"https:\/\/www.etoro.com\/fr\/customer-service\/regulation-license\/eu-risk-warning\/","title":{"rendered":"EU Risk Warning"},"content":{"rendered":"<h2>Avertissement sur les risques li\u00e9s aux crypto-actifs<\/h2>\n<h3>Produit d&#8217;investissement \u00e0 haut risque<\/h3>\n<p>La valeur des investissements et les revenus qui en d\u00e9coulent peuvent subir d&#8217;importantes fluctuations \u00e0 la hausse ou \u00e0 la baisse et la totalit\u00e9 du montant investi peut \u00eatre perdue.<\/p>\n<p>Les investissements dans les projets en phase de d\u00e9marrage impliquent un niveau de risque \u00e9lev\u00e9, il est donc n\u00e9cessaire de bien comprendre leur mod\u00e8le \u00e9conomique.<\/p>\n<p>Les crypto-actifs ne sont pas couverts par les m\u00e9canismes de protection des clients tels que le Fonds de garantie des d\u00e9p\u00f4ts ou le Fonds de garantie des investisseurs.<\/p>\n<p>Les prix des crypto-actifs sont d\u00e9termin\u00e9s en l&#8217;absence de m\u00e9canismes garantissant leur constitution correcte, tels que ceux pr\u00e9sents sur les march\u00e9s de valeurs mobili\u00e8res r\u00e9glement\u00e9s.<\/p>\n<p>De nombreux crypto-actifs peuvent manquer des liquidit\u00e9s n\u00e9cessaire pour liquider un investissement sans subir de pertes importantes, \u00e9tant donn\u00e9 que leur circulation parmi les investisseurs, qu&#8217;ils soient particuliers ou professionnels, peut \u00eatre tr\u00e8s limit\u00e9e.<\/p>\n<h3>Risques li\u00e9s \u00e0 la technologie<\/h3>\n<p>Les technologies de registre distribu\u00e9 en sont encore \u00e0 un stade pr\u00e9coce de maturit\u00e9, et nombre de ces r\u00e9seaux ont \u00e9t\u00e9 cr\u00e9\u00e9s r\u00e9cemment, ils n&#8217;ont peut-\u00eatre pas \u00e9t\u00e9 suffisamment test\u00e9s, leur fonctionnement et leur s\u00e9curit\u00e9 peuvent pr\u00e9senter des failles importantes.<\/p>\n<p>L&#8217;enregistrement des transactions dans les r\u00e9seaux bas\u00e9s sur les technologies de registre distribu\u00e9 fonctionne par le biais de protocoles consensuels qui peuvent \u00eatre sensibles aux attaques visant \u00e0 modifier ledit registre et, si ces attaques r\u00e9ussissent, il n&#8217;y aurait pas d&#8217;autre registre pour prendre en charge lesdites transactions ou donc les soldes correspondants aux cl\u00e9s publiques, et tous les crypto-actifs pourraient \u00eatre perdus.<\/p>\n<p>L\u2019anonymat que les crypto-actifs peuvent fournir en fait une cible pour les cybercriminels, car s\u2019ils volent des identifiants ou des cl\u00e9s priv\u00e9es, ils peuvent transf\u00e9rer les crypto-actifs \u00e0 des adresses qui rendent leur r\u00e9cup\u00e9ration difficile ou impossible.<\/p>\n<p>La conservation des crypto-actifs est l\u2019un des principaux facteurs de risque \u00e0 prendre en compte, car les crypto-actifs peuvent \u00eatre perdus dans leur int\u00e9gralit\u00e9 en cas de vol ou de perte de cl\u00e9s priv\u00e9es. Comme expliqu\u00e9 ci-dessous dans la section Risques juridiques, les crypto-actifs sont d\u00e9tenus dans des portefeuilles num\u00e9riques globaux collectifs (portefeuilles omnibus) au nom d&#8217;eToro (Europe) Ltd agissant pour le compte de ses clients, et les cl\u00e9s priv\u00e9es de ces portefeuilles globaux ne sont pas fournies aux clients, ce qui r\u00e9duit le risque de vol ou de perte des cl\u00e9s priv\u00e9es par les clients. eToro (Europe) Ltd est l&#8217;entit\u00e9 qui d\u00e9tient la conservation des crypto-actifs clients, effectuant la conservation \u00e0 Chypre et en vertu des lois du pays.<\/p>\n<h3>Risques juridiques<\/h3>\n<p>La prise en compte des crypto-actifs en tant que moyen d&#8217;\u00e9change est encore tr\u00e8s limit\u00e9e et il n&#8217;y a pas d&#8217;obligation l\u00e9gale de les accepter.<\/p>\n<p>Lorsque le prestataire de services n\u2019est pas situ\u00e9 dans un pays de l\u2019Union Europ\u00e9enne, la r\u00e9solution de tout conflit peut \u00eatre co\u00fbteuse et ne rel\u00e8ve pas de la comp\u00e9tence des autorit\u00e9s de l\u2019UE.<\/p>\n<p>Les crypto-actifs achet\u00e9s via la plateforme eToro sont d\u00e9tenus dans des portefeuilles num\u00e9riques mondiaux collectifs (portefeuilles omnibus) au nom d&#8217;eToro (Europe) Ltd agissant pour le compte de ses clients et les cl\u00e9s priv\u00e9es de ces portefeuilles mondiaux ne sont pas fournies aux clients. Les portefeuilles num\u00e9riques utilis\u00e9s pour la conservation des crypto-actifs clients sont distincts et s\u00e9par\u00e9s des portefeuilles num\u00e9riques utilis\u00e9s pour la conservation des crypto-actifs achet\u00e9s par eToro (Europe) Ltd pour son propre portefeuille.<\/p>\n<p>Les clients conservent tous les droits et avantages d\u00e9coulant de la propri\u00e9t\u00e9 des crypto-actifs d\u00e9tenus par eToro (Europe) Ltd pour le compte de ses clients. Les clients ont un acc\u00e8s en ligne aux crypto-actifs qu&#8217;ils poss\u00e8dent par le biais de la plateforme eToro, comme indiqu\u00e9 dans les Conditions G\u00e9n\u00e9rales de ce service.<\/p>\n","protected":false},"excerpt":{"rendered":"<p>Avertissement sur les risques li\u00e9s aux crypto-actifs Produit d&#8217;investissement \u00e0 haut risque La valeur des investissements et les revenus qui en d\u00e9coulent peuvent subir d&#8217;importantes fluctuations \u00e0 la hausse ou \u00e0 la baisse et la totalit\u00e9 du montant investi peut \u00eatre perdue. Les investissements dans les projets en phase de d\u00e9marrage impliquent un niveau de&hellip;<\/p>\n","protected":false},"author":39,"featured_media":0,"parent":10717,"menu_order":0,"comment_status":"closed","ping_status":"closed","template":"","meta":{"_acf_changed":false,"inline_featured_image":false,"sticky_cta_settings":"","footnotes":""},"asset_type":[],"class_list":["post-1004811","page","type-page","status-publish","hentry"],"acf":[],"yoast_head":"<title>EU Risk Warning - eToro<\/title>\n<meta name=\"robots\" content=\"index, follow, max-snippet:-1, max-image-preview:large, max-video-preview:-1\" \/>\n<link rel=\"canonical\" href=\"https:\/\/www.etoro.com\/fr\/wp-json\/wp\/v2\/pages\/1004811\" \/>\n<meta property=\"og:locale\" content=\"fr_FR\" \/>\n<meta property=\"og:type\" content=\"article\" \/>\n<meta property=\"og:title\" content=\"EU Risk Warning - eToro\" \/>\n<meta property=\"og:description\" content=\"Avertissement sur les risques li\u00e9s aux crypto-actifs Produit d&#8217;investissement \u00e0 haut risque La valeur des investissements et les revenus qui en d\u00e9coulent peuvent subir d&#8217;importantes fluctuations \u00e0 la hausse ou \u00e0 la baisse et la totalit\u00e9 du montant investi peut \u00eatre perdue. Les investissements dans les projets en phase de d\u00e9marrage impliquent un niveau de&hellip;\" \/>\n<meta property=\"og:url\" content=\"https:\/\/www.etoro.com\/fr\/wp-json\/wp\/v2\/pages\/1004811\" \/>\n<meta property=\"og:site_name\" content=\"eToro\" \/>\n<meta property=\"article:publisher\" content=\"https:\/\/www.facebook.com\/eToro\/\" \/>\n<meta property=\"article:modified_time\" content=\"2025-02-05T08:03:05+00:00\" \/>\n<meta property=\"og:image\" content=\"https:\/\/www.etoro.com\/wp-content\/uploads\/2019\/12\/etoro_logo_social_share1.png\" \/>\n\t<meta property=\"og:image:width\" content=\"240\" \/>\n\t<meta property=\"og:image:height\" content=\"240\" \/>\n\t<meta property=\"og:image:type\" content=\"image\/png\" \/>\n<meta name=\"twitter:card\" content=\"summary_large_image\" \/>\n<meta name=\"twitter:site\" content=\"@eToro\" \/>\n<meta name=\"twitter:label1\" content=\"Est. reading time\" \/>\n\t<meta name=\"twitter:data1\" content=\"3 minutes\" \/>\n<script type=\"application\/ld+json\" class=\"yoast-schema-graph\">{\"@context\":\"https:\/\/schema.org\",\"@graph\":[{\"@type\":\"WebPage\",\"@id\":\"https:\/\/www.etoro.com\/fr\/customer-service\/regulation-license\/eu-risk-warning\/\",\"url\":\"https:\/\/www.etoro.com\/fr\/customer-service\/regulation-license\/eu-risk-warning\/\",\"name\":\"EU Risk Warning - eToro\",\"isPartOf\":{\"@id\":\"https:\/\/www.etoro.com\/fr\/#website\"},\"datePublished\":\"2025-01-16T08:14:37+00:00\",\"dateModified\":\"2025-02-05T08:03:05+00:00\",\"breadcrumb\":{\"@id\":\"https:\/\/www.etoro.com\/fr\/customer-service\/regulation-license\/eu-risk-warning\/#breadcrumb\"},\"inLanguage\":\"fr\",\"potentialAction\":[{\"@type\":\"ReadAction\",\"target\":[\"https:\/\/www.etoro.com\/fr\/customer-service\/regulation-license\/eu-risk-warning\/\"]}]},{\"@type\":\"BreadcrumbList\",\"@id\":\"https:\/\/www.etoro.com\/fr\/customer-service\/regulation-license\/eu-risk-warning\/#breadcrumb\",\"itemListElement\":[{\"@type\":\"ListItem\",\"position\":1,\"name\":\"Accueil\",\"item\":\"https:\/\/www.etoro.com\/fr\/\"},{\"@type\":\"ListItem\",\"position\":2,\"name\":\"SERVICE CLIENT\",\"item\":\"https:\/\/www.etoro.com\/fr\/customer-service\/\"},{\"@type\":\"ListItem\",\"position\":3,\"name\":\"R\u00c8GLEMENTATION ET LICENCE\",\"item\":\"https:\/\/www.etoro.com\/fr\/customer-service\/regulation-license\/\"},{\"@type\":\"ListItem\",\"position\":4,\"name\":\"EU Risk Warning\"}]},{\"@type\":\"WebSite\",\"@id\":\"https:\/\/www.etoro.com\/fr\/#website\",\"url\":\"https:\/\/www.etoro.com\/fr\/\",\"name\":\"eToro\",\"description\":\"\",\"publisher\":{\"@id\":\"https:\/\/www.etoro.com\/fr\/#organization\"},\"potentialAction\":[{\"@type\":\"SearchAction\",\"target\":{\"@type\":\"EntryPoint\",\"urlTemplate\":\"https:\/\/www.etoro.com\/fr\/?s={search_term_string}\"},\"query-input\":{\"@type\":\"PropertyValueSpecification\",\"valueRequired\":true,\"valueName\":\"search_term_string\"}}],\"inLanguage\":\"fr\"},[]]}<\/script>","yoast_head_json":{"title":"EU Risk Warning - eToro","robots":{"index":"index","follow":"follow","max-snippet":"max-snippet:-1","max-image-preview":"max-image-preview:large","max-video-preview":"max-video-preview:-1"},"canonical":"https:\/\/www.etoro.com\/fr\/wp-json\/wp\/v2\/pages\/1004811","og_locale":"fr_FR","og_type":"article","og_title":"EU Risk Warning - eToro","og_description":"Avertissement sur les risques li\u00e9s aux crypto-actifs Produit d&#8217;investissement \u00e0 haut risque La valeur des investissements et les revenus qui en d\u00e9coulent peuvent subir d&#8217;importantes fluctuations \u00e0 la hausse ou \u00e0 la baisse et la totalit\u00e9 du montant investi peut \u00eatre perdue. Les investissements dans les projets en phase de d\u00e9marrage impliquent un niveau de&hellip;","og_url":"https:\/\/www.etoro.com\/fr\/wp-json\/wp\/v2\/pages\/1004811","og_site_name":"eToro","article_publisher":"https:\/\/www.facebook.com\/eToro\/","article_modified_time":"2025-02-05T08:03:05+00:00","og_image":[{"width":240,"height":240,"url":"https:\/\/www.etoro.com\/wp-content\/uploads\/2019\/12\/etoro_logo_social_share1.png","type":"image\/png"}],"twitter_card":"summary_large_image","twitter_site":"@eToro","twitter_misc":{"Est. reading time":"3 minutes"},"schema":{"@context":"https:\/\/schema.org","@graph":[{"@type":"WebPage","@id":"https:\/\/www.etoro.com\/fr\/customer-service\/regulation-license\/eu-risk-warning\/","url":"https:\/\/www.etoro.com\/fr\/customer-service\/regulation-license\/eu-risk-warning\/","name":"EU Risk Warning - eToro","isPartOf":{"@id":"https:\/\/www.etoro.com\/fr\/#website"},"datePublished":"2025-01-16T08:14:37+00:00","dateModified":"2025-02-05T08:03:05+00:00","breadcrumb":{"@id":"https:\/\/www.etoro.com\/fr\/customer-service\/regulation-license\/eu-risk-warning\/#breadcrumb"},"inLanguage":"fr","potentialAction":[{"@type":"ReadAction","target":["https:\/\/www.etoro.com\/fr\/customer-service\/regulation-license\/eu-risk-warning\/"]}]},{"@type":"BreadcrumbList","@id":"https:\/\/www.etoro.com\/fr\/customer-service\/regulation-license\/eu-risk-warning\/#breadcrumb","itemListElement":[{"@type":"ListItem","position":1,"name":"Accueil","item":"https:\/\/www.etoro.com\/fr\/"},{"@type":"ListItem","position":2,"name":"SERVICE CLIENT","item":"https:\/\/www.etoro.com\/fr\/customer-service\/"},{"@type":"ListItem","position":3,"name":"R\u00c8GLEMENTATION ET LICENCE","item":"https:\/\/www.etoro.com\/fr\/customer-service\/regulation-license\/"},{"@type":"ListItem","position":4,"name":"EU Risk Warning"}]},{"@type":"WebSite","@id":"https:\/\/www.etoro.com\/fr\/#website","url":"https:\/\/www.etoro.com\/fr\/","name":"eToro","description":"","publisher":{"@id":"https:\/\/www.etoro.com\/fr\/#organization"},"potentialAction":[{"@type":"SearchAction","target":{"@type":"EntryPoint","urlTemplate":"https:\/\/www.etoro.com\/fr\/?s={search_term_string}"},"query-input":{"@type":"PropertyValueSpecification","valueRequired":true,"valueName":"search_term_string"}}],"inLanguage":"fr"},[]]}},"_links":{"self":[{"href":"https:\/\/www.etoro.com\/fr\/wp-json\/wp\/v2\/pages\/1004811"}],"collection":[{"href":"https:\/\/www.etoro.com\/fr\/wp-json\/wp\/v2\/pages"}],"about":[{"href":"https:\/\/www.etoro.com\/fr\/wp-json\/wp\/v2\/types\/page"}],"author":[{"embeddable":true,"href":"https:\/\/www.etoro.com\/fr\/wp-json\/wp\/v2\/users\/39"}],"replies":[{"embeddable":true,"href":"https:\/\/www.etoro.com\/fr\/wp-json\/wp\/v2\/comments?post=1004811"}],"version-history":[{"count":0,"href":"https:\/\/www.etoro.com\/fr\/wp-json\/wp\/v2\/pages\/1004811\/revisions"}],"up":[{"embeddable":true,"href":"https:\/\/www.etoro.com\/fr\/wp-json\/wp\/v2\/pages\/10717"}],"wp:attachment":[{"href":"https:\/\/www.etoro.com\/fr\/wp-json\/wp\/v2\/media?parent=1004811"}],"wp:term":[{"taxonomy":"asset_type","embeddable":true,"href":"https:\/\/www.etoro.com\/fr\/wp-json\/wp\/v2\/asset_type?post=1004811"}],"curies":[{"name":"wp","href":"https:\/\/api.w.org\/{rel}","templated":true}]}}