{"id":10514,"date":"2017-08-15T11:29:47","date_gmt":"2017-08-15T10:29:47","guid":{"rendered":"\/etoro\/customer-service\/privacy\/"},"modified":"2022-06-01T15:52:19","modified_gmt":"2022-06-01T12:52:19","slug":"privacy","status":"publish","type":"page","link":"https:\/\/www.etoro.com\/fr\/customer-service\/privacy\/","title":{"rendered":"Politique de confidentialit\u00e9 eToro"},"content":{"rendered":"<h2>Cliquez sur le bouton ci-dessous pour consulter notre politique de confidentialit\u00e9 (PDF)<\/h2>\n<div class=\"documets_table documents_table_one_cols\"><a file_type='pdf' class='document_td' href='https:\/\/www.etoro.com\/wp-content\/uploads\/2022\/06\/eToro-Privacy-Policy-June-2022-Clean.pdf' target='_blank'>\n            <span class='document_td_vertical'>\n                <span class='file_name'>Politique de confidentialit\u00e9 eToro<\/span>\n                <span class='file_link'>T\u00e9l\u00e9charger le PDF<\/span>\n            <\/span>\n        <\/a><a file_type='pdf' class='document_td' href='https:\/\/www.etoro.com\/wp-content\/uploads\/2022\/02\/Privacy-Policy-Germany.pdf' target='_blank'>\n            <span class='document_td_vertical'>\n                <span class='file_name'>Privacy Policy - German Translation<\/span>\n                <span class='file_link'>T\u00e9l\u00e9charger le PDF<\/span>\n            <\/span>\n        <\/a><\/div>\n","protected":false},"excerpt":{"rendered":"<p>Cliquez sur le bouton ci-dessous pour consulter notre politique de confidentialit\u00e9 (PDF)<\/p>\n","protected":false},"author":1,"featured_media":0,"parent":6958,"menu_order":1791,"comment_status":"closed","ping_status":"closed","template":"","meta":{"_acf_changed":false,"inline_featured_image":false,"sticky_cta_settings":"","footnotes":""},"asset_type":[],"class_list":["post-10514","page","type-page","status-publish","hentry"],"acf":[],"yoast_head":"<title>Politique de confidentialit\u00e9 | eToro<\/title>\n<meta name=\"description\" content=\"eToro est conforme \u00e0 la r\u00e9glementation lors de la collecte d&#039;informations personnelles, utilis\u00e9es pour adapter votre exp\u00e9rience en ligne \u00e0 vos besoins.\" \/>\n<meta name=\"robots\" content=\"index, follow, max-snippet:-1, max-image-preview:large, max-video-preview:-1\" \/>\n<link rel=\"canonical\" href=\"https:\/\/www.etoro.com\/fr\/wp-json\/wp\/v2\/pages\/10514\" \/>\n<meta property=\"og:locale\" content=\"fr_FR\" \/>\n<meta property=\"og:type\" content=\"article\" \/>\n<meta property=\"og:title\" content=\"Politique de confidentialit\u00e9 | eToro\" \/>\n<meta property=\"og:description\" content=\"eToro est conforme \u00e0 la r\u00e9glementation lors de la collecte d&#039;informations personnelles, utilis\u00e9es pour adapter votre exp\u00e9rience en ligne \u00e0 vos besoins.\" \/>\n<meta property=\"og:url\" content=\"https:\/\/www.etoro.com\/fr\/wp-json\/wp\/v2\/pages\/10514\" \/>\n<meta property=\"og:site_name\" content=\"eToro\" \/>\n<meta property=\"article:publisher\" content=\"https:\/\/www.facebook.com\/eToro\/\" \/>\n<meta property=\"article:modified_time\" content=\"2022-06-01T12:52:19+00:00\" \/>\n<meta property=\"og:image\" content=\"https:\/\/www.etoro.com\/wp-content\/uploads\/2019\/12\/etoro_logo_social_share1.png\" \/>\n\t<meta property=\"og:image:width\" content=\"240\" \/>\n\t<meta property=\"og:image:height\" content=\"240\" \/>\n\t<meta property=\"og:image:type\" content=\"image\/png\" \/>\n<meta name=\"twitter:card\" content=\"summary_large_image\" \/>\n<meta name=\"twitter:site\" content=\"@eToro\" \/>\n<script type=\"application\/ld+json\" class=\"yoast-schema-graph\">{\"@context\":\"https:\/\/schema.org\",\"@graph\":[{\"@type\":\"WebPage\",\"@id\":\"https:\/\/www.etoro.com\/fr\/customer-service\/privacy\/\",\"url\":\"https:\/\/www.etoro.com\/fr\/customer-service\/privacy\/\",\"name\":\"Politique de confidentialit\u00e9 | eToro\",\"isPartOf\":{\"@id\":\"https:\/\/www.etoro.com\/fr\/#website\"},\"datePublished\":\"2017-08-15T10:29:47+00:00\",\"dateModified\":\"2022-06-01T12:52:19+00:00\",\"description\":\"eToro est conforme \u00e0 la r\u00e9glementation lors de la collecte d'informations personnelles, utilis\u00e9es pour adapter votre exp\u00e9rience en ligne \u00e0 vos besoins.\",\"breadcrumb\":{\"@id\":\"https:\/\/www.etoro.com\/fr\/customer-service\/privacy\/#breadcrumb\"},\"inLanguage\":\"fr\",\"potentialAction\":[{\"@type\":\"ReadAction\",\"target\":[\"https:\/\/www.etoro.com\/fr\/customer-service\/privacy\/\"]}]},{\"@type\":\"BreadcrumbList\",\"@id\":\"https:\/\/www.etoro.com\/fr\/customer-service\/privacy\/#breadcrumb\",\"itemListElement\":[{\"@type\":\"ListItem\",\"position\":1,\"name\":\"Accueil\",\"item\":\"https:\/\/www.etoro.com\/fr\/\"},{\"@type\":\"ListItem\",\"position\":2,\"name\":\"SERVICE CLIENT\",\"item\":\"https:\/\/www.etoro.com\/fr\/customer-service\/\"},{\"@type\":\"ListItem\",\"position\":3,\"name\":\"CONFIDENTIALIT\u00c9\"}]},{\"@type\":\"WebSite\",\"@id\":\"https:\/\/www.etoro.com\/fr\/#website\",\"url\":\"https:\/\/www.etoro.com\/fr\/\",\"name\":\"eToro\",\"description\":\"\",\"publisher\":{\"@id\":\"https:\/\/www.etoro.com\/fr\/#organization\"},\"potentialAction\":[{\"@type\":\"SearchAction\",\"target\":{\"@type\":\"EntryPoint\",\"urlTemplate\":\"https:\/\/www.etoro.com\/fr\/?s={search_term_string}\"},\"query-input\":{\"@type\":\"PropertyValueSpecification\",\"valueRequired\":true,\"valueName\":\"search_term_string\"}}],\"inLanguage\":\"fr\"},[]]}<\/script>","yoast_head_json":{"title":"Politique de confidentialit\u00e9 | eToro","description":"eToro est conforme \u00e0 la r\u00e9glementation lors de la collecte d'informations personnelles, utilis\u00e9es pour adapter votre exp\u00e9rience en ligne \u00e0 vos besoins.","robots":{"index":"index","follow":"follow","max-snippet":"max-snippet:-1","max-image-preview":"max-image-preview:large","max-video-preview":"max-video-preview:-1"},"canonical":"https:\/\/www.etoro.com\/fr\/wp-json\/wp\/v2\/pages\/10514","og_locale":"fr_FR","og_type":"article","og_title":"Politique de confidentialit\u00e9 | eToro","og_description":"eToro est conforme \u00e0 la r\u00e9glementation lors de la collecte d'informations personnelles, utilis\u00e9es pour adapter votre exp\u00e9rience en ligne \u00e0 vos besoins.","og_url":"https:\/\/www.etoro.com\/fr\/wp-json\/wp\/v2\/pages\/10514","og_site_name":"eToro","article_publisher":"https:\/\/www.facebook.com\/eToro\/","article_modified_time":"2022-06-01T12:52:19+00:00","og_image":[{"width":240,"height":240,"url":"https:\/\/www.etoro.com\/wp-content\/uploads\/2019\/12\/etoro_logo_social_share1.png","type":"image\/png"}],"twitter_card":"summary_large_image","twitter_site":"@eToro","schema":{"@context":"https:\/\/schema.org","@graph":[{"@type":"WebPage","@id":"https:\/\/www.etoro.com\/fr\/customer-service\/privacy\/","url":"https:\/\/www.etoro.com\/fr\/customer-service\/privacy\/","name":"Politique de confidentialit\u00e9 | eToro","isPartOf":{"@id":"https:\/\/www.etoro.com\/fr\/#website"},"datePublished":"2017-08-15T10:29:47+00:00","dateModified":"2022-06-01T12:52:19+00:00","description":"eToro est conforme \u00e0 la r\u00e9glementation lors de la collecte d'informations personnelles, utilis\u00e9es pour adapter votre exp\u00e9rience en ligne \u00e0 vos besoins.","breadcrumb":{"@id":"https:\/\/www.etoro.com\/fr\/customer-service\/privacy\/#breadcrumb"},"inLanguage":"fr","potentialAction":[{"@type":"ReadAction","target":["https:\/\/www.etoro.com\/fr\/customer-service\/privacy\/"]}]},{"@type":"BreadcrumbList","@id":"https:\/\/www.etoro.com\/fr\/customer-service\/privacy\/#breadcrumb","itemListElement":[{"@type":"ListItem","position":1,"name":"Accueil","item":"https:\/\/www.etoro.com\/fr\/"},{"@type":"ListItem","position":2,"name":"SERVICE CLIENT","item":"https:\/\/www.etoro.com\/fr\/customer-service\/"},{"@type":"ListItem","position":3,"name":"CONFIDENTIALIT\u00c9"}]},{"@type":"WebSite","@id":"https:\/\/www.etoro.com\/fr\/#website","url":"https:\/\/www.etoro.com\/fr\/","name":"eToro","description":"","publisher":{"@id":"https:\/\/www.etoro.com\/fr\/#organization"},"potentialAction":[{"@type":"SearchAction","target":{"@type":"EntryPoint","urlTemplate":"https:\/\/www.etoro.com\/fr\/?s={search_term_string}"},"query-input":{"@type":"PropertyValueSpecification","valueRequired":true,"valueName":"search_term_string"}}],"inLanguage":"fr"},[]]}},"_links":{"self":[{"href":"https:\/\/www.etoro.com\/fr\/wp-json\/wp\/v2\/pages\/10514"}],"collection":[{"href":"https:\/\/www.etoro.com\/fr\/wp-json\/wp\/v2\/pages"}],"about":[{"href":"https:\/\/www.etoro.com\/fr\/wp-json\/wp\/v2\/types\/page"}],"author":[{"embeddable":true,"href":"https:\/\/www.etoro.com\/fr\/wp-json\/wp\/v2\/users\/1"}],"replies":[{"embeddable":true,"href":"https:\/\/www.etoro.com\/fr\/wp-json\/wp\/v2\/comments?post=10514"}],"version-history":[{"count":0,"href":"https:\/\/www.etoro.com\/fr\/wp-json\/wp\/v2\/pages\/10514\/revisions"}],"up":[{"embeddable":true,"href":"https:\/\/www.etoro.com\/fr\/wp-json\/wp\/v2\/pages\/6958"}],"wp:attachment":[{"href":"https:\/\/www.etoro.com\/fr\/wp-json\/wp\/v2\/media?parent=10514"}],"wp:term":[{"taxonomy":"asset_type","embeddable":true,"href":"https:\/\/www.etoro.com\/fr\/wp-json\/wp\/v2\/asset_type?post=10514"}],"curies":[{"name":"wp","href":"https:\/\/api.w.org\/{rel}","templated":true}]}}