{"id":1073019,"date":"2025-05-01T17:37:08","date_gmt":"2025-05-01T14:37:08","guid":{"rendered":"https:\/\/www.etoro.com\/investing\/saving-to-invest\/"},"modified":"2025-11-06T13:42:47","modified_gmt":"2025-11-06T11:42:47","slug":"saving-to-invest","status":"publish","type":"page","link":"https:\/\/www.etoro.com\/fr\/investing\/saving-to-invest\/","title":{"rendered":"\u00c9pargner pour investir : guide pratique"},"content":{"rendered":"\n<p class=\"is-style-summary\">Que vous d\u00e9butiez ou cherchiez \u00e0 faire cro\u00eetre votre patrimoine, il existe des moyens adapt\u00e9s pour \u00e9pargner et investir. Investir, c\u2019est placer son argent pour le faire fructifier sur le long terme, en prenant certains risques calcul\u00e9s.&nbsp;<\/p>\n\n\n\n<hr class=\"wp-block-separator wp-block-separator-color-dark-grey wp-block-separator-spaces-medium wp-block-separator-weight-1\"\/>\n\n\n\n<p>\u00c9pargner et investir <strong>vont souvent de pair pour faire cro\u00eetre votre patrimoine<\/strong>. Mais l\u2019\u00e9pargne vient d\u2019abord : elle permet de constituer le capital n\u00e9cessaire avant de pouvoir investir efficacement.<\/p>\n\n\n\n<figure class=\"wp-block-image\"><img decoding=\"async\" src=\"https:\/\/www.etoro.com\/wp-content\/uploads\/2025\/04\/Body-Image-1-Setting-Financial-Goals-for-Investment-Success.png\" alt=\"Image related to Comprendre vos revenus et vos d\u00e9penses\" class=\"wp-image-desktop\"\/><\/figure>\n\n\n\n<h2 class=\"wp-block-heading\" id=\"comprendre-vos-revenus-et-vos-depenses\">Comprendre vos revenus et vos d\u00e9penses<\/h2>\n\n\n\n<p>Il est n\u00e9cessaire d\u2019\u00e9pargner avant <a href=\"https:\/\/www.etoro.com\/fr\/academy\/investing\/\" &amp;sa=\"D&amp;source=editors&amp;ust=1748964811840225&amp;usg=AOvVaw391pebZ7o4NkycboGAMzoz&quot;\">d\u2019investir<\/a>. Les revenus d\u00e9signent l\u2019argent per\u00e7u, tandis que les d\u00e9penses correspondent \u00e0 l\u2019argent utilis\u00e9. L\u2019<strong>\u00e9pargne se construit progressivement<\/strong>, gr\u00e2ce \u00e0 des habitudes financi\u00e8res solides et des strat\u00e9gies pour cr\u00e9er un capital \u00e0 investir.<\/p>\n\n\n\n<p>Avant de mettre en place une strat\u00e9gie d\u2019\u00e9pargne, il est essentiel de consolider une <strong>base financi\u00e8re saine<\/strong>. Cela passe par l\u2019identification des sources de revenus, le suivi pr\u00e9cis des <a href=\"https:\/\/www.lafinancepourtous.com\/pratique\/vie-perso\/etablir-son-budget\/nos-outils-de-gestion-du-budget\/\" rel=\"nofollow noopener noreferrer\" >d\u00e9penses<\/a> et l\u2019analyse des flux financiers afin de d\u00e9finir un budget et un plan d\u2019\u00e9pargne coh\u00e9rents.<\/p>\n\n\n\n<p>Le suivi rigoureux de vos d\u00e9penses permet de <strong>d\u00e9tecter les gaspillages<\/strong>&nbsp;et d\u2019\u00e9viter les achats inutiles susceptibles de r\u00e9duire votre \u00e9pargne. Il facilite \u00e9galement la priorit\u00e9 donn\u00e9e \u00e0 l\u2019\u00e9pargne sur les <a href=\"http:\/\/financedemarche.fr\/definition\/consommation-discretionnaire\" &amp;sa=\"D&amp;source=editors&amp;ust=1748964811841939&amp;usg=AOvVaw2vTse_WD0I_bjForXgN3gg&quot;\">d\u00e9penses discr\u00e9tionnaires<\/a>, en encourageant une gestion prudente des co\u00fbts.<\/p>\n\n\n\n<h2 class=\"wp-block-heading\" id=\"fixer-des-objectifs-financiers-pour-reussir-vos-investissements\">Fixer des objectifs financiers pour r\u00e9ussir vos investissements<\/h2>\n\n\n\n<p>Apr\u00e8s avoir \u00e9tabli les bases, vous pouvez d\u00e9finir vos objectifs d&#8217;\u00e9pargne et d&#8217;<a href=\"https:\/\/www.etoro.com\/fr\/investing\/why-should-i-start-investing\/\" &amp;sa=\"D&amp;source=editors&amp;ust=1748964811842696&amp;usg=AOvVaw32TDDqx8OS-KCEThrfF8OV&quot;\">investissement<\/a>. Habituellement, cela implique de d\u00e9terminer vos <strong>objectifs<\/strong>&nbsp;d&#8217;investissement <strong>\u00e0 court terme et \u00e0 long terme<\/strong>&nbsp;et de cr\u00e9er un plan pour les atteindre, en d\u00e9terminant le montant et la dur\u00e9e de l&#8217;\u00e9pargne.<\/p>\n\n\n\n<p>Ces <a href=\"https:\/\/www.etoro.com\/fr\/academy\/guides\/\">plans<\/a> doivent s\u2019aligner sur la strat\u00e9gie d\u2019\u00e9pargne globale et les buts d\u2019investissement \u00e0 long terme. Le <strong>calendrier <\/strong>doit \u00e9galement \u00eatre <strong>r\u00e9aliste<\/strong>, g\u00e9n\u00e9ralement divis\u00e9 en jalons d&#8217;investissement plus petits que vous devriez pouvoir suivre facilement.<\/p>\n\n\n\n<figure class=\"wp-block-image\"><img decoding=\"async\" src=\"https:\/\/www.etoro.com\/wp-content\/uploads\/2025\/04\/Body-Image-2-The-Power-of-Long-Term-Consistent-Investing.png\" alt=\"Image related to Fixer des objectifs financiers pour r\u00e9ussir vos investissements\" class=\"wp-image-desktop\"\/><\/figure>\n\n\n\n<h2 class=\"wp-block-heading\" id=\"automatiser-votre-epargne-et-vos-investissements\">Automatiser votre \u00e9pargne et vos investissements&nbsp;<\/h2>\n\n\n\n<p>Une fois le montant d\u2019\u00e9pargne p\u00e9riodique d\u00e9fini, il est essentiel de <strong>rester engag\u00e9<\/strong>. Automatiser les virements mensuels (ou selon la fr\u00e9quence choisie) vers vos comptes d\u2019\u00e9pargne ou d\u2019investissement facilite la discipline et assure le respect de votre <a href=\"https:\/\/www.etoro.com\/fr\/investing\/investment-strategies\/\" &amp;sa=\"D&amp;source=editors&amp;ust=1748964811845124&amp;usg=AOvVaw3SdPSPiPLtyBsUZyqi1mn0&quot;\">strat\u00e9gie financi\u00e8re<\/a>.<\/p>\n\n\n\n<div class=\"wp-block-etoro-tip wp-block-etoro-tip-border-yellow\"><span class=\"wp-block-etoro-tip-icon\"><\/span><div class=\"wp-block-etoro-tip-text\">\n<p><strong>Conseil&nbsp;:<\/strong> Assurez-vous que tout compte d&#8217;\u00e9pargne que vous cr\u00e9ez offre un taux d&#8217;int\u00e9r\u00eat sup\u00e9rieur \u00e0 la moyenne<\/p>\n<\/div><\/div>\n\n\n\n<p>Cela peut se faire en mettant en place, par exemple, un ordre permanent sur le compte de salaire pour des <strong>virements automatiques<\/strong> vers des comptes d\u2019\u00e9pargne d\u00e9fiscalis\u00e9s: ISA au Royaume-Uni et les <a href=\"https:\/\/www.lesaffaires.com\/mes-finances\/planification-financiere\/cotisation-celi-2025-les-essentiels-a-connaitre\/\" target=\"_blank\" rel=\"noreferrer noopener\">CELI<\/a> aux \u00c9tats-Unis ou en utilisant des applications d\u2019\u00e9pargne.<\/p>\n\n\n\n<h2 class=\"wp-block-heading\" id=\"la-puissance-d-un-investissement-a-long-terme\">La puissance d&#8217;un investissement \u00e0 long terme<\/h2>\n\n\n\n<p>Le march\u00e9 pr\u00e9sente une vari\u00e9t\u00e9 d\u2019opportunit\u00e9s d\u2019investissement. Contrairement \u00e0 l\u2019\u00e9pargne, qui offre g\u00e9n\u00e9ralement un rendement stable et r\u00e9gulier, l\u2019investissement comporte des risques inh\u00e9rents. Cependant,<strong> il offre aussi un <\/strong><a href=\"https:\/\/www.etoro.com\/fr\/news-and-analysis\/etoro-updates\/aventure-de-courte-duree-ou-amour-a-long-terme-lanalyse-montre-que-lengagement-est-payant-en-matiere-dinvestissement\/\"><strong>potentiel<\/strong><\/a><strong> de rendement \u00e9lev\u00e9<\/strong>, bien que les r\u00e9sultats ne soient garantis.<\/p>\n\n\n\n<figure class=\"wp-block-image\"><img decoding=\"async\" src=\"https:\/\/www.etoro.com\/wp-content\/uploads\/2025\/04\/Body-Image-3-Final-thoughts-1.png\" alt=\"Image related to La puissance d'un investissement \u00e0 long terme\" class=\"wp-image-desktop\"\/><\/figure>\n\n\n\n<p>Par exemple, si vous achetez une action et que l\u2019entreprise fait faillite, vous pouvez perdre la totalit\u00e9 de votre capital investi. C\u2019est pourquoi de nombreux investisseurs exp\u00e9riment\u00e9s pr\u00e9conisent de <a href=\"https:\/\/www.etoro.com\/fr\/investing\/how-to-build-a-diversified-portfolio\/\" &amp;sa=\"D&amp;source=editors&amp;ust=1748964811848246&amp;usg=AOvVaw3MFD_QLexnoZnYgM2qx1oS&quot;\">diversifier leur portefeuille<\/a>&nbsp;avec des <strong>actions, obligations et autres instruments financiers<\/strong>.<\/p>\n\n\n\n<p>Il est g\u00e9n\u00e9ralement<strong>\u00a0conseill\u00e9 aux d\u00e9butants de privil\u00e9gier des investissements \u00e0 faible risque pour d\u00e9buter<\/strong>. Investir dans des\u00a0<a href=\"https:\/\/www.etoro.com\/fr\/investing\/what-is-etf\/\">fonds n\u00e9goci\u00e9s en bourse<\/a>\u00a0(ETF) permet d\u2019acc\u00e9der \u00e0 un panier diversifi\u00e9 d\u2019actions et <e-tip data-tooltip=\"Un instrument financier avec des droits de propri\u00e9t\u00e9, dont on s\\'attend que la valeur fluctue.\">d\u2019actifs<\/e-tip>, offrant ainsi une exposition \u00e9quilibr\u00e9e adapt\u00e9e \u00e0 votre <e-tip data-tooltip=\"\u00c9valuation du potentiel de rendement d\\'un actif ou de l\\'app\u00e9tit d\\'un individu selon sa tol\u00e9rance au risque.\">profil de risque<\/e-tip>.<\/p>\n\n\n\n<div class=\"wp-block-etoro-tip wp-block-etoro-tip-border-yellow\"><span class=\"wp-block-etoro-tip-icon\"><\/span><div class=\"wp-block-etoro-tip-text\">\n<p><strong>Conseil :<\/strong> Les syst\u00e8mes bas\u00e9s sur les principes de l&#8217;<a href=\"https:\/\/www.etoro.com\/fr\/investing\/what-are-recurring-investment\/\">investissement r\u00e9current<\/a> peuvent vous aider \u00e0 suivre la performance globale du march\u00e9.<\/p>\n<\/div><\/div>\n\n\n\n<p>Il n\u2019est pas n\u00e9cessaire d\u2019<e-tip data-tooltip=\"Allouer des ressources, g\u00e9n\u00e9ralement de l\\'argent, dans l\\'espoir de gagner un revenu ou de r\u00e9aliser un gain en capital.\">investir<\/e-tip> tout votre capital d\u2019un coup. Cette <a href=\"https:\/\/www.etoro.com\/fr\/investing\/dollar-cost-averaging\/\">m\u00e9thode d&#8217;investissement progressif<\/a>, en injectant petit \u00e0 petit des fonds, r\u00e9duit le risque d\u2019acheter au mauvais moment. Applicable \u00e0 tous types d\u2019actifs, cette m\u00e9thode favorise une<strong> gestion disciplin\u00e9e<\/strong> face au march\u00e9.<\/p>\n\n\n\n<h2 class=\"wp-block-heading\" id=\"en-resume\">En r\u00e9sum\u00e9<\/h2>\n\n\n\n<p>\u00c9pargner pour investir est une \u00e9tape cl\u00e9 vers la <a href=\"https:\/\/www.etoro.com\/fr\/investing\/financial-independence\/\" &amp;sa=\"D&amp;source=editors&amp;ust=1748964811851091&amp;usg=AOvVaw1FcAqzOK4_Ejz72js9h8a_&quot;\">libert\u00e9 financi\u00e8re<\/a>. Fixez des <strong>objectifs clairs, \u00e9pargnez r\u00e9guli\u00e8rement <\/strong>et choisissez une <strong>plateforme <\/strong>d&#8217;investissement fiable. Gardez \u00e0 l\u2019esprit que tout investissement comporte des risques : informez-vous et trouvez les opportunit\u00e9s convenables.<\/p>\n\n\n\n<p>Pour en savoir plus sur les march\u00e9s financiers pour les d\u00e9butants, visitez <a href=\"https:\/\/www.etoro.com\/fr\/academy\/#academie-etoro\" &amp;sa=\"D&amp;source=editors&amp;ust=1748964811851733&amp;usg=AOvVaw3TNa8TGiXeZuyjZC-kEZa9&quot;\">l&#8217;Acad\u00e9mie eToro<\/a>.<\/p>\n\n\n\n<h2 class=\"wp-block-heading\">Foire aux questions<\/h2>\n\n\n\n<dl class=\"wp-block-etoro-faq\">\n<div class=\"wp-block-etoro-faq-item\"><dt class=\"wp-block-etoro-faq-item-question\">Quelle est la diff\u00e9rence entre \u00e9pargner et investir ?<\/dt><dd class=\"wp-block-etoro-faq-item-answer\">\n<p>L\u2019\u00e9pargne consiste g\u00e9n\u00e9ralement \u00e0 mettre de l\u2019argent de c\u00f4t\u00e9 pour des d\u00e9penses \u00e0 court terme, comme les factures ou les vacances. L\u2019<a href=\"https:\/\/www.etoro.com\/fr\/investing\/five-golden-rules-of-investing\/\" &amp;sa=\"D&amp;source=editors&amp;ust=1748964811852550&amp;usg=AOvVaw0At1T3hhIhAafLJUDiWOjb&quot;\">investissement<\/a>, en revanche, vise des objectifs \u00e0 long terme, tels que la retraite ou le remboursement forfaitaire d\u2019un pr\u00eat immobilier.<\/p>\n<\/dd><\/div>\n\n\n\n<div class=\"wp-block-etoro-faq-item\"><dt class=\"wp-block-etoro-faq-item-question\">Comment puis-je commencer \u00e0 \u00e9pargner et \u00e0 investir ?<\/dt><dd class=\"wp-block-etoro-faq-item-answer\">\n<p>Cela d\u00e9pend de vos objectifs financiers et de vos revenus. Retirer 20% de vos revenus pendant quelques mois peut \u00eatre un bon d\u00e9part. Constituez une \u00e9pargne d\u2019urgence suffisante, puis investissez progressivement dans les <a href=\"https:\/\/www.etoro.com\/fr\/investing\/how-to-choose-what-asset-class-to-invest-in\/\" &amp;sa=\"D&amp;source=editors&amp;ust=1748964811853452&amp;usg=AOvVaw2o7z4yXxgstohx9tnvCtoh&quot;\">instruments financiers<\/a>&nbsp;adapt\u00e9s \u00e0 vos objectifs et \u00e0 votre profil de risque.<\/p>\n<\/dd><\/div>\n\n\n\n<div class=\"wp-block-etoro-faq-item\"><dt class=\"wp-block-etoro-faq-item-question\">Qu&#8217;est-ce que \u00ab l&#8217;effet cumul\u00e9 \u00bb&nbsp;?<\/dt><dd class=\"wp-block-etoro-faq-item-answer\">\n<p>R\u00e9investir tous les rendements interm\u00e9diaires augmentera la taille de votre portefeuille d&#8217;investissement global. Cela entra\u00eene un effet cumul\u00e9 et une croissance exponentielle. Une <a href=\"https:\/\/www.etoro.com\/fr\/news-and-analysis\/copytrader\/6-investment-strategies-gaspersopi\/\">strat\u00e9gie<\/a> se d\u00e9veloppe o\u00f9 plus vous r\u00e9investissez, plus la taille des rendements interm\u00e9diaires augmente.<\/p>\n<\/dd><\/div>\n<\/dl>\n\n\n\n\t\t<style>\n\t\t\t.rtl .etoro-block-shortcode-disclaimer {\n\t\t\t\ttext-align:right;\n\t\t\t}\n\t\t\t.etoro-block-shortcode-disclaimer {\n\t\t\t\tmargin-bottom:18px;\n\t\t\t\ttext-align:left;\n\t\t\t}\n\t\t\t.etoro-block-shortcode-disclaimer p{\n\t\t\t\tfont-size: 12px;\n\t\t\t\tline-height: 18px;\n\t\t\t}\n\t\t\t@media (min-width: 768px) {\n\t\t\t\t.etoro-block-shortcode-disclaimer {\n\t\t\t\t\tmax-width:1176px;\n\t\t\t\t\ttext-align:center;\n\t\t\t\t}\n\t\t\t\t.etoro-block-shortcode-disclaimer p {\n\t\t\t\t\tfont-size: 14px;\n\t\t\t\t\tline-height: 20px;\n\t\t\t\t}\n\t\t\t}\n\t\t<\/style>\n\t\t<div class='etoro-block-shortcode-disclaimer'><p>Ces informations sont fournies uniquement \u00e0 des fins \u00e9ducatives et ne doivent pas \u00eatre consid\u00e9r\u00e9es comme un conseil en investissement, une recommandation personnelle ou une offre ou sollicitation d\u2019achat ou de vente d\u2019instruments financiers.<\/p>\n<p>Ce contenu a \u00e9t\u00e9 pr\u00e9par\u00e9 sans tenir compte des objectifs d\u2019investissement ou de la situation financi\u00e8re de son destinataire, et n\u2019a pas \u00e9t\u00e9 pr\u00e9par\u00e9 conform\u00e9ment aux exigences l\u00e9gales et r\u00e9glementaires visant \u00e0 promouvoir la recherche ind\u00e9pendante.<\/p>\n<p><strong>Tous les instruments financiers et services mentionn\u00e9s ne sont pas offerts par eToro<\/strong> et toute r\u00e9f\u00e9rence \u00e0 la performance pass\u00e9e ou future d\u2019un instrument financier, d\u2019un indice ou d\u2019un produit d\u2019investissement propos\u00e9 ne constitue pas et ne doit pas \u00eatre consid\u00e9r\u00e9e comme un indicateur fiable des r\u00e9sultats futurs. <strong>La disponibilit\u00e9 de tous les produits et services mentionn\u00e9s ci-dessus peut varier en fonction de la juridiction et du pays.<\/strong><\/p>\n<p>eToro ne fait aucune d\u00e9claration et n\u2019assume aucune responsabilit\u00e9 quant \u00e0 l\u2019exactitude ou l\u2019exhaustivit\u00e9 du contenu de ce guide. Il est de votre responsabilit\u00e9 de comprendre les risques li\u00e9s au trading et \u00e0 la sp\u00e9culation avant d\u2019engager votre capital. Ne risquez jamais plus que ce que vous \u00eates dispos\u00e9 \u00e0 perdre.<\/p>\n<\/div>\n","protected":false},"excerpt":{"rendered":"<p>Que vous d\u00e9butiez ou cherchiez \u00e0 faire cro\u00eetre votre patrimoine, il existe des moyens adapt\u00e9s pour \u00e9pargner et investir. Investir, c\u2019est placer son argent pour le faire fructifier sur le long terme, en prenant certains risques calcul\u00e9s.&nbsp; \u00c9pargner et investir vont souvent de pair pour faire cro\u00eetre votre patrimoine. Mais l\u2019\u00e9pargne vient d\u2019abord : elle&hellip;<\/p>\n","protected":false},"author":96,"featured_media":1073020,"parent":19763,"menu_order":0,"comment_status":"closed","ping_status":"closed","template":"","meta":{"_acf_changed":false,"inline_featured_image":false,"sticky_cta_settings":"","footnotes":""},"asset_type":[],"class_list":["post-1073019","page","type-page","status-publish","has-post-thumbnail","hentry"],"acf":[],"yoast_head":"<title>Comment \u00e9pargner de l\u2019argent pour investir<\/title>\n<meta name=\"description\" content=\"Apprenez \u00e0 \u00e9pargner efficacement et \u00e0 investir. D\u00e9couvrez des strat\u00e9gies simples de budget, d\u2019automatisation et de croissance \u00e0 long terme.\" \/>\n<meta name=\"robots\" content=\"index, follow, max-snippet:-1, max-image-preview:large, max-video-preview:-1\" \/>\n<link rel=\"canonical\" href=\"https:\/\/www.etoro.com\/fr\/wp-json\/wp\/v2\/pages\/1073019\" \/>\n<meta property=\"og:locale\" content=\"fr_FR\" \/>\n<meta property=\"og:type\" content=\"article\" \/>\n<meta property=\"og:title\" content=\"Comment \u00e9pargner de l\u2019argent pour investir\" \/>\n<meta property=\"og:description\" content=\"Apprenez \u00e0 \u00e9pargner efficacement et \u00e0 investir. D\u00e9couvrez des strat\u00e9gies simples de budget, d\u2019automatisation et de croissance \u00e0 long terme.\" \/>\n<meta property=\"og:url\" content=\"https:\/\/www.etoro.com\/fr\/wp-json\/wp\/v2\/pages\/1073019\" \/>\n<meta property=\"og:site_name\" content=\"eToro\" \/>\n<meta property=\"article:publisher\" content=\"https:\/\/www.facebook.com\/eToro\/\" \/>\n<meta property=\"article:modified_time\" content=\"2025-11-06T11:42:47+00:00\" \/>\n<meta property=\"og:image\" content=\"https:\/\/www.etoro.com\/wp-content\/uploads\/2025\/06\/FR-Saving-to-Invest_1200x630.png\" \/>\n\t<meta property=\"og:image:width\" content=\"1200\" \/>\n\t<meta property=\"og:image:height\" content=\"630\" \/>\n\t<meta property=\"og:image:type\" content=\"image\/png\" \/>\n<meta name=\"twitter:card\" content=\"summary_large_image\" \/>\n<meta name=\"twitter:site\" content=\"@eToro\" \/>\n<meta name=\"twitter:label1\" content=\"Est. reading time\" \/>\n\t<meta name=\"twitter:data1\" content=\"5 minutes\" \/>\n<script type=\"application\/ld+json\" class=\"yoast-schema-graph\">{\"@context\":\"https:\/\/schema.org\",\"@graph\":[{\"@type\":\"WebPage\",\"@id\":\"https:\/\/www.etoro.com\/fr\/investing\/saving-to-invest\/\",\"url\":\"https:\/\/www.etoro.com\/fr\/investing\/saving-to-invest\/\",\"name\":\"Comment \u00e9pargner de l\u2019argent pour investir\",\"isPartOf\":{\"@id\":\"https:\/\/www.etoro.com\/fr\/#website\"},\"primaryImageOfPage\":{\"@id\":\"https:\/\/www.etoro.com\/fr\/investing\/saving-to-invest\/#primaryimage\"},\"image\":{\"@id\":\"https:\/\/www.etoro.com\/fr\/investing\/saving-to-invest\/#primaryimage\"},\"thumbnailUrl\":\"https:\/\/www.etoro.com\/wp-content\/uploads\/2025\/06\/FR-Saving-to-Invest_1200x630.png\",\"datePublished\":\"2025-05-01T14:37:08+00:00\",\"dateModified\":\"2025-11-06T11:42:47+00:00\",\"description\":\"Apprenez \u00e0 \u00e9pargner efficacement et \u00e0 investir. D\u00e9couvrez des strat\u00e9gies simples de budget, d\u2019automatisation et de croissance \u00e0 long terme.\",\"breadcrumb\":{\"@id\":\"https:\/\/www.etoro.com\/fr\/investing\/saving-to-invest\/#breadcrumb\"},\"inLanguage\":\"fr\",\"potentialAction\":[{\"@type\":\"ReadAction\",\"target\":[\"https:\/\/www.etoro.com\/fr\/investing\/saving-to-invest\/\"]}]},{\"@type\":\"ImageObject\",\"inLanguage\":\"fr\",\"@id\":\"https:\/\/www.etoro.com\/fr\/investing\/saving-to-invest\/#primaryimage\",\"url\":\"https:\/\/www.etoro.com\/wp-content\/uploads\/2025\/06\/FR-Saving-to-Invest_1200x630.png\",\"contentUrl\":\"https:\/\/www.etoro.com\/wp-content\/uploads\/2025\/06\/FR-Saving-to-Invest_1200x630.png\",\"width\":1200,\"height\":630},{\"@type\":\"BreadcrumbList\",\"@id\":\"https:\/\/www.etoro.com\/fr\/investing\/saving-to-invest\/#breadcrumb\",\"itemListElement\":[{\"@type\":\"ListItem\",\"position\":1,\"name\":\"Accueil\",\"item\":\"https:\/\/www.etoro.com\/fr\/\"},{\"@type\":\"ListItem\",\"position\":2,\"name\":\"Investir\",\"item\":\"https:\/\/www.etoro.com\/fr\/investing\/\"},{\"@type\":\"ListItem\",\"position\":3,\"name\":\"\u00c9pargner pour investir : guide pratique\"}]},{\"@type\":\"WebSite\",\"@id\":\"https:\/\/www.etoro.com\/fr\/#website\",\"url\":\"https:\/\/www.etoro.com\/fr\/\",\"name\":\"eToro\",\"description\":\"\",\"publisher\":{\"@id\":\"https:\/\/www.etoro.com\/fr\/#organization\"},\"potentialAction\":[{\"@type\":\"SearchAction\",\"target\":{\"@type\":\"EntryPoint\",\"urlTemplate\":\"https:\/\/www.etoro.com\/fr\/?s={search_term_string}\"},\"query-input\":{\"@type\":\"PropertyValueSpecification\",\"valueRequired\":true,\"valueName\":\"search_term_string\"}}],\"inLanguage\":\"fr\"},[]]}<\/script>","yoast_head_json":{"title":"Comment \u00e9pargner de l\u2019argent pour investir","description":"Apprenez \u00e0 \u00e9pargner efficacement et \u00e0 investir. D\u00e9couvrez des strat\u00e9gies simples de budget, d\u2019automatisation et de croissance \u00e0 long terme.","robots":{"index":"index","follow":"follow","max-snippet":"max-snippet:-1","max-image-preview":"max-image-preview:large","max-video-preview":"max-video-preview:-1"},"canonical":"https:\/\/www.etoro.com\/fr\/wp-json\/wp\/v2\/pages\/1073019","og_locale":"fr_FR","og_type":"article","og_title":"Comment \u00e9pargner de l\u2019argent pour investir","og_description":"Apprenez \u00e0 \u00e9pargner efficacement et \u00e0 investir. D\u00e9couvrez des strat\u00e9gies simples de budget, d\u2019automatisation et de croissance \u00e0 long terme.","og_url":"https:\/\/www.etoro.com\/fr\/wp-json\/wp\/v2\/pages\/1073019","og_site_name":"eToro","article_publisher":"https:\/\/www.facebook.com\/eToro\/","article_modified_time":"2025-11-06T11:42:47+00:00","og_image":[{"width":1200,"height":630,"url":"https:\/\/www.etoro.com\/wp-content\/uploads\/2025\/06\/FR-Saving-to-Invest_1200x630.png","type":"image\/png"}],"twitter_card":"summary_large_image","twitter_site":"@eToro","twitter_misc":{"Est. reading time":"5 minutes"},"schema":{"@context":"https:\/\/schema.org","@graph":[{"@type":"WebPage","@id":"https:\/\/www.etoro.com\/fr\/investing\/saving-to-invest\/","url":"https:\/\/www.etoro.com\/fr\/investing\/saving-to-invest\/","name":"Comment \u00e9pargner de l\u2019argent pour investir","isPartOf":{"@id":"https:\/\/www.etoro.com\/fr\/#website"},"primaryImageOfPage":{"@id":"https:\/\/www.etoro.com\/fr\/investing\/saving-to-invest\/#primaryimage"},"image":{"@id":"https:\/\/www.etoro.com\/fr\/investing\/saving-to-invest\/#primaryimage"},"thumbnailUrl":"https:\/\/www.etoro.com\/wp-content\/uploads\/2025\/06\/FR-Saving-to-Invest_1200x630.png","datePublished":"2025-05-01T14:37:08+00:00","dateModified":"2025-11-06T11:42:47+00:00","description":"Apprenez \u00e0 \u00e9pargner efficacement et \u00e0 investir. D\u00e9couvrez des strat\u00e9gies simples de budget, d\u2019automatisation et de croissance \u00e0 long terme.","breadcrumb":{"@id":"https:\/\/www.etoro.com\/fr\/investing\/saving-to-invest\/#breadcrumb"},"inLanguage":"fr","potentialAction":[{"@type":"ReadAction","target":["https:\/\/www.etoro.com\/fr\/investing\/saving-to-invest\/"]}]},{"@type":"ImageObject","inLanguage":"fr","@id":"https:\/\/www.etoro.com\/fr\/investing\/saving-to-invest\/#primaryimage","url":"https:\/\/www.etoro.com\/wp-content\/uploads\/2025\/06\/FR-Saving-to-Invest_1200x630.png","contentUrl":"https:\/\/www.etoro.com\/wp-content\/uploads\/2025\/06\/FR-Saving-to-Invest_1200x630.png","width":1200,"height":630},{"@type":"BreadcrumbList","@id":"https:\/\/www.etoro.com\/fr\/investing\/saving-to-invest\/#breadcrumb","itemListElement":[{"@type":"ListItem","position":1,"name":"Accueil","item":"https:\/\/www.etoro.com\/fr\/"},{"@type":"ListItem","position":2,"name":"Investir","item":"https:\/\/www.etoro.com\/fr\/investing\/"},{"@type":"ListItem","position":3,"name":"\u00c9pargner pour investir : guide pratique"}]},{"@type":"WebSite","@id":"https:\/\/www.etoro.com\/fr\/#website","url":"https:\/\/www.etoro.com\/fr\/","name":"eToro","description":"","publisher":{"@id":"https:\/\/www.etoro.com\/fr\/#organization"},"potentialAction":[{"@type":"SearchAction","target":{"@type":"EntryPoint","urlTemplate":"https:\/\/www.etoro.com\/fr\/?s={search_term_string}"},"query-input":{"@type":"PropertyValueSpecification","valueRequired":true,"valueName":"search_term_string"}}],"inLanguage":"fr"},[]]}},"_links":{"self":[{"href":"https:\/\/www.etoro.com\/fr\/wp-json\/wp\/v2\/pages\/1073019"}],"collection":[{"href":"https:\/\/www.etoro.com\/fr\/wp-json\/wp\/v2\/pages"}],"about":[{"href":"https:\/\/www.etoro.com\/fr\/wp-json\/wp\/v2\/types\/page"}],"author":[{"embeddable":true,"href":"https:\/\/www.etoro.com\/fr\/wp-json\/wp\/v2\/users\/96"}],"replies":[{"embeddable":true,"href":"https:\/\/www.etoro.com\/fr\/wp-json\/wp\/v2\/comments?post=1073019"}],"version-history":[{"count":0,"href":"https:\/\/www.etoro.com\/fr\/wp-json\/wp\/v2\/pages\/1073019\/revisions"}],"up":[{"embeddable":true,"href":"https:\/\/www.etoro.com\/fr\/wp-json\/wp\/v2\/pages\/19763"}],"wp:featuredmedia":[{"embeddable":true,"href":"https:\/\/www.etoro.com\/fr\/wp-json\/wp\/v2\/media\/1073020"}],"wp:attachment":[{"href":"https:\/\/www.etoro.com\/fr\/wp-json\/wp\/v2\/media?parent=1073019"}],"wp:term":[{"taxonomy":"asset_type","embeddable":true,"href":"https:\/\/www.etoro.com\/fr\/wp-json\/wp\/v2\/asset_type?post=1073019"}],"curies":[{"name":"wp","href":"https:\/\/api.w.org\/{rel}","templated":true}]}}