{"id":10738,"date":"2017-11-20T08:43:33","date_gmt":"2017-11-20T06:43:33","guid":{"rendered":"\/etoro\/customer-service\/risks-associated-with-social-trading\/"},"modified":"2019-01-23T16:33:30","modified_gmt":"2019-01-23T14:33:30","slug":"copytrading-risks","status":"publish","type":"page","link":"https:\/\/www.etoro.com\/fr\/customer-service\/copytrading-risks\/","title":{"rendered":"Risques associ\u00e9s au trading social"},"content":{"rendered":"<p><strong>eToro (Europe) Ltd. et ses affili\u00e9s sont fiers de vous donner la possibilit\u00e9 d&#8217;interagir, de suivre et de copier d&#8217;autres traders en utilisant les informations et\/ou les fonctions de trading social fournies et\/ou mises \u00e0 disposition sur nos sites Web et\/ou nos plateformes de trading. Ces fonctions de trading social incluent, sans s&#8217;y limiter, notre communaut\u00e9, le \u00ab\u00a0suivi\u00a0\u00bb, la \u00ab\u00a0copie\u00a0\u00bb et\/ou le classement des \u00ab\u00a0copytraders\u00a0\u00bb, les \u00ab\u00a0utilisateurs vedettes\u00a0\u00bb et\/ou toutes options de recherche avanc\u00e9e, etc. (appel\u00e9s collectivement \u00ab\u00a0les Fonctions de trading social\u00a0\u00bb). Cependant, nous remarquons que les Fonctions de trading social sont associ\u00e9es \u00e0 divers risques et vous \u00eates vivement invit\u00e9 \u00e0 lire avec attention et \u00e0 prendre en consid\u00e9ration les risques suivants avant d&#8217;utiliser nos Fonctions de trading social\u00a0:<\/strong><\/p>\n<ul>\n<li><span>L&#8217;ex\u00e9cution de trading automatis\u00e9e selon laquelle les trades sont ouverts et ferm\u00e9s sur votre compte sans votre intervention manuelle.<\/span><\/li>\n<li><span>Les services de gestion d&#8217;investissements eToro sont subordonn\u00e9s \u00e0 vos d\u00e9cisions de copier un ou des trader(s) sp\u00e9cifique(s) et\/ou de suivre une strat\u00e9gie particuli\u00e8re. Lors de la prise d&#8217;une telle d\u00e9cision, vous avez pris en consid\u00e9ration votre situation financi\u00e8re dans son ensemble, y compris vos engagements financiers et vous comprenez que l&#8217;utilisation des Fonctions de trading social est hautement sp\u00e9culative et que vous risquez des pertes consid\u00e9rables d\u00e9passant le montant utilis\u00e9 pour copier un ou des trader(s).<\/span><\/li>\n<li><span>Les Fonctions de trading social sont fournies par nos soins uniquement \u00e0 titre informatif. Etoro (Europe) Ltd. et ses affili\u00e9s, ainsi que leurs employ\u00e9s et agents ne sont pas des conseillers financiers ni en investissement. SI VOUS PRENEZ DES D\u00c9CISIONS D&#8217;INVESTISSEMENT EN VOUS FIANT \u00c0 DES INFORMATIONS MISES \u00c0 DISPOSITION SUR NOS SITES WEB OU DANS LE CADRE DE L&#8217;UTILISATION DES FONCTIONS DE TRADING SOCIAL, VOUS LE FAITES \u00c0 VOS PROPRES RISQUES ET ETORO GROUP LTD. ET SES AFFILI\u00c9S, AINSI QUE LEURS EMPLOY\u00c9S ET AGENTS NE SERONT PAS RESPONSABLES DES PERTES QUE VOUS POURRIEZ SUBIR.<\/span><\/li>\n<li><span>VOUS NE DEVRIEZ PAS PRENDRE DE D\u00c9CISIONS D&#8217;INVESTISSEMENT AVANT D&#8217;AVOIR EFFECTU\u00c9 DES RECHERCHES PERSONNELLES. VOUS \u00caTES LE SEUL ET UNIQUE RESPONSABLE DANS LA D\u00c9CISION QU&#8217;UN INVESTISSEMENT, UNE STRAT\u00c9GIE OU TOUT AUTRE PRODUIT OU SERVICE VOUS CONVIENT EN FONCTION DE VOS OBJECTIFS D&#8217;INVESTISSEMENT ET DE VOTRE SITUATION PERSONNELLE ET FINANCI\u00c8RE.<\/span><\/li>\n<li><span>Les positions d&#8217;un trader copi\u00e9 (en ce qui concerne n&#8217;importe lequel de nos instruments financiers) doivent \u00eatre copi\u00e9es avec un montant \u00e9quivalent au montant de la position minimum ou le plus faible ou avec des montants proportionnels au trade copi\u00e9 \u00e0 l&#8217;\u00e9quit\u00e9 r\u00e9alis\u00e9e du trader copi\u00e9 comme base des proportions des trades copi\u00e9s. Ces positions pr\u00e9senteront les m\u00eames effets de levier, stop loss et take profit, dans la mesure du possible. Les trades en dessous du montant de trade minimum ne seront pas ouverts. Toutes ces positions seront modifi\u00e9es et\/ou cl\u00f4tur\u00e9es automatiquement si et quand elles sont modifi\u00e9es\/cl\u00f4tur\u00e9es par le trader copi\u00e9, quelle que soit la raison, sans aucun pr\u00e9avis et sans action de votre part. Vous devez \u00eatre pr\u00eat \u00e0 et en mesure de supporter la perte de tout l&#8217;investissement que vous avez r\u00e9alis\u00e9 en copiant un trader. Vous \u00eates enti\u00e8rement responsable de toutes les pertes que vous pourriez subir suite \u00e0 l&#8217;ex\u00e9cution automatique des instructions g\u00e9n\u00e9r\u00e9es dans le cadre de l&#8217;utilisation de l&#8217;une de nos Fonctions de trading social.<\/span><\/li>\n<li><span>Si vous placez des trades suppl\u00e9mentaires dans votre compte ou que vous modifiez ou annulez un ordre g\u00e9n\u00e9r\u00e9 par une Fonction de trading social, vous pourriez obtenir un r\u00e9sultat mat\u00e9riellement diff\u00e9rent de celui de l&#8217;utilisateur que vous avez copi\u00e9. Un encaissement et un retrait par le trader copi\u00e9 peut \u00e9galement g\u00e9n\u00e9rer un r\u00e9sultat mat\u00e9riellement diff\u00e9rent de celui de l&#8217;utilisateur que vous avez copi\u00e9 car cela peut affecter les proportions de copytrading.<\/span><\/li>\n<li><span>Toute performance pass\u00e9e de nos utilisateurs, score de risque et statistiques ainsi que toute autre information en rapport avec les utilisateurs apparaissant sur nos sites Internet et applications ne sont pas r\u00e9v\u00e9lateurs des r\u00e9sultats futurs et doivent \u00eatre consid\u00e9r\u00e9s comme hypoth\u00e9tiques tel qu&#8217;expliqu\u00e9 plus en d\u00e9tail ci-dessous. Il est important de comprendre que les scores de risque, les informations statistiques et les performances historiques ne sont pas une garantie des performances futures. AUCUNE GARANTIE NI REPR\u00c9SENTATION N&#8217;EST FAITE CONCERNANT LA PROBABILIT\u00c9 OU LA CERTITUDE QU&#8217;UN COMPTE CONNA\u00ceTRA DES PROFITS OU DES PERTES SIMILAIRES \u00c0 CEUX INDIQU\u00c9S ET\/OU QU&#8217;UN SCORE DE RISQUE D&#8217;UN UTILISATEUR COPI\u00c9 NE SE R\u00c9V\u00c9LERA PAS EN R\u00c9ALIT\u00c9 PLUS \u00c9LEV\u00c9. Lors de l&#8217;examen du contenu, du portefeuille, des informations de performances financi\u00e8res, des opinions ou des conseils d&#8217;un autre utilisateur enregistr\u00e9, vous ne devez pas supposer que cet utilisateur est impartial, ind\u00e9pendant ou qualifi\u00e9 pour fournir des informations ou des opinions financi\u00e8res. eToro ne garantit aucun ordre, y compris le placement des stop orders comme le Copy Stop Loss.\u00a0Par cons\u00e9quent quelle que soit la saisie ou la d\u00e9signation de cl\u00f4ture, eToro ne garantit pas que le trade sera ex\u00e9cut\u00e9 au pourcentage du prix de l&#8217;ordre\/stop loss et vous pourriez perdre plus que le montant initial utilis\u00e9 pour copier ledit trader.<\/span><\/li>\n<li><span>LES PERFORMANCES PASS\u00c9ES ET\/OU LES SCORES DE RISQUE DEVRAIENT \u00caTRE CONSID\u00c9R\u00c9S COMME DES R\u00c9SULTATS DE PERFORMANCES HYPOTH\u00c9TIQUES. LES R\u00c9SULTATS DE PERFORMANCES HYPOTH\u00c9TIQUES PR\u00c9SENTENT DE NOMBREUSES LIMITES INH\u00c9RENTES. AUCUNE GARANTIE NI REPR\u00c9SENTATION N&#8217;EST FAITE CONCERNANT LA PROBABILIT\u00c9 OU LA CERTITUDE QU&#8217;UN COMPTE CONNA\u00ceTRA DES PROFITS OU DES PERTES SIMILAIRES AUX PERFORMANCES PASS\u00c9ES OU AU SCORE DE RISQUE INDIQU\u00c9. LE POURCENTAGE R\u00c9EL DE GAINS\/PERTES S&#8217;APPLIQUANT AUX INVESTISSEURS VARIERA EN FONCTION DE NOMBREUX FACTEURS, Y COMPRIS, MAIS SANS S&#8217;Y LIMITER\u00a0: LE SOLDE DE D\u00c9PART DU COMPTE (D\u00c9P\u00d4TS ET RETRAITS), LE COMPORTEMENT DU MARCH\u00c9, LES PARAM\u00c8TRES DE COMPTE DE L&#8217;INVESTISSEUR ET LES PERFORMANCES R\u00c9ELLES DE L&#8217;UTILISATEUR COPI\u00c9.<\/span><\/li>\n<li><span>PAR CONS\u00c9QUENT, ON NOTE FR\u00c9QUEMMENT DES DIFF\u00c9RENCES IMPORTANTES ENTRE LES R\u00c9SULTATS DE PERFORMANCES HYPOTH\u00c9TIQUES\/PASS\u00c9ES ET LES R\u00c9SULTATS R\u00c9ELS OBTENUS PAR UN PROGRAMME DE TRADING PARTICULIER. L&#8217;UNE DES LIMITES DES R\u00c9SULTATS DE PERFORMANCES HYPOTH\u00c9TIQUES EST QU&#8217;ILS SONT G\u00c9N\u00c9RALEMENT PR\u00c9PAR\u00c9S EN UTILISANT LA R\u00c9TROSPECTIVE. EN OUTRE, LE TRADING HYPOTH\u00c9TIQUE NE PREND PAS EN COMPTE LE RISQUE FINANCIER ET AUCUN ANT\u00c9C\u00c9DENT DE TRADING NE PEUT PRENDRE COMPL\u00c8TEMENT EN COMPTE L&#8217;IMPACT DU RISQUE FINANCIER SUR LE TRADING R\u00c9EL. PAR EXEMPLE, LA CAPACIT\u00c9 \u00c0 SUPPORTER DES PERTES OU \u00c0 ADH\u00c9RER \u00c0 UN PROGRAMME DE TRADING PARTICULIER MALGR\u00c9 LES PERTES DE TRADING SONT DES POINTS IMPORTANTS QUI PEUVENT \u00c9GALEMENT AFFECTER DE MANI\u00c8RE N\u00c9GATIVE LES R\u00c9SULTATS R\u00c9ELS DU TRADING. IL EXISTE DE NOMBREUX AUTRES FACTEURS EN RAPPORT AVEC LES MARCH\u00c9S EN G\u00c9N\u00c9RAL OU LA MISE EN \u0152UVRE D&#8217;UN PROGRAMME DE TRADING SP\u00c9CIFIQUE QUI NE PEUVENT PAS \u00caTRE ENTI\u00c8REMENT PRIS EN COMPTE DANS LA PR\u00c9PARATION DES R\u00c9SULTATS DE PERFORMANCES HYPOTH\u00c9TIQUES ET TOUT CELA PEUT AFFECTER DE MANI\u00c8RE N\u00c9GATIVE LES R\u00c9SULTATS DE TRADING R\u00c9EL.<\/span><\/li>\n<li><span>AUCUN ASPECT DES INFORMATIONS ET\/OU DES FONCTIONS DE TRADING SOCIAL FOURNIES ET MISES \u00c0 DISPOSITION SUR NOS SITES WEB NE VISE \u00c0 FOURNIR OU NE DOIT \u00caTRE INTERPR\u00c9T\u00c9 COMME FOURNISSANT DES CONSEILS D&#8217;INVESTISSEMENT, FISCAUX OU FINANCIERS, DE QUELQUE NATURE. VOUS NE DEVEZ PAS CONSID\u00c9RER CE CONTENU NI TOUTE AUTRE FONCTION COMME \u00c9TANT UN SUBSTITUT DE CONSEIL FINANCIER ET\/OU D&#8217;INVESTISSEMENT PROFESSIONNEL. SI VOUS CHOISISSEZ D&#8217;EFFECTUER DES TRANSACTIONS BAS\u00c9ES SUR DU CONTENU FIGURANT SUR LE SITE WEB ET\/OU SI VOUS CHOISISSEZ DE COPIER DES TRADERS ET\/OU DES TRADES SP\u00c9CIFIQUES, ALORS CES D\u00c9CISIONS ET TRANSACTIONS, AINSI QUE TOUTES LES CONS\u00c9QUENCES EN D\u00c9COULANT REL\u00c8VENT DE VOTRE UNIQUE RESPONSABILIT\u00c9. ALORS QUE LES PARTICIPANTS INDIVIDUELS PEUVENT PROPOSER DES OPINIONS OU DES CONSEILS D&#8217;INVESTISSEMENT ET\/OU EFFECTUER UNE TRANSACTION POUVANT PAR LA SUITE \u00caTRE COPI\u00c9E PAR D&#8217;AUTRES TRADERS, CES CONSEILS, OPINIONS OU TRADES NE SONT RIEN DE PLUS QUE DES \u00c9CHANGES ENTRE PERSONNES QUI PEUVENT \u00caTRE ANONYMES OU NON IDENTIFIABLES OU SIMPLEMENT L&#8217;EX\u00c9CUTION D&#8217;UN TRADE PAR LESDITS TRADERS. ETORO GROUP LTD. ET SES AFFILI\u00c9S NE FOURNISSENT PAS DIRECTEMENT, INDIRECTEMENT, IMPLICITEMENT OU DE QUELQUE MANI\u00c8RE DES CONSEILS D&#8217;INVESTISSEMENT EN METTANT \u00c0 VOTRE DISPOSITION CES INFORMATIONS ET\/OU FONCTIONS. VOUS DEVRIEZ UTILISER TOUTE INFORMATION RECUEILLIE ICI AINSI QUE LES FONCTIONS DE TRADING SOCIAL COMME POINT DE D\u00c9PART POUR EFFECTUER VOS PROPRES RECHERCHES IND\u00c9PENDANTES ET PRENDRE VOS PROPRES D\u00c9CISIONS D&#8217;INVESTISSEMENT.<\/span><\/li>\n<\/ul>\n","protected":false},"excerpt":{"rendered":"<p>eToro (Europe) Ltd. et ses affili\u00e9s sont fiers de vous donner la possibilit\u00e9 d&#8217;interagir, de suivre et de copier d&#8217;autres traders en utilisant les informations et\/ou les fonctions de trading social fournies et\/ou mises \u00e0 disposition sur nos sites Web et\/ou nos plateformes de trading. Ces fonctions de trading social incluent, sans s&#8217;y limiter, notre&hellip;<\/p>\n","protected":false},"author":45,"featured_media":0,"parent":6958,"menu_order":1305,"comment_status":"closed","ping_status":"closed","template":"","meta":{"_acf_changed":false,"inline_featured_image":false,"sticky_cta_settings":"","footnotes":""},"asset_type":[],"class_list":["post-10738","page","type-page","status-publish","hentry"],"acf":[],"yoast_head":"<title>Risques li\u00e9s au CopyTrading | eToro<\/title>\n<meta name=\"description\" content=\"En tant que plateforme r\u00e9glement\u00e9e, nous sommes tenus d&#039;informer nos clients des risques li\u00e9s au trading en ligne. Voici ce que vous devez savoir.\" \/>\n<meta name=\"robots\" content=\"index, follow, max-snippet:-1, max-image-preview:large, max-video-preview:-1\" \/>\n<link rel=\"canonical\" href=\"https:\/\/www.etoro.com\/fr\/wp-json\/wp\/v2\/pages\/10738\" \/>\n<meta property=\"og:locale\" content=\"fr_FR\" \/>\n<meta property=\"og:type\" content=\"article\" \/>\n<meta property=\"og:title\" content=\"Risques li\u00e9s au CopyTrading | eToro\" \/>\n<meta property=\"og:description\" content=\"En tant que plateforme r\u00e9glement\u00e9e, nous sommes tenus d&#039;informer nos clients des risques li\u00e9s au trading en ligne. Voici ce que vous devez savoir.\" \/>\n<meta property=\"og:url\" content=\"https:\/\/www.etoro.com\/fr\/wp-json\/wp\/v2\/pages\/10738\" \/>\n<meta property=\"og:site_name\" content=\"eToro\" \/>\n<meta property=\"article:publisher\" content=\"https:\/\/www.facebook.com\/eToro\/\" \/>\n<meta property=\"article:modified_time\" content=\"2019-01-23T14:33:30+00:00\" \/>\n<meta property=\"og:image\" content=\"https:\/\/www.etoro.com\/wp-content\/uploads\/2019\/12\/etoro_logo_social_share1.png\" \/>\n\t<meta property=\"og:image:width\" content=\"240\" \/>\n\t<meta property=\"og:image:height\" content=\"240\" \/>\n\t<meta property=\"og:image:type\" content=\"image\/png\" \/>\n<meta name=\"twitter:card\" content=\"summary_large_image\" \/>\n<meta name=\"twitter:site\" content=\"@eToro\" \/>\n<meta name=\"twitter:label1\" content=\"Est. reading time\" \/>\n\t<meta name=\"twitter:data1\" content=\"7 minutes\" \/>\n<script type=\"application\/ld+json\" class=\"yoast-schema-graph\">{\"@context\":\"https:\/\/schema.org\",\"@graph\":[{\"@type\":\"WebPage\",\"@id\":\"https:\/\/www.etoro.com\/fr\/customer-service\/copytrading-risks\/\",\"url\":\"https:\/\/www.etoro.com\/fr\/customer-service\/copytrading-risks\/\",\"name\":\"Risques li\u00e9s au CopyTrading | eToro\",\"isPartOf\":{\"@id\":\"https:\/\/www.etoro.com\/fr\/#website\"},\"datePublished\":\"2017-11-20T06:43:33+00:00\",\"dateModified\":\"2019-01-23T14:33:30+00:00\",\"description\":\"En tant que plateforme r\u00e9glement\u00e9e, nous sommes tenus d'informer nos clients des risques li\u00e9s au trading en ligne. Voici ce que vous devez savoir.\",\"breadcrumb\":{\"@id\":\"https:\/\/www.etoro.com\/fr\/customer-service\/copytrading-risks\/#breadcrumb\"},\"inLanguage\":\"fr\",\"potentialAction\":[{\"@type\":\"ReadAction\",\"target\":[\"https:\/\/www.etoro.com\/fr\/customer-service\/copytrading-risks\/\"]}]},{\"@type\":\"BreadcrumbList\",\"@id\":\"https:\/\/www.etoro.com\/fr\/customer-service\/copytrading-risks\/#breadcrumb\",\"itemListElement\":[{\"@type\":\"ListItem\",\"position\":1,\"name\":\"Accueil\",\"item\":\"https:\/\/www.etoro.com\/fr\/\"},{\"@type\":\"ListItem\",\"position\":2,\"name\":\"SERVICE CLIENT\",\"item\":\"https:\/\/www.etoro.com\/fr\/customer-service\/\"},{\"@type\":\"ListItem\",\"position\":3,\"name\":\"RISQUES LI\u00c9S AU COPYTRADING\"}]},{\"@type\":\"WebSite\",\"@id\":\"https:\/\/www.etoro.com\/fr\/#website\",\"url\":\"https:\/\/www.etoro.com\/fr\/\",\"name\":\"eToro\",\"description\":\"\",\"publisher\":{\"@id\":\"https:\/\/www.etoro.com\/fr\/#organization\"},\"potentialAction\":[{\"@type\":\"SearchAction\",\"target\":{\"@type\":\"EntryPoint\",\"urlTemplate\":\"https:\/\/www.etoro.com\/fr\/?s={search_term_string}\"},\"query-input\":{\"@type\":\"PropertyValueSpecification\",\"valueRequired\":true,\"valueName\":\"search_term_string\"}}],\"inLanguage\":\"fr\"},[]]}<\/script>","yoast_head_json":{"title":"Risques li\u00e9s au CopyTrading | eToro","description":"En tant que plateforme r\u00e9glement\u00e9e, nous sommes tenus d'informer nos clients des risques li\u00e9s au trading en ligne. Voici ce que vous devez savoir.","robots":{"index":"index","follow":"follow","max-snippet":"max-snippet:-1","max-image-preview":"max-image-preview:large","max-video-preview":"max-video-preview:-1"},"canonical":"https:\/\/www.etoro.com\/fr\/wp-json\/wp\/v2\/pages\/10738","og_locale":"fr_FR","og_type":"article","og_title":"Risques li\u00e9s au CopyTrading | eToro","og_description":"En tant que plateforme r\u00e9glement\u00e9e, nous sommes tenus d'informer nos clients des risques li\u00e9s au trading en ligne. Voici ce que vous devez savoir.","og_url":"https:\/\/www.etoro.com\/fr\/wp-json\/wp\/v2\/pages\/10738","og_site_name":"eToro","article_publisher":"https:\/\/www.facebook.com\/eToro\/","article_modified_time":"2019-01-23T14:33:30+00:00","og_image":[{"width":240,"height":240,"url":"https:\/\/www.etoro.com\/wp-content\/uploads\/2019\/12\/etoro_logo_social_share1.png","type":"image\/png"}],"twitter_card":"summary_large_image","twitter_site":"@eToro","twitter_misc":{"Est. reading time":"7 minutes"},"schema":{"@context":"https:\/\/schema.org","@graph":[{"@type":"WebPage","@id":"https:\/\/www.etoro.com\/fr\/customer-service\/copytrading-risks\/","url":"https:\/\/www.etoro.com\/fr\/customer-service\/copytrading-risks\/","name":"Risques li\u00e9s au CopyTrading | eToro","isPartOf":{"@id":"https:\/\/www.etoro.com\/fr\/#website"},"datePublished":"2017-11-20T06:43:33+00:00","dateModified":"2019-01-23T14:33:30+00:00","description":"En tant que plateforme r\u00e9glement\u00e9e, nous sommes tenus d'informer nos clients des risques li\u00e9s au trading en ligne. Voici ce que vous devez savoir.","breadcrumb":{"@id":"https:\/\/www.etoro.com\/fr\/customer-service\/copytrading-risks\/#breadcrumb"},"inLanguage":"fr","potentialAction":[{"@type":"ReadAction","target":["https:\/\/www.etoro.com\/fr\/customer-service\/copytrading-risks\/"]}]},{"@type":"BreadcrumbList","@id":"https:\/\/www.etoro.com\/fr\/customer-service\/copytrading-risks\/#breadcrumb","itemListElement":[{"@type":"ListItem","position":1,"name":"Accueil","item":"https:\/\/www.etoro.com\/fr\/"},{"@type":"ListItem","position":2,"name":"SERVICE CLIENT","item":"https:\/\/www.etoro.com\/fr\/customer-service\/"},{"@type":"ListItem","position":3,"name":"RISQUES LI\u00c9S AU COPYTRADING"}]},{"@type":"WebSite","@id":"https:\/\/www.etoro.com\/fr\/#website","url":"https:\/\/www.etoro.com\/fr\/","name":"eToro","description":"","publisher":{"@id":"https:\/\/www.etoro.com\/fr\/#organization"},"potentialAction":[{"@type":"SearchAction","target":{"@type":"EntryPoint","urlTemplate":"https:\/\/www.etoro.com\/fr\/?s={search_term_string}"},"query-input":{"@type":"PropertyValueSpecification","valueRequired":true,"valueName":"search_term_string"}}],"inLanguage":"fr"},[]]}},"_links":{"self":[{"href":"https:\/\/www.etoro.com\/fr\/wp-json\/wp\/v2\/pages\/10738"}],"collection":[{"href":"https:\/\/www.etoro.com\/fr\/wp-json\/wp\/v2\/pages"}],"about":[{"href":"https:\/\/www.etoro.com\/fr\/wp-json\/wp\/v2\/types\/page"}],"author":[{"embeddable":true,"href":"https:\/\/www.etoro.com\/fr\/wp-json\/wp\/v2\/users\/45"}],"replies":[{"embeddable":true,"href":"https:\/\/www.etoro.com\/fr\/wp-json\/wp\/v2\/comments?post=10738"}],"version-history":[{"count":0,"href":"https:\/\/www.etoro.com\/fr\/wp-json\/wp\/v2\/pages\/10738\/revisions"}],"up":[{"embeddable":true,"href":"https:\/\/www.etoro.com\/fr\/wp-json\/wp\/v2\/pages\/6958"}],"wp:attachment":[{"href":"https:\/\/www.etoro.com\/fr\/wp-json\/wp\/v2\/media?parent=10738"}],"wp:term":[{"taxonomy":"asset_type","embeddable":true,"href":"https:\/\/www.etoro.com\/fr\/wp-json\/wp\/v2\/asset_type?post=10738"}],"curies":[{"name":"wp","href":"https:\/\/api.w.org\/{rel}","templated":true}]}}