{"id":1115547,"date":"2025-08-06T16:55:05","date_gmt":"2025-08-06T13:55:05","guid":{"rendered":"https:\/\/www.etoro.com\/?page_id=1115547"},"modified":"2025-08-06T17:47:57","modified_gmt":"2025-08-06T14:47:57","slug":"tori","status":"publish","type":"page","link":"https:\/\/www.etoro.com\/fr\/trading\/platforms\/tori\/","title":{"rendered":"Tori"},"content":{"rendered":"\n<div class=\"wp-block-etoro-half-cover has-white-background-color\">\n<div class=\"wp-block-etoro-half-cover-left\"><p id=\"breadcrumbs\" class=\"gray-dark\"><span><span><a href=\"https:\/\/www.etoro.com\/fr\/\">Accueil<\/a><\/span><\/span><\/p>\n<h1 class=\"wp-block-heading is-style-banner-title\"><strong>TORI<\/strong>votre compagnon d\u2019investissement dans l\u2019IA<\/h1>\n\n\n\n<p>Des d\u00e9cisions plus intelligentes. Des r\u00e9ponses plus rapides. Des informations personnalis\u00e9es.<br><\/p>\n\n\n\n<div class=\"wp-block-buttons is-layout-flex wp-block-buttons-is-layout-flex\">\n<a class=\"e-cta e-cta-primary\" href=\"http:\/\/etoro.com\/home?bscarousel=tori_intro_carousel\">Essayez Tori<\/a>\n<\/div>\n<\/div>\n\n\n\n<div class=\"wp-block-etoro-half-cover-right\">\n<img decoding=\"async\" src=\"https:\/\/www.etoro.com\/wp-content\/uploads\/2025\/08\/Tori_main_desktop.png\" alt=\"\" class=\"wp-block-etoro-half-cover-media\"\/><img decoding=\"async\" src=\"https:\/\/www.etoro.com\/wp-content\/uploads\/2025\/08\/Tori_Desktop-1.png\" alt=\"\" class=\"wp-block-etoro-half-cover-media-desktop\"\/><img decoding=\"async\" src=\"https:\/\/www.etoro.com\/wp-content\/uploads\/2025\/08\/Tori_tablet.png\" alt=\"\" class=\"wp-block-etoro-half-cover-media-tablet\"\/><img decoding=\"async\" src=\"https:\/\/www.etoro.com\/wp-content\/uploads\/2025\/08\/Tori_mobile.png\" alt=\"\" class=\"wp-block-etoro-half-cover-media-mobile\"\/>\n<\/div>\n<\/div>\n\n\n\n<section class=\"wp-block-group wp-block-group-boxed\"><div class=\"wp-block-group-inner is-layout-flow wp-block-group-is-layout-flow\">\n<h2 class=\"wp-block-heading has-text-align-center\"><b class=\"wp-etoro-format-colored-green\">D\u00e9couvrez,<\/b> <strong>apprenez, <\/strong><b class=\"wp-etoro-format-colored-green\">analysez<\/b><\/h2>\n\n\n\n<p class=\"has-text-align-center\">Tori rassemble des donn\u00e9es, des id\u00e9es et des analyses dans un chat simple et interactif.<\/p>\n<\/div><\/section>\n\n\n\n<section class=\"wp-block-group wp-block-group-boxed has-white-background-color has-background\"><div class=\"wp-block-group-inner is-layout-flow wp-block-group-is-layout-flow\">\n<div class=\"wp-block-columns are-vertically-aligned-center wp-block-columns-2 is-layout-flex wp-container-core-columns-is-layout-1 wp-block-columns-is-layout-flex\">\n<div class=\"wp-block-column is-layout-flow wp-block-column-is-layout-flow\">\n<figure class=\"wp-block-image size-full wp-block-image-has-mobile\"><img loading=\"lazy\" decoding=\"async\" width=\"1152\" height=\"800\" src=\"https:\/\/www.etoro.com\/wp-content\/uploads\/2025\/08\/Cube-desktop-X2-3-3.gif\" alt=\"\" class=\"wp-image-1116232 wp-image-desktop\"\/><img loading=\"lazy\" decoding=\"async\" width=\"1152\" height=\"800\" src=\"https:\/\/www.etoro.com\/wp-content\/uploads\/2025\/08\/Cube-mobile-X23-1.gif\" alt=\"\" class=\"wp-image-1116200 wp-image-mobile\"\/><\/figure>\n\n\n\n<p class=\"is-style-disclaimer\">\u00c0 titre d\u2019illustration uniquement<\/p>\n<\/div>\n\n\n\n<div class=\"wp-block-column is-text-column is-layout-flow wp-block-column-is-layout-flow\">\n<p class=\"is-style-heading-2\"><strong>D\u00e9couvrez  <b class=\"wp-etoro-format-colored-green\">de nouvelles opportunit\u00e9s d\u2019investissement<\/b><\/strong><\/p>\n\n\n\n<p>Pour chaque question que vous posez, Tori fournit des donn\u00e9es et des id\u00e9es en temps r\u00e9el pour d\u00e9couvrir des opportunit\u00e9s d\u2019investissement.<\/p>\n\n\n\n<div class=\"wp-block-buttons is-layout-flex wp-block-buttons-is-layout-flex\">\n<a class=\"e-cta e-cta-primary\" href=\"http:\/\/etoro.com\/home?bscarousel=tori_intro_carousel\">Dis, Tori ?<\/a>\n<\/div>\n<\/div>\n<\/div>\n<\/div><\/section>\n\n\n\n<section class=\"wp-block-group wp-block-group-boxed has-dark-blue-background-color has-background\"><div class=\"wp-block-group-inner is-layout-flow wp-block-group-is-layout-flow\">\n<div class=\"wp-block-columns are-vertically-aligned-center wp-block-columns-2 is-layout-flex wp-container-core-columns-is-layout-2 wp-block-columns-is-layout-flex\">\n<div class=\"wp-block-column is-text-column is-layout-flow wp-block-column-is-layout-flow\">\n<h2 class=\"wp-block-heading\"><strong><b class=\"wp-etoro-format-colored-green\">Obtenez des informations sur le march\u00e9<\/b> adapt\u00e9es \u00e0 vos int\u00e9r\u00eats<\/strong><\/h2>\n\n\n\n<p>Tori transforme vos questions en informations exploitables. Obtenez des analyses \u00e0 la demande pour rester inform\u00e9, \u00e9quilibr\u00e9 et en contr\u00f4le.<\/p>\n\n\n\n<div class=\"wp-block-buttons is-layout-flex wp-block-buttons-is-layout-flex\">\n<a class=\"e-cta e-cta-primary\" href=\"http:\/\/etoro.com\/home?bscarousel=tori_intro_carousel\">Analysez avec Tori<\/a>\n<\/div>\n<\/div>\n\n\n\n<div class=\"wp-block-column is-layout-flow wp-block-column-is-layout-flow\">\n<p class=\"is-style-disclaimer\"><\/p>\n\n\n\n<figure class=\"wp-block-video\"><video autoplay loop muted src=\"https:\/\/www.etoro.com\/wp-content\/uploads\/2025\/08\/Question-desktop-option-3-X2-1-1.mp4\" playsinline><\/video><\/figure>\n\n\n\n<p class=\"is-style-disclaimer\">\u00c0 titre d\u2019illustration uniquement<\/p>\n<\/div>\n<\/div>\n<\/div><\/section>\n\n\n\n<section class=\"wp-block-group wp-block-group-boxed has-white-background-color has-background\"><div class=\"wp-block-group-inner is-layout-flow wp-block-group-is-layout-flow\">\n<div class=\"wp-block-columns are-vertically-aligned-center wp-block-columns-2 is-layout-flex wp-container-core-columns-is-layout-3 wp-block-columns-is-layout-flex\">\n<div class=\"wp-block-column is-layout-flow wp-block-column-is-layout-flow\">\n<figure class=\"wp-block-image size-full\"><img loading=\"lazy\" decoding=\"async\" width=\"576\" height=\"400\" src=\"https:\/\/www.etoro.com\/wp-content\/uploads\/2025\/08\/Level-up-your-investing-knowledge.png\" alt=\"\" class=\"wp-image-1112883 wp-image-desktop\" srcset=\"https:\/\/www.etoro.com\/wp-content\/uploads\/2025\/08\/Level-up-your-investing-knowledge.png 576w, https:\/\/www.etoro.com\/wp-content\/uploads\/2025\/08\/Level-up-your-investing-knowledge-300x208.png 300w\" sizes=\"(max-width: 576px) 100vw, 576px\" \/><\/figure>\n<\/div>\n\n\n\n<div class=\"wp-block-column is-text-column is-layout-flow wp-block-column-is-layout-flow\">\n<h2 class=\"wp-block-heading\"><strong>Boostez <b class=\"wp-etoro-format-colored-green\">vos connaissances sur l\u2019investissement<\/b><\/strong><\/h2>\n\n\n\n<p>Il vous suffit de demander, et Tori vous propose des le\u00e7ons, des conseils et des guides sur mesure de l&#8217;<a href=\"https:\/\/www.etoro.com\/fr\/academy\/\">eToro Academy<\/a> pour vous aider \u00e0 approfondir vos connaissances sur l&#8217;investissement au fur et \u00e0 mesure.<\/p>\n\n\n\n<div class=\"wp-block-buttons is-layout-flex wp-block-buttons-is-layout-flex\">\n<a class=\"e-cta e-cta-primary\" href=\"http:\/\/etoro.com\/home?bscarousel=tori_intro_carousel\">Formez-vous avec Tori<\/a>\n<\/div>\n<\/div>\n<\/div>\n<\/div><\/section>\n\n\n\n<section class=\"wp-block-group wp-block-group-boxed has-dark-blue-background-color has-background\"><div class=\"wp-block-group-inner is-layout-flow wp-block-group-is-layout-flow\">\n<h2 class=\"wp-block-heading has-text-align-center\"><strong>Toujours plus lucide, <b class=\"wp-etoro-format-colored-green\">sans jamais perdre son humanit\u00e9<\/b><\/strong><\/h2>\n\n\n\n<p class=\"has-text-align-center\">Tori est l\u00e0 pour am\u00e9liorer votre exp\u00e9rience d\u2019investissement, pas pour remplacer le contact humain. Vous aurez toujours la possibilit\u00e9 de contacter notre \u00e9quipe du service client d\u00e8s que vous aurez besoin d\u2019une assistance personnelle ou de l\u2019aide d\u2019un expert.<\/p>\n\n\n\n<p class=\"has-text-align-center\">Comme pour tout produit assist\u00e9 par l\u2019IA, Tori apprend et s\u2019am\u00e9liore constamment. \u00c0 chaque interaction et mise \u00e0 jour, nous nous effor\u00e7ons de rendre Tori plus intelligente, plus pr\u00e9cise et plus utile, pour que votre exp\u00e9rience ne cesse de s\u2019am\u00e9liorer au fil du temps.<\/p>\n\n\n\n<div class=\"wp-block-buttons is-content-justification-center is-layout-flex wp-container-core-buttons-is-layout-5 wp-block-buttons-is-layout-flex\">\n<a class=\"e-cta e-cta-primary\" href=\"http:\/\/etoro.com\/home?bscarousel=tori_intro_carousel\">Demandez \u00e0 Tori ?<\/a>\n<\/div>\n\n\n\n<p class=\"has-text-align-center is-style-disclaimer\">*D\u00e9ploiement progressif. D\u00e9sormais disponible pour certains utilisateurs dans certaines r\u00e9gions.<\/p>\n<\/div><\/section>\n\n\n\n<section class=\"wp-block-group wp-block-group-boxed has-white-background-color has-background\"><div class=\"wp-block-group-inner is-layout-flow wp-block-group-is-layout-flow\">\n<h2 class=\"wp-block-heading has-text-align-center\">FAQ<\/h2>\n\n\n\n<dl class=\"wp-block-etoro-faq\">\n<div class=\"wp-block-etoro-faq-item\"><dt class=\"wp-block-etoro-faq-item-question\">Qu\u2019est-ce que Tori ?<\/dt><dd class=\"wp-block-etoro-faq-item-answer\">\n<p>Tori est le compagnon d&#8217;investissement assist\u00e9 par l&#8217;IA d&#8217;eToro. Tori vous aide \u00e0 explorer les march\u00e9s, \u00e0 analyser votre portefeuille, \u00e0 en savoir plus sur l\u2019investissement et \u00e0 naviguer sur la plateforme, le tout par un chat simple et naturel.<\/p>\n<\/dd><\/div>\n\n\n\n<div class=\"wp-block-etoro-faq-item\"><dt class=\"wp-block-etoro-faq-item-question\">Comment acc\u00e9der \u00e0 Tori ?<\/dt><dd class=\"wp-block-etoro-faq-item-answer\">\n<p>Vous trouverez l\u2019ic\u00f4ne Tori dans le coin sup\u00e9rieur droit des \u00e9crans cl\u00e9s de la plateforme eToro, comme les pages Recherche, Portefeuille ou Wallet. Il suffit d&#8217;appuyer dessus pour ouvrir une discussion. Les questions sugg\u00e9r\u00e9es par Tori seront ajust\u00e9es en fonction de l&#8217;endroit o\u00f9 vous vous trouvez, mais vous pouvez demander ce que vous voulez, \u00e0 tout moment.<\/p>\n<\/dd><\/div>\n\n\n\n<div class=\"wp-block-etoro-faq-item\"><dt class=\"wp-block-etoro-faq-item-question\">Que puis-je demander \u00e0 Tori ?<\/dt><dd class=\"wp-block-etoro-faq-item-answer\">\n<p>Presque tout ce qui concerne l\u2019investissement&nbsp;! Par exemple&nbsp;:<\/p>\n\n\n\n<p>\u00ab&nbsp;Compare Tesla et Nvidia&nbsp;\u00bb<\/p>\n\n\n\n<p>\u00ab&nbsp;Qu&#8217;est-ce que l&#8217;analyse technique&nbsp;?&nbsp;\u00bb<\/p>\n\n\n\n<p>\u00ab&nbsp;Quelles sont les actions les plus populaires&nbsp;?&nbsp;\u00bb<\/p>\n\n\n\n<p>\u00ab&nbsp;O\u00f9 puis-je trouver mon calendrier des r\u00e9sultats&nbsp;?&nbsp;\u00bb<\/p>\n\n\n\n<p>Tori vous fournira des r\u00e9ponses claires, adapt\u00e9es \u00e0 votre demande en temps r\u00e9el<\/p>\n<\/dd><\/div>\n\n\n\n<div class=\"wp-block-etoro-faq-item\"><dt class=\"wp-block-etoro-faq-item-question\">Tori peut-elle analyser mon portefeuille\u00a0?<\/dt><dd class=\"wp-block-etoro-faq-item-answer\">\n<p>Oui, si votre portefeuille est public. Tori peut fournir des observations g\u00e9n\u00e9rales sur la composition de votre portefeuille, telles que la concentration des actifs et l&#8217;exposition sectorielle. Si votre portefeuille est priv\u00e9, Tori ne pourra pas y acc\u00e9der.<\/p>\n<\/dd><\/div>\n\n\n\n<div class=\"wp-block-etoro-faq-item\"><dt class=\"wp-block-etoro-faq-item-question\">Tori est-elle vraiment une IA\u00a0?<\/dt><dd class=\"wp-block-etoro-faq-item-answer\">\n<p>Oui. Tori s\u2019appuie sur une technologie d\u2019IA avanc\u00e9e d\u00e9velopp\u00e9e en interne par eToro. Dans certains cas, elle utilise \u00e9galement des flux pr\u00e9d\u00e9finis ou une logique de chatbot pour am\u00e9liorer la fiabilit\u00e9.<\/p>\n<\/dd><\/div>\n\n\n\n<div class=\"wp-block-etoro-faq-item\"><dt class=\"wp-block-etoro-faq-item-question\">\u00a0Tori peut-elle donner des conseils en investissement\u00a0?<\/dt><dd class=\"wp-block-etoro-faq-item-answer\">\n<p>Non. Tori ne fournit pas de conseils financiers ou d\u2019investissement. Elle fournit des informations, des formations et des conseils pour vous aider \u00e0 prendre des d\u00e9cisions plus \u00e9clair\u00e9es, mais la d\u00e9cision finale vous appartient toujours.<\/p>\n<\/dd><\/div>\n\n\n\n<div class=\"wp-block-etoro-faq-item\"><dt class=\"wp-block-etoro-faq-item-question\">Tori remplacera-t-elle le service client\u00a0?<\/dt><dd class=\"wp-block-etoro-faq-item-answer\">\n<p>Non. Tori compl\u00e8te notre \u00e9quipe d\u2019assistance. Si votre requ\u00eate n\u00e9cessite une assistance personnelle, Tori vous connectera directement \u00e0 un agent du service client.<\/p>\n<\/dd><\/div>\n\n\n\n<div class=\"wp-block-etoro-faq-item\"><dt class=\"wp-block-etoro-faq-item-question\">Tori peut-elle consulter mes listes de surveillance\u00a0?<\/dt><dd class=\"wp-block-etoro-faq-item-answer\">\n<p>Pas encore, mais c&#8217;est sur notre feuille de route<\/p>\n<\/dd><\/div>\n\n\n\n<div class=\"wp-block-etoro-faq-item\"><dt class=\"wp-block-etoro-faq-item-question\">Tori acc\u00e8de-t-elle \u00e0 mes donn\u00e9es personnelles\u00a0?<\/dt><dd class=\"wp-block-etoro-faq-item-answer\">\n<p>Non, sauf si vous utilisez la version agent de support. Par ailleurs, Tori n\u2019utilise que des donn\u00e9es publiques issues de la plateforme (par exemple, les donn\u00e9es de march\u00e9, les fiches des actifs et les portefeuilles publics)<\/p>\n<\/dd><\/div>\n\n\n\n<div class=\"wp-block-etoro-faq-item\"><dt class=\"wp-block-etoro-faq-item-question\">10. Puis-je voir les chats pr\u00e9c\u00e9dents avec Tori\u00a0?<\/dt><dd class=\"wp-block-etoro-faq-item-answer\">\n<p>Oui. Vous pouvez acc\u00e9der \u00e0 vos derniers chats Tori \u00e0 partir du menu \u2630 de la fen\u00eatre de chat. L\u2019historique des discussions est enregistr\u00e9 pendant 30\u00a0jours et est r\u00e9initialis\u00e9 si vous r\u00e9pondez \u00e0 un message plus ancien.<\/p>\n<\/dd><\/div>\n<\/dl>\n<\/div><\/section>\n\n\n\n<section class=\"wp-block-group wp-block-group-boxed\"><div class=\"wp-block-group-inner is-layout-flow wp-block-group-is-layout-flow\">\n<p class=\"is-style-disclaimer\">Cette communication est uniquement destin\u00e9e \u00e0 des fins d&#8217;information et d&#8217;\u00e9ducation et ne doit pas \u00eatre consid\u00e9r\u00e9e comme un conseil en investissement, une recommandation personnelle, une offre ou une sollicitation d&#8217;achat ou de vente d&#8217;instruments financiers. Ce document a \u00e9t\u00e9 pr\u00e9par\u00e9 sans tenir compte des objectifs d\u2019investissement ou de la situation financi\u00e8re d\u2019un destinataire particulier, et n\u2019a pas \u00e9t\u00e9 pr\u00e9par\u00e9 conform\u00e9ment aux exigences l\u00e9gales et r\u00e9glementaires visant \u00e0 promouvoir la recherche ind\u00e9pendante. Toute r\u00e9f\u00e9rence \u00e0 la performance pass\u00e9e ou future d\u2019un instrument financier, d\u2019un indice ou d\u2019un produit d\u2019investissement packag\u00e9 ne constitue pas et ne doit pas \u00eatre consid\u00e9r\u00e9e comme un indicateur fiable des r\u00e9sultats futurs. eToro ne fait aucune d\u00e9claration et n&#8217;assume aucune responsabilit\u00e9 quant \u00e0 l&#8217;exactitude ou \u00e0 l&#8217;exhaustivit\u00e9 du contenu de cette publication.<\/p>\n\n\n\n<p class=\"is-style-disclaimer\"><br>Cette publicit\u00e9 n\u2019a pas \u00e9t\u00e9 examin\u00e9e par l\u2019Autorit\u00e9 mon\u00e9taire de Singapour.<\/p>\n\n\n\n<p class=\"is-style-disclaimer\"><br>Tori ne fournit pas de conseils en investissement.<br>Tori est un outil assist\u00e9 par l\u2019IA con\u00e7u pour proposer du contenu \u00e9ducatif, des donn\u00e9es et des informations g\u00e9n\u00e9rales sur le march\u00e9. Tori ne tient pas compte de votre situation personnelle et ne doit pas \u00eatre utilis\u00e9e pour prendre des d\u00e9cisions d\u2019investissement. Votre capital est soumis \u00e0 un risque. Les performances pass\u00e9es ne constituent pas une indication des r\u00e9sultats futurs.<br>eToro ne fait aucune d\u00e9claration et n&#8217;assume aucune responsabilit\u00e9 quant \u00e0 l&#8217;exactitude ou \u00e0 l&#8217;exhaustivit\u00e9 des r\u00e9ponses g\u00e9n\u00e9r\u00e9es.<\/p>\n\n\n\n<p class=\"is-style-disclaimer\"><\/p>\n<\/div><\/section>\n","protected":false},"excerpt":{"rendered":"<p>D\u00e9couvrez, apprenez, analysez Tori rassemble des donn\u00e9es, des id\u00e9es et des analyses dans un chat simple et interactif. \u00c0 titre d\u2019illustration uniquement D\u00e9couvrez de nouvelles opportunit\u00e9s d\u2019investissement Pour chaque question que vous posez, Tori fournit des donn\u00e9es et des id\u00e9es en temps r\u00e9el pour d\u00e9couvrir des opportunit\u00e9s d\u2019investissement. Obtenez des informations sur le march\u00e9 adapt\u00e9es&hellip;<\/p>\n","protected":false},"author":75,"featured_media":1112843,"parent":9385,"menu_order":0,"comment_status":"closed","ping_status":"closed","template":"","meta":{"_acf_changed":false,"inline_featured_image":false,"sticky_cta_settings":"","footnotes":""},"asset_type":[],"class_list":["post-1115547","page","type-page","status-publish","has-post-thumbnail","hentry"],"acf":[],"yoast_head":"<title>Tori \u2013 Votre compagnon d\u2019investissement dans l\u2019IA par eToro<\/title>\n<meta name=\"description\" content=\"D\u00e9couvrez comment Tori utilise l&#039;IA pour optimiser vos investissements : obtenez des points de vue, des analyses de portefeuille et des conseils intelligents, le tout sur eToro.\" \/>\n<meta name=\"robots\" content=\"index, follow, max-snippet:-1, max-image-preview:large, max-video-preview:-1\" \/>\n<link rel=\"canonical\" href=\"https:\/\/www.etoro.com\/fr\/wp-json\/wp\/v2\/pages\/1115547\" \/>\n<meta property=\"og:locale\" content=\"fr_FR\" \/>\n<meta property=\"og:type\" content=\"article\" \/>\n<meta property=\"og:title\" content=\"Tori \u2013 Votre compagnon d\u2019investissement dans l\u2019IA par eToro\" \/>\n<meta property=\"og:description\" content=\"D\u00e9couvrez comment Tori utilise l&#039;IA pour optimiser vos investissements : obtenez des points de vue, des analyses de portefeuille et des conseils intelligents, le tout sur eToro.\" \/>\n<meta property=\"og:url\" content=\"https:\/\/www.etoro.com\/fr\/wp-json\/wp\/v2\/pages\/1115547\" \/>\n<meta property=\"og:site_name\" content=\"eToro\" \/>\n<meta property=\"article:publisher\" content=\"https:\/\/www.facebook.com\/eToro\/\" \/>\n<meta property=\"article:modified_time\" content=\"2025-08-06T14:47:57+00:00\" \/>\n<meta property=\"og:image\" content=\"https:\/\/www.etoro.com\/wp-content\/uploads\/2025\/08\/Tori_Featured-image-1200x630-1.png\" \/>\n\t<meta property=\"og:image:width\" content=\"1200\" \/>\n\t<meta property=\"og:image:height\" content=\"630\" \/>\n\t<meta property=\"og:image:type\" content=\"image\/png\" \/>\n<meta name=\"twitter:card\" content=\"summary_large_image\" \/>\n<meta name=\"twitter:site\" content=\"@eToro\" \/>\n<meta name=\"twitter:label1\" content=\"Est. reading time\" \/>\n\t<meta name=\"twitter:data1\" content=\"5 minutes\" \/>\n<script type=\"application\/ld+json\" class=\"yoast-schema-graph\">{\"@context\":\"https:\/\/schema.org\",\"@graph\":[{\"@type\":\"WebPage\",\"@id\":\"https:\/\/www.etoro.com\/fr\/trading\/platforms\/tori\/\",\"url\":\"https:\/\/www.etoro.com\/fr\/trading\/platforms\/tori\/\",\"name\":\"Tori \u2013 Votre compagnon d\u2019investissement dans l\u2019IA par eToro\",\"isPartOf\":{\"@id\":\"https:\/\/www.etoro.com\/fr\/#website\"},\"primaryImageOfPage\":{\"@id\":\"https:\/\/www.etoro.com\/fr\/trading\/platforms\/tori\/#primaryimage\"},\"image\":{\"@id\":\"https:\/\/www.etoro.com\/fr\/trading\/platforms\/tori\/#primaryimage\"},\"thumbnailUrl\":\"https:\/\/www.etoro.com\/wp-content\/uploads\/2025\/08\/Tori_Featured-image-1200x630-1.png\",\"datePublished\":\"2025-08-06T13:55:05+00:00\",\"dateModified\":\"2025-08-06T14:47:57+00:00\",\"description\":\"D\u00e9couvrez comment Tori utilise l'IA pour optimiser vos investissements : obtenez des points de vue, des analyses de portefeuille et des conseils intelligents, le tout sur eToro.\",\"breadcrumb\":{\"@id\":\"https:\/\/www.etoro.com\/fr\/trading\/platforms\/tori\/#breadcrumb\"},\"inLanguage\":\"fr\",\"potentialAction\":[{\"@type\":\"ReadAction\",\"target\":[\"https:\/\/www.etoro.com\/fr\/trading\/platforms\/tori\/\"]}]},{\"@type\":\"ImageObject\",\"inLanguage\":\"fr\",\"@id\":\"https:\/\/www.etoro.com\/fr\/trading\/platforms\/tori\/#primaryimage\",\"url\":\"https:\/\/www.etoro.com\/wp-content\/uploads\/2025\/08\/Tori_Featured-image-1200x630-1.png\",\"contentUrl\":\"https:\/\/www.etoro.com\/wp-content\/uploads\/2025\/08\/Tori_Featured-image-1200x630-1.png\",\"width\":1200,\"height\":630},{\"@type\":\"BreadcrumbList\",\"@id\":\"https:\/\/www.etoro.com\/fr\/trading\/platforms\/tori\/#breadcrumb\",\"itemListElement\":[{\"@type\":\"ListItem\",\"position\":1,\"name\":\"Accueil\",\"item\":\"https:\/\/www.etoro.com\/fr\/\"},{\"@type\":\"ListItem\",\"position\":2,\"name\":\"TRADING\",\"item\":\"https:\/\/www.etoro.com\/fr\/trading\/\"},{\"@type\":\"ListItem\",\"position\":3,\"name\":\"PLATEFORMES - Historique\",\"item\":\"https:\/\/www.etoro.com\/fr\/trading\/platforms\/\"},{\"@type\":\"ListItem\",\"position\":4,\"name\":\"Tori\"}]},{\"@type\":\"WebSite\",\"@id\":\"https:\/\/www.etoro.com\/fr\/#website\",\"url\":\"https:\/\/www.etoro.com\/fr\/\",\"name\":\"eToro\",\"description\":\"\",\"publisher\":{\"@id\":\"https:\/\/www.etoro.com\/fr\/#organization\"},\"potentialAction\":[{\"@type\":\"SearchAction\",\"target\":{\"@type\":\"EntryPoint\",\"urlTemplate\":\"https:\/\/www.etoro.com\/fr\/?s={search_term_string}\"},\"query-input\":{\"@type\":\"PropertyValueSpecification\",\"valueRequired\":true,\"valueName\":\"search_term_string\"}}],\"inLanguage\":\"fr\"},[]]}<\/script>","yoast_head_json":{"title":"Tori \u2013 Votre compagnon d\u2019investissement dans l\u2019IA par eToro","description":"D\u00e9couvrez comment Tori utilise l'IA pour optimiser vos investissements : obtenez des points de vue, des analyses de portefeuille et des conseils intelligents, le tout sur eToro.","robots":{"index":"index","follow":"follow","max-snippet":"max-snippet:-1","max-image-preview":"max-image-preview:large","max-video-preview":"max-video-preview:-1"},"canonical":"https:\/\/www.etoro.com\/fr\/wp-json\/wp\/v2\/pages\/1115547","og_locale":"fr_FR","og_type":"article","og_title":"Tori \u2013 Votre compagnon d\u2019investissement dans l\u2019IA par eToro","og_description":"D\u00e9couvrez comment Tori utilise l'IA pour optimiser vos investissements : obtenez des points de vue, des analyses de portefeuille et des conseils intelligents, le tout sur eToro.","og_url":"https:\/\/www.etoro.com\/fr\/wp-json\/wp\/v2\/pages\/1115547","og_site_name":"eToro","article_publisher":"https:\/\/www.facebook.com\/eToro\/","article_modified_time":"2025-08-06T14:47:57+00:00","og_image":[{"width":1200,"height":630,"url":"https:\/\/www.etoro.com\/wp-content\/uploads\/2025\/08\/Tori_Featured-image-1200x630-1.png","type":"image\/png"}],"twitter_card":"summary_large_image","twitter_site":"@eToro","twitter_misc":{"Est. reading time":"5 minutes"},"schema":{"@context":"https:\/\/schema.org","@graph":[{"@type":"WebPage","@id":"https:\/\/www.etoro.com\/fr\/trading\/platforms\/tori\/","url":"https:\/\/www.etoro.com\/fr\/trading\/platforms\/tori\/","name":"Tori \u2013 Votre compagnon d\u2019investissement dans l\u2019IA par eToro","isPartOf":{"@id":"https:\/\/www.etoro.com\/fr\/#website"},"primaryImageOfPage":{"@id":"https:\/\/www.etoro.com\/fr\/trading\/platforms\/tori\/#primaryimage"},"image":{"@id":"https:\/\/www.etoro.com\/fr\/trading\/platforms\/tori\/#primaryimage"},"thumbnailUrl":"https:\/\/www.etoro.com\/wp-content\/uploads\/2025\/08\/Tori_Featured-image-1200x630-1.png","datePublished":"2025-08-06T13:55:05+00:00","dateModified":"2025-08-06T14:47:57+00:00","description":"D\u00e9couvrez comment Tori utilise l'IA pour optimiser vos investissements : obtenez des points de vue, des analyses de portefeuille et des conseils intelligents, le tout sur eToro.","breadcrumb":{"@id":"https:\/\/www.etoro.com\/fr\/trading\/platforms\/tori\/#breadcrumb"},"inLanguage":"fr","potentialAction":[{"@type":"ReadAction","target":["https:\/\/www.etoro.com\/fr\/trading\/platforms\/tori\/"]}]},{"@type":"ImageObject","inLanguage":"fr","@id":"https:\/\/www.etoro.com\/fr\/trading\/platforms\/tori\/#primaryimage","url":"https:\/\/www.etoro.com\/wp-content\/uploads\/2025\/08\/Tori_Featured-image-1200x630-1.png","contentUrl":"https:\/\/www.etoro.com\/wp-content\/uploads\/2025\/08\/Tori_Featured-image-1200x630-1.png","width":1200,"height":630},{"@type":"BreadcrumbList","@id":"https:\/\/www.etoro.com\/fr\/trading\/platforms\/tori\/#breadcrumb","itemListElement":[{"@type":"ListItem","position":1,"name":"Accueil","item":"https:\/\/www.etoro.com\/fr\/"},{"@type":"ListItem","position":2,"name":"TRADING","item":"https:\/\/www.etoro.com\/fr\/trading\/"},{"@type":"ListItem","position":3,"name":"PLATEFORMES - Historique","item":"https:\/\/www.etoro.com\/fr\/trading\/platforms\/"},{"@type":"ListItem","position":4,"name":"Tori"}]},{"@type":"WebSite","@id":"https:\/\/www.etoro.com\/fr\/#website","url":"https:\/\/www.etoro.com\/fr\/","name":"eToro","description":"","publisher":{"@id":"https:\/\/www.etoro.com\/fr\/#organization"},"potentialAction":[{"@type":"SearchAction","target":{"@type":"EntryPoint","urlTemplate":"https:\/\/www.etoro.com\/fr\/?s={search_term_string}"},"query-input":{"@type":"PropertyValueSpecification","valueRequired":true,"valueName":"search_term_string"}}],"inLanguage":"fr"},[]]}},"_links":{"self":[{"href":"https:\/\/www.etoro.com\/fr\/wp-json\/wp\/v2\/pages\/1115547"}],"collection":[{"href":"https:\/\/www.etoro.com\/fr\/wp-json\/wp\/v2\/pages"}],"about":[{"href":"https:\/\/www.etoro.com\/fr\/wp-json\/wp\/v2\/types\/page"}],"author":[{"embeddable":true,"href":"https:\/\/www.etoro.com\/fr\/wp-json\/wp\/v2\/users\/75"}],"replies":[{"embeddable":true,"href":"https:\/\/www.etoro.com\/fr\/wp-json\/wp\/v2\/comments?post=1115547"}],"version-history":[{"count":0,"href":"https:\/\/www.etoro.com\/fr\/wp-json\/wp\/v2\/pages\/1115547\/revisions"}],"up":[{"embeddable":true,"href":"https:\/\/www.etoro.com\/fr\/wp-json\/wp\/v2\/pages\/9385"}],"wp:featuredmedia":[{"embeddable":true,"href":"https:\/\/www.etoro.com\/fr\/wp-json\/wp\/v2\/media\/1112843"}],"wp:attachment":[{"href":"https:\/\/www.etoro.com\/fr\/wp-json\/wp\/v2\/media?parent=1115547"}],"wp:term":[{"taxonomy":"asset_type","embeddable":true,"href":"https:\/\/www.etoro.com\/fr\/wp-json\/wp\/v2\/asset_type?post=1115547"}],"curies":[{"name":"wp","href":"https:\/\/api.w.org\/{rel}","templated":true}]}}