{"id":1182291,"date":"2025-09-03T20:10:12","date_gmt":"2025-09-03T17:10:12","guid":{"rendered":"https:\/\/www.etoro.com\/investing\/exploring-4-etfs-on-etoro-for-your-2025-portfolio\/"},"modified":"2025-12-04T14:38:33","modified_gmt":"2025-12-04T12:38:33","slug":"exploring-4-etfs-on-etoro-for-your-2025-portfolio","status":"publish","type":"page","link":"https:\/\/www.etoro.com\/fr\/investing\/exploring-4-etfs-on-etoro-for-your-2025-portfolio\/","title":{"rendered":"Guide ETF du second semestre : principaux fonds \u00e0 surveiller"},"content":{"rendered":"\n<p>Les ETF (fonds n\u00e9goci\u00e9s en bourse, Exchange-Traded Funds) restent une option populaire pour ceux qui cherchent \u00e0 diversifier leur portefeuille. <strong>Que vous soyez nouveau sur les march\u00e9s ou que vous ayez de l\u2019exp\u00e9rience en mati\u00e8re d\u2019investissement, les ETF vous permettent d\u2019obtenir une exposition large ou cibl\u00e9e \u00e0 des classes d\u2019actifs, des secteurs ou des th\u00e8mes sp\u00e9cifiques.<\/strong><\/p>\n\n\n\n<p>Sur eToro, les investisseurs ont acc\u00e8s \u00e0 un large \u00e9ventail d\u2019ETF et peuvent d\u00e9couvrir diff\u00e9rentes strat\u00e9gies d\u2019investissement, notamment l\u2019investissement fractionn\u00e9 et les analyses issues de la communaut\u00e9 gr\u00e2ce aux fonctionnalit\u00e9s de trading social.<\/p>\n\n\n\n<p>Vous trouverez ci-dessous quatre ETF qui ont attir\u00e9 l&#8217;attention pour leur exposition aux tendances et aux th\u00e8mes cl\u00e9s du march\u00e9 :<\/p>\n\n\n\n<h2 class=\"wp-block-heading\">1. iShares Bitcoin Trust (IBIT)<\/h2>\n\n\n\n<p><strong>Secteur :<\/strong> bitcoin et actifs num\u00e9riques<\/p>\n\n\n\n<p><strong>Qu&#8217;est-ce que c&#8217;est :<\/strong> IBIT est une structure de confiance qui d\u00e9tient directement des bitcoins, con\u00e7ue pour permettre aux investisseurs de suivre les mouvements de prix du bitcoin sans g\u00e9rer de cl\u00e9s priv\u00e9es ou de crypto wallets.<\/p>\n\n\n\n<p><strong>Consid\u00e9rations cl\u00e9s :<\/strong> l&#8217;IBIT offre une voie vers l&#8217;exposition aux actifs num\u00e9riques au sein des comptes de courtage traditionnels. Cette structure pourrait plaire aux investisseurs int\u00e9ress\u00e9s par le march\u00e9 des cryptos sans s&#8217;engager dans les bourses de cryptos. Il est important de noter que le bitcoin reste une classe d&#8217;actifs tr\u00e8s volatile et que les investisseurs potentiels doivent prendre la mesure des risques associ\u00e9s et comprendre le contexte r\u00e9glementaire.<\/p>\n\n\n\n<div class=\"wp-block-buttons is-layout-flex wp-block-buttons-is-layout-flex\">\n<a class=\"e-cta e-cta-primary\" href=\"https:\/\/etoro.onelink.me\/2615279504\" rel=\"nofollow noopener noreferrer\"  rel=\"nofollow noopener noreferrer\"  rel=\"nofollow noopener noreferrer\"  rel=\"nofollow noopener noreferrer\"  rel=\"nofollow noopener noreferrer\" ><strong>Investissez dans IBIT sur l&#8217;application eToro<\/strong><\/a>\n<\/div>\n\n\n\n<h2 class=\"wp-block-heading\">2. ETF Global X Robotics &amp; Intelligence Artificielle (BOTZ)<\/h2>\n\n\n\n<p><strong>Secteur :<\/strong> IA et robotique<\/p>\n\n\n\n<p><strong>Qu&#8217;est-ce que c&#8217;est :<\/strong> BOTZ offre une exposition aux entreprises impliqu\u00e9es dans la robotique, l&#8217;automatisation et le d\u00e9veloppement de l&#8217;IA. Les participations comprennent des entreprises qui fabriquent des robots industriels, d\u00e9veloppent des logiciels d&#8217;IA et plus encore.<\/p>\n\n\n\n<p><strong>Consid\u00e9rations cl\u00e9s :<\/strong> le fonds suit les entreprises qui s&#8217;inscrivent dans la tendance g\u00e9n\u00e9rale \u00e0 l&#8217;automatisation et \u00e0 l&#8217;innovation technologique. La valeur d&#8217;une telle exposition d\u00e9pend de divers facteurs, notamment les taux d&#8217;adoption de la technologie, la dynamique concurrentielle et les cycles \u00e9conomiques.<\/p>\n\n\n\n<div class=\"wp-block-buttons is-layout-flex wp-block-buttons-is-layout-flex\">\n<a class=\"e-cta e-cta-primary\" href=\"https:\/\/etoro.onelink.me\/2615279504\" rel=\"nofollow noopener noreferrer\"  rel=\"nofollow noopener noreferrer\"  rel=\"nofollow noopener noreferrer\"  rel=\"nofollow noopener noreferrer\"  rel=\"nofollow noopener noreferrer\" >Investissez dans BOTZ sur l&#8217;application eToro<\/a>\n<\/div>\n\n\n\n<h2 class=\"wp-block-heading\">3. ETF Vanguard Total Stock Market (VTI)<\/h2>\n\n\n\n<p><strong>Secteur :<\/strong> Actions am\u00e9ricaines au sens large<\/p>\n\n\n\n<p><strong>Qu&#8217;est-ce que c&#8217;est :<\/strong> le VTI cherche \u00e0 refl\u00e9ter la performance de l&#8217;ensemble du march\u00e9 boursier am\u00e9ricain, en couvrant les grandes, moyennes, petites et micro-capitalisations des entreprises de divers secteurs.<\/p>\n\n\n\n<p><strong>Consid\u00e9rations cl\u00e9s :<\/strong> cet ETF peut \u00eatre utilis\u00e9 par les investisseurs qui recherchent une repr\u00e9sentation large des actions am\u00e9ricaines. Sa nature diversifi\u00e9e peut int\u00e9resser ceux qui recherchent un fonds unique couvrant plusieurs segments du march\u00e9. La performance du march\u00e9 et la composition du fonds s\u2019ajusteront au fil du temps en fonction des conditions \u00e9conomiques am\u00e9ricaines et des m\u00e9thodologies indicielles.<\/p>\n\n\n\n<div class=\"wp-block-buttons is-layout-flex wp-block-buttons-is-layout-flex\">\n<a class=\"e-cta e-cta-primary\" href=\"https:\/\/etoro.onelink.me\/2615279504\" rel=\"nofollow noopener noreferrer\"  rel=\"nofollow noopener noreferrer\"  rel=\"nofollow noopener noreferrer\"  rel=\"nofollow noopener noreferrer\"  rel=\"nofollow noopener noreferrer\" >Investissez dans VTI sur l&#8217;application eToro<\/a>\n<\/div>\n\n\n\n<h2 class=\"wp-block-heading\">4. iShares MSCI Eurozone ETF (EZU)<\/h2>\n\n\n\n<p><strong>Secteur :<\/strong> actions de la zone euro d\u00e9velopp\u00e9e<\/p>\n\n\n\n<p><strong>Qu&#8217;est-ce que c&#8217;est ? :<\/strong> EZU suit un indice compos\u00e9 de soci\u00e9t\u00e9s \u00e0 grande et moyenne capitalisation dans les pays de la zone euro, offrant une exposition aux entreprises d&#8217;Allemagne, de France, d&#8217;Espagne et d&#8217;autres pays.<\/p>\n\n\n\n<p><strong>Consid\u00e9rations cl\u00e9s :<\/strong> EZU peut servir d&#8217;outil de diversification g\u00e9ographique pour ceux qui ont une exposition concentr\u00e9e aux actifs am\u00e9ricains. Les mouvements de devises, la politique r\u00e9gionale et les \u00e9volutions macro\u00e9conomiques en Europe peuvent tous influencer la performance du fonds.<\/p>\n\n\n\n<div class=\"wp-block-buttons is-layout-flex wp-block-buttons-is-layout-flex\">\n<a class=\"e-cta e-cta-primary\" href=\"https:\/\/etoro.onelink.me\/2615279504\" rel=\"nofollow noopener noreferrer\"  rel=\"nofollow noopener noreferrer\"  rel=\"nofollow noopener noreferrer\"  rel=\"nofollow noopener noreferrer\"  rel=\"nofollow noopener noreferrer\" >Investissez dans EZU sur l&#8217;application eToro<\/a>\n<\/div>\n\n\n\n<h2 class=\"wp-block-heading\"><br><strong>Outils et fonctionnalit\u00e9s sur eToro<\/strong><\/h2>\n\n\n\n<p>Si les ETF sont disponibles sur de nombreuses plateformes, eToro propose plusieurs fonctionnalit\u00e9s con\u00e7ues pour faciliter la prise de d\u00e9cision des investisseurs :<\/p>\n\n\n\n<ul class=\"wp-block-list wp-block-list wp-block-list-circle\">\n<li><strong>Investissement fractionn\u00e9 :<\/strong> acc\u00e9dez \u00e0 une exposition aux ETF, quel que soit le prix total de l\u2019action.<br><\/li>\n\n\n\n<li><strong>Analyses de la communaut\u00e9 :<\/strong> la plateforme eToro int\u00e8gre le sentiment et l\u2019activit\u00e9 en temps r\u00e9el des investisseurs du monde entier, permettant aux utilisateurs de rester inform\u00e9s sur les tendances de march\u00e9.<br><\/li>\n<\/ul>\n\n\n\n<p>Comme pour tout investissement, les ETF comportent des risques. Leur valeur peut fluctuer en fonction des conditions du march\u00e9, et des facteurs tels que la liquidit\u00e9, la pr\u00e9cision du suivi et l\u2019exposition aux devises peuvent avoir un impact sur les performances. Il est important de comprendre le fonctionnement d\u2019un ETF et de prendre en compte vos objectifs financiers avant d\u2019investir. Assurez-vous d\u2019en savoir plus sur l\u2019ETF sp\u00e9cifique, sa structure et les risques associ\u00e9s afin de prendre des d\u00e9cisions \u00e9clair\u00e9es.<\/p>\n\n\n\n<div class=\"wp-block-buttons is-layout-flex wp-block-buttons-is-layout-flex\">\n<a class=\"e-cta e-cta-primary\" href=\"https:\/\/etoro.onelink.me\/2615279504\" rel=\"nofollow noopener noreferrer\"  rel=\"nofollow noopener noreferrer\"  rel=\"nofollow noopener noreferrer\"  rel=\"nofollow noopener noreferrer\"  rel=\"nofollow noopener noreferrer\" >Investir dans des ETF sur l&#8217;application eToro<\/a>\n<\/div>\n\n\n\n<p><strong>46% des comptes d&#8217;investisseurs particuliers perdent de l&#8217;argent lors de la n\u00e9gociation de CFD avec ce fournisseur. Vous devriez consid\u00e9rer si vous pouvez vous permettre de prendre le risque \u00e9lev\u00e9 de perdre votre argent.<\/strong><\/p>\n\n\n\n<section class=\"wp-block-group wp-block-group-full\"><div class=\"wp-block-group-inner is-layout-flow wp-block-group-is-layout-flow\">\n<div class=\"wp-block-columns are-vertically-aligned-top wp-block-columns-1 is-layout-flex wp-container-core-columns-is-layout-1 wp-block-columns-is-layout-flex\">\n<div class=\"wp-block-column is-layout-flow wp-block-column-is-layout-flow\">\n<p class=\"is-style-disclaimer\">eToro est une plateforme d\u2019investissement multi-actifs. Le CopyTrading ne constitue pas un conseil en investissement. La valeur de vos investissements peut augmenter ou diminuer. Votre capital est \u00e0 risque.<\/p>\n\n\n\n<p class=\"is-style-disclaimer\">Cette communication est fournie \u00e0 des fins d\u2019information et d\u2019\u00e9ducation uniquement et ne doit pas \u00eatre consid\u00e9r\u00e9e comme un conseil en investissement, une recommandation personnalis\u00e9e, ni comme une offre ou une sollicitation d&#8217;achat ou de vente d\u2019instruments financiers. Ce document a \u00e9t\u00e9 pr\u00e9par\u00e9 sans tenir compte des objectifs d\u2019investissement ou de la situation financi\u00e8re d\u2019un destinataire particulier, et n\u2019a pas \u00e9t\u00e9 \u00e9labor\u00e9 conform\u00e9ment aux exigences l\u00e9gales et r\u00e9glementaires visant \u00e0 promouvoir une recherche ind\u00e9pendante. Toute r\u00e9f\u00e9rence \u00e0 des performances pass\u00e9es ou futures d\u2019un instrument financier, d\u2019un indice ou d\u2019un produit d\u2019investissement structur\u00e9 n\u2019est pas, et ne doit pas \u00eatre consid\u00e9r\u00e9e comme, un indicateur fiable des r\u00e9sultats futurs. eToro ne fait aucune d\u00e9claration et n\u2019assume aucune responsabilit\u00e9 quant \u00e0 l\u2019exactitude ou l\u2019exhaustivit\u00e9 du contenu de cette publication.<\/p>\n<\/div>\n<\/div>\n\n\n\n<p class=\"has-text-align-center is-style-disclaimer\"><\/p>\n<\/div><\/section>\n","protected":false},"excerpt":{"rendered":"<p>Les ETF (fonds n\u00e9goci\u00e9s en bourse, Exchange-Traded Funds) restent une option populaire pour ceux qui cherchent \u00e0 diversifier leur portefeuille. Que vous soyez nouveau sur les march\u00e9s ou que vous ayez de l\u2019exp\u00e9rience en mati\u00e8re d\u2019investissement, les ETF vous permettent d\u2019obtenir une exposition large ou cibl\u00e9e \u00e0 des classes d\u2019actifs, des secteurs ou des th\u00e8mes&hellip;<\/p>\n","protected":false},"author":127,"featured_media":0,"parent":19763,"menu_order":0,"comment_status":"closed","ping_status":"closed","template":"templates\/taboola.php","meta":{"_acf_changed":true,"inline_featured_image":false,"sticky_cta_settings":"","footnotes":""},"asset_type":[],"class_list":["post-1182291","page","type-page","status-publish","hentry"],"acf":[],"yoast_head":"<title>D\u00e9couvrir 4 ETF sur eToro pour votre portefeuille 2025<\/title>\n<meta name=\"description\" content=\"Les ETF (fonds n\u00e9goci\u00e9s en bourse) restent une option pris\u00e9e pour ceux qui souhaitent diversifier leur portefeuille. Que vous d\u00e9butiez sur les march\u00e9s ou que vous ayez d\u00e9j\u00e0 de l\u2019exp\u00e9rience en investissement, les ETF offrent un moyen d\u2019acc\u00e9der \u00e0 une exposition large ou cibl\u00e9e \u00e0 certaines classes d\u2019actifs, \u00e0 des secteurs sp\u00e9cifiques ou \u00e0 des th\u00e9matiques pr\u00e9cises.Sur eToro, les utilisateurs peuvent acc\u00e9der \u00e0 un large choix d\u2019ETF et explorer diff\u00e9rentes strat\u00e9gies d\u2019investissement, notamment l\u2019investissement fractionn\u00e9 ainsi que les informations issues de la communaut\u00e9 gr\u00e2ce aux fonctionnalit\u00e9s de trading social.Voici quatre ETF qui ont suscit\u00e9 l\u2019int\u00e9r\u00eat pour leur exposition \u00e0 des tendances et th\u00e9matiques cl\u00e9s du march\u00e9\" \/>\n<meta name=\"robots\" content=\"noindex, follow\" \/>\n<meta property=\"og:locale\" content=\"fr_FR\" \/>\n<meta property=\"og:type\" content=\"article\" \/>\n<meta property=\"og:title\" content=\"D\u00e9couvrir 4 ETF sur eToro pour votre portefeuille 2025\" \/>\n<meta property=\"og:description\" content=\"Les ETF (fonds n\u00e9goci\u00e9s en bourse) restent une option pris\u00e9e pour ceux qui souhaitent diversifier leur portefeuille. Que vous d\u00e9butiez sur les march\u00e9s ou que vous ayez d\u00e9j\u00e0 de l\u2019exp\u00e9rience en investissement, les ETF offrent un moyen d\u2019acc\u00e9der \u00e0 une exposition large ou cibl\u00e9e \u00e0 certaines classes d\u2019actifs, \u00e0 des secteurs sp\u00e9cifiques ou \u00e0 des th\u00e9matiques pr\u00e9cises.Sur eToro, les utilisateurs peuvent acc\u00e9der \u00e0 un large choix d\u2019ETF et explorer diff\u00e9rentes strat\u00e9gies d\u2019investissement, notamment l\u2019investissement fractionn\u00e9 ainsi que les informations issues de la communaut\u00e9 gr\u00e2ce aux fonctionnalit\u00e9s de trading social.Voici quatre ETF qui ont suscit\u00e9 l\u2019int\u00e9r\u00eat pour leur exposition \u00e0 des tendances et th\u00e9matiques cl\u00e9s du march\u00e9\" \/>\n<meta property=\"og:url\" content=\"https:\/\/www.etoro.com\/fr\/wp-json\/wp\/v2\/pages\/1182291\" \/>\n<meta property=\"og:site_name\" content=\"eToro\" \/>\n<meta property=\"article:publisher\" content=\"https:\/\/www.facebook.com\/eToro\/\" \/>\n<meta property=\"article:modified_time\" content=\"2025-12-04T12:38:33+00:00\" \/>\n<meta property=\"og:image\" content=\"https:\/\/www.etoro.com\/wp-content\/uploads\/2019\/12\/etoro_logo_social_share1.png\" \/>\n\t<meta property=\"og:image:width\" content=\"240\" \/>\n\t<meta property=\"og:image:height\" content=\"240\" \/>\n\t<meta property=\"og:image:type\" content=\"image\/png\" \/>\n<meta name=\"twitter:card\" content=\"summary_large_image\" \/>\n<meta name=\"twitter:site\" content=\"@eToro\" \/>\n<meta name=\"twitter:label1\" content=\"Est. reading time\" \/>\n\t<meta name=\"twitter:data1\" content=\"5 minutes\" \/>\n<script type=\"application\/ld+json\" class=\"yoast-schema-graph\">{\"@context\":\"https:\/\/schema.org\",\"@graph\":[{\"@type\":\"WebPage\",\"@id\":\"https:\/\/www.etoro.com\/fr\/investing\/exploring-4-etfs-on-etoro-for-your-2025-portfolio\/\",\"url\":\"https:\/\/www.etoro.com\/fr\/investing\/exploring-4-etfs-on-etoro-for-your-2025-portfolio\/\",\"name\":\"D\u00e9couvrir 4 ETF sur eToro pour votre portefeuille 2025\",\"isPartOf\":{\"@id\":\"https:\/\/www.etoro.com\/fr\/#website\"},\"datePublished\":\"2025-09-03T17:10:12+00:00\",\"dateModified\":\"2025-12-04T12:38:33+00:00\",\"description\":\"Les ETF (fonds n\u00e9goci\u00e9s en bourse) restent une option pris\u00e9e pour ceux qui souhaitent diversifier leur portefeuille. Que vous d\u00e9butiez sur les march\u00e9s ou que vous ayez d\u00e9j\u00e0 de l\u2019exp\u00e9rience en investissement, les ETF offrent un moyen d\u2019acc\u00e9der \u00e0 une exposition large ou cibl\u00e9e \u00e0 certaines classes d\u2019actifs, \u00e0 des secteurs sp\u00e9cifiques ou \u00e0 des th\u00e9matiques pr\u00e9cises.Sur eToro, les utilisateurs peuvent acc\u00e9der \u00e0 un large choix d\u2019ETF et explorer diff\u00e9rentes strat\u00e9gies d\u2019investissement, notamment l\u2019investissement fractionn\u00e9 ainsi que les informations issues de la communaut\u00e9 gr\u00e2ce aux fonctionnalit\u00e9s de trading social.Voici quatre ETF qui ont suscit\u00e9 l\u2019int\u00e9r\u00eat pour leur exposition \u00e0 des tendances et th\u00e9matiques cl\u00e9s du march\u00e9\",\"breadcrumb\":{\"@id\":\"https:\/\/www.etoro.com\/fr\/investing\/exploring-4-etfs-on-etoro-for-your-2025-portfolio\/#breadcrumb\"},\"inLanguage\":\"fr\",\"potentialAction\":[{\"@type\":\"ReadAction\",\"target\":[\"https:\/\/www.etoro.com\/fr\/investing\/exploring-4-etfs-on-etoro-for-your-2025-portfolio\/\"]}]},{\"@type\":\"BreadcrumbList\",\"@id\":\"https:\/\/www.etoro.com\/fr\/investing\/exploring-4-etfs-on-etoro-for-your-2025-portfolio\/#breadcrumb\",\"itemListElement\":[{\"@type\":\"ListItem\",\"position\":1,\"name\":\"Accueil\",\"item\":\"https:\/\/www.etoro.com\/fr\/\"},{\"@type\":\"ListItem\",\"position\":2,\"name\":\"Investir\",\"item\":\"https:\/\/www.etoro.com\/fr\/investing\/\"},{\"@type\":\"ListItem\",\"position\":3,\"name\":\"Guide ETF du second semestre : principaux fonds \u00e0 surveiller\"}]},{\"@type\":\"WebSite\",\"@id\":\"https:\/\/www.etoro.com\/fr\/#website\",\"url\":\"https:\/\/www.etoro.com\/fr\/\",\"name\":\"eToro\",\"description\":\"\",\"publisher\":{\"@id\":\"https:\/\/www.etoro.com\/fr\/#organization\"},\"potentialAction\":[{\"@type\":\"SearchAction\",\"target\":{\"@type\":\"EntryPoint\",\"urlTemplate\":\"https:\/\/www.etoro.com\/fr\/?s={search_term_string}\"},\"query-input\":{\"@type\":\"PropertyValueSpecification\",\"valueRequired\":true,\"valueName\":\"search_term_string\"}}],\"inLanguage\":\"fr\"},[]]}<\/script>","yoast_head_json":{"title":"D\u00e9couvrir 4 ETF sur eToro pour votre portefeuille 2025","description":"Les ETF (fonds n\u00e9goci\u00e9s en bourse) restent une option pris\u00e9e pour ceux qui souhaitent diversifier leur portefeuille. Que vous d\u00e9butiez sur les march\u00e9s ou que vous ayez d\u00e9j\u00e0 de l\u2019exp\u00e9rience en investissement, les ETF offrent un moyen d\u2019acc\u00e9der \u00e0 une exposition large ou cibl\u00e9e \u00e0 certaines classes d\u2019actifs, \u00e0 des secteurs sp\u00e9cifiques ou \u00e0 des th\u00e9matiques pr\u00e9cises.Sur eToro, les utilisateurs peuvent acc\u00e9der \u00e0 un large choix d\u2019ETF et explorer diff\u00e9rentes strat\u00e9gies d\u2019investissement, notamment l\u2019investissement fractionn\u00e9 ainsi que les informations issues de la communaut\u00e9 gr\u00e2ce aux fonctionnalit\u00e9s de trading social.Voici quatre ETF qui ont suscit\u00e9 l\u2019int\u00e9r\u00eat pour leur exposition \u00e0 des tendances et th\u00e9matiques cl\u00e9s du march\u00e9","robots":{"index":"noindex","follow":"follow"},"og_locale":"fr_FR","og_type":"article","og_title":"D\u00e9couvrir 4 ETF sur eToro pour votre portefeuille 2025","og_description":"Les ETF (fonds n\u00e9goci\u00e9s en bourse) restent une option pris\u00e9e pour ceux qui souhaitent diversifier leur portefeuille. Que vous d\u00e9butiez sur les march\u00e9s ou que vous ayez d\u00e9j\u00e0 de l\u2019exp\u00e9rience en investissement, les ETF offrent un moyen d\u2019acc\u00e9der \u00e0 une exposition large ou cibl\u00e9e \u00e0 certaines classes d\u2019actifs, \u00e0 des secteurs sp\u00e9cifiques ou \u00e0 des th\u00e9matiques pr\u00e9cises.Sur eToro, les utilisateurs peuvent acc\u00e9der \u00e0 un large choix d\u2019ETF et explorer diff\u00e9rentes strat\u00e9gies d\u2019investissement, notamment l\u2019investissement fractionn\u00e9 ainsi que les informations issues de la communaut\u00e9 gr\u00e2ce aux fonctionnalit\u00e9s de trading social.Voici quatre ETF qui ont suscit\u00e9 l\u2019int\u00e9r\u00eat pour leur exposition \u00e0 des tendances et th\u00e9matiques cl\u00e9s du march\u00e9","og_url":"https:\/\/www.etoro.com\/fr\/wp-json\/wp\/v2\/pages\/1182291","og_site_name":"eToro","article_publisher":"https:\/\/www.facebook.com\/eToro\/","article_modified_time":"2025-12-04T12:38:33+00:00","og_image":[{"width":240,"height":240,"url":"https:\/\/www.etoro.com\/wp-content\/uploads\/2019\/12\/etoro_logo_social_share1.png","type":"image\/png"}],"twitter_card":"summary_large_image","twitter_site":"@eToro","twitter_misc":{"Est. reading time":"5 minutes"},"schema":{"@context":"https:\/\/schema.org","@graph":[{"@type":"WebPage","@id":"https:\/\/www.etoro.com\/fr\/investing\/exploring-4-etfs-on-etoro-for-your-2025-portfolio\/","url":"https:\/\/www.etoro.com\/fr\/investing\/exploring-4-etfs-on-etoro-for-your-2025-portfolio\/","name":"D\u00e9couvrir 4 ETF sur eToro pour votre portefeuille 2025","isPartOf":{"@id":"https:\/\/www.etoro.com\/fr\/#website"},"datePublished":"2025-09-03T17:10:12+00:00","dateModified":"2025-12-04T12:38:33+00:00","description":"Les ETF (fonds n\u00e9goci\u00e9s en bourse) restent une option pris\u00e9e pour ceux qui souhaitent diversifier leur portefeuille. Que vous d\u00e9butiez sur les march\u00e9s ou que vous ayez d\u00e9j\u00e0 de l\u2019exp\u00e9rience en investissement, les ETF offrent un moyen d\u2019acc\u00e9der \u00e0 une exposition large ou cibl\u00e9e \u00e0 certaines classes d\u2019actifs, \u00e0 des secteurs sp\u00e9cifiques ou \u00e0 des th\u00e9matiques pr\u00e9cises.Sur eToro, les utilisateurs peuvent acc\u00e9der \u00e0 un large choix d\u2019ETF et explorer diff\u00e9rentes strat\u00e9gies d\u2019investissement, notamment l\u2019investissement fractionn\u00e9 ainsi que les informations issues de la communaut\u00e9 gr\u00e2ce aux fonctionnalit\u00e9s de trading social.Voici quatre ETF qui ont suscit\u00e9 l\u2019int\u00e9r\u00eat pour leur exposition \u00e0 des tendances et th\u00e9matiques cl\u00e9s du march\u00e9","breadcrumb":{"@id":"https:\/\/www.etoro.com\/fr\/investing\/exploring-4-etfs-on-etoro-for-your-2025-portfolio\/#breadcrumb"},"inLanguage":"fr","potentialAction":[{"@type":"ReadAction","target":["https:\/\/www.etoro.com\/fr\/investing\/exploring-4-etfs-on-etoro-for-your-2025-portfolio\/"]}]},{"@type":"BreadcrumbList","@id":"https:\/\/www.etoro.com\/fr\/investing\/exploring-4-etfs-on-etoro-for-your-2025-portfolio\/#breadcrumb","itemListElement":[{"@type":"ListItem","position":1,"name":"Accueil","item":"https:\/\/www.etoro.com\/fr\/"},{"@type":"ListItem","position":2,"name":"Investir","item":"https:\/\/www.etoro.com\/fr\/investing\/"},{"@type":"ListItem","position":3,"name":"Guide ETF du second semestre : principaux fonds \u00e0 surveiller"}]},{"@type":"WebSite","@id":"https:\/\/www.etoro.com\/fr\/#website","url":"https:\/\/www.etoro.com\/fr\/","name":"eToro","description":"","publisher":{"@id":"https:\/\/www.etoro.com\/fr\/#organization"},"potentialAction":[{"@type":"SearchAction","target":{"@type":"EntryPoint","urlTemplate":"https:\/\/www.etoro.com\/fr\/?s={search_term_string}"},"query-input":{"@type":"PropertyValueSpecification","valueRequired":true,"valueName":"search_term_string"}}],"inLanguage":"fr"},[]]}},"_links":{"self":[{"href":"https:\/\/www.etoro.com\/fr\/wp-json\/wp\/v2\/pages\/1182291"}],"collection":[{"href":"https:\/\/www.etoro.com\/fr\/wp-json\/wp\/v2\/pages"}],"about":[{"href":"https:\/\/www.etoro.com\/fr\/wp-json\/wp\/v2\/types\/page"}],"author":[{"embeddable":true,"href":"https:\/\/www.etoro.com\/fr\/wp-json\/wp\/v2\/users\/127"}],"replies":[{"embeddable":true,"href":"https:\/\/www.etoro.com\/fr\/wp-json\/wp\/v2\/comments?post=1182291"}],"version-history":[{"count":0,"href":"https:\/\/www.etoro.com\/fr\/wp-json\/wp\/v2\/pages\/1182291\/revisions"}],"up":[{"embeddable":true,"href":"https:\/\/www.etoro.com\/fr\/wp-json\/wp\/v2\/pages\/19763"}],"wp:attachment":[{"href":"https:\/\/www.etoro.com\/fr\/wp-json\/wp\/v2\/media?parent=1182291"}],"wp:term":[{"taxonomy":"asset_type","embeddable":true,"href":"https:\/\/www.etoro.com\/fr\/wp-json\/wp\/v2\/asset_type?post=1182291"}],"curies":[{"name":"wp","href":"https:\/\/api.w.org\/{rel}","templated":true}]}}