{"id":159353,"date":"2020-10-01T12:22:41","date_gmt":"2020-10-01T09:22:41","guid":{"rendered":"http:\/\/www.etoro.com\/?page_id=159353"},"modified":"2024-08-12T17:35:12","modified_gmt":"2024-08-12T14:35:12","slug":"investment-time-machine","status":"publish","type":"page","link":"https:\/\/www.etoro.com\/fr\/stocks\/investment-time-machine\/","title":{"rendered":"La Machine \u00c0 Investir Dans Le Temps d\u2019eToro"},"content":{"rendered":"<p>En 1976, Ronald Wayne a vendu 10 % de ses actions dans Apple pour 800 dollars. Aujourd&#8217;hui, le g\u00e9ant technologique a une capitalisation boursi\u00e8re de 2000 milliards de dollars. Si Ronald avait maintenu sa participation, elle vaudrait aujourd&#8217;hui la modique somme de 200 milliards de dollars.<\/p>\n<p>Pour les deux autres cofondateurs qui l&#8217;ont rachet\u00e9, ces 800 dollars valaient 177,8 millions de dollars lorsque la soci\u00e9t\u00e9 a \u00e9t\u00e9 introduite en bourse quatre ans plus tard, soit un rendement de 22 224 900 %.<\/p>\n<h2>Que feriez-vous avec une machine \u00e0 remonter le temps ?<\/h2>\n<p>Vous \u00eates-vous d\u00e9j\u00e0 demand\u00e9 comment vos d\u00e9cisions d&#8217;investissement auraient pu \u00eatre prises si vous aviez investi \u00e0 un autre moment, si vous aviez tenu plus longtemps ou si vous aviez fait d&#8217;autres choix ? C&#8217;est le moment de le d\u00e9couvrir !<\/p>\n<h2>Comment utiliser la machine \u00e0 remonter le temps<\/h2>\n<p>Remontez dans le temps avec l&#8217;Investment Time Machine d&#8217;eToro, et d\u00e9couvrez ce qu&#8217;un investissement en actions de 1000 dollars \u00e0 l&#8217;\u00e9poque pouvait valoir aujourd&#8217;hui.<\/p>\n<ol>\n<li>S\u00e9lectionnez la premi\u00e8re action de votre portefeuille. Programmez la machine \u00e0 remonter le temps avec la date d&#8217;investissement \u00e0 laquelle vous souhaitez revenir.<\/li>\n<li>Utilisez le curseur pour s\u00e9lectionner la part de votre investissement de 1000 $ \u00e0 allouer. Si vous disposez d&#8217;un capital restant, choisissez des actions suppl\u00e9mentaires pour le r\u00e9partir.<\/li>\n<li>Voyagez dans le temps !<\/li>\n<li>Cliquez sur chaque action pour voir comment elle a \u00e9volu\u00e9e. Partagez votre r\u00e9sultat sur vos r\u00e9seaux sociaux et d\u00e9couvrez \u00e0 quelle date vos amis et votre famille se rendraient.<\/li>\n<\/ol>\n<div id=\"etoro_itm\" class=\"etoro_itm\"><iframe src=\"https:\/\/itm.drench-development.com\/#\/fr\"><\/iframe><\/div>\n<p style=\"text-align: center;\">Les performances pass\u00e9es ne sont pas un indicateur fiable des r\u00e9sultats futurs<\/p>\n<h2>Investissez dans les marques que vous aimez<\/h2>\n<p>Les cas comme celui d&#8217;<a href=\"https:\/\/www.etoro.com\/fr\/markets\/aapl\" target=\"_blank\" rel=\"noopener noreferrer\">Apple<\/a> sont l&#8217;exception plut\u00f4t que la r\u00e8gle. \u00c0 ses d\u00e9buts, la plupart d&#8217;entre nous auraient eu besoin d&#8217;une boule de cristal pour investir avec conviction dans ce qui \u00e9tait alors l&#8217;outsider d&#8217;une tr\u00e8s jeune industrie. \u00c0 cette \u00e9poque, un smartphone \u00e9tait quelque chose qui appartenait \u00e0 l\u2019univers Star Trek, pas \u00e0 <a href=\"https:\/\/www.etoro.com\/fr\/markets\/sbux\" target=\"_blank\" rel=\"noopener noreferrer\">Starbucks<\/a>.<\/p>\n<p>Mais vous n&#8217;avez pas besoin d&#8217;une boule de cristal (ou d&#8217;une machine \u00e0 voyager dans le temps) pour atteindre vos objectifs d&#8217;investissement. La meilleure strat\u00e9gie d&#8217;investissement pour l&#8217;investisseur moyen sera toujours de se concentrer sur les entreprises que vous connaissez et dont vous pensez qu&#8217;elles conna\u00eetront un succ\u00e8s \u00e0 long terme. Nous avons aujourd&#8217;hui un acc\u00e8s plus large que jamais aux march\u00e9s financiers. Nous ne sommes peut-\u00eatre pas en mesure de rep\u00e9rer le prochain Apple, mais nous connaissons les marques que nous appr\u00e9cions et avec lesquelles nous nous engageons au quotidien, et il n&#8217;a jamais \u00e9t\u00e9 aussi facile d&#8217;investir dans celles-ci.<\/p>\n<p><img loading=\"lazy\" decoding=\"async\" class=\"alignnone wp-image-99143 size-full\" src=\"\/wp-content\/uploads\/2020\/09\/mid-img-grey-1.jpg\" alt=\"Invest in the brands you love\" width=\"1920\" height=\"609\" \/><\/p>\n<h2>Acheter des actions sans commission sur eToro<\/h2>\n<p>La plupart des courtiers traditionnels pr\u00e9l\u00e8vent une commission lorsque vous <a href=\"https:\/\/www.etoro.com\/fr\/discover\/markets\/stocks\" target=\"_blank\" rel=\"noopener noreferrer\">achetez des actions<\/a>, ce qui peut r\u00e9duire les gains potentiels et vous co\u00fbter une partie de vos b\u00e9n\u00e9fices avant m\u00eame que vous n&#8217;ayez commenc\u00e9. Avec une commission de <a href=\"https:\/\/www.etoro.com\/fr\/stocks\/\" target=\"_blank\" rel=\"noopener noreferrer\">0% commission<\/a> d&#8217;eToro, vous ne paierez pas de marge lorsque vous investissez dans des actions.<\/p>\n<p>Ainsi, que vous soyez un passionn\u00e9 de mode, un g\u00e9nie de la technologie ou un gamer, vous pouvez commencer \u00e0 investir dans les marques que vous aimez aujourd&#8217;hui.<\/p>\n<p style=\"text-align: center;\"><a class=\"e-cta\" href=\"https:\/\/www.etoro.com\/fr\/stocks\/\" target=\"_blank\" rel=\"noopener noreferrer\">Pr\u00eat \u00e0 investir?<\/a><\/p>\n<h2>Machine \u00e0 Investir dans le Temps &#8211; Foire aux Questions<\/h2>\n<p>&nbsp;<\/p>\n<div role=\"tablist\" class=\"faqs_list\"><a  href='javascript:void(0)' class='faq_button ' role='tab' id='faq_button_0' aria-expanded='false' aria-controls='faq_ans_0'><span><\/span><h3 class='faq_tittle'>Pourquoi la machine \u00e0 remonter le temps est-elle en dollar am\u00e9ricain et non dans ma monnaie locale ? <\/h3><\/a>\n        <div class='faq_div' aria-hidden='true' id='faq_ans_0' aria-describedby='faq_button_0' role='tabpanel'><div class='faq_ans '><p>Comme nous op\u00e9rons dans le monde entier, la plateforme eToro utilise le dollar am\u00e9ricain.<\/p>\n<\/div><\/div><a  href='javascript:void(0)' class='faq_button ' role='tab' id='faq_button_1' aria-expanded='false' aria-controls='faq_ans_1'><span><\/span><h3 class='faq_tittle'>J'ai s\u00e9lectionn\u00e9 une date de retour, mais tout ce que je vois, c'est un message d'erreur \"Vous \u00eates trop t\u00f4t ! Aucune donn\u00e9e n'existe \u00e0 cette date, veuillez essayer une date ult\u00e9rieure\".<\/h3><\/a>\n        <div class='faq_div' aria-hidden='true' id='faq_ans_1' aria-describedby='faq_button_1' role='tabpanel'><div class='faq_ans '><p>Vous \u00eates all\u00e9 trop loin ! L&#8217;action que vous avez s\u00e9lectionn\u00e9e n&#8217;est pas encore cot\u00e9e en bourse. S\u00e9lectionnez une date plus proche et essayez \u00e0 nouveau.<\/p>\n<\/div><\/div><a  href='javascript:void(0)' class='faq_button ' role='tab' id='faq_button_2' aria-expanded='false' aria-controls='faq_ans_2'><span><\/span><h3 class='faq_tittle'>Je ne trouve pas l'action que je veux, pourquoi n'est-elle pas incluse dans la Time Machine ?<\/h3><\/a>\n        <div class='faq_div' aria-hidden='true' id='faq_ans_2' aria-describedby='faq_button_2' role='tabpanel'><div class='faq_ans '><p>La machine \u00e0 investir dans le temps comprend une s\u00e9lection de 35 actions populaires.<\/p>\n<\/div><\/div><a  href='javascript:void(0)' class='faq_button ' role='tab' id='faq_button_3' aria-expanded='false' aria-controls='faq_ans_3'><span><\/span><h3 class='faq_tittle'>Puis-je s\u00e9lectionner moins de quatre actions ? <\/h3><\/a>\n        <div class='faq_div' aria-hidden='true' id='faq_ans_3' aria-describedby='faq_button_3' role='tabpanel'><div class='faq_ans '><p>Oui. Vous disposez d&#8217;un montant th\u00e9orique de 1 000&nbsp;$ \u00e0 investir, vous pouvez choisir le nombre d&#8217;actions que vous s\u00e9lectionnez et la proportion de ces 1 000&nbsp;$ que vous attribuez \u00e0 chacune.<\/p>\n<\/div><\/div><\/div><script type=\"application\/ld+json\">\n      {\n      \"@context\": \"https:\/\/schema.org\",\n      \"@type\": \"FAQPage\",\n      \"mainEntity\": [{\"@type\":\"Question\",\"name\":\"Pourquoi la machine \\u00e0 remonter le temps est-elle en dollar am\\u00e9ricain et non dans ma monnaie locale ? \",\"acceptedAnswer\":{\"@type\":\"Answer\",\"text\":\"<p>Comme nous op\\u00e9rons dans le monde entier, la plateforme eToro utilise le dollar am\\u00e9ricain.<\\\/p>\\n\"}},{\"@type\":\"Question\",\"name\":\"J'ai s\\u00e9lectionn\\u00e9 une date de retour, mais tout ce que je vois, c'est un message d'erreur \\\"Vous \\u00eates trop t\\u00f4t ! Aucune donn\\u00e9e n'existe \\u00e0 cette date, veuillez essayer une date ult\\u00e9rieure\\\".\",\"acceptedAnswer\":{\"@type\":\"Answer\",\"text\":\"<p>Vous \\u00eates all\\u00e9 trop loin ! L&#8217;action que vous avez s\\u00e9lectionn\\u00e9e n&#8217;est pas encore cot\\u00e9e en bourse. S\\u00e9lectionnez une date plus proche et essayez \\u00e0 nouveau.<\\\/p>\\n\"}},{\"@type\":\"Question\",\"name\":\"Je ne trouve pas l'action que je veux, pourquoi n'est-elle pas incluse dans la Time Machine ?\",\"acceptedAnswer\":{\"@type\":\"Answer\",\"text\":\"<p>La machine \\u00e0 investir dans le temps comprend une s\\u00e9lection de 35 actions populaires.<\\\/p>\\n\"}},{\"@type\":\"Question\",\"name\":\"Puis-je s\\u00e9lectionner moins de quatre actions ? \",\"acceptedAnswer\":{\"@type\":\"Answer\",\"text\":\"<p>Oui. Vous disposez d&#8217;un montant th\\u00e9orique de 1 000&nbsp;$ \\u00e0 investir, vous pouvez choisir le nombre d&#8217;actions que vous s\\u00e9lectionnez et la proportion de ces 1 000&nbsp;$ que vous attribuez \\u00e0 chacune.<\\\/p>\\n\"}}]\n      }\n      <\/script>\n<p>&nbsp;<\/p>\n<p><span style=\"font-weight: 400; font-size: 12px;\">Une commission nulle signifie qu&#8217;aucun frais de courtage n&#8217;a \u00e9t\u00e9 factur\u00e9 lors de l&#8217;ouverture ou de la cl\u00f4ture de la position. D&#8217;autres frais peuvent s&#8217;appliquer. Pour plus d&#8217;informations sur les frais, veuillez consulter le site : https:\/\/www.etoro.com\/fr\/trading\/fees\/. Votre capital est \u00e0 risque.<\/span><\/p>\n<p>&nbsp;<\/p>\n","protected":false},"excerpt":{"rendered":"<p>En 1976, Ronald Wayne a vendu 10 % de ses actions dans Apple pour 800 dollars. Aujourd&#8217;hui, le g\u00e9ant technologique a une capitalisation boursi\u00e8re de 2000 milliards de dollars. Si Ronald avait maintenu sa participation, elle vaudrait aujourd&#8217;hui la modique somme de 200 milliards de dollars. Pour les deux autres cofondateurs qui l&#8217;ont rachet\u00e9, ces&hellip;<\/p>\n","protected":false},"author":32,"featured_media":0,"parent":58572,"menu_order":964,"comment_status":"closed","ping_status":"closed","template":"","meta":{"_acf_changed":false,"inline_featured_image":false,"sticky_cta_settings":"","footnotes":""},"asset_type":[],"class_list":["post-159353","page","type-page","status-publish","hentry"],"acf":[],"yoast_head":"<title>La machine \u00e0 remonter le temps | eToro<\/title>\n<meta name=\"description\" content=\"Remonter le temps gr\u00e2ce \u00e0 l&#039;outil actions eToro et d\u00e9couvrez ce qu&#039;un investissement de 1000$ effectu\u00e9 dans le pass\u00e9 vaudrait maintenant. Dans quelles actions allez vous investir ?\" \/>\n<meta name=\"robots\" content=\"index, follow, max-snippet:-1, max-image-preview:large, max-video-preview:-1\" \/>\n<link rel=\"canonical\" href=\"https:\/\/www.etoro.com\/fr\/wp-json\/wp\/v2\/pages\/159353\" \/>\n<meta property=\"og:locale\" content=\"fr_FR\" \/>\n<meta property=\"og:type\" content=\"article\" \/>\n<meta property=\"og:title\" content=\"La machine \u00e0 remonter le temps | eToro\" \/>\n<meta property=\"og:description\" content=\"Remonter le temps gr\u00e2ce \u00e0 l&#039;outil actions eToro et d\u00e9couvrez ce qu&#039;un investissement de 1000$ effectu\u00e9 dans le pass\u00e9 vaudrait maintenant. Dans quelles actions allez vous investir ?\" \/>\n<meta property=\"og:url\" content=\"https:\/\/www.etoro.com\/fr\/wp-json\/wp\/v2\/pages\/159353\" \/>\n<meta property=\"og:site_name\" content=\"eToro\" \/>\n<meta property=\"article:publisher\" content=\"https:\/\/www.facebook.com\/eToro\/\" \/>\n<meta property=\"article:modified_time\" content=\"2024-08-12T14:35:12+00:00\" \/>\n<meta property=\"og:image\" content=\"https:\/\/www.etoro.com\/wp-content\/uploads\/2019\/12\/etoro_logo_social_share1.png\" \/>\n\t<meta property=\"og:image:width\" content=\"240\" \/>\n\t<meta property=\"og:image:height\" content=\"240\" \/>\n\t<meta property=\"og:image:type\" content=\"image\/png\" \/>\n<meta name=\"twitter:card\" content=\"summary_large_image\" \/>\n<meta name=\"twitter:site\" content=\"@eToro\" \/>\n<meta name=\"twitter:label1\" content=\"Est. reading time\" \/>\n\t<meta name=\"twitter:data1\" content=\"3 minutes\" \/>\n<script type=\"application\/ld+json\" class=\"yoast-schema-graph\">{\"@context\":\"https:\/\/schema.org\",\"@graph\":[{\"@type\":\"WebPage\",\"@id\":\"https:\/\/www.etoro.com\/fr\/stocks\/investment-time-machine\/\",\"url\":\"https:\/\/www.etoro.com\/fr\/stocks\/investment-time-machine\/\",\"name\":\"La machine \u00e0 remonter le temps | eToro\",\"isPartOf\":{\"@id\":\"https:\/\/www.etoro.com\/fr\/#website\"},\"datePublished\":\"2020-10-01T09:22:41+00:00\",\"dateModified\":\"2024-08-12T14:35:12+00:00\",\"description\":\"Remonter le temps gr\u00e2ce \u00e0 l'outil actions eToro et d\u00e9couvrez ce qu'un investissement de 1000$ effectu\u00e9 dans le pass\u00e9 vaudrait maintenant. Dans quelles actions allez vous investir ?\",\"breadcrumb\":{\"@id\":\"https:\/\/www.etoro.com\/fr\/stocks\/investment-time-machine\/#breadcrumb\"},\"inLanguage\":\"fr\",\"potentialAction\":[{\"@type\":\"ReadAction\",\"target\":[\"https:\/\/www.etoro.com\/fr\/stocks\/investment-time-machine\/\"]}]},{\"@type\":\"BreadcrumbList\",\"@id\":\"https:\/\/www.etoro.com\/fr\/stocks\/investment-time-machine\/#breadcrumb\",\"itemListElement\":[{\"@type\":\"ListItem\",\"position\":1,\"name\":\"Accueil\",\"item\":\"https:\/\/www.etoro.com\/fr\/\"},{\"@type\":\"ListItem\",\"position\":2,\"name\":\"Actions\",\"item\":\"https:\/\/www.etoro.com\/fr\/stocks\/\"},{\"@type\":\"ListItem\",\"position\":3,\"name\":\"La Machine \u00c0 Investir Dans Le Temps d\u2019eToro\"}]},{\"@type\":\"WebSite\",\"@id\":\"https:\/\/www.etoro.com\/fr\/#website\",\"url\":\"https:\/\/www.etoro.com\/fr\/\",\"name\":\"eToro\",\"description\":\"\",\"publisher\":{\"@id\":\"https:\/\/www.etoro.com\/fr\/#organization\"},\"potentialAction\":[{\"@type\":\"SearchAction\",\"target\":{\"@type\":\"EntryPoint\",\"urlTemplate\":\"https:\/\/www.etoro.com\/fr\/?s={search_term_string}\"},\"query-input\":{\"@type\":\"PropertyValueSpecification\",\"valueRequired\":true,\"valueName\":\"search_term_string\"}}],\"inLanguage\":\"fr\"},[]]}<\/script>","yoast_head_json":{"title":"La machine \u00e0 remonter le temps | eToro","description":"Remonter le temps gr\u00e2ce \u00e0 l'outil actions eToro et d\u00e9couvrez ce qu'un investissement de 1000$ effectu\u00e9 dans le pass\u00e9 vaudrait maintenant. Dans quelles actions allez vous investir ?","robots":{"index":"index","follow":"follow","max-snippet":"max-snippet:-1","max-image-preview":"max-image-preview:large","max-video-preview":"max-video-preview:-1"},"canonical":"https:\/\/www.etoro.com\/fr\/wp-json\/wp\/v2\/pages\/159353","og_locale":"fr_FR","og_type":"article","og_title":"La machine \u00e0 remonter le temps | eToro","og_description":"Remonter le temps gr\u00e2ce \u00e0 l'outil actions eToro et d\u00e9couvrez ce qu'un investissement de 1000$ effectu\u00e9 dans le pass\u00e9 vaudrait maintenant. Dans quelles actions allez vous investir ?","og_url":"https:\/\/www.etoro.com\/fr\/wp-json\/wp\/v2\/pages\/159353","og_site_name":"eToro","article_publisher":"https:\/\/www.facebook.com\/eToro\/","article_modified_time":"2024-08-12T14:35:12+00:00","og_image":[{"width":240,"height":240,"url":"https:\/\/www.etoro.com\/wp-content\/uploads\/2019\/12\/etoro_logo_social_share1.png","type":"image\/png"}],"twitter_card":"summary_large_image","twitter_site":"@eToro","twitter_misc":{"Est. reading time":"3 minutes"},"schema":{"@context":"https:\/\/schema.org","@graph":[{"@type":"WebPage","@id":"https:\/\/www.etoro.com\/fr\/stocks\/investment-time-machine\/","url":"https:\/\/www.etoro.com\/fr\/stocks\/investment-time-machine\/","name":"La machine \u00e0 remonter le temps | eToro","isPartOf":{"@id":"https:\/\/www.etoro.com\/fr\/#website"},"datePublished":"2020-10-01T09:22:41+00:00","dateModified":"2024-08-12T14:35:12+00:00","description":"Remonter le temps gr\u00e2ce \u00e0 l'outil actions eToro et d\u00e9couvrez ce qu'un investissement de 1000$ effectu\u00e9 dans le pass\u00e9 vaudrait maintenant. Dans quelles actions allez vous investir ?","breadcrumb":{"@id":"https:\/\/www.etoro.com\/fr\/stocks\/investment-time-machine\/#breadcrumb"},"inLanguage":"fr","potentialAction":[{"@type":"ReadAction","target":["https:\/\/www.etoro.com\/fr\/stocks\/investment-time-machine\/"]}]},{"@type":"BreadcrumbList","@id":"https:\/\/www.etoro.com\/fr\/stocks\/investment-time-machine\/#breadcrumb","itemListElement":[{"@type":"ListItem","position":1,"name":"Accueil","item":"https:\/\/www.etoro.com\/fr\/"},{"@type":"ListItem","position":2,"name":"Actions","item":"https:\/\/www.etoro.com\/fr\/stocks\/"},{"@type":"ListItem","position":3,"name":"La Machine \u00c0 Investir Dans Le Temps d\u2019eToro"}]},{"@type":"WebSite","@id":"https:\/\/www.etoro.com\/fr\/#website","url":"https:\/\/www.etoro.com\/fr\/","name":"eToro","description":"","publisher":{"@id":"https:\/\/www.etoro.com\/fr\/#organization"},"potentialAction":[{"@type":"SearchAction","target":{"@type":"EntryPoint","urlTemplate":"https:\/\/www.etoro.com\/fr\/?s={search_term_string}"},"query-input":{"@type":"PropertyValueSpecification","valueRequired":true,"valueName":"search_term_string"}}],"inLanguage":"fr"},[]]}},"_links":{"self":[{"href":"https:\/\/www.etoro.com\/fr\/wp-json\/wp\/v2\/pages\/159353"}],"collection":[{"href":"https:\/\/www.etoro.com\/fr\/wp-json\/wp\/v2\/pages"}],"about":[{"href":"https:\/\/www.etoro.com\/fr\/wp-json\/wp\/v2\/types\/page"}],"author":[{"embeddable":true,"href":"https:\/\/www.etoro.com\/fr\/wp-json\/wp\/v2\/users\/32"}],"replies":[{"embeddable":true,"href":"https:\/\/www.etoro.com\/fr\/wp-json\/wp\/v2\/comments?post=159353"}],"version-history":[{"count":0,"href":"https:\/\/www.etoro.com\/fr\/wp-json\/wp\/v2\/pages\/159353\/revisions"}],"up":[{"embeddable":true,"href":"https:\/\/www.etoro.com\/fr\/wp-json\/wp\/v2\/pages\/58572"}],"wp:attachment":[{"href":"https:\/\/www.etoro.com\/fr\/wp-json\/wp\/v2\/media?parent=159353"}],"wp:term":[{"taxonomy":"asset_type","embeddable":true,"href":"https:\/\/www.etoro.com\/fr\/wp-json\/wp\/v2\/asset_type?post=159353"}],"curies":[{"name":"wp","href":"https:\/\/api.w.org\/{rel}","templated":true}]}}