{"id":166331,"date":"2020-10-15T10:30:40","date_gmt":"2020-10-15T07:30:40","guid":{"rendered":"http:\/\/www.etoro.com\/investing\/insurance\/"},"modified":"2025-04-23T01:47:43","modified_gmt":"2025-04-22T22:47:43","slug":"insurance","status":"publish","type":"page","link":"https:\/\/www.etoro.com\/fr\/investing\/insurance\/","title":{"rendered":"Assurance"},"content":{"rendered":"\n<section class=\"wp-block-group wp-block-group-boxed has-white-background-color has-background\"><div class=\"wp-block-group-inner is-layout-flow wp-block-group-is-layout-flow\">\n<div class=\"wp-block-columns are-vertically-aligned-top wp-block-columns-1 is-layout-flex wp-container-core-columns-is-layout-1 wp-block-columns-is-layout-flex\">\n<div class=\"wp-block-column is-layout-flow wp-block-column-is-layout-flow\">\n<h2 class=\"wp-block-heading\">Assurance<\/h2>\n\n\n\n<p>Certaines entit\u00e9s eToro fournissent aux clients \u00e9ligibles une assurance gratuite souscrite aupr\u00e8s de Lloyd&#8217;s of London, l&#8217;un des principaux fournisseurs mondiaux d&#8217;assurances sp\u00e9cialis\u00e9es, offrant une couverture allant jusqu&#8217;\u00e0 1 million EUR, AUD ou USD (en fonction de la r\u00e9gion).<\/p>\n\n\n\n<p><strong>L\u2019assurance gratuite n\u2019est disponible que pour les membres des Clubs Platinum, Platinum+ et Diamond, <a href=\"https:\/\/www.etoro.com\/about\/clubs\/\">clients<\/a> de eToro (Europe) Ltd., eToro AUS Capital Ltd., eToro (ME) Ltd. et eToro (Seychelles) Ltd.<\/strong><\/p>\n\n\n\n<ul class=\"wp-block-list wp-block-list wp-block-list-circle\">\n<li>L\u2019assurance couvre les r\u00e9clamations des clients \u00e9ligibles subissant des pertes en raison du cas peu probable d\u2019insolvabilit\u00e9 d\u2019eToro et en cas d\u2019\u00e9v\u00e9nement d\u2019inconduite (tel que d\u00e9fini dans la&nbsp;<a href=\"https:\/\/www.etoro.com\/wp-content\/uploads\/2022\/11\/Insurance-Disclosure-to-Clients-2022-.docx.pdf\">politique applicable<\/a>).<\/li>\n\n\n\n<li>L\u2019assurance couvre : (i) jusqu\u2019\u00e0 1 million d\u2019EUR, AUD ou USD (en fonction de l\u2019entit\u00e9 r\u00e9glement\u00e9e) ; (ii) dans la limite du plafond global achet\u00e9 par eToro ; et (iii) sous r\u00e9serve d&#8217;un montant exc\u00e9dentaire (tel que d\u00e9fini par la <a href=\"https:\/\/etoro.com\/wp-content\/uploads\/2023\/01\/Insurance-Disclosure-to-Clients-2022-.docx.pdf\" rel=\"nofollow noopener noreferrer\" >politique<\/a> applicable).<\/li>\n\n\n\n<li>Doit d\u00e9passer un montant initial de 20 000 EUR, AUD ou USD.<\/li>\n\n\n\n<li>L\u2019assurance couvre les esp\u00e8ces, toutes les positions CFD et les titres. Notez que les positions R\u00c9ELLES en crypto-monnaie ne sont pas couvertes par l\u2019assurance, comme d\u00e9fini dans la&nbsp;<a href=\"https:\/\/www.etoro.com\/wp-content\/uploads\/2022\/11\/Insurance-Disclosure-to-Clients-2022-.docx.pdf\">politique<\/a>&nbsp;applicable.<\/li>\n<\/ul>\n<\/div>\n<\/div>\n<\/div><\/section>\n\n\n\n<section class=\"wp-block-group wp-block-group-boxed has-dark-blue-background-color has-background\"><div class=\"wp-block-group-inner is-layout-flow wp-block-group-is-layout-flow\">\n<div class=\"wp-block-columns are-vertically-aligned-center wp-block-columns-2 is-layout-flex wp-container-core-columns-is-layout-2 wp-block-columns-is-layout-flex\">\n<div class=\"wp-block-column is-layout-flow wp-block-column-is-layout-flow\">\n<figure class=\"wp-block-image size-full\"><img loading=\"lazy\" decoding=\"async\" width=\"577\" height=\"375\" src=\"https:\/\/www.etoro.com\/wp-content\/uploads\/2025\/04\/Three-layer-protection.png\" alt=\"\" class=\"wp-image-1048942 wp-image-desktop\" srcset=\"https:\/\/www.etoro.com\/wp-content\/uploads\/2025\/04\/Three-layer-protection.png 577w, https:\/\/www.etoro.com\/wp-content\/uploads\/2025\/04\/Three-layer-protection-300x195.png 300w\" sizes=\"(max-width: 577px) 100vw, 577px\" \/><\/figure>\n<\/div>\n\n\n\n<div class=\"wp-block-column is-text-column is-layout-flow wp-block-column-is-layout-flow\">\n<h2 class=\"wp-block-heading\"><strong>Trois niveaux de protection<\/strong><\/h2>\n\n\n\n<p>Dans le cas improbable d&#8217;une insolvabilit\u00e9 de eToro, les clients \u00e9ligibles* de eToro (Europe) Ltd, eToro AUS Capital Ltd, eToro (ME) Ltd et eToro (Seychelles) Ltd b\u00e9n\u00e9ficient de trois niveaux de protection.<\/p>\n\n\n\n<ul class=\"wp-block-list wp-block-list wp-block-list-circle\">\n<li>En cas d\u2019insolvabilit\u00e9, le liquidateur d\u00e9sign\u00e9 g\u00e9rera les actifs d\u2019eToro et la r\u00e9partition de l\u2019argent entre ses clients, le cas \u00e9ch\u00e9ant.<\/li>\n\n\n\n<li>Protection r\u00e9glementaire : Pour les clients d\u2019eToro (Europe) Ltd. (r\u00e9glement\u00e9s par la CySEC), certains r\u00e9gimes r\u00e9glementaires s\u2019appliquent (ICF), qui indemnisent les clients en cas d\u2019insolvabilit\u00e9 et de manque de fonds des clients jusqu\u2019\u00e0 20 000 $.<\/li>\n\n\n\n<li>Assurance priv\u00e9e : Fournie par Lloyd&#8217;s of London, cette police d&#8217;assurance investissement couvre les pertes subies en cas d&#8217;insolvabilit\u00e9, sous r\u00e9serve d&#8217;une franchise, et jusqu&#8217;\u00e0 1 million d&#8217;EUR\/AUD\/USD par client*, comme indiqu\u00e9 ci-dessus.<\/li>\n<\/ul>\n\n\n\n<p class=\"is-style-disclaimer\">*L\u2019assurance gratuite n\u2019est disponible que pour les membres des Clubs Platinum, Platinum + et Diamond, <a href=\"https:\/\/www.etoro.com\/fr\/about\/clubs\/\">clients<\/a> de eToro (Europe) Ltd., eToro AUS Capital Ltd., eToro (ME) Ltd. et eToro (Seychelles) Ltd.<\/p>\n<\/div>\n<\/div>\n<\/div><\/section>\n\n\n\n<section class=\"wp-block-group wp-block-group-boxed\"><div class=\"wp-block-group-inner is-layout-flow wp-block-group-is-layout-flow\">\n<div class=\"wp-block-columns are-vertically-aligned-top wp-block-columns-1 is-layout-flex wp-container-core-columns-is-layout-3 wp-block-columns-is-layout-flex\">\n<div class=\"wp-block-column is-layout-flow wp-block-column-is-layout-flow\">\n<h2 class=\"wp-block-heading has-text-align-center\"><strong>eToro propose des services suppl\u00e9mentaires, tels que :<\/strong><\/h2>\n<\/div>\n<\/div>\n<\/div><\/section>\n\n\n\n<section class=\"wp-block-group wp-block-group-boxed has-white-background-color has-background\"><div class=\"wp-block-group-inner is-layout-flow wp-block-group-is-layout-flow\">\n<div class=\"wp-block-columns are-vertically-aligned-center wp-block-columns-2 is-swapped-on-mobile is-layout-flex wp-container-core-columns-is-layout-4 wp-block-columns-is-layout-flex\">\n<div class=\"wp-block-column is-layout-flow wp-block-column-is-layout-flow\">\n<h2 class=\"wp-block-heading\">Vos fonds sont conserv\u00e9s sur un compte s\u00e9par\u00e9<\/h2>\n\n\n\n<p>La priorit\u00e9 absolue d\u2019eToro est d\u2019assurer la s\u00e9curit\u00e9 de ses clients et de leurs fonds. Pour cette raison, chaque centime d\u00e9pos\u00e9 par un client est d\u00e9tenu dans un compte s\u00e9par\u00e9, \u00e0 part. Cela signifie que m\u00eame dans le cas tr\u00e8s improbable d\u2019une insolvabilit\u00e9 d\u2019eToro, vos fonds seront en s\u00e9curit\u00e9.<\/p>\n<\/div>\n\n\n\n<div class=\"wp-block-column is-layout-flow wp-block-column-is-layout-flow\">\n<figure class=\"wp-block-image size-full\"><img loading=\"lazy\" decoding=\"async\" width=\"578\" height=\"375\" src=\"https:\/\/www.etoro.com\/wp-content\/uploads\/2025\/04\/Segregated-Account.png\" alt=\"\" class=\"wp-image-1048971 wp-image-desktop\" srcset=\"https:\/\/www.etoro.com\/wp-content\/uploads\/2025\/04\/Segregated-Account.png 578w, https:\/\/www.etoro.com\/wp-content\/uploads\/2025\/04\/Segregated-Account-300x195.png 300w\" sizes=\"(max-width: 578px) 100vw, 578px\" \/><\/figure>\n<\/div>\n<\/div>\n<\/div><\/section>\n\n\n\n<section class=\"wp-block-group wp-block-group-boxed has-white-background-color has-background\"><div class=\"wp-block-group-inner is-layout-flow wp-block-group-is-layout-flow\">\n<div class=\"wp-block-columns are-vertically-aligned-center wp-block-columns-2 is-layout-flex wp-container-core-columns-is-layout-5 wp-block-columns-is-layout-flex\">\n<div class=\"wp-block-column is-layout-flow wp-block-column-is-layout-flow\">\n<figure class=\"wp-block-image size-full\"><img loading=\"lazy\" decoding=\"async\" width=\"576\" height=\"394\" src=\"https:\/\/www.etoro.com\/wp-content\/uploads\/2025\/04\/100-K-Demo-account.png\" alt=\"\" class=\"wp-image-1049040 wp-image-desktop\" srcset=\"https:\/\/www.etoro.com\/wp-content\/uploads\/2025\/04\/100-K-Demo-account.png 576w, https:\/\/www.etoro.com\/wp-content\/uploads\/2025\/04\/100-K-Demo-account-300x205.png 300w\" sizes=\"(max-width: 576px) 100vw, 576px\" \/><\/figure>\n<\/div>\n\n\n\n<div class=\"wp-block-column is-layout-flow wp-block-column-is-layout-flow\">\n<h2 class=\"wp-block-heading\">Compte de d\u00e9mo de 100 K $ GRATUIT<\/h2>\n\n\n\n<p>D\u00e9couvrez la simplicit\u00e9 et la facilit\u00e9 d\u2019utilisation de la plateforme eToro avec un compte de d\u00e9mo GRATUIT de 100&nbsp;000&nbsp;$. Ouvrez et fermez des trades, composez votre portefeuille virtuel avec&nbsp;<a href=\"https:\/\/etoro.com\/fr\/stocks\/\" rel=\"nofollow noopener noreferrer\" >les actions<\/a>, les&nbsp;<a href=\"https:\/\/www.etoro.com\/fr\/crypto\/\">crypto-monnaies<\/a>&nbsp;et autres classes d\u2019actifs, et perfectionnez vos comp\u00e9tences de trading et d\u2019investissement.<\/p>\n<\/div>\n<\/div>\n<\/div><\/section>\n\n\n\n<section class=\"wp-block-group wp-block-group-boxed has-white-background-color has-background\"><div class=\"wp-block-group-inner is-layout-flow wp-block-group-is-layout-flow\">\n<div class=\"wp-block-columns are-vertically-aligned-top wp-block-columns-1 is-layout-flex wp-container-core-columns-is-layout-6 wp-block-columns-is-layout-flex\">\n<div class=\"wp-block-column is-layout-flow wp-block-column-is-layout-flow\">\n<p class=\"has-text-align-center\">Des conditions g\u00e9n\u00e9rales s\u2019appliquent. Pour plus d\u2019informations, veuillez vous r\u00e9f\u00e9rer aux\u00a0<a href=\"https:\/\/www.etoro.com\/wp-content\/uploads\/2025\/02\/Insurance-Disclosure-to-Clients-2025.pdf\" target=\"_blank\" rel=\"noreferrer noopener\">Conditions g\u00e9n\u00e9rales<\/a>\u00a0de l\u2019assurance d\u2019eToro.<\/p>\n\n\n\n<div class=\"wp-block-buttons is-content-justification-center is-layout-flex wp-container-core-buttons-is-layout-1 wp-block-buttons-is-layout-flex\">\n<a class=\"e-cta e-cta-primary\" href=\"https:\/\/www.etoro.com\/fr\/accounts\/sign-up\">Commencer<\/a>\n<\/div>\n<\/div>\n<\/div>\n<\/div><\/section>\n\n\n\n<section class=\"wp-block-group wp-block-group-boxed has-white-background-color has-background\"><div class=\"wp-block-group-inner is-layout-flow wp-block-group-is-layout-flow\">\n<div class=\"wp-block-columns are-vertically-aligned-top wp-block-columns-1 is-layout-flex wp-container-core-columns-is-layout-7 wp-block-columns-is-layout-flex\">\n<div class=\"wp-block-column is-layout-flow wp-block-column-is-layout-flow\">\n<h2 class=\"wp-block-heading has-text-align-center\">Assurance d\u2019eToro \u2014 Questions fr\u00e9quentes<\/h2>\n\n\n\n<dl class=\"wp-block-etoro-faq\">\n<div class=\"wp-block-etoro-faq-item\"><dt class=\"wp-block-etoro-faq-item-question\">Quels produits sont couverts par la politique d&#8217;assurance ?<\/dt><dd class=\"wp-block-etoro-faq-item-answer\">\n<p>L\u2019assurance couvre les esp\u00e8ces, toutes les positions CFD et les titres. Notez que les positions de crypto-monnaie REAL (non-CFD) ne sont pas couvertes par l\u2019assurance investissement.<\/p>\n<\/dd><\/div>\n\n\n\n<div class=\"wp-block-etoro-faq-item\"><dt class=\"wp-block-etoro-faq-item-question\">Qui est couvert par l&#8217;assurance ?<\/dt><dd class=\"wp-block-etoro-faq-item-answer\">\n<p>L\u2019assurance est uniquement disponible pour les membres des Clubs Platinum, Platinum + et Diamond, <a href=\"https:\/\/etoro.com\/fr\/about\/club\/\" rel=\"nofollow noopener noreferrer\" >clients<\/a> de eToro (Europe) Ltd., eToro AUS Capital Ltd., eToro (ME) Ltd. et eToro (Seychelles) Ltd.<\/p>\n<\/dd><\/div>\n\n\n\n<div class=\"wp-block-etoro-faq-item\"><dt class=\"wp-block-etoro-faq-item-question\">Y a t-il une date d&#8217;expiration ?<\/dt><dd class=\"wp-block-etoro-faq-item-answer\">\n<p>Non. Cependant, l\u2019assurance peut \u00eatre retir\u00e9e \u00e0 la discr\u00e9tion d\u2019eToro \u00e0 tout moment dans le futur. Une notification pr\u00e9alable n\u2019est pas requise.<\/p>\n<\/dd><\/div>\n\n\n\n<div class=\"wp-block-etoro-faq-item\"><dt class=\"wp-block-etoro-faq-item-question\">Quand l&#8217;assurance sera-t-elle d\u00e9clench\u00e9e ?<\/dt><dd class=\"wp-block-etoro-faq-item-answer\">\n<p>L\u2019assurance peut \u00eatre d\u00e9clench\u00e9e dans le cas peu probable de l\u2019insolvabilit\u00e9 d\u2019eToro.<\/p>\n<\/dd><\/div>\n\n\n\n<div class=\"wp-block-etoro-faq-item\"><dt class=\"wp-block-etoro-faq-item-question\">Comment eToro conserve-t-il mon argent ?<\/dt><dd class=\"wp-block-etoro-faq-item-answer\">\n<p>Pour prot\u00e9ger vos fonds, eToro d\u00e9tient ces derniers sur un compte distinct aupr\u00e8s d\u2019une banque de premier ordre ou d\u2019un fonds du march\u00e9 mon\u00e9taire qualifi\u00e9.<\/p>\n<\/dd><\/div>\n<\/dl>\n<\/div>\n<\/div>\n<\/div><\/section>\n","protected":false},"excerpt":{"rendered":"<p>Assurance Certaines entit\u00e9s eToro fournissent aux clients \u00e9ligibles une assurance gratuite souscrite aupr\u00e8s de Lloyd&#8217;s of London, l&#8217;un des principaux fournisseurs mondiaux d&#8217;assurances sp\u00e9cialis\u00e9es, offrant une couverture allant jusqu&#8217;\u00e0 1 million EUR, AUD ou USD (en fonction de la r\u00e9gion). L\u2019assurance gratuite n\u2019est disponible que pour les membres des Clubs Platinum, Platinum+ et Diamond, clients&hellip;<\/p>\n","protected":false},"author":39,"featured_media":0,"parent":19763,"menu_order":489,"comment_status":"closed","ping_status":"closed","template":"","meta":{"_acf_changed":true,"inline_featured_image":false,"sticky_cta_settings":"","footnotes":""},"asset_type":[],"class_list":["post-166331","page","type-page","status-publish","hentry"],"acf":[],"yoast_head":"<title>Une assurance investissement GRATUITE pour les clients d&#039;eToro<\/title>\n<meta name=\"description\" content=\"Profitez d&#039;un niveau de protection suppl\u00e9mentaire : eToro propose une assurance GRATUITE allant jusqu&#039;\u00e0 1 million d&#039;EUR\/GBP\/d&#039;AUD, en fonction de la r\u00e8glementation.\" \/>\n<meta name=\"robots\" content=\"noindex, follow\" \/>\n<meta property=\"og:locale\" content=\"fr_FR\" \/>\n<meta property=\"og:type\" content=\"article\" \/>\n<meta property=\"og:title\" content=\"Une assurance investissement GRATUITE pour les clients d&#039;eToro\" \/>\n<meta property=\"og:description\" content=\"Profitez d&#039;un niveau de protection suppl\u00e9mentaire : eToro propose une assurance GRATUITE allant jusqu&#039;\u00e0 1 million d&#039;EUR\/GBP\/d&#039;AUD, en fonction de la r\u00e8glementation.\" \/>\n<meta property=\"og:url\" content=\"https:\/\/www.etoro.com\/fr\/wp-json\/wp\/v2\/pages\/166331\" \/>\n<meta property=\"og:site_name\" content=\"eToro\" \/>\n<meta property=\"article:publisher\" content=\"https:\/\/www.facebook.com\/eToro\/\" \/>\n<meta property=\"article:modified_time\" content=\"2025-04-22T22:47:43+00:00\" \/>\n<meta property=\"og:image\" content=\"https:\/\/www.etoro.com\/wp-content\/uploads\/2025\/04\/Three-layer-protection.png\" \/>\n\t<meta property=\"og:image:width\" content=\"577\" \/>\n\t<meta property=\"og:image:height\" content=\"375\" \/>\n\t<meta property=\"og:image:type\" content=\"image\/png\" \/>\n<meta name=\"twitter:card\" content=\"summary_large_image\" \/>\n<meta name=\"twitter:site\" content=\"@eToro\" \/>\n<meta name=\"twitter:label1\" content=\"Est. reading time\" \/>\n\t<meta name=\"twitter:data1\" content=\"4 minutes\" \/>\n<script type=\"application\/ld+json\" class=\"yoast-schema-graph\">{\"@context\":\"https:\/\/schema.org\",\"@graph\":[{\"@type\":\"WebPage\",\"@id\":\"https:\/\/www.etoro.com\/fr\/investing\/insurance\/\",\"url\":\"https:\/\/www.etoro.com\/fr\/investing\/insurance\/\",\"name\":\"Une assurance investissement GRATUITE pour les clients d'eToro\",\"isPartOf\":{\"@id\":\"https:\/\/www.etoro.com\/fr\/#website\"},\"primaryImageOfPage\":{\"@id\":\"https:\/\/www.etoro.com\/fr\/investing\/insurance\/#primaryimage\"},\"image\":{\"@id\":\"https:\/\/www.etoro.com\/fr\/investing\/insurance\/#primaryimage\"},\"thumbnailUrl\":\"https:\/\/www.etoro.com\/wp-content\/uploads\/2025\/04\/Three-layer-protection.png\",\"datePublished\":\"2020-10-15T07:30:40+00:00\",\"dateModified\":\"2025-04-22T22:47:43+00:00\",\"description\":\"Profitez d'un niveau de protection suppl\u00e9mentaire : eToro propose une assurance GRATUITE allant jusqu'\u00e0 1 million d'EUR\/GBP\/d'AUD, en fonction de la r\u00e8glementation.\",\"breadcrumb\":{\"@id\":\"https:\/\/www.etoro.com\/fr\/investing\/insurance\/#breadcrumb\"},\"inLanguage\":\"fr\",\"potentialAction\":[{\"@type\":\"ReadAction\",\"target\":[\"https:\/\/www.etoro.com\/fr\/investing\/insurance\/\"]}]},{\"@type\":\"ImageObject\",\"inLanguage\":\"fr\",\"@id\":\"https:\/\/www.etoro.com\/fr\/investing\/insurance\/#primaryimage\",\"url\":\"https:\/\/www.etoro.com\/wp-content\/uploads\/2025\/04\/Three-layer-protection.png\",\"contentUrl\":\"https:\/\/www.etoro.com\/wp-content\/uploads\/2025\/04\/Three-layer-protection.png\"},{\"@type\":\"BreadcrumbList\",\"@id\":\"https:\/\/www.etoro.com\/fr\/investing\/insurance\/#breadcrumb\",\"itemListElement\":[{\"@type\":\"ListItem\",\"position\":1,\"name\":\"Accueil\",\"item\":\"https:\/\/www.etoro.com\/fr\/\"},{\"@type\":\"ListItem\",\"position\":2,\"name\":\"Investir\",\"item\":\"https:\/\/www.etoro.com\/fr\/investing\/\"},{\"@type\":\"ListItem\",\"position\":3,\"name\":\"Assurance\"}]},{\"@type\":\"WebSite\",\"@id\":\"https:\/\/www.etoro.com\/fr\/#website\",\"url\":\"https:\/\/www.etoro.com\/fr\/\",\"name\":\"eToro\",\"description\":\"\",\"publisher\":{\"@id\":\"https:\/\/www.etoro.com\/fr\/#organization\"},\"potentialAction\":[{\"@type\":\"SearchAction\",\"target\":{\"@type\":\"EntryPoint\",\"urlTemplate\":\"https:\/\/www.etoro.com\/fr\/?s={search_term_string}\"},\"query-input\":{\"@type\":\"PropertyValueSpecification\",\"valueRequired\":true,\"valueName\":\"search_term_string\"}}],\"inLanguage\":\"fr\"},[]]}<\/script>","yoast_head_json":{"title":"Une assurance investissement GRATUITE pour les clients d'eToro","description":"Profitez d'un niveau de protection suppl\u00e9mentaire : eToro propose une assurance GRATUITE allant jusqu'\u00e0 1 million d'EUR\/GBP\/d'AUD, en fonction de la r\u00e8glementation.","robots":{"index":"noindex","follow":"follow"},"og_locale":"fr_FR","og_type":"article","og_title":"Une assurance investissement GRATUITE pour les clients d'eToro","og_description":"Profitez d'un niveau de protection suppl\u00e9mentaire : eToro propose une assurance GRATUITE allant jusqu'\u00e0 1 million d'EUR\/GBP\/d'AUD, en fonction de la r\u00e8glementation.","og_url":"https:\/\/www.etoro.com\/fr\/wp-json\/wp\/v2\/pages\/166331","og_site_name":"eToro","article_publisher":"https:\/\/www.facebook.com\/eToro\/","article_modified_time":"2025-04-22T22:47:43+00:00","og_image":[{"width":577,"height":375,"url":"https:\/\/www.etoro.com\/wp-content\/uploads\/2025\/04\/Three-layer-protection.png","type":"image\/png"}],"twitter_card":"summary_large_image","twitter_site":"@eToro","twitter_misc":{"Est. reading time":"4 minutes"},"schema":{"@context":"https:\/\/schema.org","@graph":[{"@type":"WebPage","@id":"https:\/\/www.etoro.com\/fr\/investing\/insurance\/","url":"https:\/\/www.etoro.com\/fr\/investing\/insurance\/","name":"Une assurance investissement GRATUITE pour les clients d'eToro","isPartOf":{"@id":"https:\/\/www.etoro.com\/fr\/#website"},"primaryImageOfPage":{"@id":"https:\/\/www.etoro.com\/fr\/investing\/insurance\/#primaryimage"},"image":{"@id":"https:\/\/www.etoro.com\/fr\/investing\/insurance\/#primaryimage"},"thumbnailUrl":"https:\/\/www.etoro.com\/wp-content\/uploads\/2025\/04\/Three-layer-protection.png","datePublished":"2020-10-15T07:30:40+00:00","dateModified":"2025-04-22T22:47:43+00:00","description":"Profitez d'un niveau de protection suppl\u00e9mentaire : eToro propose une assurance GRATUITE allant jusqu'\u00e0 1 million d'EUR\/GBP\/d'AUD, en fonction de la r\u00e8glementation.","breadcrumb":{"@id":"https:\/\/www.etoro.com\/fr\/investing\/insurance\/#breadcrumb"},"inLanguage":"fr","potentialAction":[{"@type":"ReadAction","target":["https:\/\/www.etoro.com\/fr\/investing\/insurance\/"]}]},{"@type":"ImageObject","inLanguage":"fr","@id":"https:\/\/www.etoro.com\/fr\/investing\/insurance\/#primaryimage","url":"https:\/\/www.etoro.com\/wp-content\/uploads\/2025\/04\/Three-layer-protection.png","contentUrl":"https:\/\/www.etoro.com\/wp-content\/uploads\/2025\/04\/Three-layer-protection.png"},{"@type":"BreadcrumbList","@id":"https:\/\/www.etoro.com\/fr\/investing\/insurance\/#breadcrumb","itemListElement":[{"@type":"ListItem","position":1,"name":"Accueil","item":"https:\/\/www.etoro.com\/fr\/"},{"@type":"ListItem","position":2,"name":"Investir","item":"https:\/\/www.etoro.com\/fr\/investing\/"},{"@type":"ListItem","position":3,"name":"Assurance"}]},{"@type":"WebSite","@id":"https:\/\/www.etoro.com\/fr\/#website","url":"https:\/\/www.etoro.com\/fr\/","name":"eToro","description":"","publisher":{"@id":"https:\/\/www.etoro.com\/fr\/#organization"},"potentialAction":[{"@type":"SearchAction","target":{"@type":"EntryPoint","urlTemplate":"https:\/\/www.etoro.com\/fr\/?s={search_term_string}"},"query-input":{"@type":"PropertyValueSpecification","valueRequired":true,"valueName":"search_term_string"}}],"inLanguage":"fr"},[]]}},"_links":{"self":[{"href":"https:\/\/www.etoro.com\/fr\/wp-json\/wp\/v2\/pages\/166331"}],"collection":[{"href":"https:\/\/www.etoro.com\/fr\/wp-json\/wp\/v2\/pages"}],"about":[{"href":"https:\/\/www.etoro.com\/fr\/wp-json\/wp\/v2\/types\/page"}],"author":[{"embeddable":true,"href":"https:\/\/www.etoro.com\/fr\/wp-json\/wp\/v2\/users\/39"}],"replies":[{"embeddable":true,"href":"https:\/\/www.etoro.com\/fr\/wp-json\/wp\/v2\/comments?post=166331"}],"version-history":[{"count":0,"href":"https:\/\/www.etoro.com\/fr\/wp-json\/wp\/v2\/pages\/166331\/revisions"}],"up":[{"embeddable":true,"href":"https:\/\/www.etoro.com\/fr\/wp-json\/wp\/v2\/pages\/19763"}],"wp:attachment":[{"href":"https:\/\/www.etoro.com\/fr\/wp-json\/wp\/v2\/media?parent=166331"}],"wp:term":[{"taxonomy":"asset_type","embeddable":true,"href":"https:\/\/www.etoro.com\/fr\/wp-json\/wp\/v2\/asset_type?post=166331"}],"curies":[{"name":"wp","href":"https:\/\/api.w.org\/{rel}","templated":true}]}}