{"id":189061,"date":"2021-02-02T11:13:22","date_gmt":"2021-02-02T09:13:22","guid":{"rendered":"http:\/\/www.etoro.com\/?page_id=189061"},"modified":"2025-04-23T17:49:01","modified_gmt":"2025-04-23T14:49:01","slug":"cfd-vs-share-trading","status":"publish","type":"page","link":"https:\/\/www.etoro.com\/fr\/trading\/cfd\/cfd-vs-share-trading\/","title":{"rendered":"Faut-il trader des actions ou des CFD ?"},"content":{"rendered":"<p>Lorsqu\u2019on s\u2019int\u00e9resse \u00e0 l\u2019univers du trading, on se retrouve rapidement confront\u00e9 \u00e0 un jargon sp\u00e9cifique. La plupart des plateformes de trading proposent de trader des actions ou d\u2019autres instruments financiers en utilisant des Contract For Difference (CFD).<\/p>\n<p>Qu\u2019entend-on par CFD ? Quelles sont les diff\u00e9rences entre CFD et actions ? Vaut-il mieux trader des actions ou des CFD ? Quels sont les avantages et inconv\u00e9nients des CFD ? Nous r\u00e9pondons \u00e0 ces questions dans cet article. Nous vous expliquons aussi comment faire la diff\u00e9rence entre actions et CFD sur la plateforme eToro. En effet, sur eToro vous pouvez autant trader des actions que des CFD, selon vos pr\u00e9f\u00e9rences.<\/p>\n<h2><b>Actions vs CFD, quelles diff\u00e9rences ?<\/b><\/h2>\n<p>Une action repr\u00e9sente un<b> titre de propri\u00e9t\u00e9 d\u2019une fraction du capital de l\u2019entreprise<\/b> alors qu\u2019un CFD (Contract For Difference ou Contrat pour la Diff\u00e9rence) est un <b>contrat entre un trader et un courtier (broker)<\/b>. Les deux parties s\u2019accordent pour reproduire les conditions de march\u00e9 et r\u00e9gler la diff\u00e9rence entre eux au moment de la cl\u00f4ture de la position.<\/p>\n<p>En faisant du trading sur actions, vous \u00eates propri\u00e9taire du titre. Vous avez donc droit aux dividendes \u00e9ventuels et disposez des m\u00eames pr\u00e9rogatives que tout actionnaire.<\/p>\n<p>En revanche, les CFD s\u2019apparentent aux produits d\u00e9riv\u00e9s. Un trader de CFD <b>mise sur la hausse ou la baisse du prix d&#8217;un actif financier<\/b>. Dans ce dernier cas, on parle de vente \u00e0 d\u00e9couvert ou de short selling. Le trader n&#8217;est pas propri\u00e9taire des actions. <a href=\"https:\/\/www.etoro.com\/fr\/trading\/cfd\/#cfds_on_etoro\">Le trading de CFD<\/a> s\u2019effectue souvent avec un<a href=\"https:\/\/www.etoro.com\/fr\/trading\/academy\/leverage-margin\/\"> <b>effet de levier (leverage)<\/b><\/a> ce qui permet de n\u2019utiliser qu\u2019une fraction de son capital.<\/p>\n<p>Les deux instruments diff\u00e8rent donc par plusieurs \u00e9l\u00e9ments. Nous avons r\u00e9sum\u00e9 ces variations dans le tableau ci-dessous.<\/p>\n<p><img loading=\"lazy\" decoding=\"async\" class=\"alignnone wp-image-288768 size-full\" src=\"https:\/\/www.etoro.com\/wp-content\/uploads\/2021\/11\/5-CFDs-vs-Stocks-Body-Image-1-1024x342-1.png\" alt=\"\" width=\"1024\" height=\"342\" srcset=\"https:\/\/www.etoro.com\/wp-content\/uploads\/2021\/11\/5-CFDs-vs-Stocks-Body-Image-1-1024x342-1.png 1024w, https:\/\/www.etoro.com\/wp-content\/uploads\/2021\/11\/5-CFDs-vs-Stocks-Body-Image-1-1024x342-1-300x100.png 300w, https:\/\/www.etoro.com\/wp-content\/uploads\/2021\/11\/5-CFDs-vs-Stocks-Body-Image-1-1024x342-1-768x257.png 768w\" sizes=\"(max-width: 1024px) 100vw, 1024px\" \/><\/p>\n<h2><b>Avantages et inconv\u00e9nients du trading de CFD<\/b><\/h2>\n<p>Le trading de Contract For Difference a fortement augment\u00e9 ces derni\u00e8res ann\u00e9es. Cet instrument financier s\u00e9duit gr\u00e2ce \u00e0 sa flexibilit\u00e9.<\/p>\n<p>Outre leur grande souplesse,<b> les CFD offrent de nombreux avantages<\/b> :<\/p>\n<ul>\n<li>mobilisation d\u2019une fraction de son capital gr\u00e2ce \u00e0 l\u2019effet de levier ou leverage en anglais<\/li>\n<li>possibilit\u00e9 de trader sur l\u2019ensemble des march\u00e9s financiers (<a href=\"https:\/\/www.etoro.com\/fr\/discover\/markets\/currencies\">forex<\/a>,<a href=\"https:\/\/www.etoro.com\/fr\/discover\/markets\/commodities\"> mati\u00e8res premi\u00e8res<\/a>,<a href=\"https:\/\/www.etoro.com\/fr\/discover\/markets\/cryptocurrencies\"> cryptomonnaies<\/a>, etc.)<\/li>\n<li>possibilit\u00e9 de d\u00e9multiplier les gains (mais aussi les pertes)<\/li>\n<li>possibilit\u00e9 de vendre \u00e0 d\u00e9couvert<\/li>\n<li>excellents instruments de couverture (hedge en anglais).<\/li>\n<\/ul>\n<p>Pour toutes ces raisons, <b>les CFD conviennent parfaitement \u00e0 des traders qui investissent sur du tr\u00e8s court terme<\/b> comme<a href=\"https:\/\/www.etoro.com\/fr\/trading\/types-of-traders\/\"> les scalpers<\/a>. Les traders r\u00e9alisant du trading intraday b\u00e9n\u00e9ficieront \u00e9galement de l\u2019effet de levier.<\/p>\n<p>Au niveau des inconv\u00e9nients, on notera d\u2019abord les frais. Acheter un CFD engendre des co\u00fbts qui s\u2019articulent comme suit :<\/p>\n<ul>\n<li>spread du broker : eToro applique un spread de 0,09% minimum sur les actions pour toutes les positions<\/li>\n<li>frais de rollover appel\u00e9s aussi frais au jour le jour. Ces frais couvrent les co\u00fbts associ\u00e9s \u00e0 l\u2019emprunt de capitaux par le biais de l&#8217;effet de levier. Ils s\u2019appliquent d\u00e8s que vous gardez une position ouverte pendant la nuit.<\/li>\n<\/ul>\n<p>Les frais peuvent varier et nous recommandons d\u00e8s lors de toujours v\u00e9rifier les derni\u00e8res mises \u00e0 jour sur le site d&#8217;eToro.<br \/>\nUn autre risque souvent mentionn\u00e9 lorsqu&#8217;on parle de CFD est celui de perdre une somme sup\u00e9rieure au montant bloqu\u00e9 initialement. Il s\u2019agit en effet d\u2019une cons\u00e9quence possible de l\u2019effet de levier. Le potentiel de d\u00e9multiplication s&#8217;applique aussi bien pour les pertes que pour les gains. Cependant, un trader peut configurer un<a href=\"https:\/\/help.etoro.com\/s\/article\/what-is-stop-loss?language=fr\"> Stop Loss<\/a>, aussi appel\u00e9 stop garanti, afin de garder \u00e0 tout moment le contr\u00f4le sur ses pertes \u00e9ventuelles.<br \/>\nDans tous les cas, <b>la plateforme eToro ne permet pas \u00e0 votre compte de passer en n\u00e9gatif<\/b>. Si cela arrivait, vos trades seraient automatiquement cl\u00f4tur\u00e9s.<\/p>\n<h2><b>Avantages et inconv\u00e9nients des actions<\/b><\/h2>\n<p><b>Acheter des actions permet de se constituer un portefeuille dans une perspective \u00e0 plus long terme<\/b>. Il faudra bien \u00e9videmment prendre le temps de s\u00e9lectionner ses investissements en effectuant des recherches. Lorsqu\u2019un investisseur ach\u00e8te des actions, il mise sur la croissance de l\u2019entreprise et sa capacit\u00e9 \u00e0 augmenter ses profits. <b>Avant de vous d\u00e9cider, soyez s\u00fbr de comprendre l&#8217;activit\u00e9 de l\u2019entreprise<\/b> et en quoi elle se diff\u00e9rencie de ses concurrents.<\/p>\n<p>Les d\u00e9tenteurs d\u2019actions b\u00e9n\u00e9ficient des droits attribu\u00e9s l\u00e9galement ou statutairement aux actionnaires. Ils peuvent par exemple avoir le droit de vote durant l\u2019Assembl\u00e9e G\u00e9n\u00e9rale et b\u00e9n\u00e9ficier du <b>paiement des dividendes<\/b>. Conserver une action n\u2019engendre g\u00e9n\u00e9ralement pas ou peu de frais hormis les spreads \u00e0 l\u2019achat et la vente. Un autre avantage est le fait que <b>le risque se limite au montant initial investi<\/b>.<br \/>\nEn revanche, les investisseurs qui ach\u00e8tent des actions ne profitent pas de l&#8217;effet de levier. Il n&#8217;ont pas l&#8217;option de vendre \u00e0 d\u00e9couvert et ne gagnent donc que si le cours de l&#8217;action augmente.<\/p>\n<h2><b>Que choisir entre CFD et actions ?<\/b><\/h2>\n<p>En France, le r\u00e9gime fiscal applicable aux CFD est similaire \u00e0 celui des actions. Cependant, les abattements propres aux plus-values sur actions ne s\u2019appliquent pas aux CFD. En revanche, les CFD ne sont pas soumis \u00e0 la taxe sur les transactions financi\u00e8res. Les diff\u00e9rences se r\u00e9v\u00e8lent peu significatives et s\u00e9lectionner l\u2019un plut\u00f4t que l\u2019autre pour des raisons fiscales uniquement semble peu judicieux.<\/p>\n<p>En g\u00e9n\u00e9ral, un trader pr\u00e9f\u00e9rera un CFD pour des investissements \u00e0 court terme et ach\u00e8tera des actions dans le cadre d\u2019un investissement \u00e0 long terme.<\/p>\n<p>De plus, on recommande souvent aux traders d\u00e9butants de commencer en achetant des actions pour limiter leur risque. On peut aussi se familiariser avec les CFD et l\u2019effet de levier en utilisant un compte d\u00e9mo. Ces simulateurs permettent de s\u2019entra\u00eener avec des fonds virtuels. Les traders d\u00e9butants peuvent ainsi essayer diverses strat\u00e9gies afin de mieux appr\u00e9hender les march\u00e9s.<\/p>\n<p>Ces outils s\u2019av\u00e8rent aussi tr\u00e8s utiles pour les traders plus exp\u00e9riment\u00e9s qui souhaitent modifier leurs habitudes d\u2019investissement (par exemple, en r\u00e9alisant des trades plus fr\u00e9quents ou en augmentant l&#8217;effet de levier).<br \/>\nNous vous donnons ci-dessous quelques \u00e9l\u00e9ments pour choisir entre actions ou CFD. Bien entendu, les horizons de temps sont donn\u00e9s \u00e0 titre indicatif uniquement. Certains traders choisissent parfois de garder des CFD pour une p\u00e9riode tr\u00e8s longue. N\u00e9anmoins, cela engendre des frais importants et c\u2019est donc rarement la meilleure option sur le long terme.<\/p>\n<p><img loading=\"lazy\" decoding=\"async\" class=\"alignnone wp-image-288792 size-full\" src=\"https:\/\/www.etoro.com\/wp-content\/uploads\/2021\/11\/6-CFDs-vs-Stocks-Body-Image-2-1024x342-1.png\" alt=\"\" width=\"1024\" height=\"342\" srcset=\"https:\/\/www.etoro.com\/wp-content\/uploads\/2021\/11\/6-CFDs-vs-Stocks-Body-Image-2-1024x342-1.png 1024w, https:\/\/www.etoro.com\/wp-content\/uploads\/2021\/11\/6-CFDs-vs-Stocks-Body-Image-2-1024x342-1-300x100.png 300w, https:\/\/www.etoro.com\/wp-content\/uploads\/2021\/11\/6-CFDs-vs-Stocks-Body-Image-2-1024x342-1-768x257.png 768w\" sizes=\"(max-width: 1024px) 100vw, 1024px\" \/><\/p>\n<p>Un portefeuille de trading peut bien \u00e9videmment se composer \u00e0 la fois d\u2019actions et de CFD. Il n\u2019est pas rare qu\u2019un trader se lance parall\u00e8lement dans le stock trading et le CFD trading.<\/p>\n<p>De plus, les Contrats Pour la Diff\u00e9rence sont couramment utilis\u00e9s comme instruments de couverture pour des positions en actions. Un trader va miser sur la hausse du cours d\u2019une action mais va \u00e9galement prendre une position courte sur cette m\u00eame action gr\u00e2ce \u00e0 un CFD. Cette op\u00e9ration permet au trader de se prot\u00e9ger et de couvrir son risque.<\/p>\n<p><b>Chaque trader doit donc d\u00e9finir ce qui lui convient le mieux au cas par cas en fonction de sa strat\u00e9gie de trading<\/b>. N\u00e9anmoins, dans le cadre d\u2019une strat\u00e9gie dynamique avec des prises de position fr\u00e9quentes, les CFD se distingueront le plus souvent.<\/p>\n<h2><b>Comment faire la diff\u00e9rence entre CFD et actions sur eToro ?<\/b><\/h2>\n<p>Les interfaces propos\u00e9es par les plateformes de trading peuvent pr\u00eater \u00e0 confusion. Un trader pense parfois acheter des actions alors qu\u2019il ne d\u00e9tient en r\u00e9alit\u00e9 que des CFD.<\/p>\n<p>Chez eToro, la distinction entre l\u2019achat d\u2019une action et l\u2019achat d&#8217;un CFD est clairement visible au moment o\u00f9 vous ouvrez un trade.<\/p>\n<p>\u00c0 titre illustratif, voici un exemple pour<a href=\"https:\/\/www.etoro.com\/fr\/markets\/tsla\"> l\u2019achat d\u2019actions Tesla<\/a> sur la plateforme eToro :<\/p>\n<ol>\n<li><b>Achat d\u2019actions sans effet de levier<\/b><\/li>\n<\/ol>\n<p><img loading=\"lazy\" decoding=\"async\" class=\"aligncenter wp-image-190544\" src=\"https:\/\/www.etoro.com\/wp-content\/uploads\/2021\/02\/TSLA-no-leverage-931x1024.png\" alt=\"Achat d\u2019actions sans effet de levier\" width=\"700\" height=\"770\" srcset=\"https:\/\/www.etoro.com\/wp-content\/uploads\/2021\/02\/TSLA-no-leverage-931x1024.png 931w, https:\/\/www.etoro.com\/wp-content\/uploads\/2021\/02\/TSLA-no-leverage-273x300.png 273w, https:\/\/www.etoro.com\/wp-content\/uploads\/2021\/02\/TSLA-no-leverage-768x845.png 768w, https:\/\/www.etoro.com\/wp-content\/uploads\/2021\/02\/TSLA-no-leverage.png 1191w\" sizes=\"(max-width: 700px) 100vw, 700px\" \/><\/p>\n<p>La plateforme sp\u00e9cifie qu\u2019il s\u2019agit d\u2019un achat d\u2019actions et qu\u2019aucune commission ne s\u2019applique.<\/p>\n<ol>\n<li><b>Achat d\u2019un CFD avec un effet de levier X2<\/b><\/li>\n<\/ol>\n<p><img loading=\"lazy\" decoding=\"async\" class=\"aligncenter wp-image-190567\" src=\"https:\/\/www.etoro.com\/wp-content\/uploads\/2021\/02\/TSLA-leverage2-931x1024.png\" alt=\"Achat d\u2019un CFD avec un effet de levier X2\" width=\"700\" height=\"769\" \/><\/p>\n<p>Comme vous le constatez, l\u2019\u00e9cran indique clairement qu\u2019il s\u2019agit d\u2019un trade de CFD. De plus, les frais de rollover en semaine et durant le week-end sont directement mentionn\u00e9s afin d\u2019\u00e9viter toute confusion.<\/p>\n<p>Sur eToro, lorsque vous achetez des actions sans effet de levier (soit X1 sur l\u2019\u00e9cran), vous achetez automatiquement l\u2019actif sous-jacent, c&#8217;est-\u00e0-dire l\u2019action. Dans tous les autres cas, la plateforme propose des CFD.<\/p>\n<p>En d\u2019autres termes, <b>sur eToro vous achetez toujours des CFD hormis si vous prenez une position d\u2019achat sur des actions avec un effet de levier X1<\/b>.<\/p>\n<p><img loading=\"lazy\" decoding=\"async\" class=\"alignnone wp-image-288816 size-full\" src=\"https:\/\/www.etoro.com\/wp-content\/uploads\/2021\/11\/7-CFDs-vs-Stocks-Body-Image-3-1024x342-1.png\" alt=\"\" width=\"1024\" height=\"342\" srcset=\"https:\/\/www.etoro.com\/wp-content\/uploads\/2021\/11\/7-CFDs-vs-Stocks-Body-Image-3-1024x342-1.png 1024w, https:\/\/www.etoro.com\/wp-content\/uploads\/2021\/11\/7-CFDs-vs-Stocks-Body-Image-3-1024x342-1-300x100.png 300w, https:\/\/www.etoro.com\/wp-content\/uploads\/2021\/11\/7-CFDs-vs-Stocks-Body-Image-3-1024x342-1-768x257.png 768w\" sizes=\"(max-width: 1024px) 100vw, 1024px\" \/><\/p>\n<h2><b>\u00a0Conclusion<\/b><\/h2>\n<ul>\n<li>La diff\u00e9rence fondamentale entre actions et Contrats Pour la Diff\u00e9rence est que le premier repr\u00e9sente un <b>titre de propri\u00e9t\u00e9 <\/b>du capital d\u2019une soci\u00e9t\u00e9 alors que le deuxi\u00e8me est un <b>contrat entre un courtier et un trader.<\/b><\/li>\n<li><b>L\u2019achat d\u2019actions donne le statut d\u2019actionnaire et ouvre le droit aux dividendes<\/b>.<\/li>\n<li><b>Les CFD permettent d\u2019investir avec effet de levier et d\u2019ouvrir des positions de vente \u00e0 d\u00e9couvert<\/b>. Cette possibilit\u00e9 n\u2019existe pas lorsque l\u2019on ach\u00e8te des actions. Ce sont \u00e9galement d\u2019excellents instruments de couverture.<\/li>\n<li>Le choix entre <a href=\"https:\/\/www.etoro.com\/fr\/stocks\/trading-and-investing-in-stocks\/\">investir en actions<\/a> ou en CFD d\u00e9pend de plusieurs facteurs. L\u2019horizon de temps constitue un facteur pr\u00e9dominant.<\/li>\n<li>Il est possible de composer un portefeuille de trading en achetant \u00e0 la fois des actions et des CFD.<\/li>\n<li>Chez eToro, vous savez directement si vous achetez des actions ou des CFD au moment de conclure votre trade.<\/li>\n<\/ul>\n<p>N\u2019attendez plus pour d\u00e9couvrir la plateforme eToro et les diff\u00e9rents produits financiers que nous proposons.<\/p>\n<p><a class=\"waffle-rich-text-link\" href=\"https:\/\/www.etoro.com\/fr\/accounts\/sign-up\" target=\"_blank\" rel=\"noopener\">Comparez<\/a> les avantages et inconv\u00e9nients des actions et des CFD sur eToro<\/p>\n<hr \/>\n<p>Cette information est destin\u00e9e \u00e0 des fins \u00e9ducatives uniquement. Elle ne peut en aucun cas \u00eatre qualifi\u00e9e en tant que\u00a0conseil d&#8217;investissement, offre ou\u00a0invitation \u00e0 acheter ou vendre des instruments financiers.<\/p>\n<p>Ce contenu a \u00e9t\u00e9 r\u00e9dig\u00e9 sans tenir compte des objectifs d\u2019investissement particuliers ou de la situation financi\u00e8re personnelle de chacun. De plus, il ne peut \u00eatre consid\u00e9r\u00e9 comme conforme aux obligations l\u00e9gales et r\u00e9glementaires visant \u00e0 promouvoir la recherche priv\u00e9e ou ind\u00e9pendante. En outre, toute r\u00e9f\u00e9rence \u00e0 des rendements ou performances pass\u00e9es d\u2019un instrument financier, indice ou produit d\u2019investissement quelconque ne constitue pas\u00a0et ne peut sous aucun pr\u00e9texte \u00eatre assimil\u00e9e \u00e0 une indication concernant les\u00a0r\u00e9sultats futurs.<\/p>\n<p>eToro ne garantit aucunement l\u2019exhaustivit\u00e9 ou l&#8217;exactitude du contenu de ce guide et ne peut \u00eatre consid\u00e9r\u00e9 comme responsable en la mati\u00e8re. Il est de votre responsabilit\u00e9 de comprendre les risques li\u00e9s au trading et \u00e0 la sp\u00e9culation avant d\u2019engager votre capital. Ne risquez jamais plus que ce que vous \u00eates dispos\u00e9 \u00e0 perdre.<\/p>\n","protected":false},"excerpt":{"rendered":"<p>Lorsqu\u2019on s\u2019int\u00e9resse \u00e0 l\u2019univers du trading, on se retrouve rapidement confront\u00e9 \u00e0 un jargon sp\u00e9cifique. La plupart des plateformes de trading proposent de trader des actions ou d\u2019autres instruments financiers en utilisant des Contract For Difference (CFD). Qu\u2019entend-on par CFD ? Quelles sont les diff\u00e9rences entre CFD et actions ? Vaut-il mieux trader des actions&hellip;<\/p>\n","protected":false},"author":95,"featured_media":592288,"parent":10309,"menu_order":371,"comment_status":"closed","ping_status":"closed","template":"","meta":{"_acf_changed":false,"inline_featured_image":false,"sticky_cta_settings":"","footnotes":""},"asset_type":[],"class_list":["post-189061","page","type-page","status-publish","has-post-thumbnail","hentry"],"acf":[],"yoast_head":"<title>Strat\u00e9gie de trading : Actions vs CFD, dans quoi investir ?<\/title>\n<meta name=\"description\" content=\"Faut-il acheter des actions ou des CFD ? D\u00e9couvrez les avantages et inconv\u00e9nients ainsi que les diff\u00e9rences entre une action et un Contrat Pour la Diff\u00e9rence.\" \/>\n<meta name=\"robots\" content=\"index, follow, max-snippet:-1, max-image-preview:large, max-video-preview:-1\" \/>\n<link rel=\"canonical\" href=\"https:\/\/www.etoro.com\/fr\/wp-json\/wp\/v2\/pages\/189061\" \/>\n<meta property=\"og:locale\" content=\"fr_FR\" \/>\n<meta property=\"og:type\" content=\"article\" \/>\n<meta property=\"og:title\" content=\"Strat\u00e9gie de trading : Actions vs CFD, dans quoi investir ?\" \/>\n<meta property=\"og:description\" content=\"Faut-il acheter des actions ou des CFD ? D\u00e9couvrez les avantages et inconv\u00e9nients ainsi que les diff\u00e9rences entre une action et un Contrat Pour la Diff\u00e9rence.\" \/>\n<meta property=\"og:url\" content=\"https:\/\/www.etoro.com\/fr\/wp-json\/wp\/v2\/pages\/189061\" \/>\n<meta property=\"og:site_name\" content=\"eToro\" \/>\n<meta property=\"article:publisher\" content=\"https:\/\/www.facebook.com\/eToro\/\" \/>\n<meta property=\"article:modified_time\" content=\"2025-04-23T14:49:01+00:00\" \/>\n<meta property=\"og:image\" content=\"https:\/\/www.etoro.com\/wp-content\/uploads\/2023\/05\/Social-Guide-Trading.png\" \/>\n\t<meta property=\"og:image:width\" content=\"1200\" \/>\n\t<meta property=\"og:image:height\" content=\"630\" \/>\n\t<meta property=\"og:image:type\" content=\"image\/png\" \/>\n<meta name=\"twitter:card\" content=\"summary_large_image\" \/>\n<meta name=\"twitter:site\" content=\"@eToro\" \/>\n<meta name=\"twitter:label1\" content=\"Est. reading time\" \/>\n\t<meta name=\"twitter:data1\" content=\"9 minutes\" \/>\n<script type=\"application\/ld+json\" class=\"yoast-schema-graph\">{\"@context\":\"https:\/\/schema.org\",\"@graph\":[{\"@type\":\"WebPage\",\"@id\":\"https:\/\/www.etoro.com\/fr\/trading\/cfd\/cfd-vs-share-trading\/\",\"url\":\"https:\/\/www.etoro.com\/fr\/trading\/cfd\/cfd-vs-share-trading\/\",\"name\":\"Strat\u00e9gie de trading : Actions vs CFD, dans quoi investir ?\",\"isPartOf\":{\"@id\":\"https:\/\/www.etoro.com\/fr\/#website\"},\"primaryImageOfPage\":{\"@id\":\"https:\/\/www.etoro.com\/fr\/trading\/cfd\/cfd-vs-share-trading\/#primaryimage\"},\"image\":{\"@id\":\"https:\/\/www.etoro.com\/fr\/trading\/cfd\/cfd-vs-share-trading\/#primaryimage\"},\"thumbnailUrl\":\"https:\/\/www.etoro.com\/wp-content\/uploads\/2023\/05\/Social-Guide-Trading.png\",\"datePublished\":\"2021-02-02T09:13:22+00:00\",\"dateModified\":\"2025-04-23T14:49:01+00:00\",\"description\":\"Faut-il acheter des actions ou des CFD ? D\u00e9couvrez les avantages et inconv\u00e9nients ainsi que les diff\u00e9rences entre une action et un Contrat Pour la Diff\u00e9rence.\",\"breadcrumb\":{\"@id\":\"https:\/\/www.etoro.com\/fr\/trading\/cfd\/cfd-vs-share-trading\/#breadcrumb\"},\"inLanguage\":\"fr\",\"potentialAction\":[{\"@type\":\"ReadAction\",\"target\":[\"https:\/\/www.etoro.com\/fr\/trading\/cfd\/cfd-vs-share-trading\/\"]}]},{\"@type\":\"ImageObject\",\"inLanguage\":\"fr\",\"@id\":\"https:\/\/www.etoro.com\/fr\/trading\/cfd\/cfd-vs-share-trading\/#primaryimage\",\"url\":\"https:\/\/www.etoro.com\/wp-content\/uploads\/2023\/05\/Social-Guide-Trading.png\",\"contentUrl\":\"https:\/\/www.etoro.com\/wp-content\/uploads\/2023\/05\/Social-Guide-Trading.png\",\"width\":1200,\"height\":630,\"caption\":\"Social Guide\"},{\"@type\":\"BreadcrumbList\",\"@id\":\"https:\/\/www.etoro.com\/fr\/trading\/cfd\/cfd-vs-share-trading\/#breadcrumb\",\"itemListElement\":[{\"@type\":\"ListItem\",\"position\":1,\"name\":\"Accueil\",\"item\":\"https:\/\/www.etoro.com\/fr\/\"},{\"@type\":\"ListItem\",\"position\":2,\"name\":\"TRADING\",\"item\":\"https:\/\/www.etoro.com\/fr\/trading\/\"},{\"@type\":\"ListItem\",\"position\":3,\"name\":\"CFD Trading\",\"item\":\"https:\/\/www.etoro.com\/fr\/trading\/cfd\/\"},{\"@type\":\"ListItem\",\"position\":4,\"name\":\"Faut-il trader des actions ou des CFD ?\"}]},{\"@type\":\"WebSite\",\"@id\":\"https:\/\/www.etoro.com\/fr\/#website\",\"url\":\"https:\/\/www.etoro.com\/fr\/\",\"name\":\"eToro\",\"description\":\"\",\"publisher\":{\"@id\":\"https:\/\/www.etoro.com\/fr\/#organization\"},\"potentialAction\":[{\"@type\":\"SearchAction\",\"target\":{\"@type\":\"EntryPoint\",\"urlTemplate\":\"https:\/\/www.etoro.com\/fr\/?s={search_term_string}\"},\"query-input\":{\"@type\":\"PropertyValueSpecification\",\"valueRequired\":true,\"valueName\":\"search_term_string\"}}],\"inLanguage\":\"fr\"},[]]}<\/script>","yoast_head_json":{"title":"Strat\u00e9gie de trading : Actions vs CFD, dans quoi investir ?","description":"Faut-il acheter des actions ou des CFD ? D\u00e9couvrez les avantages et inconv\u00e9nients ainsi que les diff\u00e9rences entre une action et un Contrat Pour la Diff\u00e9rence.","robots":{"index":"index","follow":"follow","max-snippet":"max-snippet:-1","max-image-preview":"max-image-preview:large","max-video-preview":"max-video-preview:-1"},"canonical":"https:\/\/www.etoro.com\/fr\/wp-json\/wp\/v2\/pages\/189061","og_locale":"fr_FR","og_type":"article","og_title":"Strat\u00e9gie de trading : Actions vs CFD, dans quoi investir ?","og_description":"Faut-il acheter des actions ou des CFD ? D\u00e9couvrez les avantages et inconv\u00e9nients ainsi que les diff\u00e9rences entre une action et un Contrat Pour la Diff\u00e9rence.","og_url":"https:\/\/www.etoro.com\/fr\/wp-json\/wp\/v2\/pages\/189061","og_site_name":"eToro","article_publisher":"https:\/\/www.facebook.com\/eToro\/","article_modified_time":"2025-04-23T14:49:01+00:00","og_image":[{"width":1200,"height":630,"url":"https:\/\/www.etoro.com\/wp-content\/uploads\/2023\/05\/Social-Guide-Trading.png","type":"image\/png"}],"twitter_card":"summary_large_image","twitter_site":"@eToro","twitter_misc":{"Est. reading time":"9 minutes"},"schema":{"@context":"https:\/\/schema.org","@graph":[{"@type":"WebPage","@id":"https:\/\/www.etoro.com\/fr\/trading\/cfd\/cfd-vs-share-trading\/","url":"https:\/\/www.etoro.com\/fr\/trading\/cfd\/cfd-vs-share-trading\/","name":"Strat\u00e9gie de trading : Actions vs CFD, dans quoi investir ?","isPartOf":{"@id":"https:\/\/www.etoro.com\/fr\/#website"},"primaryImageOfPage":{"@id":"https:\/\/www.etoro.com\/fr\/trading\/cfd\/cfd-vs-share-trading\/#primaryimage"},"image":{"@id":"https:\/\/www.etoro.com\/fr\/trading\/cfd\/cfd-vs-share-trading\/#primaryimage"},"thumbnailUrl":"https:\/\/www.etoro.com\/wp-content\/uploads\/2023\/05\/Social-Guide-Trading.png","datePublished":"2021-02-02T09:13:22+00:00","dateModified":"2025-04-23T14:49:01+00:00","description":"Faut-il acheter des actions ou des CFD ? D\u00e9couvrez les avantages et inconv\u00e9nients ainsi que les diff\u00e9rences entre une action et un Contrat Pour la Diff\u00e9rence.","breadcrumb":{"@id":"https:\/\/www.etoro.com\/fr\/trading\/cfd\/cfd-vs-share-trading\/#breadcrumb"},"inLanguage":"fr","potentialAction":[{"@type":"ReadAction","target":["https:\/\/www.etoro.com\/fr\/trading\/cfd\/cfd-vs-share-trading\/"]}]},{"@type":"ImageObject","inLanguage":"fr","@id":"https:\/\/www.etoro.com\/fr\/trading\/cfd\/cfd-vs-share-trading\/#primaryimage","url":"https:\/\/www.etoro.com\/wp-content\/uploads\/2023\/05\/Social-Guide-Trading.png","contentUrl":"https:\/\/www.etoro.com\/wp-content\/uploads\/2023\/05\/Social-Guide-Trading.png","width":1200,"height":630,"caption":"Social Guide"},{"@type":"BreadcrumbList","@id":"https:\/\/www.etoro.com\/fr\/trading\/cfd\/cfd-vs-share-trading\/#breadcrumb","itemListElement":[{"@type":"ListItem","position":1,"name":"Accueil","item":"https:\/\/www.etoro.com\/fr\/"},{"@type":"ListItem","position":2,"name":"TRADING","item":"https:\/\/www.etoro.com\/fr\/trading\/"},{"@type":"ListItem","position":3,"name":"CFD Trading","item":"https:\/\/www.etoro.com\/fr\/trading\/cfd\/"},{"@type":"ListItem","position":4,"name":"Faut-il trader des actions ou des CFD ?"}]},{"@type":"WebSite","@id":"https:\/\/www.etoro.com\/fr\/#website","url":"https:\/\/www.etoro.com\/fr\/","name":"eToro","description":"","publisher":{"@id":"https:\/\/www.etoro.com\/fr\/#organization"},"potentialAction":[{"@type":"SearchAction","target":{"@type":"EntryPoint","urlTemplate":"https:\/\/www.etoro.com\/fr\/?s={search_term_string}"},"query-input":{"@type":"PropertyValueSpecification","valueRequired":true,"valueName":"search_term_string"}}],"inLanguage":"fr"},[]]}},"_links":{"self":[{"href":"https:\/\/www.etoro.com\/fr\/wp-json\/wp\/v2\/pages\/189061"}],"collection":[{"href":"https:\/\/www.etoro.com\/fr\/wp-json\/wp\/v2\/pages"}],"about":[{"href":"https:\/\/www.etoro.com\/fr\/wp-json\/wp\/v2\/types\/page"}],"author":[{"embeddable":true,"href":"https:\/\/www.etoro.com\/fr\/wp-json\/wp\/v2\/users\/95"}],"replies":[{"embeddable":true,"href":"https:\/\/www.etoro.com\/fr\/wp-json\/wp\/v2\/comments?post=189061"}],"version-history":[{"count":0,"href":"https:\/\/www.etoro.com\/fr\/wp-json\/wp\/v2\/pages\/189061\/revisions"}],"up":[{"embeddable":true,"href":"https:\/\/www.etoro.com\/fr\/wp-json\/wp\/v2\/pages\/10309"}],"wp:featuredmedia":[{"embeddable":true,"href":"https:\/\/www.etoro.com\/fr\/wp-json\/wp\/v2\/media\/592288"}],"wp:attachment":[{"href":"https:\/\/www.etoro.com\/fr\/wp-json\/wp\/v2\/media?parent=189061"}],"wp:term":[{"taxonomy":"asset_type","embeddable":true,"href":"https:\/\/www.etoro.com\/fr\/wp-json\/wp\/v2\/asset_type?post=189061"}],"curies":[{"name":"wp","href":"https:\/\/api.w.org\/{rel}","templated":true}]}}